
{"id":5623,"date":"2022-01-17T14:44:56","date_gmt":"2022-01-17T13:44:57","guid":{"rendered":"https:\/\/oud.alplift.com\/?post_type=product&#038;p=5623"},"modified":"2022-02-11T14:55:45","modified_gmt":"2022-02-11T13:55:45","slug":"podnosnik-pajak-tr18gt","status":"publish","type":"product","link":"https:\/\/oud.alplift.com\/pl\/produkt\/podnosnik-pajak-tr18gt\/","title":{"rendered":"Podno\u015bnik paj\u0105k TR18GT"},"content":{"rendered":"","protected":false},"excerpt":{"rendered":"<p>Podno\u015bnik paj\u0105k TR18GT EuropeLift ma wysoko\u015b\u0107 robocz\u0105 18,6 metra i wysi\u0119g boczny 10,50 metra przy obci\u0105\u017ceniu klatki 220 kg. To sprawia, \u017ce \u200b\u200bta zwrotna platforma paj\u0105ka mo\u017ce by\u0107 wielokrotnie rozk\u0142adana. Dzi\u0119ki regulowanemu podwoziu ten podno\u015bnik paj\u0105kowy o minimalnej szeroko\u015bci 0,78 metra mie\u015bci si\u0119 w prawie wszystkich drzwiach i bramach. W standardowym wyposa\u017ceniu znajduje si\u0119 obrotowa i ruchoma klatka, co u\u0142atwia dotarcie do trudno dost\u0119pnych miejsc.<\/p>\n<p><strong>Dane techniczne:<\/strong><\/p>\n<ul>\n<li>Wysoko\u015b\u0107 robocza: 18 m<\/li>\n<li>Wysoko\u015b\u0107 platformy: 16 m<\/li>\n<li>Zasi\u0119g poziomy: 10,5 m<\/li>\n<li>max. obci\u0105\u017cenie w klatce: 220 kg.<\/li>\n<li>Promie\u0144 skr\u0119tu: 355\u00b0<\/li>\n<li>Wymiary klatki: 1,2 x 0,8 x 1,1<\/li>\n<li>Zakres obrotu klatki\/JIB: 2x 70\u00b0<\/li>\n<li>D\u0142ugo\u015b\u0107 ca\u0142kowita (bez klatki): 5,18 m (4,22 m)<\/li>\n<li>Wysoko\u015b\u0107: 1,99 m\u00b2<\/li>\n<li>Szeroko\u015b\u0107: 0,78 m\u00b2<\/li>\n<li>Masa w\u0142asna Hondy: 1850 kg<\/li>\n<li>Masa w\u0142asna Kubota: 2450 kg<\/li>\n<li>Szeroko\u015b\u0107 stemplowana: 3,0 m<\/li>\n<li>Pokonywanie stopni: 18\u00b0 (32,5%)<\/li>\n<li>Pr\u0119dko\u015b\u0107: 1,6 km\/h<\/li>\n<\/ul>\n","protected":false},"featured_media":2825,"comment_status":"closed","ping_status":"closed","template":"","meta":[],"product_cat":[176,156],"product_tag":[],"class_list":{"0":"post-5623","1":"product","2":"type-product","3":"status-publish","4":"has-post-thumbnail","6":"product_cat-podnosnik-pajak","7":"product_cat-podnosniki-koszowe","8":"pa_merk-europelift-pl","10":"first","11":"instock","12":"shipping-taxable","13":"product-type-simple"},"yoast_head":"<!-- This site is optimized with the Yoast SEO plugin v24.0 - https:\/\/yoast.com\/wordpress\/plugins\/seo\/ -->\n<title>Podno\u015bnik paj\u0105k TR18GT - EuropeLift | Alp Lift Polska<\/title>\n<meta name=\"description\" content=\"Podno\u015bnik paj\u0105k TR18GT firmy EuropeLift jest niezwykle kompaktowy i wszechstronny. Popro\u015b o wycen\u0119 online w Alp Lift.\" \/>\n<meta name=\"robots\" content=\"noindex, follow, max-snippet:-1, max-image-preview:large, max-video-preview:-1\" \/>\n<meta property=\"og:locale\" content=\"pl_PL\" \/>\n<meta property=\"og:type\" content=\"article\" \/>\n<meta property=\"og:title\" content=\"Podno\u015bnik paj\u0105k TR18GT - EuropeLift | Alp Lift Polska\" \/>\n<meta property=\"og:description\" content=\"Podno\u015bnik paj\u0105k TR18GT firmy EuropeLift jest niezwykle kompaktowy i wszechstronny. Popro\u015b o wycen\u0119 online w Alp Lift.\" \/>\n<meta property=\"og:url\" content=\"https:\/\/oud.alplift.com\/pl\/produkt\/podnosnik-pajak-tr18gt\/\" \/>\n<meta property=\"og:site_name\" content=\"Alp Lift\" \/>\n<meta property=\"article:modified_time\" content=\"2022-02-11T13:55:45+00:00\" \/>\n<meta property=\"og:image\" content=\"https:\/\/oud.alplift.com\/wp-content\/uploads\/2021\/01\/Europelift-TR15G.jpg\" \/>\n\t<meta property=\"og:image:width\" content=\"397\" \/>\n\t<meta property=\"og:image:height\" content=\"600\" \/>\n\t<meta property=\"og:image:type\" content=\"image\/jpeg\" \/>\n<meta name=\"twitter:card\" content=\"summary_large_image\" \/>\n<script type=\"application\/ld+json\" class=\"yoast-schema-graph\">{\"@context\":\"https:\/\/schema.org\",\"@graph\":[{\"@type\":\"WebPage\",\"@id\":\"https:\/\/oud.alplift.com\/pl\/produkt\/podnosnik-pajak-tr18gt\/\",\"url\":\"https:\/\/oud.alplift.com\/pl\/produkt\/podnosnik-pajak-tr18gt\/\",\"name\":\"Podno\u015bnik paj\u0105k TR18GT - EuropeLift | Alp Lift Polska\",\"isPartOf\":{\"@id\":\"https:\/\/oud.alplift.com\/pl\/#website\"},\"primaryImageOfPage\":{\"@id\":\"https:\/\/oud.alplift.com\/pl\/produkt\/podnosnik-pajak-tr18gt\/#primaryimage\"},\"image\":{\"@id\":\"https:\/\/oud.alplift.com\/pl\/produkt\/podnosnik-pajak-tr18gt\/#primaryimage\"},\"thumbnailUrl\":\"https:\/\/oud.alplift.com\/wp-content\/uploads\/2021\/01\/Europelift-TR15G.jpg\",\"datePublished\":\"2022-01-17T13:44:57+00:00\",\"dateModified\":\"2022-02-11T13:55:45+00:00\",\"description\":\"Podno\u015bnik paj\u0105k TR18GT firmy EuropeLift jest niezwykle kompaktowy i wszechstronny. Popro\u015b o wycen\u0119 online w Alp Lift.\",\"breadcrumb\":{\"@id\":\"https:\/\/oud.alplift.com\/pl\/produkt\/podnosnik-pajak-tr18gt\/#breadcrumb\"},\"inLanguage\":\"pl-PL\",\"potentialAction\":[{\"@type\":\"ReadAction\",\"target\":[\"https:\/\/oud.alplift.com\/pl\/produkt\/podnosnik-pajak-tr18gt\/\"]}]},{\"@type\":\"ImageObject\",\"inLanguage\":\"pl-PL\",\"@id\":\"https:\/\/oud.alplift.com\/pl\/produkt\/podnosnik-pajak-tr18gt\/#primaryimage\",\"url\":\"https:\/\/oud.alplift.com\/wp-content\/uploads\/2021\/01\/Europelift-TR15G.jpg\",\"contentUrl\":\"https:\/\/oud.alplift.com\/wp-content\/uploads\/2021\/01\/Europelift-TR15G.jpg\",\"width\":397,\"height\":600},{\"@type\":\"BreadcrumbList\",\"@id\":\"https:\/\/oud.alplift.com\/pl\/produkt\/podnosnik-pajak-tr18gt\/#breadcrumb\",\"itemListElement\":[{\"@type\":\"ListItem\",\"position\":1,\"name\":\"Home\",\"item\":\"https:\/\/oud.alplift.com\/pl\/\"},{\"@type\":\"ListItem\",\"position\":2,\"name\":\"Winkel\",\"item\":\"https:\/\/oud.alplift.com\/winkel\/\"},{\"@type\":\"ListItem\",\"position\":3,\"name\":\"Podno\u015bnik paj\u0105k TR18GT\"}]},{\"@type\":\"WebSite\",\"@id\":\"https:\/\/oud.alplift.com\/pl\/#website\",\"url\":\"https:\/\/oud.alplift.com\/pl\/\",\"name\":\"Alp Lift\",\"description\":\"Lifting Equipment\",\"potentialAction\":[{\"@type\":\"SearchAction\",\"target\":{\"@type\":\"EntryPoint\",\"urlTemplate\":\"https:\/\/oud.alplift.com\/pl\/?s={search_term_string}\"},\"query-input\":{\"@type\":\"PropertyValueSpecification\",\"valueRequired\":true,\"valueName\":\"search_term_string\"}}],\"inLanguage\":\"pl-PL\"}]}<\/script>\n<!-- \/ Yoast SEO plugin. -->","yoast_head_json":{"title":"Podno\u015bnik paj\u0105k TR18GT - EuropeLift | Alp Lift Polska","description":"Podno\u015bnik paj\u0105k TR18GT firmy EuropeLift jest niezwykle kompaktowy i wszechstronny. Popro\u015b o wycen\u0119 online w Alp Lift.","robots":{"index":"noindex","follow":"follow","max-snippet":"max-snippet:-1","max-image-preview":"max-image-preview:large","max-video-preview":"max-video-preview:-1"},"og_locale":"pl_PL","og_type":"article","og_title":"Podno\u015bnik paj\u0105k TR18GT - EuropeLift | Alp Lift Polska","og_description":"Podno\u015bnik paj\u0105k TR18GT firmy EuropeLift jest niezwykle kompaktowy i wszechstronny. Popro\u015b o wycen\u0119 online w Alp Lift.","og_url":"https:\/\/oud.alplift.com\/pl\/produkt\/podnosnik-pajak-tr18gt\/","og_site_name":"Alp Lift","article_modified_time":"2022-02-11T13:55:45+00:00","og_image":[{"width":397,"height":600,"url":"https:\/\/oud.alplift.com\/wp-content\/uploads\/2021\/01\/Europelift-TR15G.jpg","type":"image\/jpeg"}],"twitter_card":"summary_large_image","schema":{"@context":"https:\/\/schema.org","@graph":[{"@type":"WebPage","@id":"https:\/\/oud.alplift.com\/pl\/produkt\/podnosnik-pajak-tr18gt\/","url":"https:\/\/oud.alplift.com\/pl\/produkt\/podnosnik-pajak-tr18gt\/","name":"Podno\u015bnik paj\u0105k TR18GT - EuropeLift | Alp Lift Polska","isPartOf":{"@id":"https:\/\/oud.alplift.com\/pl\/#website"},"primaryImageOfPage":{"@id":"https:\/\/oud.alplift.com\/pl\/produkt\/podnosnik-pajak-tr18gt\/#primaryimage"},"image":{"@id":"https:\/\/oud.alplift.com\/pl\/produkt\/podnosnik-pajak-tr18gt\/#primaryimage"},"thumbnailUrl":"https:\/\/oud.alplift.com\/wp-content\/uploads\/2021\/01\/Europelift-TR15G.jpg","datePublished":"2022-01-17T13:44:57+00:00","dateModified":"2022-02-11T13:55:45+00:00","description":"Podno\u015bnik paj\u0105k TR18GT firmy EuropeLift jest niezwykle kompaktowy i wszechstronny. Popro\u015b o wycen\u0119 online w Alp Lift.","breadcrumb":{"@id":"https:\/\/oud.alplift.com\/pl\/produkt\/podnosnik-pajak-tr18gt\/#breadcrumb"},"inLanguage":"pl-PL","potentialAction":[{"@type":"ReadAction","target":["https:\/\/oud.alplift.com\/pl\/produkt\/podnosnik-pajak-tr18gt\/"]}]},{"@type":"ImageObject","inLanguage":"pl-PL","@id":"https:\/\/oud.alplift.com\/pl\/produkt\/podnosnik-pajak-tr18gt\/#primaryimage","url":"https:\/\/oud.alplift.com\/wp-content\/uploads\/2021\/01\/Europelift-TR15G.jpg","contentUrl":"https:\/\/oud.alplift.com\/wp-content\/uploads\/2021\/01\/Europelift-TR15G.jpg","width":397,"height":600},{"@type":"BreadcrumbList","@id":"https:\/\/oud.alplift.com\/pl\/produkt\/podnosnik-pajak-tr18gt\/#breadcrumb","itemListElement":[{"@type":"ListItem","position":1,"name":"Home","item":"https:\/\/oud.alplift.com\/pl\/"},{"@type":"ListItem","position":2,"name":"Winkel","item":"https:\/\/oud.alplift.com\/winkel\/"},{"@type":"ListItem","position":3,"name":"Podno\u015bnik paj\u0105k TR18GT"}]},{"@type":"WebSite","@id":"https:\/\/oud.alplift.com\/pl\/#website","url":"https:\/\/oud.alplift.com\/pl\/","name":"Alp Lift","description":"Lifting Equipment","potentialAction":[{"@type":"SearchAction","target":{"@type":"EntryPoint","urlTemplate":"https:\/\/oud.alplift.com\/pl\/?s={search_term_string}"},"query-input":{"@type":"PropertyValueSpecification","valueRequired":true,"valueName":"search_term_string"}}],"inLanguage":"pl-PL"}]}},"_links":{"self":[{"href":"https:\/\/oud.alplift.com\/pl\/wp-json\/wp\/v2\/product\/5623","targetHints":{"allow":["GET"]}}],"collection":[{"href":"https:\/\/oud.alplift.com\/pl\/wp-json\/wp\/v2\/product"}],"about":[{"href":"https:\/\/oud.alplift.com\/pl\/wp-json\/wp\/v2\/types\/product"}],"replies":[{"embeddable":true,"href":"https:\/\/oud.alplift.com\/pl\/wp-json\/wp\/v2\/comments?post=5623"}],"wp:featuredmedia":[{"embeddable":true,"href":"https:\/\/oud.alplift.com\/pl\/wp-json\/wp\/v2\/media\/2825"}],"wp:attachment":[{"href":"https:\/\/oud.alplift.com\/pl\/wp-json\/wp\/v2\/media?parent=5623"}],"wp:term":[{"taxonomy":"product_cat","embeddable":true,"href":"https:\/\/oud.alplift.com\/pl\/wp-json\/wp\/v2\/product_cat?post=5623"},{"taxonomy":"product_tag","embeddable":true,"href":"https:\/\/oud.alplift.com\/pl\/wp-json\/wp\/v2\/product_tag?post=5623"}],"curies":[{"name":"wp","href":"https:\/\/api.w.org\/{rel}","templated":true}]}}