
{"id":5301,"date":"2016-09-10T10:35:10","date_gmt":"2016-09-10T08:35:10","guid":{"rendered":"https:\/\/oud.alplift.com\/product\/podnosnik-teleskopowy-gtbz32s-dingli\/"},"modified":"2021-11-25T12:51:15","modified_gmt":"2021-11-25T11:51:15","slug":"podnosnik-teleskopowy-gtbz32s-dingli","status":"publish","type":"product","link":"https:\/\/oud.alplift.com\/pl\/produkt\/podnosnik-teleskopowy-gtbz32s-dingli\/","title":{"rendered":"Podno\u015bnik teleskopowy GTBZ32S &#8211; Dingli"},"content":{"rendered":"","protected":false},"excerpt":{"rendered":"<p>Podno\u015bnik teleskopowy GTBZ32S firmy Dingli to podno\u015bnik z nap\u0119dem na cztery ko\u0142a i kierowany na cztery ko\u0142a, kt\u00f3ry zapewnia najwy\u017csz\u0105 wydajno\u015b\u0107 i doskona\u0142\u0105 mobilno\u015b\u0107. Dzi\u0119ki mo\u017cliwo\u015bci pokonywania wzniesie\u0144 do 40 procent i du\u017cemu zasi\u0119gowi pracy wynosz\u0105cemu 32 metry, jest to wysokiej jako\u015bci i solidna maszyna do pracy na du\u017cych wysoko\u015bciach i w trudnym terenie.<\/p>\n<p>Dane techniczne:<\/p>\n<p>Pojemno\u015b\u0107: 450 kg<br \/>\nWysoko\u015b\u0107 robocza: 32 metry<br \/>\nZasi\u0119g poziomy: 21 metr\u00f3w<br \/>\nWysoko\u015b\u0107 platformy: 30 metr\u00f3w<br \/>\nRozmiar platformy: 2,40 \u00d7 0,90 metra<br \/>\nObr\u00f3t platformy: +\/- 90\u00b0<br \/>\nD\u0142ugo\u015b\u0107: 13,34 metra<br \/>\nWysoko\u015b\u0107: 3,05 metra<br \/>\nSzeroko\u015b\u0107: 2,50 metra<br \/>\nWaga: 18 000 kg <\/p>\n","protected":false},"featured_media":2495,"comment_status":"closed","ping_status":"closed","template":"","meta":[],"product_cat":[156,180],"product_tag":[],"class_list":{"0":"post-5301","1":"product","2":"type-product","3":"status-publish","4":"has-post-thumbnail","6":"product_cat-podnosniki-koszowe","7":"product_cat-podnosniki-teleskopowy","8":"pa_merk-dingli-pl","10":"first","11":"instock","12":"shipping-taxable","13":"product-type-simple"},"yoast_head":"<!-- This site is optimized with the Yoast SEO plugin v24.0 - https:\/\/yoast.com\/wordpress\/plugins\/seo\/ -->\n<title>Podno\u015bnik teleskopowy GTBZ32S - Dingli | Alp Lift Polska<\/title>\n<meta name=\"description\" content=\"Podno\u015bnik teleskopowy GTBZ32S firmy Dingli o maksymalnej wysoko\u015bci roboczej 32 metr\u00f3w. Na sprzeda\u017c w Alp Lift. Popro\u015b o wycen\u0119 online.\" \/>\n<meta name=\"robots\" content=\"noindex, follow, max-snippet:-1, max-image-preview:large, max-video-preview:-1\" \/>\n<meta property=\"og:locale\" content=\"pl_PL\" \/>\n<meta property=\"og:type\" content=\"article\" \/>\n<meta property=\"og:title\" content=\"Podno\u015bnik teleskopowy GTBZ32S - Dingli | Alp Lift Polska\" \/>\n<meta property=\"og:description\" content=\"Podno\u015bnik teleskopowy GTBZ32S firmy Dingli o maksymalnej wysoko\u015bci roboczej 32 metr\u00f3w. Na sprzeda\u017c w Alp Lift. Popro\u015b o wycen\u0119 online.\" \/>\n<meta property=\"og:url\" content=\"https:\/\/oud.alplift.com\/pl\/produkt\/podnosnik-teleskopowy-gtbz32s-dingli\/\" \/>\n<meta property=\"og:site_name\" content=\"Alp Lift\" \/>\n<meta property=\"article:modified_time\" content=\"2021-11-25T11:51:15+00:00\" \/>\n<meta property=\"og:image\" content=\"https:\/\/oud.alplift.com\/wp-content\/uploads\/2021\/01\/Telescoophoogwerker-GTBZ32S-Dingli.png\" \/>\n\t<meta property=\"og:image:width\" content=\"500\" \/>\n\t<meta property=\"og:image:height\" content=\"500\" \/>\n\t<meta property=\"og:image:type\" content=\"image\/png\" \/>\n<meta name=\"twitter:card\" content=\"summary_large_image\" \/>\n<script type=\"application\/ld+json\" class=\"yoast-schema-graph\">{\"@context\":\"https:\/\/schema.org\",\"@graph\":[{\"@type\":\"WebPage\",\"@id\":\"https:\/\/oud.alplift.com\/pl\/produkt\/podnosnik-teleskopowy-gtbz32s-dingli\/\",\"url\":\"https:\/\/oud.alplift.com\/pl\/produkt\/podnosnik-teleskopowy-gtbz32s-dingli\/\",\"name\":\"Podno\u015bnik teleskopowy GTBZ32S - Dingli | Alp Lift Polska\",\"isPartOf\":{\"@id\":\"https:\/\/oud.alplift.com\/pl\/#website\"},\"primaryImageOfPage\":{\"@id\":\"https:\/\/oud.alplift.com\/pl\/produkt\/podnosnik-teleskopowy-gtbz32s-dingli\/#primaryimage\"},\"image\":{\"@id\":\"https:\/\/oud.alplift.com\/pl\/produkt\/podnosnik-teleskopowy-gtbz32s-dingli\/#primaryimage\"},\"thumbnailUrl\":\"https:\/\/oud.alplift.com\/wp-content\/uploads\/2021\/01\/Telescoophoogwerker-GTBZ32S-Dingli.png\",\"datePublished\":\"2016-09-10T08:35:10+00:00\",\"dateModified\":\"2021-11-25T11:51:15+00:00\",\"description\":\"Podno\u015bnik teleskopowy GTBZ32S firmy Dingli o maksymalnej wysoko\u015bci roboczej 32 metr\u00f3w. Na sprzeda\u017c w Alp Lift. Popro\u015b o wycen\u0119 online.\",\"breadcrumb\":{\"@id\":\"https:\/\/oud.alplift.com\/pl\/produkt\/podnosnik-teleskopowy-gtbz32s-dingli\/#breadcrumb\"},\"inLanguage\":\"pl-PL\",\"potentialAction\":[{\"@type\":\"ReadAction\",\"target\":[\"https:\/\/oud.alplift.com\/pl\/produkt\/podnosnik-teleskopowy-gtbz32s-dingli\/\"]}]},{\"@type\":\"ImageObject\",\"inLanguage\":\"pl-PL\",\"@id\":\"https:\/\/oud.alplift.com\/pl\/produkt\/podnosnik-teleskopowy-gtbz32s-dingli\/#primaryimage\",\"url\":\"https:\/\/oud.alplift.com\/wp-content\/uploads\/2021\/01\/Telescoophoogwerker-GTBZ32S-Dingli.png\",\"contentUrl\":\"https:\/\/oud.alplift.com\/wp-content\/uploads\/2021\/01\/Telescoophoogwerker-GTBZ32S-Dingli.png\",\"width\":500,\"height\":500},{\"@type\":\"BreadcrumbList\",\"@id\":\"https:\/\/oud.alplift.com\/pl\/produkt\/podnosnik-teleskopowy-gtbz32s-dingli\/#breadcrumb\",\"itemListElement\":[{\"@type\":\"ListItem\",\"position\":1,\"name\":\"Home\",\"item\":\"https:\/\/oud.alplift.com\/pl\/\"},{\"@type\":\"ListItem\",\"position\":2,\"name\":\"Winkel\",\"item\":\"https:\/\/oud.alplift.com\/winkel\/\"},{\"@type\":\"ListItem\",\"position\":3,\"name\":\"Podno\u015bnik teleskopowy GTBZ32S &#8211; Dingli\"}]},{\"@type\":\"WebSite\",\"@id\":\"https:\/\/oud.alplift.com\/pl\/#website\",\"url\":\"https:\/\/oud.alplift.com\/pl\/\",\"name\":\"Alp Lift\",\"description\":\"Lifting Equipment\",\"potentialAction\":[{\"@type\":\"SearchAction\",\"target\":{\"@type\":\"EntryPoint\",\"urlTemplate\":\"https:\/\/oud.alplift.com\/pl\/?s={search_term_string}\"},\"query-input\":{\"@type\":\"PropertyValueSpecification\",\"valueRequired\":true,\"valueName\":\"search_term_string\"}}],\"inLanguage\":\"pl-PL\"}]}<\/script>\n<!-- \/ Yoast SEO plugin. -->","yoast_head_json":{"title":"Podno\u015bnik teleskopowy GTBZ32S - Dingli | Alp Lift Polska","description":"Podno\u015bnik teleskopowy GTBZ32S firmy Dingli o maksymalnej wysoko\u015bci roboczej 32 metr\u00f3w. Na sprzeda\u017c w Alp Lift. Popro\u015b o wycen\u0119 online.","robots":{"index":"noindex","follow":"follow","max-snippet":"max-snippet:-1","max-image-preview":"max-image-preview:large","max-video-preview":"max-video-preview:-1"},"og_locale":"pl_PL","og_type":"article","og_title":"Podno\u015bnik teleskopowy GTBZ32S - Dingli | Alp Lift Polska","og_description":"Podno\u015bnik teleskopowy GTBZ32S firmy Dingli o maksymalnej wysoko\u015bci roboczej 32 metr\u00f3w. Na sprzeda\u017c w Alp Lift. Popro\u015b o wycen\u0119 online.","og_url":"https:\/\/oud.alplift.com\/pl\/produkt\/podnosnik-teleskopowy-gtbz32s-dingli\/","og_site_name":"Alp Lift","article_modified_time":"2021-11-25T11:51:15+00:00","og_image":[{"width":500,"height":500,"url":"https:\/\/oud.alplift.com\/wp-content\/uploads\/2021\/01\/Telescoophoogwerker-GTBZ32S-Dingli.png","type":"image\/png"}],"twitter_card":"summary_large_image","schema":{"@context":"https:\/\/schema.org","@graph":[{"@type":"WebPage","@id":"https:\/\/oud.alplift.com\/pl\/produkt\/podnosnik-teleskopowy-gtbz32s-dingli\/","url":"https:\/\/oud.alplift.com\/pl\/produkt\/podnosnik-teleskopowy-gtbz32s-dingli\/","name":"Podno\u015bnik teleskopowy GTBZ32S - Dingli | Alp Lift Polska","isPartOf":{"@id":"https:\/\/oud.alplift.com\/pl\/#website"},"primaryImageOfPage":{"@id":"https:\/\/oud.alplift.com\/pl\/produkt\/podnosnik-teleskopowy-gtbz32s-dingli\/#primaryimage"},"image":{"@id":"https:\/\/oud.alplift.com\/pl\/produkt\/podnosnik-teleskopowy-gtbz32s-dingli\/#primaryimage"},"thumbnailUrl":"https:\/\/oud.alplift.com\/wp-content\/uploads\/2021\/01\/Telescoophoogwerker-GTBZ32S-Dingli.png","datePublished":"2016-09-10T08:35:10+00:00","dateModified":"2021-11-25T11:51:15+00:00","description":"Podno\u015bnik teleskopowy GTBZ32S firmy Dingli o maksymalnej wysoko\u015bci roboczej 32 metr\u00f3w. Na sprzeda\u017c w Alp Lift. Popro\u015b o wycen\u0119 online.","breadcrumb":{"@id":"https:\/\/oud.alplift.com\/pl\/produkt\/podnosnik-teleskopowy-gtbz32s-dingli\/#breadcrumb"},"inLanguage":"pl-PL","potentialAction":[{"@type":"ReadAction","target":["https:\/\/oud.alplift.com\/pl\/produkt\/podnosnik-teleskopowy-gtbz32s-dingli\/"]}]},{"@type":"ImageObject","inLanguage":"pl-PL","@id":"https:\/\/oud.alplift.com\/pl\/produkt\/podnosnik-teleskopowy-gtbz32s-dingli\/#primaryimage","url":"https:\/\/oud.alplift.com\/wp-content\/uploads\/2021\/01\/Telescoophoogwerker-GTBZ32S-Dingli.png","contentUrl":"https:\/\/oud.alplift.com\/wp-content\/uploads\/2021\/01\/Telescoophoogwerker-GTBZ32S-Dingli.png","width":500,"height":500},{"@type":"BreadcrumbList","@id":"https:\/\/oud.alplift.com\/pl\/produkt\/podnosnik-teleskopowy-gtbz32s-dingli\/#breadcrumb","itemListElement":[{"@type":"ListItem","position":1,"name":"Home","item":"https:\/\/oud.alplift.com\/pl\/"},{"@type":"ListItem","position":2,"name":"Winkel","item":"https:\/\/oud.alplift.com\/winkel\/"},{"@type":"ListItem","position":3,"name":"Podno\u015bnik teleskopowy GTBZ32S &#8211; Dingli"}]},{"@type":"WebSite","@id":"https:\/\/oud.alplift.com\/pl\/#website","url":"https:\/\/oud.alplift.com\/pl\/","name":"Alp Lift","description":"Lifting Equipment","potentialAction":[{"@type":"SearchAction","target":{"@type":"EntryPoint","urlTemplate":"https:\/\/oud.alplift.com\/pl\/?s={search_term_string}"},"query-input":{"@type":"PropertyValueSpecification","valueRequired":true,"valueName":"search_term_string"}}],"inLanguage":"pl-PL"}]}},"_links":{"self":[{"href":"https:\/\/oud.alplift.com\/pl\/wp-json\/wp\/v2\/product\/5301","targetHints":{"allow":["GET"]}}],"collection":[{"href":"https:\/\/oud.alplift.com\/pl\/wp-json\/wp\/v2\/product"}],"about":[{"href":"https:\/\/oud.alplift.com\/pl\/wp-json\/wp\/v2\/types\/product"}],"replies":[{"embeddable":true,"href":"https:\/\/oud.alplift.com\/pl\/wp-json\/wp\/v2\/comments?post=5301"}],"wp:featuredmedia":[{"embeddable":true,"href":"https:\/\/oud.alplift.com\/pl\/wp-json\/wp\/v2\/media\/2495"}],"wp:attachment":[{"href":"https:\/\/oud.alplift.com\/pl\/wp-json\/wp\/v2\/media?parent=5301"}],"wp:term":[{"taxonomy":"product_cat","embeddable":true,"href":"https:\/\/oud.alplift.com\/pl\/wp-json\/wp\/v2\/product_cat?post=5301"},{"taxonomy":"product_tag","embeddable":true,"href":"https:\/\/oud.alplift.com\/pl\/wp-json\/wp\/v2\/product_tag?post=5301"}],"curies":[{"name":"wp","href":"https:\/\/api.w.org\/{rel}","templated":true}]}}