
{"id":5292,"date":"2016-09-10T10:37:20","date_gmt":"2016-09-10T08:37:20","guid":{"rendered":"https:\/\/oud.alplift.com\/product\/podnosnik-teleskopowy-gtbz24s-dingli\/"},"modified":"2016-09-10T10:37:20","modified_gmt":"2016-09-10T08:37:20","slug":"podnosnik-teleskopowy-gtbz24s-dingli","status":"publish","type":"product","link":"https:\/\/oud.alplift.com\/pl\/produkt\/podnosnik-teleskopowy-gtbz24s-dingli\/","title":{"rendered":"Podno\u015bnik teleskopowy GTBZ24S &#8211; Dingli"},"content":{"rendered":"","protected":false},"excerpt":{"rendered":"<p>en solidny podno\u015bnik teleskopowy GTBZ24S firmy Dingli z nap\u0119dem na 4 ko\u0142a i silnikiem wysokopr\u0119\u017cnym ma wysoko\u015b\u0107 robocz\u0105 do 24 metr\u00f3w i maksymalny wysi\u0119g ponad 16 metr\u00f3w. Wype\u0142nione piank\u0105 g\u0105sienice sprawiaj\u0105, \u017ce ta platforma jest odpowiednia do u\u017cytku w trudnym terenie. Promie\u0144 skr\u0119tu 360\u00b0 sprawia, \u017ce \u200b\u200bjest bardzo zwrotny.<\/p>\n<p><strong>Specyfikacje:<\/strong><\/p>\n<p>Pojemno\u015b\u0107: 230 kg<br \/>\nWysoko\u015b\u0107 robocza: 24,15 metra<br \/>\nZasi\u0119g poziomy: 16,23 metra<br \/>\nWysoko\u015b\u0107 platformy: 22,15 metra<br \/>\nRozmiar platformy: 2,20&#215;0,80 metra<br \/>\nObr\u00f3t platformy: +\/- 90\u00b0<br \/>\nD\u0142ugo\u015b\u0107: 11,93 metra<br \/>\nWysoko\u015b\u0107: 2,68 metra<br \/>\nSzeroko\u015b\u0107: 2,49 metra<br \/>\nWaga: 11040 kg <\/p>\n","protected":false},"featured_media":2505,"comment_status":"closed","ping_status":"open","template":"","meta":[],"product_cat":[156,180],"product_tag":[],"class_list":{"0":"post-5292","1":"product","2":"type-product","3":"status-publish","4":"has-post-thumbnail","6":"product_cat-podnosniki-koszowe","7":"product_cat-podnosniki-teleskopowy","8":"pa_merk-dingli-pl","10":"first","11":"instock","12":"shipping-taxable","13":"product-type-simple"},"yoast_head":"<!-- This site is optimized with the Yoast SEO plugin v24.0 - https:\/\/yoast.com\/wordpress\/plugins\/seo\/ -->\n<title>Podno\u015bnik teleskopowy GTBZ24S - Dingli<\/title>\n<meta name=\"description\" content=\"Podno\u015bnik teleskopowy GTBZ24S firmy Dingli o maksymalnej wysoko\u015bci roboczej 24 metr\u00f3w. Na sprzeda\u017c w Alp Lift. Popro\u015b o wycen\u0119 online.\" \/>\n<meta name=\"robots\" content=\"noindex, follow, max-snippet:-1, max-image-preview:large, max-video-preview:-1\" \/>\n<meta property=\"og:locale\" content=\"pl_PL\" \/>\n<meta property=\"og:type\" content=\"article\" \/>\n<meta property=\"og:title\" content=\"Podno\u015bnik teleskopowy GTBZ24S - Dingli\" \/>\n<meta property=\"og:description\" content=\"Podno\u015bnik teleskopowy GTBZ24S firmy Dingli o maksymalnej wysoko\u015bci roboczej 24 metr\u00f3w. Na sprzeda\u017c w Alp Lift. Popro\u015b o wycen\u0119 online.\" \/>\n<meta property=\"og:url\" content=\"https:\/\/oud.alplift.com\/pl\/produkt\/podnosnik-teleskopowy-gtbz24s-dingli\/\" \/>\n<meta property=\"og:site_name\" content=\"Alp Lift\" \/>\n<meta property=\"og:image\" content=\"https:\/\/oud.alplift.com\/wp-content\/uploads\/2021\/01\/Telescoophoogwerker-GTBZ24S-Dingli.png\" \/>\n\t<meta property=\"og:image:width\" content=\"500\" \/>\n\t<meta property=\"og:image:height\" content=\"500\" \/>\n\t<meta property=\"og:image:type\" content=\"image\/png\" \/>\n<meta name=\"twitter:card\" content=\"summary_large_image\" \/>\n<script type=\"application\/ld+json\" class=\"yoast-schema-graph\">{\"@context\":\"https:\/\/schema.org\",\"@graph\":[{\"@type\":\"WebPage\",\"@id\":\"https:\/\/oud.alplift.com\/pl\/produkt\/podnosnik-teleskopowy-gtbz24s-dingli\/\",\"url\":\"https:\/\/oud.alplift.com\/pl\/produkt\/podnosnik-teleskopowy-gtbz24s-dingli\/\",\"name\":\"Podno\u015bnik teleskopowy GTBZ24S - Dingli\",\"isPartOf\":{\"@id\":\"https:\/\/oud.alplift.com\/pl\/#website\"},\"primaryImageOfPage\":{\"@id\":\"https:\/\/oud.alplift.com\/pl\/produkt\/podnosnik-teleskopowy-gtbz24s-dingli\/#primaryimage\"},\"image\":{\"@id\":\"https:\/\/oud.alplift.com\/pl\/produkt\/podnosnik-teleskopowy-gtbz24s-dingli\/#primaryimage\"},\"thumbnailUrl\":\"https:\/\/oud.alplift.com\/wp-content\/uploads\/2021\/01\/Telescoophoogwerker-GTBZ24S-Dingli.png\",\"datePublished\":\"2016-09-10T08:37:20+00:00\",\"dateModified\":\"2016-09-10T08:37:20+00:00\",\"description\":\"Podno\u015bnik teleskopowy GTBZ24S firmy Dingli o maksymalnej wysoko\u015bci roboczej 24 metr\u00f3w. Na sprzeda\u017c w Alp Lift. Popro\u015b o wycen\u0119 online.\",\"breadcrumb\":{\"@id\":\"https:\/\/oud.alplift.com\/pl\/produkt\/podnosnik-teleskopowy-gtbz24s-dingli\/#breadcrumb\"},\"inLanguage\":\"pl-PL\",\"potentialAction\":[{\"@type\":\"ReadAction\",\"target\":[\"https:\/\/oud.alplift.com\/pl\/produkt\/podnosnik-teleskopowy-gtbz24s-dingli\/\"]}]},{\"@type\":\"ImageObject\",\"inLanguage\":\"pl-PL\",\"@id\":\"https:\/\/oud.alplift.com\/pl\/produkt\/podnosnik-teleskopowy-gtbz24s-dingli\/#primaryimage\",\"url\":\"https:\/\/oud.alplift.com\/wp-content\/uploads\/2021\/01\/Telescoophoogwerker-GTBZ24S-Dingli.png\",\"contentUrl\":\"https:\/\/oud.alplift.com\/wp-content\/uploads\/2021\/01\/Telescoophoogwerker-GTBZ24S-Dingli.png\",\"width\":500,\"height\":500},{\"@type\":\"BreadcrumbList\",\"@id\":\"https:\/\/oud.alplift.com\/pl\/produkt\/podnosnik-teleskopowy-gtbz24s-dingli\/#breadcrumb\",\"itemListElement\":[{\"@type\":\"ListItem\",\"position\":1,\"name\":\"Home\",\"item\":\"https:\/\/oud.alplift.com\/pl\/\"},{\"@type\":\"ListItem\",\"position\":2,\"name\":\"Winkel\",\"item\":\"https:\/\/oud.alplift.com\/winkel\/\"},{\"@type\":\"ListItem\",\"position\":3,\"name\":\"Podno\u015bnik teleskopowy GTBZ24S &#8211; Dingli\"}]},{\"@type\":\"WebSite\",\"@id\":\"https:\/\/oud.alplift.com\/pl\/#website\",\"url\":\"https:\/\/oud.alplift.com\/pl\/\",\"name\":\"Alp Lift\",\"description\":\"Lifting Equipment\",\"potentialAction\":[{\"@type\":\"SearchAction\",\"target\":{\"@type\":\"EntryPoint\",\"urlTemplate\":\"https:\/\/oud.alplift.com\/pl\/?s={search_term_string}\"},\"query-input\":{\"@type\":\"PropertyValueSpecification\",\"valueRequired\":true,\"valueName\":\"search_term_string\"}}],\"inLanguage\":\"pl-PL\"}]}<\/script>\n<!-- \/ Yoast SEO plugin. -->","yoast_head_json":{"title":"Podno\u015bnik teleskopowy GTBZ24S - Dingli","description":"Podno\u015bnik teleskopowy GTBZ24S firmy Dingli o maksymalnej wysoko\u015bci roboczej 24 metr\u00f3w. Na sprzeda\u017c w Alp Lift. Popro\u015b o wycen\u0119 online.","robots":{"index":"noindex","follow":"follow","max-snippet":"max-snippet:-1","max-image-preview":"max-image-preview:large","max-video-preview":"max-video-preview:-1"},"og_locale":"pl_PL","og_type":"article","og_title":"Podno\u015bnik teleskopowy GTBZ24S - Dingli","og_description":"Podno\u015bnik teleskopowy GTBZ24S firmy Dingli o maksymalnej wysoko\u015bci roboczej 24 metr\u00f3w. Na sprzeda\u017c w Alp Lift. Popro\u015b o wycen\u0119 online.","og_url":"https:\/\/oud.alplift.com\/pl\/produkt\/podnosnik-teleskopowy-gtbz24s-dingli\/","og_site_name":"Alp Lift","og_image":[{"width":500,"height":500,"url":"https:\/\/oud.alplift.com\/wp-content\/uploads\/2021\/01\/Telescoophoogwerker-GTBZ24S-Dingli.png","type":"image\/png"}],"twitter_card":"summary_large_image","schema":{"@context":"https:\/\/schema.org","@graph":[{"@type":"WebPage","@id":"https:\/\/oud.alplift.com\/pl\/produkt\/podnosnik-teleskopowy-gtbz24s-dingli\/","url":"https:\/\/oud.alplift.com\/pl\/produkt\/podnosnik-teleskopowy-gtbz24s-dingli\/","name":"Podno\u015bnik teleskopowy GTBZ24S - Dingli","isPartOf":{"@id":"https:\/\/oud.alplift.com\/pl\/#website"},"primaryImageOfPage":{"@id":"https:\/\/oud.alplift.com\/pl\/produkt\/podnosnik-teleskopowy-gtbz24s-dingli\/#primaryimage"},"image":{"@id":"https:\/\/oud.alplift.com\/pl\/produkt\/podnosnik-teleskopowy-gtbz24s-dingli\/#primaryimage"},"thumbnailUrl":"https:\/\/oud.alplift.com\/wp-content\/uploads\/2021\/01\/Telescoophoogwerker-GTBZ24S-Dingli.png","datePublished":"2016-09-10T08:37:20+00:00","dateModified":"2016-09-10T08:37:20+00:00","description":"Podno\u015bnik teleskopowy GTBZ24S firmy Dingli o maksymalnej wysoko\u015bci roboczej 24 metr\u00f3w. Na sprzeda\u017c w Alp Lift. Popro\u015b o wycen\u0119 online.","breadcrumb":{"@id":"https:\/\/oud.alplift.com\/pl\/produkt\/podnosnik-teleskopowy-gtbz24s-dingli\/#breadcrumb"},"inLanguage":"pl-PL","potentialAction":[{"@type":"ReadAction","target":["https:\/\/oud.alplift.com\/pl\/produkt\/podnosnik-teleskopowy-gtbz24s-dingli\/"]}]},{"@type":"ImageObject","inLanguage":"pl-PL","@id":"https:\/\/oud.alplift.com\/pl\/produkt\/podnosnik-teleskopowy-gtbz24s-dingli\/#primaryimage","url":"https:\/\/oud.alplift.com\/wp-content\/uploads\/2021\/01\/Telescoophoogwerker-GTBZ24S-Dingli.png","contentUrl":"https:\/\/oud.alplift.com\/wp-content\/uploads\/2021\/01\/Telescoophoogwerker-GTBZ24S-Dingli.png","width":500,"height":500},{"@type":"BreadcrumbList","@id":"https:\/\/oud.alplift.com\/pl\/produkt\/podnosnik-teleskopowy-gtbz24s-dingli\/#breadcrumb","itemListElement":[{"@type":"ListItem","position":1,"name":"Home","item":"https:\/\/oud.alplift.com\/pl\/"},{"@type":"ListItem","position":2,"name":"Winkel","item":"https:\/\/oud.alplift.com\/winkel\/"},{"@type":"ListItem","position":3,"name":"Podno\u015bnik teleskopowy GTBZ24S &#8211; Dingli"}]},{"@type":"WebSite","@id":"https:\/\/oud.alplift.com\/pl\/#website","url":"https:\/\/oud.alplift.com\/pl\/","name":"Alp Lift","description":"Lifting Equipment","potentialAction":[{"@type":"SearchAction","target":{"@type":"EntryPoint","urlTemplate":"https:\/\/oud.alplift.com\/pl\/?s={search_term_string}"},"query-input":{"@type":"PropertyValueSpecification","valueRequired":true,"valueName":"search_term_string"}}],"inLanguage":"pl-PL"}]}},"_links":{"self":[{"href":"https:\/\/oud.alplift.com\/pl\/wp-json\/wp\/v2\/product\/5292","targetHints":{"allow":["GET"]}}],"collection":[{"href":"https:\/\/oud.alplift.com\/pl\/wp-json\/wp\/v2\/product"}],"about":[{"href":"https:\/\/oud.alplift.com\/pl\/wp-json\/wp\/v2\/types\/product"}],"replies":[{"embeddable":true,"href":"https:\/\/oud.alplift.com\/pl\/wp-json\/wp\/v2\/comments?post=5292"}],"wp:featuredmedia":[{"embeddable":true,"href":"https:\/\/oud.alplift.com\/pl\/wp-json\/wp\/v2\/media\/2505"}],"wp:attachment":[{"href":"https:\/\/oud.alplift.com\/pl\/wp-json\/wp\/v2\/media?parent=5292"}],"wp:term":[{"taxonomy":"product_cat","embeddable":true,"href":"https:\/\/oud.alplift.com\/pl\/wp-json\/wp\/v2\/product_cat?post=5292"},{"taxonomy":"product_tag","embeddable":true,"href":"https:\/\/oud.alplift.com\/pl\/wp-json\/wp\/v2\/product_tag?post=5292"}],"curies":[{"name":"wp","href":"https:\/\/api.w.org\/{rel}","templated":true}]}}