
{"id":5281,"date":"2016-09-10T10:41:02","date_gmt":"2016-09-10T08:41:02","guid":{"rendered":"https:\/\/oud.alplift.com\/product\/podnosnik-teleskopowy-gtbz16su-dingli\/"},"modified":"2016-09-10T10:41:02","modified_gmt":"2016-09-10T08:41:02","slug":"podnosnik-teleskopowy-gtbz16su-dingli","status":"publish","type":"product","link":"https:\/\/oud.alplift.com\/pl\/produkt\/podnosnik-teleskopowy-gtbz16su-dingli\/","title":{"rendered":"Podno\u015bnik teleskopowy GTBZ16SU &#8211; Dingli"},"content":{"rendered":"","protected":false},"excerpt":{"rendered":"<p>Podno\u015bnik teleskopowy GTBZ16SU z nap\u0119dem na cztery ko\u0142a i kierowaniem na cztery ko\u0142a zapewnia lepsz\u0105 wydajno\u015b\u0107 i zwrotno\u015b\u0107. Platforma robocza i podwozie s\u0105 automatycznie poziomowane, a podpory r\u00f3wnie\u017c s\u0105 automatyczne. Mo\u017ce by\u0107 u\u017cywany na wysoko\u015bci do wielu ci\u0119\u017ckich zastosowa\u0144, takich jak prace budowlane i remontowe. Jego wysoko\u015b\u0107 robocza wynosi 16 metr\u00f3w, a wysi\u0119g prawie 9 metr\u00f3w.<\/p>\n<p><strong>Dane techniczne:<\/strong><\/p>\n<ul>\n<li>Ud\u017awig: 230 kg<\/li>\n<li>Wysoko\u015b\u0107 robocza: 16 m<\/li>\n<li>Zasi\u0119g poziomy: 8,6 m<\/li>\n<li>Wysoko\u015b\u0107 platformy: 14,00 m<\/li>\n<li>Rozmiar platformy: 1,80&#215;0,76 m<\/li>\n<li>Obr\u00f3t platformy: +\/- 90\u00b0<\/li>\n<li>D\u0142ugo\u015b\u0107: 7,30 m<\/li>\n<li>Wysoko\u015b\u0107: 3,66 m<\/li>\n<li>Szeroko\u015b\u0107: 2,50 m<\/li>\n<li>Waga: 11 500 kg<\/li>\n<\/ul>\n<p>&nbsp;<\/p>\n","protected":false},"featured_media":2515,"comment_status":"closed","ping_status":"open","template":"","meta":[],"product_cat":[156,180],"product_tag":[],"class_list":{"0":"post-5281","1":"product","2":"type-product","3":"status-publish","4":"has-post-thumbnail","6":"product_cat-podnosniki-koszowe","7":"product_cat-podnosniki-teleskopowy","8":"pa_merk-dingli-pl","10":"first","11":"instock","12":"shipping-taxable","13":"product-type-simple"},"yoast_head":"<!-- This site is optimized with the Yoast SEO plugin v24.0 - https:\/\/yoast.com\/wordpress\/plugins\/seo\/ -->\n<title>Podno\u015bnik teleskopowy GTBZ16SU - Dingli | Alp Lift Polska<\/title>\n<meta name=\"description\" content=\"Podno\u015bnik teleskopowy GTBZ16SU firmy Dingli o maksymalnej wysoko\u015bci roboczej 16 metr\u00f3w. Na sprzeda\u017c w Alp Lift. Popro\u015b o wycen\u0119 online.\" \/>\n<meta name=\"robots\" content=\"noindex, follow, max-snippet:-1, max-image-preview:large, max-video-preview:-1\" \/>\n<meta property=\"og:locale\" content=\"pl_PL\" \/>\n<meta property=\"og:type\" content=\"article\" \/>\n<meta property=\"og:title\" content=\"Podno\u015bnik teleskopowy GTBZ16SU - Dingli | Alp Lift Polska\" \/>\n<meta property=\"og:description\" content=\"Podno\u015bnik teleskopowy GTBZ16SU firmy Dingli o maksymalnej wysoko\u015bci roboczej 16 metr\u00f3w. Na sprzeda\u017c w Alp Lift. Popro\u015b o wycen\u0119 online.\" \/>\n<meta property=\"og:url\" content=\"https:\/\/oud.alplift.com\/pl\/produkt\/podnosnik-teleskopowy-gtbz16su-dingli\/\" \/>\n<meta property=\"og:site_name\" content=\"Alp Lift\" \/>\n<meta property=\"og:image\" content=\"https:\/\/oud.alplift.com\/wp-content\/uploads\/2021\/01\/telescoop-hoogwerker-GTBZ16SU.png\" \/>\n\t<meta property=\"og:image:width\" content=\"500\" \/>\n\t<meta property=\"og:image:height\" content=\"500\" \/>\n\t<meta property=\"og:image:type\" content=\"image\/png\" \/>\n<meta name=\"twitter:card\" content=\"summary_large_image\" \/>\n<script type=\"application\/ld+json\" class=\"yoast-schema-graph\">{\"@context\":\"https:\/\/schema.org\",\"@graph\":[{\"@type\":\"WebPage\",\"@id\":\"https:\/\/oud.alplift.com\/pl\/produkt\/podnosnik-teleskopowy-gtbz16su-dingli\/\",\"url\":\"https:\/\/oud.alplift.com\/pl\/produkt\/podnosnik-teleskopowy-gtbz16su-dingli\/\",\"name\":\"Podno\u015bnik teleskopowy GTBZ16SU - Dingli | Alp Lift Polska\",\"isPartOf\":{\"@id\":\"https:\/\/oud.alplift.com\/pl\/#website\"},\"primaryImageOfPage\":{\"@id\":\"https:\/\/oud.alplift.com\/pl\/produkt\/podnosnik-teleskopowy-gtbz16su-dingli\/#primaryimage\"},\"image\":{\"@id\":\"https:\/\/oud.alplift.com\/pl\/produkt\/podnosnik-teleskopowy-gtbz16su-dingli\/#primaryimage\"},\"thumbnailUrl\":\"https:\/\/oud.alplift.com\/wp-content\/uploads\/2021\/01\/telescoop-hoogwerker-GTBZ16SU.png\",\"datePublished\":\"2016-09-10T08:41:02+00:00\",\"dateModified\":\"2016-09-10T08:41:02+00:00\",\"description\":\"Podno\u015bnik teleskopowy GTBZ16SU firmy Dingli o maksymalnej wysoko\u015bci roboczej 16 metr\u00f3w. Na sprzeda\u017c w Alp Lift. Popro\u015b o wycen\u0119 online.\",\"breadcrumb\":{\"@id\":\"https:\/\/oud.alplift.com\/pl\/produkt\/podnosnik-teleskopowy-gtbz16su-dingli\/#breadcrumb\"},\"inLanguage\":\"pl-PL\",\"potentialAction\":[{\"@type\":\"ReadAction\",\"target\":[\"https:\/\/oud.alplift.com\/pl\/produkt\/podnosnik-teleskopowy-gtbz16su-dingli\/\"]}]},{\"@type\":\"ImageObject\",\"inLanguage\":\"pl-PL\",\"@id\":\"https:\/\/oud.alplift.com\/pl\/produkt\/podnosnik-teleskopowy-gtbz16su-dingli\/#primaryimage\",\"url\":\"https:\/\/oud.alplift.com\/wp-content\/uploads\/2021\/01\/telescoop-hoogwerker-GTBZ16SU.png\",\"contentUrl\":\"https:\/\/oud.alplift.com\/wp-content\/uploads\/2021\/01\/telescoop-hoogwerker-GTBZ16SU.png\",\"width\":500,\"height\":500},{\"@type\":\"BreadcrumbList\",\"@id\":\"https:\/\/oud.alplift.com\/pl\/produkt\/podnosnik-teleskopowy-gtbz16su-dingli\/#breadcrumb\",\"itemListElement\":[{\"@type\":\"ListItem\",\"position\":1,\"name\":\"Home\",\"item\":\"https:\/\/oud.alplift.com\/pl\/\"},{\"@type\":\"ListItem\",\"position\":2,\"name\":\"Winkel\",\"item\":\"https:\/\/oud.alplift.com\/winkel\/\"},{\"@type\":\"ListItem\",\"position\":3,\"name\":\"Podno\u015bnik teleskopowy GTBZ16SU &#8211; Dingli\"}]},{\"@type\":\"WebSite\",\"@id\":\"https:\/\/oud.alplift.com\/pl\/#website\",\"url\":\"https:\/\/oud.alplift.com\/pl\/\",\"name\":\"Alp Lift\",\"description\":\"Lifting Equipment\",\"potentialAction\":[{\"@type\":\"SearchAction\",\"target\":{\"@type\":\"EntryPoint\",\"urlTemplate\":\"https:\/\/oud.alplift.com\/pl\/?s={search_term_string}\"},\"query-input\":{\"@type\":\"PropertyValueSpecification\",\"valueRequired\":true,\"valueName\":\"search_term_string\"}}],\"inLanguage\":\"pl-PL\"}]}<\/script>\n<!-- \/ Yoast SEO plugin. -->","yoast_head_json":{"title":"Podno\u015bnik teleskopowy GTBZ16SU - Dingli | Alp Lift Polska","description":"Podno\u015bnik teleskopowy GTBZ16SU firmy Dingli o maksymalnej wysoko\u015bci roboczej 16 metr\u00f3w. Na sprzeda\u017c w Alp Lift. Popro\u015b o wycen\u0119 online.","robots":{"index":"noindex","follow":"follow","max-snippet":"max-snippet:-1","max-image-preview":"max-image-preview:large","max-video-preview":"max-video-preview:-1"},"og_locale":"pl_PL","og_type":"article","og_title":"Podno\u015bnik teleskopowy GTBZ16SU - Dingli | Alp Lift Polska","og_description":"Podno\u015bnik teleskopowy GTBZ16SU firmy Dingli o maksymalnej wysoko\u015bci roboczej 16 metr\u00f3w. Na sprzeda\u017c w Alp Lift. Popro\u015b o wycen\u0119 online.","og_url":"https:\/\/oud.alplift.com\/pl\/produkt\/podnosnik-teleskopowy-gtbz16su-dingli\/","og_site_name":"Alp Lift","og_image":[{"width":500,"height":500,"url":"https:\/\/oud.alplift.com\/wp-content\/uploads\/2021\/01\/telescoop-hoogwerker-GTBZ16SU.png","type":"image\/png"}],"twitter_card":"summary_large_image","schema":{"@context":"https:\/\/schema.org","@graph":[{"@type":"WebPage","@id":"https:\/\/oud.alplift.com\/pl\/produkt\/podnosnik-teleskopowy-gtbz16su-dingli\/","url":"https:\/\/oud.alplift.com\/pl\/produkt\/podnosnik-teleskopowy-gtbz16su-dingli\/","name":"Podno\u015bnik teleskopowy GTBZ16SU - Dingli | Alp Lift Polska","isPartOf":{"@id":"https:\/\/oud.alplift.com\/pl\/#website"},"primaryImageOfPage":{"@id":"https:\/\/oud.alplift.com\/pl\/produkt\/podnosnik-teleskopowy-gtbz16su-dingli\/#primaryimage"},"image":{"@id":"https:\/\/oud.alplift.com\/pl\/produkt\/podnosnik-teleskopowy-gtbz16su-dingli\/#primaryimage"},"thumbnailUrl":"https:\/\/oud.alplift.com\/wp-content\/uploads\/2021\/01\/telescoop-hoogwerker-GTBZ16SU.png","datePublished":"2016-09-10T08:41:02+00:00","dateModified":"2016-09-10T08:41:02+00:00","description":"Podno\u015bnik teleskopowy GTBZ16SU firmy Dingli o maksymalnej wysoko\u015bci roboczej 16 metr\u00f3w. Na sprzeda\u017c w Alp Lift. Popro\u015b o wycen\u0119 online.","breadcrumb":{"@id":"https:\/\/oud.alplift.com\/pl\/produkt\/podnosnik-teleskopowy-gtbz16su-dingli\/#breadcrumb"},"inLanguage":"pl-PL","potentialAction":[{"@type":"ReadAction","target":["https:\/\/oud.alplift.com\/pl\/produkt\/podnosnik-teleskopowy-gtbz16su-dingli\/"]}]},{"@type":"ImageObject","inLanguage":"pl-PL","@id":"https:\/\/oud.alplift.com\/pl\/produkt\/podnosnik-teleskopowy-gtbz16su-dingli\/#primaryimage","url":"https:\/\/oud.alplift.com\/wp-content\/uploads\/2021\/01\/telescoop-hoogwerker-GTBZ16SU.png","contentUrl":"https:\/\/oud.alplift.com\/wp-content\/uploads\/2021\/01\/telescoop-hoogwerker-GTBZ16SU.png","width":500,"height":500},{"@type":"BreadcrumbList","@id":"https:\/\/oud.alplift.com\/pl\/produkt\/podnosnik-teleskopowy-gtbz16su-dingli\/#breadcrumb","itemListElement":[{"@type":"ListItem","position":1,"name":"Home","item":"https:\/\/oud.alplift.com\/pl\/"},{"@type":"ListItem","position":2,"name":"Winkel","item":"https:\/\/oud.alplift.com\/winkel\/"},{"@type":"ListItem","position":3,"name":"Podno\u015bnik teleskopowy GTBZ16SU &#8211; Dingli"}]},{"@type":"WebSite","@id":"https:\/\/oud.alplift.com\/pl\/#website","url":"https:\/\/oud.alplift.com\/pl\/","name":"Alp Lift","description":"Lifting Equipment","potentialAction":[{"@type":"SearchAction","target":{"@type":"EntryPoint","urlTemplate":"https:\/\/oud.alplift.com\/pl\/?s={search_term_string}"},"query-input":{"@type":"PropertyValueSpecification","valueRequired":true,"valueName":"search_term_string"}}],"inLanguage":"pl-PL"}]}},"_links":{"self":[{"href":"https:\/\/oud.alplift.com\/pl\/wp-json\/wp\/v2\/product\/5281","targetHints":{"allow":["GET"]}}],"collection":[{"href":"https:\/\/oud.alplift.com\/pl\/wp-json\/wp\/v2\/product"}],"about":[{"href":"https:\/\/oud.alplift.com\/pl\/wp-json\/wp\/v2\/types\/product"}],"replies":[{"embeddable":true,"href":"https:\/\/oud.alplift.com\/pl\/wp-json\/wp\/v2\/comments?post=5281"}],"wp:featuredmedia":[{"embeddable":true,"href":"https:\/\/oud.alplift.com\/pl\/wp-json\/wp\/v2\/media\/2515"}],"wp:attachment":[{"href":"https:\/\/oud.alplift.com\/pl\/wp-json\/wp\/v2\/media?parent=5281"}],"wp:term":[{"taxonomy":"product_cat","embeddable":true,"href":"https:\/\/oud.alplift.com\/pl\/wp-json\/wp\/v2\/product_cat?post=5281"},{"taxonomy":"product_tag","embeddable":true,"href":"https:\/\/oud.alplift.com\/pl\/wp-json\/wp\/v2\/product_tag?post=5281"}],"curies":[{"name":"wp","href":"https:\/\/api.w.org\/{rel}","templated":true}]}}