
{"id":5275,"date":"2020-05-18T13:30:04","date_gmt":"2020-05-18T11:30:04","guid":{"rendered":"https:\/\/oud.alplift.com\/product\/5275\/"},"modified":"2020-05-18T13:30:04","modified_gmt":"2020-05-18T11:30:04","slug":"5275","status":"publish","type":"product","link":"https:\/\/oud.alplift.com\/pl\/produkt\/5275\/","title":{"rendered":""},"content":{"rendered":"","protected":false},"excerpt":{"rendered":"<p>Podno\u015bnik teleskopowy ZT20J z silnikiem wysokopr\u0119\u017cnym ma ud\u017awig 300 kg i wysoko\u015b\u0107 robocz\u0105 22,75 metra. Te teleskopowe podno\u015bniki wysi\u0119gnikowe zosta\u0142y zaprojektowane z my\u015bl\u0105 o poprawie wydajno\u015bci pracy i zapewnieniu wi\u0119kszego zasi\u0119gu poziomego ni\u017c jakikolwiek inny rodzaj podno\u015bnika. Jednostki te maj\u0105 stabiln\u0105 rozci\u0105gliwo\u015b\u0107 i doskona\u0142\u0105 zdolno\u015b\u0107 wspinania si\u0119 w trudnym terenie, z podw\u00f3jnym ud\u017awigiem 300 kg nieograniczonym i 454 kg ograniczonym.<\/p>\n<p>ZT20J ma konstrukcj\u0119 modu\u0142ow\u0105, nisk\u0105 wag\u0119, du\u017cy ud\u017awig i wysok\u0105 niezawodno\u015b\u0107. Nap\u0119d na cztery ko\u0142a i o\u015b wahliwa znacznie poprawiaj\u0105 osi\u0105gi w terenie. Dzi\u0119ki zdolno\u015bci pokonywania wzniesie\u0144 45% maszyny te s\u0105 idealne do zastosowa\u0144 budowlanych i przemys\u0142owych z ograniczonym dost\u0119pem.<\/p>\n<p><strong>Dane techniczne:<\/strong><\/p>\n<ul>\n<li>Wysoko\u015b\u0107 robocza: 22,75 mtr<\/li>\n<li>Wysoko\u015b\u0107 robocza pozioma: 16,80 mtr<\/li>\n<li>Ud\u017awig: 300 kg \/ 454 kg przy ograniczonym zasi\u0119gu<\/li>\n<li>Wysoko\u015b\u0107 transportowa: 2,78 mt<\/li>\n<li>D\u0142ugo\u015b\u0107 x szeroko\u015b\u0107: 10,36 x 2,49 mtr<\/li>\n<li>Masa w\u0142asna: 12 200 kg<\/li>\n<li>Moc: olej nap\u0119dowy (Perkins)<\/li>\n<\/ul>\n","protected":false},"featured_media":2665,"comment_status":"closed","ping_status":"open","template":"","meta":[],"product_cat":[156,180],"product_tag":[],"class_list":{"0":"post-5275","1":"product","2":"type-product","3":"status-publish","4":"has-post-thumbnail","6":"product_cat-podnosniki-koszowe","7":"product_cat-podnosniki-teleskopowy","8":"pa_merk-zoomlion-pl","10":"first","11":"instock","12":"shipping-taxable","13":"product-type-simple"},"yoast_head":"<!-- This site is optimized with the Yoast SEO plugin v24.0 - https:\/\/yoast.com\/wordpress\/plugins\/seo\/ -->\n<title>Podno\u015bnik teleskopowy ZT20J - Zoomlion | Alp Lift Polska<\/title>\n<meta name=\"description\" content=\"Podno\u015bnik teleskopowy ZT20J firmy Zoomlion o wyj\u0105tkowo du\u017cym zasi\u0119gu roboczym i efektywnym zu\u017cyciu energii. Popro\u015b o wycen\u0119 online w Alp Lift.\" \/>\n<meta name=\"robots\" content=\"noindex, follow, max-snippet:-1, max-image-preview:large, max-video-preview:-1\" \/>\n<meta property=\"og:locale\" content=\"pl_PL\" \/>\n<meta property=\"og:type\" content=\"article\" \/>\n<meta property=\"og:title\" content=\"Podno\u015bnik teleskopowy ZT20J - Zoomlion | Alp Lift Polska\" \/>\n<meta property=\"og:description\" content=\"Podno\u015bnik teleskopowy ZT20J firmy Zoomlion o wyj\u0105tkowo du\u017cym zasi\u0119gu roboczym i efektywnym zu\u017cyciu energii. Popro\u015b o wycen\u0119 online w Alp Lift.\" \/>\n<meta property=\"og:url\" content=\"https:\/\/oud.alplift.com\/pl\/produkt\/5275\/\" \/>\n<meta property=\"og:site_name\" content=\"Alp Lift\" \/>\n<meta property=\"og:image\" content=\"https:\/\/oud.alplift.com\/wp-content\/uploads\/2021\/01\/Zoomlion-ZT20J.png\" \/>\n\t<meta property=\"og:image:width\" content=\"1378\" \/>\n\t<meta property=\"og:image:height\" content=\"864\" \/>\n\t<meta property=\"og:image:type\" content=\"image\/png\" \/>\n<meta name=\"twitter:card\" content=\"summary_large_image\" \/>\n<script type=\"application\/ld+json\" class=\"yoast-schema-graph\">{\"@context\":\"https:\/\/schema.org\",\"@graph\":[{\"@type\":\"WebPage\",\"@id\":\"https:\/\/oud.alplift.com\/pl\/produkt\/5275\/\",\"url\":\"https:\/\/oud.alplift.com\/pl\/produkt\/5275\/\",\"name\":\"Podno\u015bnik teleskopowy ZT20J - Zoomlion | Alp Lift Polska\",\"isPartOf\":{\"@id\":\"https:\/\/oud.alplift.com\/pl\/#website\"},\"primaryImageOfPage\":{\"@id\":\"https:\/\/oud.alplift.com\/pl\/produkt\/5275\/#primaryimage\"},\"image\":{\"@id\":\"https:\/\/oud.alplift.com\/pl\/produkt\/5275\/#primaryimage\"},\"thumbnailUrl\":\"https:\/\/oud.alplift.com\/wp-content\/uploads\/2021\/01\/Zoomlion-ZT20J.png\",\"datePublished\":\"2020-05-18T11:30:04+00:00\",\"dateModified\":\"2020-05-18T11:30:04+00:00\",\"description\":\"Podno\u015bnik teleskopowy ZT20J firmy Zoomlion o wyj\u0105tkowo du\u017cym zasi\u0119gu roboczym i efektywnym zu\u017cyciu energii. Popro\u015b o wycen\u0119 online w Alp Lift.\",\"breadcrumb\":{\"@id\":\"https:\/\/oud.alplift.com\/pl\/produkt\/5275\/#breadcrumb\"},\"inLanguage\":\"pl-PL\",\"potentialAction\":[{\"@type\":\"ReadAction\",\"target\":[\"https:\/\/oud.alplift.com\/pl\/produkt\/5275\/\"]}]},{\"@type\":\"ImageObject\",\"inLanguage\":\"pl-PL\",\"@id\":\"https:\/\/oud.alplift.com\/pl\/produkt\/5275\/#primaryimage\",\"url\":\"https:\/\/oud.alplift.com\/wp-content\/uploads\/2021\/01\/Zoomlion-ZT20J.png\",\"contentUrl\":\"https:\/\/oud.alplift.com\/wp-content\/uploads\/2021\/01\/Zoomlion-ZT20J.png\",\"width\":1378,\"height\":864},{\"@type\":\"BreadcrumbList\",\"@id\":\"https:\/\/oud.alplift.com\/pl\/produkt\/5275\/#breadcrumb\",\"itemListElement\":[{\"@type\":\"ListItem\",\"position\":1,\"name\":\"Home\",\"item\":\"https:\/\/oud.alplift.com\/pl\/\"},{\"@type\":\"ListItem\",\"position\":2,\"name\":\"Winkel\",\"item\":\"https:\/\/oud.alplift.com\/winkel\/\"}]},{\"@type\":\"WebSite\",\"@id\":\"https:\/\/oud.alplift.com\/pl\/#website\",\"url\":\"https:\/\/oud.alplift.com\/pl\/\",\"name\":\"Alp Lift\",\"description\":\"Lifting Equipment\",\"potentialAction\":[{\"@type\":\"SearchAction\",\"target\":{\"@type\":\"EntryPoint\",\"urlTemplate\":\"https:\/\/oud.alplift.com\/pl\/?s={search_term_string}\"},\"query-input\":{\"@type\":\"PropertyValueSpecification\",\"valueRequired\":true,\"valueName\":\"search_term_string\"}}],\"inLanguage\":\"pl-PL\"}]}<\/script>\n<!-- \/ Yoast SEO plugin. -->","yoast_head_json":{"title":"Podno\u015bnik teleskopowy ZT20J - Zoomlion | Alp Lift Polska","description":"Podno\u015bnik teleskopowy ZT20J firmy Zoomlion o wyj\u0105tkowo du\u017cym zasi\u0119gu roboczym i efektywnym zu\u017cyciu energii. Popro\u015b o wycen\u0119 online w Alp Lift.","robots":{"index":"noindex","follow":"follow","max-snippet":"max-snippet:-1","max-image-preview":"max-image-preview:large","max-video-preview":"max-video-preview:-1"},"og_locale":"pl_PL","og_type":"article","og_title":"Podno\u015bnik teleskopowy ZT20J - Zoomlion | Alp Lift Polska","og_description":"Podno\u015bnik teleskopowy ZT20J firmy Zoomlion o wyj\u0105tkowo du\u017cym zasi\u0119gu roboczym i efektywnym zu\u017cyciu energii. Popro\u015b o wycen\u0119 online w Alp Lift.","og_url":"https:\/\/oud.alplift.com\/pl\/produkt\/5275\/","og_site_name":"Alp Lift","og_image":[{"width":1378,"height":864,"url":"https:\/\/oud.alplift.com\/wp-content\/uploads\/2021\/01\/Zoomlion-ZT20J.png","type":"image\/png"}],"twitter_card":"summary_large_image","schema":{"@context":"https:\/\/schema.org","@graph":[{"@type":"WebPage","@id":"https:\/\/oud.alplift.com\/pl\/produkt\/5275\/","url":"https:\/\/oud.alplift.com\/pl\/produkt\/5275\/","name":"Podno\u015bnik teleskopowy ZT20J - Zoomlion | Alp Lift Polska","isPartOf":{"@id":"https:\/\/oud.alplift.com\/pl\/#website"},"primaryImageOfPage":{"@id":"https:\/\/oud.alplift.com\/pl\/produkt\/5275\/#primaryimage"},"image":{"@id":"https:\/\/oud.alplift.com\/pl\/produkt\/5275\/#primaryimage"},"thumbnailUrl":"https:\/\/oud.alplift.com\/wp-content\/uploads\/2021\/01\/Zoomlion-ZT20J.png","datePublished":"2020-05-18T11:30:04+00:00","dateModified":"2020-05-18T11:30:04+00:00","description":"Podno\u015bnik teleskopowy ZT20J firmy Zoomlion o wyj\u0105tkowo du\u017cym zasi\u0119gu roboczym i efektywnym zu\u017cyciu energii. Popro\u015b o wycen\u0119 online w Alp Lift.","breadcrumb":{"@id":"https:\/\/oud.alplift.com\/pl\/produkt\/5275\/#breadcrumb"},"inLanguage":"pl-PL","potentialAction":[{"@type":"ReadAction","target":["https:\/\/oud.alplift.com\/pl\/produkt\/5275\/"]}]},{"@type":"ImageObject","inLanguage":"pl-PL","@id":"https:\/\/oud.alplift.com\/pl\/produkt\/5275\/#primaryimage","url":"https:\/\/oud.alplift.com\/wp-content\/uploads\/2021\/01\/Zoomlion-ZT20J.png","contentUrl":"https:\/\/oud.alplift.com\/wp-content\/uploads\/2021\/01\/Zoomlion-ZT20J.png","width":1378,"height":864},{"@type":"BreadcrumbList","@id":"https:\/\/oud.alplift.com\/pl\/produkt\/5275\/#breadcrumb","itemListElement":[{"@type":"ListItem","position":1,"name":"Home","item":"https:\/\/oud.alplift.com\/pl\/"},{"@type":"ListItem","position":2,"name":"Winkel","item":"https:\/\/oud.alplift.com\/winkel\/"}]},{"@type":"WebSite","@id":"https:\/\/oud.alplift.com\/pl\/#website","url":"https:\/\/oud.alplift.com\/pl\/","name":"Alp Lift","description":"Lifting Equipment","potentialAction":[{"@type":"SearchAction","target":{"@type":"EntryPoint","urlTemplate":"https:\/\/oud.alplift.com\/pl\/?s={search_term_string}"},"query-input":{"@type":"PropertyValueSpecification","valueRequired":true,"valueName":"search_term_string"}}],"inLanguage":"pl-PL"}]}},"_links":{"self":[{"href":"https:\/\/oud.alplift.com\/pl\/wp-json\/wp\/v2\/product\/5275","targetHints":{"allow":["GET"]}}],"collection":[{"href":"https:\/\/oud.alplift.com\/pl\/wp-json\/wp\/v2\/product"}],"about":[{"href":"https:\/\/oud.alplift.com\/pl\/wp-json\/wp\/v2\/types\/product"}],"replies":[{"embeddable":true,"href":"https:\/\/oud.alplift.com\/pl\/wp-json\/wp\/v2\/comments?post=5275"}],"wp:featuredmedia":[{"embeddable":true,"href":"https:\/\/oud.alplift.com\/pl\/wp-json\/wp\/v2\/media\/2665"}],"wp:attachment":[{"href":"https:\/\/oud.alplift.com\/pl\/wp-json\/wp\/v2\/media?parent=5275"}],"wp:term":[{"taxonomy":"product_cat","embeddable":true,"href":"https:\/\/oud.alplift.com\/pl\/wp-json\/wp\/v2\/product_cat?post=5275"},{"taxonomy":"product_tag","embeddable":true,"href":"https:\/\/oud.alplift.com\/pl\/wp-json\/wp\/v2\/product_tag?post=5275"}],"curies":[{"name":"wp","href":"https:\/\/api.w.org\/{rel}","templated":true}]}}