
{"id":4809,"date":"2021-10-26T12:59:24","date_gmt":"2021-10-26T10:59:25","guid":{"rendered":"https:\/\/oud.alplift.com\/?post_type=product&#038;p=4809"},"modified":"2021-10-28T13:49:44","modified_gmt":"2021-10-28T11:49:44","slug":"podnosnik-przegubowy-za10rje-zoomlion","status":"publish","type":"product","link":"https:\/\/oud.alplift.com\/pl\/produkt\/podnosnik-przegubowy-za10rje-zoomlion\/","title":{"rendered":"Podno\u015bnik przegubowy ZA10RJE &#8211; Zoomlion"},"content":{"rendered":"","protected":false},"excerpt":{"rendered":"<p>Najnowszym dodatkiem do Zoomlion jest podno\u015bnik przegubowy ZA10RJE o wysoko\u015bci roboczej 11,55 metra. Ta platforma koszowa ma kompaktowe wymiary i oferuje wi\u0119ksz\u0105 wysoko\u015b\u0107 robocz\u0105 oraz d\u0142u\u017cszy czas pracy ni\u017c por\u00f3wnywalne produkty na rynku. Dzi\u0119ki niskiemu poziomowi ha\u0142asu i zerowej emisji, ta platforma podniebna jest idealna do zastosowa\u0144 wewn\u0119trznych. Doskona\u0142y system zarz\u0105dzania energi\u0105 zapewnia d\u0142u\u017cszy czas pracy i wyd\u0142u\u017ca \u017cywotno\u015b\u0107 baterii. Zakres roboczy tej platformy ruchomej (w poziomie i w pionie) jest wyj\u0105tkowy przy pe\u0142nym obci\u0105\u017ceniu klatki. Model ten ma JIB z platform\u0105 obrotow\u0105 o 90\u00b0 i promieniem skr\u0119tu prawie 360\u00b0. Kr\u00f3tko m\u00f3wi\u0105c: kompaktowe wymiary, bezszwowe opony, niski poziom ha\u0142asu, zerowa emisja i du\u017ca moc sprawiaj\u0105, \u017ce ZA10RJE idealnie nadaje si\u0119 do zastosowa\u0144 wewn\u0119trznych i zewn\u0119trznych.<\/p>\n<p><strong>Dane techniczne: <\/strong><\/p>\n<ul>\n<li>Wysoko\u015b\u0107 robocza: 11,55 mt<\/li>\n<li>Wysoko\u015b\u0107 platformy: 9,55 mtr<\/li>\n<li>Zasi\u0119g poziomy: 6,25 mtr<\/li>\n<li>Ud\u017awig: 230 kg<\/li>\n<li>Wysoko\u015b\u0107 transportowa: 1,98 m\u00b2<\/li>\n<li>D\u0142ugo\u015b\u0107 x szeroko\u015b\u0107: 5,55 x 1,2 m<\/li>\n<li>Obr\u00f3t JIB: 90\u02da<\/li>\n<li>Obr\u00f3t platformy: 90\u02da<\/li>\n<li>Promie\u0144 skr\u0119tu: 355\u02da<\/li>\n<li>Waga w\u0142asna: 6550 kg<\/li>\n<li>Power: 24x2V<\/li>\n<\/ul>\n<p>&nbsp;<\/p>\n","protected":false},"featured_media":4933,"comment_status":"closed","ping_status":"closed","template":"","meta":[],"product_cat":[156,164],"product_tag":[],"class_list":{"0":"post-4809","1":"product","2":"type-product","3":"status-publish","4":"has-post-thumbnail","6":"product_cat-podnosniki-koszowe","7":"product_cat-podnosniki-przegubowy","8":"pa_hefcapaciteit-200-300-kg-pl","9":"pa_merk-zoomlion-pl","11":"first","12":"instock","13":"shipping-taxable","14":"product-type-simple"},"yoast_head":"<!-- This site is optimized with the Yoast SEO plugin v24.0 - https:\/\/yoast.com\/wordpress\/plugins\/seo\/ -->\n<title>Podno\u015bnik przegubowy ZA10RJE | Zoomlion | Alp Lift Holandia<\/title>\n<meta name=\"description\" content=\"Kompaktowy podno\u015bnik przegubowy Zoomlion ZA10RJE o du\u017cym ud\u017awigu i du\u017cym zasi\u0119gu - teraz w sprzeda\u017cy w Alp Lift. Popro\u015b o wycen\u0119 online.\" \/>\n<meta name=\"robots\" content=\"noindex, follow, max-snippet:-1, max-image-preview:large, max-video-preview:-1\" \/>\n<meta property=\"og:locale\" content=\"pl_PL\" \/>\n<meta property=\"og:type\" content=\"article\" \/>\n<meta property=\"og:title\" content=\"Podno\u015bnik przegubowy ZA10RJE | Zoomlion | Alp Lift Holandia\" \/>\n<meta property=\"og:description\" content=\"Kompaktowy podno\u015bnik przegubowy Zoomlion ZA10RJE o du\u017cym ud\u017awigu i du\u017cym zasi\u0119gu - teraz w sprzeda\u017cy w Alp Lift. Popro\u015b o wycen\u0119 online.\" \/>\n<meta property=\"og:url\" content=\"https:\/\/oud.alplift.com\/pl\/produkt\/podnosnik-przegubowy-za10rje-zoomlion\/\" \/>\n<meta property=\"og:site_name\" content=\"Alp Lift\" \/>\n<meta property=\"article:modified_time\" content=\"2021-10-28T11:49:44+00:00\" \/>\n<meta property=\"og:image\" content=\"https:\/\/oud.alplift.com\/wp-content\/uploads\/2021\/10\/Zoomlion-ZA10rje-op-hoogte.png\" \/>\n\t<meta property=\"og:image:width\" content=\"1920\" \/>\n\t<meta property=\"og:image:height\" content=\"1408\" \/>\n\t<meta property=\"og:image:type\" content=\"image\/png\" \/>\n<meta name=\"twitter:card\" content=\"summary_large_image\" \/>\n<script type=\"application\/ld+json\" class=\"yoast-schema-graph\">{\"@context\":\"https:\/\/schema.org\",\"@graph\":[{\"@type\":\"WebPage\",\"@id\":\"https:\/\/oud.alplift.com\/pl\/produkt\/podnosnik-przegubowy-za10rje-zoomlion\/\",\"url\":\"https:\/\/oud.alplift.com\/pl\/produkt\/podnosnik-przegubowy-za10rje-zoomlion\/\",\"name\":\"Podno\u015bnik przegubowy ZA10RJE | Zoomlion | Alp Lift Holandia\",\"isPartOf\":{\"@id\":\"https:\/\/oud.alplift.com\/pl\/#website\"},\"primaryImageOfPage\":{\"@id\":\"https:\/\/oud.alplift.com\/pl\/produkt\/podnosnik-przegubowy-za10rje-zoomlion\/#primaryimage\"},\"image\":{\"@id\":\"https:\/\/oud.alplift.com\/pl\/produkt\/podnosnik-przegubowy-za10rje-zoomlion\/#primaryimage\"},\"thumbnailUrl\":\"https:\/\/oud.alplift.com\/wp-content\/uploads\/2021\/10\/Zoomlion-ZA10rje-op-hoogte.png\",\"datePublished\":\"2021-10-26T10:59:25+00:00\",\"dateModified\":\"2021-10-28T11:49:44+00:00\",\"description\":\"Kompaktowy podno\u015bnik przegubowy Zoomlion ZA10RJE o du\u017cym ud\u017awigu i du\u017cym zasi\u0119gu - teraz w sprzeda\u017cy w Alp Lift. Popro\u015b o wycen\u0119 online.\",\"breadcrumb\":{\"@id\":\"https:\/\/oud.alplift.com\/pl\/produkt\/podnosnik-przegubowy-za10rje-zoomlion\/#breadcrumb\"},\"inLanguage\":\"pl-PL\",\"potentialAction\":[{\"@type\":\"ReadAction\",\"target\":[\"https:\/\/oud.alplift.com\/pl\/produkt\/podnosnik-przegubowy-za10rje-zoomlion\/\"]}]},{\"@type\":\"ImageObject\",\"inLanguage\":\"pl-PL\",\"@id\":\"https:\/\/oud.alplift.com\/pl\/produkt\/podnosnik-przegubowy-za10rje-zoomlion\/#primaryimage\",\"url\":\"https:\/\/oud.alplift.com\/wp-content\/uploads\/2021\/10\/Zoomlion-ZA10rje-op-hoogte.png\",\"contentUrl\":\"https:\/\/oud.alplift.com\/wp-content\/uploads\/2021\/10\/Zoomlion-ZA10rje-op-hoogte.png\",\"width\":1920,\"height\":1408},{\"@type\":\"BreadcrumbList\",\"@id\":\"https:\/\/oud.alplift.com\/pl\/produkt\/podnosnik-przegubowy-za10rje-zoomlion\/#breadcrumb\",\"itemListElement\":[{\"@type\":\"ListItem\",\"position\":1,\"name\":\"Home\",\"item\":\"https:\/\/oud.alplift.com\/pl\/\"},{\"@type\":\"ListItem\",\"position\":2,\"name\":\"Winkel\",\"item\":\"https:\/\/oud.alplift.com\/winkel\/\"},{\"@type\":\"ListItem\",\"position\":3,\"name\":\"Podno\u015bnik przegubowy ZA10RJE &#8211; Zoomlion\"}]},{\"@type\":\"WebSite\",\"@id\":\"https:\/\/oud.alplift.com\/pl\/#website\",\"url\":\"https:\/\/oud.alplift.com\/pl\/\",\"name\":\"Alp Lift\",\"description\":\"Lifting Equipment\",\"potentialAction\":[{\"@type\":\"SearchAction\",\"target\":{\"@type\":\"EntryPoint\",\"urlTemplate\":\"https:\/\/oud.alplift.com\/pl\/?s={search_term_string}\"},\"query-input\":{\"@type\":\"PropertyValueSpecification\",\"valueRequired\":true,\"valueName\":\"search_term_string\"}}],\"inLanguage\":\"pl-PL\"}]}<\/script>\n<!-- \/ Yoast SEO plugin. -->","yoast_head_json":{"title":"Podno\u015bnik przegubowy ZA10RJE | Zoomlion | Alp Lift Holandia","description":"Kompaktowy podno\u015bnik przegubowy Zoomlion ZA10RJE o du\u017cym ud\u017awigu i du\u017cym zasi\u0119gu - teraz w sprzeda\u017cy w Alp Lift. Popro\u015b o wycen\u0119 online.","robots":{"index":"noindex","follow":"follow","max-snippet":"max-snippet:-1","max-image-preview":"max-image-preview:large","max-video-preview":"max-video-preview:-1"},"og_locale":"pl_PL","og_type":"article","og_title":"Podno\u015bnik przegubowy ZA10RJE | Zoomlion | Alp Lift Holandia","og_description":"Kompaktowy podno\u015bnik przegubowy Zoomlion ZA10RJE o du\u017cym ud\u017awigu i du\u017cym zasi\u0119gu - teraz w sprzeda\u017cy w Alp Lift. Popro\u015b o wycen\u0119 online.","og_url":"https:\/\/oud.alplift.com\/pl\/produkt\/podnosnik-przegubowy-za10rje-zoomlion\/","og_site_name":"Alp Lift","article_modified_time":"2021-10-28T11:49:44+00:00","og_image":[{"width":1920,"height":1408,"url":"https:\/\/oud.alplift.com\/wp-content\/uploads\/2021\/10\/Zoomlion-ZA10rje-op-hoogte.png","type":"image\/png"}],"twitter_card":"summary_large_image","schema":{"@context":"https:\/\/schema.org","@graph":[{"@type":"WebPage","@id":"https:\/\/oud.alplift.com\/pl\/produkt\/podnosnik-przegubowy-za10rje-zoomlion\/","url":"https:\/\/oud.alplift.com\/pl\/produkt\/podnosnik-przegubowy-za10rje-zoomlion\/","name":"Podno\u015bnik przegubowy ZA10RJE | Zoomlion | Alp Lift Holandia","isPartOf":{"@id":"https:\/\/oud.alplift.com\/pl\/#website"},"primaryImageOfPage":{"@id":"https:\/\/oud.alplift.com\/pl\/produkt\/podnosnik-przegubowy-za10rje-zoomlion\/#primaryimage"},"image":{"@id":"https:\/\/oud.alplift.com\/pl\/produkt\/podnosnik-przegubowy-za10rje-zoomlion\/#primaryimage"},"thumbnailUrl":"https:\/\/oud.alplift.com\/wp-content\/uploads\/2021\/10\/Zoomlion-ZA10rje-op-hoogte.png","datePublished":"2021-10-26T10:59:25+00:00","dateModified":"2021-10-28T11:49:44+00:00","description":"Kompaktowy podno\u015bnik przegubowy Zoomlion ZA10RJE o du\u017cym ud\u017awigu i du\u017cym zasi\u0119gu - teraz w sprzeda\u017cy w Alp Lift. Popro\u015b o wycen\u0119 online.","breadcrumb":{"@id":"https:\/\/oud.alplift.com\/pl\/produkt\/podnosnik-przegubowy-za10rje-zoomlion\/#breadcrumb"},"inLanguage":"pl-PL","potentialAction":[{"@type":"ReadAction","target":["https:\/\/oud.alplift.com\/pl\/produkt\/podnosnik-przegubowy-za10rje-zoomlion\/"]}]},{"@type":"ImageObject","inLanguage":"pl-PL","@id":"https:\/\/oud.alplift.com\/pl\/produkt\/podnosnik-przegubowy-za10rje-zoomlion\/#primaryimage","url":"https:\/\/oud.alplift.com\/wp-content\/uploads\/2021\/10\/Zoomlion-ZA10rje-op-hoogte.png","contentUrl":"https:\/\/oud.alplift.com\/wp-content\/uploads\/2021\/10\/Zoomlion-ZA10rje-op-hoogte.png","width":1920,"height":1408},{"@type":"BreadcrumbList","@id":"https:\/\/oud.alplift.com\/pl\/produkt\/podnosnik-przegubowy-za10rje-zoomlion\/#breadcrumb","itemListElement":[{"@type":"ListItem","position":1,"name":"Home","item":"https:\/\/oud.alplift.com\/pl\/"},{"@type":"ListItem","position":2,"name":"Winkel","item":"https:\/\/oud.alplift.com\/winkel\/"},{"@type":"ListItem","position":3,"name":"Podno\u015bnik przegubowy ZA10RJE &#8211; Zoomlion"}]},{"@type":"WebSite","@id":"https:\/\/oud.alplift.com\/pl\/#website","url":"https:\/\/oud.alplift.com\/pl\/","name":"Alp Lift","description":"Lifting Equipment","potentialAction":[{"@type":"SearchAction","target":{"@type":"EntryPoint","urlTemplate":"https:\/\/oud.alplift.com\/pl\/?s={search_term_string}"},"query-input":{"@type":"PropertyValueSpecification","valueRequired":true,"valueName":"search_term_string"}}],"inLanguage":"pl-PL"}]}},"_links":{"self":[{"href":"https:\/\/oud.alplift.com\/pl\/wp-json\/wp\/v2\/product\/4809","targetHints":{"allow":["GET"]}}],"collection":[{"href":"https:\/\/oud.alplift.com\/pl\/wp-json\/wp\/v2\/product"}],"about":[{"href":"https:\/\/oud.alplift.com\/pl\/wp-json\/wp\/v2\/types\/product"}],"replies":[{"embeddable":true,"href":"https:\/\/oud.alplift.com\/pl\/wp-json\/wp\/v2\/comments?post=4809"}],"wp:featuredmedia":[{"embeddable":true,"href":"https:\/\/oud.alplift.com\/pl\/wp-json\/wp\/v2\/media\/4933"}],"wp:attachment":[{"href":"https:\/\/oud.alplift.com\/pl\/wp-json\/wp\/v2\/media?parent=4809"}],"wp:term":[{"taxonomy":"product_cat","embeddable":true,"href":"https:\/\/oud.alplift.com\/pl\/wp-json\/wp\/v2\/product_cat?post=4809"},{"taxonomy":"product_tag","embeddable":true,"href":"https:\/\/oud.alplift.com\/pl\/wp-json\/wp\/v2\/product_tag?post=4809"}],"curies":[{"name":"wp","href":"https:\/\/api.w.org\/{rel}","templated":true}]}}