
{"id":4763,"date":"2021-10-25T10:31:12","date_gmt":"2021-10-25T08:31:13","guid":{"rendered":"https:\/\/oud.alplift.com\/?post_type=product&#038;p=4763"},"modified":"2021-10-25T13:48:56","modified_gmt":"2021-10-25T11:48:56","slug":"podnosnik-pionowy-awp-8-1200","status":"publish","type":"product","link":"https:\/\/oud.alplift.com\/pl\/produkt\/podnosnik-pionowy-awp-8-1200\/","title":{"rendered":"Podno\u015bnik pionowy \u2013 AWP 8-1200"},"content":{"rendered":"","protected":false},"excerpt":{"rendered":"<p>Podno\u015bnik pionowy AMWP 8-1200 jest samojezdn\u0105 platform\u0105 teleskopow\u0105 dla jednej osoby, wyposa\u017con\u0105 w nap\u0119d elektryczny i sterowalne przednie ko\u0142a. Urz\u0105dzenie dost\u0119pne jest w wysoko\u015bci roboczej od 8 m do prawie 12 metr\u00f3w. Podno\u015bnik nadaje si\u0119 do u\u017cytku wewn\u0105trz pomieszcze\u0144. Zapewnia mobilno\u015b\u0107 na pe\u0142nej wysoko\u015bci. Prezentowany podno\u015bnik jest idealnym rozwi\u0105zaniem pozwalaj\u0105cym na bezpieczne i pewne wykonywanie wszystkich prac na wysoko\u015bci, nawet w miejscach o niewielkiej powierzchni.<\/p>\n<p><strong>Dane techniczne:<\/strong><\/p>\n<ul>\n<li>Wysoko\u015b\u0107 robocza: 8,00 m<\/li>\n<li>Ud\u017awig: 150 kg<\/li>\n<li>Wysoko\u015b\u0107 platformy: 6,00 m<\/li>\n<li>Wymiary platformy: 0,78 x 0,70 m<\/li>\n<li>D\u0142ugo\u015b\u0107: 1,48 m<\/li>\n<li>Szeroko\u015b\u0107: 0,79 m<\/li>\n<li>Wysoko\u015b\u0107: 1,95 m<\/li>\n<li>Waga: 1012 kg<\/li>\n<\/ul>\n<p>&nbsp;<\/p>\n","protected":false},"featured_media":6037,"comment_status":"closed","ping_status":"closed","template":"","meta":[],"product_cat":[156,184],"product_tag":[],"class_list":{"0":"post-4763","1":"product","2":"type-product","3":"status-publish","4":"has-post-thumbnail","6":"product_cat-podnosniki-koszowe","7":"product_cat-podnosniki-masztowe","8":"pa_merk-dingli-pl","10":"first","11":"instock","12":"shipping-taxable","13":"product-type-simple"},"yoast_head":"<!-- This site is optimized with the Yoast SEO plugin v24.0 - https:\/\/yoast.com\/wordpress\/plugins\/seo\/ -->\n<title>Podno\u015bnik pionowy AMWP 8-1200 | Alp Lift - Lifting equipment<\/title>\n<meta name=\"description\" content=\"Samojezdny podno\u015bnik pionowy AMWP 8-1200 to idealne rozwi\u0105zanie pozwalaj\u0105ce na bezpieczne i efektywne wykonywanie prac na wysoko\u015bci. Dost\u0119pny w firmie Alp Lift - popro\u015b o wycen\u0119 przez Internet.\" \/>\n<meta name=\"robots\" content=\"noindex, follow, max-snippet:-1, max-image-preview:large, max-video-preview:-1\" \/>\n<meta property=\"og:locale\" content=\"pl_PL\" \/>\n<meta property=\"og:type\" content=\"article\" \/>\n<meta property=\"og:title\" content=\"Podno\u015bnik pionowy AMWP 8-1200 | Alp Lift - Lifting equipment\" \/>\n<meta property=\"og:description\" content=\"Samojezdny podno\u015bnik pionowy AMWP 8-1200 to idealne rozwi\u0105zanie pozwalaj\u0105ce na bezpieczne i efektywne wykonywanie prac na wysoko\u015bci. Dost\u0119pny w firmie Alp Lift - popro\u015b o wycen\u0119 przez Internet.\" \/>\n<meta property=\"og:url\" content=\"https:\/\/oud.alplift.com\/pl\/produkt\/podnosnik-pionowy-awp-8-1200\/\" \/>\n<meta property=\"og:site_name\" content=\"Alp Lift\" \/>\n<meta property=\"article:modified_time\" content=\"2021-10-25T11:48:56+00:00\" \/>\n<meta property=\"og:image\" content=\"https:\/\/oud.alplift.com\/wp-content\/uploads\/2022\/02\/AMWP-op-halve-hoogte.jpg\" \/>\n\t<meta property=\"og:image:width\" content=\"1500\" \/>\n\t<meta property=\"og:image:height\" content=\"1500\" \/>\n\t<meta property=\"og:image:type\" content=\"image\/jpeg\" \/>\n<meta name=\"twitter:card\" content=\"summary_large_image\" \/>\n<script type=\"application\/ld+json\" class=\"yoast-schema-graph\">{\"@context\":\"https:\/\/schema.org\",\"@graph\":[{\"@type\":\"WebPage\",\"@id\":\"https:\/\/oud.alplift.com\/pl\/produkt\/podnosnik-pionowy-awp-8-1200\/\",\"url\":\"https:\/\/oud.alplift.com\/pl\/produkt\/podnosnik-pionowy-awp-8-1200\/\",\"name\":\"Podno\u015bnik pionowy AMWP 8-1200 | Alp Lift - Lifting equipment\",\"isPartOf\":{\"@id\":\"https:\/\/oud.alplift.com\/pl\/#website\"},\"primaryImageOfPage\":{\"@id\":\"https:\/\/oud.alplift.com\/pl\/produkt\/podnosnik-pionowy-awp-8-1200\/#primaryimage\"},\"image\":{\"@id\":\"https:\/\/oud.alplift.com\/pl\/produkt\/podnosnik-pionowy-awp-8-1200\/#primaryimage\"},\"thumbnailUrl\":\"https:\/\/oud.alplift.com\/wp-content\/uploads\/2022\/02\/AMWP-op-halve-hoogte.jpg\",\"datePublished\":\"2021-10-25T08:31:13+00:00\",\"dateModified\":\"2021-10-25T11:48:56+00:00\",\"description\":\"Samojezdny podno\u015bnik pionowy AMWP 8-1200 to idealne rozwi\u0105zanie pozwalaj\u0105ce na bezpieczne i efektywne wykonywanie prac na wysoko\u015bci. Dost\u0119pny w firmie Alp Lift - popro\u015b o wycen\u0119 przez Internet.\",\"breadcrumb\":{\"@id\":\"https:\/\/oud.alplift.com\/pl\/produkt\/podnosnik-pionowy-awp-8-1200\/#breadcrumb\"},\"inLanguage\":\"pl-PL\",\"potentialAction\":[{\"@type\":\"ReadAction\",\"target\":[\"https:\/\/oud.alplift.com\/pl\/produkt\/podnosnik-pionowy-awp-8-1200\/\"]}]},{\"@type\":\"ImageObject\",\"inLanguage\":\"pl-PL\",\"@id\":\"https:\/\/oud.alplift.com\/pl\/produkt\/podnosnik-pionowy-awp-8-1200\/#primaryimage\",\"url\":\"https:\/\/oud.alplift.com\/wp-content\/uploads\/2022\/02\/AMWP-op-halve-hoogte.jpg\",\"contentUrl\":\"https:\/\/oud.alplift.com\/wp-content\/uploads\/2022\/02\/AMWP-op-halve-hoogte.jpg\",\"width\":1500,\"height\":1500},{\"@type\":\"BreadcrumbList\",\"@id\":\"https:\/\/oud.alplift.com\/pl\/produkt\/podnosnik-pionowy-awp-8-1200\/#breadcrumb\",\"itemListElement\":[{\"@type\":\"ListItem\",\"position\":1,\"name\":\"Home\",\"item\":\"https:\/\/oud.alplift.com\/pl\/\"},{\"@type\":\"ListItem\",\"position\":2,\"name\":\"Winkel\",\"item\":\"https:\/\/oud.alplift.com\/winkel\/\"},{\"@type\":\"ListItem\",\"position\":3,\"name\":\"Podno\u015bnik pionowy \u2013 AWP 8-1200\"}]},{\"@type\":\"WebSite\",\"@id\":\"https:\/\/oud.alplift.com\/pl\/#website\",\"url\":\"https:\/\/oud.alplift.com\/pl\/\",\"name\":\"Alp Lift\",\"description\":\"Lifting Equipment\",\"potentialAction\":[{\"@type\":\"SearchAction\",\"target\":{\"@type\":\"EntryPoint\",\"urlTemplate\":\"https:\/\/oud.alplift.com\/pl\/?s={search_term_string}\"},\"query-input\":{\"@type\":\"PropertyValueSpecification\",\"valueRequired\":true,\"valueName\":\"search_term_string\"}}],\"inLanguage\":\"pl-PL\"}]}<\/script>\n<!-- \/ Yoast SEO plugin. -->","yoast_head_json":{"title":"Podno\u015bnik pionowy AMWP 8-1200 | Alp Lift - Lifting equipment","description":"Samojezdny podno\u015bnik pionowy AMWP 8-1200 to idealne rozwi\u0105zanie pozwalaj\u0105ce na bezpieczne i efektywne wykonywanie prac na wysoko\u015bci. Dost\u0119pny w firmie Alp Lift - popro\u015b o wycen\u0119 przez Internet.","robots":{"index":"noindex","follow":"follow","max-snippet":"max-snippet:-1","max-image-preview":"max-image-preview:large","max-video-preview":"max-video-preview:-1"},"og_locale":"pl_PL","og_type":"article","og_title":"Podno\u015bnik pionowy AMWP 8-1200 | Alp Lift - Lifting equipment","og_description":"Samojezdny podno\u015bnik pionowy AMWP 8-1200 to idealne rozwi\u0105zanie pozwalaj\u0105ce na bezpieczne i efektywne wykonywanie prac na wysoko\u015bci. Dost\u0119pny w firmie Alp Lift - popro\u015b o wycen\u0119 przez Internet.","og_url":"https:\/\/oud.alplift.com\/pl\/produkt\/podnosnik-pionowy-awp-8-1200\/","og_site_name":"Alp Lift","article_modified_time":"2021-10-25T11:48:56+00:00","og_image":[{"width":1500,"height":1500,"url":"https:\/\/oud.alplift.com\/wp-content\/uploads\/2022\/02\/AMWP-op-halve-hoogte.jpg","type":"image\/jpeg"}],"twitter_card":"summary_large_image","schema":{"@context":"https:\/\/schema.org","@graph":[{"@type":"WebPage","@id":"https:\/\/oud.alplift.com\/pl\/produkt\/podnosnik-pionowy-awp-8-1200\/","url":"https:\/\/oud.alplift.com\/pl\/produkt\/podnosnik-pionowy-awp-8-1200\/","name":"Podno\u015bnik pionowy AMWP 8-1200 | Alp Lift - Lifting equipment","isPartOf":{"@id":"https:\/\/oud.alplift.com\/pl\/#website"},"primaryImageOfPage":{"@id":"https:\/\/oud.alplift.com\/pl\/produkt\/podnosnik-pionowy-awp-8-1200\/#primaryimage"},"image":{"@id":"https:\/\/oud.alplift.com\/pl\/produkt\/podnosnik-pionowy-awp-8-1200\/#primaryimage"},"thumbnailUrl":"https:\/\/oud.alplift.com\/wp-content\/uploads\/2022\/02\/AMWP-op-halve-hoogte.jpg","datePublished":"2021-10-25T08:31:13+00:00","dateModified":"2021-10-25T11:48:56+00:00","description":"Samojezdny podno\u015bnik pionowy AMWP 8-1200 to idealne rozwi\u0105zanie pozwalaj\u0105ce na bezpieczne i efektywne wykonywanie prac na wysoko\u015bci. Dost\u0119pny w firmie Alp Lift - popro\u015b o wycen\u0119 przez Internet.","breadcrumb":{"@id":"https:\/\/oud.alplift.com\/pl\/produkt\/podnosnik-pionowy-awp-8-1200\/#breadcrumb"},"inLanguage":"pl-PL","potentialAction":[{"@type":"ReadAction","target":["https:\/\/oud.alplift.com\/pl\/produkt\/podnosnik-pionowy-awp-8-1200\/"]}]},{"@type":"ImageObject","inLanguage":"pl-PL","@id":"https:\/\/oud.alplift.com\/pl\/produkt\/podnosnik-pionowy-awp-8-1200\/#primaryimage","url":"https:\/\/oud.alplift.com\/wp-content\/uploads\/2022\/02\/AMWP-op-halve-hoogte.jpg","contentUrl":"https:\/\/oud.alplift.com\/wp-content\/uploads\/2022\/02\/AMWP-op-halve-hoogte.jpg","width":1500,"height":1500},{"@type":"BreadcrumbList","@id":"https:\/\/oud.alplift.com\/pl\/produkt\/podnosnik-pionowy-awp-8-1200\/#breadcrumb","itemListElement":[{"@type":"ListItem","position":1,"name":"Home","item":"https:\/\/oud.alplift.com\/pl\/"},{"@type":"ListItem","position":2,"name":"Winkel","item":"https:\/\/oud.alplift.com\/winkel\/"},{"@type":"ListItem","position":3,"name":"Podno\u015bnik pionowy \u2013 AWP 8-1200"}]},{"@type":"WebSite","@id":"https:\/\/oud.alplift.com\/pl\/#website","url":"https:\/\/oud.alplift.com\/pl\/","name":"Alp Lift","description":"Lifting Equipment","potentialAction":[{"@type":"SearchAction","target":{"@type":"EntryPoint","urlTemplate":"https:\/\/oud.alplift.com\/pl\/?s={search_term_string}"},"query-input":{"@type":"PropertyValueSpecification","valueRequired":true,"valueName":"search_term_string"}}],"inLanguage":"pl-PL"}]}},"_links":{"self":[{"href":"https:\/\/oud.alplift.com\/pl\/wp-json\/wp\/v2\/product\/4763","targetHints":{"allow":["GET"]}}],"collection":[{"href":"https:\/\/oud.alplift.com\/pl\/wp-json\/wp\/v2\/product"}],"about":[{"href":"https:\/\/oud.alplift.com\/pl\/wp-json\/wp\/v2\/types\/product"}],"replies":[{"embeddable":true,"href":"https:\/\/oud.alplift.com\/pl\/wp-json\/wp\/v2\/comments?post=4763"}],"wp:featuredmedia":[{"embeddable":true,"href":"https:\/\/oud.alplift.com\/pl\/wp-json\/wp\/v2\/media\/6037"}],"wp:attachment":[{"href":"https:\/\/oud.alplift.com\/pl\/wp-json\/wp\/v2\/media?parent=4763"}],"wp:term":[{"taxonomy":"product_cat","embeddable":true,"href":"https:\/\/oud.alplift.com\/pl\/wp-json\/wp\/v2\/product_cat?post=4763"},{"taxonomy":"product_tag","embeddable":true,"href":"https:\/\/oud.alplift.com\/pl\/wp-json\/wp\/v2\/product_tag?post=4763"}],"curies":[{"name":"wp","href":"https:\/\/api.w.org\/{rel}","templated":true}]}}