
{"id":3406,"date":"2021-01-01T11:17:43","date_gmt":"2020-10-27T11:17:43","guid":{"rendered":"https:\/\/oud.alplift.com\/product\/5508\/"},"modified":"2021-11-29T13:05:48","modified_gmt":"2021-11-29T12:05:48","slug":"desksurfer","status":"publish","type":"product","link":"https:\/\/oud.alplift.com\/pl\/produkt\/desksurfer\/","title":{"rendered":"Desksurfer"},"content":{"rendered":"","protected":false},"excerpt":{"rendered":"<p>Desksurfer-jest to idealne rozwi\u0105zanie dla swoich potrzeb dost\u0119pu do pulpitu. To zajmie tylko kilka minut, aby stworzy\u0107 platform\u0119 robocz\u0105 nad sto\u0142ami. Nie ma potrzeby czy\u015bci\u0107 lub przenie\u015b\u0107 st\u00f3\u0142 przed prac\u0105, Desksurfer zapewnia wystarczaj\u0105co du\u017co wolnego miejsca dla przedmiot\u00f3w sto\u0142u. Desksurfer zosta\u0142 zaprojektowany specjalnie w celu zaspokojenia z\u0142o\u017conych potrzeb dost\u0119pu podczas pracy przy sto\u0142ach. 900mm poza zasi\u0119giem platformy zapewnia \u0142atwy 1200mm r\u0119ce na dost\u0119p do lamp, \u0444\u0430\u043d\u043a\u043e\u0439\u043b\u0430\u043c itp. Desksurfer jest szybki i \u0142atwy w u\u017cyciu. Platforma z regulacj\u0105 wysoko\u015bci do niskiego poziomu i endowych zastosowa\u0144, zapewniaj\u0105c dost\u0119p do spodu sufitu i, w razie potrzeby, powy\u017cej poziomu p\u0142yt sufitowych. Desksurfer ma bezpieczne obci\u0105\u017cenie 150Kg.Wykonany z wytrzyma\u0142ego stopu aluminium, Desksurfer nie tylko bardzo wytrzyma\u0142e, ale lekkie i \u0142atwe w manewrowaniu. On mobilny pcha\u0107 lub ci\u0105gn\u0105\u0107 za pomoc\u0105 r\u0119cznego stres od podstawy tylko i bez cz\u0142owieka lub materia\u0142\u00f3w na platformie.<\/p>\n<p><strong>Specyfikacje:<\/strong><\/p>\n<ul>\n<li>Wysoko\u015b\u0107 robocza: 4 m<\/li>\n<li>Ud\u017awig: 150 kg<\/li>\n<li>Wymiary transportowe (d\u0142. X szer. X wys.): 1,26 x 0,69 x 1,9 m<\/li>\n<li>Zasilanie: r\u0119czne \/ popychanie<\/li>\n<li>Waga brutto: 68 kg<\/li>\n<li>Zastosowanie: wewn\u0105trz i na zewn\u0105trz<\/li>\n<\/ul>\n<p>&nbsp;<\/p>\n","protected":false},"featured_media":7713,"comment_status":"closed","ping_status":"closed","template":"","meta":[],"product_cat":[188,213,219,192],"product_tag":[],"class_list":{"0":"post-3406","1":"product","2":"type-product","3":"status-publish","4":"has-post-thumbnail","6":"product_cat-podnosniki-materialowe","7":"product_cat-podnosniki-montazowe-250-kg","8":"product_cat-podnosniki-montazowe-350-kg","9":"product_cat-specjalne-podnosniki-materialowe","11":"first","12":"instock","13":"shipping-taxable","14":"product-type-simple"},"yoast_head":"<!-- This site is optimized with the Yoast SEO plugin v24.0 - https:\/\/yoast.com\/wordpress\/plugins\/seo\/ -->\n<title>Desk surfer - na sprzeda\u017c w alp lift<\/title>\n<meta name=\"description\" content=\"Desksurfer to idealne rozwi\u0105zanie, kt\u00f3re spe\u0142ni Twoje potrzeby w zakresie dost\u0119pu do biurka. Popro\u015b o wycen\u0119 online\" \/>\n<meta name=\"robots\" content=\"noindex, follow, max-snippet:-1, max-image-preview:large, max-video-preview:-1\" \/>\n<meta property=\"og:locale\" content=\"pl_PL\" \/>\n<meta property=\"og:type\" content=\"article\" \/>\n<meta property=\"og:title\" content=\"Desk surfer - na sprzeda\u017c w alp lift\" \/>\n<meta property=\"og:description\" content=\"Desksurfer to idealne rozwi\u0105zanie, kt\u00f3re spe\u0142ni Twoje potrzeby w zakresie dost\u0119pu do biurka. Popro\u015b o wycen\u0119 online\" \/>\n<meta property=\"og:url\" content=\"https:\/\/oud.alplift.com\/pl\/produkt\/desksurfer\/\" \/>\n<meta property=\"og:site_name\" content=\"Alp Lift\" \/>\n<meta property=\"article:modified_time\" content=\"2021-11-29T12:05:48+00:00\" \/>\n<meta property=\"og:image\" content=\"https:\/\/oud.alplift.com\/wp-content\/uploads\/2021\/01\/Desksurfer-zijkant.jpg\" \/>\n\t<meta property=\"og:image:width\" content=\"1080\" \/>\n\t<meta property=\"og:image:height\" content=\"1920\" \/>\n\t<meta property=\"og:image:type\" content=\"image\/jpeg\" \/>\n<meta name=\"twitter:card\" content=\"summary_large_image\" \/>\n<script type=\"application\/ld+json\" class=\"yoast-schema-graph\">{\"@context\":\"https:\/\/schema.org\",\"@graph\":[{\"@type\":\"WebPage\",\"@id\":\"https:\/\/oud.alplift.com\/pl\/produkt\/desksurfer\/\",\"url\":\"https:\/\/oud.alplift.com\/pl\/produkt\/desksurfer\/\",\"name\":\"Desk surfer - na sprzeda\u017c w alp lift\",\"isPartOf\":{\"@id\":\"https:\/\/oud.alplift.com\/pl\/#website\"},\"primaryImageOfPage\":{\"@id\":\"https:\/\/oud.alplift.com\/pl\/produkt\/desksurfer\/#primaryimage\"},\"image\":{\"@id\":\"https:\/\/oud.alplift.com\/pl\/produkt\/desksurfer\/#primaryimage\"},\"thumbnailUrl\":\"https:\/\/oud.alplift.com\/wp-content\/uploads\/2021\/01\/Desksurfer-zijkant.jpg\",\"datePublished\":\"2020-10-27T11:17:43+00:00\",\"dateModified\":\"2021-11-29T12:05:48+00:00\",\"description\":\"Desksurfer to idealne rozwi\u0105zanie, kt\u00f3re spe\u0142ni Twoje potrzeby w zakresie dost\u0119pu do biurka. Popro\u015b o wycen\u0119 online\",\"breadcrumb\":{\"@id\":\"https:\/\/oud.alplift.com\/pl\/produkt\/desksurfer\/#breadcrumb\"},\"inLanguage\":\"pl-PL\",\"potentialAction\":[{\"@type\":\"ReadAction\",\"target\":[\"https:\/\/oud.alplift.com\/pl\/produkt\/desksurfer\/\"]}]},{\"@type\":\"ImageObject\",\"inLanguage\":\"pl-PL\",\"@id\":\"https:\/\/oud.alplift.com\/pl\/produkt\/desksurfer\/#primaryimage\",\"url\":\"https:\/\/oud.alplift.com\/wp-content\/uploads\/2021\/01\/Desksurfer-zijkant.jpg\",\"contentUrl\":\"https:\/\/oud.alplift.com\/wp-content\/uploads\/2021\/01\/Desksurfer-zijkant.jpg\",\"width\":1080,\"height\":1920},{\"@type\":\"BreadcrumbList\",\"@id\":\"https:\/\/oud.alplift.com\/pl\/produkt\/desksurfer\/#breadcrumb\",\"itemListElement\":[{\"@type\":\"ListItem\",\"position\":1,\"name\":\"Home\",\"item\":\"https:\/\/oud.alplift.com\/pl\/\"},{\"@type\":\"ListItem\",\"position\":2,\"name\":\"Winkel\",\"item\":\"https:\/\/oud.alplift.com\/winkel\/\"},{\"@type\":\"ListItem\",\"position\":3,\"name\":\"Desksurfer\"}]},{\"@type\":\"WebSite\",\"@id\":\"https:\/\/oud.alplift.com\/pl\/#website\",\"url\":\"https:\/\/oud.alplift.com\/pl\/\",\"name\":\"Alp Lift\",\"description\":\"Lifting Equipment\",\"potentialAction\":[{\"@type\":\"SearchAction\",\"target\":{\"@type\":\"EntryPoint\",\"urlTemplate\":\"https:\/\/oud.alplift.com\/pl\/?s={search_term_string}\"},\"query-input\":{\"@type\":\"PropertyValueSpecification\",\"valueRequired\":true,\"valueName\":\"search_term_string\"}}],\"inLanguage\":\"pl-PL\"}]}<\/script>\n<!-- \/ Yoast SEO plugin. -->","yoast_head_json":{"title":"Desk surfer - na sprzeda\u017c w alp lift","description":"Desksurfer to idealne rozwi\u0105zanie, kt\u00f3re spe\u0142ni Twoje potrzeby w zakresie dost\u0119pu do biurka. Popro\u015b o wycen\u0119 online","robots":{"index":"noindex","follow":"follow","max-snippet":"max-snippet:-1","max-image-preview":"max-image-preview:large","max-video-preview":"max-video-preview:-1"},"og_locale":"pl_PL","og_type":"article","og_title":"Desk surfer - na sprzeda\u017c w alp lift","og_description":"Desksurfer to idealne rozwi\u0105zanie, kt\u00f3re spe\u0142ni Twoje potrzeby w zakresie dost\u0119pu do biurka. Popro\u015b o wycen\u0119 online","og_url":"https:\/\/oud.alplift.com\/pl\/produkt\/desksurfer\/","og_site_name":"Alp Lift","article_modified_time":"2021-11-29T12:05:48+00:00","og_image":[{"width":1080,"height":1920,"url":"https:\/\/oud.alplift.com\/wp-content\/uploads\/2021\/01\/Desksurfer-zijkant.jpg","type":"image\/jpeg"}],"twitter_card":"summary_large_image","schema":{"@context":"https:\/\/schema.org","@graph":[{"@type":"WebPage","@id":"https:\/\/oud.alplift.com\/pl\/produkt\/desksurfer\/","url":"https:\/\/oud.alplift.com\/pl\/produkt\/desksurfer\/","name":"Desk surfer - na sprzeda\u017c w alp lift","isPartOf":{"@id":"https:\/\/oud.alplift.com\/pl\/#website"},"primaryImageOfPage":{"@id":"https:\/\/oud.alplift.com\/pl\/produkt\/desksurfer\/#primaryimage"},"image":{"@id":"https:\/\/oud.alplift.com\/pl\/produkt\/desksurfer\/#primaryimage"},"thumbnailUrl":"https:\/\/oud.alplift.com\/wp-content\/uploads\/2021\/01\/Desksurfer-zijkant.jpg","datePublished":"2020-10-27T11:17:43+00:00","dateModified":"2021-11-29T12:05:48+00:00","description":"Desksurfer to idealne rozwi\u0105zanie, kt\u00f3re spe\u0142ni Twoje potrzeby w zakresie dost\u0119pu do biurka. Popro\u015b o wycen\u0119 online","breadcrumb":{"@id":"https:\/\/oud.alplift.com\/pl\/produkt\/desksurfer\/#breadcrumb"},"inLanguage":"pl-PL","potentialAction":[{"@type":"ReadAction","target":["https:\/\/oud.alplift.com\/pl\/produkt\/desksurfer\/"]}]},{"@type":"ImageObject","inLanguage":"pl-PL","@id":"https:\/\/oud.alplift.com\/pl\/produkt\/desksurfer\/#primaryimage","url":"https:\/\/oud.alplift.com\/wp-content\/uploads\/2021\/01\/Desksurfer-zijkant.jpg","contentUrl":"https:\/\/oud.alplift.com\/wp-content\/uploads\/2021\/01\/Desksurfer-zijkant.jpg","width":1080,"height":1920},{"@type":"BreadcrumbList","@id":"https:\/\/oud.alplift.com\/pl\/produkt\/desksurfer\/#breadcrumb","itemListElement":[{"@type":"ListItem","position":1,"name":"Home","item":"https:\/\/oud.alplift.com\/pl\/"},{"@type":"ListItem","position":2,"name":"Winkel","item":"https:\/\/oud.alplift.com\/winkel\/"},{"@type":"ListItem","position":3,"name":"Desksurfer"}]},{"@type":"WebSite","@id":"https:\/\/oud.alplift.com\/pl\/#website","url":"https:\/\/oud.alplift.com\/pl\/","name":"Alp Lift","description":"Lifting Equipment","potentialAction":[{"@type":"SearchAction","target":{"@type":"EntryPoint","urlTemplate":"https:\/\/oud.alplift.com\/pl\/?s={search_term_string}"},"query-input":{"@type":"PropertyValueSpecification","valueRequired":true,"valueName":"search_term_string"}}],"inLanguage":"pl-PL"}]}},"_links":{"self":[{"href":"https:\/\/oud.alplift.com\/pl\/wp-json\/wp\/v2\/product\/3406","targetHints":{"allow":["GET"]}}],"collection":[{"href":"https:\/\/oud.alplift.com\/pl\/wp-json\/wp\/v2\/product"}],"about":[{"href":"https:\/\/oud.alplift.com\/pl\/wp-json\/wp\/v2\/types\/product"}],"replies":[{"embeddable":true,"href":"https:\/\/oud.alplift.com\/pl\/wp-json\/wp\/v2\/comments?post=3406"}],"wp:featuredmedia":[{"embeddable":true,"href":"https:\/\/oud.alplift.com\/pl\/wp-json\/wp\/v2\/media\/7713"}],"wp:attachment":[{"href":"https:\/\/oud.alplift.com\/pl\/wp-json\/wp\/v2\/media?parent=3406"}],"wp:term":[{"taxonomy":"product_cat","embeddable":true,"href":"https:\/\/oud.alplift.com\/pl\/wp-json\/wp\/v2\/product_cat?post=3406"},{"taxonomy":"product_tag","embeddable":true,"href":"https:\/\/oud.alplift.com\/pl\/wp-json\/wp\/v2\/product_tag?post=3406"}],"curies":[{"name":"wp","href":"https:\/\/api.w.org\/{rel}","templated":true}]}}