
{"id":3405,"date":"2020-08-31T11:58:58","date_gmt":"2020-10-07T06:21:25","guid":{"rendered":"https:\/\/oud.alplift.com\/product\/dzwignik-pneumatyczny-llc320-copy-copy\/"},"modified":"2021-02-07T11:44:44","modified_gmt":"2021-02-07T10:44:44","slug":"dzwignik-pneumatyczny-ll380","status":"publish","type":"product","link":"https:\/\/oud.alplift.com\/pl\/produkt\/dzwignik-pneumatyczny-ll380\/","title":{"rendered":"D\u017awignik pneumatyczny \u2013 LL380"},"content":{"rendered":"<p>[table id=20 \/]<\/p>\n","protected":false},"excerpt":{"rendered":"<p>D\u017awigniki pneumatyczne LL380 s\u0105 najbardziej efektywnym sposobem podnoszenia mniejszych \u0142adunk\u00f3w. D\u017awignik pneumatyczny LL380 pozwala na p\u0142ynne podniesienie \u0142adunku na \u017c\u0105dan\u0105 wysoko\u015b\u0107 nie wydaj\u0105c przy tym \u017cadnego d\u017awi\u0119ku. Ka\u017cdy monta\u017c stanie si\u0119 dzi\u0119ki temu szybszy, \u0142atwiejszy i bezpieczniejszy. D\u017awignik pneumatyczny jest \u0142atwy w transporcie i gotowy do pracy w kilka minut.<\/p>\n<p><strong>Dane techniczne:<\/strong><\/p>\n<ul>\n<li>Wysoko\u015b\u0107 podnoszenia: 3,80 m<\/li>\n<li>Ud\u017awig: 125 kg<\/li>\n<li>Wysoko\u015b\u0107 z\u0142o\u017conego urz\u0105dzenia: 1,10 m<\/li>\n<li>Waga: 26 kg<\/li>\n<\/ul>\n<p><strong>Informacje o produkcie:<\/strong><\/p>\n<ul>\n<li>P\u0142ynnie skalibrowana pr\u0119dko\u015b\u0107 podnoszenia.<\/li>\n<li>Wbudowane zabezpieczenie przed przeci\u0105\u017ceniem.<\/li>\n<li>Maksymalne wymagane ci\u015bnienie powietrza: 6,5 bar.<\/li>\n<li>Kompaktowe wymiary u\u0142atwiaj\u0105ce transport.<\/li>\n<li>Pe\u0142ny monta\u017c bez konieczno\u015bci u\u017cycia narz\u0119dzi.<\/li>\n<li>Cztery k\u00f3\u0142ka z hamulcami.<\/li>\n<\/ul>\n<p><strong>Dodatkowe opcje:<\/strong><\/p>\n<ul>\n<li>Cicha spr\u0119\u017carka, kt\u00f3ra maksymalnie ogranicza ha\u0142as emitowany przez urz\u0105dzenie.<\/li>\n<li>Uchwyt na p\u0142yty gipsowo-kartonowe.<\/li>\n<li>W\u00f3zek transportowy.<\/li>\n<\/ul>\n<p>&nbsp;<\/p>\n","protected":false},"featured_media":2600,"comment_status":"closed","ping_status":"closed","template":"","meta":[],"product_cat":[204,188],"product_tag":[],"class_list":{"0":"post-3405","1":"product","2":"type-product","3":"status-publish","4":"has-post-thumbnail","6":"product_cat-dzwigniki-pneumatyczne","7":"product_cat-podnosniki-materialowe","8":"pa_bediening-recznie","9":"pa_hefcapaciteit-125-kg-pl","10":"pa_hefhoogte-4-6-metr","11":"pa_merk-alp-lift-pl","13":"first","14":"instock","15":"shipping-taxable","16":"product-type-simple"},"yoast_head":"<!-- This site is optimized with the Yoast SEO plugin v24.0 - https:\/\/yoast.com\/wordpress\/plugins\/seo\/ -->\n<title>D\u017awignik pneumatyczny \u2013 LL380 - Alp Lift Polska<\/title>\n<meta name=\"description\" content=\"D\u017awigniki pneumatyczne firmy Alp Lift stanowi\u0105 najskuteczniejszy spos\u00f3b podnoszenia mniejszych \u0142adunk\u00f3w o wadze do 125 kg. Popro\u015b o wycen\u0119 przez Internet.\" \/>\n<meta name=\"robots\" content=\"noindex, follow, max-snippet:-1, max-image-preview:large, max-video-preview:-1\" \/>\n<meta property=\"og:locale\" content=\"pl_PL\" \/>\n<meta property=\"og:type\" content=\"article\" \/>\n<meta property=\"og:title\" content=\"D\u017awignik pneumatyczny \u2013 LL380 - Alp Lift Polska\" \/>\n<meta property=\"og:description\" content=\"D\u017awigniki pneumatyczne firmy Alp Lift stanowi\u0105 najskuteczniejszy spos\u00f3b podnoszenia mniejszych \u0142adunk\u00f3w o wadze do 125 kg. Popro\u015b o wycen\u0119 przez Internet.\" \/>\n<meta property=\"og:url\" content=\"https:\/\/oud.alplift.com\/pl\/produkt\/dzwignik-pneumatyczny-ll380\/\" \/>\n<meta property=\"og:site_name\" content=\"Alp Lift\" \/>\n<meta property=\"article:modified_time\" content=\"2021-02-07T10:44:44+00:00\" \/>\n<meta property=\"og:image\" content=\"https:\/\/oud.alplift.com\/wp-content\/uploads\/2021\/01\/Luchtlift-low_res.jpg\" \/>\n\t<meta property=\"og:image:width\" content=\"1024\" \/>\n\t<meta property=\"og:image:height\" content=\"768\" \/>\n\t<meta property=\"og:image:type\" content=\"image\/jpeg\" \/>\n<meta name=\"twitter:card\" content=\"summary_large_image\" \/>\n<script type=\"application\/ld+json\" class=\"yoast-schema-graph\">{\"@context\":\"https:\/\/schema.org\",\"@graph\":[{\"@type\":\"WebPage\",\"@id\":\"https:\/\/oud.alplift.com\/pl\/produkt\/dzwignik-pneumatyczny-ll380\/\",\"url\":\"https:\/\/oud.alplift.com\/pl\/produkt\/dzwignik-pneumatyczny-ll380\/\",\"name\":\"D\u017awignik pneumatyczny \u2013 LL380 - Alp Lift Polska\",\"isPartOf\":{\"@id\":\"https:\/\/oud.alplift.com\/pl\/#website\"},\"primaryImageOfPage\":{\"@id\":\"https:\/\/oud.alplift.com\/pl\/produkt\/dzwignik-pneumatyczny-ll380\/#primaryimage\"},\"image\":{\"@id\":\"https:\/\/oud.alplift.com\/pl\/produkt\/dzwignik-pneumatyczny-ll380\/#primaryimage\"},\"thumbnailUrl\":\"https:\/\/oud.alplift.com\/wp-content\/uploads\/2021\/01\/Luchtlift-low_res.jpg\",\"datePublished\":\"2020-10-07T06:21:25+00:00\",\"dateModified\":\"2021-02-07T10:44:44+00:00\",\"description\":\"D\u017awigniki pneumatyczne firmy Alp Lift stanowi\u0105 najskuteczniejszy spos\u00f3b podnoszenia mniejszych \u0142adunk\u00f3w o wadze do 125 kg. Popro\u015b o wycen\u0119 przez Internet.\",\"breadcrumb\":{\"@id\":\"https:\/\/oud.alplift.com\/pl\/produkt\/dzwignik-pneumatyczny-ll380\/#breadcrumb\"},\"inLanguage\":\"pl-PL\",\"potentialAction\":[{\"@type\":\"ReadAction\",\"target\":[\"https:\/\/oud.alplift.com\/pl\/produkt\/dzwignik-pneumatyczny-ll380\/\"]}]},{\"@type\":\"ImageObject\",\"inLanguage\":\"pl-PL\",\"@id\":\"https:\/\/oud.alplift.com\/pl\/produkt\/dzwignik-pneumatyczny-ll380\/#primaryimage\",\"url\":\"https:\/\/oud.alplift.com\/wp-content\/uploads\/2021\/01\/Luchtlift-low_res.jpg\",\"contentUrl\":\"https:\/\/oud.alplift.com\/wp-content\/uploads\/2021\/01\/Luchtlift-low_res.jpg\",\"width\":1024,\"height\":768},{\"@type\":\"BreadcrumbList\",\"@id\":\"https:\/\/oud.alplift.com\/pl\/produkt\/dzwignik-pneumatyczny-ll380\/#breadcrumb\",\"itemListElement\":[{\"@type\":\"ListItem\",\"position\":1,\"name\":\"Home\",\"item\":\"https:\/\/oud.alplift.com\/pl\/\"},{\"@type\":\"ListItem\",\"position\":2,\"name\":\"Winkel\",\"item\":\"https:\/\/oud.alplift.com\/winkel\/\"},{\"@type\":\"ListItem\",\"position\":3,\"name\":\"D\u017awignik pneumatyczny \u2013 LL380\"}]},{\"@type\":\"WebSite\",\"@id\":\"https:\/\/oud.alplift.com\/pl\/#website\",\"url\":\"https:\/\/oud.alplift.com\/pl\/\",\"name\":\"Alp Lift\",\"description\":\"Lifting Equipment\",\"potentialAction\":[{\"@type\":\"SearchAction\",\"target\":{\"@type\":\"EntryPoint\",\"urlTemplate\":\"https:\/\/oud.alplift.com\/pl\/?s={search_term_string}\"},\"query-input\":{\"@type\":\"PropertyValueSpecification\",\"valueRequired\":true,\"valueName\":\"search_term_string\"}}],\"inLanguage\":\"pl-PL\"}]}<\/script>\n<!-- \/ Yoast SEO plugin. -->","yoast_head_json":{"title":"D\u017awignik pneumatyczny \u2013 LL380 - Alp Lift Polska","description":"D\u017awigniki pneumatyczne firmy Alp Lift stanowi\u0105 najskuteczniejszy spos\u00f3b podnoszenia mniejszych \u0142adunk\u00f3w o wadze do 125 kg. Popro\u015b o wycen\u0119 przez Internet.","robots":{"index":"noindex","follow":"follow","max-snippet":"max-snippet:-1","max-image-preview":"max-image-preview:large","max-video-preview":"max-video-preview:-1"},"og_locale":"pl_PL","og_type":"article","og_title":"D\u017awignik pneumatyczny \u2013 LL380 - Alp Lift Polska","og_description":"D\u017awigniki pneumatyczne firmy Alp Lift stanowi\u0105 najskuteczniejszy spos\u00f3b podnoszenia mniejszych \u0142adunk\u00f3w o wadze do 125 kg. Popro\u015b o wycen\u0119 przez Internet.","og_url":"https:\/\/oud.alplift.com\/pl\/produkt\/dzwignik-pneumatyczny-ll380\/","og_site_name":"Alp Lift","article_modified_time":"2021-02-07T10:44:44+00:00","og_image":[{"width":1024,"height":768,"url":"https:\/\/oud.alplift.com\/wp-content\/uploads\/2021\/01\/Luchtlift-low_res.jpg","type":"image\/jpeg"}],"twitter_card":"summary_large_image","schema":{"@context":"https:\/\/schema.org","@graph":[{"@type":"WebPage","@id":"https:\/\/oud.alplift.com\/pl\/produkt\/dzwignik-pneumatyczny-ll380\/","url":"https:\/\/oud.alplift.com\/pl\/produkt\/dzwignik-pneumatyczny-ll380\/","name":"D\u017awignik pneumatyczny \u2013 LL380 - Alp Lift Polska","isPartOf":{"@id":"https:\/\/oud.alplift.com\/pl\/#website"},"primaryImageOfPage":{"@id":"https:\/\/oud.alplift.com\/pl\/produkt\/dzwignik-pneumatyczny-ll380\/#primaryimage"},"image":{"@id":"https:\/\/oud.alplift.com\/pl\/produkt\/dzwignik-pneumatyczny-ll380\/#primaryimage"},"thumbnailUrl":"https:\/\/oud.alplift.com\/wp-content\/uploads\/2021\/01\/Luchtlift-low_res.jpg","datePublished":"2020-10-07T06:21:25+00:00","dateModified":"2021-02-07T10:44:44+00:00","description":"D\u017awigniki pneumatyczne firmy Alp Lift stanowi\u0105 najskuteczniejszy spos\u00f3b podnoszenia mniejszych \u0142adunk\u00f3w o wadze do 125 kg. Popro\u015b o wycen\u0119 przez Internet.","breadcrumb":{"@id":"https:\/\/oud.alplift.com\/pl\/produkt\/dzwignik-pneumatyczny-ll380\/#breadcrumb"},"inLanguage":"pl-PL","potentialAction":[{"@type":"ReadAction","target":["https:\/\/oud.alplift.com\/pl\/produkt\/dzwignik-pneumatyczny-ll380\/"]}]},{"@type":"ImageObject","inLanguage":"pl-PL","@id":"https:\/\/oud.alplift.com\/pl\/produkt\/dzwignik-pneumatyczny-ll380\/#primaryimage","url":"https:\/\/oud.alplift.com\/wp-content\/uploads\/2021\/01\/Luchtlift-low_res.jpg","contentUrl":"https:\/\/oud.alplift.com\/wp-content\/uploads\/2021\/01\/Luchtlift-low_res.jpg","width":1024,"height":768},{"@type":"BreadcrumbList","@id":"https:\/\/oud.alplift.com\/pl\/produkt\/dzwignik-pneumatyczny-ll380\/#breadcrumb","itemListElement":[{"@type":"ListItem","position":1,"name":"Home","item":"https:\/\/oud.alplift.com\/pl\/"},{"@type":"ListItem","position":2,"name":"Winkel","item":"https:\/\/oud.alplift.com\/winkel\/"},{"@type":"ListItem","position":3,"name":"D\u017awignik pneumatyczny \u2013 LL380"}]},{"@type":"WebSite","@id":"https:\/\/oud.alplift.com\/pl\/#website","url":"https:\/\/oud.alplift.com\/pl\/","name":"Alp Lift","description":"Lifting Equipment","potentialAction":[{"@type":"SearchAction","target":{"@type":"EntryPoint","urlTemplate":"https:\/\/oud.alplift.com\/pl\/?s={search_term_string}"},"query-input":{"@type":"PropertyValueSpecification","valueRequired":true,"valueName":"search_term_string"}}],"inLanguage":"pl-PL"}]}},"_links":{"self":[{"href":"https:\/\/oud.alplift.com\/pl\/wp-json\/wp\/v2\/product\/3405","targetHints":{"allow":["GET"]}}],"collection":[{"href":"https:\/\/oud.alplift.com\/pl\/wp-json\/wp\/v2\/product"}],"about":[{"href":"https:\/\/oud.alplift.com\/pl\/wp-json\/wp\/v2\/types\/product"}],"replies":[{"embeddable":true,"href":"https:\/\/oud.alplift.com\/pl\/wp-json\/wp\/v2\/comments?post=3405"}],"wp:featuredmedia":[{"embeddable":true,"href":"https:\/\/oud.alplift.com\/pl\/wp-json\/wp\/v2\/media\/2600"}],"wp:attachment":[{"href":"https:\/\/oud.alplift.com\/pl\/wp-json\/wp\/v2\/media?parent=3405"}],"wp:term":[{"taxonomy":"product_cat","embeddable":true,"href":"https:\/\/oud.alplift.com\/pl\/wp-json\/wp\/v2\/product_cat?post=3405"},{"taxonomy":"product_tag","embeddable":true,"href":"https:\/\/oud.alplift.com\/pl\/wp-json\/wp\/v2\/product_tag?post=3405"}],"curies":[{"name":"wp","href":"https:\/\/api.w.org\/{rel}","templated":true}]}}