
{"id":3403,"date":"2020-07-06T15:15:04","date_gmt":"2020-07-06T13:15:04","guid":{"rendered":"https:\/\/oud.alplift.com\/product\/podnosnik-przegubowy-elektryczny-za14je-zoomlion\/"},"modified":"2021-01-21T10:10:07","modified_gmt":"2021-01-21T09:10:07","slug":"podnosnik-przegubowy-elektryczny-za14je-zoomlion","status":"publish","type":"product","link":"https:\/\/oud.alplift.com\/pl\/produkt\/podnosnik-przegubowy-elektryczny-za14je-zoomlion\/","title":{"rendered":"Podno\u015bnik przegubowy elektryczny ZA14JE &#8211; Zoomlion"},"content":{"rendered":"","protected":false},"excerpt":{"rendered":"<p>Podno\u015bnik przegubowy ZA14JE firmy Zoomlion to elektryczny podno\u015bnik koszowy o zasi\u0119gu roboczym 16 metr\u00f3w i ud\u017awigu 230 kg. Podno\u015bniki przegubowe Zoomlion oferuj\u0105 wysok\u0105 wydajno\u015b\u0107, du\u017cy zasi\u0119g i \u0142atw\u0105 konserwacj\u0119. Dzi\u0119ki niskiemu poziomowi ha\u0142asu i zerowej emisji platforma powietrzna jest idealna do zastosowa\u0144 wewn\u0119trznych. Doskona\u0142y system zarz\u0105dzania energi\u0105 zapewnia d\u0142u\u017cszy czas dzia\u0142ania i wyd\u0142u\u017ca \u017cywotno\u015b\u0107 baterii. Zasi\u0119g roboczy tych platform roboczych (poziomy i pionowy) jest wyj\u0105tkowy przy pe\u0142nym obci\u0105\u017ceniu koszyka. Wszystkie modele maj\u0105 JIB z obrotow\u0105 platform\u0105 o 90 \u00b0, a wi\u0119kszo\u015b\u0107 modeli mo\u017ce obraca\u0107 si\u0119 o 360 \u00b0.<\/p>\n<p><strong>Dane techniczne:<\/strong><\/p>\n<ul>\n<li>Wysoko\u015b\u0107 robocza w pionie: 16,00 m<\/li>\n<li>Wysoko\u015b\u0107 robocza pozioma: 7,50 m<\/li>\n<li>Ud\u017awig: 230 kg<\/li>\n<li>Wysoko\u015b\u0107 transportowa: 2,00 m<\/li>\n<li>D\u0142ugo\u015b\u0107 x szeroko\u015b\u0107: 6,60 x 1,75 m.<\/li>\n<li>Waga: 8800 kg<\/li>\n<li>Zasilacz: 8 x 6V<\/li>\n<\/ul>\n","protected":false},"featured_media":0,"comment_status":"closed","ping_status":"open","template":"","meta":[],"product_cat":[156,164],"product_tag":[],"class_list":{"0":"post-3403","1":"product","2":"type-product","3":"status-publish","5":"product_cat-podnosniki-koszowe","6":"product_cat-podnosniki-przegubowy","8":"first","9":"instock","10":"shipping-taxable","11":"product-type-simple"},"yoast_head":"<!-- This site is optimized with the Yoast SEO plugin v24.0 - https:\/\/yoast.com\/wordpress\/plugins\/seo\/ -->\n<title>Zoomlion - podno\u015bnik przegubowy ZA14JE - nowa marka w Alp Lift<\/title>\n<meta name=\"description\" content=\"Podno\u015bniki przegubowe Zoomlion o du\u017cej pojemno\u015bci i wyj\u0105tkowym zasi\u0119gu. Zobacz nasz\u0105 ofert\u0119 produkt\u00f3w Zoomlion na alplift.com\" \/>\n<meta name=\"robots\" content=\"noindex, follow, max-snippet:-1, max-image-preview:large, max-video-preview:-1\" \/>\n<meta property=\"og:locale\" content=\"pl_PL\" \/>\n<meta property=\"og:type\" content=\"article\" \/>\n<meta property=\"og:title\" content=\"Zoomlion - podno\u015bnik przegubowy ZA14JE - nowa marka w Alp Lift\" \/>\n<meta property=\"og:description\" content=\"Podno\u015bniki przegubowe Zoomlion o du\u017cej pojemno\u015bci i wyj\u0105tkowym zasi\u0119gu. Zobacz nasz\u0105 ofert\u0119 produkt\u00f3w Zoomlion na alplift.com\" \/>\n<meta property=\"og:url\" content=\"https:\/\/oud.alplift.com\/pl\/produkt\/podnosnik-przegubowy-elektryczny-za14je-zoomlion\/\" \/>\n<meta property=\"og:site_name\" content=\"Alp Lift\" \/>\n<meta property=\"article:modified_time\" content=\"2021-01-21T09:10:07+00:00\" \/>\n<meta name=\"twitter:card\" content=\"summary_large_image\" \/>\n<script type=\"application\/ld+json\" class=\"yoast-schema-graph\">{\"@context\":\"https:\/\/schema.org\",\"@graph\":[{\"@type\":\"WebPage\",\"@id\":\"https:\/\/oud.alplift.com\/pl\/produkt\/podnosnik-przegubowy-elektryczny-za14je-zoomlion\/\",\"url\":\"https:\/\/oud.alplift.com\/pl\/produkt\/podnosnik-przegubowy-elektryczny-za14je-zoomlion\/\",\"name\":\"Zoomlion - podno\u015bnik przegubowy ZA14JE - nowa marka w Alp Lift\",\"isPartOf\":{\"@id\":\"https:\/\/oud.alplift.com\/pl\/#website\"},\"datePublished\":\"2020-07-06T13:15:04+00:00\",\"dateModified\":\"2021-01-21T09:10:07+00:00\",\"description\":\"Podno\u015bniki przegubowe Zoomlion o du\u017cej pojemno\u015bci i wyj\u0105tkowym zasi\u0119gu. Zobacz nasz\u0105 ofert\u0119 produkt\u00f3w Zoomlion na alplift.com\",\"breadcrumb\":{\"@id\":\"https:\/\/oud.alplift.com\/pl\/produkt\/podnosnik-przegubowy-elektryczny-za14je-zoomlion\/#breadcrumb\"},\"inLanguage\":\"pl-PL\",\"potentialAction\":[{\"@type\":\"ReadAction\",\"target\":[\"https:\/\/oud.alplift.com\/pl\/produkt\/podnosnik-przegubowy-elektryczny-za14je-zoomlion\/\"]}]},{\"@type\":\"BreadcrumbList\",\"@id\":\"https:\/\/oud.alplift.com\/pl\/produkt\/podnosnik-przegubowy-elektryczny-za14je-zoomlion\/#breadcrumb\",\"itemListElement\":[{\"@type\":\"ListItem\",\"position\":1,\"name\":\"Home\",\"item\":\"https:\/\/oud.alplift.com\/pl\/\"},{\"@type\":\"ListItem\",\"position\":2,\"name\":\"Winkel\",\"item\":\"https:\/\/oud.alplift.com\/winkel\/\"},{\"@type\":\"ListItem\",\"position\":3,\"name\":\"Podno\u015bnik przegubowy elektryczny ZA14JE &#8211; Zoomlion\"}]},{\"@type\":\"WebSite\",\"@id\":\"https:\/\/oud.alplift.com\/pl\/#website\",\"url\":\"https:\/\/oud.alplift.com\/pl\/\",\"name\":\"Alp Lift\",\"description\":\"Lifting Equipment\",\"potentialAction\":[{\"@type\":\"SearchAction\",\"target\":{\"@type\":\"EntryPoint\",\"urlTemplate\":\"https:\/\/oud.alplift.com\/pl\/?s={search_term_string}\"},\"query-input\":{\"@type\":\"PropertyValueSpecification\",\"valueRequired\":true,\"valueName\":\"search_term_string\"}}],\"inLanguage\":\"pl-PL\"}]}<\/script>\n<!-- \/ Yoast SEO plugin. -->","yoast_head_json":{"title":"Zoomlion - podno\u015bnik przegubowy ZA14JE - nowa marka w Alp Lift","description":"Podno\u015bniki przegubowe Zoomlion o du\u017cej pojemno\u015bci i wyj\u0105tkowym zasi\u0119gu. Zobacz nasz\u0105 ofert\u0119 produkt\u00f3w Zoomlion na alplift.com","robots":{"index":"noindex","follow":"follow","max-snippet":"max-snippet:-1","max-image-preview":"max-image-preview:large","max-video-preview":"max-video-preview:-1"},"og_locale":"pl_PL","og_type":"article","og_title":"Zoomlion - podno\u015bnik przegubowy ZA14JE - nowa marka w Alp Lift","og_description":"Podno\u015bniki przegubowe Zoomlion o du\u017cej pojemno\u015bci i wyj\u0105tkowym zasi\u0119gu. Zobacz nasz\u0105 ofert\u0119 produkt\u00f3w Zoomlion na alplift.com","og_url":"https:\/\/oud.alplift.com\/pl\/produkt\/podnosnik-przegubowy-elektryczny-za14je-zoomlion\/","og_site_name":"Alp Lift","article_modified_time":"2021-01-21T09:10:07+00:00","twitter_card":"summary_large_image","schema":{"@context":"https:\/\/schema.org","@graph":[{"@type":"WebPage","@id":"https:\/\/oud.alplift.com\/pl\/produkt\/podnosnik-przegubowy-elektryczny-za14je-zoomlion\/","url":"https:\/\/oud.alplift.com\/pl\/produkt\/podnosnik-przegubowy-elektryczny-za14je-zoomlion\/","name":"Zoomlion - podno\u015bnik przegubowy ZA14JE - nowa marka w Alp Lift","isPartOf":{"@id":"https:\/\/oud.alplift.com\/pl\/#website"},"datePublished":"2020-07-06T13:15:04+00:00","dateModified":"2021-01-21T09:10:07+00:00","description":"Podno\u015bniki przegubowe Zoomlion o du\u017cej pojemno\u015bci i wyj\u0105tkowym zasi\u0119gu. Zobacz nasz\u0105 ofert\u0119 produkt\u00f3w Zoomlion na alplift.com","breadcrumb":{"@id":"https:\/\/oud.alplift.com\/pl\/produkt\/podnosnik-przegubowy-elektryczny-za14je-zoomlion\/#breadcrumb"},"inLanguage":"pl-PL","potentialAction":[{"@type":"ReadAction","target":["https:\/\/oud.alplift.com\/pl\/produkt\/podnosnik-przegubowy-elektryczny-za14je-zoomlion\/"]}]},{"@type":"BreadcrumbList","@id":"https:\/\/oud.alplift.com\/pl\/produkt\/podnosnik-przegubowy-elektryczny-za14je-zoomlion\/#breadcrumb","itemListElement":[{"@type":"ListItem","position":1,"name":"Home","item":"https:\/\/oud.alplift.com\/pl\/"},{"@type":"ListItem","position":2,"name":"Winkel","item":"https:\/\/oud.alplift.com\/winkel\/"},{"@type":"ListItem","position":3,"name":"Podno\u015bnik przegubowy elektryczny ZA14JE &#8211; Zoomlion"}]},{"@type":"WebSite","@id":"https:\/\/oud.alplift.com\/pl\/#website","url":"https:\/\/oud.alplift.com\/pl\/","name":"Alp Lift","description":"Lifting Equipment","potentialAction":[{"@type":"SearchAction","target":{"@type":"EntryPoint","urlTemplate":"https:\/\/oud.alplift.com\/pl\/?s={search_term_string}"},"query-input":{"@type":"PropertyValueSpecification","valueRequired":true,"valueName":"search_term_string"}}],"inLanguage":"pl-PL"}]}},"_links":{"self":[{"href":"https:\/\/oud.alplift.com\/pl\/wp-json\/wp\/v2\/product\/3403","targetHints":{"allow":["GET"]}}],"collection":[{"href":"https:\/\/oud.alplift.com\/pl\/wp-json\/wp\/v2\/product"}],"about":[{"href":"https:\/\/oud.alplift.com\/pl\/wp-json\/wp\/v2\/types\/product"}],"replies":[{"embeddable":true,"href":"https:\/\/oud.alplift.com\/pl\/wp-json\/wp\/v2\/comments?post=3403"}],"wp:attachment":[{"href":"https:\/\/oud.alplift.com\/pl\/wp-json\/wp\/v2\/media?parent=3403"}],"wp:term":[{"taxonomy":"product_cat","embeddable":true,"href":"https:\/\/oud.alplift.com\/pl\/wp-json\/wp\/v2\/product_cat?post=3403"},{"taxonomy":"product_tag","embeddable":true,"href":"https:\/\/oud.alplift.com\/pl\/wp-json\/wp\/v2\/product_tag?post=3403"}],"curies":[{"name":"wp","href":"https:\/\/api.w.org\/{rel}","templated":true}]}}