
{"id":3402,"date":"2020-07-06T15:40:00","date_gmt":"2020-07-06T13:40:00","guid":{"rendered":"https:\/\/oud.alplift.com\/product\/podnosnik-przegubowy-elektryczny-za20je-zoomlion\/"},"modified":"2021-01-21T10:10:05","modified_gmt":"2021-01-21T09:10:05","slug":"podnosnik-przegubowy-elektryczny-za20je-zoomlion","status":"publish","type":"product","link":"https:\/\/oud.alplift.com\/pl\/produkt\/podnosnik-przegubowy-elektryczny-za20je-zoomlion\/","title":{"rendered":"Podno\u015bnik przegubowy elektryczny ZA20JE &#8211; Zoomlion"},"content":{"rendered":"","protected":false},"excerpt":{"rendered":"<p>Podno\u015bnik przegubowy ZA20JE firmy Zoomlion jest elektrycznym podno\u015bnikiem wysi\u0119gnika o zasi\u0119gu roboczym 21,50 metr\u00f3w i ud\u017awigu 250 kg. Podno\u015bniki przegubowe Zoomlion oferuj\u0105 wysok\u0105 wydajno\u015b\u0107, du\u017cy zasi\u0119g i \u0142atw\u0105 konserwacj\u0119. Wi\u0119ksza koperta robocza zapewnia dost\u0119p do trudno dost\u0119pnych miejsc. Elektryczne podno\u015bniki przegubowe s\u0105 przyjazne dla \u015brodowiska przy zerowej emisji, odpowiednie dla wra\u017cliwych \u015brodowisk pracy.<\/p>\n<p>Ten ZA20JE przyjmuje centralny uk\u0142ad i ma doskona\u0142\u0105 sztywno\u015b\u0107 strukturaln\u0105. Doskona\u0142y system zarz\u0105dzania energi\u0105 zapewnia d\u0142u\u017cszy czas pracy i wyd\u0142u\u017ca \u017cywotno\u015b\u0107 baterii. Dok\u0142adny i wydajny uk\u0142ad nap\u0119dowy pr\u0105du przemiennego zapewnia du\u017c\u0105 moc i p\u0142ynn\u0105 kontrol\u0119. Zaawansowany system podw\u00f3jnego sterowania (sterowanie zaworem + sterowanie pomp\u0105) zapewnia energooszcz\u0119dn\u0105 i wydajn\u0105 prac\u0119. Dzi\u0119ki niskiemu poziomowi ha\u0142asu, zerowej emisji i \u0142atwej konserwacji, ten podno\u015bnik jest idealny do zastosowa\u0144 wewn\u0119trznych.<\/p>\n<p><strong>Dane techniczne:<\/strong><\/p>\n<ul>\n<li>Wysoko\u015b\u0107 robocza w pionie: 21,50 m<\/li>\n<li>Wysoko\u015b\u0107 robocza pozioma: 11,45 m<\/li>\n<li>Ud\u017awig: 250 kg<\/li>\n<li>Wysoko\u015b\u0107 transportowa: 2,56 m<\/li>\n<li>D\u0142ugo\u015b\u0107 x szeroko\u015b\u0107: 8,72 x 2,49 m<\/li>\n<li>Waga: 9200 kg<\/li>\n<li>Zasilacz: 8 x 6V.<\/li>\n<\/ul>\n","protected":false},"featured_media":0,"comment_status":"closed","ping_status":"open","template":"","meta":[],"product_cat":[156,164],"product_tag":[],"class_list":{"0":"post-3402","1":"product","2":"type-product","3":"status-publish","5":"product_cat-podnosniki-koszowe","6":"product_cat-podnosniki-przegubowy","8":"first","9":"instock","10":"shipping-taxable","11":"product-type-simple"},"yoast_head":"<!-- This site is optimized with the Yoast SEO plugin v24.0 - https:\/\/yoast.com\/wordpress\/plugins\/seo\/ -->\n<title>Zoomlion - podno\u015bnik przegubowy ZA20JE - nowa marka w Alp Lift<\/title>\n<meta name=\"description\" content=\"Podno\u015bniki przegubowe Zoomlion o du\u017cej pojemno\u015bci i wyj\u0105tkowym zasi\u0119gu. Zobacz nasz\u0105 ofert\u0119 produkt\u00f3w Zoomlion na alplift.com\" \/>\n<meta name=\"robots\" content=\"noindex, follow, max-snippet:-1, max-image-preview:large, max-video-preview:-1\" \/>\n<meta property=\"og:locale\" content=\"pl_PL\" \/>\n<meta property=\"og:type\" content=\"article\" \/>\n<meta property=\"og:title\" content=\"Zoomlion - podno\u015bnik przegubowy ZA20JE - nowa marka w Alp Lift\" \/>\n<meta property=\"og:description\" content=\"Podno\u015bniki przegubowe Zoomlion o du\u017cej pojemno\u015bci i wyj\u0105tkowym zasi\u0119gu. Zobacz nasz\u0105 ofert\u0119 produkt\u00f3w Zoomlion na alplift.com\" \/>\n<meta property=\"og:url\" content=\"https:\/\/oud.alplift.com\/pl\/produkt\/podnosnik-przegubowy-elektryczny-za20je-zoomlion\/\" \/>\n<meta property=\"og:site_name\" content=\"Alp Lift\" \/>\n<meta property=\"article:modified_time\" content=\"2021-01-21T09:10:05+00:00\" \/>\n<meta name=\"twitter:card\" content=\"summary_large_image\" \/>\n<script type=\"application\/ld+json\" class=\"yoast-schema-graph\">{\"@context\":\"https:\/\/schema.org\",\"@graph\":[{\"@type\":\"WebPage\",\"@id\":\"https:\/\/oud.alplift.com\/pl\/produkt\/podnosnik-przegubowy-elektryczny-za20je-zoomlion\/\",\"url\":\"https:\/\/oud.alplift.com\/pl\/produkt\/podnosnik-przegubowy-elektryczny-za20je-zoomlion\/\",\"name\":\"Zoomlion - podno\u015bnik przegubowy ZA20JE - nowa marka w Alp Lift\",\"isPartOf\":{\"@id\":\"https:\/\/oud.alplift.com\/pl\/#website\"},\"datePublished\":\"2020-07-06T13:40:00+00:00\",\"dateModified\":\"2021-01-21T09:10:05+00:00\",\"description\":\"Podno\u015bniki przegubowe Zoomlion o du\u017cej pojemno\u015bci i wyj\u0105tkowym zasi\u0119gu. Zobacz nasz\u0105 ofert\u0119 produkt\u00f3w Zoomlion na alplift.com\",\"breadcrumb\":{\"@id\":\"https:\/\/oud.alplift.com\/pl\/produkt\/podnosnik-przegubowy-elektryczny-za20je-zoomlion\/#breadcrumb\"},\"inLanguage\":\"pl-PL\",\"potentialAction\":[{\"@type\":\"ReadAction\",\"target\":[\"https:\/\/oud.alplift.com\/pl\/produkt\/podnosnik-przegubowy-elektryczny-za20je-zoomlion\/\"]}]},{\"@type\":\"BreadcrumbList\",\"@id\":\"https:\/\/oud.alplift.com\/pl\/produkt\/podnosnik-przegubowy-elektryczny-za20je-zoomlion\/#breadcrumb\",\"itemListElement\":[{\"@type\":\"ListItem\",\"position\":1,\"name\":\"Home\",\"item\":\"https:\/\/oud.alplift.com\/pl\/\"},{\"@type\":\"ListItem\",\"position\":2,\"name\":\"Winkel\",\"item\":\"https:\/\/oud.alplift.com\/winkel\/\"},{\"@type\":\"ListItem\",\"position\":3,\"name\":\"Podno\u015bnik przegubowy elektryczny ZA20JE &#8211; Zoomlion\"}]},{\"@type\":\"WebSite\",\"@id\":\"https:\/\/oud.alplift.com\/pl\/#website\",\"url\":\"https:\/\/oud.alplift.com\/pl\/\",\"name\":\"Alp Lift\",\"description\":\"Lifting Equipment\",\"potentialAction\":[{\"@type\":\"SearchAction\",\"target\":{\"@type\":\"EntryPoint\",\"urlTemplate\":\"https:\/\/oud.alplift.com\/pl\/?s={search_term_string}\"},\"query-input\":{\"@type\":\"PropertyValueSpecification\",\"valueRequired\":true,\"valueName\":\"search_term_string\"}}],\"inLanguage\":\"pl-PL\"}]}<\/script>\n<!-- \/ Yoast SEO plugin. -->","yoast_head_json":{"title":"Zoomlion - podno\u015bnik przegubowy ZA20JE - nowa marka w Alp Lift","description":"Podno\u015bniki przegubowe Zoomlion o du\u017cej pojemno\u015bci i wyj\u0105tkowym zasi\u0119gu. Zobacz nasz\u0105 ofert\u0119 produkt\u00f3w Zoomlion na alplift.com","robots":{"index":"noindex","follow":"follow","max-snippet":"max-snippet:-1","max-image-preview":"max-image-preview:large","max-video-preview":"max-video-preview:-1"},"og_locale":"pl_PL","og_type":"article","og_title":"Zoomlion - podno\u015bnik przegubowy ZA20JE - nowa marka w Alp Lift","og_description":"Podno\u015bniki przegubowe Zoomlion o du\u017cej pojemno\u015bci i wyj\u0105tkowym zasi\u0119gu. Zobacz nasz\u0105 ofert\u0119 produkt\u00f3w Zoomlion na alplift.com","og_url":"https:\/\/oud.alplift.com\/pl\/produkt\/podnosnik-przegubowy-elektryczny-za20je-zoomlion\/","og_site_name":"Alp Lift","article_modified_time":"2021-01-21T09:10:05+00:00","twitter_card":"summary_large_image","schema":{"@context":"https:\/\/schema.org","@graph":[{"@type":"WebPage","@id":"https:\/\/oud.alplift.com\/pl\/produkt\/podnosnik-przegubowy-elektryczny-za20je-zoomlion\/","url":"https:\/\/oud.alplift.com\/pl\/produkt\/podnosnik-przegubowy-elektryczny-za20je-zoomlion\/","name":"Zoomlion - podno\u015bnik przegubowy ZA20JE - nowa marka w Alp Lift","isPartOf":{"@id":"https:\/\/oud.alplift.com\/pl\/#website"},"datePublished":"2020-07-06T13:40:00+00:00","dateModified":"2021-01-21T09:10:05+00:00","description":"Podno\u015bniki przegubowe Zoomlion o du\u017cej pojemno\u015bci i wyj\u0105tkowym zasi\u0119gu. Zobacz nasz\u0105 ofert\u0119 produkt\u00f3w Zoomlion na alplift.com","breadcrumb":{"@id":"https:\/\/oud.alplift.com\/pl\/produkt\/podnosnik-przegubowy-elektryczny-za20je-zoomlion\/#breadcrumb"},"inLanguage":"pl-PL","potentialAction":[{"@type":"ReadAction","target":["https:\/\/oud.alplift.com\/pl\/produkt\/podnosnik-przegubowy-elektryczny-za20je-zoomlion\/"]}]},{"@type":"BreadcrumbList","@id":"https:\/\/oud.alplift.com\/pl\/produkt\/podnosnik-przegubowy-elektryczny-za20je-zoomlion\/#breadcrumb","itemListElement":[{"@type":"ListItem","position":1,"name":"Home","item":"https:\/\/oud.alplift.com\/pl\/"},{"@type":"ListItem","position":2,"name":"Winkel","item":"https:\/\/oud.alplift.com\/winkel\/"},{"@type":"ListItem","position":3,"name":"Podno\u015bnik przegubowy elektryczny ZA20JE &#8211; Zoomlion"}]},{"@type":"WebSite","@id":"https:\/\/oud.alplift.com\/pl\/#website","url":"https:\/\/oud.alplift.com\/pl\/","name":"Alp Lift","description":"Lifting Equipment","potentialAction":[{"@type":"SearchAction","target":{"@type":"EntryPoint","urlTemplate":"https:\/\/oud.alplift.com\/pl\/?s={search_term_string}"},"query-input":{"@type":"PropertyValueSpecification","valueRequired":true,"valueName":"search_term_string"}}],"inLanguage":"pl-PL"}]}},"_links":{"self":[{"href":"https:\/\/oud.alplift.com\/pl\/wp-json\/wp\/v2\/product\/3402","targetHints":{"allow":["GET"]}}],"collection":[{"href":"https:\/\/oud.alplift.com\/pl\/wp-json\/wp\/v2\/product"}],"about":[{"href":"https:\/\/oud.alplift.com\/pl\/wp-json\/wp\/v2\/types\/product"}],"replies":[{"embeddable":true,"href":"https:\/\/oud.alplift.com\/pl\/wp-json\/wp\/v2\/comments?post=3402"}],"wp:attachment":[{"href":"https:\/\/oud.alplift.com\/pl\/wp-json\/wp\/v2\/media?parent=3402"}],"wp:term":[{"taxonomy":"product_cat","embeddable":true,"href":"https:\/\/oud.alplift.com\/pl\/wp-json\/wp\/v2\/product_cat?post=3402"},{"taxonomy":"product_tag","embeddable":true,"href":"https:\/\/oud.alplift.com\/pl\/wp-json\/wp\/v2\/product_tag?post=3402"}],"curies":[{"name":"wp","href":"https:\/\/api.w.org\/{rel}","templated":true}]}}