
{"id":3401,"date":"2020-07-14T11:52:21","date_gmt":"2020-07-14T09:52:21","guid":{"rendered":"https:\/\/oud.alplift.com\/product\/podnosnik-przegubowy-za14j-zoomlion\/"},"modified":"2021-01-21T10:09:59","modified_gmt":"2021-01-21T09:09:59","slug":"podnosnik-przegubowy-za14j-zoomlion","status":"publish","type":"product","link":"https:\/\/oud.alplift.com\/pl\/produkt\/podnosnik-przegubowy-za14j-zoomlion\/","title":{"rendered":"Podno\u015bnik przegubowy ZA14J &#8211; Zoomlion"},"content":{"rendered":"","protected":false},"excerpt":{"rendered":"<p>Podno\u015bnik przegubowy ZA14J od Zoomlion ma zasi\u0119g roboczy 15,80 metr\u00f3w i ud\u017awig 300 kg. Podno\u015bniki przegubowe Zoomlion oferuj\u0105 wysok\u0105 wydajno\u015b\u0107, du\u017cy zasi\u0119g i \u0142atw\u0105 konserwacj\u0119. Wi\u0119ksza koperta robocza zapewnia dost\u0119p do trudno dost\u0119pnych miejsc. Linia podno\u015bnik\u00f3w przegubowych z silnikiem wysokopr\u0119\u017cnym pomaga utrzyma\u0107 wysok\u0105 wydajno\u015b\u0107.<\/p>\n<p>ZA14J charakteryzuje si\u0119 du\u017c\u0105 pojemno\u015bci\u0105, wysok\u0105 niezawodno\u015bci\u0105, dok\u0142adn\u0105 kontrol\u0105 i \u015bwietn\u0105 wydajno\u015bci\u0105. Ma wytrzyma\u0142o\u015b\u0107 na obci\u0105\u017cenia do 300 kg. Nasz uk\u0142ad hydrauliczny z zaworem wielodrogowym dla precyzyjnego rozdzia\u0142u przep\u0142ywu i wysokiej precyzji wa\u017cenia \u2264 \u00b1 5 kg gwarantuje wydajne dzia\u0142anie. Mocny i energooszcz\u0119dny system zasilania z profesjonalnym podwoziem terenowym pozwala poradzi\u0107 sobie w trudnych warunkach drogowych. Diagnostyka pok\u0142adowa, konstrukcja bez smarowania i odchylana taca silnika u\u0142atwiaj\u0105 konserwacj\u0119 i zmniejszaj\u0105 ca\u0142kowity koszt.<\/p>\n<p><strong>Dane techniczne:<\/strong><\/p>\n<ul>\n<li>Wysoko\u015b\u0107 robocza w pionie: 15,80 m<\/li>\n<li>Wysoko\u015b\u0107 robocza pozioma: 7,70 m<\/li>\n<li>Ud\u017awig: 300 kg<\/li>\n<li>Wysoko\u015b\u0107 transportowa: 2,27 m<\/li>\n<li>D\u0142ugo\u015b\u0107 x szeroko\u015b\u0107: 6,57 x 2,30 m<\/li>\n<li>Waga: 7100 kg<\/li>\n<li>Z<span class=\"tlid-translation translation\" lang=\"pl\"><span title=\">asilacz<\/span><\/span>: Perkin lub Deutz<\/li>\n<\/ul>\n","protected":false},"featured_media":0,"comment_status":"closed","ping_status":"open","template":"","meta":[],"product_cat":[156,164],"product_tag":[],"class_list":{"0":"post-3401","1":"product","2":"type-product","3":"status-publish","5":"product_cat-podnosniki-koszowe","6":"product_cat-podnosniki-przegubowy","8":"first","9":"instock","10":"shipping-taxable","11":"product-type-simple"},"yoast_head":"<!-- This site is optimized with the Yoast SEO plugin v24.0 - https:\/\/yoast.com\/wordpress\/plugins\/seo\/ -->\n<title>Zoomlion - podno\u015bnik przegubowy ZA14J - nowa marka w Alp Lift<\/title>\n<meta name=\"description\" content=\"Podno\u015bniki przegubowe Zoomlion o du\u017cej pojemno\u015bci i wyj\u0105tkowym zasi\u0119gu. Zobacz nasz\u0105 ofert\u0119 produkt\u00f3w Zoomlion na alplift.com\" \/>\n<meta name=\"robots\" content=\"noindex, follow, max-snippet:-1, max-image-preview:large, max-video-preview:-1\" \/>\n<meta property=\"og:locale\" content=\"pl_PL\" \/>\n<meta property=\"og:type\" content=\"article\" \/>\n<meta property=\"og:title\" content=\"Zoomlion - podno\u015bnik przegubowy ZA14J - nowa marka w Alp Lift\" \/>\n<meta property=\"og:description\" content=\"Podno\u015bniki przegubowe Zoomlion o du\u017cej pojemno\u015bci i wyj\u0105tkowym zasi\u0119gu. Zobacz nasz\u0105 ofert\u0119 produkt\u00f3w Zoomlion na alplift.com\" \/>\n<meta property=\"og:url\" content=\"https:\/\/oud.alplift.com\/pl\/produkt\/podnosnik-przegubowy-za14j-zoomlion\/\" \/>\n<meta property=\"og:site_name\" content=\"Alp Lift\" \/>\n<meta property=\"article:modified_time\" content=\"2021-01-21T09:09:59+00:00\" \/>\n<meta name=\"twitter:card\" content=\"summary_large_image\" \/>\n<script type=\"application\/ld+json\" class=\"yoast-schema-graph\">{\"@context\":\"https:\/\/schema.org\",\"@graph\":[{\"@type\":\"WebPage\",\"@id\":\"https:\/\/oud.alplift.com\/pl\/produkt\/podnosnik-przegubowy-za14j-zoomlion\/\",\"url\":\"https:\/\/oud.alplift.com\/pl\/produkt\/podnosnik-przegubowy-za14j-zoomlion\/\",\"name\":\"Zoomlion - podno\u015bnik przegubowy ZA14J - nowa marka w Alp Lift\",\"isPartOf\":{\"@id\":\"https:\/\/oud.alplift.com\/pl\/#website\"},\"datePublished\":\"2020-07-14T09:52:21+00:00\",\"dateModified\":\"2021-01-21T09:09:59+00:00\",\"description\":\"Podno\u015bniki przegubowe Zoomlion o du\u017cej pojemno\u015bci i wyj\u0105tkowym zasi\u0119gu. Zobacz nasz\u0105 ofert\u0119 produkt\u00f3w Zoomlion na alplift.com\",\"breadcrumb\":{\"@id\":\"https:\/\/oud.alplift.com\/pl\/produkt\/podnosnik-przegubowy-za14j-zoomlion\/#breadcrumb\"},\"inLanguage\":\"pl-PL\",\"potentialAction\":[{\"@type\":\"ReadAction\",\"target\":[\"https:\/\/oud.alplift.com\/pl\/produkt\/podnosnik-przegubowy-za14j-zoomlion\/\"]}]},{\"@type\":\"BreadcrumbList\",\"@id\":\"https:\/\/oud.alplift.com\/pl\/produkt\/podnosnik-przegubowy-za14j-zoomlion\/#breadcrumb\",\"itemListElement\":[{\"@type\":\"ListItem\",\"position\":1,\"name\":\"Home\",\"item\":\"https:\/\/oud.alplift.com\/pl\/\"},{\"@type\":\"ListItem\",\"position\":2,\"name\":\"Winkel\",\"item\":\"https:\/\/oud.alplift.com\/winkel\/\"},{\"@type\":\"ListItem\",\"position\":3,\"name\":\"Podno\u015bnik przegubowy ZA14J &#8211; Zoomlion\"}]},{\"@type\":\"WebSite\",\"@id\":\"https:\/\/oud.alplift.com\/pl\/#website\",\"url\":\"https:\/\/oud.alplift.com\/pl\/\",\"name\":\"Alp Lift\",\"description\":\"Lifting Equipment\",\"potentialAction\":[{\"@type\":\"SearchAction\",\"target\":{\"@type\":\"EntryPoint\",\"urlTemplate\":\"https:\/\/oud.alplift.com\/pl\/?s={search_term_string}\"},\"query-input\":{\"@type\":\"PropertyValueSpecification\",\"valueRequired\":true,\"valueName\":\"search_term_string\"}}],\"inLanguage\":\"pl-PL\"}]}<\/script>\n<!-- \/ Yoast SEO plugin. -->","yoast_head_json":{"title":"Zoomlion - podno\u015bnik przegubowy ZA14J - nowa marka w Alp Lift","description":"Podno\u015bniki przegubowe Zoomlion o du\u017cej pojemno\u015bci i wyj\u0105tkowym zasi\u0119gu. Zobacz nasz\u0105 ofert\u0119 produkt\u00f3w Zoomlion na alplift.com","robots":{"index":"noindex","follow":"follow","max-snippet":"max-snippet:-1","max-image-preview":"max-image-preview:large","max-video-preview":"max-video-preview:-1"},"og_locale":"pl_PL","og_type":"article","og_title":"Zoomlion - podno\u015bnik przegubowy ZA14J - nowa marka w Alp Lift","og_description":"Podno\u015bniki przegubowe Zoomlion o du\u017cej pojemno\u015bci i wyj\u0105tkowym zasi\u0119gu. Zobacz nasz\u0105 ofert\u0119 produkt\u00f3w Zoomlion na alplift.com","og_url":"https:\/\/oud.alplift.com\/pl\/produkt\/podnosnik-przegubowy-za14j-zoomlion\/","og_site_name":"Alp Lift","article_modified_time":"2021-01-21T09:09:59+00:00","twitter_card":"summary_large_image","schema":{"@context":"https:\/\/schema.org","@graph":[{"@type":"WebPage","@id":"https:\/\/oud.alplift.com\/pl\/produkt\/podnosnik-przegubowy-za14j-zoomlion\/","url":"https:\/\/oud.alplift.com\/pl\/produkt\/podnosnik-przegubowy-za14j-zoomlion\/","name":"Zoomlion - podno\u015bnik przegubowy ZA14J - nowa marka w Alp Lift","isPartOf":{"@id":"https:\/\/oud.alplift.com\/pl\/#website"},"datePublished":"2020-07-14T09:52:21+00:00","dateModified":"2021-01-21T09:09:59+00:00","description":"Podno\u015bniki przegubowe Zoomlion o du\u017cej pojemno\u015bci i wyj\u0105tkowym zasi\u0119gu. Zobacz nasz\u0105 ofert\u0119 produkt\u00f3w Zoomlion na alplift.com","breadcrumb":{"@id":"https:\/\/oud.alplift.com\/pl\/produkt\/podnosnik-przegubowy-za14j-zoomlion\/#breadcrumb"},"inLanguage":"pl-PL","potentialAction":[{"@type":"ReadAction","target":["https:\/\/oud.alplift.com\/pl\/produkt\/podnosnik-przegubowy-za14j-zoomlion\/"]}]},{"@type":"BreadcrumbList","@id":"https:\/\/oud.alplift.com\/pl\/produkt\/podnosnik-przegubowy-za14j-zoomlion\/#breadcrumb","itemListElement":[{"@type":"ListItem","position":1,"name":"Home","item":"https:\/\/oud.alplift.com\/pl\/"},{"@type":"ListItem","position":2,"name":"Winkel","item":"https:\/\/oud.alplift.com\/winkel\/"},{"@type":"ListItem","position":3,"name":"Podno\u015bnik przegubowy ZA14J &#8211; Zoomlion"}]},{"@type":"WebSite","@id":"https:\/\/oud.alplift.com\/pl\/#website","url":"https:\/\/oud.alplift.com\/pl\/","name":"Alp Lift","description":"Lifting Equipment","potentialAction":[{"@type":"SearchAction","target":{"@type":"EntryPoint","urlTemplate":"https:\/\/oud.alplift.com\/pl\/?s={search_term_string}"},"query-input":{"@type":"PropertyValueSpecification","valueRequired":true,"valueName":"search_term_string"}}],"inLanguage":"pl-PL"}]}},"_links":{"self":[{"href":"https:\/\/oud.alplift.com\/pl\/wp-json\/wp\/v2\/product\/3401","targetHints":{"allow":["GET"]}}],"collection":[{"href":"https:\/\/oud.alplift.com\/pl\/wp-json\/wp\/v2\/product"}],"about":[{"href":"https:\/\/oud.alplift.com\/pl\/wp-json\/wp\/v2\/types\/product"}],"replies":[{"embeddable":true,"href":"https:\/\/oud.alplift.com\/pl\/wp-json\/wp\/v2\/comments?post=3401"}],"wp:attachment":[{"href":"https:\/\/oud.alplift.com\/pl\/wp-json\/wp\/v2\/media?parent=3401"}],"wp:term":[{"taxonomy":"product_cat","embeddable":true,"href":"https:\/\/oud.alplift.com\/pl\/wp-json\/wp\/v2\/product_cat?post=3401"},{"taxonomy":"product_tag","embeddable":true,"href":"https:\/\/oud.alplift.com\/pl\/wp-json\/wp\/v2\/product_tag?post=3401"}],"curies":[{"name":"wp","href":"https:\/\/api.w.org\/{rel}","templated":true}]}}