
{"id":3399,"date":"2020-06-10T09:39:50","date_gmt":"2020-06-30T11:14:21","guid":{"rendered":"https:\/\/oud.alplift.com\/product\/podnosnik-nozycowy-zoomlion-zs0608dc-li-3\/"},"modified":"2021-01-21T10:09:55","modified_gmt":"2021-01-21T09:09:55","slug":"podnosnik-nozycowy-zoomlion-zs0608dc-li-3","status":"publish","type":"product","link":"https:\/\/oud.alplift.com\/pl\/produkt\/podnosnik-nozycowy-zoomlion-zs0608dc-li-3\/","title":{"rendered":"Podno\u015bnik no\u017cycowy Zoomlion ZS0608DC (Li)"},"content":{"rendered":"<p>[table id=36 \/]<\/p>\n","protected":false},"excerpt":{"rendered":"<p>Podno\u015bnik no\u017cycowy Zoomlion ZS1212DC (Li) ma wysoko\u015b\u0107 robocz\u0105 13,80 metra i ud\u017awig 350 kg. Elektryczne podno\u015bniki no\u017cycowe charakteryzuj\u0105 si\u0119 solidnym wygl\u0105dem i techniczn\u0105 perfekcj\u0105. S\u0105 one dost\u0119pne z bateri\u0105 4x12V (seria DC) lub bateri\u0105 litow\u0105 (DC-Li). Zoomlion jest jednym z pierwszych producent\u00f3w, kt\u00f3ry oferuje podno\u015bniki no\u017cycowe z bateri\u0105 litow\u0105. Jest to idealne rozwi\u0105zanie, je\u015bli cz\u0119sto korzystasz z platformy powietrznej, mo\u017cesz pracowa\u0107 1,5 raza d\u0142u\u017cej z bateri\u0105 litow\u0105. Przyczyniaj\u0105 si\u0119 r\u00f3wnie\u017c do cichszego \u015brodowiska pracy.<br \/>\nDzi\u0119ki wysoko\u015bciom platformy od 4 do 14 metr\u00f3w, ta maszyna nadaje si\u0119 do wielu dzia\u0142a\u0144. Platformy podno\u015bnikowe maj\u0105 du\u017cy prze\u015bwit, kt\u00f3ry idealnie nadaje si\u0119 w budownictwie lub na nier\u00f3wnym terenie zar\u00f3wno wewn\u0105trz, jak i na zewn\u0105trz. Dzi\u0119ki stabilnej pracy i du\u017cej pojemno\u015bci, ta seria oferuje doskona\u0142\u0105 wydajno\u015b\u0107 na produktywny dzie\u0144.<\/p>\n<p><strong>Dane techniczne:<\/strong><\/p>\n<ul>\n<li>Wysoko\u015b\u0107 robocza: 1380 metra<\/li>\n<li>Ud\u017awig: 35 k0g<\/li>\n<li>Wysoko\u015b\u0107 transportowa (szyny g\u00f3ra\/d\u00f3\u0142): 2,59\/2,05 m<\/li>\n<li>D\u0142ugo\u015b\u0107 x szeroko\u015b\u0107: 2,49 x 1,15 m.<\/li>\n<li>Waga: 3210 kg<\/li>\n<li><span class=\"tlid-translation translation\" lang=\"pl\"><span title=\">Zasilacz<\/span><\/span>: 4&#215;12 V lub litowe (5 lat gwarancji na bateri\u0119 litow\u0105)<\/li>\n<\/ul>\n","protected":false},"featured_media":2675,"comment_status":"closed","ping_status":"closed","template":"","meta":[],"product_cat":[156,172],"product_tag":[],"class_list":{"0":"post-3399","1":"product","2":"type-product","3":"status-publish","4":"has-post-thumbnail","6":"product_cat-podnosniki-koszowe","7":"product_cat-podnosniki-nozycowe","8":"pa_merk-zoomlion-pl","10":"first","11":"instock","12":"shipping-taxable","13":"product-type-simple"},"yoast_head":"<!-- This site is optimized with the Yoast SEO plugin v24.0 - https:\/\/yoast.com\/wordpress\/plugins\/seo\/ -->\n<title>Podno\u015bnik no\u017cycowy Zoomlion ZS0608DC (Li) - zr\u00f3wnowa\u017cony wyb\u00f3r - Alp Lift<\/title>\n<meta name=\"description\" content=\"Podno\u015bnik no\u017cycowy Zoomlion ZS0608DC (Li) - zr\u00f3wnowa\u017cony wyb\u00f3r - Alp Lift\" \/>\n<meta name=\"robots\" content=\"noindex, follow, max-snippet:-1, max-image-preview:large, max-video-preview:-1\" \/>\n<meta property=\"og:locale\" content=\"pl_PL\" \/>\n<meta property=\"og:type\" content=\"article\" \/>\n<meta property=\"og:title\" content=\"Podno\u015bnik no\u017cycowy Zoomlion ZS0608DC (Li) - zr\u00f3wnowa\u017cony wyb\u00f3r - Alp Lift\" \/>\n<meta property=\"og:description\" content=\"Podno\u015bnik no\u017cycowy Zoomlion ZS0608DC (Li) - zr\u00f3wnowa\u017cony wyb\u00f3r - Alp Lift\" \/>\n<meta property=\"og:url\" content=\"https:\/\/oud.alplift.com\/pl\/produkt\/podnosnik-nozycowy-zoomlion-zs0608dc-li-3\/\" \/>\n<meta property=\"og:site_name\" content=\"Alp Lift\" \/>\n<meta property=\"article:modified_time\" content=\"2021-01-21T09:09:55+00:00\" \/>\n<meta property=\"og:image\" content=\"https:\/\/oud.alplift.com\/wp-content\/uploads\/2021\/01\/ZS1212DC.png\" \/>\n\t<meta property=\"og:image:width\" content=\"4001\" \/>\n\t<meta property=\"og:image:height\" content=\"2251\" \/>\n\t<meta property=\"og:image:type\" content=\"image\/png\" \/>\n<meta name=\"twitter:card\" content=\"summary_large_image\" \/>\n<script type=\"application\/ld+json\" class=\"yoast-schema-graph\">{\"@context\":\"https:\/\/schema.org\",\"@graph\":[{\"@type\":\"WebPage\",\"@id\":\"https:\/\/oud.alplift.com\/pl\/produkt\/podnosnik-nozycowy-zoomlion-zs0608dc-li-3\/\",\"url\":\"https:\/\/oud.alplift.com\/pl\/produkt\/podnosnik-nozycowy-zoomlion-zs0608dc-li-3\/\",\"name\":\"Podno\u015bnik no\u017cycowy Zoomlion ZS0608DC (Li) - zr\u00f3wnowa\u017cony wyb\u00f3r - Alp Lift\",\"isPartOf\":{\"@id\":\"https:\/\/oud.alplift.com\/pl\/#website\"},\"primaryImageOfPage\":{\"@id\":\"https:\/\/oud.alplift.com\/pl\/produkt\/podnosnik-nozycowy-zoomlion-zs0608dc-li-3\/#primaryimage\"},\"image\":{\"@id\":\"https:\/\/oud.alplift.com\/pl\/produkt\/podnosnik-nozycowy-zoomlion-zs0608dc-li-3\/#primaryimage\"},\"thumbnailUrl\":\"https:\/\/oud.alplift.com\/wp-content\/uploads\/2021\/01\/ZS1212DC.png\",\"datePublished\":\"2020-06-30T11:14:21+00:00\",\"dateModified\":\"2021-01-21T09:09:55+00:00\",\"description\":\"Podno\u015bnik no\u017cycowy Zoomlion ZS0608DC (Li) - zr\u00f3wnowa\u017cony wyb\u00f3r - Alp Lift\",\"breadcrumb\":{\"@id\":\"https:\/\/oud.alplift.com\/pl\/produkt\/podnosnik-nozycowy-zoomlion-zs0608dc-li-3\/#breadcrumb\"},\"inLanguage\":\"pl-PL\",\"potentialAction\":[{\"@type\":\"ReadAction\",\"target\":[\"https:\/\/oud.alplift.com\/pl\/produkt\/podnosnik-nozycowy-zoomlion-zs0608dc-li-3\/\"]}]},{\"@type\":\"ImageObject\",\"inLanguage\":\"pl-PL\",\"@id\":\"https:\/\/oud.alplift.com\/pl\/produkt\/podnosnik-nozycowy-zoomlion-zs0608dc-li-3\/#primaryimage\",\"url\":\"https:\/\/oud.alplift.com\/wp-content\/uploads\/2021\/01\/ZS1212DC.png\",\"contentUrl\":\"https:\/\/oud.alplift.com\/wp-content\/uploads\/2021\/01\/ZS1212DC.png\",\"width\":4001,\"height\":2251},{\"@type\":\"BreadcrumbList\",\"@id\":\"https:\/\/oud.alplift.com\/pl\/produkt\/podnosnik-nozycowy-zoomlion-zs0608dc-li-3\/#breadcrumb\",\"itemListElement\":[{\"@type\":\"ListItem\",\"position\":1,\"name\":\"Home\",\"item\":\"https:\/\/oud.alplift.com\/pl\/\"},{\"@type\":\"ListItem\",\"position\":2,\"name\":\"Winkel\",\"item\":\"https:\/\/oud.alplift.com\/winkel\/\"},{\"@type\":\"ListItem\",\"position\":3,\"name\":\"Podno\u015bnik no\u017cycowy Zoomlion ZS0608DC (Li)\"}]},{\"@type\":\"WebSite\",\"@id\":\"https:\/\/oud.alplift.com\/pl\/#website\",\"url\":\"https:\/\/oud.alplift.com\/pl\/\",\"name\":\"Alp Lift\",\"description\":\"Lifting Equipment\",\"potentialAction\":[{\"@type\":\"SearchAction\",\"target\":{\"@type\":\"EntryPoint\",\"urlTemplate\":\"https:\/\/oud.alplift.com\/pl\/?s={search_term_string}\"},\"query-input\":{\"@type\":\"PropertyValueSpecification\",\"valueRequired\":true,\"valueName\":\"search_term_string\"}}],\"inLanguage\":\"pl-PL\"}]}<\/script>\n<!-- \/ Yoast SEO plugin. -->","yoast_head_json":{"title":"Podno\u015bnik no\u017cycowy Zoomlion ZS0608DC (Li) - zr\u00f3wnowa\u017cony wyb\u00f3r - Alp Lift","description":"Podno\u015bnik no\u017cycowy Zoomlion ZS0608DC (Li) - zr\u00f3wnowa\u017cony wyb\u00f3r - Alp Lift","robots":{"index":"noindex","follow":"follow","max-snippet":"max-snippet:-1","max-image-preview":"max-image-preview:large","max-video-preview":"max-video-preview:-1"},"og_locale":"pl_PL","og_type":"article","og_title":"Podno\u015bnik no\u017cycowy Zoomlion ZS0608DC (Li) - zr\u00f3wnowa\u017cony wyb\u00f3r - Alp Lift","og_description":"Podno\u015bnik no\u017cycowy Zoomlion ZS0608DC (Li) - zr\u00f3wnowa\u017cony wyb\u00f3r - Alp Lift","og_url":"https:\/\/oud.alplift.com\/pl\/produkt\/podnosnik-nozycowy-zoomlion-zs0608dc-li-3\/","og_site_name":"Alp Lift","article_modified_time":"2021-01-21T09:09:55+00:00","og_image":[{"width":4001,"height":2251,"url":"https:\/\/oud.alplift.com\/wp-content\/uploads\/2021\/01\/ZS1212DC.png","type":"image\/png"}],"twitter_card":"summary_large_image","schema":{"@context":"https:\/\/schema.org","@graph":[{"@type":"WebPage","@id":"https:\/\/oud.alplift.com\/pl\/produkt\/podnosnik-nozycowy-zoomlion-zs0608dc-li-3\/","url":"https:\/\/oud.alplift.com\/pl\/produkt\/podnosnik-nozycowy-zoomlion-zs0608dc-li-3\/","name":"Podno\u015bnik no\u017cycowy Zoomlion ZS0608DC (Li) - zr\u00f3wnowa\u017cony wyb\u00f3r - Alp Lift","isPartOf":{"@id":"https:\/\/oud.alplift.com\/pl\/#website"},"primaryImageOfPage":{"@id":"https:\/\/oud.alplift.com\/pl\/produkt\/podnosnik-nozycowy-zoomlion-zs0608dc-li-3\/#primaryimage"},"image":{"@id":"https:\/\/oud.alplift.com\/pl\/produkt\/podnosnik-nozycowy-zoomlion-zs0608dc-li-3\/#primaryimage"},"thumbnailUrl":"https:\/\/oud.alplift.com\/wp-content\/uploads\/2021\/01\/ZS1212DC.png","datePublished":"2020-06-30T11:14:21+00:00","dateModified":"2021-01-21T09:09:55+00:00","description":"Podno\u015bnik no\u017cycowy Zoomlion ZS0608DC (Li) - zr\u00f3wnowa\u017cony wyb\u00f3r - Alp Lift","breadcrumb":{"@id":"https:\/\/oud.alplift.com\/pl\/produkt\/podnosnik-nozycowy-zoomlion-zs0608dc-li-3\/#breadcrumb"},"inLanguage":"pl-PL","potentialAction":[{"@type":"ReadAction","target":["https:\/\/oud.alplift.com\/pl\/produkt\/podnosnik-nozycowy-zoomlion-zs0608dc-li-3\/"]}]},{"@type":"ImageObject","inLanguage":"pl-PL","@id":"https:\/\/oud.alplift.com\/pl\/produkt\/podnosnik-nozycowy-zoomlion-zs0608dc-li-3\/#primaryimage","url":"https:\/\/oud.alplift.com\/wp-content\/uploads\/2021\/01\/ZS1212DC.png","contentUrl":"https:\/\/oud.alplift.com\/wp-content\/uploads\/2021\/01\/ZS1212DC.png","width":4001,"height":2251},{"@type":"BreadcrumbList","@id":"https:\/\/oud.alplift.com\/pl\/produkt\/podnosnik-nozycowy-zoomlion-zs0608dc-li-3\/#breadcrumb","itemListElement":[{"@type":"ListItem","position":1,"name":"Home","item":"https:\/\/oud.alplift.com\/pl\/"},{"@type":"ListItem","position":2,"name":"Winkel","item":"https:\/\/oud.alplift.com\/winkel\/"},{"@type":"ListItem","position":3,"name":"Podno\u015bnik no\u017cycowy Zoomlion ZS0608DC (Li)"}]},{"@type":"WebSite","@id":"https:\/\/oud.alplift.com\/pl\/#website","url":"https:\/\/oud.alplift.com\/pl\/","name":"Alp Lift","description":"Lifting Equipment","potentialAction":[{"@type":"SearchAction","target":{"@type":"EntryPoint","urlTemplate":"https:\/\/oud.alplift.com\/pl\/?s={search_term_string}"},"query-input":{"@type":"PropertyValueSpecification","valueRequired":true,"valueName":"search_term_string"}}],"inLanguage":"pl-PL"}]}},"_links":{"self":[{"href":"https:\/\/oud.alplift.com\/pl\/wp-json\/wp\/v2\/product\/3399","targetHints":{"allow":["GET"]}}],"collection":[{"href":"https:\/\/oud.alplift.com\/pl\/wp-json\/wp\/v2\/product"}],"about":[{"href":"https:\/\/oud.alplift.com\/pl\/wp-json\/wp\/v2\/types\/product"}],"replies":[{"embeddable":true,"href":"https:\/\/oud.alplift.com\/pl\/wp-json\/wp\/v2\/comments?post=3399"}],"wp:featuredmedia":[{"embeddable":true,"href":"https:\/\/oud.alplift.com\/pl\/wp-json\/wp\/v2\/media\/2675"}],"wp:attachment":[{"href":"https:\/\/oud.alplift.com\/pl\/wp-json\/wp\/v2\/media?parent=3399"}],"wp:term":[{"taxonomy":"product_cat","embeddable":true,"href":"https:\/\/oud.alplift.com\/pl\/wp-json\/wp\/v2\/product_cat?post=3399"},{"taxonomy":"product_tag","embeddable":true,"href":"https:\/\/oud.alplift.com\/pl\/wp-json\/wp\/v2\/product_tag?post=3399"}],"curies":[{"name":"wp","href":"https:\/\/api.w.org\/{rel}","templated":true}]}}