
{"id":3394,"date":"2020-04-20T14:22:30","date_gmt":"2020-06-30T12:32:16","guid":{"rendered":"https:\/\/oud.alplift.com\/product\/mikro-podnosnik-nozycowy-zoomlion-zs0407dc-li\/"},"modified":"2021-01-21T10:09:46","modified_gmt":"2021-01-21T09:09:46","slug":"mikro-podnosnik-nozycowy-zoomlion-zs0407dc-li","status":"publish","type":"product","link":"https:\/\/oud.alplift.com\/pl\/produkt\/mikro-podnosnik-nozycowy-zoomlion-zs0407dc-li\/","title":{"rendered":"Mikro podno\u015bnik no\u017cycowy Zoomlion ZS0407DC (Li)"},"content":{"rendered":"","protected":false},"excerpt":{"rendered":"<p>Mikro podno\u015bnik no\u017cycowy ZS0407DC firmy Zoomlion ma wysoko\u015b\u0107 robocz\u0105 6,50 metra i ud\u017awig 240 kg. Podno\u015bnik no\u017cycowy Zoomlion ZS0407 jest wyposa\u017cony w wydajny i elektryczny uk\u0142ad nap\u0119dowy pr\u0105du sta\u0142ego, kt\u00f3ry zapewnia produktywn\u0105 moc do zastosowa\u0144 w pomieszczeniach o niskim poziomie i ciasnym dost\u0119pie przy cichej, zerowej emisji. Mo\u017ce by\u0107 wyposa\u017cony w akumulator litowo-jonowy dla opcji (DC-Li). Ta seria oferuje niski poziom dost\u0119pu do obszar\u00f3w, do kt\u00f3rych tradycyjnie mog\u0142y mie\u0107 dost\u0119p drabiny. Kompaktowe wymiary idealnie nadaj\u0105 si\u0119 do prac wewn\u0105trz pomieszcze\u0144 z p\u0142ynnym czasem pracy.<br \/>\nZ wysoko\u015bciami platformy od 4 do 14 metr\u00f3w, ta seria oferuje doskona\u0142\u0105 wydajno\u015b\u0107 na produktywny dzie\u0144.<\/p>\n<p><strong>Dane techniczne:<\/strong><\/p>\n<ul>\n<li>Wysoko\u015b\u0107 robocza: 6,50 metra<\/li>\n<li>Ud\u017awig: 240 kg<\/li>\n<li>Wysoko\u015b\u0107 transportowa (szyny g\u00f3ra\/d\u00f3\u0142): 2,05\/1,70 m<\/li>\n<li>D\u0142ugo\u015b\u0107 x szeroko\u015b\u0107: 1,44 x 0,76 m.<\/li>\n<li>Waga: 895 kg<\/li>\n<li>Zasilacz: 2&#215;12 V lub litowa (5 lat gwarancji na bateri\u0119 litow\u0105)<\/li>\n<\/ul>\n","protected":false},"featured_media":2625,"comment_status":"closed","ping_status":"closed","template":"","meta":[],"product_cat":[156,172],"product_tag":[],"class_list":{"0":"post-3394","1":"product","2":"type-product","3":"status-publish","4":"has-post-thumbnail","6":"product_cat-podnosniki-koszowe","7":"product_cat-podnosniki-nozycowe","8":"pa_merk-zoomlion-pl","10":"first","11":"instock","12":"shipping-taxable","13":"product-type-simple"},"yoast_head":"<!-- This site is optimized with the Yoast SEO plugin v24.0 - https:\/\/yoast.com\/wordpress\/plugins\/seo\/ -->\n<title>Podno\u015bnik no\u017cycowy Zoomlion ZS0407DC (Li) - zr\u00f3wnowa\u017cony wyb\u00f3r<\/title>\n<meta name=\"description\" content=\"Elektryczny podno\u015bnik no\u017cycowy ZS0407DC (Li) z zasilaniem litowym - techniczna doskona\u0142o\u015b\u0107 od Zoomlion. Popro\u015b o wycen\u0119 online w Alp Lift.\" \/>\n<meta name=\"robots\" content=\"noindex, follow, max-snippet:-1, max-image-preview:large, max-video-preview:-1\" \/>\n<meta property=\"og:locale\" content=\"pl_PL\" \/>\n<meta property=\"og:type\" content=\"article\" \/>\n<meta property=\"og:title\" content=\"Podno\u015bnik no\u017cycowy Zoomlion ZS0407DC (Li) - zr\u00f3wnowa\u017cony wyb\u00f3r\" \/>\n<meta property=\"og:description\" content=\"Elektryczny podno\u015bnik no\u017cycowy ZS0407DC (Li) z zasilaniem litowym - techniczna doskona\u0142o\u015b\u0107 od Zoomlion. Popro\u015b o wycen\u0119 online w Alp Lift.\" \/>\n<meta property=\"og:url\" content=\"https:\/\/oud.alplift.com\/pl\/produkt\/mikro-podnosnik-nozycowy-zoomlion-zs0407dc-li\/\" \/>\n<meta property=\"og:site_name\" content=\"Alp Lift\" \/>\n<meta property=\"article:modified_time\" content=\"2021-01-21T09:09:46+00:00\" \/>\n<meta property=\"og:image\" content=\"https:\/\/oud.alplift.com\/wp-content\/uploads\/2021\/01\/Zoomlion-ZS0407DC.png\" \/>\n\t<meta property=\"og:image:width\" content=\"1378\" \/>\n\t<meta property=\"og:image:height\" content=\"864\" \/>\n\t<meta property=\"og:image:type\" content=\"image\/png\" \/>\n<meta name=\"twitter:card\" content=\"summary_large_image\" \/>\n<script type=\"application\/ld+json\" class=\"yoast-schema-graph\">{\"@context\":\"https:\/\/schema.org\",\"@graph\":[{\"@type\":\"WebPage\",\"@id\":\"https:\/\/oud.alplift.com\/pl\/produkt\/mikro-podnosnik-nozycowy-zoomlion-zs0407dc-li\/\",\"url\":\"https:\/\/oud.alplift.com\/pl\/produkt\/mikro-podnosnik-nozycowy-zoomlion-zs0407dc-li\/\",\"name\":\"Podno\u015bnik no\u017cycowy Zoomlion ZS0407DC (Li) - zr\u00f3wnowa\u017cony wyb\u00f3r\",\"isPartOf\":{\"@id\":\"https:\/\/oud.alplift.com\/pl\/#website\"},\"primaryImageOfPage\":{\"@id\":\"https:\/\/oud.alplift.com\/pl\/produkt\/mikro-podnosnik-nozycowy-zoomlion-zs0407dc-li\/#primaryimage\"},\"image\":{\"@id\":\"https:\/\/oud.alplift.com\/pl\/produkt\/mikro-podnosnik-nozycowy-zoomlion-zs0407dc-li\/#primaryimage\"},\"thumbnailUrl\":\"https:\/\/oud.alplift.com\/wp-content\/uploads\/2021\/01\/Zoomlion-ZS0407DC.png\",\"datePublished\":\"2020-06-30T12:32:16+00:00\",\"dateModified\":\"2021-01-21T09:09:46+00:00\",\"description\":\"Elektryczny podno\u015bnik no\u017cycowy ZS0407DC (Li) z zasilaniem litowym - techniczna doskona\u0142o\u015b\u0107 od Zoomlion. Popro\u015b o wycen\u0119 online w Alp Lift.\",\"breadcrumb\":{\"@id\":\"https:\/\/oud.alplift.com\/pl\/produkt\/mikro-podnosnik-nozycowy-zoomlion-zs0407dc-li\/#breadcrumb\"},\"inLanguage\":\"pl-PL\",\"potentialAction\":[{\"@type\":\"ReadAction\",\"target\":[\"https:\/\/oud.alplift.com\/pl\/produkt\/mikro-podnosnik-nozycowy-zoomlion-zs0407dc-li\/\"]}]},{\"@type\":\"ImageObject\",\"inLanguage\":\"pl-PL\",\"@id\":\"https:\/\/oud.alplift.com\/pl\/produkt\/mikro-podnosnik-nozycowy-zoomlion-zs0407dc-li\/#primaryimage\",\"url\":\"https:\/\/oud.alplift.com\/wp-content\/uploads\/2021\/01\/Zoomlion-ZS0407DC.png\",\"contentUrl\":\"https:\/\/oud.alplift.com\/wp-content\/uploads\/2021\/01\/Zoomlion-ZS0407DC.png\",\"width\":1378,\"height\":864},{\"@type\":\"BreadcrumbList\",\"@id\":\"https:\/\/oud.alplift.com\/pl\/produkt\/mikro-podnosnik-nozycowy-zoomlion-zs0407dc-li\/#breadcrumb\",\"itemListElement\":[{\"@type\":\"ListItem\",\"position\":1,\"name\":\"Home\",\"item\":\"https:\/\/oud.alplift.com\/pl\/\"},{\"@type\":\"ListItem\",\"position\":2,\"name\":\"Winkel\",\"item\":\"https:\/\/oud.alplift.com\/winkel\/\"},{\"@type\":\"ListItem\",\"position\":3,\"name\":\"Mikro podno\u015bnik no\u017cycowy Zoomlion ZS0407DC (Li)\"}]},{\"@type\":\"WebSite\",\"@id\":\"https:\/\/oud.alplift.com\/pl\/#website\",\"url\":\"https:\/\/oud.alplift.com\/pl\/\",\"name\":\"Alp Lift\",\"description\":\"Lifting Equipment\",\"potentialAction\":[{\"@type\":\"SearchAction\",\"target\":{\"@type\":\"EntryPoint\",\"urlTemplate\":\"https:\/\/oud.alplift.com\/pl\/?s={search_term_string}\"},\"query-input\":{\"@type\":\"PropertyValueSpecification\",\"valueRequired\":true,\"valueName\":\"search_term_string\"}}],\"inLanguage\":\"pl-PL\"}]}<\/script>\n<!-- \/ Yoast SEO plugin. -->","yoast_head_json":{"title":"Podno\u015bnik no\u017cycowy Zoomlion ZS0407DC (Li) - zr\u00f3wnowa\u017cony wyb\u00f3r","description":"Elektryczny podno\u015bnik no\u017cycowy ZS0407DC (Li) z zasilaniem litowym - techniczna doskona\u0142o\u015b\u0107 od Zoomlion. Popro\u015b o wycen\u0119 online w Alp Lift.","robots":{"index":"noindex","follow":"follow","max-snippet":"max-snippet:-1","max-image-preview":"max-image-preview:large","max-video-preview":"max-video-preview:-1"},"og_locale":"pl_PL","og_type":"article","og_title":"Podno\u015bnik no\u017cycowy Zoomlion ZS0407DC (Li) - zr\u00f3wnowa\u017cony wyb\u00f3r","og_description":"Elektryczny podno\u015bnik no\u017cycowy ZS0407DC (Li) z zasilaniem litowym - techniczna doskona\u0142o\u015b\u0107 od Zoomlion. Popro\u015b o wycen\u0119 online w Alp Lift.","og_url":"https:\/\/oud.alplift.com\/pl\/produkt\/mikro-podnosnik-nozycowy-zoomlion-zs0407dc-li\/","og_site_name":"Alp Lift","article_modified_time":"2021-01-21T09:09:46+00:00","og_image":[{"width":1378,"height":864,"url":"https:\/\/oud.alplift.com\/wp-content\/uploads\/2021\/01\/Zoomlion-ZS0407DC.png","type":"image\/png"}],"twitter_card":"summary_large_image","schema":{"@context":"https:\/\/schema.org","@graph":[{"@type":"WebPage","@id":"https:\/\/oud.alplift.com\/pl\/produkt\/mikro-podnosnik-nozycowy-zoomlion-zs0407dc-li\/","url":"https:\/\/oud.alplift.com\/pl\/produkt\/mikro-podnosnik-nozycowy-zoomlion-zs0407dc-li\/","name":"Podno\u015bnik no\u017cycowy Zoomlion ZS0407DC (Li) - zr\u00f3wnowa\u017cony wyb\u00f3r","isPartOf":{"@id":"https:\/\/oud.alplift.com\/pl\/#website"},"primaryImageOfPage":{"@id":"https:\/\/oud.alplift.com\/pl\/produkt\/mikro-podnosnik-nozycowy-zoomlion-zs0407dc-li\/#primaryimage"},"image":{"@id":"https:\/\/oud.alplift.com\/pl\/produkt\/mikro-podnosnik-nozycowy-zoomlion-zs0407dc-li\/#primaryimage"},"thumbnailUrl":"https:\/\/oud.alplift.com\/wp-content\/uploads\/2021\/01\/Zoomlion-ZS0407DC.png","datePublished":"2020-06-30T12:32:16+00:00","dateModified":"2021-01-21T09:09:46+00:00","description":"Elektryczny podno\u015bnik no\u017cycowy ZS0407DC (Li) z zasilaniem litowym - techniczna doskona\u0142o\u015b\u0107 od Zoomlion. Popro\u015b o wycen\u0119 online w Alp Lift.","breadcrumb":{"@id":"https:\/\/oud.alplift.com\/pl\/produkt\/mikro-podnosnik-nozycowy-zoomlion-zs0407dc-li\/#breadcrumb"},"inLanguage":"pl-PL","potentialAction":[{"@type":"ReadAction","target":["https:\/\/oud.alplift.com\/pl\/produkt\/mikro-podnosnik-nozycowy-zoomlion-zs0407dc-li\/"]}]},{"@type":"ImageObject","inLanguage":"pl-PL","@id":"https:\/\/oud.alplift.com\/pl\/produkt\/mikro-podnosnik-nozycowy-zoomlion-zs0407dc-li\/#primaryimage","url":"https:\/\/oud.alplift.com\/wp-content\/uploads\/2021\/01\/Zoomlion-ZS0407DC.png","contentUrl":"https:\/\/oud.alplift.com\/wp-content\/uploads\/2021\/01\/Zoomlion-ZS0407DC.png","width":1378,"height":864},{"@type":"BreadcrumbList","@id":"https:\/\/oud.alplift.com\/pl\/produkt\/mikro-podnosnik-nozycowy-zoomlion-zs0407dc-li\/#breadcrumb","itemListElement":[{"@type":"ListItem","position":1,"name":"Home","item":"https:\/\/oud.alplift.com\/pl\/"},{"@type":"ListItem","position":2,"name":"Winkel","item":"https:\/\/oud.alplift.com\/winkel\/"},{"@type":"ListItem","position":3,"name":"Mikro podno\u015bnik no\u017cycowy Zoomlion ZS0407DC (Li)"}]},{"@type":"WebSite","@id":"https:\/\/oud.alplift.com\/pl\/#website","url":"https:\/\/oud.alplift.com\/pl\/","name":"Alp Lift","description":"Lifting Equipment","potentialAction":[{"@type":"SearchAction","target":{"@type":"EntryPoint","urlTemplate":"https:\/\/oud.alplift.com\/pl\/?s={search_term_string}"},"query-input":{"@type":"PropertyValueSpecification","valueRequired":true,"valueName":"search_term_string"}}],"inLanguage":"pl-PL"}]}},"_links":{"self":[{"href":"https:\/\/oud.alplift.com\/pl\/wp-json\/wp\/v2\/product\/3394","targetHints":{"allow":["GET"]}}],"collection":[{"href":"https:\/\/oud.alplift.com\/pl\/wp-json\/wp\/v2\/product"}],"about":[{"href":"https:\/\/oud.alplift.com\/pl\/wp-json\/wp\/v2\/types\/product"}],"replies":[{"embeddable":true,"href":"https:\/\/oud.alplift.com\/pl\/wp-json\/wp\/v2\/comments?post=3394"}],"wp:featuredmedia":[{"embeddable":true,"href":"https:\/\/oud.alplift.com\/pl\/wp-json\/wp\/v2\/media\/2625"}],"wp:attachment":[{"href":"https:\/\/oud.alplift.com\/pl\/wp-json\/wp\/v2\/media?parent=3394"}],"wp:term":[{"taxonomy":"product_cat","embeddable":true,"href":"https:\/\/oud.alplift.com\/pl\/wp-json\/wp\/v2\/product_cat?post=3394"},{"taxonomy":"product_tag","embeddable":true,"href":"https:\/\/oud.alplift.com\/pl\/wp-json\/wp\/v2\/product_tag?post=3394"}],"curies":[{"name":"wp","href":"https:\/\/api.w.org\/{rel}","templated":true}]}}