
{"id":3393,"date":"2019-11-18T11:59:46","date_gmt":"2020-02-03T09:57:21","guid":{"rendered":"https:\/\/oud.alplift.com\/product\/podnosnik-materialowy-z-platforma-robocza\/"},"modified":"2021-01-21T10:09:43","modified_gmt":"2021-01-21T09:09:43","slug":"podnosnik-materialowy-z-platforma-robocza","status":"publish","type":"product","link":"https:\/\/oud.alplift.com\/pl\/produkt\/podnosnik-materialowy-z-platforma-robocza\/","title":{"rendered":"Podno\u015bnik materia\u0142owy z platform\u0105 robocz\u0105 &#8211; PL200"},"content":{"rendered":"","protected":false},"excerpt":{"rendered":"<p>Nowy spos\u00f3b pracy; oto, co mo\u017ce dla Ciebie zrobi\u0107 ten wielofunkcyjny podno\u015bnik z platform\u0105 robocz\u0105. PL200 to najnowsza innowacja produktowa firmy Alp Lift: podno\u015bnik materia\u0142owy, kt\u00f3ry pomaga z \u0142atwo\u015bci\u0105 podnosi\u0107 \u0142adunki, oraz osobna platforma robocza w jednym. To sprawia, \u017ce \u200b\u200bwinda monta\u017cowa z platform\u0105 robocz\u0105 jest prost\u0105, bezpieczn\u0105 i innowacyjn\u0105 alternatyw\u0105 dla drabin, rusztowa\u0144 i podno\u015bnik\u00f3w.PL200 ma ud\u017awig do 150 kg i wysoko\u015b\u0107 podnoszenia do 3,80 metra. Platform\u0119 robocz\u0105 z 4 obrotowymi ko\u0142ami mo\u017cna szybko i \u0142atwo od\u0142\u0105czy\u0107 od podno\u015bnika materia\u0142u. Sk\u0142adana drabina z szerokimi szczeblami umo\u017cliwia \u0142atwe wej\u015bcie na platform\u0119 robocz\u0105, kt\u00f3ra oferuje r\u00f3wnie\u017c miejsce na narz\u0119dzia i drobne materia\u0142y. Dzi\u0119ki temu materia\u0142 ten stanowi idealn\u0105 pomoc przy pracach monta\u017cowych lub wyko\u0144czeniowych, projektach sklep\u00f3w i pracach malarskich. Ze wzgl\u0119du na ma\u0142\u0105 mas\u0119 netto i kompaktowe wymiary (r\u00f3wnie\u017c do transportu), PL200 mo\u017ce by\u0107 u\u017cywany do wielu cel\u00f3w i mo\u017ce by\u0107 \u0142atwo transportowany do wszystkich zada\u0144.Platforma robocza jest r\u00f3wnie\u017c dost\u0119pna osobno, jako akcesorium do aktualnego podno\u015bnika materia\u0142u z serii M lub L.<\/p>\n<p><strong>Dane techniczne:<\/strong><\/p>\n<ul>\n<li>Wysoko\u015b\u0107 robocza: 3,80 m<\/li>\n<li>Wysoko\u015b\u0107 platformy: 1,80 m<\/li>\n<li>D\u0142ugo\u015b\u0107 x szeroko\u015b\u0107 windy monta\u017cowej: 1,50 x 0,77 m<\/li>\n<li>Wysoko\u015b\u0107 transportowa: 1,60 m<\/li>\n<li>Ud\u017awig: 150 kg<\/li>\n<li>Masa w\u0142asna (wraz z platform\u0105) 134 kg<\/li>\n<li>Masa platformy luzem: 21 kg<\/li>\n<\/ul>\n<p><strong>Cechy produktu:<\/strong><\/p>\n<ul>\n<li>Produkt holenderskiej jako\u015bci<\/li>\n<li>\u0141atwo regulowana wysoko\u015b\u0107 za pomoc\u0105 cichobie\u017cnej wci\u0105garki<\/li>\n<li>Podstawa ze stali ocynkowanej<\/li>\n<li>Opatentowany aluminiowy profil masztu<\/li>\n<li>Lekki, elastyczny w u\u017cyciu<\/li>\n<li>Kompaktowe wymiary transportowe, mieszcz\u0105 si\u0119 w standardowych otworach drzwiowych i windach osobowych<\/li>\n<li>Zgodny z norm\u0105 EN-131-7<\/li>\n<\/ul>\n","protected":false},"featured_media":2835,"comment_status":"closed","ping_status":"closed","template":"","meta":[],"product_cat":[188,208,192],"product_tag":[],"class_list":{"0":"post-3393","1":"product","2":"type-product","3":"status-publish","4":"has-post-thumbnail","6":"product_cat-podnosniki-materialowe","7":"product_cat-podnosniki-montazowe","8":"product_cat-specjalne-podnosniki-materialowe","9":"pa_bediening-recznie","10":"pa_hefcapaciteit-150-kg-pl","11":"pa_hefhoogte-2-4-metr","12":"pa_merk-alp-lift-pl","14":"first","15":"instock","16":"shipping-taxable","17":"product-type-simple"},"yoast_head":"<!-- This site is optimized with the Yoast SEO plugin v24.0 - https:\/\/yoast.com\/wordpress\/plugins\/seo\/ -->\n<title>Podno\u015bnik materia\u0142owy z platform\u0105 robocz\u0105 - PL200 - Alp Lift | Lifting equipment<\/title>\n<meta name=\"description\" content=\"Alp Lift - uniwersalny podno\u015bnik materia\u0142\u00f3w z oddzieln\u0105 platform\u0105 robocz\u0105 PL200. Przyjazna dla u\u017cytkownika alternatywa dla rusztowa\u0144 i platform lotniczych. Popro\u015b o qoute online.\" \/>\n<meta name=\"robots\" content=\"noindex, follow, max-snippet:-1, max-image-preview:large, max-video-preview:-1\" \/>\n<meta property=\"og:locale\" content=\"pl_PL\" \/>\n<meta property=\"og:type\" content=\"article\" \/>\n<meta property=\"og:title\" content=\"Podno\u015bnik materia\u0142owy z platform\u0105 robocz\u0105 - PL200 - Alp Lift | Lifting equipment\" \/>\n<meta property=\"og:description\" content=\"Alp Lift - uniwersalny podno\u015bnik materia\u0142\u00f3w z oddzieln\u0105 platform\u0105 robocz\u0105 PL200. Przyjazna dla u\u017cytkownika alternatywa dla rusztowa\u0144 i platform lotniczych. Popro\u015b o qoute online.\" \/>\n<meta property=\"og:url\" content=\"https:\/\/oud.alplift.com\/pl\/produkt\/podnosnik-materialowy-z-platforma-robocza\/\" \/>\n<meta property=\"og:site_name\" content=\"Alp Lift\" \/>\n<meta property=\"article:modified_time\" content=\"2021-01-21T09:09:43+00:00\" \/>\n<meta property=\"og:image\" content=\"https:\/\/oud.alplift.com\/wp-content\/uploads\/2021\/01\/ALP02-08-scaled-1-1030x1030.jpg\" \/>\n\t<meta property=\"og:image:width\" content=\"1030\" \/>\n\t<meta property=\"og:image:height\" content=\"1030\" \/>\n\t<meta property=\"og:image:type\" content=\"image\/jpeg\" \/>\n<meta name=\"twitter:card\" content=\"summary_large_image\" \/>\n<script type=\"application\/ld+json\" class=\"yoast-schema-graph\">{\"@context\":\"https:\/\/schema.org\",\"@graph\":[{\"@type\":\"WebPage\",\"@id\":\"https:\/\/oud.alplift.com\/pl\/produkt\/podnosnik-materialowy-z-platforma-robocza\/\",\"url\":\"https:\/\/oud.alplift.com\/pl\/produkt\/podnosnik-materialowy-z-platforma-robocza\/\",\"name\":\"Podno\u015bnik materia\u0142owy z platform\u0105 robocz\u0105 - PL200 - Alp Lift | Lifting equipment\",\"isPartOf\":{\"@id\":\"https:\/\/oud.alplift.com\/pl\/#website\"},\"primaryImageOfPage\":{\"@id\":\"https:\/\/oud.alplift.com\/pl\/produkt\/podnosnik-materialowy-z-platforma-robocza\/#primaryimage\"},\"image\":{\"@id\":\"https:\/\/oud.alplift.com\/pl\/produkt\/podnosnik-materialowy-z-platforma-robocza\/#primaryimage\"},\"thumbnailUrl\":\"https:\/\/oud.alplift.com\/wp-content\/uploads\/2021\/01\/ALP02-08-scaled-1.jpg\",\"datePublished\":\"2020-02-03T09:57:21+00:00\",\"dateModified\":\"2021-01-21T09:09:43+00:00\",\"description\":\"Alp Lift - uniwersalny podno\u015bnik materia\u0142\u00f3w z oddzieln\u0105 platform\u0105 robocz\u0105 PL200. Przyjazna dla u\u017cytkownika alternatywa dla rusztowa\u0144 i platform lotniczych. Popro\u015b o qoute online.\",\"breadcrumb\":{\"@id\":\"https:\/\/oud.alplift.com\/pl\/produkt\/podnosnik-materialowy-z-platforma-robocza\/#breadcrumb\"},\"inLanguage\":\"pl-PL\",\"potentialAction\":[{\"@type\":\"ReadAction\",\"target\":[\"https:\/\/oud.alplift.com\/pl\/produkt\/podnosnik-materialowy-z-platforma-robocza\/\"]}]},{\"@type\":\"ImageObject\",\"inLanguage\":\"pl-PL\",\"@id\":\"https:\/\/oud.alplift.com\/pl\/produkt\/podnosnik-materialowy-z-platforma-robocza\/#primaryimage\",\"url\":\"https:\/\/oud.alplift.com\/wp-content\/uploads\/2021\/01\/ALP02-08-scaled-1.jpg\",\"contentUrl\":\"https:\/\/oud.alplift.com\/wp-content\/uploads\/2021\/01\/ALP02-08-scaled-1.jpg\",\"width\":2560,\"height\":2560},{\"@type\":\"BreadcrumbList\",\"@id\":\"https:\/\/oud.alplift.com\/pl\/produkt\/podnosnik-materialowy-z-platforma-robocza\/#breadcrumb\",\"itemListElement\":[{\"@type\":\"ListItem\",\"position\":1,\"name\":\"Home\",\"item\":\"https:\/\/oud.alplift.com\/pl\/\"},{\"@type\":\"ListItem\",\"position\":2,\"name\":\"Winkel\",\"item\":\"https:\/\/oud.alplift.com\/winkel\/\"},{\"@type\":\"ListItem\",\"position\":3,\"name\":\"Podno\u015bnik materia\u0142owy z platform\u0105 robocz\u0105 &#8211; PL200\"}]},{\"@type\":\"WebSite\",\"@id\":\"https:\/\/oud.alplift.com\/pl\/#website\",\"url\":\"https:\/\/oud.alplift.com\/pl\/\",\"name\":\"Alp Lift\",\"description\":\"Lifting Equipment\",\"potentialAction\":[{\"@type\":\"SearchAction\",\"target\":{\"@type\":\"EntryPoint\",\"urlTemplate\":\"https:\/\/oud.alplift.com\/pl\/?s={search_term_string}\"},\"query-input\":{\"@type\":\"PropertyValueSpecification\",\"valueRequired\":true,\"valueName\":\"search_term_string\"}}],\"inLanguage\":\"pl-PL\"}]}<\/script>\n<!-- \/ Yoast SEO plugin. -->","yoast_head_json":{"title":"Podno\u015bnik materia\u0142owy z platform\u0105 robocz\u0105 - PL200 - Alp Lift | Lifting equipment","description":"Alp Lift - uniwersalny podno\u015bnik materia\u0142\u00f3w z oddzieln\u0105 platform\u0105 robocz\u0105 PL200. Przyjazna dla u\u017cytkownika alternatywa dla rusztowa\u0144 i platform lotniczych. Popro\u015b o qoute online.","robots":{"index":"noindex","follow":"follow","max-snippet":"max-snippet:-1","max-image-preview":"max-image-preview:large","max-video-preview":"max-video-preview:-1"},"og_locale":"pl_PL","og_type":"article","og_title":"Podno\u015bnik materia\u0142owy z platform\u0105 robocz\u0105 - PL200 - Alp Lift | Lifting equipment","og_description":"Alp Lift - uniwersalny podno\u015bnik materia\u0142\u00f3w z oddzieln\u0105 platform\u0105 robocz\u0105 PL200. Przyjazna dla u\u017cytkownika alternatywa dla rusztowa\u0144 i platform lotniczych. Popro\u015b o qoute online.","og_url":"https:\/\/oud.alplift.com\/pl\/produkt\/podnosnik-materialowy-z-platforma-robocza\/","og_site_name":"Alp Lift","article_modified_time":"2021-01-21T09:09:43+00:00","og_image":[{"width":1030,"height":1030,"url":"https:\/\/oud.alplift.com\/wp-content\/uploads\/2021\/01\/ALP02-08-scaled-1-1030x1030.jpg","type":"image\/jpeg"}],"twitter_card":"summary_large_image","schema":{"@context":"https:\/\/schema.org","@graph":[{"@type":"WebPage","@id":"https:\/\/oud.alplift.com\/pl\/produkt\/podnosnik-materialowy-z-platforma-robocza\/","url":"https:\/\/oud.alplift.com\/pl\/produkt\/podnosnik-materialowy-z-platforma-robocza\/","name":"Podno\u015bnik materia\u0142owy z platform\u0105 robocz\u0105 - PL200 - Alp Lift | Lifting equipment","isPartOf":{"@id":"https:\/\/oud.alplift.com\/pl\/#website"},"primaryImageOfPage":{"@id":"https:\/\/oud.alplift.com\/pl\/produkt\/podnosnik-materialowy-z-platforma-robocza\/#primaryimage"},"image":{"@id":"https:\/\/oud.alplift.com\/pl\/produkt\/podnosnik-materialowy-z-platforma-robocza\/#primaryimage"},"thumbnailUrl":"https:\/\/oud.alplift.com\/wp-content\/uploads\/2021\/01\/ALP02-08-scaled-1.jpg","datePublished":"2020-02-03T09:57:21+00:00","dateModified":"2021-01-21T09:09:43+00:00","description":"Alp Lift - uniwersalny podno\u015bnik materia\u0142\u00f3w z oddzieln\u0105 platform\u0105 robocz\u0105 PL200. Przyjazna dla u\u017cytkownika alternatywa dla rusztowa\u0144 i platform lotniczych. Popro\u015b o qoute online.","breadcrumb":{"@id":"https:\/\/oud.alplift.com\/pl\/produkt\/podnosnik-materialowy-z-platforma-robocza\/#breadcrumb"},"inLanguage":"pl-PL","potentialAction":[{"@type":"ReadAction","target":["https:\/\/oud.alplift.com\/pl\/produkt\/podnosnik-materialowy-z-platforma-robocza\/"]}]},{"@type":"ImageObject","inLanguage":"pl-PL","@id":"https:\/\/oud.alplift.com\/pl\/produkt\/podnosnik-materialowy-z-platforma-robocza\/#primaryimage","url":"https:\/\/oud.alplift.com\/wp-content\/uploads\/2021\/01\/ALP02-08-scaled-1.jpg","contentUrl":"https:\/\/oud.alplift.com\/wp-content\/uploads\/2021\/01\/ALP02-08-scaled-1.jpg","width":2560,"height":2560},{"@type":"BreadcrumbList","@id":"https:\/\/oud.alplift.com\/pl\/produkt\/podnosnik-materialowy-z-platforma-robocza\/#breadcrumb","itemListElement":[{"@type":"ListItem","position":1,"name":"Home","item":"https:\/\/oud.alplift.com\/pl\/"},{"@type":"ListItem","position":2,"name":"Winkel","item":"https:\/\/oud.alplift.com\/winkel\/"},{"@type":"ListItem","position":3,"name":"Podno\u015bnik materia\u0142owy z platform\u0105 robocz\u0105 &#8211; PL200"}]},{"@type":"WebSite","@id":"https:\/\/oud.alplift.com\/pl\/#website","url":"https:\/\/oud.alplift.com\/pl\/","name":"Alp Lift","description":"Lifting Equipment","potentialAction":[{"@type":"SearchAction","target":{"@type":"EntryPoint","urlTemplate":"https:\/\/oud.alplift.com\/pl\/?s={search_term_string}"},"query-input":{"@type":"PropertyValueSpecification","valueRequired":true,"valueName":"search_term_string"}}],"inLanguage":"pl-PL"}]}},"_links":{"self":[{"href":"https:\/\/oud.alplift.com\/pl\/wp-json\/wp\/v2\/product\/3393","targetHints":{"allow":["GET"]}}],"collection":[{"href":"https:\/\/oud.alplift.com\/pl\/wp-json\/wp\/v2\/product"}],"about":[{"href":"https:\/\/oud.alplift.com\/pl\/wp-json\/wp\/v2\/types\/product"}],"replies":[{"embeddable":true,"href":"https:\/\/oud.alplift.com\/pl\/wp-json\/wp\/v2\/comments?post=3393"}],"wp:featuredmedia":[{"embeddable":true,"href":"https:\/\/oud.alplift.com\/pl\/wp-json\/wp\/v2\/media\/2835"}],"wp:attachment":[{"href":"https:\/\/oud.alplift.com\/pl\/wp-json\/wp\/v2\/media?parent=3393"}],"wp:term":[{"taxonomy":"product_cat","embeddable":true,"href":"https:\/\/oud.alplift.com\/pl\/wp-json\/wp\/v2\/product_cat?post=3393"},{"taxonomy":"product_tag","embeddable":true,"href":"https:\/\/oud.alplift.com\/pl\/wp-json\/wp\/v2\/product_tag?post=3393"}],"curies":[{"name":"wp","href":"https:\/\/api.w.org\/{rel}","templated":true}]}}