
{"id":3392,"date":"2019-06-19T19:54:50","date_gmt":"2019-09-16T06:32:40","guid":{"rendered":"https:\/\/oud.alplift.com\/product\/1-osobowy-podnosnik-koszowy\/"},"modified":"2022-02-11T15:03:30","modified_gmt":"2022-02-11T14:03:30","slug":"1-osobowy-podnosnik-koszowy","status":"publish","type":"product","link":"https:\/\/oud.alplift.com\/pl\/produkt\/1-osobowy-podnosnik-koszowy\/","title":{"rendered":"1-osobowy podno\u015bnik koszowy"},"content":{"rendered":"","protected":false},"excerpt":{"rendered":"<p>Podno\u015bnik ten mo\u017ce by\u0107 u\u017cywany do pracy do wysoko\u015bci roboczej do pi\u0119ciu metr\u00f3w. Jest to idealne rozwi\u0105zanie do bezpiecznej pracy na niskich wysoko\u015bciach i mo\u017ce by\u0107 stosowane do wielu czynno\u015bci, takich jak przygotowywanie zam\u00f3wie\u0144, prace instalacyjne, konserwacyjne lub transport wewn\u0119trzny. Ten kompaktowy podno\u015bnik jest dobr\u0105 alternatyw\u0105 dla drabin, schod\u00f3w i rusztowa\u0144. Praca mo\u017ce by\u0107 wykonywana bezpieczniej i wydajniej, poniewa\u017c materia\u0142y s\u0105 pod r\u0119k\u0105, a obie r\u0119ce s\u0105 wolne.<\/p>\n<p>Podno\u015bnik osi\u0105ga pr\u0119dko\u015b\u0107 6 km\/h i jest najszybszy w swoim segmencie. Kolejn\u0105 unikaln\u0105 cech\u0105 jest to, \u017ce platforma mo\u017ce opuszcza\u0107 lub podnie\u015b\u0107 si\u0119 podczas jazdy. Pr\u0119dko\u015b\u0107 b\u0119dzie wtedy ni\u017csza. Najlepiej je\u017adzi na r\u00f3wnych g\u0142adkich posadzkach i nadaje si\u0119 tylko do u\u017cytku w pomieszczeniach. Dzi\u0119ki w\u0105skiemu podwoziu mieszcz\u0105 si\u0119 w standardowych s\u0142upkach drzwi, a dzi\u0119ki niskiej wadze platforma ta mo\u017ce by\u0107 stosowana w windach pasa\u017cerskich.<\/p>\n<p>Najlepiej je\u017adzi na r\u00f3wnych g\u0142adkich posadzkach.<\/p>\n<p><strong>Dane techniczne:<\/strong><\/p>\n<ul>\n<li>Wysoko\u015b\u0107 robocza: 5 metr\u00f3w<\/li>\n<li>Wysoko\u015b\u0107 platformy: 3 metry<\/li>\n<li>Ud\u017awig platformy roboczej: 200 kg<\/li>\n<li>Maksymalna waga platformy: 136 kg<\/li>\n<li>D\u0142ugo\u015b\u0107: 1,44 metra<\/li>\n<li>Szeroko\u015b\u0107: 0,75 metra<\/li>\n<li>Platforma obni\u017cona: 1,36 metra<\/li>\n<li>Waga: 800 kg<\/li>\n<li>Pr\u0119dko\u015b\u0107: 6 km p \/ h (schowane), 3 km p \/ h (wysoko\u015b\u0107 2,5-3 m), 2 km p \/ h (wysoko\u015b\u0107 3-4 m), 1 km p \/ h (wysoko\u015b\u0107 4-5 m)<\/li>\n<li>Bateria: 24 V &#8211; bezobs\u0142ugowa (bateria litowo-jonowa jest opcj\u0105)<\/li>\n<li>Wyposa\u017cony w niebiesk\u0105 plamk\u0119 zapewniaj\u0105c\u0105 widoczno\u015b\u0107<\/li>\n<\/ul>\n<p>Szukasz platformy o wi\u0119kszym zasi\u0119gu? Nast\u0119pnie obejrzyj nasze <a href=\"https:\/\/oud.alplift.com\/product-categorie\/podnosniki-pionowe\/?lang=pl\">pionowe teleskopowe podno\u015bniki<\/a>.<\/p>\n<h4><\/h4>\n<p>.<\/p>\n","protected":false},"featured_media":2830,"comment_status":"closed","ping_status":"closed","template":"","meta":[],"product_cat":[168,156],"product_tag":[],"class_list":{"0":"post-3392","1":"product","2":"type-product","3":"status-publish","4":"has-post-thumbnail","6":"product_cat-podnosnik-towarowy-z-platforma","7":"product_cat-podnosniki-koszowe","8":"pa_hefcapaciteit-200-300-kg-pl","9":"pa_merk-ep-equipment-pl","11":"first","12":"instock","13":"shipping-taxable","14":"product-type-simple"},"yoast_head":"<!-- This site is optimized with the Yoast SEO plugin v24.0 - https:\/\/yoast.com\/wordpress\/plugins\/seo\/ -->\n<title>1-osobowy podno\u015bnik koszowy | Alp Lift Holandia<\/title>\n<meta name=\"description\" content=\"Nowo\u015b\u0107 w Alp Lift - platforma o niskim dost\u0119pie dla jednego u\u017cytkownika, idealna do kompletacji zam\u00f3wie\u0144 lub prac konserwacyjnych. Popro\u015b o wycen\u0119 online.\" \/>\n<meta name=\"robots\" content=\"noindex, follow, max-snippet:-1, max-image-preview:large, max-video-preview:-1\" \/>\n<meta property=\"og:locale\" content=\"pl_PL\" \/>\n<meta property=\"og:type\" content=\"article\" \/>\n<meta property=\"og:title\" content=\"1-osobowy podno\u015bnik koszowy | Alp Lift Holandia\" \/>\n<meta property=\"og:description\" content=\"Nowo\u015b\u0107 w Alp Lift - platforma o niskim dost\u0119pie dla jednego u\u017cytkownika, idealna do kompletacji zam\u00f3wie\u0144 lub prac konserwacyjnych. Popro\u015b o wycen\u0119 online.\" \/>\n<meta property=\"og:url\" content=\"https:\/\/oud.alplift.com\/pl\/produkt\/1-osobowy-podnosnik-koszowy\/\" \/>\n<meta property=\"og:site_name\" content=\"Alp Lift\" \/>\n<meta property=\"article:modified_time\" content=\"2022-02-11T14:03:30+00:00\" \/>\n<meta property=\"og:image\" content=\"https:\/\/oud.alplift.com\/wp-content\/uploads\/2021\/01\/Schermafbeelding-2019-06-19-om-21.15.46-e1560974490251.png\" \/>\n\t<meta property=\"og:image:width\" content=\"500\" \/>\n\t<meta property=\"og:image:height\" content=\"389\" \/>\n\t<meta property=\"og:image:type\" content=\"image\/png\" \/>\n<meta name=\"twitter:card\" content=\"summary_large_image\" \/>\n<script type=\"application\/ld+json\" class=\"yoast-schema-graph\">{\"@context\":\"https:\/\/schema.org\",\"@graph\":[{\"@type\":\"WebPage\",\"@id\":\"https:\/\/oud.alplift.com\/pl\/produkt\/1-osobowy-podnosnik-koszowy\/\",\"url\":\"https:\/\/oud.alplift.com\/pl\/produkt\/1-osobowy-podnosnik-koszowy\/\",\"name\":\"1-osobowy podno\u015bnik koszowy | Alp Lift Holandia\",\"isPartOf\":{\"@id\":\"https:\/\/oud.alplift.com\/pl\/#website\"},\"primaryImageOfPage\":{\"@id\":\"https:\/\/oud.alplift.com\/pl\/produkt\/1-osobowy-podnosnik-koszowy\/#primaryimage\"},\"image\":{\"@id\":\"https:\/\/oud.alplift.com\/pl\/produkt\/1-osobowy-podnosnik-koszowy\/#primaryimage\"},\"thumbnailUrl\":\"https:\/\/oud.alplift.com\/wp-content\/uploads\/2021\/01\/Schermafbeelding-2019-06-19-om-21.15.46-e1560974490251.png\",\"datePublished\":\"2019-09-16T06:32:40+00:00\",\"dateModified\":\"2022-02-11T14:03:30+00:00\",\"description\":\"Nowo\u015b\u0107 w Alp Lift - platforma o niskim dost\u0119pie dla jednego u\u017cytkownika, idealna do kompletacji zam\u00f3wie\u0144 lub prac konserwacyjnych. Popro\u015b o wycen\u0119 online.\",\"breadcrumb\":{\"@id\":\"https:\/\/oud.alplift.com\/pl\/produkt\/1-osobowy-podnosnik-koszowy\/#breadcrumb\"},\"inLanguage\":\"pl-PL\",\"potentialAction\":[{\"@type\":\"ReadAction\",\"target\":[\"https:\/\/oud.alplift.com\/pl\/produkt\/1-osobowy-podnosnik-koszowy\/\"]}]},{\"@type\":\"ImageObject\",\"inLanguage\":\"pl-PL\",\"@id\":\"https:\/\/oud.alplift.com\/pl\/produkt\/1-osobowy-podnosnik-koszowy\/#primaryimage\",\"url\":\"https:\/\/oud.alplift.com\/wp-content\/uploads\/2021\/01\/Schermafbeelding-2019-06-19-om-21.15.46-e1560974490251.png\",\"contentUrl\":\"https:\/\/oud.alplift.com\/wp-content\/uploads\/2021\/01\/Schermafbeelding-2019-06-19-om-21.15.46-e1560974490251.png\",\"width\":500,\"height\":389},{\"@type\":\"BreadcrumbList\",\"@id\":\"https:\/\/oud.alplift.com\/pl\/produkt\/1-osobowy-podnosnik-koszowy\/#breadcrumb\",\"itemListElement\":[{\"@type\":\"ListItem\",\"position\":1,\"name\":\"Home\",\"item\":\"https:\/\/oud.alplift.com\/pl\/\"},{\"@type\":\"ListItem\",\"position\":2,\"name\":\"Winkel\",\"item\":\"https:\/\/oud.alplift.com\/winkel\/\"},{\"@type\":\"ListItem\",\"position\":3,\"name\":\"1-osobowy podno\u015bnik koszowy\"}]},{\"@type\":\"WebSite\",\"@id\":\"https:\/\/oud.alplift.com\/pl\/#website\",\"url\":\"https:\/\/oud.alplift.com\/pl\/\",\"name\":\"Alp Lift\",\"description\":\"Lifting Equipment\",\"potentialAction\":[{\"@type\":\"SearchAction\",\"target\":{\"@type\":\"EntryPoint\",\"urlTemplate\":\"https:\/\/oud.alplift.com\/pl\/?s={search_term_string}\"},\"query-input\":{\"@type\":\"PropertyValueSpecification\",\"valueRequired\":true,\"valueName\":\"search_term_string\"}}],\"inLanguage\":\"pl-PL\"}]}<\/script>\n<!-- \/ Yoast SEO plugin. -->","yoast_head_json":{"title":"1-osobowy podno\u015bnik koszowy | Alp Lift Holandia","description":"Nowo\u015b\u0107 w Alp Lift - platforma o niskim dost\u0119pie dla jednego u\u017cytkownika, idealna do kompletacji zam\u00f3wie\u0144 lub prac konserwacyjnych. Popro\u015b o wycen\u0119 online.","robots":{"index":"noindex","follow":"follow","max-snippet":"max-snippet:-1","max-image-preview":"max-image-preview:large","max-video-preview":"max-video-preview:-1"},"og_locale":"pl_PL","og_type":"article","og_title":"1-osobowy podno\u015bnik koszowy | Alp Lift Holandia","og_description":"Nowo\u015b\u0107 w Alp Lift - platforma o niskim dost\u0119pie dla jednego u\u017cytkownika, idealna do kompletacji zam\u00f3wie\u0144 lub prac konserwacyjnych. Popro\u015b o wycen\u0119 online.","og_url":"https:\/\/oud.alplift.com\/pl\/produkt\/1-osobowy-podnosnik-koszowy\/","og_site_name":"Alp Lift","article_modified_time":"2022-02-11T14:03:30+00:00","og_image":[{"width":500,"height":389,"url":"https:\/\/oud.alplift.com\/wp-content\/uploads\/2021\/01\/Schermafbeelding-2019-06-19-om-21.15.46-e1560974490251.png","type":"image\/png"}],"twitter_card":"summary_large_image","schema":{"@context":"https:\/\/schema.org","@graph":[{"@type":"WebPage","@id":"https:\/\/oud.alplift.com\/pl\/produkt\/1-osobowy-podnosnik-koszowy\/","url":"https:\/\/oud.alplift.com\/pl\/produkt\/1-osobowy-podnosnik-koszowy\/","name":"1-osobowy podno\u015bnik koszowy | Alp Lift Holandia","isPartOf":{"@id":"https:\/\/oud.alplift.com\/pl\/#website"},"primaryImageOfPage":{"@id":"https:\/\/oud.alplift.com\/pl\/produkt\/1-osobowy-podnosnik-koszowy\/#primaryimage"},"image":{"@id":"https:\/\/oud.alplift.com\/pl\/produkt\/1-osobowy-podnosnik-koszowy\/#primaryimage"},"thumbnailUrl":"https:\/\/oud.alplift.com\/wp-content\/uploads\/2021\/01\/Schermafbeelding-2019-06-19-om-21.15.46-e1560974490251.png","datePublished":"2019-09-16T06:32:40+00:00","dateModified":"2022-02-11T14:03:30+00:00","description":"Nowo\u015b\u0107 w Alp Lift - platforma o niskim dost\u0119pie dla jednego u\u017cytkownika, idealna do kompletacji zam\u00f3wie\u0144 lub prac konserwacyjnych. Popro\u015b o wycen\u0119 online.","breadcrumb":{"@id":"https:\/\/oud.alplift.com\/pl\/produkt\/1-osobowy-podnosnik-koszowy\/#breadcrumb"},"inLanguage":"pl-PL","potentialAction":[{"@type":"ReadAction","target":["https:\/\/oud.alplift.com\/pl\/produkt\/1-osobowy-podnosnik-koszowy\/"]}]},{"@type":"ImageObject","inLanguage":"pl-PL","@id":"https:\/\/oud.alplift.com\/pl\/produkt\/1-osobowy-podnosnik-koszowy\/#primaryimage","url":"https:\/\/oud.alplift.com\/wp-content\/uploads\/2021\/01\/Schermafbeelding-2019-06-19-om-21.15.46-e1560974490251.png","contentUrl":"https:\/\/oud.alplift.com\/wp-content\/uploads\/2021\/01\/Schermafbeelding-2019-06-19-om-21.15.46-e1560974490251.png","width":500,"height":389},{"@type":"BreadcrumbList","@id":"https:\/\/oud.alplift.com\/pl\/produkt\/1-osobowy-podnosnik-koszowy\/#breadcrumb","itemListElement":[{"@type":"ListItem","position":1,"name":"Home","item":"https:\/\/oud.alplift.com\/pl\/"},{"@type":"ListItem","position":2,"name":"Winkel","item":"https:\/\/oud.alplift.com\/winkel\/"},{"@type":"ListItem","position":3,"name":"1-osobowy podno\u015bnik koszowy"}]},{"@type":"WebSite","@id":"https:\/\/oud.alplift.com\/pl\/#website","url":"https:\/\/oud.alplift.com\/pl\/","name":"Alp Lift","description":"Lifting Equipment","potentialAction":[{"@type":"SearchAction","target":{"@type":"EntryPoint","urlTemplate":"https:\/\/oud.alplift.com\/pl\/?s={search_term_string}"},"query-input":{"@type":"PropertyValueSpecification","valueRequired":true,"valueName":"search_term_string"}}],"inLanguage":"pl-PL"}]}},"_links":{"self":[{"href":"https:\/\/oud.alplift.com\/pl\/wp-json\/wp\/v2\/product\/3392","targetHints":{"allow":["GET"]}}],"collection":[{"href":"https:\/\/oud.alplift.com\/pl\/wp-json\/wp\/v2\/product"}],"about":[{"href":"https:\/\/oud.alplift.com\/pl\/wp-json\/wp\/v2\/types\/product"}],"replies":[{"embeddable":true,"href":"https:\/\/oud.alplift.com\/pl\/wp-json\/wp\/v2\/comments?post=3392"}],"wp:featuredmedia":[{"embeddable":true,"href":"https:\/\/oud.alplift.com\/pl\/wp-json\/wp\/v2\/media\/2830"}],"wp:attachment":[{"href":"https:\/\/oud.alplift.com\/pl\/wp-json\/wp\/v2\/media?parent=3392"}],"wp:term":[{"taxonomy":"product_cat","embeddable":true,"href":"https:\/\/oud.alplift.com\/pl\/wp-json\/wp\/v2\/product_cat?post=3392"},{"taxonomy":"product_tag","embeddable":true,"href":"https:\/\/oud.alplift.com\/pl\/wp-json\/wp\/v2\/product_tag?post=3392"}],"curies":[{"name":"wp","href":"https:\/\/api.w.org\/{rel}","templated":true}]}}