
{"id":3391,"date":"2016-09-10T11:23:38","date_gmt":"2016-09-10T09:23:38","guid":{"rendered":"https:\/\/oud.alplift.com\/product\/podnosnik-event-e760sb\/"},"modified":"2021-11-29T13:30:12","modified_gmt":"2021-11-29T12:30:12","slug":"podnosnik-event-e760sb","status":"publish","type":"product","link":"https:\/\/oud.alplift.com\/pl\/produkt\/podnosnik-event-e760sb\/","title":{"rendered":"Podno\u015bnik Event \u2013 E760SB"},"content":{"rendered":"","protected":false},"excerpt":{"rendered":"<p>Podno\u015bnik E620SB o ud\u017awigu wynosz\u0105cym do 300 kilogram\u00f3w i wysoko\u015bci podnoszenia przekraczaj\u0105cej 6 m mo\u017ce zosta\u0107 zmontowane bez u\u017cycia narz\u0119dzi. Kompaktowe wymiary pozwalaj\u0105 na niezwykle \u0142atwy transport urz\u0105dzenia, co pozwala na wygodne u\u017cywanie go w teatrach i na festiwalach, a tak\u017ce w centrach kongresowych dla zapewnienia najwy\u017cszego poziomu wygody i bezpiecze\u0144stwa. Nasze podno\u015bniki teatralne s\u0105 dost\u0119pne od r\u0119ki w kolorze aluminium lub czarnym.<\/p>\n<p><strong>Dane techniczne:<\/strong><\/p>\n<ul>\n<li>Wysoko\u015b\u0107 podnoszenia: 7,62 m<\/li>\n<li>Ud\u017awig: 300 kg<\/li>\n<li>Wysoko\u015b\u0107 z\u0142o\u017conego urz\u0105dzenia: 1,99 m<\/li>\n<li>Waga: 220 kg<\/li>\n<\/ul>\n<p><strong>Informacje o produkcie:<\/strong><\/p>\n<ul>\n<li>Du\u017ce ko\u0142a z ty\u0142u u\u0142atwiaj\u0105ce transport.<\/li>\n<li>Cicha wci\u0105garka z podw\u00f3jnymi uchwytami.<\/li>\n<li>Opatentowany system blokad zapobiegaj\u0105cy niekontrolowanemu lub przedwczesnemu roz\u0142o\u017ceniu sekcji kolumny.<\/li>\n<li>Wzmocnione \u0142o\u017cyska w bloczkach.<\/li>\n<li>Jedyny w swoim rodzaju system zarz\u0105dzania linkami w sekcji kolumny zmniejszaj\u0105cy zu\u017cycie element\u00f3w kolumny i lin stalowych.<\/li>\n<li>Podstawa i widelec z ocynkowanej stali.<\/li>\n<li>Cztery ocynkowane stabilizatory z trzpieniami \u015brubowymi.<\/li>\n<li>Opatentowany profil aluminiowej kolumny.<\/li>\n<li>Wymiary u\u0142atwiaj\u0105ce transport oraz przemieszczanie przez standardowe otwory drzwiowe.<\/li>\n<li>Znak zgodno\u015bci CE.<\/li>\n<\/ul>\n","protected":false},"featured_media":2605,"comment_status":"closed","ping_status":"closed","template":"","meta":[],"product_cat":[200,188],"product_tag":[],"class_list":{"0":"post-3391","1":"product","2":"type-product","3":"status-publish","4":"has-post-thumbnail","6":"product_cat-podnosniki-event","7":"product_cat-podnosniki-materialowe","8":"pa_bediening-recznie","9":"pa_hefcapaciteit-300-kg-pl","10":"pa_hefhoogte-6-8-metr","11":"pa_merk-alp-lift-pl","13":"first","14":"instock","15":"shipping-taxable","16":"product-type-simple"},"yoast_head":"<!-- This site is optimized with the Yoast SEO plugin v24.0 - https:\/\/yoast.com\/wordpress\/plugins\/seo\/ -->\n<title>Podno\u015bnik Event \u2013 E620SB - Alp Lift<\/title>\n<meta name=\"description\" content=\"Podno\u015bniki firmy Alp Lift z serii Event pozwalaj\u0105 na podnoszenie cennego sprz\u0119tu na \u017c\u0105dan\u0105 wysoko\u015b\u0107. Zosta\u0142y opracowane z my\u015bl\u0105 o potrzebach bran\u017cy o\u015bwietleniowej i nag\u0142o\u015bnieniowej.\u00a0Popro\u015b o wycen\u0119 przez Internet.\" \/>\n<meta name=\"robots\" content=\"noindex, follow, max-snippet:-1, max-image-preview:large, max-video-preview:-1\" \/>\n<meta property=\"og:locale\" content=\"pl_PL\" \/>\n<meta property=\"og:type\" content=\"article\" \/>\n<meta property=\"og:title\" content=\"Podno\u015bnik Event \u2013 E620SB - Alp Lift\" \/>\n<meta property=\"og:description\" content=\"Podno\u015bniki firmy Alp Lift z serii Event pozwalaj\u0105 na podnoszenie cennego sprz\u0119tu na \u017c\u0105dan\u0105 wysoko\u015b\u0107. Zosta\u0142y opracowane z my\u015bl\u0105 o potrzebach bran\u017cy o\u015bwietleniowej i nag\u0142o\u015bnieniowej.\u00a0Popro\u015b o wycen\u0119 przez Internet.\" \/>\n<meta property=\"og:url\" content=\"https:\/\/oud.alplift.com\/pl\/produkt\/podnosnik-event-e760sb\/\" \/>\n<meta property=\"og:site_name\" content=\"Alp Lift\" \/>\n<meta property=\"article:modified_time\" content=\"2021-11-29T12:30:12+00:00\" \/>\n<meta property=\"og:image\" content=\"https:\/\/oud.alplift.com\/wp-content\/uploads\/2021\/01\/Theaterlift-black-high_res.jpg\" \/>\n\t<meta property=\"og:image:width\" content=\"1024\" \/>\n\t<meta property=\"og:image:height\" content=\"768\" \/>\n\t<meta property=\"og:image:type\" content=\"image\/jpeg\" \/>\n<meta name=\"twitter:card\" content=\"summary_large_image\" \/>\n<script type=\"application\/ld+json\" class=\"yoast-schema-graph\">{\"@context\":\"https:\/\/schema.org\",\"@graph\":[{\"@type\":\"WebPage\",\"@id\":\"https:\/\/oud.alplift.com\/pl\/produkt\/podnosnik-event-e760sb\/\",\"url\":\"https:\/\/oud.alplift.com\/pl\/produkt\/podnosnik-event-e760sb\/\",\"name\":\"Podno\u015bnik Event \u2013 E620SB - Alp Lift\",\"isPartOf\":{\"@id\":\"https:\/\/oud.alplift.com\/pl\/#website\"},\"primaryImageOfPage\":{\"@id\":\"https:\/\/oud.alplift.com\/pl\/produkt\/podnosnik-event-e760sb\/#primaryimage\"},\"image\":{\"@id\":\"https:\/\/oud.alplift.com\/pl\/produkt\/podnosnik-event-e760sb\/#primaryimage\"},\"thumbnailUrl\":\"https:\/\/oud.alplift.com\/wp-content\/uploads\/2021\/01\/Theaterlift-black-high_res.jpg\",\"datePublished\":\"2016-09-10T09:23:38+00:00\",\"dateModified\":\"2021-11-29T12:30:12+00:00\",\"description\":\"Podno\u015bniki firmy Alp Lift z serii Event pozwalaj\u0105 na podnoszenie cennego sprz\u0119tu na \u017c\u0105dan\u0105 wysoko\u015b\u0107. Zosta\u0142y opracowane z my\u015bl\u0105 o potrzebach bran\u017cy o\u015bwietleniowej i nag\u0142o\u015bnieniowej.\u00a0Popro\u015b o wycen\u0119 przez Internet.\",\"breadcrumb\":{\"@id\":\"https:\/\/oud.alplift.com\/pl\/produkt\/podnosnik-event-e760sb\/#breadcrumb\"},\"inLanguage\":\"pl-PL\",\"potentialAction\":[{\"@type\":\"ReadAction\",\"target\":[\"https:\/\/oud.alplift.com\/pl\/produkt\/podnosnik-event-e760sb\/\"]}]},{\"@type\":\"ImageObject\",\"inLanguage\":\"pl-PL\",\"@id\":\"https:\/\/oud.alplift.com\/pl\/produkt\/podnosnik-event-e760sb\/#primaryimage\",\"url\":\"https:\/\/oud.alplift.com\/wp-content\/uploads\/2021\/01\/Theaterlift-black-high_res.jpg\",\"contentUrl\":\"https:\/\/oud.alplift.com\/wp-content\/uploads\/2021\/01\/Theaterlift-black-high_res.jpg\",\"width\":1024,\"height\":768},{\"@type\":\"BreadcrumbList\",\"@id\":\"https:\/\/oud.alplift.com\/pl\/produkt\/podnosnik-event-e760sb\/#breadcrumb\",\"itemListElement\":[{\"@type\":\"ListItem\",\"position\":1,\"name\":\"Home\",\"item\":\"https:\/\/oud.alplift.com\/pl\/\"},{\"@type\":\"ListItem\",\"position\":2,\"name\":\"Winkel\",\"item\":\"https:\/\/oud.alplift.com\/winkel\/\"},{\"@type\":\"ListItem\",\"position\":3,\"name\":\"Podno\u015bnik Event \u2013 E760SB\"}]},{\"@type\":\"WebSite\",\"@id\":\"https:\/\/oud.alplift.com\/pl\/#website\",\"url\":\"https:\/\/oud.alplift.com\/pl\/\",\"name\":\"Alp Lift\",\"description\":\"Lifting Equipment\",\"potentialAction\":[{\"@type\":\"SearchAction\",\"target\":{\"@type\":\"EntryPoint\",\"urlTemplate\":\"https:\/\/oud.alplift.com\/pl\/?s={search_term_string}\"},\"query-input\":{\"@type\":\"PropertyValueSpecification\",\"valueRequired\":true,\"valueName\":\"search_term_string\"}}],\"inLanguage\":\"pl-PL\"}]}<\/script>\n<!-- \/ Yoast SEO plugin. -->","yoast_head_json":{"title":"Podno\u015bnik Event \u2013 E620SB - Alp Lift","description":"Podno\u015bniki firmy Alp Lift z serii Event pozwalaj\u0105 na podnoszenie cennego sprz\u0119tu na \u017c\u0105dan\u0105 wysoko\u015b\u0107. Zosta\u0142y opracowane z my\u015bl\u0105 o potrzebach bran\u017cy o\u015bwietleniowej i nag\u0142o\u015bnieniowej.\u00a0Popro\u015b o wycen\u0119 przez Internet.","robots":{"index":"noindex","follow":"follow","max-snippet":"max-snippet:-1","max-image-preview":"max-image-preview:large","max-video-preview":"max-video-preview:-1"},"og_locale":"pl_PL","og_type":"article","og_title":"Podno\u015bnik Event \u2013 E620SB - Alp Lift","og_description":"Podno\u015bniki firmy Alp Lift z serii Event pozwalaj\u0105 na podnoszenie cennego sprz\u0119tu na \u017c\u0105dan\u0105 wysoko\u015b\u0107. Zosta\u0142y opracowane z my\u015bl\u0105 o potrzebach bran\u017cy o\u015bwietleniowej i nag\u0142o\u015bnieniowej.\u00a0Popro\u015b o wycen\u0119 przez Internet.","og_url":"https:\/\/oud.alplift.com\/pl\/produkt\/podnosnik-event-e760sb\/","og_site_name":"Alp Lift","article_modified_time":"2021-11-29T12:30:12+00:00","og_image":[{"width":1024,"height":768,"url":"https:\/\/oud.alplift.com\/wp-content\/uploads\/2021\/01\/Theaterlift-black-high_res.jpg","type":"image\/jpeg"}],"twitter_card":"summary_large_image","schema":{"@context":"https:\/\/schema.org","@graph":[{"@type":"WebPage","@id":"https:\/\/oud.alplift.com\/pl\/produkt\/podnosnik-event-e760sb\/","url":"https:\/\/oud.alplift.com\/pl\/produkt\/podnosnik-event-e760sb\/","name":"Podno\u015bnik Event \u2013 E620SB - Alp Lift","isPartOf":{"@id":"https:\/\/oud.alplift.com\/pl\/#website"},"primaryImageOfPage":{"@id":"https:\/\/oud.alplift.com\/pl\/produkt\/podnosnik-event-e760sb\/#primaryimage"},"image":{"@id":"https:\/\/oud.alplift.com\/pl\/produkt\/podnosnik-event-e760sb\/#primaryimage"},"thumbnailUrl":"https:\/\/oud.alplift.com\/wp-content\/uploads\/2021\/01\/Theaterlift-black-high_res.jpg","datePublished":"2016-09-10T09:23:38+00:00","dateModified":"2021-11-29T12:30:12+00:00","description":"Podno\u015bniki firmy Alp Lift z serii Event pozwalaj\u0105 na podnoszenie cennego sprz\u0119tu na \u017c\u0105dan\u0105 wysoko\u015b\u0107. Zosta\u0142y opracowane z my\u015bl\u0105 o potrzebach bran\u017cy o\u015bwietleniowej i nag\u0142o\u015bnieniowej.\u00a0Popro\u015b o wycen\u0119 przez Internet.","breadcrumb":{"@id":"https:\/\/oud.alplift.com\/pl\/produkt\/podnosnik-event-e760sb\/#breadcrumb"},"inLanguage":"pl-PL","potentialAction":[{"@type":"ReadAction","target":["https:\/\/oud.alplift.com\/pl\/produkt\/podnosnik-event-e760sb\/"]}]},{"@type":"ImageObject","inLanguage":"pl-PL","@id":"https:\/\/oud.alplift.com\/pl\/produkt\/podnosnik-event-e760sb\/#primaryimage","url":"https:\/\/oud.alplift.com\/wp-content\/uploads\/2021\/01\/Theaterlift-black-high_res.jpg","contentUrl":"https:\/\/oud.alplift.com\/wp-content\/uploads\/2021\/01\/Theaterlift-black-high_res.jpg","width":1024,"height":768},{"@type":"BreadcrumbList","@id":"https:\/\/oud.alplift.com\/pl\/produkt\/podnosnik-event-e760sb\/#breadcrumb","itemListElement":[{"@type":"ListItem","position":1,"name":"Home","item":"https:\/\/oud.alplift.com\/pl\/"},{"@type":"ListItem","position":2,"name":"Winkel","item":"https:\/\/oud.alplift.com\/winkel\/"},{"@type":"ListItem","position":3,"name":"Podno\u015bnik Event \u2013 E760SB"}]},{"@type":"WebSite","@id":"https:\/\/oud.alplift.com\/pl\/#website","url":"https:\/\/oud.alplift.com\/pl\/","name":"Alp Lift","description":"Lifting Equipment","potentialAction":[{"@type":"SearchAction","target":{"@type":"EntryPoint","urlTemplate":"https:\/\/oud.alplift.com\/pl\/?s={search_term_string}"},"query-input":{"@type":"PropertyValueSpecification","valueRequired":true,"valueName":"search_term_string"}}],"inLanguage":"pl-PL"}]}},"_links":{"self":[{"href":"https:\/\/oud.alplift.com\/pl\/wp-json\/wp\/v2\/product\/3391","targetHints":{"allow":["GET"]}}],"collection":[{"href":"https:\/\/oud.alplift.com\/pl\/wp-json\/wp\/v2\/product"}],"about":[{"href":"https:\/\/oud.alplift.com\/pl\/wp-json\/wp\/v2\/types\/product"}],"replies":[{"embeddable":true,"href":"https:\/\/oud.alplift.com\/pl\/wp-json\/wp\/v2\/comments?post=3391"}],"wp:featuredmedia":[{"embeddable":true,"href":"https:\/\/oud.alplift.com\/pl\/wp-json\/wp\/v2\/media\/2605"}],"wp:attachment":[{"href":"https:\/\/oud.alplift.com\/pl\/wp-json\/wp\/v2\/media?parent=3391"}],"wp:term":[{"taxonomy":"product_cat","embeddable":true,"href":"https:\/\/oud.alplift.com\/pl\/wp-json\/wp\/v2\/product_cat?post=3391"},{"taxonomy":"product_tag","embeddable":true,"href":"https:\/\/oud.alplift.com\/pl\/wp-json\/wp\/v2\/product_tag?post=3391"}],"curies":[{"name":"wp","href":"https:\/\/api.w.org\/{rel}","templated":true}]}}