
{"id":3387,"date":"2018-02-16T09:11:05","date_gmt":"2018-02-16T08:11:05","guid":{"rendered":"https:\/\/oud.alplift.com\/product\/podnosniki-typu-pajak-tr15gt\/"},"modified":"2021-01-21T10:09:31","modified_gmt":"2021-01-21T09:09:31","slug":"podnosniki-typu-pajak-tr15gt","status":"publish","type":"product","link":"https:\/\/oud.alplift.com\/pl\/produkt\/podnosniki-typu-pajak-tr15gt\/","title":{"rendered":"Podno\u015bniki typu paj\u0105k &#8211; TR15GT"},"content":{"rendered":"","protected":false},"excerpt":{"rendered":"<p>Podno\u015bniki typu paj\u0105k na g\u0105sienicach firmy EuropeLift s\u0105 niezwykle kompaktowe. Podno\u015bnik TR15G oferuje wysoko\u015b\u0107 robocz\u0105 15,6 m i zasi\u0119g 7,50 m przy obci\u0105\u017ceniu wynosz\u0105cym do 220 kg. Takie parametry zapewniaj\u0105 mnogo\u015b\u0107 zastosowa\u0144 tego wyj\u0105tkowego podno\u015bnika koszowego typu paj\u0105k. Dzi\u0119ki regulowanemu podwoziu platforma o minimalnej szeroko\u015bci 0,78 m zmie\u015bci si\u0119 prawie we wszystkich drzwiach i bramach. Standardowe wyposa\u017cenie obejmuje obrotowy i ruchomy kosz u\u0142atwiaj\u0105cy dotarcie do trudno dost\u0119pnych miejsc.<\/p>\n<p><strong>Dane techniczne:<\/strong><\/p>\n<ul>\n<li>Wysoko\u015b\u0107 robocza: 15,6 m<\/li>\n<li>Wysoko\u015b\u0107 platformy: 13,6 m<\/li>\n<li>Zasi\u0119g poziomy: 7,5 m<\/li>\n<li>Pojemno\u015b\u0107 platformy: 220 kg.<\/li>\n<li>Obr\u00f3t: 355 \u00b0<\/li>\n<li>Wymiary platformy: 1,2 x 0,8 x 1,1<\/li>\n<li>Obr\u00f3t platformy \/ JIB: 2x 70 \u00b0<\/li>\n<li>D\u0142ugo\u015b\u0107 ca\u0142kowita (bez koszyka): 5,18 m (4,22 m)<\/li>\n<li>Wysoko\u015b\u0107: 1,99 m<\/li>\n<li>Szeroko\u015b\u0107: 0,78 m<\/li>\n<li>Waga z silnikiem Hondy: 1850 kg<\/li>\n<li>Waga z silnikiem Kubota: 2100 kg<\/li>\n<li>Szeroko\u015b\u0107 t\u0142oczona: 3,0 m<\/li>\n<li>Si\u0142a narastania: 18 \u00b0 (32,5%)<\/li>\n<li>Pr\u0119dko\u015b\u0107: 1,6 km \/ h<\/li>\n<\/ul>\n<p>&nbsp;<\/p>\n","protected":false},"featured_media":527,"comment_status":"closed","ping_status":"open","template":"","meta":[],"product_cat":[15],"product_tag":[],"class_list":{"0":"post-3387","1":"product","2":"type-product","3":"status-publish","4":"has-post-thumbnail","6":"product_cat-overig","8":"first","9":"instock","10":"shipping-taxable","11":"product-type-simple"},"yoast_head":"<!-- This site is optimized with the Yoast SEO plugin v24.0 - https:\/\/yoast.com\/wordpress\/plugins\/seo\/ -->\n<title>Podno\u015bniki typu paj\u0105k - TR15GT - Alp Lift<\/title>\n<meta name=\"description\" content=\"Podno\u015bnik typu paj\u0105k TR15GT firmy EuropeLift jest niezwykle wszechstronny mimo swoich niewielkich rozmiar\u00f3w. Idealny do pracy w ograniczonych przestrzeniach. Dost\u0119pny w firmie Alp Lift.\" \/>\n<meta name=\"robots\" content=\"noindex, follow, max-snippet:-1, max-image-preview:large, max-video-preview:-1\" \/>\n<meta property=\"og:locale\" content=\"pl_PL\" \/>\n<meta property=\"og:type\" content=\"article\" \/>\n<meta property=\"og:title\" content=\"Podno\u015bniki typu paj\u0105k - TR15GT - Alp Lift\" \/>\n<meta property=\"og:description\" content=\"Podno\u015bnik typu paj\u0105k TR15GT firmy EuropeLift jest niezwykle wszechstronny mimo swoich niewielkich rozmiar\u00f3w. Idealny do pracy w ograniczonych przestrzeniach. Dost\u0119pny w firmie Alp Lift.\" \/>\n<meta property=\"og:url\" content=\"https:\/\/oud.alplift.com\/pl\/produkt\/podnosniki-typu-pajak-tr15gt\/\" \/>\n<meta property=\"og:site_name\" content=\"Alp Lift\" \/>\n<meta property=\"article:modified_time\" content=\"2021-01-21T09:09:31+00:00\" \/>\n<meta property=\"og:image\" content=\"https:\/\/oud.alplift.com\/wp-content\/uploads\/2020\/11\/Europelift-TR15G.jpg\" \/>\n\t<meta property=\"og:image:width\" content=\"397\" \/>\n\t<meta property=\"og:image:height\" content=\"600\" \/>\n\t<meta property=\"og:image:type\" content=\"image\/jpeg\" \/>\n<meta name=\"twitter:card\" content=\"summary_large_image\" \/>\n<script type=\"application\/ld+json\" class=\"yoast-schema-graph\">{\"@context\":\"https:\/\/schema.org\",\"@graph\":[{\"@type\":\"WebPage\",\"@id\":\"https:\/\/oud.alplift.com\/pl\/produkt\/podnosniki-typu-pajak-tr15gt\/\",\"url\":\"https:\/\/oud.alplift.com\/pl\/produkt\/podnosniki-typu-pajak-tr15gt\/\",\"name\":\"Podno\u015bniki typu paj\u0105k - TR15GT - Alp Lift\",\"isPartOf\":{\"@id\":\"https:\/\/oud.alplift.com\/pl\/#website\"},\"primaryImageOfPage\":{\"@id\":\"https:\/\/oud.alplift.com\/pl\/produkt\/podnosniki-typu-pajak-tr15gt\/#primaryimage\"},\"image\":{\"@id\":\"https:\/\/oud.alplift.com\/pl\/produkt\/podnosniki-typu-pajak-tr15gt\/#primaryimage\"},\"thumbnailUrl\":\"https:\/\/oud.alplift.com\/wp-content\/uploads\/2020\/11\/Europelift-TR15G.jpg\",\"datePublished\":\"2018-02-16T08:11:05+00:00\",\"dateModified\":\"2021-01-21T09:09:31+00:00\",\"description\":\"Podno\u015bnik typu paj\u0105k TR15GT firmy EuropeLift jest niezwykle wszechstronny mimo swoich niewielkich rozmiar\u00f3w. Idealny do pracy w ograniczonych przestrzeniach. Dost\u0119pny w firmie Alp Lift.\",\"breadcrumb\":{\"@id\":\"https:\/\/oud.alplift.com\/pl\/produkt\/podnosniki-typu-pajak-tr15gt\/#breadcrumb\"},\"inLanguage\":\"pl-PL\",\"potentialAction\":[{\"@type\":\"ReadAction\",\"target\":[\"https:\/\/oud.alplift.com\/pl\/produkt\/podnosniki-typu-pajak-tr15gt\/\"]}]},{\"@type\":\"ImageObject\",\"inLanguage\":\"pl-PL\",\"@id\":\"https:\/\/oud.alplift.com\/pl\/produkt\/podnosniki-typu-pajak-tr15gt\/#primaryimage\",\"url\":\"https:\/\/oud.alplift.com\/wp-content\/uploads\/2020\/11\/Europelift-TR15G.jpg\",\"contentUrl\":\"https:\/\/oud.alplift.com\/wp-content\/uploads\/2020\/11\/Europelift-TR15G.jpg\",\"width\":397,\"height\":600,\"caption\":\"Podno\u015bniki typu paj\u0105k - TR15GT\"},{\"@type\":\"BreadcrumbList\",\"@id\":\"https:\/\/oud.alplift.com\/pl\/produkt\/podnosniki-typu-pajak-tr15gt\/#breadcrumb\",\"itemListElement\":[{\"@type\":\"ListItem\",\"position\":1,\"name\":\"Home\",\"item\":\"https:\/\/oud.alplift.com\/pl\/\"},{\"@type\":\"ListItem\",\"position\":2,\"name\":\"Winkel\",\"item\":\"https:\/\/oud.alplift.com\/winkel\/\"},{\"@type\":\"ListItem\",\"position\":3,\"name\":\"Podno\u015bniki typu paj\u0105k &#8211; TR15GT\"}]},{\"@type\":\"WebSite\",\"@id\":\"https:\/\/oud.alplift.com\/pl\/#website\",\"url\":\"https:\/\/oud.alplift.com\/pl\/\",\"name\":\"Alp Lift\",\"description\":\"Lifting Equipment\",\"potentialAction\":[{\"@type\":\"SearchAction\",\"target\":{\"@type\":\"EntryPoint\",\"urlTemplate\":\"https:\/\/oud.alplift.com\/pl\/?s={search_term_string}\"},\"query-input\":{\"@type\":\"PropertyValueSpecification\",\"valueRequired\":true,\"valueName\":\"search_term_string\"}}],\"inLanguage\":\"pl-PL\"}]}<\/script>\n<!-- \/ Yoast SEO plugin. -->","yoast_head_json":{"title":"Podno\u015bniki typu paj\u0105k - TR15GT - Alp Lift","description":"Podno\u015bnik typu paj\u0105k TR15GT firmy EuropeLift jest niezwykle wszechstronny mimo swoich niewielkich rozmiar\u00f3w. Idealny do pracy w ograniczonych przestrzeniach. Dost\u0119pny w firmie Alp Lift.","robots":{"index":"noindex","follow":"follow","max-snippet":"max-snippet:-1","max-image-preview":"max-image-preview:large","max-video-preview":"max-video-preview:-1"},"og_locale":"pl_PL","og_type":"article","og_title":"Podno\u015bniki typu paj\u0105k - TR15GT - Alp Lift","og_description":"Podno\u015bnik typu paj\u0105k TR15GT firmy EuropeLift jest niezwykle wszechstronny mimo swoich niewielkich rozmiar\u00f3w. Idealny do pracy w ograniczonych przestrzeniach. Dost\u0119pny w firmie Alp Lift.","og_url":"https:\/\/oud.alplift.com\/pl\/produkt\/podnosniki-typu-pajak-tr15gt\/","og_site_name":"Alp Lift","article_modified_time":"2021-01-21T09:09:31+00:00","og_image":[{"width":397,"height":600,"url":"https:\/\/oud.alplift.com\/wp-content\/uploads\/2020\/11\/Europelift-TR15G.jpg","type":"image\/jpeg"}],"twitter_card":"summary_large_image","schema":{"@context":"https:\/\/schema.org","@graph":[{"@type":"WebPage","@id":"https:\/\/oud.alplift.com\/pl\/produkt\/podnosniki-typu-pajak-tr15gt\/","url":"https:\/\/oud.alplift.com\/pl\/produkt\/podnosniki-typu-pajak-tr15gt\/","name":"Podno\u015bniki typu paj\u0105k - TR15GT - Alp Lift","isPartOf":{"@id":"https:\/\/oud.alplift.com\/pl\/#website"},"primaryImageOfPage":{"@id":"https:\/\/oud.alplift.com\/pl\/produkt\/podnosniki-typu-pajak-tr15gt\/#primaryimage"},"image":{"@id":"https:\/\/oud.alplift.com\/pl\/produkt\/podnosniki-typu-pajak-tr15gt\/#primaryimage"},"thumbnailUrl":"https:\/\/oud.alplift.com\/wp-content\/uploads\/2020\/11\/Europelift-TR15G.jpg","datePublished":"2018-02-16T08:11:05+00:00","dateModified":"2021-01-21T09:09:31+00:00","description":"Podno\u015bnik typu paj\u0105k TR15GT firmy EuropeLift jest niezwykle wszechstronny mimo swoich niewielkich rozmiar\u00f3w. Idealny do pracy w ograniczonych przestrzeniach. Dost\u0119pny w firmie Alp Lift.","breadcrumb":{"@id":"https:\/\/oud.alplift.com\/pl\/produkt\/podnosniki-typu-pajak-tr15gt\/#breadcrumb"},"inLanguage":"pl-PL","potentialAction":[{"@type":"ReadAction","target":["https:\/\/oud.alplift.com\/pl\/produkt\/podnosniki-typu-pajak-tr15gt\/"]}]},{"@type":"ImageObject","inLanguage":"pl-PL","@id":"https:\/\/oud.alplift.com\/pl\/produkt\/podnosniki-typu-pajak-tr15gt\/#primaryimage","url":"https:\/\/oud.alplift.com\/wp-content\/uploads\/2020\/11\/Europelift-TR15G.jpg","contentUrl":"https:\/\/oud.alplift.com\/wp-content\/uploads\/2020\/11\/Europelift-TR15G.jpg","width":397,"height":600,"caption":"Podno\u015bniki typu paj\u0105k - TR15GT"},{"@type":"BreadcrumbList","@id":"https:\/\/oud.alplift.com\/pl\/produkt\/podnosniki-typu-pajak-tr15gt\/#breadcrumb","itemListElement":[{"@type":"ListItem","position":1,"name":"Home","item":"https:\/\/oud.alplift.com\/pl\/"},{"@type":"ListItem","position":2,"name":"Winkel","item":"https:\/\/oud.alplift.com\/winkel\/"},{"@type":"ListItem","position":3,"name":"Podno\u015bniki typu paj\u0105k &#8211; TR15GT"}]},{"@type":"WebSite","@id":"https:\/\/oud.alplift.com\/pl\/#website","url":"https:\/\/oud.alplift.com\/pl\/","name":"Alp Lift","description":"Lifting Equipment","potentialAction":[{"@type":"SearchAction","target":{"@type":"EntryPoint","urlTemplate":"https:\/\/oud.alplift.com\/pl\/?s={search_term_string}"},"query-input":{"@type":"PropertyValueSpecification","valueRequired":true,"valueName":"search_term_string"}}],"inLanguage":"pl-PL"}]}},"_links":{"self":[{"href":"https:\/\/oud.alplift.com\/pl\/wp-json\/wp\/v2\/product\/3387","targetHints":{"allow":["GET"]}}],"collection":[{"href":"https:\/\/oud.alplift.com\/pl\/wp-json\/wp\/v2\/product"}],"about":[{"href":"https:\/\/oud.alplift.com\/pl\/wp-json\/wp\/v2\/types\/product"}],"replies":[{"embeddable":true,"href":"https:\/\/oud.alplift.com\/pl\/wp-json\/wp\/v2\/comments?post=3387"}],"wp:featuredmedia":[{"embeddable":true,"href":"https:\/\/oud.alplift.com\/pl\/wp-json\/wp\/v2\/media\/527"}],"wp:attachment":[{"href":"https:\/\/oud.alplift.com\/pl\/wp-json\/wp\/v2\/media?parent=3387"}],"wp:term":[{"taxonomy":"product_cat","embeddable":true,"href":"https:\/\/oud.alplift.com\/pl\/wp-json\/wp\/v2\/product_cat?post=3387"},{"taxonomy":"product_tag","embeddable":true,"href":"https:\/\/oud.alplift.com\/pl\/wp-json\/wp\/v2\/product_tag?post=3387"}],"curies":[{"name":"wp","href":"https:\/\/api.w.org\/{rel}","templated":true}]}}