
{"id":3386,"date":"2017-05-31T09:14:16","date_gmt":"2017-05-31T07:14:16","guid":{"rendered":"https:\/\/oud.alplift.com\/product\/podnosnik-zamontowany-na-naczepie-tm18gt\/"},"modified":"2021-01-21T10:09:30","modified_gmt":"2021-01-21T09:09:30","slug":"podnosnik-zamontowany-na-naczepie-tm18gt","status":"publish","type":"product","link":"https:\/\/oud.alplift.com\/pl\/produkt\/podnosnik-zamontowany-na-naczepie-tm18gt\/","title":{"rendered":"Podno\u015bnik zamontowany na naczepie TM18GT"},"content":{"rendered":"","protected":false},"excerpt":{"rendered":"<p>Podno\u015bnik TM18GT zamontowany na naczepie stanowi flagowy produkt firmy Europe Lift. Urz\u0105dzenie pozwala na realizacj\u0119 szerokiego wachlarza r\u00f3\u017cnorodnych zada\u0144. Wysoko\u015b\u0107 robocza wynosz\u0105ca 18 m i zasi\u0119g poziomy wynosz\u0105cy oko\u0142o 10 m pozwalaj\u0105 na utworzenie rozleg\u0142ej przestrzeni roboczej w powietrzu. Kompaktowa konstrukcja i doskona\u0142e roz\u0142o\u017cenie ci\u0119\u017caru umo\u017cliwia bezpieczny transport urz\u0105dzenia. Teleskopowy wysi\u0119gnik z ograniczeniem momentu obrotowego zapewnia optymalne wyd\u0142u\u017cenie podno\u015bnika w zale\u017cno\u015bci od obci\u0105\u017cenia. Podno\u015bnik jest dost\u0119pny w wariantach wyposa\u017conych w r\u00f3\u017cne rodzaje nap\u0119d\u00f3w, w\u015br\u00f3d kt\u00f3rych mo\u017cna znale\u017a\u0107 standardowy zasilany napi\u0119ciem zmiennym 220V, \u0142adowark\u0119 do akumulator\u00f3w, silnik Hondy lub nap\u0119d hybrydowy, a tak\u017ce po\u0142\u0105czenie wybranych rodzaj\u00f3w zasilania. Hydrauliczne stabilizatory pozwalaj\u0105 na szybkie ustawienie urz\u0105dzenia na stanowisku pracy. Elektryczno-hydrauliczny uk\u0142ad sterowania jest niezwykle \u0142atwy w obs\u0142udze. Wszystkie funkcje mog\u0105 by\u0107 obs\u0142ugiwane niezale\u017cnie za pomoc\u0105 niewielkich dr\u0105\u017ck\u00f3w sterowniczych w technologii \u201eFingertip\u201d. W standardzie dostarczany jest zestaw k\u00f3\u0142 o du\u017cej przyczepno\u015bci, kt\u00f3re pozwalaj\u0105 jednej osobie pracowa\u0107 nawet w trudniejszych warunkach terenowych, na przyk\u0142ad na trawiastym pod\u0142o\u017cu lub przy wi\u0119kszym nachyleniu terenu.<\/p>\n<p><strong>Dane techniczne:<\/strong><\/p>\n<ul>\n<li>Wysoko\u015b\u0107 robocza: 18,1 m<\/li>\n<li>Ud\u017awig: 200 kg<\/li>\n<li>Wysoko\u015b\u0107 platformy: 16,1 m<\/li>\n<li>Wymiary platformy: 1,2 x 0,8 x 1,1 m<\/li>\n<li>Szeroko\u015b\u0107 transportowa: 1,64 m<\/li>\n<li>Waga: 2070 kg<\/li>\n<li>Zasi\u0119g: 10,5 m<\/li>\n<\/ul>\n<p><strong>Wyposa\u017cony w standardzie:<\/strong><\/p>\n<ul>\n<li>Zdejmowalny kosz wyposa\u017cony w aluminiow\u0105 por\u0119cz ochronn\u0105, skrzynk\u0119 narz\u0119dziow\u0105 i podw\u00f3jne punkty do przypinania pas\u00f3w dla zapewnienia wygody i bezpiecze\u0144stwa.<\/li>\n<li>Gniazdo 230V na platformie roboczej.<\/li>\n<\/ul>\n<p>&nbsp;<\/p>\n","protected":false},"featured_media":2820,"comment_status":"closed","ping_status":"closed","template":"","meta":[],"product_cat":[156,160],"product_tag":[],"class_list":{"0":"post-3386","1":"product","2":"type-product","3":"status-publish","4":"has-post-thumbnail","6":"product_cat-podnosniki-koszowe","7":"product_cat-podnosniki-koszowe-na-przyczepie","8":"pa_hefcapaciteit-200-300-kg-pl","10":"first","11":"instock","12":"shipping-taxable","13":"product-type-simple"},"yoast_head":"<!-- This site is optimized with the Yoast SEO plugin v24.0 - https:\/\/yoast.com\/wordpress\/plugins\/seo\/ -->\n<title>Podno\u015bnik zamontowany na naczepie TM18GT - EuropeLift<\/title>\n<meta name=\"description\" content=\"Podno\u015bnik TM18G firmy EuropeLift montowany na naczepie oferuje bardzo kompaktowe wymiary i \u0142atwo\u015b\u0107 obs\u0142ugi. Stanowi idealn\u0105 alternatyw\u0119 dla drabin i rusztowa\u0144. Wymagane prawo jazdy kategorii B.\" \/>\n<meta name=\"robots\" content=\"noindex, follow, max-snippet:-1, max-image-preview:large, max-video-preview:-1\" \/>\n<meta property=\"og:locale\" content=\"pl_PL\" \/>\n<meta property=\"og:type\" content=\"article\" \/>\n<meta property=\"og:title\" content=\"Podno\u015bnik zamontowany na naczepie TM18GT - EuropeLift\" \/>\n<meta property=\"og:description\" content=\"Podno\u015bnik TM18G firmy EuropeLift montowany na naczepie oferuje bardzo kompaktowe wymiary i \u0142atwo\u015b\u0107 obs\u0142ugi. Stanowi idealn\u0105 alternatyw\u0119 dla drabin i rusztowa\u0144. Wymagane prawo jazdy kategorii B.\" \/>\n<meta property=\"og:url\" content=\"https:\/\/oud.alplift.com\/pl\/produkt\/podnosnik-zamontowany-na-naczepie-tm18gt\/\" \/>\n<meta property=\"og:site_name\" content=\"Alp Lift\" \/>\n<meta property=\"article:modified_time\" content=\"2021-01-21T09:09:30+00:00\" \/>\n<meta property=\"og:image\" content=\"https:\/\/oud.alplift.com\/wp-content\/uploads\/2021\/01\/TM13G-aanhanger-hoogwerker.jpg\" \/>\n\t<meta property=\"og:image:width\" content=\"466\" \/>\n\t<meta property=\"og:image:height\" content=\"600\" \/>\n\t<meta property=\"og:image:type\" content=\"image\/jpeg\" \/>\n<meta name=\"twitter:card\" content=\"summary_large_image\" \/>\n<script type=\"application\/ld+json\" class=\"yoast-schema-graph\">{\"@context\":\"https:\/\/schema.org\",\"@graph\":[{\"@type\":\"WebPage\",\"@id\":\"https:\/\/oud.alplift.com\/pl\/produkt\/podnosnik-zamontowany-na-naczepie-tm18gt\/\",\"url\":\"https:\/\/oud.alplift.com\/pl\/produkt\/podnosnik-zamontowany-na-naczepie-tm18gt\/\",\"name\":\"Podno\u015bnik zamontowany na naczepie TM18GT - EuropeLift\",\"isPartOf\":{\"@id\":\"https:\/\/oud.alplift.com\/pl\/#website\"},\"primaryImageOfPage\":{\"@id\":\"https:\/\/oud.alplift.com\/pl\/produkt\/podnosnik-zamontowany-na-naczepie-tm18gt\/#primaryimage\"},\"image\":{\"@id\":\"https:\/\/oud.alplift.com\/pl\/produkt\/podnosnik-zamontowany-na-naczepie-tm18gt\/#primaryimage\"},\"thumbnailUrl\":\"https:\/\/oud.alplift.com\/wp-content\/uploads\/2021\/01\/TM13G-aanhanger-hoogwerker.jpg\",\"datePublished\":\"2017-05-31T07:14:16+00:00\",\"dateModified\":\"2021-01-21T09:09:30+00:00\",\"description\":\"Podno\u015bnik TM18G firmy EuropeLift montowany na naczepie oferuje bardzo kompaktowe wymiary i \u0142atwo\u015b\u0107 obs\u0142ugi. Stanowi idealn\u0105 alternatyw\u0119 dla drabin i rusztowa\u0144. Wymagane prawo jazdy kategorii B.\",\"breadcrumb\":{\"@id\":\"https:\/\/oud.alplift.com\/pl\/produkt\/podnosnik-zamontowany-na-naczepie-tm18gt\/#breadcrumb\"},\"inLanguage\":\"pl-PL\",\"potentialAction\":[{\"@type\":\"ReadAction\",\"target\":[\"https:\/\/oud.alplift.com\/pl\/produkt\/podnosnik-zamontowany-na-naczepie-tm18gt\/\"]}]},{\"@type\":\"ImageObject\",\"inLanguage\":\"pl-PL\",\"@id\":\"https:\/\/oud.alplift.com\/pl\/produkt\/podnosnik-zamontowany-na-naczepie-tm18gt\/#primaryimage\",\"url\":\"https:\/\/oud.alplift.com\/wp-content\/uploads\/2021\/01\/TM13G-aanhanger-hoogwerker.jpg\",\"contentUrl\":\"https:\/\/oud.alplift.com\/wp-content\/uploads\/2021\/01\/TM13G-aanhanger-hoogwerker.jpg\",\"width\":466,\"height\":600},{\"@type\":\"BreadcrumbList\",\"@id\":\"https:\/\/oud.alplift.com\/pl\/produkt\/podnosnik-zamontowany-na-naczepie-tm18gt\/#breadcrumb\",\"itemListElement\":[{\"@type\":\"ListItem\",\"position\":1,\"name\":\"Home\",\"item\":\"https:\/\/oud.alplift.com\/pl\/\"},{\"@type\":\"ListItem\",\"position\":2,\"name\":\"Winkel\",\"item\":\"https:\/\/oud.alplift.com\/winkel\/\"},{\"@type\":\"ListItem\",\"position\":3,\"name\":\"Podno\u015bnik zamontowany na naczepie TM18GT\"}]},{\"@type\":\"WebSite\",\"@id\":\"https:\/\/oud.alplift.com\/pl\/#website\",\"url\":\"https:\/\/oud.alplift.com\/pl\/\",\"name\":\"Alp Lift\",\"description\":\"Lifting Equipment\",\"potentialAction\":[{\"@type\":\"SearchAction\",\"target\":{\"@type\":\"EntryPoint\",\"urlTemplate\":\"https:\/\/oud.alplift.com\/pl\/?s={search_term_string}\"},\"query-input\":{\"@type\":\"PropertyValueSpecification\",\"valueRequired\":true,\"valueName\":\"search_term_string\"}}],\"inLanguage\":\"pl-PL\"}]}<\/script>\n<!-- \/ Yoast SEO plugin. -->","yoast_head_json":{"title":"Podno\u015bnik zamontowany na naczepie TM18GT - EuropeLift","description":"Podno\u015bnik TM18G firmy EuropeLift montowany na naczepie oferuje bardzo kompaktowe wymiary i \u0142atwo\u015b\u0107 obs\u0142ugi. Stanowi idealn\u0105 alternatyw\u0119 dla drabin i rusztowa\u0144. Wymagane prawo jazdy kategorii B.","robots":{"index":"noindex","follow":"follow","max-snippet":"max-snippet:-1","max-image-preview":"max-image-preview:large","max-video-preview":"max-video-preview:-1"},"og_locale":"pl_PL","og_type":"article","og_title":"Podno\u015bnik zamontowany na naczepie TM18GT - EuropeLift","og_description":"Podno\u015bnik TM18G firmy EuropeLift montowany na naczepie oferuje bardzo kompaktowe wymiary i \u0142atwo\u015b\u0107 obs\u0142ugi. Stanowi idealn\u0105 alternatyw\u0119 dla drabin i rusztowa\u0144. Wymagane prawo jazdy kategorii B.","og_url":"https:\/\/oud.alplift.com\/pl\/produkt\/podnosnik-zamontowany-na-naczepie-tm18gt\/","og_site_name":"Alp Lift","article_modified_time":"2021-01-21T09:09:30+00:00","og_image":[{"width":466,"height":600,"url":"https:\/\/oud.alplift.com\/wp-content\/uploads\/2021\/01\/TM13G-aanhanger-hoogwerker.jpg","type":"image\/jpeg"}],"twitter_card":"summary_large_image","schema":{"@context":"https:\/\/schema.org","@graph":[{"@type":"WebPage","@id":"https:\/\/oud.alplift.com\/pl\/produkt\/podnosnik-zamontowany-na-naczepie-tm18gt\/","url":"https:\/\/oud.alplift.com\/pl\/produkt\/podnosnik-zamontowany-na-naczepie-tm18gt\/","name":"Podno\u015bnik zamontowany na naczepie TM18GT - EuropeLift","isPartOf":{"@id":"https:\/\/oud.alplift.com\/pl\/#website"},"primaryImageOfPage":{"@id":"https:\/\/oud.alplift.com\/pl\/produkt\/podnosnik-zamontowany-na-naczepie-tm18gt\/#primaryimage"},"image":{"@id":"https:\/\/oud.alplift.com\/pl\/produkt\/podnosnik-zamontowany-na-naczepie-tm18gt\/#primaryimage"},"thumbnailUrl":"https:\/\/oud.alplift.com\/wp-content\/uploads\/2021\/01\/TM13G-aanhanger-hoogwerker.jpg","datePublished":"2017-05-31T07:14:16+00:00","dateModified":"2021-01-21T09:09:30+00:00","description":"Podno\u015bnik TM18G firmy EuropeLift montowany na naczepie oferuje bardzo kompaktowe wymiary i \u0142atwo\u015b\u0107 obs\u0142ugi. Stanowi idealn\u0105 alternatyw\u0119 dla drabin i rusztowa\u0144. Wymagane prawo jazdy kategorii B.","breadcrumb":{"@id":"https:\/\/oud.alplift.com\/pl\/produkt\/podnosnik-zamontowany-na-naczepie-tm18gt\/#breadcrumb"},"inLanguage":"pl-PL","potentialAction":[{"@type":"ReadAction","target":["https:\/\/oud.alplift.com\/pl\/produkt\/podnosnik-zamontowany-na-naczepie-tm18gt\/"]}]},{"@type":"ImageObject","inLanguage":"pl-PL","@id":"https:\/\/oud.alplift.com\/pl\/produkt\/podnosnik-zamontowany-na-naczepie-tm18gt\/#primaryimage","url":"https:\/\/oud.alplift.com\/wp-content\/uploads\/2021\/01\/TM13G-aanhanger-hoogwerker.jpg","contentUrl":"https:\/\/oud.alplift.com\/wp-content\/uploads\/2021\/01\/TM13G-aanhanger-hoogwerker.jpg","width":466,"height":600},{"@type":"BreadcrumbList","@id":"https:\/\/oud.alplift.com\/pl\/produkt\/podnosnik-zamontowany-na-naczepie-tm18gt\/#breadcrumb","itemListElement":[{"@type":"ListItem","position":1,"name":"Home","item":"https:\/\/oud.alplift.com\/pl\/"},{"@type":"ListItem","position":2,"name":"Winkel","item":"https:\/\/oud.alplift.com\/winkel\/"},{"@type":"ListItem","position":3,"name":"Podno\u015bnik zamontowany na naczepie TM18GT"}]},{"@type":"WebSite","@id":"https:\/\/oud.alplift.com\/pl\/#website","url":"https:\/\/oud.alplift.com\/pl\/","name":"Alp Lift","description":"Lifting Equipment","potentialAction":[{"@type":"SearchAction","target":{"@type":"EntryPoint","urlTemplate":"https:\/\/oud.alplift.com\/pl\/?s={search_term_string}"},"query-input":{"@type":"PropertyValueSpecification","valueRequired":true,"valueName":"search_term_string"}}],"inLanguage":"pl-PL"}]}},"_links":{"self":[{"href":"https:\/\/oud.alplift.com\/pl\/wp-json\/wp\/v2\/product\/3386","targetHints":{"allow":["GET"]}}],"collection":[{"href":"https:\/\/oud.alplift.com\/pl\/wp-json\/wp\/v2\/product"}],"about":[{"href":"https:\/\/oud.alplift.com\/pl\/wp-json\/wp\/v2\/types\/product"}],"replies":[{"embeddable":true,"href":"https:\/\/oud.alplift.com\/pl\/wp-json\/wp\/v2\/comments?post=3386"}],"wp:featuredmedia":[{"embeddable":true,"href":"https:\/\/oud.alplift.com\/pl\/wp-json\/wp\/v2\/media\/2820"}],"wp:attachment":[{"href":"https:\/\/oud.alplift.com\/pl\/wp-json\/wp\/v2\/media?parent=3386"}],"wp:term":[{"taxonomy":"product_cat","embeddable":true,"href":"https:\/\/oud.alplift.com\/pl\/wp-json\/wp\/v2\/product_cat?post=3386"},{"taxonomy":"product_tag","embeddable":true,"href":"https:\/\/oud.alplift.com\/pl\/wp-json\/wp\/v2\/product_tag?post=3386"}],"curies":[{"name":"wp","href":"https:\/\/api.w.org\/{rel}","templated":true}]}}