
{"id":3385,"date":"2017-05-31T08:31:09","date_gmt":"2017-05-31T06:31:09","guid":{"rendered":"https:\/\/oud.alplift.com\/product\/podnosnik-zamontowany-na-naczepie-tm15gt\/"},"modified":"2021-01-21T10:09:27","modified_gmt":"2021-01-21T09:09:27","slug":"podnosnik-zamontowany-na-naczepie-tm15gt","status":"publish","type":"product","link":"https:\/\/oud.alplift.com\/pl\/produkt\/podnosnik-zamontowany-na-naczepie-tm15gt\/","title":{"rendered":"Podno\u015bnik zamontowany na naczepie TM15GT"},"content":{"rendered":"<p>[table id=34 \/]<\/p>\n","protected":false},"excerpt":{"rendered":"<p>Podno\u015bnik TM15T zamontowany na naczepie to profesjonalny podno\u015bnik z platform\u0105 robocz\u0105. Kompaktowa konstrukcja i doskona\u0142e roz\u0142o\u017cenie ci\u0119\u017caru umo\u017cliwia bezpieczne transportowanie platformy. Podno\u015bnik jest dost\u0119pny w wariantach wyposa\u017conych w r\u00f3\u017cne rodzaje nap\u0119d\u00f3w, w\u015br\u00f3d kt\u00f3rych mo\u017cna znale\u017a\u0107 standardowy zasilany napi\u0119ciem zmiennym 220V, zasilanie akumulatorowe, silnik Hondy lub nap\u0119d hybrydowy, mo\u017cliwe jest nawet po\u0142\u0105czenie dw\u00f3ch wybranych rodzaj\u00f3w zasilania. Hydrauliczne stabilizatory pozwalaj\u0105 na szybkie ustawienie urz\u0105dzenia na stanowisku pracy. Wszystkie funkcje mog\u0105 by\u0107 niezale\u017cnie kontrolowane za pomoc\u0105 dr\u0105\u017ck\u00f3w steruj\u0105cych wykorzystuj\u0105cych technologi\u0119 \u201eFingertip\u201d, co jest bardzo przydatne w trudnych warunkach pracy. Aby u\u0142atwi\u0107 prac\u0119 w trudnym terenie roboczym, maszyn\u0119 mo\u017cna zam\u00f3wi\u0107 r\u00f3wnie\u017c w wersji z kierownic\u0105. Dzi\u0119ki temu maszyna jest \u0142atwa w obs\u0142udze nawet przez pojedynczego pracownika. Aluminiowy kosz wyposa\u017cony w por\u0119cz zabezpieczaj\u0105c\u0105, skrzynk\u0119 narz\u0119dziow\u0105 i podw\u00f3jne punkty do przypi\u0119cia pas\u00f3w, jest wygodny i zapewnia pe\u0142ne bezpiecze\u0144stwo u\u017cytkownikom.<\/p>\n<p><strong>Dane techniczne:<\/strong><\/p>\n<ul>\n<li>Wysoko\u015b\u0107 robocza: 15,6 m<\/li>\n<li>Ud\u017awig: 220 kg<\/li>\n<li>Wysoko\u015b\u0107 platformy: 13,6 m<\/li>\n<li>Wymiary platformy: 1,2 x 0,8 x 1,1 m<\/li>\n<li>Szeroko\u015b\u0107 transportowa: 6,20 x 1,64 m<\/li>\n<li>Waga: 1820 kg<\/li>\n<li>Zasi\u0119g: 8,1 m<\/li>\n<\/ul>\n<p><strong>Wyposa\u017cony w standardzie:<\/strong><\/p>\n<ul>\n<li>Zdejmowalny kosz wyposa\u017cony w aluminiow\u0105 por\u0119cz ochronn\u0105, skrzynk\u0119 narz\u0119dziow\u0105 i podw\u00f3jne punkty do przypinania pas\u00f3w dla zapewnienia wygody i bezpiecze\u0144stwa.<\/li>\n<li>Gniazdo 230V na platformie roboczej.<\/li>\n<\/ul>\n<p>&nbsp;<\/p>\n<p>&nbsp;<\/p>\n<p>&nbsp;<\/p>\n","protected":false},"featured_media":522,"comment_status":"closed","ping_status":"open","template":"","meta":[],"product_cat":[15],"product_tag":[],"class_list":{"0":"post-3385","1":"product","2":"type-product","3":"status-publish","4":"has-post-thumbnail","6":"product_cat-overig","8":"first","9":"instock","10":"shipping-taxable","11":"product-type-simple"},"yoast_head":"<!-- This site is optimized with the Yoast SEO plugin v24.0 - https:\/\/yoast.com\/wordpress\/plugins\/seo\/ -->\n<title>Podno\u015bnik zamontowany na naczepie TM15GT - EuropeLift<\/title>\n<meta name=\"description\" content=\"Podno\u015bnik TM15G firmy EuropeLift montowany na naczepie oferuje bardzo kompaktowe wymiary i \u0142atwo\u015b\u0107 obs\u0142ugi. Stanowi idealn\u0105 alternatyw\u0119 dla drabin i rusztowa\u0144. Wymagane prawo jazdy kategorii B.\" \/>\n<meta name=\"robots\" content=\"noindex, follow, max-snippet:-1, max-image-preview:large, max-video-preview:-1\" \/>\n<meta property=\"og:locale\" content=\"pl_PL\" \/>\n<meta property=\"og:type\" content=\"article\" \/>\n<meta property=\"og:title\" content=\"Podno\u015bnik zamontowany na naczepie TM15GT - EuropeLift\" \/>\n<meta property=\"og:description\" content=\"Podno\u015bnik TM15G firmy EuropeLift montowany na naczepie oferuje bardzo kompaktowe wymiary i \u0142atwo\u015b\u0107 obs\u0142ugi. Stanowi idealn\u0105 alternatyw\u0119 dla drabin i rusztowa\u0144. Wymagane prawo jazdy kategorii B.\" \/>\n<meta property=\"og:url\" content=\"https:\/\/oud.alplift.com\/pl\/produkt\/podnosnik-zamontowany-na-naczepie-tm15gt\/\" \/>\n<meta property=\"og:site_name\" content=\"Alp Lift\" \/>\n<meta property=\"article:modified_time\" content=\"2021-01-21T09:09:27+00:00\" \/>\n<meta property=\"og:image\" content=\"https:\/\/oud.alplift.com\/wp-content\/uploads\/2020\/11\/Aanhanger-hoogwerker-TM15GT-1.jpg\" \/>\n\t<meta property=\"og:image:width\" content=\"353\" \/>\n\t<meta property=\"og:image:height\" content=\"477\" \/>\n\t<meta property=\"og:image:type\" content=\"image\/jpeg\" \/>\n<meta name=\"twitter:card\" content=\"summary_large_image\" \/>\n<script type=\"application\/ld+json\" class=\"yoast-schema-graph\">{\"@context\":\"https:\/\/schema.org\",\"@graph\":[{\"@type\":\"WebPage\",\"@id\":\"https:\/\/oud.alplift.com\/pl\/produkt\/podnosnik-zamontowany-na-naczepie-tm15gt\/\",\"url\":\"https:\/\/oud.alplift.com\/pl\/produkt\/podnosnik-zamontowany-na-naczepie-tm15gt\/\",\"name\":\"Podno\u015bnik zamontowany na naczepie TM15GT - EuropeLift\",\"isPartOf\":{\"@id\":\"https:\/\/oud.alplift.com\/pl\/#website\"},\"primaryImageOfPage\":{\"@id\":\"https:\/\/oud.alplift.com\/pl\/produkt\/podnosnik-zamontowany-na-naczepie-tm15gt\/#primaryimage\"},\"image\":{\"@id\":\"https:\/\/oud.alplift.com\/pl\/produkt\/podnosnik-zamontowany-na-naczepie-tm15gt\/#primaryimage\"},\"thumbnailUrl\":\"https:\/\/oud.alplift.com\/wp-content\/uploads\/2020\/11\/Aanhanger-hoogwerker-TM15GT-1.jpg\",\"datePublished\":\"2017-05-31T06:31:09+00:00\",\"dateModified\":\"2021-01-21T09:09:27+00:00\",\"description\":\"Podno\u015bnik TM15G firmy EuropeLift montowany na naczepie oferuje bardzo kompaktowe wymiary i \u0142atwo\u015b\u0107 obs\u0142ugi. Stanowi idealn\u0105 alternatyw\u0119 dla drabin i rusztowa\u0144. Wymagane prawo jazdy kategorii B.\",\"breadcrumb\":{\"@id\":\"https:\/\/oud.alplift.com\/pl\/produkt\/podnosnik-zamontowany-na-naczepie-tm15gt\/#breadcrumb\"},\"inLanguage\":\"pl-PL\",\"potentialAction\":[{\"@type\":\"ReadAction\",\"target\":[\"https:\/\/oud.alplift.com\/pl\/produkt\/podnosnik-zamontowany-na-naczepie-tm15gt\/\"]}]},{\"@type\":\"ImageObject\",\"inLanguage\":\"pl-PL\",\"@id\":\"https:\/\/oud.alplift.com\/pl\/produkt\/podnosnik-zamontowany-na-naczepie-tm15gt\/#primaryimage\",\"url\":\"https:\/\/oud.alplift.com\/wp-content\/uploads\/2020\/11\/Aanhanger-hoogwerker-TM15GT-1.jpg\",\"contentUrl\":\"https:\/\/oud.alplift.com\/wp-content\/uploads\/2020\/11\/Aanhanger-hoogwerker-TM15GT-1.jpg\",\"width\":353,\"height\":477,\"caption\":\"Podno\u015bnik zamontowany na naczepie TM15GT\"},{\"@type\":\"BreadcrumbList\",\"@id\":\"https:\/\/oud.alplift.com\/pl\/produkt\/podnosnik-zamontowany-na-naczepie-tm15gt\/#breadcrumb\",\"itemListElement\":[{\"@type\":\"ListItem\",\"position\":1,\"name\":\"Home\",\"item\":\"https:\/\/oud.alplift.com\/pl\/\"},{\"@type\":\"ListItem\",\"position\":2,\"name\":\"Winkel\",\"item\":\"https:\/\/oud.alplift.com\/winkel\/\"},{\"@type\":\"ListItem\",\"position\":3,\"name\":\"Podno\u015bnik zamontowany na naczepie TM15GT\"}]},{\"@type\":\"WebSite\",\"@id\":\"https:\/\/oud.alplift.com\/pl\/#website\",\"url\":\"https:\/\/oud.alplift.com\/pl\/\",\"name\":\"Alp Lift\",\"description\":\"Lifting Equipment\",\"potentialAction\":[{\"@type\":\"SearchAction\",\"target\":{\"@type\":\"EntryPoint\",\"urlTemplate\":\"https:\/\/oud.alplift.com\/pl\/?s={search_term_string}\"},\"query-input\":{\"@type\":\"PropertyValueSpecification\",\"valueRequired\":true,\"valueName\":\"search_term_string\"}}],\"inLanguage\":\"pl-PL\"}]}<\/script>\n<!-- \/ Yoast SEO plugin. -->","yoast_head_json":{"title":"Podno\u015bnik zamontowany na naczepie TM15GT - EuropeLift","description":"Podno\u015bnik TM15G firmy EuropeLift montowany na naczepie oferuje bardzo kompaktowe wymiary i \u0142atwo\u015b\u0107 obs\u0142ugi. Stanowi idealn\u0105 alternatyw\u0119 dla drabin i rusztowa\u0144. Wymagane prawo jazdy kategorii B.","robots":{"index":"noindex","follow":"follow","max-snippet":"max-snippet:-1","max-image-preview":"max-image-preview:large","max-video-preview":"max-video-preview:-1"},"og_locale":"pl_PL","og_type":"article","og_title":"Podno\u015bnik zamontowany na naczepie TM15GT - EuropeLift","og_description":"Podno\u015bnik TM15G firmy EuropeLift montowany na naczepie oferuje bardzo kompaktowe wymiary i \u0142atwo\u015b\u0107 obs\u0142ugi. Stanowi idealn\u0105 alternatyw\u0119 dla drabin i rusztowa\u0144. Wymagane prawo jazdy kategorii B.","og_url":"https:\/\/oud.alplift.com\/pl\/produkt\/podnosnik-zamontowany-na-naczepie-tm15gt\/","og_site_name":"Alp Lift","article_modified_time":"2021-01-21T09:09:27+00:00","og_image":[{"width":353,"height":477,"url":"https:\/\/oud.alplift.com\/wp-content\/uploads\/2020\/11\/Aanhanger-hoogwerker-TM15GT-1.jpg","type":"image\/jpeg"}],"twitter_card":"summary_large_image","schema":{"@context":"https:\/\/schema.org","@graph":[{"@type":"WebPage","@id":"https:\/\/oud.alplift.com\/pl\/produkt\/podnosnik-zamontowany-na-naczepie-tm15gt\/","url":"https:\/\/oud.alplift.com\/pl\/produkt\/podnosnik-zamontowany-na-naczepie-tm15gt\/","name":"Podno\u015bnik zamontowany na naczepie TM15GT - EuropeLift","isPartOf":{"@id":"https:\/\/oud.alplift.com\/pl\/#website"},"primaryImageOfPage":{"@id":"https:\/\/oud.alplift.com\/pl\/produkt\/podnosnik-zamontowany-na-naczepie-tm15gt\/#primaryimage"},"image":{"@id":"https:\/\/oud.alplift.com\/pl\/produkt\/podnosnik-zamontowany-na-naczepie-tm15gt\/#primaryimage"},"thumbnailUrl":"https:\/\/oud.alplift.com\/wp-content\/uploads\/2020\/11\/Aanhanger-hoogwerker-TM15GT-1.jpg","datePublished":"2017-05-31T06:31:09+00:00","dateModified":"2021-01-21T09:09:27+00:00","description":"Podno\u015bnik TM15G firmy EuropeLift montowany na naczepie oferuje bardzo kompaktowe wymiary i \u0142atwo\u015b\u0107 obs\u0142ugi. Stanowi idealn\u0105 alternatyw\u0119 dla drabin i rusztowa\u0144. Wymagane prawo jazdy kategorii B.","breadcrumb":{"@id":"https:\/\/oud.alplift.com\/pl\/produkt\/podnosnik-zamontowany-na-naczepie-tm15gt\/#breadcrumb"},"inLanguage":"pl-PL","potentialAction":[{"@type":"ReadAction","target":["https:\/\/oud.alplift.com\/pl\/produkt\/podnosnik-zamontowany-na-naczepie-tm15gt\/"]}]},{"@type":"ImageObject","inLanguage":"pl-PL","@id":"https:\/\/oud.alplift.com\/pl\/produkt\/podnosnik-zamontowany-na-naczepie-tm15gt\/#primaryimage","url":"https:\/\/oud.alplift.com\/wp-content\/uploads\/2020\/11\/Aanhanger-hoogwerker-TM15GT-1.jpg","contentUrl":"https:\/\/oud.alplift.com\/wp-content\/uploads\/2020\/11\/Aanhanger-hoogwerker-TM15GT-1.jpg","width":353,"height":477,"caption":"Podno\u015bnik zamontowany na naczepie TM15GT"},{"@type":"BreadcrumbList","@id":"https:\/\/oud.alplift.com\/pl\/produkt\/podnosnik-zamontowany-na-naczepie-tm15gt\/#breadcrumb","itemListElement":[{"@type":"ListItem","position":1,"name":"Home","item":"https:\/\/oud.alplift.com\/pl\/"},{"@type":"ListItem","position":2,"name":"Winkel","item":"https:\/\/oud.alplift.com\/winkel\/"},{"@type":"ListItem","position":3,"name":"Podno\u015bnik zamontowany na naczepie TM15GT"}]},{"@type":"WebSite","@id":"https:\/\/oud.alplift.com\/pl\/#website","url":"https:\/\/oud.alplift.com\/pl\/","name":"Alp Lift","description":"Lifting Equipment","potentialAction":[{"@type":"SearchAction","target":{"@type":"EntryPoint","urlTemplate":"https:\/\/oud.alplift.com\/pl\/?s={search_term_string}"},"query-input":{"@type":"PropertyValueSpecification","valueRequired":true,"valueName":"search_term_string"}}],"inLanguage":"pl-PL"}]}},"_links":{"self":[{"href":"https:\/\/oud.alplift.com\/pl\/wp-json\/wp\/v2\/product\/3385","targetHints":{"allow":["GET"]}}],"collection":[{"href":"https:\/\/oud.alplift.com\/pl\/wp-json\/wp\/v2\/product"}],"about":[{"href":"https:\/\/oud.alplift.com\/pl\/wp-json\/wp\/v2\/types\/product"}],"replies":[{"embeddable":true,"href":"https:\/\/oud.alplift.com\/pl\/wp-json\/wp\/v2\/comments?post=3385"}],"wp:featuredmedia":[{"embeddable":true,"href":"https:\/\/oud.alplift.com\/pl\/wp-json\/wp\/v2\/media\/522"}],"wp:attachment":[{"href":"https:\/\/oud.alplift.com\/pl\/wp-json\/wp\/v2\/media?parent=3385"}],"wp:term":[{"taxonomy":"product_cat","embeddable":true,"href":"https:\/\/oud.alplift.com\/pl\/wp-json\/wp\/v2\/product_cat?post=3385"},{"taxonomy":"product_tag","embeddable":true,"href":"https:\/\/oud.alplift.com\/pl\/wp-json\/wp\/v2\/product_tag?post=3385"}],"curies":[{"name":"wp","href":"https:\/\/api.w.org\/{rel}","templated":true}]}}