
{"id":3384,"date":"2017-05-31T08:22:27","date_gmt":"2017-05-31T06:22:27","guid":{"rendered":"https:\/\/oud.alplift.com\/product\/podnosnik-zamontowany-na-naczepie-tm13g\/"},"modified":"2021-01-21T10:09:26","modified_gmt":"2021-01-21T09:09:26","slug":"podnosnik-zamontowany-na-naczepie-tm13g","status":"publish","type":"product","link":"https:\/\/oud.alplift.com\/pl\/produkt\/podnosnik-zamontowany-na-naczepie-tm13g\/","title":{"rendered":"Podno\u015bnik zamontowany na naczepie TM13G"},"content":{"rendered":"<p>[table id=34 \/]<\/p>\n","protected":false},"excerpt":{"rendered":"<p>Podno\u015bnik TM13G zamontowany na naczepie jest najlepiej znanym i najbardziej popularnym produktem z serii podno\u015bnik\u00f3w EuropeLift. Urz\u0105dzenie to zapewnia optymalne warunki pracy dzi\u0119ki prostej konstrukcji i wysi\u0119gnika ruchomego pod k\u0105tem 145 stopni. Podno\u015bnik jest dost\u0119pny w wariantach wyposa\u017conych w r\u00f3\u017cne rodzaje nap\u0119d\u00f3w, w\u015br\u00f3d kt\u00f3rych mo\u017cna znale\u017a\u0107 nap\u0119d zasilany napi\u0119ciem zmiennym 220V, zasilanie akumulatorowe, silnik Hondy lub nap\u0119d hybrydowy, mo\u017cliwe jest nawet po\u0142\u0105czenie dw\u00f3ch wybranych rodzaj\u00f3w zasilania. Wszystkie funkcje mog\u0105 by\u0107 niezale\u017cnie sterowane poprzez system elektryczno-hydrauliczny za pomoc\u0105 ma\u0142ych dr\u0105\u017ck\u00f3w steruj\u0105cych wykorzystuj\u0105cych technologi\u0119 \u201eFingertip\u201d \u2013 jest to szczeg\u00f3lnie pomocne w trudnych warunkach pracy. Aby u\u0142atwi\u0107 dojazd do miejsca pracy, maszyn\u0119 mo\u017cna zam\u00f3wi\u0107 r\u00f3wnie\u017c w wariancie zapewniaj\u0105cym dodatkow\u0105 przyczepno\u015b\u0107, dzi\u0119ki czemu urz\u0105dzenie umo\u017cliwi wykonywanie prac na trudniejszym terenie nawet pojedynczemu pracownikowi.<\/p>\n<p><strong>Dane techniczne:<\/strong><\/p>\n<ul>\n<li>Wysoko\u015b\u0107 robocza: 13,1 m<\/li>\n<li>Ud\u017awig: 220 kg<\/li>\n<li>Wysoko\u015b\u0107 platformy: 11,1 m<\/li>\n<li>Wymiary platformy: 6,35 x 1,55 m<\/li>\n<li>Waga: 1450 kg<\/li>\n<li>Zasi\u0119g: 4,5 m<\/li>\n<\/ul>\n<p><strong>Wyposa\u017cony w standardzie:<\/strong><\/p>\n<ul>\n<li>Zdejmowalny kosz wyposa\u017cony w aluminiow\u0105 por\u0119cz ochronn\u0105, skrzynk\u0119 narz\u0119dziow\u0105 i podw\u00f3jne punkty do przypinania pas\u00f3w dla zapewnienia wygody i bezpiecze\u0144stwa.<\/li>\n<li>Gniazdo 230V na platformie roboczej.<\/li>\n<\/ul>\n","protected":false},"featured_media":2810,"comment_status":"closed","ping_status":"closed","template":"","meta":[],"product_cat":[156,160],"product_tag":[],"class_list":{"0":"post-3384","1":"product","2":"type-product","3":"status-publish","4":"has-post-thumbnail","6":"product_cat-podnosniki-koszowe","7":"product_cat-podnosniki-koszowe-na-przyczepie","8":"pa_hefcapaciteit-200-300-kg-pl","10":"first","11":"instock","12":"shipping-taxable","13":"product-type-simple"},"yoast_head":"<!-- This site is optimized with the Yoast SEO plugin v24.0 - https:\/\/yoast.com\/wordpress\/plugins\/seo\/ -->\n<title>Podno\u015bnik zamontowany na naczepie TM13G - EuropeLift<\/title>\n<meta name=\"description\" content=\"Podno\u015bnik TM13G firmy EuropeLift montowany na naczepie oferuje bardzo kompaktowe wymiary i \u0142atwo\u015b\u0107 obs\u0142ugi. Stanowi idealn\u0105 alternatyw\u0119 dla drabin i rusztowa\u0144. Wymagane prawo jazdy kategorii B.\" \/>\n<meta name=\"robots\" content=\"noindex, follow, max-snippet:-1, max-image-preview:large, max-video-preview:-1\" \/>\n<meta property=\"og:locale\" content=\"pl_PL\" \/>\n<meta property=\"og:type\" content=\"article\" \/>\n<meta property=\"og:title\" content=\"Podno\u015bnik zamontowany na naczepie TM13G - EuropeLift\" \/>\n<meta property=\"og:description\" content=\"Podno\u015bnik TM13G firmy EuropeLift montowany na naczepie oferuje bardzo kompaktowe wymiary i \u0142atwo\u015b\u0107 obs\u0142ugi. Stanowi idealn\u0105 alternatyw\u0119 dla drabin i rusztowa\u0144. Wymagane prawo jazdy kategorii B.\" \/>\n<meta property=\"og:url\" content=\"https:\/\/oud.alplift.com\/pl\/produkt\/podnosnik-zamontowany-na-naczepie-tm13g\/\" \/>\n<meta property=\"og:site_name\" content=\"Alp Lift\" \/>\n<meta property=\"article:modified_time\" content=\"2021-01-21T09:09:26+00:00\" \/>\n<meta property=\"og:image\" content=\"https:\/\/oud.alplift.com\/wp-content\/uploads\/2021\/01\/TM13G.jpg\" \/>\n\t<meta property=\"og:image:width\" content=\"466\" \/>\n\t<meta property=\"og:image:height\" content=\"600\" \/>\n\t<meta property=\"og:image:type\" content=\"image\/jpeg\" \/>\n<meta name=\"twitter:card\" content=\"summary_large_image\" \/>\n<script type=\"application\/ld+json\" class=\"yoast-schema-graph\">{\"@context\":\"https:\/\/schema.org\",\"@graph\":[{\"@type\":\"WebPage\",\"@id\":\"https:\/\/oud.alplift.com\/pl\/produkt\/podnosnik-zamontowany-na-naczepie-tm13g\/\",\"url\":\"https:\/\/oud.alplift.com\/pl\/produkt\/podnosnik-zamontowany-na-naczepie-tm13g\/\",\"name\":\"Podno\u015bnik zamontowany na naczepie TM13G - EuropeLift\",\"isPartOf\":{\"@id\":\"https:\/\/oud.alplift.com\/pl\/#website\"},\"primaryImageOfPage\":{\"@id\":\"https:\/\/oud.alplift.com\/pl\/produkt\/podnosnik-zamontowany-na-naczepie-tm13g\/#primaryimage\"},\"image\":{\"@id\":\"https:\/\/oud.alplift.com\/pl\/produkt\/podnosnik-zamontowany-na-naczepie-tm13g\/#primaryimage\"},\"thumbnailUrl\":\"https:\/\/oud.alplift.com\/wp-content\/uploads\/2021\/01\/TM13G.jpg\",\"datePublished\":\"2017-05-31T06:22:27+00:00\",\"dateModified\":\"2021-01-21T09:09:26+00:00\",\"description\":\"Podno\u015bnik TM13G firmy EuropeLift montowany na naczepie oferuje bardzo kompaktowe wymiary i \u0142atwo\u015b\u0107 obs\u0142ugi. Stanowi idealn\u0105 alternatyw\u0119 dla drabin i rusztowa\u0144. Wymagane prawo jazdy kategorii B.\",\"breadcrumb\":{\"@id\":\"https:\/\/oud.alplift.com\/pl\/produkt\/podnosnik-zamontowany-na-naczepie-tm13g\/#breadcrumb\"},\"inLanguage\":\"pl-PL\",\"potentialAction\":[{\"@type\":\"ReadAction\",\"target\":[\"https:\/\/oud.alplift.com\/pl\/produkt\/podnosnik-zamontowany-na-naczepie-tm13g\/\"]}]},{\"@type\":\"ImageObject\",\"inLanguage\":\"pl-PL\",\"@id\":\"https:\/\/oud.alplift.com\/pl\/produkt\/podnosnik-zamontowany-na-naczepie-tm13g\/#primaryimage\",\"url\":\"https:\/\/oud.alplift.com\/wp-content\/uploads\/2021\/01\/TM13G.jpg\",\"contentUrl\":\"https:\/\/oud.alplift.com\/wp-content\/uploads\/2021\/01\/TM13G.jpg\",\"width\":466,\"height\":600},{\"@type\":\"BreadcrumbList\",\"@id\":\"https:\/\/oud.alplift.com\/pl\/produkt\/podnosnik-zamontowany-na-naczepie-tm13g\/#breadcrumb\",\"itemListElement\":[{\"@type\":\"ListItem\",\"position\":1,\"name\":\"Home\",\"item\":\"https:\/\/oud.alplift.com\/pl\/\"},{\"@type\":\"ListItem\",\"position\":2,\"name\":\"Winkel\",\"item\":\"https:\/\/oud.alplift.com\/winkel\/\"},{\"@type\":\"ListItem\",\"position\":3,\"name\":\"Podno\u015bnik zamontowany na naczepie TM13G\"}]},{\"@type\":\"WebSite\",\"@id\":\"https:\/\/oud.alplift.com\/pl\/#website\",\"url\":\"https:\/\/oud.alplift.com\/pl\/\",\"name\":\"Alp Lift\",\"description\":\"Lifting Equipment\",\"potentialAction\":[{\"@type\":\"SearchAction\",\"target\":{\"@type\":\"EntryPoint\",\"urlTemplate\":\"https:\/\/oud.alplift.com\/pl\/?s={search_term_string}\"},\"query-input\":{\"@type\":\"PropertyValueSpecification\",\"valueRequired\":true,\"valueName\":\"search_term_string\"}}],\"inLanguage\":\"pl-PL\"}]}<\/script>\n<!-- \/ Yoast SEO plugin. -->","yoast_head_json":{"title":"Podno\u015bnik zamontowany na naczepie TM13G - EuropeLift","description":"Podno\u015bnik TM13G firmy EuropeLift montowany na naczepie oferuje bardzo kompaktowe wymiary i \u0142atwo\u015b\u0107 obs\u0142ugi. Stanowi idealn\u0105 alternatyw\u0119 dla drabin i rusztowa\u0144. Wymagane prawo jazdy kategorii B.","robots":{"index":"noindex","follow":"follow","max-snippet":"max-snippet:-1","max-image-preview":"max-image-preview:large","max-video-preview":"max-video-preview:-1"},"og_locale":"pl_PL","og_type":"article","og_title":"Podno\u015bnik zamontowany na naczepie TM13G - EuropeLift","og_description":"Podno\u015bnik TM13G firmy EuropeLift montowany na naczepie oferuje bardzo kompaktowe wymiary i \u0142atwo\u015b\u0107 obs\u0142ugi. Stanowi idealn\u0105 alternatyw\u0119 dla drabin i rusztowa\u0144. Wymagane prawo jazdy kategorii B.","og_url":"https:\/\/oud.alplift.com\/pl\/produkt\/podnosnik-zamontowany-na-naczepie-tm13g\/","og_site_name":"Alp Lift","article_modified_time":"2021-01-21T09:09:26+00:00","og_image":[{"width":466,"height":600,"url":"https:\/\/oud.alplift.com\/wp-content\/uploads\/2021\/01\/TM13G.jpg","type":"image\/jpeg"}],"twitter_card":"summary_large_image","schema":{"@context":"https:\/\/schema.org","@graph":[{"@type":"WebPage","@id":"https:\/\/oud.alplift.com\/pl\/produkt\/podnosnik-zamontowany-na-naczepie-tm13g\/","url":"https:\/\/oud.alplift.com\/pl\/produkt\/podnosnik-zamontowany-na-naczepie-tm13g\/","name":"Podno\u015bnik zamontowany na naczepie TM13G - EuropeLift","isPartOf":{"@id":"https:\/\/oud.alplift.com\/pl\/#website"},"primaryImageOfPage":{"@id":"https:\/\/oud.alplift.com\/pl\/produkt\/podnosnik-zamontowany-na-naczepie-tm13g\/#primaryimage"},"image":{"@id":"https:\/\/oud.alplift.com\/pl\/produkt\/podnosnik-zamontowany-na-naczepie-tm13g\/#primaryimage"},"thumbnailUrl":"https:\/\/oud.alplift.com\/wp-content\/uploads\/2021\/01\/TM13G.jpg","datePublished":"2017-05-31T06:22:27+00:00","dateModified":"2021-01-21T09:09:26+00:00","description":"Podno\u015bnik TM13G firmy EuropeLift montowany na naczepie oferuje bardzo kompaktowe wymiary i \u0142atwo\u015b\u0107 obs\u0142ugi. Stanowi idealn\u0105 alternatyw\u0119 dla drabin i rusztowa\u0144. Wymagane prawo jazdy kategorii B.","breadcrumb":{"@id":"https:\/\/oud.alplift.com\/pl\/produkt\/podnosnik-zamontowany-na-naczepie-tm13g\/#breadcrumb"},"inLanguage":"pl-PL","potentialAction":[{"@type":"ReadAction","target":["https:\/\/oud.alplift.com\/pl\/produkt\/podnosnik-zamontowany-na-naczepie-tm13g\/"]}]},{"@type":"ImageObject","inLanguage":"pl-PL","@id":"https:\/\/oud.alplift.com\/pl\/produkt\/podnosnik-zamontowany-na-naczepie-tm13g\/#primaryimage","url":"https:\/\/oud.alplift.com\/wp-content\/uploads\/2021\/01\/TM13G.jpg","contentUrl":"https:\/\/oud.alplift.com\/wp-content\/uploads\/2021\/01\/TM13G.jpg","width":466,"height":600},{"@type":"BreadcrumbList","@id":"https:\/\/oud.alplift.com\/pl\/produkt\/podnosnik-zamontowany-na-naczepie-tm13g\/#breadcrumb","itemListElement":[{"@type":"ListItem","position":1,"name":"Home","item":"https:\/\/oud.alplift.com\/pl\/"},{"@type":"ListItem","position":2,"name":"Winkel","item":"https:\/\/oud.alplift.com\/winkel\/"},{"@type":"ListItem","position":3,"name":"Podno\u015bnik zamontowany na naczepie TM13G"}]},{"@type":"WebSite","@id":"https:\/\/oud.alplift.com\/pl\/#website","url":"https:\/\/oud.alplift.com\/pl\/","name":"Alp Lift","description":"Lifting Equipment","potentialAction":[{"@type":"SearchAction","target":{"@type":"EntryPoint","urlTemplate":"https:\/\/oud.alplift.com\/pl\/?s={search_term_string}"},"query-input":{"@type":"PropertyValueSpecification","valueRequired":true,"valueName":"search_term_string"}}],"inLanguage":"pl-PL"}]}},"_links":{"self":[{"href":"https:\/\/oud.alplift.com\/pl\/wp-json\/wp\/v2\/product\/3384","targetHints":{"allow":["GET"]}}],"collection":[{"href":"https:\/\/oud.alplift.com\/pl\/wp-json\/wp\/v2\/product"}],"about":[{"href":"https:\/\/oud.alplift.com\/pl\/wp-json\/wp\/v2\/types\/product"}],"replies":[{"embeddable":true,"href":"https:\/\/oud.alplift.com\/pl\/wp-json\/wp\/v2\/comments?post=3384"}],"wp:featuredmedia":[{"embeddable":true,"href":"https:\/\/oud.alplift.com\/pl\/wp-json\/wp\/v2\/media\/2810"}],"wp:attachment":[{"href":"https:\/\/oud.alplift.com\/pl\/wp-json\/wp\/v2\/media?parent=3384"}],"wp:term":[{"taxonomy":"product_cat","embeddable":true,"href":"https:\/\/oud.alplift.com\/pl\/wp-json\/wp\/v2\/product_cat?post=3384"},{"taxonomy":"product_tag","embeddable":true,"href":"https:\/\/oud.alplift.com\/pl\/wp-json\/wp\/v2\/product_tag?post=3384"}],"curies":[{"name":"wp","href":"https:\/\/api.w.org\/{rel}","templated":true}]}}