
{"id":3383,"date":"2017-05-31T07:48:24","date_gmt":"2017-05-31T05:48:24","guid":{"rendered":"https:\/\/oud.alplift.com\/product\/podnosnik-zamontowany-na-naczepie-tm10g\/"},"modified":"2021-01-21T10:09:23","modified_gmt":"2021-01-21T09:09:23","slug":"podnosnik-zamontowany-na-naczepie-tm10g","status":"publish","type":"product","link":"https:\/\/oud.alplift.com\/pl\/produkt\/podnosnik-zamontowany-na-naczepie-tm10g\/","title":{"rendered":"Podno\u015bnik zamontowany na naczepie TM10G"},"content":{"rendered":"<p>[table id=34 \/]<\/p>\n","protected":false},"excerpt":{"rendered":"<p>Podno\u015bnik TM10G firmy EuropeLift montowany na naczepie oferuje kompaktowe rozmiary i stanowi doskona\u0142\u0105 alternatyw\u0105 dla rusztowa\u0144 i drabin. Ze wzgl\u0119du na mas\u0119 w\u0142asn\u0105 wynosz\u0105c\u0105 mniej ni\u017c 750 kg mo\u017ce by\u0107 transportowany przy u\u017cyciu dowolnego pojazdu przez kierowc\u0119 posiadaj\u0105cego prawo jazdy kategorii B. Dzi\u0119ki stosunkowo niewielkim wymiarom i dw\u00f3m ma\u0142ym ko\u0142om, platforma mie\u015bci si\u0119 w standardowych drzwiach o szeroko\u015bci 80 cm, a kompaktowe wymiary zapewniaj\u0105 \u0142atwe manewrowanie w miejscu pracy. Istnieje tak\u017ce mo\u017cliwo\u015b\u0107 demonta\u017cu kosza, dzi\u0119ki czemu urz\u0105dzenie mo\u017ce by\u0107 u\u017cywane r\u00f3wnie\u017c w w\u0105skim miejscu pracy lub przestrzeniach z utrudnionym dost\u0119pem. Innymi s\u0142owy, podno\u015bnik TM10G jest naprawd\u0119 wszechstronny.<\/p>\n<p><strong>Dane techniczne:<\/strong><\/p>\n<ul>\n<li>Wysoko\u015b\u0107 robocza: 9,8 m<\/li>\n<li>Ud\u017awig: 120 kg<\/li>\n<li>Wysoko\u015b\u0107 platformy: 7,8 m<\/li>\n<li>Wymiary platformy: 0,8 x 0,7vx 0,7 m<\/li>\n<li>Szeroko\u015b\u0107 transportowa: 1,57 m<\/li>\n<li>Waga: 750 kg<\/li>\n<li>Zasi\u0119g: 4,5 m<\/li>\n<\/ul>\n<p><strong>Wyposa\u017cony w standardzie:<\/strong><\/p>\n<ul>\n<li>Zdejmowalny kosz wyposa\u017cony w aluminiow\u0105 por\u0119cz ochronn\u0105, skrzynk\u0119 narz\u0119dziow\u0105 i podw\u00f3jne punkty do przypinania pas\u00f3w dla zapewnienia wygody i bezpiecze\u0144stwa.<\/li>\n<li>Gniazdo 230V na platformie roboczej.<\/li>\n<\/ul>\n<p>&nbsp;<\/p>\n<p>&nbsp;<\/p>\n<p>&nbsp;<\/p>\n","protected":false},"featured_media":516,"comment_status":"closed","ping_status":"open","template":"","meta":[],"product_cat":[15],"product_tag":[],"class_list":{"0":"post-3383","1":"product","2":"type-product","3":"status-publish","4":"has-post-thumbnail","6":"product_cat-overig","8":"first","9":"instock","10":"shipping-taxable","11":"product-type-simple"},"yoast_head":"<!-- This site is optimized with the Yoast SEO plugin v24.0 - https:\/\/yoast.com\/wordpress\/plugins\/seo\/ -->\n<title>Podno\u015bnik zamontowany na naczepie TM10G - EuropeLift<\/title>\n<meta name=\"description\" content=\"Podno\u015bnik TM10G firmy EuropeLift montowany na naczepie oferuje bardzo kompaktowe wymiary i \u0142atwo\u015b\u0107 obs\u0142ugi. Stanowi idealn\u0105 alternatyw\u0119 dla drabin i rusztowa\u0144. Wymagane prawo jazdy kategorii B.\" \/>\n<meta name=\"robots\" content=\"noindex, follow, max-snippet:-1, max-image-preview:large, max-video-preview:-1\" \/>\n<meta property=\"og:locale\" content=\"pl_PL\" \/>\n<meta property=\"og:type\" content=\"article\" \/>\n<meta property=\"og:title\" content=\"Podno\u015bnik zamontowany na naczepie TM10G - EuropeLift\" \/>\n<meta property=\"og:description\" content=\"Podno\u015bnik TM10G firmy EuropeLift montowany na naczepie oferuje bardzo kompaktowe wymiary i \u0142atwo\u015b\u0107 obs\u0142ugi. Stanowi idealn\u0105 alternatyw\u0119 dla drabin i rusztowa\u0144. Wymagane prawo jazdy kategorii B.\" \/>\n<meta property=\"og:url\" content=\"https:\/\/oud.alplift.com\/pl\/produkt\/podnosnik-zamontowany-na-naczepie-tm10g\/\" \/>\n<meta property=\"og:site_name\" content=\"Alp Lift\" \/>\n<meta property=\"article:modified_time\" content=\"2021-01-21T09:09:23+00:00\" \/>\n<meta property=\"og:image\" content=\"https:\/\/oud.alplift.com\/wp-content\/uploads\/2020\/11\/aanhanger-hoogwerker-TM10G-achter-Mini.jpg\" \/>\n\t<meta property=\"og:image:width\" content=\"800\" \/>\n\t<meta property=\"og:image:height\" content=\"600\" \/>\n\t<meta property=\"og:image:type\" content=\"image\/jpeg\" \/>\n<meta name=\"twitter:card\" content=\"summary_large_image\" \/>\n<script type=\"application\/ld+json\" class=\"yoast-schema-graph\">{\"@context\":\"https:\/\/schema.org\",\"@graph\":[{\"@type\":\"WebPage\",\"@id\":\"https:\/\/oud.alplift.com\/pl\/produkt\/podnosnik-zamontowany-na-naczepie-tm10g\/\",\"url\":\"https:\/\/oud.alplift.com\/pl\/produkt\/podnosnik-zamontowany-na-naczepie-tm10g\/\",\"name\":\"Podno\u015bnik zamontowany na naczepie TM10G - EuropeLift\",\"isPartOf\":{\"@id\":\"https:\/\/oud.alplift.com\/pl\/#website\"},\"primaryImageOfPage\":{\"@id\":\"https:\/\/oud.alplift.com\/pl\/produkt\/podnosnik-zamontowany-na-naczepie-tm10g\/#primaryimage\"},\"image\":{\"@id\":\"https:\/\/oud.alplift.com\/pl\/produkt\/podnosnik-zamontowany-na-naczepie-tm10g\/#primaryimage\"},\"thumbnailUrl\":\"https:\/\/oud.alplift.com\/wp-content\/uploads\/2020\/11\/aanhanger-hoogwerker-TM10G-achter-Mini.jpg\",\"datePublished\":\"2017-05-31T05:48:24+00:00\",\"dateModified\":\"2021-01-21T09:09:23+00:00\",\"description\":\"Podno\u015bnik TM10G firmy EuropeLift montowany na naczepie oferuje bardzo kompaktowe wymiary i \u0142atwo\u015b\u0107 obs\u0142ugi. Stanowi idealn\u0105 alternatyw\u0119 dla drabin i rusztowa\u0144. Wymagane prawo jazdy kategorii B.\",\"breadcrumb\":{\"@id\":\"https:\/\/oud.alplift.com\/pl\/produkt\/podnosnik-zamontowany-na-naczepie-tm10g\/#breadcrumb\"},\"inLanguage\":\"pl-PL\",\"potentialAction\":[{\"@type\":\"ReadAction\",\"target\":[\"https:\/\/oud.alplift.com\/pl\/produkt\/podnosnik-zamontowany-na-naczepie-tm10g\/\"]}]},{\"@type\":\"ImageObject\",\"inLanguage\":\"pl-PL\",\"@id\":\"https:\/\/oud.alplift.com\/pl\/produkt\/podnosnik-zamontowany-na-naczepie-tm10g\/#primaryimage\",\"url\":\"https:\/\/oud.alplift.com\/wp-content\/uploads\/2020\/11\/aanhanger-hoogwerker-TM10G-achter-Mini.jpg\",\"contentUrl\":\"https:\/\/oud.alplift.com\/wp-content\/uploads\/2020\/11\/aanhanger-hoogwerker-TM10G-achter-Mini.jpg\",\"width\":800,\"height\":600,\"caption\":\"Podno\u015bnik zamontowany na naczepie TM10G\"},{\"@type\":\"BreadcrumbList\",\"@id\":\"https:\/\/oud.alplift.com\/pl\/produkt\/podnosnik-zamontowany-na-naczepie-tm10g\/#breadcrumb\",\"itemListElement\":[{\"@type\":\"ListItem\",\"position\":1,\"name\":\"Home\",\"item\":\"https:\/\/oud.alplift.com\/pl\/\"},{\"@type\":\"ListItem\",\"position\":2,\"name\":\"Winkel\",\"item\":\"https:\/\/oud.alplift.com\/winkel\/\"},{\"@type\":\"ListItem\",\"position\":3,\"name\":\"Podno\u015bnik zamontowany na naczepie TM10G\"}]},{\"@type\":\"WebSite\",\"@id\":\"https:\/\/oud.alplift.com\/pl\/#website\",\"url\":\"https:\/\/oud.alplift.com\/pl\/\",\"name\":\"Alp Lift\",\"description\":\"Lifting Equipment\",\"potentialAction\":[{\"@type\":\"SearchAction\",\"target\":{\"@type\":\"EntryPoint\",\"urlTemplate\":\"https:\/\/oud.alplift.com\/pl\/?s={search_term_string}\"},\"query-input\":{\"@type\":\"PropertyValueSpecification\",\"valueRequired\":true,\"valueName\":\"search_term_string\"}}],\"inLanguage\":\"pl-PL\"}]}<\/script>\n<!-- \/ Yoast SEO plugin. -->","yoast_head_json":{"title":"Podno\u015bnik zamontowany na naczepie TM10G - EuropeLift","description":"Podno\u015bnik TM10G firmy EuropeLift montowany na naczepie oferuje bardzo kompaktowe wymiary i \u0142atwo\u015b\u0107 obs\u0142ugi. Stanowi idealn\u0105 alternatyw\u0119 dla drabin i rusztowa\u0144. Wymagane prawo jazdy kategorii B.","robots":{"index":"noindex","follow":"follow","max-snippet":"max-snippet:-1","max-image-preview":"max-image-preview:large","max-video-preview":"max-video-preview:-1"},"og_locale":"pl_PL","og_type":"article","og_title":"Podno\u015bnik zamontowany na naczepie TM10G - EuropeLift","og_description":"Podno\u015bnik TM10G firmy EuropeLift montowany na naczepie oferuje bardzo kompaktowe wymiary i \u0142atwo\u015b\u0107 obs\u0142ugi. Stanowi idealn\u0105 alternatyw\u0119 dla drabin i rusztowa\u0144. Wymagane prawo jazdy kategorii B.","og_url":"https:\/\/oud.alplift.com\/pl\/produkt\/podnosnik-zamontowany-na-naczepie-tm10g\/","og_site_name":"Alp Lift","article_modified_time":"2021-01-21T09:09:23+00:00","og_image":[{"width":800,"height":600,"url":"https:\/\/oud.alplift.com\/wp-content\/uploads\/2020\/11\/aanhanger-hoogwerker-TM10G-achter-Mini.jpg","type":"image\/jpeg"}],"twitter_card":"summary_large_image","schema":{"@context":"https:\/\/schema.org","@graph":[{"@type":"WebPage","@id":"https:\/\/oud.alplift.com\/pl\/produkt\/podnosnik-zamontowany-na-naczepie-tm10g\/","url":"https:\/\/oud.alplift.com\/pl\/produkt\/podnosnik-zamontowany-na-naczepie-tm10g\/","name":"Podno\u015bnik zamontowany na naczepie TM10G - EuropeLift","isPartOf":{"@id":"https:\/\/oud.alplift.com\/pl\/#website"},"primaryImageOfPage":{"@id":"https:\/\/oud.alplift.com\/pl\/produkt\/podnosnik-zamontowany-na-naczepie-tm10g\/#primaryimage"},"image":{"@id":"https:\/\/oud.alplift.com\/pl\/produkt\/podnosnik-zamontowany-na-naczepie-tm10g\/#primaryimage"},"thumbnailUrl":"https:\/\/oud.alplift.com\/wp-content\/uploads\/2020\/11\/aanhanger-hoogwerker-TM10G-achter-Mini.jpg","datePublished":"2017-05-31T05:48:24+00:00","dateModified":"2021-01-21T09:09:23+00:00","description":"Podno\u015bnik TM10G firmy EuropeLift montowany na naczepie oferuje bardzo kompaktowe wymiary i \u0142atwo\u015b\u0107 obs\u0142ugi. Stanowi idealn\u0105 alternatyw\u0119 dla drabin i rusztowa\u0144. Wymagane prawo jazdy kategorii B.","breadcrumb":{"@id":"https:\/\/oud.alplift.com\/pl\/produkt\/podnosnik-zamontowany-na-naczepie-tm10g\/#breadcrumb"},"inLanguage":"pl-PL","potentialAction":[{"@type":"ReadAction","target":["https:\/\/oud.alplift.com\/pl\/produkt\/podnosnik-zamontowany-na-naczepie-tm10g\/"]}]},{"@type":"ImageObject","inLanguage":"pl-PL","@id":"https:\/\/oud.alplift.com\/pl\/produkt\/podnosnik-zamontowany-na-naczepie-tm10g\/#primaryimage","url":"https:\/\/oud.alplift.com\/wp-content\/uploads\/2020\/11\/aanhanger-hoogwerker-TM10G-achter-Mini.jpg","contentUrl":"https:\/\/oud.alplift.com\/wp-content\/uploads\/2020\/11\/aanhanger-hoogwerker-TM10G-achter-Mini.jpg","width":800,"height":600,"caption":"Podno\u015bnik zamontowany na naczepie TM10G"},{"@type":"BreadcrumbList","@id":"https:\/\/oud.alplift.com\/pl\/produkt\/podnosnik-zamontowany-na-naczepie-tm10g\/#breadcrumb","itemListElement":[{"@type":"ListItem","position":1,"name":"Home","item":"https:\/\/oud.alplift.com\/pl\/"},{"@type":"ListItem","position":2,"name":"Winkel","item":"https:\/\/oud.alplift.com\/winkel\/"},{"@type":"ListItem","position":3,"name":"Podno\u015bnik zamontowany na naczepie TM10G"}]},{"@type":"WebSite","@id":"https:\/\/oud.alplift.com\/pl\/#website","url":"https:\/\/oud.alplift.com\/pl\/","name":"Alp Lift","description":"Lifting Equipment","potentialAction":[{"@type":"SearchAction","target":{"@type":"EntryPoint","urlTemplate":"https:\/\/oud.alplift.com\/pl\/?s={search_term_string}"},"query-input":{"@type":"PropertyValueSpecification","valueRequired":true,"valueName":"search_term_string"}}],"inLanguage":"pl-PL"}]}},"_links":{"self":[{"href":"https:\/\/oud.alplift.com\/pl\/wp-json\/wp\/v2\/product\/3383","targetHints":{"allow":["GET"]}}],"collection":[{"href":"https:\/\/oud.alplift.com\/pl\/wp-json\/wp\/v2\/product"}],"about":[{"href":"https:\/\/oud.alplift.com\/pl\/wp-json\/wp\/v2\/types\/product"}],"replies":[{"embeddable":true,"href":"https:\/\/oud.alplift.com\/pl\/wp-json\/wp\/v2\/comments?post=3383"}],"wp:featuredmedia":[{"embeddable":true,"href":"https:\/\/oud.alplift.com\/pl\/wp-json\/wp\/v2\/media\/516"}],"wp:attachment":[{"href":"https:\/\/oud.alplift.com\/pl\/wp-json\/wp\/v2\/media?parent=3383"}],"wp:term":[{"taxonomy":"product_cat","embeddable":true,"href":"https:\/\/oud.alplift.com\/pl\/wp-json\/wp\/v2\/product_cat?post=3383"},{"taxonomy":"product_tag","embeddable":true,"href":"https:\/\/oud.alplift.com\/pl\/wp-json\/wp\/v2\/product_tag?post=3383"}],"curies":[{"name":"wp","href":"https:\/\/api.w.org\/{rel}","templated":true}]}}