
{"id":3379,"date":"2016-09-10T11:00:56","date_gmt":"2016-09-10T09:00:56","guid":{"rendered":"https:\/\/oud.alplift.com\/product\/podnosnik-pionowy-amwp8-1100\/"},"modified":"2021-01-21T10:09:15","modified_gmt":"2021-01-21T09:09:15","slug":"podnosnik-pionowy-amwp8-1100","status":"publish","type":"product","link":"https:\/\/oud.alplift.com\/pl\/produkt\/podnosnik-pionowy-amwp8-1100\/","title":{"rendered":"Podno\u015bnik pionowy \u2013 AMWP8-1100"},"content":{"rendered":"<p>[table id=25 \/]<\/p>\n","protected":false},"excerpt":{"rendered":"<p>Podno\u015bnik pionowy AMWP8-1100 jest samojezdn\u0105 platform\u0105 teleskopow\u0105 dla jednej osoby, wyposa\u017con\u0105 w nap\u0119d elektryczny i sterowalne przednie ko\u0142a. Urz\u0105dzenie jest dost\u0119pne w dw\u00f3ch wariantach, oferuj\u0105cych wysoko\u015bci\u0105 robocz\u0105 wynosz\u0105c\u0105 8 m oraz 9,5 mm (AMWP9.5-1100). Podno\u015bnik nadaje si\u0119 do u\u017cytku wewn\u0105trz pomieszcze\u0144. Zapewnia mobilno\u015b\u0107 na pe\u0142nej wysoko\u015bci. Prezentowany podno\u015bnik jest idealnym rozwi\u0105zaniem pozwalaj\u0105cym na bezpieczne i pewne wykonywanie wszystkich prac na wysoko\u015bci, nawet w miejscach o niewielkiej powierzchni.<\/p>\n<p><strong>Dane techniczne:<\/strong><\/p>\n<ul>\n<li>Wysoko\u015b\u0107 robocza: 8 m<\/li>\n<li>Ud\u017awig: 125 kg<\/li>\n<li>Wysoko\u015b\u0107 platformy: 6 m<\/li>\n<li>Wymiary platformy: 0,78 x 0,70 m<\/li>\n<li>D\u0142ugo\u015b\u0107: 1,41 m<\/li>\n<li>Szeroko\u015b\u0107: 0,76 m<\/li>\n<li>Wysoko\u015b\u0107: 1,99 m<\/li>\n<li>Waga: 1060 kg<\/li>\n<\/ul>\n<p>&nbsp;<\/p>\n<p>&nbsp;<\/p>\n","protected":false},"featured_media":2555,"comment_status":"closed","ping_status":"closed","template":"","meta":[],"product_cat":[156,184],"product_tag":[],"class_list":{"0":"post-3379","1":"product","2":"type-product","3":"status-publish","4":"has-post-thumbnail","6":"product_cat-podnosniki-koszowe","7":"product_cat-podnosniki-masztowe","9":"first","10":"instock","11":"shipping-taxable","12":"product-type-simple"},"yoast_head":"<!-- This site is optimized with the Yoast SEO plugin v24.0 - https:\/\/yoast.com\/wordpress\/plugins\/seo\/ -->\n<title>Podno\u015bnik pionowy \u2013 AMWP8-1100 - Alp Lift<\/title>\n<meta name=\"description\" content=\"Samojezdny podno\u015bnik pionowy AWP8-1100 firmy Dingli jest komaktowy, solidny i \u0142atwy w obs\u0142udze. Popro\u015b o wycen\u0119 bez zobowi\u0105za\u0144.\" \/>\n<meta name=\"robots\" content=\"noindex, follow, max-snippet:-1, max-image-preview:large, max-video-preview:-1\" \/>\n<meta property=\"og:locale\" content=\"pl_PL\" \/>\n<meta property=\"og:type\" content=\"article\" \/>\n<meta property=\"og:title\" content=\"Podno\u015bnik pionowy \u2013 AMWP8-1100 - Alp Lift\" \/>\n<meta property=\"og:description\" content=\"Samojezdny podno\u015bnik pionowy AWP8-1100 firmy Dingli jest komaktowy, solidny i \u0142atwy w obs\u0142udze. Popro\u015b o wycen\u0119 bez zobowi\u0105za\u0144.\" \/>\n<meta property=\"og:url\" content=\"https:\/\/oud.alplift.com\/pl\/produkt\/podnosnik-pionowy-amwp8-1100\/\" \/>\n<meta property=\"og:site_name\" content=\"Alp Lift\" \/>\n<meta property=\"article:modified_time\" content=\"2021-01-21T09:09:15+00:00\" \/>\n<meta property=\"og:image\" content=\"https:\/\/oud.alplift.com\/wp-content\/uploads\/2021\/01\/Zelfrijdende-telescoophoogwerker-AMWP8-1100.png\" \/>\n\t<meta property=\"og:image:width\" content=\"500\" \/>\n\t<meta property=\"og:image:height\" content=\"500\" \/>\n\t<meta property=\"og:image:type\" content=\"image\/png\" \/>\n<meta name=\"twitter:card\" content=\"summary_large_image\" \/>\n<script type=\"application\/ld+json\" class=\"yoast-schema-graph\">{\"@context\":\"https:\/\/schema.org\",\"@graph\":[{\"@type\":\"WebPage\",\"@id\":\"https:\/\/oud.alplift.com\/pl\/produkt\/podnosnik-pionowy-amwp8-1100\/\",\"url\":\"https:\/\/oud.alplift.com\/pl\/produkt\/podnosnik-pionowy-amwp8-1100\/\",\"name\":\"Podno\u015bnik pionowy \u2013 AMWP8-1100 - Alp Lift\",\"isPartOf\":{\"@id\":\"https:\/\/oud.alplift.com\/pl\/#website\"},\"primaryImageOfPage\":{\"@id\":\"https:\/\/oud.alplift.com\/pl\/produkt\/podnosnik-pionowy-amwp8-1100\/#primaryimage\"},\"image\":{\"@id\":\"https:\/\/oud.alplift.com\/pl\/produkt\/podnosnik-pionowy-amwp8-1100\/#primaryimage\"},\"thumbnailUrl\":\"https:\/\/oud.alplift.com\/wp-content\/uploads\/2021\/01\/Zelfrijdende-telescoophoogwerker-AMWP8-1100.png\",\"datePublished\":\"2016-09-10T09:00:56+00:00\",\"dateModified\":\"2021-01-21T09:09:15+00:00\",\"description\":\"Samojezdny podno\u015bnik pionowy AWP8-1100 firmy Dingli jest komaktowy, solidny i \u0142atwy w obs\u0142udze. Popro\u015b o wycen\u0119 bez zobowi\u0105za\u0144.\",\"breadcrumb\":{\"@id\":\"https:\/\/oud.alplift.com\/pl\/produkt\/podnosnik-pionowy-amwp8-1100\/#breadcrumb\"},\"inLanguage\":\"pl-PL\",\"potentialAction\":[{\"@type\":\"ReadAction\",\"target\":[\"https:\/\/oud.alplift.com\/pl\/produkt\/podnosnik-pionowy-amwp8-1100\/\"]}]},{\"@type\":\"ImageObject\",\"inLanguage\":\"pl-PL\",\"@id\":\"https:\/\/oud.alplift.com\/pl\/produkt\/podnosnik-pionowy-amwp8-1100\/#primaryimage\",\"url\":\"https:\/\/oud.alplift.com\/wp-content\/uploads\/2021\/01\/Zelfrijdende-telescoophoogwerker-AMWP8-1100.png\",\"contentUrl\":\"https:\/\/oud.alplift.com\/wp-content\/uploads\/2021\/01\/Zelfrijdende-telescoophoogwerker-AMWP8-1100.png\",\"width\":500,\"height\":500},{\"@type\":\"BreadcrumbList\",\"@id\":\"https:\/\/oud.alplift.com\/pl\/produkt\/podnosnik-pionowy-amwp8-1100\/#breadcrumb\",\"itemListElement\":[{\"@type\":\"ListItem\",\"position\":1,\"name\":\"Home\",\"item\":\"https:\/\/oud.alplift.com\/pl\/\"},{\"@type\":\"ListItem\",\"position\":2,\"name\":\"Winkel\",\"item\":\"https:\/\/oud.alplift.com\/winkel\/\"},{\"@type\":\"ListItem\",\"position\":3,\"name\":\"Podno\u015bnik pionowy \u2013 AMWP8-1100\"}]},{\"@type\":\"WebSite\",\"@id\":\"https:\/\/oud.alplift.com\/pl\/#website\",\"url\":\"https:\/\/oud.alplift.com\/pl\/\",\"name\":\"Alp Lift\",\"description\":\"Lifting Equipment\",\"potentialAction\":[{\"@type\":\"SearchAction\",\"target\":{\"@type\":\"EntryPoint\",\"urlTemplate\":\"https:\/\/oud.alplift.com\/pl\/?s={search_term_string}\"},\"query-input\":{\"@type\":\"PropertyValueSpecification\",\"valueRequired\":true,\"valueName\":\"search_term_string\"}}],\"inLanguage\":\"pl-PL\"}]}<\/script>\n<!-- \/ Yoast SEO plugin. -->","yoast_head_json":{"title":"Podno\u015bnik pionowy \u2013 AMWP8-1100 - Alp Lift","description":"Samojezdny podno\u015bnik pionowy AWP8-1100 firmy Dingli jest komaktowy, solidny i \u0142atwy w obs\u0142udze. Popro\u015b o wycen\u0119 bez zobowi\u0105za\u0144.","robots":{"index":"noindex","follow":"follow","max-snippet":"max-snippet:-1","max-image-preview":"max-image-preview:large","max-video-preview":"max-video-preview:-1"},"og_locale":"pl_PL","og_type":"article","og_title":"Podno\u015bnik pionowy \u2013 AMWP8-1100 - Alp Lift","og_description":"Samojezdny podno\u015bnik pionowy AWP8-1100 firmy Dingli jest komaktowy, solidny i \u0142atwy w obs\u0142udze. Popro\u015b o wycen\u0119 bez zobowi\u0105za\u0144.","og_url":"https:\/\/oud.alplift.com\/pl\/produkt\/podnosnik-pionowy-amwp8-1100\/","og_site_name":"Alp Lift","article_modified_time":"2021-01-21T09:09:15+00:00","og_image":[{"width":500,"height":500,"url":"https:\/\/oud.alplift.com\/wp-content\/uploads\/2021\/01\/Zelfrijdende-telescoophoogwerker-AMWP8-1100.png","type":"image\/png"}],"twitter_card":"summary_large_image","schema":{"@context":"https:\/\/schema.org","@graph":[{"@type":"WebPage","@id":"https:\/\/oud.alplift.com\/pl\/produkt\/podnosnik-pionowy-amwp8-1100\/","url":"https:\/\/oud.alplift.com\/pl\/produkt\/podnosnik-pionowy-amwp8-1100\/","name":"Podno\u015bnik pionowy \u2013 AMWP8-1100 - Alp Lift","isPartOf":{"@id":"https:\/\/oud.alplift.com\/pl\/#website"},"primaryImageOfPage":{"@id":"https:\/\/oud.alplift.com\/pl\/produkt\/podnosnik-pionowy-amwp8-1100\/#primaryimage"},"image":{"@id":"https:\/\/oud.alplift.com\/pl\/produkt\/podnosnik-pionowy-amwp8-1100\/#primaryimage"},"thumbnailUrl":"https:\/\/oud.alplift.com\/wp-content\/uploads\/2021\/01\/Zelfrijdende-telescoophoogwerker-AMWP8-1100.png","datePublished":"2016-09-10T09:00:56+00:00","dateModified":"2021-01-21T09:09:15+00:00","description":"Samojezdny podno\u015bnik pionowy AWP8-1100 firmy Dingli jest komaktowy, solidny i \u0142atwy w obs\u0142udze. Popro\u015b o wycen\u0119 bez zobowi\u0105za\u0144.","breadcrumb":{"@id":"https:\/\/oud.alplift.com\/pl\/produkt\/podnosnik-pionowy-amwp8-1100\/#breadcrumb"},"inLanguage":"pl-PL","potentialAction":[{"@type":"ReadAction","target":["https:\/\/oud.alplift.com\/pl\/produkt\/podnosnik-pionowy-amwp8-1100\/"]}]},{"@type":"ImageObject","inLanguage":"pl-PL","@id":"https:\/\/oud.alplift.com\/pl\/produkt\/podnosnik-pionowy-amwp8-1100\/#primaryimage","url":"https:\/\/oud.alplift.com\/wp-content\/uploads\/2021\/01\/Zelfrijdende-telescoophoogwerker-AMWP8-1100.png","contentUrl":"https:\/\/oud.alplift.com\/wp-content\/uploads\/2021\/01\/Zelfrijdende-telescoophoogwerker-AMWP8-1100.png","width":500,"height":500},{"@type":"BreadcrumbList","@id":"https:\/\/oud.alplift.com\/pl\/produkt\/podnosnik-pionowy-amwp8-1100\/#breadcrumb","itemListElement":[{"@type":"ListItem","position":1,"name":"Home","item":"https:\/\/oud.alplift.com\/pl\/"},{"@type":"ListItem","position":2,"name":"Winkel","item":"https:\/\/oud.alplift.com\/winkel\/"},{"@type":"ListItem","position":3,"name":"Podno\u015bnik pionowy \u2013 AMWP8-1100"}]},{"@type":"WebSite","@id":"https:\/\/oud.alplift.com\/pl\/#website","url":"https:\/\/oud.alplift.com\/pl\/","name":"Alp Lift","description":"Lifting Equipment","potentialAction":[{"@type":"SearchAction","target":{"@type":"EntryPoint","urlTemplate":"https:\/\/oud.alplift.com\/pl\/?s={search_term_string}"},"query-input":{"@type":"PropertyValueSpecification","valueRequired":true,"valueName":"search_term_string"}}],"inLanguage":"pl-PL"}]}},"_links":{"self":[{"href":"https:\/\/oud.alplift.com\/pl\/wp-json\/wp\/v2\/product\/3379","targetHints":{"allow":["GET"]}}],"collection":[{"href":"https:\/\/oud.alplift.com\/pl\/wp-json\/wp\/v2\/product"}],"about":[{"href":"https:\/\/oud.alplift.com\/pl\/wp-json\/wp\/v2\/types\/product"}],"replies":[{"embeddable":true,"href":"https:\/\/oud.alplift.com\/pl\/wp-json\/wp\/v2\/comments?post=3379"}],"wp:featuredmedia":[{"embeddable":true,"href":"https:\/\/oud.alplift.com\/pl\/wp-json\/wp\/v2\/media\/2555"}],"wp:attachment":[{"href":"https:\/\/oud.alplift.com\/pl\/wp-json\/wp\/v2\/media?parent=3379"}],"wp:term":[{"taxonomy":"product_cat","embeddable":true,"href":"https:\/\/oud.alplift.com\/pl\/wp-json\/wp\/v2\/product_cat?post=3379"},{"taxonomy":"product_tag","embeddable":true,"href":"https:\/\/oud.alplift.com\/pl\/wp-json\/wp\/v2\/product_tag?post=3379"}],"curies":[{"name":"wp","href":"https:\/\/api.w.org\/{rel}","templated":true}]}}