
{"id":3376,"date":"2016-09-12T11:06:24","date_gmt":"2016-09-12T09:06:24","guid":{"rendered":"https:\/\/oud.alplift.com\/product\/podnosnik-pionowy-awp8-1000\/"},"modified":"2021-10-25T13:32:08","modified_gmt":"2021-10-25T11:32:08","slug":"podnosnik-pionowy-awp-8","status":"publish","type":"product","link":"https:\/\/oud.alplift.com\/pl\/produkt\/podnosnik-pionowy-awp-8\/","title":{"rendered":"Podno\u015bnik pionowy \u2013 AWP 8"},"content":{"rendered":"","protected":false},"excerpt":{"rendered":"<p>Pionowa podno\u015bnik koszowy AWP 8 jest kompaktowa i bardzo \u0142atwa w u\u017cyciu. Podno\u015bniki s\u0105 oferowane w wariantach pozwalaj\u0105cych na prac\u0119 na wysoko\u015bciach roboczych wynosz\u0105cych od 8 do 12 m. Podno\u015bniki s\u0105 \u0142atwe w przemieszczaniu, niezwykle zwrotne i bez problemu mieszcz\u0105 si\u0119 w standardowych drzwiach. Za\u0142adunek i roz\u0142adunek jest niezwykle prosty dzi\u0119ki zaawansowanemu systemowi przechylania, kt\u00f3ry stanowi cz\u0119\u015b\u0107 ka\u017cdej platformy. Seria AWP zosta\u0142a wyposa\u017cona w specjalnie skonstruowan\u0105 podstaw\u0119, kt\u00f3ra zapewnia maksymaln\u0105 stabilno\u015b\u0107. Aby jeszcze bardziej zwi\u0119kszy\u0107 wydajno\u015b\u0107, skupili\u015bmy si\u0119 na optymalizacji pr\u0119dko\u015bci podnoszenia i obni\u017cania maszyn. Oferujemy wersje zasilane napi\u0119ciem sieciowym 230V (AC) lub akumulatorem (DC).<\/p>\n<p>Je\u015bli szukaj\u0105 Pa\u0144stwo samojezdnego podno\u015bnika pionowego, zapraszamy do zapoznania si\u0119 z oferowan\u0105 przez nas seri\u0105 <a href=\"https:\/\/oud.alplift.com\/product\/vertical-lift-amwp8-1100\/\">AMWP<\/a>.<\/p>\n<p><strong>Dane techniczne:<\/strong><\/p>\n<ul>\n<li>Wysoko\u015b\u0107 robocza: 8,00 m<\/li>\n<li>Ud\u017awig: 150 kg<\/li>\n<li>Wysoko\u015b\u0107 platformy: 6,00 m<\/li>\n<li>Wymiary platformy: 0,69 x 0,66 m<\/li>\n<li>D\u0142ugo\u015b\u0107: 1,37 m<\/li>\n<li>Szeroko\u015b\u0107: 0,75 m<\/li>\n<li>Wysoko\u015b\u0107: 1,97 m<\/li>\n<li>Waga: 328 kg (AC)\/358 kg (DC)<\/li>\n<\/ul>\n","protected":false},"featured_media":2570,"comment_status":"closed","ping_status":"closed","template":"","meta":[],"product_cat":[156,184],"product_tag":[],"class_list":{"0":"post-3376","1":"product","2":"type-product","3":"status-publish","4":"has-post-thumbnail","6":"product_cat-podnosniki-koszowe","7":"product_cat-podnosniki-masztowe","9":"first","10":"instock","11":"shipping-taxable","12":"product-type-simple"},"yoast_head":"<!-- This site is optimized with the Yoast SEO plugin v24.0 - https:\/\/yoast.com\/wordpress\/plugins\/seo\/ -->\n<title>Podno\u015bnik pionowy \u2013 AWP 8 | Alp Lift - Lifting equipment<\/title>\n<meta name=\"description\" content=\"Podno\u015bnik pionowy AWP 8 jest kompaktowy, solidny i \u0142atwy w obs\u0142udze. Popro\u015b o wycen\u0119 online z ALp Lift - bez zobowi\u0105za\u0144.\" \/>\n<meta name=\"robots\" content=\"noindex, follow, max-snippet:-1, max-image-preview:large, max-video-preview:-1\" \/>\n<meta property=\"og:locale\" content=\"pl_PL\" \/>\n<meta property=\"og:type\" content=\"article\" \/>\n<meta property=\"og:title\" content=\"Podno\u015bnik pionowy \u2013 AWP 8 | Alp Lift - Lifting equipment\" \/>\n<meta property=\"og:description\" content=\"Podno\u015bnik pionowy AWP 8 jest kompaktowy, solidny i \u0142atwy w obs\u0142udze. Popro\u015b o wycen\u0119 online z ALp Lift - bez zobowi\u0105za\u0144.\" \/>\n<meta property=\"og:url\" content=\"https:\/\/oud.alplift.com\/pl\/produkt\/podnosnik-pionowy-awp-8\/\" \/>\n<meta property=\"og:site_name\" content=\"Alp Lift\" \/>\n<meta property=\"article:modified_time\" content=\"2021-10-25T11:32:08+00:00\" \/>\n<meta property=\"og:image\" content=\"https:\/\/oud.alplift.com\/wp-content\/uploads\/2021\/01\/Telescoophoogwerker-AWP-8-1000-Dingli.png\" \/>\n\t<meta property=\"og:image:width\" content=\"500\" \/>\n\t<meta property=\"og:image:height\" content=\"500\" \/>\n\t<meta property=\"og:image:type\" content=\"image\/png\" \/>\n<meta name=\"twitter:card\" content=\"summary_large_image\" \/>\n<script type=\"application\/ld+json\" class=\"yoast-schema-graph\">{\"@context\":\"https:\/\/schema.org\",\"@graph\":[{\"@type\":\"WebPage\",\"@id\":\"https:\/\/oud.alplift.com\/pl\/produkt\/podnosnik-pionowy-awp-8\/\",\"url\":\"https:\/\/oud.alplift.com\/pl\/produkt\/podnosnik-pionowy-awp-8\/\",\"name\":\"Podno\u015bnik pionowy \u2013 AWP 8 | Alp Lift - Lifting equipment\",\"isPartOf\":{\"@id\":\"https:\/\/oud.alplift.com\/pl\/#website\"},\"primaryImageOfPage\":{\"@id\":\"https:\/\/oud.alplift.com\/pl\/produkt\/podnosnik-pionowy-awp-8\/#primaryimage\"},\"image\":{\"@id\":\"https:\/\/oud.alplift.com\/pl\/produkt\/podnosnik-pionowy-awp-8\/#primaryimage\"},\"thumbnailUrl\":\"https:\/\/oud.alplift.com\/wp-content\/uploads\/2021\/01\/Telescoophoogwerker-AWP-8-1000-Dingli.png\",\"datePublished\":\"2016-09-12T09:06:24+00:00\",\"dateModified\":\"2021-10-25T11:32:08+00:00\",\"description\":\"Podno\u015bnik pionowy AWP 8 jest kompaktowy, solidny i \u0142atwy w obs\u0142udze. Popro\u015b o wycen\u0119 online z ALp Lift - bez zobowi\u0105za\u0144.\",\"breadcrumb\":{\"@id\":\"https:\/\/oud.alplift.com\/pl\/produkt\/podnosnik-pionowy-awp-8\/#breadcrumb\"},\"inLanguage\":\"pl-PL\",\"potentialAction\":[{\"@type\":\"ReadAction\",\"target\":[\"https:\/\/oud.alplift.com\/pl\/produkt\/podnosnik-pionowy-awp-8\/\"]}]},{\"@type\":\"ImageObject\",\"inLanguage\":\"pl-PL\",\"@id\":\"https:\/\/oud.alplift.com\/pl\/produkt\/podnosnik-pionowy-awp-8\/#primaryimage\",\"url\":\"https:\/\/oud.alplift.com\/wp-content\/uploads\/2021\/01\/Telescoophoogwerker-AWP-8-1000-Dingli.png\",\"contentUrl\":\"https:\/\/oud.alplift.com\/wp-content\/uploads\/2021\/01\/Telescoophoogwerker-AWP-8-1000-Dingli.png\",\"width\":500,\"height\":500},{\"@type\":\"BreadcrumbList\",\"@id\":\"https:\/\/oud.alplift.com\/pl\/produkt\/podnosnik-pionowy-awp-8\/#breadcrumb\",\"itemListElement\":[{\"@type\":\"ListItem\",\"position\":1,\"name\":\"Home\",\"item\":\"https:\/\/oud.alplift.com\/pl\/\"},{\"@type\":\"ListItem\",\"position\":2,\"name\":\"Winkel\",\"item\":\"https:\/\/oud.alplift.com\/winkel\/\"},{\"@type\":\"ListItem\",\"position\":3,\"name\":\"Podno\u015bnik pionowy \u2013 AWP 8\"}]},{\"@type\":\"WebSite\",\"@id\":\"https:\/\/oud.alplift.com\/pl\/#website\",\"url\":\"https:\/\/oud.alplift.com\/pl\/\",\"name\":\"Alp Lift\",\"description\":\"Lifting Equipment\",\"potentialAction\":[{\"@type\":\"SearchAction\",\"target\":{\"@type\":\"EntryPoint\",\"urlTemplate\":\"https:\/\/oud.alplift.com\/pl\/?s={search_term_string}\"},\"query-input\":{\"@type\":\"PropertyValueSpecification\",\"valueRequired\":true,\"valueName\":\"search_term_string\"}}],\"inLanguage\":\"pl-PL\"}]}<\/script>\n<!-- \/ Yoast SEO plugin. -->","yoast_head_json":{"title":"Podno\u015bnik pionowy \u2013 AWP 8 | Alp Lift - Lifting equipment","description":"Podno\u015bnik pionowy AWP 8 jest kompaktowy, solidny i \u0142atwy w obs\u0142udze. Popro\u015b o wycen\u0119 online z ALp Lift - bez zobowi\u0105za\u0144.","robots":{"index":"noindex","follow":"follow","max-snippet":"max-snippet:-1","max-image-preview":"max-image-preview:large","max-video-preview":"max-video-preview:-1"},"og_locale":"pl_PL","og_type":"article","og_title":"Podno\u015bnik pionowy \u2013 AWP 8 | Alp Lift - Lifting equipment","og_description":"Podno\u015bnik pionowy AWP 8 jest kompaktowy, solidny i \u0142atwy w obs\u0142udze. Popro\u015b o wycen\u0119 online z ALp Lift - bez zobowi\u0105za\u0144.","og_url":"https:\/\/oud.alplift.com\/pl\/produkt\/podnosnik-pionowy-awp-8\/","og_site_name":"Alp Lift","article_modified_time":"2021-10-25T11:32:08+00:00","og_image":[{"width":500,"height":500,"url":"https:\/\/oud.alplift.com\/wp-content\/uploads\/2021\/01\/Telescoophoogwerker-AWP-8-1000-Dingli.png","type":"image\/png"}],"twitter_card":"summary_large_image","schema":{"@context":"https:\/\/schema.org","@graph":[{"@type":"WebPage","@id":"https:\/\/oud.alplift.com\/pl\/produkt\/podnosnik-pionowy-awp-8\/","url":"https:\/\/oud.alplift.com\/pl\/produkt\/podnosnik-pionowy-awp-8\/","name":"Podno\u015bnik pionowy \u2013 AWP 8 | Alp Lift - Lifting equipment","isPartOf":{"@id":"https:\/\/oud.alplift.com\/pl\/#website"},"primaryImageOfPage":{"@id":"https:\/\/oud.alplift.com\/pl\/produkt\/podnosnik-pionowy-awp-8\/#primaryimage"},"image":{"@id":"https:\/\/oud.alplift.com\/pl\/produkt\/podnosnik-pionowy-awp-8\/#primaryimage"},"thumbnailUrl":"https:\/\/oud.alplift.com\/wp-content\/uploads\/2021\/01\/Telescoophoogwerker-AWP-8-1000-Dingli.png","datePublished":"2016-09-12T09:06:24+00:00","dateModified":"2021-10-25T11:32:08+00:00","description":"Podno\u015bnik pionowy AWP 8 jest kompaktowy, solidny i \u0142atwy w obs\u0142udze. Popro\u015b o wycen\u0119 online z ALp Lift - bez zobowi\u0105za\u0144.","breadcrumb":{"@id":"https:\/\/oud.alplift.com\/pl\/produkt\/podnosnik-pionowy-awp-8\/#breadcrumb"},"inLanguage":"pl-PL","potentialAction":[{"@type":"ReadAction","target":["https:\/\/oud.alplift.com\/pl\/produkt\/podnosnik-pionowy-awp-8\/"]}]},{"@type":"ImageObject","inLanguage":"pl-PL","@id":"https:\/\/oud.alplift.com\/pl\/produkt\/podnosnik-pionowy-awp-8\/#primaryimage","url":"https:\/\/oud.alplift.com\/wp-content\/uploads\/2021\/01\/Telescoophoogwerker-AWP-8-1000-Dingli.png","contentUrl":"https:\/\/oud.alplift.com\/wp-content\/uploads\/2021\/01\/Telescoophoogwerker-AWP-8-1000-Dingli.png","width":500,"height":500},{"@type":"BreadcrumbList","@id":"https:\/\/oud.alplift.com\/pl\/produkt\/podnosnik-pionowy-awp-8\/#breadcrumb","itemListElement":[{"@type":"ListItem","position":1,"name":"Home","item":"https:\/\/oud.alplift.com\/pl\/"},{"@type":"ListItem","position":2,"name":"Winkel","item":"https:\/\/oud.alplift.com\/winkel\/"},{"@type":"ListItem","position":3,"name":"Podno\u015bnik pionowy \u2013 AWP 8"}]},{"@type":"WebSite","@id":"https:\/\/oud.alplift.com\/pl\/#website","url":"https:\/\/oud.alplift.com\/pl\/","name":"Alp Lift","description":"Lifting Equipment","potentialAction":[{"@type":"SearchAction","target":{"@type":"EntryPoint","urlTemplate":"https:\/\/oud.alplift.com\/pl\/?s={search_term_string}"},"query-input":{"@type":"PropertyValueSpecification","valueRequired":true,"valueName":"search_term_string"}}],"inLanguage":"pl-PL"}]}},"_links":{"self":[{"href":"https:\/\/oud.alplift.com\/pl\/wp-json\/wp\/v2\/product\/3376","targetHints":{"allow":["GET"]}}],"collection":[{"href":"https:\/\/oud.alplift.com\/pl\/wp-json\/wp\/v2\/product"}],"about":[{"href":"https:\/\/oud.alplift.com\/pl\/wp-json\/wp\/v2\/types\/product"}],"replies":[{"embeddable":true,"href":"https:\/\/oud.alplift.com\/pl\/wp-json\/wp\/v2\/comments?post=3376"}],"wp:featuredmedia":[{"embeddable":true,"href":"https:\/\/oud.alplift.com\/pl\/wp-json\/wp\/v2\/media\/2570"}],"wp:attachment":[{"href":"https:\/\/oud.alplift.com\/pl\/wp-json\/wp\/v2\/media?parent=3376"}],"wp:term":[{"taxonomy":"product_cat","embeddable":true,"href":"https:\/\/oud.alplift.com\/pl\/wp-json\/wp\/v2\/product_cat?post=3376"},{"taxonomy":"product_tag","embeddable":true,"href":"https:\/\/oud.alplift.com\/pl\/wp-json\/wp\/v2\/product_tag?post=3376"}],"curies":[{"name":"wp","href":"https:\/\/api.w.org\/{rel}","templated":true}]}}