
{"id":3373,"date":"2016-09-10T10:15:00","date_gmt":"2016-09-10T08:15:00","guid":{"rendered":"https:\/\/oud.alplift.com\/product\/podnosnik-nozycowy-jcpt1523rt\/"},"modified":"2021-01-21T10:09:02","modified_gmt":"2021-01-21T09:09:02","slug":"podnosnik-nozycowy-jcpt1523rt","status":"publish","type":"product","link":"https:\/\/oud.alplift.com\/pl\/produkt\/podnosnik-nozycowy-jcpt1523rt\/","title":{"rendered":"Podno\u015bnik no\u017cycowy \u2013 JCPT1523RT"},"content":{"rendered":"<p>[table id=24 \/]<\/p>\n","protected":false},"excerpt":{"rendered":"<p>Podno\u015bnik no\u017cycowy z nap\u0119dem na cztery ko\u0142a JCPT1523RT firmy Dingli oferuje wysoko\u015b\u0107 robocz\u0105 wynosz\u0105c\u0105 nawet 15 m. Dzi\u0119ki ud\u017awigowi 680 kg stanowi idealny wyb\u00f3r do ci\u0119\u017cszych prac, a jego du\u017ca platforma robocza mo\u017ce zosta\u0107 powi\u0119kszona w razie potrzeby. Obszerna platforma robocza zapewnia wi\u0119ksz\u0105 wydajno\u015b\u0107 i wygod\u0119 pracy. Wysi\u0119gniki hydrauliczne s\u0105 samopoziomuj\u0105ce. Ten typ podno\u015bnika mo\u017ce by\u0107 stosowany na nier\u00f3wnym terenie.<\/p>\n<p><strong>Dane techniczne:<\/strong><\/p>\n<ul>\n<li>Wysoko\u015b\u0107 robocza: 15 m<\/li>\n<li>Ud\u017awig: 680 kg<\/li>\n<li>Wysoko\u015b\u0107 platformy: 13 m<\/li>\n<li>Wymiary platformy: 3,98 x 1,83 m<\/li>\n<li>D\u0142ugo\u015b\u0107: 3,98 m<\/li>\n<li>Szeroko\u015b\u0107: 2,27 m<\/li>\n<li>Wysoko\u015b\u0107: 2,98\/2,28 m<\/li>\n<li>Waga: 7480 kg<\/li>\n<\/ul>\n<p>* Por\u0119cz rozk\u0142adana<\/p>\n<p>&nbsp;<\/p>\n<p>&nbsp;<\/p>\n","protected":false},"featured_media":2425,"comment_status":"closed","ping_status":"closed","template":"","meta":[],"product_cat":[156,172],"product_tag":[],"class_list":{"0":"post-3373","1":"product","2":"type-product","3":"status-publish","4":"has-post-thumbnail","6":"product_cat-podnosniki-koszowe","7":"product_cat-podnosniki-nozycowe","8":"pa_merk-dingli-pl","10":"first","11":"instock","12":"shipping-taxable","13":"product-type-simple"},"yoast_head":"<!-- This site is optimized with the Yoast SEO plugin v24.0 - https:\/\/yoast.com\/wordpress\/plugins\/seo\/ -->\n<title>Podno\u015bnik no\u017cycowy JCPT1523RT - Alp Lift<\/title>\n<meta name=\"description\" content=\"Podno\u015bnik no\u017cycowy z nap\u0119dem na cztery ko\u0142a JCPT1523RT firmy Dingli o du\u017cej no\u015bno\u015bci. Idealny do pracy na \u015bwie\u017cym powietrzu i na nier\u00f3wnym terenie. Uzyskaj wycen\u0119 przez Internet \u2013 bez zobowi\u0105za\u0144.\" \/>\n<meta name=\"robots\" content=\"noindex, follow, max-snippet:-1, max-image-preview:large, max-video-preview:-1\" \/>\n<meta property=\"og:locale\" content=\"pl_PL\" \/>\n<meta property=\"og:type\" content=\"article\" \/>\n<meta property=\"og:title\" content=\"Podno\u015bnik no\u017cycowy JCPT1523RT - Alp Lift\" \/>\n<meta property=\"og:description\" content=\"Podno\u015bnik no\u017cycowy z nap\u0119dem na cztery ko\u0142a JCPT1523RT firmy Dingli o du\u017cej no\u015bno\u015bci. Idealny do pracy na \u015bwie\u017cym powietrzu i na nier\u00f3wnym terenie. Uzyskaj wycen\u0119 przez Internet \u2013 bez zobowi\u0105za\u0144.\" \/>\n<meta property=\"og:url\" content=\"https:\/\/oud.alplift.com\/pl\/produkt\/podnosnik-nozycowy-jcpt1523rt\/\" \/>\n<meta property=\"og:site_name\" content=\"Alp Lift\" \/>\n<meta property=\"article:modified_time\" content=\"2021-01-21T09:09:02+00:00\" \/>\n<meta property=\"og:image\" content=\"https:\/\/oud.alplift.com\/wp-content\/uploads\/2021\/01\/Schaarhoogwerker-JCPT1823RT.png\" \/>\n\t<meta property=\"og:image:width\" content=\"500\" \/>\n\t<meta property=\"og:image:height\" content=\"500\" \/>\n\t<meta property=\"og:image:type\" content=\"image\/png\" \/>\n<meta name=\"twitter:card\" content=\"summary_large_image\" \/>\n<script type=\"application\/ld+json\" class=\"yoast-schema-graph\">{\"@context\":\"https:\/\/schema.org\",\"@graph\":[{\"@type\":\"WebPage\",\"@id\":\"https:\/\/oud.alplift.com\/pl\/produkt\/podnosnik-nozycowy-jcpt1523rt\/\",\"url\":\"https:\/\/oud.alplift.com\/pl\/produkt\/podnosnik-nozycowy-jcpt1523rt\/\",\"name\":\"Podno\u015bnik no\u017cycowy JCPT1523RT - Alp Lift\",\"isPartOf\":{\"@id\":\"https:\/\/oud.alplift.com\/pl\/#website\"},\"primaryImageOfPage\":{\"@id\":\"https:\/\/oud.alplift.com\/pl\/produkt\/podnosnik-nozycowy-jcpt1523rt\/#primaryimage\"},\"image\":{\"@id\":\"https:\/\/oud.alplift.com\/pl\/produkt\/podnosnik-nozycowy-jcpt1523rt\/#primaryimage\"},\"thumbnailUrl\":\"https:\/\/oud.alplift.com\/wp-content\/uploads\/2021\/01\/Schaarhoogwerker-JCPT1823RT.png\",\"datePublished\":\"2016-09-10T08:15:00+00:00\",\"dateModified\":\"2021-01-21T09:09:02+00:00\",\"description\":\"Podno\u015bnik no\u017cycowy z nap\u0119dem na cztery ko\u0142a JCPT1523RT firmy Dingli o du\u017cej no\u015bno\u015bci. Idealny do pracy na \u015bwie\u017cym powietrzu i na nier\u00f3wnym terenie. Uzyskaj wycen\u0119 przez Internet \u2013 bez zobowi\u0105za\u0144.\",\"breadcrumb\":{\"@id\":\"https:\/\/oud.alplift.com\/pl\/produkt\/podnosnik-nozycowy-jcpt1523rt\/#breadcrumb\"},\"inLanguage\":\"pl-PL\",\"potentialAction\":[{\"@type\":\"ReadAction\",\"target\":[\"https:\/\/oud.alplift.com\/pl\/produkt\/podnosnik-nozycowy-jcpt1523rt\/\"]}]},{\"@type\":\"ImageObject\",\"inLanguage\":\"pl-PL\",\"@id\":\"https:\/\/oud.alplift.com\/pl\/produkt\/podnosnik-nozycowy-jcpt1523rt\/#primaryimage\",\"url\":\"https:\/\/oud.alplift.com\/wp-content\/uploads\/2021\/01\/Schaarhoogwerker-JCPT1823RT.png\",\"contentUrl\":\"https:\/\/oud.alplift.com\/wp-content\/uploads\/2021\/01\/Schaarhoogwerker-JCPT1823RT.png\",\"width\":500,\"height\":500},{\"@type\":\"BreadcrumbList\",\"@id\":\"https:\/\/oud.alplift.com\/pl\/produkt\/podnosnik-nozycowy-jcpt1523rt\/#breadcrumb\",\"itemListElement\":[{\"@type\":\"ListItem\",\"position\":1,\"name\":\"Home\",\"item\":\"https:\/\/oud.alplift.com\/pl\/\"},{\"@type\":\"ListItem\",\"position\":2,\"name\":\"Winkel\",\"item\":\"https:\/\/oud.alplift.com\/winkel\/\"},{\"@type\":\"ListItem\",\"position\":3,\"name\":\"Podno\u015bnik no\u017cycowy \u2013 JCPT1523RT\"}]},{\"@type\":\"WebSite\",\"@id\":\"https:\/\/oud.alplift.com\/pl\/#website\",\"url\":\"https:\/\/oud.alplift.com\/pl\/\",\"name\":\"Alp Lift\",\"description\":\"Lifting Equipment\",\"potentialAction\":[{\"@type\":\"SearchAction\",\"target\":{\"@type\":\"EntryPoint\",\"urlTemplate\":\"https:\/\/oud.alplift.com\/pl\/?s={search_term_string}\"},\"query-input\":{\"@type\":\"PropertyValueSpecification\",\"valueRequired\":true,\"valueName\":\"search_term_string\"}}],\"inLanguage\":\"pl-PL\"}]}<\/script>\n<!-- \/ Yoast SEO plugin. -->","yoast_head_json":{"title":"Podno\u015bnik no\u017cycowy JCPT1523RT - Alp Lift","description":"Podno\u015bnik no\u017cycowy z nap\u0119dem na cztery ko\u0142a JCPT1523RT firmy Dingli o du\u017cej no\u015bno\u015bci. Idealny do pracy na \u015bwie\u017cym powietrzu i na nier\u00f3wnym terenie. Uzyskaj wycen\u0119 przez Internet \u2013 bez zobowi\u0105za\u0144.","robots":{"index":"noindex","follow":"follow","max-snippet":"max-snippet:-1","max-image-preview":"max-image-preview:large","max-video-preview":"max-video-preview:-1"},"og_locale":"pl_PL","og_type":"article","og_title":"Podno\u015bnik no\u017cycowy JCPT1523RT - Alp Lift","og_description":"Podno\u015bnik no\u017cycowy z nap\u0119dem na cztery ko\u0142a JCPT1523RT firmy Dingli o du\u017cej no\u015bno\u015bci. Idealny do pracy na \u015bwie\u017cym powietrzu i na nier\u00f3wnym terenie. Uzyskaj wycen\u0119 przez Internet \u2013 bez zobowi\u0105za\u0144.","og_url":"https:\/\/oud.alplift.com\/pl\/produkt\/podnosnik-nozycowy-jcpt1523rt\/","og_site_name":"Alp Lift","article_modified_time":"2021-01-21T09:09:02+00:00","og_image":[{"width":500,"height":500,"url":"https:\/\/oud.alplift.com\/wp-content\/uploads\/2021\/01\/Schaarhoogwerker-JCPT1823RT.png","type":"image\/png"}],"twitter_card":"summary_large_image","schema":{"@context":"https:\/\/schema.org","@graph":[{"@type":"WebPage","@id":"https:\/\/oud.alplift.com\/pl\/produkt\/podnosnik-nozycowy-jcpt1523rt\/","url":"https:\/\/oud.alplift.com\/pl\/produkt\/podnosnik-nozycowy-jcpt1523rt\/","name":"Podno\u015bnik no\u017cycowy JCPT1523RT - Alp Lift","isPartOf":{"@id":"https:\/\/oud.alplift.com\/pl\/#website"},"primaryImageOfPage":{"@id":"https:\/\/oud.alplift.com\/pl\/produkt\/podnosnik-nozycowy-jcpt1523rt\/#primaryimage"},"image":{"@id":"https:\/\/oud.alplift.com\/pl\/produkt\/podnosnik-nozycowy-jcpt1523rt\/#primaryimage"},"thumbnailUrl":"https:\/\/oud.alplift.com\/wp-content\/uploads\/2021\/01\/Schaarhoogwerker-JCPT1823RT.png","datePublished":"2016-09-10T08:15:00+00:00","dateModified":"2021-01-21T09:09:02+00:00","description":"Podno\u015bnik no\u017cycowy z nap\u0119dem na cztery ko\u0142a JCPT1523RT firmy Dingli o du\u017cej no\u015bno\u015bci. Idealny do pracy na \u015bwie\u017cym powietrzu i na nier\u00f3wnym terenie. Uzyskaj wycen\u0119 przez Internet \u2013 bez zobowi\u0105za\u0144.","breadcrumb":{"@id":"https:\/\/oud.alplift.com\/pl\/produkt\/podnosnik-nozycowy-jcpt1523rt\/#breadcrumb"},"inLanguage":"pl-PL","potentialAction":[{"@type":"ReadAction","target":["https:\/\/oud.alplift.com\/pl\/produkt\/podnosnik-nozycowy-jcpt1523rt\/"]}]},{"@type":"ImageObject","inLanguage":"pl-PL","@id":"https:\/\/oud.alplift.com\/pl\/produkt\/podnosnik-nozycowy-jcpt1523rt\/#primaryimage","url":"https:\/\/oud.alplift.com\/wp-content\/uploads\/2021\/01\/Schaarhoogwerker-JCPT1823RT.png","contentUrl":"https:\/\/oud.alplift.com\/wp-content\/uploads\/2021\/01\/Schaarhoogwerker-JCPT1823RT.png","width":500,"height":500},{"@type":"BreadcrumbList","@id":"https:\/\/oud.alplift.com\/pl\/produkt\/podnosnik-nozycowy-jcpt1523rt\/#breadcrumb","itemListElement":[{"@type":"ListItem","position":1,"name":"Home","item":"https:\/\/oud.alplift.com\/pl\/"},{"@type":"ListItem","position":2,"name":"Winkel","item":"https:\/\/oud.alplift.com\/winkel\/"},{"@type":"ListItem","position":3,"name":"Podno\u015bnik no\u017cycowy \u2013 JCPT1523RT"}]},{"@type":"WebSite","@id":"https:\/\/oud.alplift.com\/pl\/#website","url":"https:\/\/oud.alplift.com\/pl\/","name":"Alp Lift","description":"Lifting Equipment","potentialAction":[{"@type":"SearchAction","target":{"@type":"EntryPoint","urlTemplate":"https:\/\/oud.alplift.com\/pl\/?s={search_term_string}"},"query-input":{"@type":"PropertyValueSpecification","valueRequired":true,"valueName":"search_term_string"}}],"inLanguage":"pl-PL"}]}},"_links":{"self":[{"href":"https:\/\/oud.alplift.com\/pl\/wp-json\/wp\/v2\/product\/3373","targetHints":{"allow":["GET"]}}],"collection":[{"href":"https:\/\/oud.alplift.com\/pl\/wp-json\/wp\/v2\/product"}],"about":[{"href":"https:\/\/oud.alplift.com\/pl\/wp-json\/wp\/v2\/types\/product"}],"replies":[{"embeddable":true,"href":"https:\/\/oud.alplift.com\/pl\/wp-json\/wp\/v2\/comments?post=3373"}],"wp:featuredmedia":[{"embeddable":true,"href":"https:\/\/oud.alplift.com\/pl\/wp-json\/wp\/v2\/media\/2425"}],"wp:attachment":[{"href":"https:\/\/oud.alplift.com\/pl\/wp-json\/wp\/v2\/media?parent=3373"}],"wp:term":[{"taxonomy":"product_cat","embeddable":true,"href":"https:\/\/oud.alplift.com\/pl\/wp-json\/wp\/v2\/product_cat?post=3373"},{"taxonomy":"product_tag","embeddable":true,"href":"https:\/\/oud.alplift.com\/pl\/wp-json\/wp\/v2\/product_tag?post=3373"}],"curies":[{"name":"wp","href":"https:\/\/api.w.org\/{rel}","templated":true}]}}