
{"id":3371,"date":"2016-09-10T10:22:24","date_gmt":"2016-09-10T08:22:24","guid":{"rendered":"https:\/\/oud.alplift.com\/product\/podnosnik-nozycowy-jcpt1412dc\/"},"modified":"2021-01-21T10:08:56","modified_gmt":"2021-01-21T09:08:56","slug":"podnosnik-nozycowy-jcpt1412dc","status":"publish","type":"product","link":"https:\/\/oud.alplift.com\/pl\/produkt\/podnosnik-nozycowy-jcpt1412dc\/","title":{"rendered":"Podno\u015bnik no\u017cycowy \u2013 JCPT1412DC"},"content":{"rendered":"<p>[table id=24 \/]<\/p>\n","protected":false},"excerpt":{"rendered":"<p>Podno\u015bnik no\u017cycowy JCPT1412 z silnikiem hydraulicznym (JCPT1412HD) lub nap\u0119dem elektrycznym (JCPT1412DC) o wysoko\u015bci roboczej 14,00 m jest wytrzyma\u0142y, solidny i prosty w obs\u0142udze. Urz\u0105dzenie jest niezwykle ciche i nie zanieczyszcza \u015brodowiska. Sprawdzi si\u0119 idealnie we wszystkich \u015brodowiskach pracy. Por\u0119cze mog\u0105 by\u0107 z\u0142o\u017cone, co zapewnia wygodne magazynowanie, transport oraz korzystanie ze standardowych drzwi i wind.<\/p>\n<p>Dzi\u0119ki nap\u0119dowi elektrycznemu platforma ta mo\u017ce pracowa\u0107 przez wiele godzin, co sprawia, \u017ce model ten cieszy si\u0119 ogromn\u0105 popularno\u015bci\u0105 w\u015br\u00f3d firm wypo\u017cyczaj\u0105cych wyposa\u017cenie.<\/p>\n<p><strong>Dane techniczne:<\/strong><\/p>\n<ul>\n<li>Wysoko\u015b\u0107 robocza: 14 m<\/li>\n<li>Ud\u017awig: 250 kg<\/li>\n<li>Wysoko\u015b\u0107 platformy: 12 m<\/li>\n<li>Wymiary platformy: 2,27 x 1,12 m<\/li>\n<li>D\u0142ugo\u015b\u0107: 2,48 m<\/li>\n<li>Szeroko\u015b\u0107: 1,15 m<\/li>\n<li>Wysoko\u015b\u0107: 2,59\/2,17 m<\/li>\n<li>Waga: 2760 kg<\/li>\n<\/ul>\n<p>* Por\u0119cz rozk\u0142adana \/ sk\u0142adana<\/p>\n<p>&nbsp;<\/p>\n<p>&nbsp;<\/p>\n","protected":false},"featured_media":2435,"comment_status":"closed","ping_status":"closed","template":"","meta":[],"product_cat":[156,172],"product_tag":[],"class_list":{"0":"post-3371","1":"product","2":"type-product","3":"status-publish","4":"has-post-thumbnail","6":"product_cat-podnosniki-koszowe","7":"product_cat-podnosniki-nozycowe","8":"pa_merk-dingli-pl","10":"first","11":"instock","12":"shipping-taxable","13":"product-type-simple"},"yoast_head":"<!-- This site is optimized with the Yoast SEO plugin v24.0 - https:\/\/yoast.com\/wordpress\/plugins\/seo\/ -->\n<title>Podno\u015bnik no\u017cycowy \u2013 JCPT1412DC - Alp Lift<\/title>\n<meta name=\"description\" content=\"Podno\u015bnik no\u017cycowy JCPT1412 firmy Dingli jest dost\u0119pny z nap\u0119dem hydraulicznym lub elektrycznym. Uzyskaj wycen\u0119 przez Internet \u2013 bez zobowi\u0105za\u0144.\" \/>\n<meta name=\"robots\" content=\"noindex, follow, max-snippet:-1, max-image-preview:large, max-video-preview:-1\" \/>\n<meta property=\"og:locale\" content=\"pl_PL\" \/>\n<meta property=\"og:type\" content=\"article\" \/>\n<meta property=\"og:title\" content=\"Podno\u015bnik no\u017cycowy \u2013 JCPT1412DC - Alp Lift\" \/>\n<meta property=\"og:description\" content=\"Podno\u015bnik no\u017cycowy JCPT1412 firmy Dingli jest dost\u0119pny z nap\u0119dem hydraulicznym lub elektrycznym. Uzyskaj wycen\u0119 przez Internet \u2013 bez zobowi\u0105za\u0144.\" \/>\n<meta property=\"og:url\" content=\"https:\/\/oud.alplift.com\/pl\/produkt\/podnosnik-nozycowy-jcpt1412dc\/\" \/>\n<meta property=\"og:site_name\" content=\"Alp Lift\" \/>\n<meta property=\"article:modified_time\" content=\"2021-01-21T09:08:56+00:00\" \/>\n<meta property=\"og:image\" content=\"https:\/\/oud.alplift.com\/wp-content\/uploads\/2021\/01\/Schaarhoogwerker-JCPT1412DC-Dingli.png\" \/>\n\t<meta property=\"og:image:width\" content=\"500\" \/>\n\t<meta property=\"og:image:height\" content=\"500\" \/>\n\t<meta property=\"og:image:type\" content=\"image\/png\" \/>\n<meta name=\"twitter:card\" content=\"summary_large_image\" \/>\n<script type=\"application\/ld+json\" class=\"yoast-schema-graph\">{\"@context\":\"https:\/\/schema.org\",\"@graph\":[{\"@type\":\"WebPage\",\"@id\":\"https:\/\/oud.alplift.com\/pl\/produkt\/podnosnik-nozycowy-jcpt1412dc\/\",\"url\":\"https:\/\/oud.alplift.com\/pl\/produkt\/podnosnik-nozycowy-jcpt1412dc\/\",\"name\":\"Podno\u015bnik no\u017cycowy \u2013 JCPT1412DC - Alp Lift\",\"isPartOf\":{\"@id\":\"https:\/\/oud.alplift.com\/pl\/#website\"},\"primaryImageOfPage\":{\"@id\":\"https:\/\/oud.alplift.com\/pl\/produkt\/podnosnik-nozycowy-jcpt1412dc\/#primaryimage\"},\"image\":{\"@id\":\"https:\/\/oud.alplift.com\/pl\/produkt\/podnosnik-nozycowy-jcpt1412dc\/#primaryimage\"},\"thumbnailUrl\":\"https:\/\/oud.alplift.com\/wp-content\/uploads\/2021\/01\/Schaarhoogwerker-JCPT1412DC-Dingli.png\",\"datePublished\":\"2016-09-10T08:22:24+00:00\",\"dateModified\":\"2021-01-21T09:08:56+00:00\",\"description\":\"Podno\u015bnik no\u017cycowy JCPT1412 firmy Dingli jest dost\u0119pny z nap\u0119dem hydraulicznym lub elektrycznym. Uzyskaj wycen\u0119 przez Internet \u2013 bez zobowi\u0105za\u0144.\",\"breadcrumb\":{\"@id\":\"https:\/\/oud.alplift.com\/pl\/produkt\/podnosnik-nozycowy-jcpt1412dc\/#breadcrumb\"},\"inLanguage\":\"pl-PL\",\"potentialAction\":[{\"@type\":\"ReadAction\",\"target\":[\"https:\/\/oud.alplift.com\/pl\/produkt\/podnosnik-nozycowy-jcpt1412dc\/\"]}]},{\"@type\":\"ImageObject\",\"inLanguage\":\"pl-PL\",\"@id\":\"https:\/\/oud.alplift.com\/pl\/produkt\/podnosnik-nozycowy-jcpt1412dc\/#primaryimage\",\"url\":\"https:\/\/oud.alplift.com\/wp-content\/uploads\/2021\/01\/Schaarhoogwerker-JCPT1412DC-Dingli.png\",\"contentUrl\":\"https:\/\/oud.alplift.com\/wp-content\/uploads\/2021\/01\/Schaarhoogwerker-JCPT1412DC-Dingli.png\",\"width\":500,\"height\":500},{\"@type\":\"BreadcrumbList\",\"@id\":\"https:\/\/oud.alplift.com\/pl\/produkt\/podnosnik-nozycowy-jcpt1412dc\/#breadcrumb\",\"itemListElement\":[{\"@type\":\"ListItem\",\"position\":1,\"name\":\"Home\",\"item\":\"https:\/\/oud.alplift.com\/pl\/\"},{\"@type\":\"ListItem\",\"position\":2,\"name\":\"Winkel\",\"item\":\"https:\/\/oud.alplift.com\/winkel\/\"},{\"@type\":\"ListItem\",\"position\":3,\"name\":\"Podno\u015bnik no\u017cycowy \u2013 JCPT1412DC\"}]},{\"@type\":\"WebSite\",\"@id\":\"https:\/\/oud.alplift.com\/pl\/#website\",\"url\":\"https:\/\/oud.alplift.com\/pl\/\",\"name\":\"Alp Lift\",\"description\":\"Lifting Equipment\",\"potentialAction\":[{\"@type\":\"SearchAction\",\"target\":{\"@type\":\"EntryPoint\",\"urlTemplate\":\"https:\/\/oud.alplift.com\/pl\/?s={search_term_string}\"},\"query-input\":{\"@type\":\"PropertyValueSpecification\",\"valueRequired\":true,\"valueName\":\"search_term_string\"}}],\"inLanguage\":\"pl-PL\"}]}<\/script>\n<!-- \/ Yoast SEO plugin. -->","yoast_head_json":{"title":"Podno\u015bnik no\u017cycowy \u2013 JCPT1412DC - Alp Lift","description":"Podno\u015bnik no\u017cycowy JCPT1412 firmy Dingli jest dost\u0119pny z nap\u0119dem hydraulicznym lub elektrycznym. Uzyskaj wycen\u0119 przez Internet \u2013 bez zobowi\u0105za\u0144.","robots":{"index":"noindex","follow":"follow","max-snippet":"max-snippet:-1","max-image-preview":"max-image-preview:large","max-video-preview":"max-video-preview:-1"},"og_locale":"pl_PL","og_type":"article","og_title":"Podno\u015bnik no\u017cycowy \u2013 JCPT1412DC - Alp Lift","og_description":"Podno\u015bnik no\u017cycowy JCPT1412 firmy Dingli jest dost\u0119pny z nap\u0119dem hydraulicznym lub elektrycznym. Uzyskaj wycen\u0119 przez Internet \u2013 bez zobowi\u0105za\u0144.","og_url":"https:\/\/oud.alplift.com\/pl\/produkt\/podnosnik-nozycowy-jcpt1412dc\/","og_site_name":"Alp Lift","article_modified_time":"2021-01-21T09:08:56+00:00","og_image":[{"width":500,"height":500,"url":"https:\/\/oud.alplift.com\/wp-content\/uploads\/2021\/01\/Schaarhoogwerker-JCPT1412DC-Dingli.png","type":"image\/png"}],"twitter_card":"summary_large_image","schema":{"@context":"https:\/\/schema.org","@graph":[{"@type":"WebPage","@id":"https:\/\/oud.alplift.com\/pl\/produkt\/podnosnik-nozycowy-jcpt1412dc\/","url":"https:\/\/oud.alplift.com\/pl\/produkt\/podnosnik-nozycowy-jcpt1412dc\/","name":"Podno\u015bnik no\u017cycowy \u2013 JCPT1412DC - Alp Lift","isPartOf":{"@id":"https:\/\/oud.alplift.com\/pl\/#website"},"primaryImageOfPage":{"@id":"https:\/\/oud.alplift.com\/pl\/produkt\/podnosnik-nozycowy-jcpt1412dc\/#primaryimage"},"image":{"@id":"https:\/\/oud.alplift.com\/pl\/produkt\/podnosnik-nozycowy-jcpt1412dc\/#primaryimage"},"thumbnailUrl":"https:\/\/oud.alplift.com\/wp-content\/uploads\/2021\/01\/Schaarhoogwerker-JCPT1412DC-Dingli.png","datePublished":"2016-09-10T08:22:24+00:00","dateModified":"2021-01-21T09:08:56+00:00","description":"Podno\u015bnik no\u017cycowy JCPT1412 firmy Dingli jest dost\u0119pny z nap\u0119dem hydraulicznym lub elektrycznym. Uzyskaj wycen\u0119 przez Internet \u2013 bez zobowi\u0105za\u0144.","breadcrumb":{"@id":"https:\/\/oud.alplift.com\/pl\/produkt\/podnosnik-nozycowy-jcpt1412dc\/#breadcrumb"},"inLanguage":"pl-PL","potentialAction":[{"@type":"ReadAction","target":["https:\/\/oud.alplift.com\/pl\/produkt\/podnosnik-nozycowy-jcpt1412dc\/"]}]},{"@type":"ImageObject","inLanguage":"pl-PL","@id":"https:\/\/oud.alplift.com\/pl\/produkt\/podnosnik-nozycowy-jcpt1412dc\/#primaryimage","url":"https:\/\/oud.alplift.com\/wp-content\/uploads\/2021\/01\/Schaarhoogwerker-JCPT1412DC-Dingli.png","contentUrl":"https:\/\/oud.alplift.com\/wp-content\/uploads\/2021\/01\/Schaarhoogwerker-JCPT1412DC-Dingli.png","width":500,"height":500},{"@type":"BreadcrumbList","@id":"https:\/\/oud.alplift.com\/pl\/produkt\/podnosnik-nozycowy-jcpt1412dc\/#breadcrumb","itemListElement":[{"@type":"ListItem","position":1,"name":"Home","item":"https:\/\/oud.alplift.com\/pl\/"},{"@type":"ListItem","position":2,"name":"Winkel","item":"https:\/\/oud.alplift.com\/winkel\/"},{"@type":"ListItem","position":3,"name":"Podno\u015bnik no\u017cycowy \u2013 JCPT1412DC"}]},{"@type":"WebSite","@id":"https:\/\/oud.alplift.com\/pl\/#website","url":"https:\/\/oud.alplift.com\/pl\/","name":"Alp Lift","description":"Lifting Equipment","potentialAction":[{"@type":"SearchAction","target":{"@type":"EntryPoint","urlTemplate":"https:\/\/oud.alplift.com\/pl\/?s={search_term_string}"},"query-input":{"@type":"PropertyValueSpecification","valueRequired":true,"valueName":"search_term_string"}}],"inLanguage":"pl-PL"}]}},"_links":{"self":[{"href":"https:\/\/oud.alplift.com\/pl\/wp-json\/wp\/v2\/product\/3371","targetHints":{"allow":["GET"]}}],"collection":[{"href":"https:\/\/oud.alplift.com\/pl\/wp-json\/wp\/v2\/product"}],"about":[{"href":"https:\/\/oud.alplift.com\/pl\/wp-json\/wp\/v2\/types\/product"}],"replies":[{"embeddable":true,"href":"https:\/\/oud.alplift.com\/pl\/wp-json\/wp\/v2\/comments?post=3371"}],"wp:featuredmedia":[{"embeddable":true,"href":"https:\/\/oud.alplift.com\/pl\/wp-json\/wp\/v2\/media\/2435"}],"wp:attachment":[{"href":"https:\/\/oud.alplift.com\/pl\/wp-json\/wp\/v2\/media?parent=3371"}],"wp:term":[{"taxonomy":"product_cat","embeddable":true,"href":"https:\/\/oud.alplift.com\/pl\/wp-json\/wp\/v2\/product_cat?post=3371"},{"taxonomy":"product_tag","embeddable":true,"href":"https:\/\/oud.alplift.com\/pl\/wp-json\/wp\/v2\/product_tag?post=3371"}],"curies":[{"name":"wp","href":"https:\/\/api.w.org\/{rel}","templated":true}]}}