
{"id":3363,"date":"2017-02-03T19:15:34","date_gmt":"2017-02-03T18:15:34","guid":{"rendered":"https:\/\/oud.alplift.com\/product\/podnosnik-xl400\/"},"modified":"2021-11-29T13:09:59","modified_gmt":"2021-11-29T12:09:59","slug":"podnosnik-xl400","status":"publish","type":"product","link":"https:\/\/oud.alplift.com\/pl\/produkt\/podnosnik-xl400\/","title":{"rendered":"Podno\u015bnik XL400"},"content":{"rendered":"","protected":false},"excerpt":{"rendered":"<p>Firma Alp Lift przedstawia najpot\u0119\u017cniejszy podno\u015bnik materia\u0142owy w historii! Nasz podno\u015bnik materia\u0142owy XL400 stanowi urz\u0105dzenie jedyne w swoim rodzaju, \u0142\u0105cz\u0105c kompaktowe wymiary u\u0142atwiaj\u0105ce transport z ogromnym zasi\u0119giem i nadzwyczajnym ud\u017awigiem wynosz\u0105cym a\u017c 650 kilogram\u00f3w. Podno\u015bnik ten stanowi niezast\u0105pion\u0105 pomoc w przypadku budowy ci\u0119\u017ckich konstrukcji metalowych lub monta\u017cu ci\u0119\u017ckich instalacji na du\u017cych wysoko\u015bciach.<\/p>\n<p><strong>Dane techniczne:<\/strong><\/p>\n<ul>\n<li>Wysoko\u015b\u0107 podnoszenia: 4 m<\/li>\n<li>Ud\u017awig: 650 kg<\/li>\n<li>Wysoko\u015b\u0107 z\u0142o\u017conego urz\u0105dzenia: 1,80 m<\/li>\n<li>Waga: 196 kg<\/li>\n<\/ul>\n<p><strong>Informacje o produkcie:<\/strong><\/p>\n<ul>\n<li>Holenderska jako\u015b\u0107.<\/li>\n<li>Pe\u0142ny monta\u017c bez konieczno\u015bci u\u017cycia narz\u0119dzi.<\/li>\n<li>Standardowa cicha wci\u0105garka z podw\u00f3jnymi d\u017awigniami.<\/li>\n<li>Du\u017ce blokowane k\u00f3\u0142ka z ty\u0142u urz\u0105dzenia zwi\u0119kszaj\u0105 \u0142atwo\u015b\u0107 przemieszczania przy du\u017cym obci\u0105\u017ceniu.<\/li>\n<li>Opatentowany system blokad zapobiega niekontrolowanemu lub przedwczesnemu roz\u0142o\u017ceniu sekcji kolumny.<\/li>\n<li>Jedyny w swoim rodzaju system zarz\u0105dzania linkami w sekcji kolumny zmniejsza zu\u017cycie element\u00f3w kolumny i lin stalowych.<\/li>\n<li>Stalowa ocynkowana podstawa.<\/li>\n<li>Opatentowany profil aluminiowej kolumny.<\/li>\n<li>Wymiary u\u0142atwiaj\u0105ce transport oraz przemieszczanie przez standardowe otwory drzwiowe.<\/li>\n<li>Znak zgodno\u015bci CE.<\/li>\n<\/ul>\n","protected":false},"featured_media":2800,"comment_status":"closed","ping_status":"closed","template":"","meta":[],"product_cat":[188,208,220],"product_tag":[],"class_list":{"0":"post-3363","1":"product","2":"type-product","3":"status-publish","4":"has-post-thumbnail","6":"product_cat-podnosniki-materialowe","7":"product_cat-podnosniki-montazowe","8":"product_cat-podnosniki-montazowe-650-kg","9":"pa_bediening-recznie","10":"pa_hefcapaciteit-650-kg-pl","11":"pa_hefhoogte-2-4-metr","12":"pa_merk-alp-lift-pl","14":"first","15":"instock","16":"shipping-taxable","17":"product-type-simple"},"yoast_head":"<!-- This site is optimized with the Yoast SEO plugin v24.0 - https:\/\/yoast.com\/wordpress\/plugins\/seo\/ -->\n<title>Podno\u015bnik XL400 - ud\u017awig maks. 650 kg - Podno\u015bniki materia\u0142u Alp Lift<\/title>\n<meta name=\"description\" content=\"Podno\u015bnik XL400 firmy Alp Lift o ud\u017awigu wynosz\u0105cym do 650 kilogram\u00f3w. Najmocniejszy podno\u015bnik w historii do zada\u0144 specjalnych. Jedyny w swoim rodzaju.\" \/>\n<meta name=\"robots\" content=\"noindex, follow, max-snippet:-1, max-image-preview:large, max-video-preview:-1\" \/>\n<meta property=\"og:locale\" content=\"pl_PL\" \/>\n<meta property=\"og:type\" content=\"article\" \/>\n<meta property=\"og:title\" content=\"Podno\u015bnik XL400 - ud\u017awig maks. 650 kg - Podno\u015bniki materia\u0142u Alp Lift\" \/>\n<meta property=\"og:description\" content=\"Podno\u015bnik XL400 firmy Alp Lift o ud\u017awigu wynosz\u0105cym do 650 kilogram\u00f3w. Najmocniejszy podno\u015bnik w historii do zada\u0144 specjalnych. Jedyny w swoim rodzaju.\" \/>\n<meta property=\"og:url\" content=\"https:\/\/oud.alplift.com\/pl\/produkt\/podnosnik-xl400\/\" \/>\n<meta property=\"og:site_name\" content=\"Alp Lift\" \/>\n<meta property=\"article:modified_time\" content=\"2021-11-29T12:09:59+00:00\" \/>\n<meta property=\"og:image\" content=\"https:\/\/oud.alplift.com\/wp-content\/uploads\/2021\/01\/Materiaallift-XL-low_res.jpg\" \/>\n\t<meta property=\"og:image:width\" content=\"1024\" \/>\n\t<meta property=\"og:image:height\" content=\"768\" \/>\n\t<meta property=\"og:image:type\" content=\"image\/jpeg\" \/>\n<meta name=\"twitter:card\" content=\"summary_large_image\" \/>\n<script type=\"application\/ld+json\" class=\"yoast-schema-graph\">{\"@context\":\"https:\/\/schema.org\",\"@graph\":[{\"@type\":\"WebPage\",\"@id\":\"https:\/\/oud.alplift.com\/pl\/produkt\/podnosnik-xl400\/\",\"url\":\"https:\/\/oud.alplift.com\/pl\/produkt\/podnosnik-xl400\/\",\"name\":\"Podno\u015bnik XL400 - ud\u017awig maks. 650 kg - Podno\u015bniki materia\u0142u Alp Lift\",\"isPartOf\":{\"@id\":\"https:\/\/oud.alplift.com\/pl\/#website\"},\"primaryImageOfPage\":{\"@id\":\"https:\/\/oud.alplift.com\/pl\/produkt\/podnosnik-xl400\/#primaryimage\"},\"image\":{\"@id\":\"https:\/\/oud.alplift.com\/pl\/produkt\/podnosnik-xl400\/#primaryimage\"},\"thumbnailUrl\":\"https:\/\/oud.alplift.com\/wp-content\/uploads\/2021\/01\/Materiaallift-XL-low_res.jpg\",\"datePublished\":\"2017-02-03T18:15:34+00:00\",\"dateModified\":\"2021-11-29T12:09:59+00:00\",\"description\":\"Podno\u015bnik XL400 firmy Alp Lift o ud\u017awigu wynosz\u0105cym do 650 kilogram\u00f3w. Najmocniejszy podno\u015bnik w historii do zada\u0144 specjalnych. Jedyny w swoim rodzaju.\",\"breadcrumb\":{\"@id\":\"https:\/\/oud.alplift.com\/pl\/produkt\/podnosnik-xl400\/#breadcrumb\"},\"inLanguage\":\"pl-PL\",\"potentialAction\":[{\"@type\":\"ReadAction\",\"target\":[\"https:\/\/oud.alplift.com\/pl\/produkt\/podnosnik-xl400\/\"]}]},{\"@type\":\"ImageObject\",\"inLanguage\":\"pl-PL\",\"@id\":\"https:\/\/oud.alplift.com\/pl\/produkt\/podnosnik-xl400\/#primaryimage\",\"url\":\"https:\/\/oud.alplift.com\/wp-content\/uploads\/2021\/01\/Materiaallift-XL-low_res.jpg\",\"contentUrl\":\"https:\/\/oud.alplift.com\/wp-content\/uploads\/2021\/01\/Materiaallift-XL-low_res.jpg\",\"width\":1024,\"height\":768,\"caption\":\"Montagelift XL400 - Alp Lift\"},{\"@type\":\"BreadcrumbList\",\"@id\":\"https:\/\/oud.alplift.com\/pl\/produkt\/podnosnik-xl400\/#breadcrumb\",\"itemListElement\":[{\"@type\":\"ListItem\",\"position\":1,\"name\":\"Home\",\"item\":\"https:\/\/oud.alplift.com\/pl\/\"},{\"@type\":\"ListItem\",\"position\":2,\"name\":\"Winkel\",\"item\":\"https:\/\/oud.alplift.com\/winkel\/\"},{\"@type\":\"ListItem\",\"position\":3,\"name\":\"Podno\u015bnik XL400\"}]},{\"@type\":\"WebSite\",\"@id\":\"https:\/\/oud.alplift.com\/pl\/#website\",\"url\":\"https:\/\/oud.alplift.com\/pl\/\",\"name\":\"Alp Lift\",\"description\":\"Lifting Equipment\",\"potentialAction\":[{\"@type\":\"SearchAction\",\"target\":{\"@type\":\"EntryPoint\",\"urlTemplate\":\"https:\/\/oud.alplift.com\/pl\/?s={search_term_string}\"},\"query-input\":{\"@type\":\"PropertyValueSpecification\",\"valueRequired\":true,\"valueName\":\"search_term_string\"}}],\"inLanguage\":\"pl-PL\"}]}<\/script>\n<!-- \/ Yoast SEO plugin. -->","yoast_head_json":{"title":"Podno\u015bnik XL400 - ud\u017awig maks. 650 kg - Podno\u015bniki materia\u0142u Alp Lift","description":"Podno\u015bnik XL400 firmy Alp Lift o ud\u017awigu wynosz\u0105cym do 650 kilogram\u00f3w. Najmocniejszy podno\u015bnik w historii do zada\u0144 specjalnych. Jedyny w swoim rodzaju.","robots":{"index":"noindex","follow":"follow","max-snippet":"max-snippet:-1","max-image-preview":"max-image-preview:large","max-video-preview":"max-video-preview:-1"},"og_locale":"pl_PL","og_type":"article","og_title":"Podno\u015bnik XL400 - ud\u017awig maks. 650 kg - Podno\u015bniki materia\u0142u Alp Lift","og_description":"Podno\u015bnik XL400 firmy Alp Lift o ud\u017awigu wynosz\u0105cym do 650 kilogram\u00f3w. Najmocniejszy podno\u015bnik w historii do zada\u0144 specjalnych. Jedyny w swoim rodzaju.","og_url":"https:\/\/oud.alplift.com\/pl\/produkt\/podnosnik-xl400\/","og_site_name":"Alp Lift","article_modified_time":"2021-11-29T12:09:59+00:00","og_image":[{"width":1024,"height":768,"url":"https:\/\/oud.alplift.com\/wp-content\/uploads\/2021\/01\/Materiaallift-XL-low_res.jpg","type":"image\/jpeg"}],"twitter_card":"summary_large_image","schema":{"@context":"https:\/\/schema.org","@graph":[{"@type":"WebPage","@id":"https:\/\/oud.alplift.com\/pl\/produkt\/podnosnik-xl400\/","url":"https:\/\/oud.alplift.com\/pl\/produkt\/podnosnik-xl400\/","name":"Podno\u015bnik XL400 - ud\u017awig maks. 650 kg - Podno\u015bniki materia\u0142u Alp Lift","isPartOf":{"@id":"https:\/\/oud.alplift.com\/pl\/#website"},"primaryImageOfPage":{"@id":"https:\/\/oud.alplift.com\/pl\/produkt\/podnosnik-xl400\/#primaryimage"},"image":{"@id":"https:\/\/oud.alplift.com\/pl\/produkt\/podnosnik-xl400\/#primaryimage"},"thumbnailUrl":"https:\/\/oud.alplift.com\/wp-content\/uploads\/2021\/01\/Materiaallift-XL-low_res.jpg","datePublished":"2017-02-03T18:15:34+00:00","dateModified":"2021-11-29T12:09:59+00:00","description":"Podno\u015bnik XL400 firmy Alp Lift o ud\u017awigu wynosz\u0105cym do 650 kilogram\u00f3w. Najmocniejszy podno\u015bnik w historii do zada\u0144 specjalnych. Jedyny w swoim rodzaju.","breadcrumb":{"@id":"https:\/\/oud.alplift.com\/pl\/produkt\/podnosnik-xl400\/#breadcrumb"},"inLanguage":"pl-PL","potentialAction":[{"@type":"ReadAction","target":["https:\/\/oud.alplift.com\/pl\/produkt\/podnosnik-xl400\/"]}]},{"@type":"ImageObject","inLanguage":"pl-PL","@id":"https:\/\/oud.alplift.com\/pl\/produkt\/podnosnik-xl400\/#primaryimage","url":"https:\/\/oud.alplift.com\/wp-content\/uploads\/2021\/01\/Materiaallift-XL-low_res.jpg","contentUrl":"https:\/\/oud.alplift.com\/wp-content\/uploads\/2021\/01\/Materiaallift-XL-low_res.jpg","width":1024,"height":768,"caption":"Montagelift XL400 - Alp Lift"},{"@type":"BreadcrumbList","@id":"https:\/\/oud.alplift.com\/pl\/produkt\/podnosnik-xl400\/#breadcrumb","itemListElement":[{"@type":"ListItem","position":1,"name":"Home","item":"https:\/\/oud.alplift.com\/pl\/"},{"@type":"ListItem","position":2,"name":"Winkel","item":"https:\/\/oud.alplift.com\/winkel\/"},{"@type":"ListItem","position":3,"name":"Podno\u015bnik XL400"}]},{"@type":"WebSite","@id":"https:\/\/oud.alplift.com\/pl\/#website","url":"https:\/\/oud.alplift.com\/pl\/","name":"Alp Lift","description":"Lifting Equipment","potentialAction":[{"@type":"SearchAction","target":{"@type":"EntryPoint","urlTemplate":"https:\/\/oud.alplift.com\/pl\/?s={search_term_string}"},"query-input":{"@type":"PropertyValueSpecification","valueRequired":true,"valueName":"search_term_string"}}],"inLanguage":"pl-PL"}]}},"_links":{"self":[{"href":"https:\/\/oud.alplift.com\/pl\/wp-json\/wp\/v2\/product\/3363","targetHints":{"allow":["GET"]}}],"collection":[{"href":"https:\/\/oud.alplift.com\/pl\/wp-json\/wp\/v2\/product"}],"about":[{"href":"https:\/\/oud.alplift.com\/pl\/wp-json\/wp\/v2\/types\/product"}],"replies":[{"embeddable":true,"href":"https:\/\/oud.alplift.com\/pl\/wp-json\/wp\/v2\/comments?post=3363"}],"wp:featuredmedia":[{"embeddable":true,"href":"https:\/\/oud.alplift.com\/pl\/wp-json\/wp\/v2\/media\/2800"}],"wp:attachment":[{"href":"https:\/\/oud.alplift.com\/pl\/wp-json\/wp\/v2\/media?parent=3363"}],"wp:term":[{"taxonomy":"product_cat","embeddable":true,"href":"https:\/\/oud.alplift.com\/pl\/wp-json\/wp\/v2\/product_cat?post=3363"},{"taxonomy":"product_tag","embeddable":true,"href":"https:\/\/oud.alplift.com\/pl\/wp-json\/wp\/v2\/product_tag?post=3363"}],"curies":[{"name":"wp","href":"https:\/\/api.w.org\/{rel}","templated":true}]}}