
{"id":3361,"date":"2016-09-10T11:15:24","date_gmt":"2016-09-10T09:15:24","guid":{"rendered":"https:\/\/oud.alplift.com\/product\/elektryczny-podnosnik-materialowy-le752\/"},"modified":"2021-01-21T10:08:36","modified_gmt":"2021-01-21T09:08:36","slug":"elektryczny-podnosnik-materialowy-le752","status":"publish","type":"product","link":"https:\/\/oud.alplift.com\/pl\/produkt\/elektryczny-podnosnik-materialowy-le752\/","title":{"rendered":"Elektryczny podno\u015bnik materia\u0142owy LE752"},"content":{"rendered":"<p>[table id=27 \/]<\/p>\n","protected":false},"excerpt":{"rendered":"<p>Elektryczny podno\u015bnik materia\u0142owy LE752 to elektryczny wariant podno\u015bnika manualna L752. Maksymalny ud\u017awig wynosz\u0105cy 300 kilogram\u00f3w i wysoko\u015b\u0107 podnoszenia wynosz\u0105ca nawet 7,52 m sprawiaj\u0105, \u017ce jest to jeden z najlepszych podno\u015bnik\u00f3w materia\u0142owych na rynku. Podno\u015bniki materia\u0142owe firmy Alp Lift s\u0105 bardzo \u0142atwe w obs\u0142udze, trwa\u0142e i wygodne do transportowania dzi\u0119ki kompaktowej konstrukcji. Podno\u015bniki materia\u0142owe sprawdzaj\u0105 si\u0119 doskonale w przypadku podnoszenia ci\u0119\u017ckich \u0142adunk\u00f3w w \u015brodowisku przemys\u0142owym, prac budowlanych, podczas imprez, a tak\u017ce do konstrukcji stoisk. W\u015br\u00f3d idealnych zastosowa\u0144 urz\u0105dzenia mo\u017cna wymieni\u0107 mi\u0119dzy innymi podnoszenie belek stalowych lub drewnianych, wszelkiego rodzaju element\u00f3w konstrukcyjnych, a tak\u017ce przewod\u00f3w powietrznych.<\/p>\n<p>Podno\u015bniki z serii Large s\u0105 dost\u0119pne w wariantach z nap\u0119dem r\u0119cznym i elektrycznym.<\/p>\n<p><strong>Dane techniczne:<\/strong><\/p>\n<ul>\n<li>Wysoko\u015b\u0107 podnoszenia: 7,52 m<\/li>\n<li>Ud\u017awig: 300 kg<\/li>\n<li>Wysoko\u015b\u0107 z\u0142o\u017conego urz\u0105dzenia: 2,20 m<\/li>\n<li>Waga: 188 kg<\/li>\n<\/ul>\n<p><strong>Informacje o produkcie:<\/strong><\/p>\n<ul>\n<li>Holenderska jako\u015b\u0107.<\/li>\n<li>Pe\u0142ny monta\u017c bez konieczno\u015bci u\u017cycia narz\u0119dzi.<\/li>\n<li>Standardowa cicha wci\u0105garka z podw\u00f3jnymi d\u017awigniami.<\/li>\n<li>Du\u017ce blokowane k\u00f3\u0142ka z ty\u0142u urz\u0105dzenia zwi\u0119kszaj\u0105 \u0142atwo\u015b\u0107 przemieszczania przy du\u017cym obci\u0105\u017ceniu.<\/li>\n<li>Opatentowany system blokad zapobiega niekontrolowanemu lub przedwczesnemu roz\u0142o\u017ceniu sekcji kolumny.<\/li>\n<li>Jedyny w swoim rodzaju system zarz\u0105dzania linkami w sekcji kolumny zmniejsza zu\u017cycie element\u00f3w kolumny i lin stalowych.<\/li>\n<li>Stalowa ocynkowana podstawa.<\/li>\n<li>Opatentowany profil aluminiowej kolumny.<\/li>\n<li>Wymiary u\u0142atwiaj\u0105ce transport oraz przemieszczanie przez standardowe otwory drzwiowe.<\/li>\n<li>Znak zgodno\u015bci CE.<\/li>\n<\/ul>\n<p>&nbsp;<\/p>\n","protected":false},"featured_media":2580,"comment_status":"closed","ping_status":"closed","template":"","meta":[],"product_cat":[196,188,208,219],"product_tag":[],"class_list":{"0":"post-3361","1":"product","2":"type-product","3":"status-publish","4":"has-post-thumbnail","6":"product_cat-elektryczne-podnosniki-montazowe","7":"product_cat-podnosniki-materialowe","8":"product_cat-podnosniki-montazowe","9":"product_cat-podnosniki-montazowe-350-kg","10":"pa_bediening-elektryczny","11":"pa_hefcapaciteit-350-kg-pl","12":"pa_hefhoogte-6-8-metr","13":"pa_merk-alp-lift-pl","15":"first","16":"instock","17":"shipping-taxable","18":"product-type-simple"},"yoast_head":"<!-- This site is optimized with the Yoast SEO plugin v24.0 - https:\/\/yoast.com\/wordpress\/plugins\/seo\/ -->\n<title>Elektryczny podno\u015bnik materia\u0142owy LE752 - ud\u017awig maks. 350 kg - Podno\u015bniki materia\u0142u Alp Lift<\/title>\n<meta name=\"description\" content=\"Elektryczny podno\u015bnik materia\u0142owy LE752 firmy Alp Lift o ud\u017awigu wynosz\u0105cym 350 kg. Popro\u015b o wycen\u0119 online bez zobowi\u0105za\u0144.\" \/>\n<meta name=\"robots\" content=\"noindex, follow, max-snippet:-1, max-image-preview:large, max-video-preview:-1\" \/>\n<meta property=\"og:locale\" content=\"pl_PL\" \/>\n<meta property=\"og:type\" content=\"article\" \/>\n<meta property=\"og:title\" content=\"Elektryczny podno\u015bnik materia\u0142owy LE752 - ud\u017awig maks. 350 kg - Podno\u015bniki materia\u0142u Alp Lift\" \/>\n<meta property=\"og:description\" content=\"Elektryczny podno\u015bnik materia\u0142owy LE752 firmy Alp Lift o ud\u017awigu wynosz\u0105cym 350 kg. Popro\u015b o wycen\u0119 online bez zobowi\u0105za\u0144.\" \/>\n<meta property=\"og:url\" content=\"https:\/\/oud.alplift.com\/pl\/produkt\/elektryczny-podnosnik-materialowy-le752\/\" \/>\n<meta property=\"og:site_name\" content=\"Alp Lift\" \/>\n<meta property=\"article:modified_time\" content=\"2021-01-21T09:08:36+00:00\" \/>\n<meta property=\"og:image\" content=\"https:\/\/oud.alplift.com\/wp-content\/uploads\/2021\/01\/LE-395-klein-e1480498666115.jpg\" \/>\n\t<meta property=\"og:image:width\" content=\"1153\" \/>\n\t<meta property=\"og:image:height\" content=\"1244\" \/>\n\t<meta property=\"og:image:type\" content=\"image\/jpeg\" \/>\n<meta name=\"twitter:card\" content=\"summary_large_image\" \/>\n<script type=\"application\/ld+json\" class=\"yoast-schema-graph\">{\"@context\":\"https:\/\/schema.org\",\"@graph\":[{\"@type\":\"WebPage\",\"@id\":\"https:\/\/oud.alplift.com\/pl\/produkt\/elektryczny-podnosnik-materialowy-le752\/\",\"url\":\"https:\/\/oud.alplift.com\/pl\/produkt\/elektryczny-podnosnik-materialowy-le752\/\",\"name\":\"Elektryczny podno\u015bnik materia\u0142owy LE752 - ud\u017awig maks. 350 kg - Podno\u015bniki materia\u0142u Alp Lift\",\"isPartOf\":{\"@id\":\"https:\/\/oud.alplift.com\/pl\/#website\"},\"primaryImageOfPage\":{\"@id\":\"https:\/\/oud.alplift.com\/pl\/produkt\/elektryczny-podnosnik-materialowy-le752\/#primaryimage\"},\"image\":{\"@id\":\"https:\/\/oud.alplift.com\/pl\/produkt\/elektryczny-podnosnik-materialowy-le752\/#primaryimage\"},\"thumbnailUrl\":\"https:\/\/oud.alplift.com\/wp-content\/uploads\/2021\/01\/LE-395-klein-e1480498666115.jpg\",\"datePublished\":\"2016-09-10T09:15:24+00:00\",\"dateModified\":\"2021-01-21T09:08:36+00:00\",\"description\":\"Elektryczny podno\u015bnik materia\u0142owy LE752 firmy Alp Lift o ud\u017awigu wynosz\u0105cym 350 kg. Popro\u015b o wycen\u0119 online bez zobowi\u0105za\u0144.\",\"breadcrumb\":{\"@id\":\"https:\/\/oud.alplift.com\/pl\/produkt\/elektryczny-podnosnik-materialowy-le752\/#breadcrumb\"},\"inLanguage\":\"pl-PL\",\"potentialAction\":[{\"@type\":\"ReadAction\",\"target\":[\"https:\/\/oud.alplift.com\/pl\/produkt\/elektryczny-podnosnik-materialowy-le752\/\"]}]},{\"@type\":\"ImageObject\",\"inLanguage\":\"pl-PL\",\"@id\":\"https:\/\/oud.alplift.com\/pl\/produkt\/elektryczny-podnosnik-materialowy-le752\/#primaryimage\",\"url\":\"https:\/\/oud.alplift.com\/wp-content\/uploads\/2021\/01\/LE-395-klein-e1480498666115.jpg\",\"contentUrl\":\"https:\/\/oud.alplift.com\/wp-content\/uploads\/2021\/01\/LE-395-klein-e1480498666115.jpg\",\"width\":1153,\"height\":1244,\"caption\":\"Podno\u015bnik materia\u0142owy L512 | Alp Lift\"},{\"@type\":\"BreadcrumbList\",\"@id\":\"https:\/\/oud.alplift.com\/pl\/produkt\/elektryczny-podnosnik-materialowy-le752\/#breadcrumb\",\"itemListElement\":[{\"@type\":\"ListItem\",\"position\":1,\"name\":\"Home\",\"item\":\"https:\/\/oud.alplift.com\/pl\/\"},{\"@type\":\"ListItem\",\"position\":2,\"name\":\"Winkel\",\"item\":\"https:\/\/oud.alplift.com\/winkel\/\"},{\"@type\":\"ListItem\",\"position\":3,\"name\":\"Elektryczny podno\u015bnik materia\u0142owy LE752\"}]},{\"@type\":\"WebSite\",\"@id\":\"https:\/\/oud.alplift.com\/pl\/#website\",\"url\":\"https:\/\/oud.alplift.com\/pl\/\",\"name\":\"Alp Lift\",\"description\":\"Lifting Equipment\",\"potentialAction\":[{\"@type\":\"SearchAction\",\"target\":{\"@type\":\"EntryPoint\",\"urlTemplate\":\"https:\/\/oud.alplift.com\/pl\/?s={search_term_string}\"},\"query-input\":{\"@type\":\"PropertyValueSpecification\",\"valueRequired\":true,\"valueName\":\"search_term_string\"}}],\"inLanguage\":\"pl-PL\"}]}<\/script>\n<!-- \/ Yoast SEO plugin. -->","yoast_head_json":{"title":"Elektryczny podno\u015bnik materia\u0142owy LE752 - ud\u017awig maks. 350 kg - Podno\u015bniki materia\u0142u Alp Lift","description":"Elektryczny podno\u015bnik materia\u0142owy LE752 firmy Alp Lift o ud\u017awigu wynosz\u0105cym 350 kg. Popro\u015b o wycen\u0119 online bez zobowi\u0105za\u0144.","robots":{"index":"noindex","follow":"follow","max-snippet":"max-snippet:-1","max-image-preview":"max-image-preview:large","max-video-preview":"max-video-preview:-1"},"og_locale":"pl_PL","og_type":"article","og_title":"Elektryczny podno\u015bnik materia\u0142owy LE752 - ud\u017awig maks. 350 kg - Podno\u015bniki materia\u0142u Alp Lift","og_description":"Elektryczny podno\u015bnik materia\u0142owy LE752 firmy Alp Lift o ud\u017awigu wynosz\u0105cym 350 kg. Popro\u015b o wycen\u0119 online bez zobowi\u0105za\u0144.","og_url":"https:\/\/oud.alplift.com\/pl\/produkt\/elektryczny-podnosnik-materialowy-le752\/","og_site_name":"Alp Lift","article_modified_time":"2021-01-21T09:08:36+00:00","og_image":[{"width":1153,"height":1244,"url":"https:\/\/oud.alplift.com\/wp-content\/uploads\/2021\/01\/LE-395-klein-e1480498666115.jpg","type":"image\/jpeg"}],"twitter_card":"summary_large_image","schema":{"@context":"https:\/\/schema.org","@graph":[{"@type":"WebPage","@id":"https:\/\/oud.alplift.com\/pl\/produkt\/elektryczny-podnosnik-materialowy-le752\/","url":"https:\/\/oud.alplift.com\/pl\/produkt\/elektryczny-podnosnik-materialowy-le752\/","name":"Elektryczny podno\u015bnik materia\u0142owy LE752 - ud\u017awig maks. 350 kg - Podno\u015bniki materia\u0142u Alp Lift","isPartOf":{"@id":"https:\/\/oud.alplift.com\/pl\/#website"},"primaryImageOfPage":{"@id":"https:\/\/oud.alplift.com\/pl\/produkt\/elektryczny-podnosnik-materialowy-le752\/#primaryimage"},"image":{"@id":"https:\/\/oud.alplift.com\/pl\/produkt\/elektryczny-podnosnik-materialowy-le752\/#primaryimage"},"thumbnailUrl":"https:\/\/oud.alplift.com\/wp-content\/uploads\/2021\/01\/LE-395-klein-e1480498666115.jpg","datePublished":"2016-09-10T09:15:24+00:00","dateModified":"2021-01-21T09:08:36+00:00","description":"Elektryczny podno\u015bnik materia\u0142owy LE752 firmy Alp Lift o ud\u017awigu wynosz\u0105cym 350 kg. Popro\u015b o wycen\u0119 online bez zobowi\u0105za\u0144.","breadcrumb":{"@id":"https:\/\/oud.alplift.com\/pl\/produkt\/elektryczny-podnosnik-materialowy-le752\/#breadcrumb"},"inLanguage":"pl-PL","potentialAction":[{"@type":"ReadAction","target":["https:\/\/oud.alplift.com\/pl\/produkt\/elektryczny-podnosnik-materialowy-le752\/"]}]},{"@type":"ImageObject","inLanguage":"pl-PL","@id":"https:\/\/oud.alplift.com\/pl\/produkt\/elektryczny-podnosnik-materialowy-le752\/#primaryimage","url":"https:\/\/oud.alplift.com\/wp-content\/uploads\/2021\/01\/LE-395-klein-e1480498666115.jpg","contentUrl":"https:\/\/oud.alplift.com\/wp-content\/uploads\/2021\/01\/LE-395-klein-e1480498666115.jpg","width":1153,"height":1244,"caption":"Podno\u015bnik materia\u0142owy L512 | Alp Lift"},{"@type":"BreadcrumbList","@id":"https:\/\/oud.alplift.com\/pl\/produkt\/elektryczny-podnosnik-materialowy-le752\/#breadcrumb","itemListElement":[{"@type":"ListItem","position":1,"name":"Home","item":"https:\/\/oud.alplift.com\/pl\/"},{"@type":"ListItem","position":2,"name":"Winkel","item":"https:\/\/oud.alplift.com\/winkel\/"},{"@type":"ListItem","position":3,"name":"Elektryczny podno\u015bnik materia\u0142owy LE752"}]},{"@type":"WebSite","@id":"https:\/\/oud.alplift.com\/pl\/#website","url":"https:\/\/oud.alplift.com\/pl\/","name":"Alp Lift","description":"Lifting Equipment","potentialAction":[{"@type":"SearchAction","target":{"@type":"EntryPoint","urlTemplate":"https:\/\/oud.alplift.com\/pl\/?s={search_term_string}"},"query-input":{"@type":"PropertyValueSpecification","valueRequired":true,"valueName":"search_term_string"}}],"inLanguage":"pl-PL"}]}},"_links":{"self":[{"href":"https:\/\/oud.alplift.com\/pl\/wp-json\/wp\/v2\/product\/3361","targetHints":{"allow":["GET"]}}],"collection":[{"href":"https:\/\/oud.alplift.com\/pl\/wp-json\/wp\/v2\/product"}],"about":[{"href":"https:\/\/oud.alplift.com\/pl\/wp-json\/wp\/v2\/types\/product"}],"replies":[{"embeddable":true,"href":"https:\/\/oud.alplift.com\/pl\/wp-json\/wp\/v2\/comments?post=3361"}],"wp:featuredmedia":[{"embeddable":true,"href":"https:\/\/oud.alplift.com\/pl\/wp-json\/wp\/v2\/media\/2580"}],"wp:attachment":[{"href":"https:\/\/oud.alplift.com\/pl\/wp-json\/wp\/v2\/media?parent=3361"}],"wp:term":[{"taxonomy":"product_cat","embeddable":true,"href":"https:\/\/oud.alplift.com\/pl\/wp-json\/wp\/v2\/product_cat?post=3361"},{"taxonomy":"product_tag","embeddable":true,"href":"https:\/\/oud.alplift.com\/pl\/wp-json\/wp\/v2\/product_tag?post=3361"}],"curies":[{"name":"wp","href":"https:\/\/api.w.org\/{rel}","templated":true}]}}