
{"id":3354,"date":"2016-09-10T11:14:45","date_gmt":"2016-09-10T09:14:45","guid":{"rendered":"https:\/\/oud.alplift.com\/product\/podnosnik-materialowy-l395\/"},"modified":"2021-01-21T10:08:22","modified_gmt":"2021-01-21T09:08:22","slug":"podnosnik-materialowy-l395","status":"publish","type":"product","link":"https:\/\/oud.alplift.com\/pl\/produkt\/podnosnik-materialowy-l395\/","title":{"rendered":"Podno\u015bnik materia\u0142owy L395"},"content":{"rendered":"<p>[table id=27 \/]<\/p>\n","protected":false},"excerpt":{"rendered":"<p>odno\u015bnik materia\u0142owy L752 stanowi cz\u0119\u015b\u0107 naszej serii Large. Urz\u0105dzenie charakteryzuje si\u0119 ud\u017awigiem wynosz\u0105cym 350 kg oraz wysoko\u015bci\u0105 podnoszenia wynosz\u0105c\u0105 3,95 m. Seria Large to zupe\u0142nie nowa generacja podno\u015bnik\u00f3w materia\u0142owych, wyra\u017anie odr\u00f3\u017cniaj\u0105ca si\u0119 od innych koncepcji podno\u015bnik\u00f3w. Zwi\u0119kszona wygoda i \u0142atwo\u015b\u0107 obs\u0142ugi, sprawdzona trwa\u0142o\u015b\u0107 urz\u0105dzenia, ud\u017awig wynosz\u0105cy 350 kilogram\u00f3w oraz cicha wci\u0105garka sprawiaj\u0105, \u017ce oferowany podno\u015bnik jest najlepszy w\u015br\u00f3d wszystkich produkt\u00f3w tego typu dost\u0119pnych na rynku. Podno\u015bniki materia\u0142owe sprawdzaj\u0105 si\u0119 doskonale w przypadku podnoszenia ci\u0119\u017ckich \u0142adunk\u00f3w w \u015brodowisku przemys\u0142owym, prac budowlanych, podczas imprez i wydarze\u0144, a tak\u017ce w du\u017cych budynkach. W\u015br\u00f3d idealnych zastosowa\u0144 urz\u0105dzenia mo\u017cna wymieni\u0107 mi\u0119dzy innymi podnoszenie belek stalowych lub drewnianych, przewod\u00f3w powietrznych, a tak\u017ce budow\u0119 stoisk.<\/p>\n<p>Podno\u015bniki z serii Large s\u0105 tak\u017ce dost\u0119pne w wariantach elektrycznych.<\/p>\n<p><strong>Dane techniczne:<\/strong><\/p>\n<ul>\n<li>Wysoko\u015b\u0107 podnoszenia: 3,95 m<\/li>\n<li>Ud\u017awig: 350 kg<\/li>\n<li>Wysoko\u015b\u0107 z\u0142o\u017conego urz\u0105dzenia: 1,60 m<\/li>\n<li>Waga: 136 kg<\/li>\n<\/ul>\n<p><strong>Informacje o produkcie:<\/strong><\/p>\n<ul>\n<li>Holenderska jako\u015b\u0107.<\/li>\n<li>Pe\u0142ny monta\u017c bez konieczno\u015bci u\u017cycia narz\u0119dzi.<\/li>\n<li>Standardowa cicha wci\u0105garka z podw\u00f3jnymi d\u017awigniami.<\/li>\n<li>Du\u017ce blokowane k\u00f3\u0142ka z ty\u0142u urz\u0105dzenia zwi\u0119kszaj\u0105 \u0142atwo\u015b\u0107 przemieszczania przy du\u017cym obci\u0105\u017ceniu.<\/li>\n<li>Opatentowany system blokad zapobiega niekontrolowanemu lub przedwczesnemu roz\u0142o\u017ceniu sekcji kolumny.<\/li>\n<li>Jedyny w swoim rodzaju system zarz\u0105dzania linkami w sekcji kolumny zmniejsza zu\u017cycie element\u00f3w kolumny i lin stalowych.<\/li>\n<li>Stalowa ocynkowana podstawa.<\/li>\n<li>Opatentowany profil aluminiowej kolumny.<\/li>\n<li>Wymiary u\u0142atwiaj\u0105ce transport oraz przemieszczanie przez standardowe otwory drzwiowe.<\/li>\n<li>Znak zgodno\u015bci CE.<\/li>\n<\/ul>\n","protected":false},"featured_media":8585,"comment_status":"closed","ping_status":"closed","template":"","meta":[],"product_cat":[188,208,219],"product_tag":[],"class_list":{"0":"post-3354","1":"product","2":"type-product","3":"status-publish","4":"has-post-thumbnail","6":"product_cat-podnosniki-materialowe","7":"product_cat-podnosniki-montazowe","8":"product_cat-podnosniki-montazowe-350-kg","9":"pa_bediening-recznie","10":"pa_hefcapaciteit-350-kg-pl","11":"pa_hefhoogte-2-4-metr","12":"pa_merk-alp-lift-pl","14":"first","15":"instock","16":"shipping-taxable","17":"product-type-simple"},"yoast_head":"<!-- This site is optimized with the Yoast SEO plugin v24.0 - https:\/\/yoast.com\/wordpress\/plugins\/seo\/ -->\n<title>Podno\u015bnik materia\u0142owy L395- ud\u017awig maks. 350 kg - Podno\u015bniki materia\u0142u Alp Lift<\/title>\n<meta name=\"description\" content=\"Podno\u015bnik materia\u0142owy L395 firmy Alp Lift o ud\u017awigu wynosz\u0105cym 350 kg. Sprawia, \u017ce monta\u017c i podnoszenie \u0142adunk\u00f3w na du\u017ce wysoko\u015bci b\u0119dzie znacznie bezpieczniejsze i bardziej wydajne.\" \/>\n<meta name=\"robots\" content=\"noindex, follow, max-snippet:-1, max-image-preview:large, max-video-preview:-1\" \/>\n<meta property=\"og:locale\" content=\"pl_PL\" \/>\n<meta property=\"og:type\" content=\"article\" \/>\n<meta property=\"og:title\" content=\"Podno\u015bnik materia\u0142owy L395- ud\u017awig maks. 350 kg - Podno\u015bniki materia\u0142u Alp Lift\" \/>\n<meta property=\"og:description\" content=\"Podno\u015bnik materia\u0142owy L395 firmy Alp Lift o ud\u017awigu wynosz\u0105cym 350 kg. Sprawia, \u017ce monta\u017c i podnoszenie \u0142adunk\u00f3w na du\u017ce wysoko\u015bci b\u0119dzie znacznie bezpieczniejsze i bardziej wydajne.\" \/>\n<meta property=\"og:url\" content=\"https:\/\/oud.alplift.com\/pl\/produkt\/podnosnik-materialowy-l395\/\" \/>\n<meta property=\"og:site_name\" content=\"Alp Lift\" \/>\n<meta property=\"article:modified_time\" content=\"2021-01-21T09:08:22+00:00\" \/>\n<meta property=\"og:image\" content=\"https:\/\/oud.alplift.com\/wp-content\/uploads\/Materiaallift-L-low_res.jpg\" \/>\n\t<meta property=\"og:image:width\" content=\"1024\" \/>\n\t<meta property=\"og:image:height\" content=\"768\" \/>\n\t<meta property=\"og:image:type\" content=\"image\/jpeg\" \/>\n<meta name=\"twitter:card\" content=\"summary_large_image\" \/>\n<script type=\"application\/ld+json\" class=\"yoast-schema-graph\">{\"@context\":\"https:\/\/schema.org\",\"@graph\":[{\"@type\":\"WebPage\",\"@id\":\"https:\/\/oud.alplift.com\/pl\/produkt\/podnosnik-materialowy-l395\/\",\"url\":\"https:\/\/oud.alplift.com\/pl\/produkt\/podnosnik-materialowy-l395\/\",\"name\":\"Podno\u015bnik materia\u0142owy L395- ud\u017awig maks. 350 kg - Podno\u015bniki materia\u0142u Alp Lift\",\"isPartOf\":{\"@id\":\"https:\/\/oud.alplift.com\/pl\/#website\"},\"primaryImageOfPage\":{\"@id\":\"https:\/\/oud.alplift.com\/pl\/produkt\/podnosnik-materialowy-l395\/#primaryimage\"},\"image\":{\"@id\":\"https:\/\/oud.alplift.com\/pl\/produkt\/podnosnik-materialowy-l395\/#primaryimage\"},\"thumbnailUrl\":\"https:\/\/oud.alplift.com\/wp-content\/uploads\/Materiaallift-L-low_res.jpg\",\"datePublished\":\"2016-09-10T09:14:45+00:00\",\"dateModified\":\"2021-01-21T09:08:22+00:00\",\"description\":\"Podno\u015bnik materia\u0142owy L395 firmy Alp Lift o ud\u017awigu wynosz\u0105cym 350 kg. Sprawia, \u017ce monta\u017c i podnoszenie \u0142adunk\u00f3w na du\u017ce wysoko\u015bci b\u0119dzie znacznie bezpieczniejsze i bardziej wydajne.\",\"breadcrumb\":{\"@id\":\"https:\/\/oud.alplift.com\/pl\/produkt\/podnosnik-materialowy-l395\/#breadcrumb\"},\"inLanguage\":\"pl-PL\",\"potentialAction\":[{\"@type\":\"ReadAction\",\"target\":[\"https:\/\/oud.alplift.com\/pl\/produkt\/podnosnik-materialowy-l395\/\"]}]},{\"@type\":\"ImageObject\",\"inLanguage\":\"pl-PL\",\"@id\":\"https:\/\/oud.alplift.com\/pl\/produkt\/podnosnik-materialowy-l395\/#primaryimage\",\"url\":\"https:\/\/oud.alplift.com\/wp-content\/uploads\/Materiaallift-L-low_res.jpg\",\"contentUrl\":\"https:\/\/oud.alplift.com\/wp-content\/uploads\/Materiaallift-L-low_res.jpg\",\"width\":1024,\"height\":768,\"caption\":\"Montagelift L\"},{\"@type\":\"BreadcrumbList\",\"@id\":\"https:\/\/oud.alplift.com\/pl\/produkt\/podnosnik-materialowy-l395\/#breadcrumb\",\"itemListElement\":[{\"@type\":\"ListItem\",\"position\":1,\"name\":\"Home\",\"item\":\"https:\/\/oud.alplift.com\/pl\/\"},{\"@type\":\"ListItem\",\"position\":2,\"name\":\"Winkel\",\"item\":\"https:\/\/oud.alplift.com\/winkel\/\"},{\"@type\":\"ListItem\",\"position\":3,\"name\":\"Podno\u015bnik materia\u0142owy L395\"}]},{\"@type\":\"WebSite\",\"@id\":\"https:\/\/oud.alplift.com\/pl\/#website\",\"url\":\"https:\/\/oud.alplift.com\/pl\/\",\"name\":\"Alp Lift\",\"description\":\"Lifting Equipment\",\"potentialAction\":[{\"@type\":\"SearchAction\",\"target\":{\"@type\":\"EntryPoint\",\"urlTemplate\":\"https:\/\/oud.alplift.com\/pl\/?s={search_term_string}\"},\"query-input\":{\"@type\":\"PropertyValueSpecification\",\"valueRequired\":true,\"valueName\":\"search_term_string\"}}],\"inLanguage\":\"pl-PL\"}]}<\/script>\n<!-- \/ Yoast SEO plugin. -->","yoast_head_json":{"title":"Podno\u015bnik materia\u0142owy L395- ud\u017awig maks. 350 kg - Podno\u015bniki materia\u0142u Alp Lift","description":"Podno\u015bnik materia\u0142owy L395 firmy Alp Lift o ud\u017awigu wynosz\u0105cym 350 kg. Sprawia, \u017ce monta\u017c i podnoszenie \u0142adunk\u00f3w na du\u017ce wysoko\u015bci b\u0119dzie znacznie bezpieczniejsze i bardziej wydajne.","robots":{"index":"noindex","follow":"follow","max-snippet":"max-snippet:-1","max-image-preview":"max-image-preview:large","max-video-preview":"max-video-preview:-1"},"og_locale":"pl_PL","og_type":"article","og_title":"Podno\u015bnik materia\u0142owy L395- ud\u017awig maks. 350 kg - Podno\u015bniki materia\u0142u Alp Lift","og_description":"Podno\u015bnik materia\u0142owy L395 firmy Alp Lift o ud\u017awigu wynosz\u0105cym 350 kg. Sprawia, \u017ce monta\u017c i podnoszenie \u0142adunk\u00f3w na du\u017ce wysoko\u015bci b\u0119dzie znacznie bezpieczniejsze i bardziej wydajne.","og_url":"https:\/\/oud.alplift.com\/pl\/produkt\/podnosnik-materialowy-l395\/","og_site_name":"Alp Lift","article_modified_time":"2021-01-21T09:08:22+00:00","og_image":[{"width":1024,"height":768,"url":"https:\/\/oud.alplift.com\/wp-content\/uploads\/Materiaallift-L-low_res.jpg","type":"image\/jpeg"}],"twitter_card":"summary_large_image","schema":{"@context":"https:\/\/schema.org","@graph":[{"@type":"WebPage","@id":"https:\/\/oud.alplift.com\/pl\/produkt\/podnosnik-materialowy-l395\/","url":"https:\/\/oud.alplift.com\/pl\/produkt\/podnosnik-materialowy-l395\/","name":"Podno\u015bnik materia\u0142owy L395- ud\u017awig maks. 350 kg - Podno\u015bniki materia\u0142u Alp Lift","isPartOf":{"@id":"https:\/\/oud.alplift.com\/pl\/#website"},"primaryImageOfPage":{"@id":"https:\/\/oud.alplift.com\/pl\/produkt\/podnosnik-materialowy-l395\/#primaryimage"},"image":{"@id":"https:\/\/oud.alplift.com\/pl\/produkt\/podnosnik-materialowy-l395\/#primaryimage"},"thumbnailUrl":"https:\/\/oud.alplift.com\/wp-content\/uploads\/Materiaallift-L-low_res.jpg","datePublished":"2016-09-10T09:14:45+00:00","dateModified":"2021-01-21T09:08:22+00:00","description":"Podno\u015bnik materia\u0142owy L395 firmy Alp Lift o ud\u017awigu wynosz\u0105cym 350 kg. Sprawia, \u017ce monta\u017c i podnoszenie \u0142adunk\u00f3w na du\u017ce wysoko\u015bci b\u0119dzie znacznie bezpieczniejsze i bardziej wydajne.","breadcrumb":{"@id":"https:\/\/oud.alplift.com\/pl\/produkt\/podnosnik-materialowy-l395\/#breadcrumb"},"inLanguage":"pl-PL","potentialAction":[{"@type":"ReadAction","target":["https:\/\/oud.alplift.com\/pl\/produkt\/podnosnik-materialowy-l395\/"]}]},{"@type":"ImageObject","inLanguage":"pl-PL","@id":"https:\/\/oud.alplift.com\/pl\/produkt\/podnosnik-materialowy-l395\/#primaryimage","url":"https:\/\/oud.alplift.com\/wp-content\/uploads\/Materiaallift-L-low_res.jpg","contentUrl":"https:\/\/oud.alplift.com\/wp-content\/uploads\/Materiaallift-L-low_res.jpg","width":1024,"height":768,"caption":"Montagelift L"},{"@type":"BreadcrumbList","@id":"https:\/\/oud.alplift.com\/pl\/produkt\/podnosnik-materialowy-l395\/#breadcrumb","itemListElement":[{"@type":"ListItem","position":1,"name":"Home","item":"https:\/\/oud.alplift.com\/pl\/"},{"@type":"ListItem","position":2,"name":"Winkel","item":"https:\/\/oud.alplift.com\/winkel\/"},{"@type":"ListItem","position":3,"name":"Podno\u015bnik materia\u0142owy L395"}]},{"@type":"WebSite","@id":"https:\/\/oud.alplift.com\/pl\/#website","url":"https:\/\/oud.alplift.com\/pl\/","name":"Alp Lift","description":"Lifting Equipment","potentialAction":[{"@type":"SearchAction","target":{"@type":"EntryPoint","urlTemplate":"https:\/\/oud.alplift.com\/pl\/?s={search_term_string}"},"query-input":{"@type":"PropertyValueSpecification","valueRequired":true,"valueName":"search_term_string"}}],"inLanguage":"pl-PL"}]}},"_links":{"self":[{"href":"https:\/\/oud.alplift.com\/pl\/wp-json\/wp\/v2\/product\/3354","targetHints":{"allow":["GET"]}}],"collection":[{"href":"https:\/\/oud.alplift.com\/pl\/wp-json\/wp\/v2\/product"}],"about":[{"href":"https:\/\/oud.alplift.com\/pl\/wp-json\/wp\/v2\/types\/product"}],"replies":[{"embeddable":true,"href":"https:\/\/oud.alplift.com\/pl\/wp-json\/wp\/v2\/comments?post=3354"}],"wp:featuredmedia":[{"embeddable":true,"href":"https:\/\/oud.alplift.com\/pl\/wp-json\/wp\/v2\/media\/8585"}],"wp:attachment":[{"href":"https:\/\/oud.alplift.com\/pl\/wp-json\/wp\/v2\/media?parent=3354"}],"wp:term":[{"taxonomy":"product_cat","embeddable":true,"href":"https:\/\/oud.alplift.com\/pl\/wp-json\/wp\/v2\/product_cat?post=3354"},{"taxonomy":"product_tag","embeddable":true,"href":"https:\/\/oud.alplift.com\/pl\/wp-json\/wp\/v2\/product_tag?post=3354"}],"curies":[{"name":"wp","href":"https:\/\/api.w.org\/{rel}","templated":true}]}}