
{"id":3352,"date":"2016-09-10T11:18:26","date_gmt":"2016-09-10T09:18:26","guid":{"rendered":"https:\/\/oud.alplift.com\/product\/podnosniki-materialowe-m512\/"},"modified":"2021-01-21T10:08:18","modified_gmt":"2021-01-21T09:08:18","slug":"podnosniki-materialowe-m512","status":"publish","type":"product","link":"https:\/\/oud.alplift.com\/pl\/produkt\/podnosniki-materialowe-m512\/","title":{"rendered":"Podno\u015bniki materia\u0142owe M512"},"content":{"rendered":"<p>[table id=28 \/]<\/p>\n","protected":false},"excerpt":{"rendered":"<p>Podno\u015bnik materia\u0142owy M512 z serii Medium o ud\u017awigu 250 kg i wysoko\u015bci podnoszenia wynosz\u0105cej 5,12 m. Zastosowane rozwi\u0105zania zwi\u0119kszaj\u0105ce wygod\u0119 i trwa\u0142o\u015b\u0107 urz\u0105dzenia, a tak\u017ce zastosowana cicha wci\u0105garka sprawiaj\u0105, \u017ce oferowany podno\u015bnik jest najlepszy w swojej klasie. Podno\u015bniki z serii Medium oferuj\u0105 starannie zaprojektowan\u0105 konstrukcj\u0119 \u2013 przy z\u0142o\u017conej kolumnie wysoko\u015b\u0107 urz\u0105dzenia wynosi zaledwie 1,61 lub 1,81 m. Kompaktowe wymiary zapewniaj\u0105 najwy\u017csz\u0105 wygod\u0119 u\u017cytkowania na ma\u0142ych powierzchniach i maksymalne wykorzystanie urz\u0105dze\u0144 transportowych. Podno\u015bniki z serii Medium mog\u0105 by\u0107 wykorzystywane do niemal wszystkich zastosowa\u0144.<\/p>\n<p><strong>Dane techniczne:<\/strong><\/p>\n<ul>\n<li>Wysoko\u015b\u0107 podnoszenia: 5,12 m<\/li>\n<li>Ud\u017awig: 250 kg<\/li>\n<li>Wysoko\u015b\u0107 z\u0142o\u017conego urz\u0105dzenia: 1,60 m<\/li>\n<li>Waga: 144 kg<\/li>\n<\/ul>\n<p><strong>Informacje o produkcie:<\/strong><\/p>\n<ul>\n<li>Holenderska jako\u015b\u0107.<\/li>\n<li>Pe\u0142ny monta\u017c bez konieczno\u015bci u\u017cycia narz\u0119dzi.<\/li>\n<li>Standardowa cicha wci\u0105garka z podw\u00f3jnymi d\u017awigniami.<\/li>\n<li>Du\u017ce blokowane k\u00f3\u0142ka z ty\u0142u urz\u0105dzenia zwi\u0119kszaj\u0105 \u0142atwo\u015b\u0107 przemieszczania przy du\u017cym obci\u0105\u017ceniu.<\/li>\n<li>Opatentowany system blokad zapobiega niekontrolowanemu lub przedwczesnemu roz\u0142o\u017ceniu sekcji kolumny.<\/li>\n<li>Jedyny w swoim rodzaju system zarz\u0105dzania linkami w sekcji kolumny zmniejsza zu\u017cycie element\u00f3w kolumny i lin stalowych.<\/li>\n<li>Stalowa ocynkowana podstawa.<\/li>\n<li>Opatentowany profil aluminiowej kolumny.<\/li>\n<li>Wymiary u\u0142atwiaj\u0105ce transport oraz przemieszczanie przez standardowe otwory drzwiowe.<\/li>\n<li>Znak zgodno\u015bci CE.<\/li>\n<\/ul>\n","protected":false},"featured_media":8577,"comment_status":"closed","ping_status":"closed","template":"","meta":[],"product_cat":[188,208,213],"product_tag":[],"class_list":{"0":"post-3352","1":"product","2":"type-product","3":"status-publish","4":"has-post-thumbnail","6":"product_cat-podnosniki-materialowe","7":"product_cat-podnosniki-montazowe","8":"product_cat-podnosniki-montazowe-250-kg","9":"pa_bediening-recznie","10":"pa_hefhoogte-4-6-metr","11":"pa_merk-alp-lift-pl","13":"first","14":"instock","15":"shipping-taxable","16":"product-type-simple"},"yoast_head":"<!-- This site is optimized with the Yoast SEO plugin v24.0 - https:\/\/yoast.com\/wordpress\/plugins\/seo\/ -->\n<title>Podno\u015bnik materia\u0142owy M395 - ud\u017awig maks. 150 kg - Podno\u015bniki materia\u0142u Alp Lift<\/title>\n<meta name=\"description\" content=\"Podno\u015bnik materia\u0142owy M512 firmy Alp Lift o ud\u017awigu 250 kg. Najlepsze rozwi\u0105zanie w\u015br\u00f3d podno\u015bnik\u00f3w materia\u0142owych dzi\u0119ki \u0142atwo\u015bci obs\u0142ugi i cichej wci\u0105garce.\" \/>\n<meta name=\"robots\" content=\"noindex, follow, max-snippet:-1, max-image-preview:large, max-video-preview:-1\" \/>\n<meta property=\"og:locale\" content=\"pl_PL\" \/>\n<meta property=\"og:type\" content=\"article\" \/>\n<meta property=\"og:title\" content=\"Podno\u015bnik materia\u0142owy M395 - ud\u017awig maks. 150 kg - Podno\u015bniki materia\u0142u Alp Lift\" \/>\n<meta property=\"og:description\" content=\"Podno\u015bnik materia\u0142owy M512 firmy Alp Lift o ud\u017awigu 250 kg. Najlepsze rozwi\u0105zanie w\u015br\u00f3d podno\u015bnik\u00f3w materia\u0142owych dzi\u0119ki \u0142atwo\u015bci obs\u0142ugi i cichej wci\u0105garce.\" \/>\n<meta property=\"og:url\" content=\"https:\/\/oud.alplift.com\/pl\/produkt\/podnosniki-materialowe-m512\/\" \/>\n<meta property=\"og:site_name\" content=\"Alp Lift\" \/>\n<meta property=\"article:modified_time\" content=\"2021-01-21T09:08:18+00:00\" \/>\n<meta property=\"og:image\" content=\"https:\/\/oud.alplift.com\/wp-content\/uploads\/Materiaallift-M-low_res.jpg\" \/>\n\t<meta property=\"og:image:width\" content=\"1024\" \/>\n\t<meta property=\"og:image:height\" content=\"768\" \/>\n\t<meta property=\"og:image:type\" content=\"image\/jpeg\" \/>\n<meta name=\"twitter:card\" content=\"summary_large_image\" \/>\n<script type=\"application\/ld+json\" class=\"yoast-schema-graph\">{\"@context\":\"https:\/\/schema.org\",\"@graph\":[{\"@type\":\"WebPage\",\"@id\":\"https:\/\/oud.alplift.com\/pl\/produkt\/podnosniki-materialowe-m512\/\",\"url\":\"https:\/\/oud.alplift.com\/pl\/produkt\/podnosniki-materialowe-m512\/\",\"name\":\"Podno\u015bnik materia\u0142owy M395 - ud\u017awig maks. 150 kg - Podno\u015bniki materia\u0142u Alp Lift\",\"isPartOf\":{\"@id\":\"https:\/\/oud.alplift.com\/pl\/#website\"},\"primaryImageOfPage\":{\"@id\":\"https:\/\/oud.alplift.com\/pl\/produkt\/podnosniki-materialowe-m512\/#primaryimage\"},\"image\":{\"@id\":\"https:\/\/oud.alplift.com\/pl\/produkt\/podnosniki-materialowe-m512\/#primaryimage\"},\"thumbnailUrl\":\"https:\/\/oud.alplift.com\/wp-content\/uploads\/Materiaallift-M-low_res.jpg\",\"datePublished\":\"2016-09-10T09:18:26+00:00\",\"dateModified\":\"2021-01-21T09:08:18+00:00\",\"description\":\"Podno\u015bnik materia\u0142owy M512 firmy Alp Lift o ud\u017awigu 250 kg. Najlepsze rozwi\u0105zanie w\u015br\u00f3d podno\u015bnik\u00f3w materia\u0142owych dzi\u0119ki \u0142atwo\u015bci obs\u0142ugi i cichej wci\u0105garce.\",\"breadcrumb\":{\"@id\":\"https:\/\/oud.alplift.com\/pl\/produkt\/podnosniki-materialowe-m512\/#breadcrumb\"},\"inLanguage\":\"pl-PL\",\"potentialAction\":[{\"@type\":\"ReadAction\",\"target\":[\"https:\/\/oud.alplift.com\/pl\/produkt\/podnosniki-materialowe-m512\/\"]}]},{\"@type\":\"ImageObject\",\"inLanguage\":\"pl-PL\",\"@id\":\"https:\/\/oud.alplift.com\/pl\/produkt\/podnosniki-materialowe-m512\/#primaryimage\",\"url\":\"https:\/\/oud.alplift.com\/wp-content\/uploads\/Materiaallift-M-low_res.jpg\",\"contentUrl\":\"https:\/\/oud.alplift.com\/wp-content\/uploads\/Materiaallift-M-low_res.jpg\",\"width\":1024,\"height\":768,\"caption\":\"Montagelift M\"},{\"@type\":\"BreadcrumbList\",\"@id\":\"https:\/\/oud.alplift.com\/pl\/produkt\/podnosniki-materialowe-m512\/#breadcrumb\",\"itemListElement\":[{\"@type\":\"ListItem\",\"position\":1,\"name\":\"Home\",\"item\":\"https:\/\/oud.alplift.com\/pl\/\"},{\"@type\":\"ListItem\",\"position\":2,\"name\":\"Winkel\",\"item\":\"https:\/\/oud.alplift.com\/winkel\/\"},{\"@type\":\"ListItem\",\"position\":3,\"name\":\"Podno\u015bniki materia\u0142owe M512\"}]},{\"@type\":\"WebSite\",\"@id\":\"https:\/\/oud.alplift.com\/pl\/#website\",\"url\":\"https:\/\/oud.alplift.com\/pl\/\",\"name\":\"Alp Lift\",\"description\":\"Lifting Equipment\",\"potentialAction\":[{\"@type\":\"SearchAction\",\"target\":{\"@type\":\"EntryPoint\",\"urlTemplate\":\"https:\/\/oud.alplift.com\/pl\/?s={search_term_string}\"},\"query-input\":{\"@type\":\"PropertyValueSpecification\",\"valueRequired\":true,\"valueName\":\"search_term_string\"}}],\"inLanguage\":\"pl-PL\"}]}<\/script>\n<!-- \/ Yoast SEO plugin. -->","yoast_head_json":{"title":"Podno\u015bnik materia\u0142owy M395 - ud\u017awig maks. 150 kg - Podno\u015bniki materia\u0142u Alp Lift","description":"Podno\u015bnik materia\u0142owy M512 firmy Alp Lift o ud\u017awigu 250 kg. Najlepsze rozwi\u0105zanie w\u015br\u00f3d podno\u015bnik\u00f3w materia\u0142owych dzi\u0119ki \u0142atwo\u015bci obs\u0142ugi i cichej wci\u0105garce.","robots":{"index":"noindex","follow":"follow","max-snippet":"max-snippet:-1","max-image-preview":"max-image-preview:large","max-video-preview":"max-video-preview:-1"},"og_locale":"pl_PL","og_type":"article","og_title":"Podno\u015bnik materia\u0142owy M395 - ud\u017awig maks. 150 kg - Podno\u015bniki materia\u0142u Alp Lift","og_description":"Podno\u015bnik materia\u0142owy M512 firmy Alp Lift o ud\u017awigu 250 kg. Najlepsze rozwi\u0105zanie w\u015br\u00f3d podno\u015bnik\u00f3w materia\u0142owych dzi\u0119ki \u0142atwo\u015bci obs\u0142ugi i cichej wci\u0105garce.","og_url":"https:\/\/oud.alplift.com\/pl\/produkt\/podnosniki-materialowe-m512\/","og_site_name":"Alp Lift","article_modified_time":"2021-01-21T09:08:18+00:00","og_image":[{"width":1024,"height":768,"url":"https:\/\/oud.alplift.com\/wp-content\/uploads\/Materiaallift-M-low_res.jpg","type":"image\/jpeg"}],"twitter_card":"summary_large_image","schema":{"@context":"https:\/\/schema.org","@graph":[{"@type":"WebPage","@id":"https:\/\/oud.alplift.com\/pl\/produkt\/podnosniki-materialowe-m512\/","url":"https:\/\/oud.alplift.com\/pl\/produkt\/podnosniki-materialowe-m512\/","name":"Podno\u015bnik materia\u0142owy M395 - ud\u017awig maks. 150 kg - Podno\u015bniki materia\u0142u Alp Lift","isPartOf":{"@id":"https:\/\/oud.alplift.com\/pl\/#website"},"primaryImageOfPage":{"@id":"https:\/\/oud.alplift.com\/pl\/produkt\/podnosniki-materialowe-m512\/#primaryimage"},"image":{"@id":"https:\/\/oud.alplift.com\/pl\/produkt\/podnosniki-materialowe-m512\/#primaryimage"},"thumbnailUrl":"https:\/\/oud.alplift.com\/wp-content\/uploads\/Materiaallift-M-low_res.jpg","datePublished":"2016-09-10T09:18:26+00:00","dateModified":"2021-01-21T09:08:18+00:00","description":"Podno\u015bnik materia\u0142owy M512 firmy Alp Lift o ud\u017awigu 250 kg. Najlepsze rozwi\u0105zanie w\u015br\u00f3d podno\u015bnik\u00f3w materia\u0142owych dzi\u0119ki \u0142atwo\u015bci obs\u0142ugi i cichej wci\u0105garce.","breadcrumb":{"@id":"https:\/\/oud.alplift.com\/pl\/produkt\/podnosniki-materialowe-m512\/#breadcrumb"},"inLanguage":"pl-PL","potentialAction":[{"@type":"ReadAction","target":["https:\/\/oud.alplift.com\/pl\/produkt\/podnosniki-materialowe-m512\/"]}]},{"@type":"ImageObject","inLanguage":"pl-PL","@id":"https:\/\/oud.alplift.com\/pl\/produkt\/podnosniki-materialowe-m512\/#primaryimage","url":"https:\/\/oud.alplift.com\/wp-content\/uploads\/Materiaallift-M-low_res.jpg","contentUrl":"https:\/\/oud.alplift.com\/wp-content\/uploads\/Materiaallift-M-low_res.jpg","width":1024,"height":768,"caption":"Montagelift M"},{"@type":"BreadcrumbList","@id":"https:\/\/oud.alplift.com\/pl\/produkt\/podnosniki-materialowe-m512\/#breadcrumb","itemListElement":[{"@type":"ListItem","position":1,"name":"Home","item":"https:\/\/oud.alplift.com\/pl\/"},{"@type":"ListItem","position":2,"name":"Winkel","item":"https:\/\/oud.alplift.com\/winkel\/"},{"@type":"ListItem","position":3,"name":"Podno\u015bniki materia\u0142owe M512"}]},{"@type":"WebSite","@id":"https:\/\/oud.alplift.com\/pl\/#website","url":"https:\/\/oud.alplift.com\/pl\/","name":"Alp Lift","description":"Lifting Equipment","potentialAction":[{"@type":"SearchAction","target":{"@type":"EntryPoint","urlTemplate":"https:\/\/oud.alplift.com\/pl\/?s={search_term_string}"},"query-input":{"@type":"PropertyValueSpecification","valueRequired":true,"valueName":"search_term_string"}}],"inLanguage":"pl-PL"}]}},"_links":{"self":[{"href":"https:\/\/oud.alplift.com\/pl\/wp-json\/wp\/v2\/product\/3352","targetHints":{"allow":["GET"]}}],"collection":[{"href":"https:\/\/oud.alplift.com\/pl\/wp-json\/wp\/v2\/product"}],"about":[{"href":"https:\/\/oud.alplift.com\/pl\/wp-json\/wp\/v2\/types\/product"}],"replies":[{"embeddable":true,"href":"https:\/\/oud.alplift.com\/pl\/wp-json\/wp\/v2\/comments?post=3352"}],"wp:featuredmedia":[{"embeddable":true,"href":"https:\/\/oud.alplift.com\/pl\/wp-json\/wp\/v2\/media\/8577"}],"wp:attachment":[{"href":"https:\/\/oud.alplift.com\/pl\/wp-json\/wp\/v2\/media?parent=3352"}],"wp:term":[{"taxonomy":"product_cat","embeddable":true,"href":"https:\/\/oud.alplift.com\/pl\/wp-json\/wp\/v2\/product_cat?post=3352"},{"taxonomy":"product_tag","embeddable":true,"href":"https:\/\/oud.alplift.com\/pl\/wp-json\/wp\/v2\/product_tag?post=3352"}],"curies":[{"name":"wp","href":"https:\/\/api.w.org\/{rel}","templated":true}]}}