
{"id":3348,"date":"2016-09-10T11:21:17","date_gmt":"2016-09-10T09:21:17","guid":{"rendered":"https:\/\/oud.alplift.com\/product\/podnosnik-materialowy-s400\/"},"modified":"2021-11-29T13:27:10","modified_gmt":"2021-11-29T12:27:10","slug":"podnosnik-materialowy-s400","status":"publish","type":"product","link":"https:\/\/oud.alplift.com\/pl\/produkt\/podnosnik-materialowy-s400\/","title":{"rendered":"Podno\u015bnik materia\u0142owy S400"},"content":{"rendered":"","protected":false},"excerpt":{"rendered":"<p>Podno\u015bnik materia\u0142owy S400 z naszej serii Small o maksymalnym ud\u017awigu 150 kg i wysoko\u015bci podnoszenia 4,00 m.<\/p>\n<p>Dzi\u0119ki niewielkiemu ci\u0119\u017carowi i wymiarom, podno\u015bnik ten idealnie sprawdza si\u0119 w przypadku prac monta\u017cowych, w kt\u00f3rych o zastosowaniu urz\u0105dzenia decyduje jego zwrotno\u015b\u0107.<\/p>\n<p>Podno\u015bnik materia\u0142owy firmy Alp Lift charakteryzuje si\u0119 solidn\u0105 konstrukcj\u0105, prostot\u0105 obs\u0142ugi i wysok\u0105 trwa\u0142o\u015bci\u0105, oferuje te\u017c d\u0142ugi okres eksploatacji przy minimalnych kosztach.<\/p>\n<p><strong>Dane techniczne:<\/strong><\/p>\n<ul>\n<li>Wysoko\u015b\u0107 podnoszenia: 4,00 m<\/li>\n<li>Ud\u017awig: 150 kg<\/li>\n<li>Wysoko\u015b\u0107 z\u0142o\u017conego urz\u0105dzenia: 1,67 m<\/li>\n<li>Waga: 63 kg<\/li>\n<\/ul>\n<p><strong>Informacje o produkcie:<\/strong><\/p>\n<ul>\n<li>Holenderska jako\u015b\u0107<\/li>\n<li>Stalowa ocynkowana podstawa<\/li>\n<li>Opatentowany profil aluminiowej kolumny<\/li>\n<li>Niska masa w\u0142asna<\/li>\n<li>Kompaktowe wymiary u\u0142atwiaj\u0105ce transport.<\/li>\n<li>Znak zgodno\u015bci CE.<\/li>\n<\/ul>\n","protected":false},"featured_media":8570,"comment_status":"closed","ping_status":"closed","template":"","meta":[],"product_cat":[188,208,212],"product_tag":[],"class_list":{"0":"post-3348","1":"product","2":"type-product","3":"status-publish","4":"has-post-thumbnail","6":"product_cat-podnosniki-materialowe","7":"product_cat-podnosniki-montazowe","8":"product_cat-podnosniki-montazowe-150-kg","9":"pa_bediening-recznie","10":"pa_hefcapaciteit-150-kg-pl","11":"pa_hefhoogte-2-4-metr","12":"pa_hefhoogte-4-6-metr","13":"pa_merk-alp-lift-pl","15":"first","16":"instock","17":"shipping-taxable","18":"product-type-simple"},"yoast_head":"<!-- This site is optimized with the Yoast SEO plugin v24.0 - https:\/\/yoast.com\/wordpress\/plugins\/seo\/ -->\n<title>Podno\u015bnik materia\u0142u S400 - ud\u017awig maks. 150 kg - Podno\u015bniki materia\u0142u Alp Lift<\/title>\n<meta name=\"description\" content=\"Podno\u015bnik materia\u0142owy S400 firmy Alp Lift charakteryzuje si\u0119 solidn\u0105 konstrukcj\u0105, prostot\u0105 obs\u0142ugi i trwa\u0142o\u015bci\u0105. Ud\u017awig wynosi 150 kg.\" \/>\n<meta name=\"robots\" content=\"noindex, follow, max-snippet:-1, max-image-preview:large, max-video-preview:-1\" \/>\n<meta property=\"og:locale\" content=\"pl_PL\" \/>\n<meta property=\"og:type\" content=\"article\" \/>\n<meta property=\"og:title\" content=\"Podno\u015bnik materia\u0142u S400 - ud\u017awig maks. 150 kg - Podno\u015bniki materia\u0142u Alp Lift\" \/>\n<meta property=\"og:description\" content=\"Podno\u015bnik materia\u0142owy S400 firmy Alp Lift charakteryzuje si\u0119 solidn\u0105 konstrukcj\u0105, prostot\u0105 obs\u0142ugi i trwa\u0142o\u015bci\u0105. Ud\u017awig wynosi 150 kg.\" \/>\n<meta property=\"og:url\" content=\"https:\/\/oud.alplift.com\/pl\/produkt\/podnosnik-materialowy-s400\/\" \/>\n<meta property=\"og:site_name\" content=\"Alp Lift\" \/>\n<meta property=\"article:modified_time\" content=\"2021-11-29T12:27:10+00:00\" \/>\n<meta property=\"og:image\" content=\"https:\/\/oud.alplift.com\/wp-content\/uploads\/Materiaallift-S-low_res.jpg\" \/>\n\t<meta property=\"og:image:width\" content=\"1024\" \/>\n\t<meta property=\"og:image:height\" content=\"768\" \/>\n\t<meta property=\"og:image:type\" content=\"image\/jpeg\" \/>\n<meta name=\"twitter:card\" content=\"summary_large_image\" \/>\n<script type=\"application\/ld+json\" class=\"yoast-schema-graph\">{\"@context\":\"https:\/\/schema.org\",\"@graph\":[{\"@type\":\"WebPage\",\"@id\":\"https:\/\/oud.alplift.com\/pl\/produkt\/podnosnik-materialowy-s400\/\",\"url\":\"https:\/\/oud.alplift.com\/pl\/produkt\/podnosnik-materialowy-s400\/\",\"name\":\"Podno\u015bnik materia\u0142u S400 - ud\u017awig maks. 150 kg - Podno\u015bniki materia\u0142u Alp Lift\",\"isPartOf\":{\"@id\":\"https:\/\/oud.alplift.com\/pl\/#website\"},\"primaryImageOfPage\":{\"@id\":\"https:\/\/oud.alplift.com\/pl\/produkt\/podnosnik-materialowy-s400\/#primaryimage\"},\"image\":{\"@id\":\"https:\/\/oud.alplift.com\/pl\/produkt\/podnosnik-materialowy-s400\/#primaryimage\"},\"thumbnailUrl\":\"https:\/\/oud.alplift.com\/wp-content\/uploads\/Materiaallift-S-low_res.jpg\",\"datePublished\":\"2016-09-10T09:21:17+00:00\",\"dateModified\":\"2021-11-29T12:27:10+00:00\",\"description\":\"Podno\u015bnik materia\u0142owy S400 firmy Alp Lift charakteryzuje si\u0119 solidn\u0105 konstrukcj\u0105, prostot\u0105 obs\u0142ugi i trwa\u0142o\u015bci\u0105. Ud\u017awig wynosi 150 kg.\",\"breadcrumb\":{\"@id\":\"https:\/\/oud.alplift.com\/pl\/produkt\/podnosnik-materialowy-s400\/#breadcrumb\"},\"inLanguage\":\"pl-PL\",\"potentialAction\":[{\"@type\":\"ReadAction\",\"target\":[\"https:\/\/oud.alplift.com\/pl\/produkt\/podnosnik-materialowy-s400\/\"]}]},{\"@type\":\"ImageObject\",\"inLanguage\":\"pl-PL\",\"@id\":\"https:\/\/oud.alplift.com\/pl\/produkt\/podnosnik-materialowy-s400\/#primaryimage\",\"url\":\"https:\/\/oud.alplift.com\/wp-content\/uploads\/Materiaallift-S-low_res.jpg\",\"contentUrl\":\"https:\/\/oud.alplift.com\/wp-content\/uploads\/Materiaallift-S-low_res.jpg\",\"width\":1024,\"height\":768,\"caption\":\"Montagelift S\"},{\"@type\":\"BreadcrumbList\",\"@id\":\"https:\/\/oud.alplift.com\/pl\/produkt\/podnosnik-materialowy-s400\/#breadcrumb\",\"itemListElement\":[{\"@type\":\"ListItem\",\"position\":1,\"name\":\"Home\",\"item\":\"https:\/\/oud.alplift.com\/pl\/\"},{\"@type\":\"ListItem\",\"position\":2,\"name\":\"Winkel\",\"item\":\"https:\/\/oud.alplift.com\/winkel\/\"},{\"@type\":\"ListItem\",\"position\":3,\"name\":\"Podno\u015bnik materia\u0142owy S400\"}]},{\"@type\":\"WebSite\",\"@id\":\"https:\/\/oud.alplift.com\/pl\/#website\",\"url\":\"https:\/\/oud.alplift.com\/pl\/\",\"name\":\"Alp Lift\",\"description\":\"Lifting Equipment\",\"potentialAction\":[{\"@type\":\"SearchAction\",\"target\":{\"@type\":\"EntryPoint\",\"urlTemplate\":\"https:\/\/oud.alplift.com\/pl\/?s={search_term_string}\"},\"query-input\":{\"@type\":\"PropertyValueSpecification\",\"valueRequired\":true,\"valueName\":\"search_term_string\"}}],\"inLanguage\":\"pl-PL\"}]}<\/script>\n<!-- \/ Yoast SEO plugin. -->","yoast_head_json":{"title":"Podno\u015bnik materia\u0142u S400 - ud\u017awig maks. 150 kg - Podno\u015bniki materia\u0142u Alp Lift","description":"Podno\u015bnik materia\u0142owy S400 firmy Alp Lift charakteryzuje si\u0119 solidn\u0105 konstrukcj\u0105, prostot\u0105 obs\u0142ugi i trwa\u0142o\u015bci\u0105. Ud\u017awig wynosi 150 kg.","robots":{"index":"noindex","follow":"follow","max-snippet":"max-snippet:-1","max-image-preview":"max-image-preview:large","max-video-preview":"max-video-preview:-1"},"og_locale":"pl_PL","og_type":"article","og_title":"Podno\u015bnik materia\u0142u S400 - ud\u017awig maks. 150 kg - Podno\u015bniki materia\u0142u Alp Lift","og_description":"Podno\u015bnik materia\u0142owy S400 firmy Alp Lift charakteryzuje si\u0119 solidn\u0105 konstrukcj\u0105, prostot\u0105 obs\u0142ugi i trwa\u0142o\u015bci\u0105. Ud\u017awig wynosi 150 kg.","og_url":"https:\/\/oud.alplift.com\/pl\/produkt\/podnosnik-materialowy-s400\/","og_site_name":"Alp Lift","article_modified_time":"2021-11-29T12:27:10+00:00","og_image":[{"width":1024,"height":768,"url":"https:\/\/oud.alplift.com\/wp-content\/uploads\/Materiaallift-S-low_res.jpg","type":"image\/jpeg"}],"twitter_card":"summary_large_image","schema":{"@context":"https:\/\/schema.org","@graph":[{"@type":"WebPage","@id":"https:\/\/oud.alplift.com\/pl\/produkt\/podnosnik-materialowy-s400\/","url":"https:\/\/oud.alplift.com\/pl\/produkt\/podnosnik-materialowy-s400\/","name":"Podno\u015bnik materia\u0142u S400 - ud\u017awig maks. 150 kg - Podno\u015bniki materia\u0142u Alp Lift","isPartOf":{"@id":"https:\/\/oud.alplift.com\/pl\/#website"},"primaryImageOfPage":{"@id":"https:\/\/oud.alplift.com\/pl\/produkt\/podnosnik-materialowy-s400\/#primaryimage"},"image":{"@id":"https:\/\/oud.alplift.com\/pl\/produkt\/podnosnik-materialowy-s400\/#primaryimage"},"thumbnailUrl":"https:\/\/oud.alplift.com\/wp-content\/uploads\/Materiaallift-S-low_res.jpg","datePublished":"2016-09-10T09:21:17+00:00","dateModified":"2021-11-29T12:27:10+00:00","description":"Podno\u015bnik materia\u0142owy S400 firmy Alp Lift charakteryzuje si\u0119 solidn\u0105 konstrukcj\u0105, prostot\u0105 obs\u0142ugi i trwa\u0142o\u015bci\u0105. Ud\u017awig wynosi 150 kg.","breadcrumb":{"@id":"https:\/\/oud.alplift.com\/pl\/produkt\/podnosnik-materialowy-s400\/#breadcrumb"},"inLanguage":"pl-PL","potentialAction":[{"@type":"ReadAction","target":["https:\/\/oud.alplift.com\/pl\/produkt\/podnosnik-materialowy-s400\/"]}]},{"@type":"ImageObject","inLanguage":"pl-PL","@id":"https:\/\/oud.alplift.com\/pl\/produkt\/podnosnik-materialowy-s400\/#primaryimage","url":"https:\/\/oud.alplift.com\/wp-content\/uploads\/Materiaallift-S-low_res.jpg","contentUrl":"https:\/\/oud.alplift.com\/wp-content\/uploads\/Materiaallift-S-low_res.jpg","width":1024,"height":768,"caption":"Montagelift S"},{"@type":"BreadcrumbList","@id":"https:\/\/oud.alplift.com\/pl\/produkt\/podnosnik-materialowy-s400\/#breadcrumb","itemListElement":[{"@type":"ListItem","position":1,"name":"Home","item":"https:\/\/oud.alplift.com\/pl\/"},{"@type":"ListItem","position":2,"name":"Winkel","item":"https:\/\/oud.alplift.com\/winkel\/"},{"@type":"ListItem","position":3,"name":"Podno\u015bnik materia\u0142owy S400"}]},{"@type":"WebSite","@id":"https:\/\/oud.alplift.com\/pl\/#website","url":"https:\/\/oud.alplift.com\/pl\/","name":"Alp Lift","description":"Lifting Equipment","potentialAction":[{"@type":"SearchAction","target":{"@type":"EntryPoint","urlTemplate":"https:\/\/oud.alplift.com\/pl\/?s={search_term_string}"},"query-input":{"@type":"PropertyValueSpecification","valueRequired":true,"valueName":"search_term_string"}}],"inLanguage":"pl-PL"}]}},"_links":{"self":[{"href":"https:\/\/oud.alplift.com\/pl\/wp-json\/wp\/v2\/product\/3348","targetHints":{"allow":["GET"]}}],"collection":[{"href":"https:\/\/oud.alplift.com\/pl\/wp-json\/wp\/v2\/product"}],"about":[{"href":"https:\/\/oud.alplift.com\/pl\/wp-json\/wp\/v2\/types\/product"}],"replies":[{"embeddable":true,"href":"https:\/\/oud.alplift.com\/pl\/wp-json\/wp\/v2\/comments?post=3348"}],"wp:featuredmedia":[{"embeddable":true,"href":"https:\/\/oud.alplift.com\/pl\/wp-json\/wp\/v2\/media\/8570"}],"wp:attachment":[{"href":"https:\/\/oud.alplift.com\/pl\/wp-json\/wp\/v2\/media?parent=3348"}],"wp:term":[{"taxonomy":"product_cat","embeddable":true,"href":"https:\/\/oud.alplift.com\/pl\/wp-json\/wp\/v2\/product_cat?post=3348"},{"taxonomy":"product_tag","embeddable":true,"href":"https:\/\/oud.alplift.com\/pl\/wp-json\/wp\/v2\/product_tag?post=3348"}],"curies":[{"name":"wp","href":"https:\/\/api.w.org\/{rel}","templated":true}]}}