
{"id":8135,"date":"2023-09-13T11:27:19","date_gmt":"2023-09-13T09:27:19","guid":{"rendered":"https:\/\/oud.alplift.com\/zoomlion-podnosniki-koszowe\/"},"modified":"2024-05-16T12:56:19","modified_gmt":"2024-05-16T10:56:19","slug":"zoomlion-podnosniki-koszowe","status":"publish","type":"page","link":"https:\/\/oud.alplift.com\/pl\/zoomlion-podnosniki-koszowe\/","title":{"rendered":"Zoomlion podno\u015bniki koszowe"},"content":{"rendered":"<div id='full_slider_1'  class='avia-fullwidth-slider main_color avia-shadow av-desktop-hide av-medium-hide  avia-builder-el-0  el_before_av_slideshow_full  avia-builder-el-first   container_wrap sidebar_right'  ><div  class='avia-slideshow av-km11tq8r-81f604efe736b02b4fd647df5761c385 avia-slideshow-featured av_slideshow_full avia-slide-slider av-desktop-hide av-medium-hide av-slideshow-ui av-control-default av-slideshow-manual av-loop-once av-loop-manual-endless av-default-height-applied   avia-slideshow-1' data-slideshow-options=\"{&quot;animation&quot;:&quot;slide&quot;,&quot;autoplay&quot;:false,&quot;loop_autoplay&quot;:&quot;once&quot;,&quot;interval&quot;:5,&quot;loop_manual&quot;:&quot;manual-endless&quot;,&quot;autoplay_stopper&quot;:false,&quot;noNavigation&quot;:false,&quot;bg_slider&quot;:false,&quot;keep_padding&quot;:false,&quot;hoverpause&quot;:false,&quot;show_slide_delay&quot;:0}\"  itemprop=\"image\" itemscope=\"itemscope\" itemtype=\"https:\/\/schema.org\/ImageObject\" ><ul class='avia-slideshow-inner ' style='padding-bottom: 28.666666666667%;'><li  class='avia-slideshow-slide av-km11tq8r-81f604efe736b02b4fd647df5761c385__0  av-single-slide slide-1 slide-odd'><div data-rel='slideshow-1' class='avia-slide-wrap '   ><img decoding=\"async\" fetchpriority=\"high\" class=\"wp-image-6000 avia-img-lazy-loading-not-6000\"  src=\"https:\/\/oud.alplift.com\/wp-content\/uploads\/2022\/02\/Alp-Lift-slider-Zoomlion-machines-1-1500x430.jpg\" width=\"1500\" height=\"430\" title='Alp Lift slider Zoomlion machines' alt=''  itemprop=\"thumbnailUrl\"   \/><\/div><\/li><\/ul><\/div><\/div>\n<div id='full_slider_2'  class='avia-fullwidth-slider main_color avia-shadow av-small-hide av-mini-hide  avia-builder-el-1  el_after_av_slideshow_full  el_before_av_textblock   slider-not-first container_wrap sidebar_right'  ><div  class='avia-slideshow av-km11v3mg-faeb6d9f24346b05e386e17a6395c067 avia-slideshow-featured av_slideshow_full avia-slide-slider av-small-hide av-mini-hide av-slideshow-ui av-control-default av-slideshow-manual av-loop-once av-loop-manual-endless av-default-height-applied   avia-slideshow-2' data-slideshow-options=\"{&quot;animation&quot;:&quot;slide&quot;,&quot;autoplay&quot;:false,&quot;loop_autoplay&quot;:&quot;once&quot;,&quot;interval&quot;:5,&quot;loop_manual&quot;:&quot;manual-endless&quot;,&quot;autoplay_stopper&quot;:false,&quot;noNavigation&quot;:false,&quot;bg_slider&quot;:false,&quot;keep_padding&quot;:false,&quot;hoverpause&quot;:false,&quot;show_slide_delay&quot;:0}\"  itemprop=\"image\" itemscope=\"itemscope\" itemtype=\"https:\/\/schema.org\/ImageObject\" ><ul class='avia-slideshow-inner ' style='padding-bottom: 28.666666666667%;'><li  class='avia-slideshow-slide av-km11v3mg-faeb6d9f24346b05e386e17a6395c067__0  av-single-slide slide-1 slide-odd'><div data-rel='slideshow-2' class='avia-slide-wrap '   ><img decoding=\"async\" fetchpriority=\"high\" class=\"wp-image-6000 avia-img-lazy-loading-not-6000\"  src=\"https:\/\/oud.alplift.com\/wp-content\/uploads\/2022\/02\/Alp-Lift-slider-Zoomlion-machines-1-1500x430.jpg\" width=\"1500\" height=\"430\" title='Alp Lift slider Zoomlion machines' alt=''  itemprop=\"thumbnailUrl\"   \/><\/div><\/li><\/ul><\/div><\/div><div id='after_full_slider_2'  class='main_color av_default_container_wrap container_wrap sidebar_right'  ><div class='container av-section-cont-open' ><div class='template-page content  av-content-small alpha units'><div class='post-entry post-entry-type-page post-entry-8135'><div class='entry-content-wrapper clearfix'>\n<section  class='av_textblock_section av-km12750o-4f2ce1ea8ec365f246eef6ee0ff5aca9 '   itemscope=\"itemscope\" itemtype=\"https:\/\/schema.org\/CreativeWork\" ><div class='avia_textblock'  itemprop=\"text\" ><h2>Zoomlion podno\u015bniki koszowe \u2014 zr\u00f3wnowa\u017cony wyb\u00f3r<\/h2>\n<p>Szukasz trwa\u0142ej, bezpiecznej i niezawodnej platformy do prac wysoko\u015bciowych? Zapoznaj si\u0119 z nasz\u0105 ofert\u0105 podno\u015bnik\u00f3w koszowych Zoomlion. Zoomlion to jedna z najszybciej rozwijaj\u0105cych si\u0119 marek na \u015bwiecie w dziedzinie maszyn high-tech dla przemys\u0142u technicznego i rolniczego. Jako pionier w dziedzinie hybrydowych i w 100% elektrycznych podest\u00f3w ruchomych, Alp Lift dostrzeg\u0142 potencja\u0142 tej marki na rynku europejskim i zosta\u0142 pierwszym dealerem Zoomlion w Europie.<\/p>\n<p>Alp Lift oferuje szerok\u0105 gam\u0119 elektrycznych podno\u015bnik\u00f3w no\u017cycowych i podno\u015bnik\u00f3w przegubowych. Podno\u015bniki no\u017cycowe dost\u0119pne s\u0105 r\u00f3wnie\u017c z silnikiem wysokopr\u0119\u017cnym. Je\u015bli jednak chcesz dokona\u0107 zr\u00f3wnowa\u017conego wyboru, wybierz elektryczn\u0105 platform\u0119 robocz\u0105 firmy Zoomlion. Dost\u0119pne z bezobs\u0142ugowym akumulatorem litowym lub akumulatorem kwasowo-o\u0142owiowym. Zalet\u0105 baterii litowej jest to, \u017ce wytrzymuje d\u0142u\u017cej bez \u0142adowania, co znacznie wyd\u0142u\u017ca czas pracy.<\/p>\n<p>Poznaj niezawodne i trwa\u0142e podno\u015bniki Zoomlion o wysoko\u015bci roboczej od 6 do 25 metr\u00f3w. Mo\u017cemy dostarczy\u0107 r\u00f3\u017cne modele z magazynu. Chcesz otrzyma\u0107 niezobowi\u0105zuj\u0105c\u0105 wycen\u0119? Mo\u017cesz poprosi\u0107 o wycen\u0119 na stronie ka\u017cdego produktu. Ch\u0119tnie odwiedzimy Ci\u0119 r\u00f3wnie\u017c na demonstracj\u0119.<\/p>\n<\/div><\/section>\n\n<style type=\"text\/css\" data-created_by=\"avia_inline_auto\" id=\"style-css-av-2f9svv-e4720057999cea2e11dc0d3959e2b242\">\n.flex_column.av-2f9svv-e4720057999cea2e11dc0d3959e2b242{\nborder-radius:0px 0px 0px 0px;\npadding:0px 0px 0px 0px;\n}\n<\/style>\n<div  class='flex_column av-2f9svv-e4720057999cea2e11dc0d3959e2b242 av_one_full  avia-builder-el-3  el_after_av_textblock  el_before_av_one_fifth  first flex_column_div av-zero-column-padding  column-top-margin'     ><section  class='av_textblock_section av-kod9r7ej-4401bfdaeea3f0f04ae10ea55dad4bdd '   itemscope=\"itemscope\" itemtype=\"https:\/\/schema.org\/CreativeWork\" ><div class='avia_textblock'  itemprop=\"text\" ><h4 style=\"text-align: center;\">Zobacz podno\u015bniki koszowe Zoomlion<\/h4>\n<\/div><\/section><\/div>\n\n<style type=\"text\/css\" data-created_by=\"avia_inline_auto\" id=\"style-css-av-nsmxd-ffa28ad655675b42511068b24206fcaf\">\n.flex_column.av-nsmxd-ffa28ad655675b42511068b24206fcaf{\nborder-radius:0px 0px 0px 0px;\npadding:0px 0px 0px 0px;\n}\n<\/style>\n<div  class='flex_column av-nsmxd-ffa28ad655675b42511068b24206fcaf av_one_fifth  avia-builder-el-5  el_after_av_one_full  el_before_av_one_third  first flex_column_div av-zero-column-padding  column-top-margin'     ><\/div>\n\n<style type=\"text\/css\" data-created_by=\"avia_inline_auto\" id=\"style-css-av-60pv8b-046a404f8d16f5bcb795c61e545d6e89\">\n.flex_column.av-60pv8b-046a404f8d16f5bcb795c61e545d6e89{\nborder-radius:0px 0px 0px 0px;\npadding:0px 0px 0px 0px;\n}\n<\/style>\n<div  class='flex_column av-60pv8b-046a404f8d16f5bcb795c61e545d6e89 av_one_third  avia-builder-el-6  el_after_av_one_fifth  el_before_av_one_third  flex_column_div av-zero-column-padding  column-top-margin'     ><style type=\"text\/css\" data-created_by=\"avia_inline_auto\" id=\"style-css-av-4qmpaj-9cb21f060f285b96c8ad5b2b6db6392f\">\n.avia-image-container.av-4qmpaj-9cb21f060f285b96c8ad5b2b6db6392f img.avia_image{\nbox-shadow:none;\n}\n.avia-image-container.av-4qmpaj-9cb21f060f285b96c8ad5b2b6db6392f .av-caption-image-overlay-bg{\nopacity:0.3;\nbackground-color:#000000;\n}\n.avia-image-container.av-4qmpaj-9cb21f060f285b96c8ad5b2b6db6392f .av-image-caption-overlay-center{\ncolor:#ffffff;\n}\n<\/style>\n<div  class='avia-image-container av-4qmpaj-9cb21f060f285b96c8ad5b2b6db6392f av-styling- av-img-linked avia-align-center  avia-builder-el-7  avia-builder-el-no-sibling  noHover av-overlay-hover-deactivate'   itemprop=\"image\" itemscope=\"itemscope\" itemtype=\"https:\/\/schema.org\/ImageObject\" ><div class=\"avia-image-container-inner\"><div class=\"avia-image-overlay-wrap\"><a href=\"https:\/\/oud.alplift.com\/pl\/kategoria-produktu\/podnosniki-koszowe\/podnosniki-nozycowe\" class='avia_image '  aria-label='Zoomlion-ZS0407DCLi'><div class=\"av-image-caption-overlay\"><div class=\"av-caption-image-overlay-bg\"><\/div><div class=\"av-image-caption-overlay-position\"><div class=\"av-image-caption-overlay-center\"><p>ZOOMLION PODNO\u015aNIK NO\u017bYCOWY<\/p>\n<\/div><\/div><\/div><img decoding=\"async\" fetchpriority=\"high\" class='wp-image-3034 avia-img-lazy-loading-not-3034 avia_image ' src=\"https:\/\/oud.alplift.com\/wp-content\/uploads\/2021\/01\/Zoomlion-ZS0407DCLi-495x400.jpg\" alt='' title='Zoomlion-ZS0407DCLi'  height=\"400\" width=\"495\"  itemprop=\"thumbnailUrl\" srcset=\"https:\/\/oud.alplift.com\/wp-content\/uploads\/2021\/01\/Zoomlion-ZS0407DCLi-495x400.jpg 495w, https:\/\/oud.alplift.com\/wp-content\/uploads\/2021\/01\/Zoomlion-ZS0407DCLi-845x684.jpg 845w\" sizes=\"(max-width: 495px) 100vw, 495px\" \/><\/a><\/div><\/div><\/div><\/div>\n\n<style type=\"text\/css\" data-created_by=\"avia_inline_auto\" id=\"style-css-av-fp53l-94a4aad334995b6e88fc817e92ef8354\">\n.flex_column.av-fp53l-94a4aad334995b6e88fc817e92ef8354{\nborder-radius:0px 0px 0px 0px;\npadding:0px 0px 0px 0px;\n}\n<\/style>\n<div  class='flex_column av-fp53l-94a4aad334995b6e88fc817e92ef8354 av_one_third  avia-builder-el-8  el_after_av_one_third  avia-builder-el-last  flex_column_div av-zero-column-padding  column-top-margin'     ><style type=\"text\/css\" data-created_by=\"avia_inline_auto\" id=\"style-css-av-khaif21g-5c92802ccfb4cff9fa6481b17e01f9c8\">\n.avia-image-container.av-khaif21g-5c92802ccfb4cff9fa6481b17e01f9c8 img.avia_image{\nbox-shadow:none;\n}\n.avia-image-container.av-khaif21g-5c92802ccfb4cff9fa6481b17e01f9c8 .av-caption-image-overlay-bg{\nopacity:0.3;\nbackground-color:#000000;\n}\n.avia-image-container.av-khaif21g-5c92802ccfb4cff9fa6481b17e01f9c8 .av-image-caption-overlay-center{\ncolor:#ffffff;\n}\n<\/style>\n<div  class='avia-image-container av-khaif21g-5c92802ccfb4cff9fa6481b17e01f9c8 av-styling- av-img-linked avia-align-center  avia-builder-el-9  avia-builder-el-no-sibling  noHover av-overlay-hover-deactivate'   itemprop=\"image\" itemscope=\"itemscope\" itemtype=\"https:\/\/schema.org\/ImageObject\" ><div class=\"avia-image-container-inner\"><div class=\"avia-image-overlay-wrap\"><a href=\"https:\/\/oud.alplift.com\/pl\/kategoria-produktu\/podnosniki-koszowe\/podnosniki-przegubowy\" class='avia_image '  aria-label='Zoomlion-ZA14JE'><div class=\"av-image-caption-overlay\"><div class=\"av-caption-image-overlay-bg\"><\/div><div class=\"av-image-caption-overlay-position\"><div class=\"av-image-caption-overlay-center\"><p>ZOOMLION PODNO\u015aNIKI PRZEGUBOWY<\/p>\n<\/div><\/div><\/div><img decoding=\"async\" fetchpriority=\"high\" class='wp-image-3085 avia-img-lazy-loading-not-3085 avia_image ' src=\"https:\/\/oud.alplift.com\/wp-content\/uploads\/2021\/01\/Zoomlion-ZA14JE-495x400.png\" alt='' title='Zoomlion-ZA14JE'  height=\"400\" width=\"495\"  itemprop=\"thumbnailUrl\" srcset=\"https:\/\/oud.alplift.com\/wp-content\/uploads\/2021\/01\/Zoomlion-ZA14JE-495x400.png 495w, https:\/\/oud.alplift.com\/wp-content\/uploads\/2021\/01\/Zoomlion-ZA14JE-845x684.png 845w\" sizes=\"(max-width: 495px) 100vw, 495px\" \/><\/a><\/div><\/div><\/div><\/div>\n","protected":false},"excerpt":{"rendered":"","protected":false},"author":3,"featured_media":3106,"parent":0,"menu_order":0,"comment_status":"closed","ping_status":"closed","template":"","meta":{"footnotes":""},"class_list":["post-8135","page","type-page","status-publish","has-post-thumbnail","hentry"],"yoast_head":"<!-- This site is optimized with the Yoast SEO plugin v24.0 - https:\/\/yoast.com\/wordpress\/plugins\/seo\/ -->\n<title>Zoomlion podno\u015bniki koszowe | Alp Lift<\/title>\n<meta name=\"description\" content=\"Zoomlion podno\u015bniki koszowe | zr\u00f3wnowa\u017cony wyb\u00f3r | na sprzeda\u017c w Alp Lift | szeroka gama elektrycznych podno\u015bnik\u00f3w no\u017cycowych i podno\u015bnik\u00f3w przegubowych.\" \/>\n<meta name=\"robots\" content=\"noindex, follow, max-snippet:-1, max-image-preview:large, max-video-preview:-1\" \/>\n<meta property=\"og:locale\" content=\"pl_PL\" \/>\n<meta property=\"og:type\" content=\"article\" \/>\n<meta property=\"og:title\" content=\"Zoomlion podno\u015bniki koszowe | Alp Lift\" \/>\n<meta property=\"og:description\" content=\"Zoomlion podno\u015bniki koszowe | zr\u00f3wnowa\u017cony wyb\u00f3r | na sprzeda\u017c w Alp Lift | szeroka gama elektrycznych podno\u015bnik\u00f3w no\u017cycowych i podno\u015bnik\u00f3w przegubowych.\" \/>\n<meta property=\"og:url\" content=\"https:\/\/oud.alplift.com\/pl\/zoomlion-podnosniki-koszowe\/\" \/>\n<meta property=\"og:site_name\" content=\"Alp Lift\" \/>\n<meta property=\"article:modified_time\" content=\"2024-05-16T10:56:19+00:00\" \/>\n<meta property=\"og:image\" content=\"https:\/\/oud.alplift.com\/wp-content\/uploads\/2021\/01\/Zoomlion-ZA14J.jpg\" \/>\n\t<meta property=\"og:image:width\" content=\"2159\" \/>\n\t<meta property=\"og:image:height\" content=\"1617\" \/>\n\t<meta property=\"og:image:type\" content=\"image\/jpeg\" \/>\n<meta name=\"twitter:card\" content=\"summary_large_image\" \/>\n<meta name=\"twitter:label1\" content=\"Szacowany czas czytania\" \/>\n\t<meta name=\"twitter:data1\" content=\"8 minut\" \/>\n<script type=\"application\/ld+json\" class=\"yoast-schema-graph\">{\"@context\":\"https:\/\/schema.org\",\"@graph\":[{\"@type\":\"WebPage\",\"@id\":\"https:\/\/oud.alplift.com\/pl\/zoomlion-podnosniki-koszowe\/\",\"url\":\"https:\/\/oud.alplift.com\/pl\/zoomlion-podnosniki-koszowe\/\",\"name\":\"Zoomlion podno\u015bniki koszowe | Alp Lift\",\"isPartOf\":{\"@id\":\"https:\/\/oud.alplift.com\/pl\/#website\"},\"primaryImageOfPage\":{\"@id\":\"https:\/\/oud.alplift.com\/pl\/zoomlion-podnosniki-koszowe\/#primaryimage\"},\"image\":{\"@id\":\"https:\/\/oud.alplift.com\/pl\/zoomlion-podnosniki-koszowe\/#primaryimage\"},\"thumbnailUrl\":\"https:\/\/oud.alplift.com\/wp-content\/uploads\/2021\/01\/Zoomlion-ZA14J.jpg\",\"datePublished\":\"2023-09-13T09:27:19+00:00\",\"dateModified\":\"2024-05-16T10:56:19+00:00\",\"description\":\"Zoomlion podno\u015bniki koszowe | zr\u00f3wnowa\u017cony wyb\u00f3r | na sprzeda\u017c w Alp Lift | szeroka gama elektrycznych podno\u015bnik\u00f3w no\u017cycowych i podno\u015bnik\u00f3w przegubowych.\",\"breadcrumb\":{\"@id\":\"https:\/\/oud.alplift.com\/pl\/zoomlion-podnosniki-koszowe\/#breadcrumb\"},\"inLanguage\":\"pl-PL\",\"potentialAction\":[{\"@type\":\"ReadAction\",\"target\":[\"https:\/\/oud.alplift.com\/pl\/zoomlion-podnosniki-koszowe\/\"]}]},{\"@type\":\"ImageObject\",\"inLanguage\":\"pl-PL\",\"@id\":\"https:\/\/oud.alplift.com\/pl\/zoomlion-podnosniki-koszowe\/#primaryimage\",\"url\":\"https:\/\/oud.alplift.com\/wp-content\/uploads\/2021\/01\/Zoomlion-ZA14J.jpg\",\"contentUrl\":\"https:\/\/oud.alplift.com\/wp-content\/uploads\/2021\/01\/Zoomlion-ZA14J.jpg\",\"width\":2159,\"height\":1617,\"caption\":\"Zoomlion knikarmhoogwerker\"},{\"@type\":\"BreadcrumbList\",\"@id\":\"https:\/\/oud.alplift.com\/pl\/zoomlion-podnosniki-koszowe\/#breadcrumb\",\"itemListElement\":[{\"@type\":\"ListItem\",\"position\":1,\"name\":\"Home\",\"item\":\"https:\/\/oud.alplift.com\/pl\/\"},{\"@type\":\"ListItem\",\"position\":2,\"name\":\"Zoomlion podno\u015bniki koszowe\"}]},{\"@type\":\"WebSite\",\"@id\":\"https:\/\/oud.alplift.com\/pl\/#website\",\"url\":\"https:\/\/oud.alplift.com\/pl\/\",\"name\":\"Alp Lift\",\"description\":\"Lifting Equipment\",\"potentialAction\":[{\"@type\":\"SearchAction\",\"target\":{\"@type\":\"EntryPoint\",\"urlTemplate\":\"https:\/\/oud.alplift.com\/pl\/?s={search_term_string}\"},\"query-input\":{\"@type\":\"PropertyValueSpecification\",\"valueRequired\":true,\"valueName\":\"search_term_string\"}}],\"inLanguage\":\"pl-PL\"}]}<\/script>\n<!-- \/ Yoast SEO plugin. -->","yoast_head_json":{"title":"Zoomlion podno\u015bniki koszowe | Alp Lift","description":"Zoomlion podno\u015bniki koszowe | zr\u00f3wnowa\u017cony wyb\u00f3r | na sprzeda\u017c w Alp Lift | szeroka gama elektrycznych podno\u015bnik\u00f3w no\u017cycowych i podno\u015bnik\u00f3w przegubowych.","robots":{"index":"noindex","follow":"follow","max-snippet":"max-snippet:-1","max-image-preview":"max-image-preview:large","max-video-preview":"max-video-preview:-1"},"og_locale":"pl_PL","og_type":"article","og_title":"Zoomlion podno\u015bniki koszowe | Alp Lift","og_description":"Zoomlion podno\u015bniki koszowe | zr\u00f3wnowa\u017cony wyb\u00f3r | na sprzeda\u017c w Alp Lift | szeroka gama elektrycznych podno\u015bnik\u00f3w no\u017cycowych i podno\u015bnik\u00f3w przegubowych.","og_url":"https:\/\/oud.alplift.com\/pl\/zoomlion-podnosniki-koszowe\/","og_site_name":"Alp Lift","article_modified_time":"2024-05-16T10:56:19+00:00","og_image":[{"width":2159,"height":1617,"url":"https:\/\/oud.alplift.com\/wp-content\/uploads\/2021\/01\/Zoomlion-ZA14J.jpg","type":"image\/jpeg"}],"twitter_card":"summary_large_image","twitter_misc":{"Szacowany czas czytania":"8 minut"},"schema":{"@context":"https:\/\/schema.org","@graph":[{"@type":"WebPage","@id":"https:\/\/oud.alplift.com\/pl\/zoomlion-podnosniki-koszowe\/","url":"https:\/\/oud.alplift.com\/pl\/zoomlion-podnosniki-koszowe\/","name":"Zoomlion podno\u015bniki koszowe | Alp Lift","isPartOf":{"@id":"https:\/\/oud.alplift.com\/pl\/#website"},"primaryImageOfPage":{"@id":"https:\/\/oud.alplift.com\/pl\/zoomlion-podnosniki-koszowe\/#primaryimage"},"image":{"@id":"https:\/\/oud.alplift.com\/pl\/zoomlion-podnosniki-koszowe\/#primaryimage"},"thumbnailUrl":"https:\/\/oud.alplift.com\/wp-content\/uploads\/2021\/01\/Zoomlion-ZA14J.jpg","datePublished":"2023-09-13T09:27:19+00:00","dateModified":"2024-05-16T10:56:19+00:00","description":"Zoomlion podno\u015bniki koszowe | zr\u00f3wnowa\u017cony wyb\u00f3r | na sprzeda\u017c w Alp Lift | szeroka gama elektrycznych podno\u015bnik\u00f3w no\u017cycowych i podno\u015bnik\u00f3w przegubowych.","breadcrumb":{"@id":"https:\/\/oud.alplift.com\/pl\/zoomlion-podnosniki-koszowe\/#breadcrumb"},"inLanguage":"pl-PL","potentialAction":[{"@type":"ReadAction","target":["https:\/\/oud.alplift.com\/pl\/zoomlion-podnosniki-koszowe\/"]}]},{"@type":"ImageObject","inLanguage":"pl-PL","@id":"https:\/\/oud.alplift.com\/pl\/zoomlion-podnosniki-koszowe\/#primaryimage","url":"https:\/\/oud.alplift.com\/wp-content\/uploads\/2021\/01\/Zoomlion-ZA14J.jpg","contentUrl":"https:\/\/oud.alplift.com\/wp-content\/uploads\/2021\/01\/Zoomlion-ZA14J.jpg","width":2159,"height":1617,"caption":"Zoomlion knikarmhoogwerker"},{"@type":"BreadcrumbList","@id":"https:\/\/oud.alplift.com\/pl\/zoomlion-podnosniki-koszowe\/#breadcrumb","itemListElement":[{"@type":"ListItem","position":1,"name":"Home","item":"https:\/\/oud.alplift.com\/pl\/"},{"@type":"ListItem","position":2,"name":"Zoomlion podno\u015bniki koszowe"}]},{"@type":"WebSite","@id":"https:\/\/oud.alplift.com\/pl\/#website","url":"https:\/\/oud.alplift.com\/pl\/","name":"Alp Lift","description":"Lifting Equipment","potentialAction":[{"@type":"SearchAction","target":{"@type":"EntryPoint","urlTemplate":"https:\/\/oud.alplift.com\/pl\/?s={search_term_string}"},"query-input":{"@type":"PropertyValueSpecification","valueRequired":true,"valueName":"search_term_string"}}],"inLanguage":"pl-PL"}]}},"_links":{"self":[{"href":"https:\/\/oud.alplift.com\/pl\/wp-json\/wp\/v2\/pages\/8135","targetHints":{"allow":["GET"]}}],"collection":[{"href":"https:\/\/oud.alplift.com\/pl\/wp-json\/wp\/v2\/pages"}],"about":[{"href":"https:\/\/oud.alplift.com\/pl\/wp-json\/wp\/v2\/types\/page"}],"author":[{"embeddable":true,"href":"https:\/\/oud.alplift.com\/pl\/wp-json\/wp\/v2\/users\/3"}],"replies":[{"embeddable":true,"href":"https:\/\/oud.alplift.com\/pl\/wp-json\/wp\/v2\/comments?post=8135"}],"version-history":[{"count":3,"href":"https:\/\/oud.alplift.com\/pl\/wp-json\/wp\/v2\/pages\/8135\/revisions"}],"predecessor-version":[{"id":8952,"href":"https:\/\/oud.alplift.com\/pl\/wp-json\/wp\/v2\/pages\/8135\/revisions\/8952"}],"wp:featuredmedia":[{"embeddable":true,"href":"https:\/\/oud.alplift.com\/pl\/wp-json\/wp\/v2\/media\/3106"}],"wp:attachment":[{"href":"https:\/\/oud.alplift.com\/pl\/wp-json\/wp\/v2\/media?parent=8135"}],"curies":[{"name":"wp","href":"https:\/\/api.w.org\/{rel}","templated":true}]}}