
{"id":5241,"date":"2021-11-19T09:57:18","date_gmt":"2021-11-19T08:57:18","guid":{"rendered":"https:\/\/oud.alplift.com\/popros-o-wycene\/"},"modified":"2021-11-19T15:27:30","modified_gmt":"2021-11-19T14:27:30","slug":"popros-o-wycene","status":"publish","type":"page","link":"https:\/\/oud.alplift.com\/pl\/popros-o-wycene\/","title":{"rendered":"Popro\u015b o wycen\u0119"},"content":{"rendered":"<section  class='av_textblock_section av-kvm62rzf-75e7e82db24274cbe0e87889f75da7c7 '   itemscope=\"itemscope\" itemtype=\"https:\/\/schema.org\/CreativeWork\" ><div class='avia_textblock'  itemprop=\"text\" ><p>Dzi\u0119ki naszej szerokiej gamie podno\u015bnik\u00f3w koszowych i podno\u015bnik\u00f3w materia\u0142owych mamy rozwi\u0105zanie dla ka\u017cdego zadania. Ciekawi Ci\u0119, co mo\u017cemy dla Ciebie zrobi\u0107? Popro\u015b o wycen\u0119 ju\u017c teraz, a my skontaktujemy si\u0119 z Tob\u0105 w ci\u0105gu 24 godzin.<\/p>\n<p>Chcesz poprosi\u0107 o wycen\u0119 konkretnego produktu? Mo\u017cna to r\u00f3wnie\u017c zrobi\u0107 na dowolnej stronie produktu.<\/p>\n<\/div><\/section>\n<div  class='flex_column av-44xwkj-e0aada3b8fb98db1545d4578b28de529 av_two_third  avia-builder-el-1  el_after_av_textblock  el_before_av_one_third  first flex_column_div  column-top-margin'     ><\/div><div  class='flex_column av-354oj7-d833efc11efbf5b8234d352be5bd7ebf av_one_third  avia-builder-el-3  el_after_av_two_third  avia-builder-el-last  flex_column_div  column-top-margin'     ><section  class='av_textblock_section av-kvm4ytnw-5560ff62a4adc5833ea6e4be976d8c3b '   itemscope=\"itemscope\" itemtype=\"https:\/\/schema.org\/CreativeWork\" ><div class='avia_textblock'  itemprop=\"text\" ><p>&lt;h3&gt;Kontakt?&lt;\/h3&gt;<br \/>\nPotrzebujesz porady szytej na miar\u0119? Skontaktuj si\u0119 z nami.<\/p>\n<p>T: +31 (0)30 6621166<br \/>\nE: info@alplift.com<\/p>\n<\/div><\/section><\/div><\/p>\n","protected":false},"excerpt":{"rendered":"","protected":false},"author":3,"featured_media":0,"parent":0,"menu_order":0,"comment_status":"closed","ping_status":"closed","template":"","meta":{"footnotes":""},"class_list":["post-5241","page","type-page","status-publish","hentry"],"yoast_head":"<!-- This site is optimized with the Yoast SEO plugin v24.0 - https:\/\/yoast.com\/wordpress\/plugins\/seo\/ -->\n<title>Popro\u015b o wycen\u0119 | Alp Lift Polska<\/title>\n<meta name=\"robots\" content=\"noindex, follow\" \/>\n<meta property=\"og:locale\" content=\"pl_PL\" \/>\n<meta property=\"og:type\" content=\"article\" \/>\n<meta property=\"og:title\" content=\"Popro\u015b o wycen\u0119 | Alp Lift Polska\" \/>\n<meta property=\"og:url\" content=\"https:\/\/oud.alplift.com\/pl\/popros-o-wycene\/\" \/>\n<meta property=\"og:site_name\" content=\"Alp Lift\" \/>\n<meta property=\"article:modified_time\" content=\"2021-11-19T14:27:30+00:00\" \/>\n<meta name=\"twitter:card\" content=\"summary_large_image\" \/>\n<meta name=\"twitter:label1\" content=\"Szacowany czas czytania\" \/>\n\t<meta name=\"twitter:data1\" content=\"3 minuty\" \/>\n<script type=\"application\/ld+json\" class=\"yoast-schema-graph\">{\"@context\":\"https:\/\/schema.org\",\"@graph\":[{\"@type\":\"WebPage\",\"@id\":\"https:\/\/oud.alplift.com\/pl\/popros-o-wycene\/\",\"url\":\"https:\/\/oud.alplift.com\/pl\/popros-o-wycene\/\",\"name\":\"Popro\u015b o wycen\u0119 | Alp Lift Polska\",\"isPartOf\":{\"@id\":\"https:\/\/oud.alplift.com\/pl\/#website\"},\"datePublished\":\"2021-11-19T08:57:18+00:00\",\"dateModified\":\"2021-11-19T14:27:30+00:00\",\"breadcrumb\":{\"@id\":\"https:\/\/oud.alplift.com\/pl\/popros-o-wycene\/#breadcrumb\"},\"inLanguage\":\"pl-PL\",\"potentialAction\":[{\"@type\":\"ReadAction\",\"target\":[\"https:\/\/oud.alplift.com\/pl\/popros-o-wycene\/\"]}]},{\"@type\":\"BreadcrumbList\",\"@id\":\"https:\/\/oud.alplift.com\/pl\/popros-o-wycene\/#breadcrumb\",\"itemListElement\":[{\"@type\":\"ListItem\",\"position\":1,\"name\":\"Home\",\"item\":\"https:\/\/oud.alplift.com\/pl\/\"},{\"@type\":\"ListItem\",\"position\":2,\"name\":\"Popro\u015b o wycen\u0119\"}]},{\"@type\":\"WebSite\",\"@id\":\"https:\/\/oud.alplift.com\/pl\/#website\",\"url\":\"https:\/\/oud.alplift.com\/pl\/\",\"name\":\"Alp Lift\",\"description\":\"Lifting Equipment\",\"potentialAction\":[{\"@type\":\"SearchAction\",\"target\":{\"@type\":\"EntryPoint\",\"urlTemplate\":\"https:\/\/oud.alplift.com\/pl\/?s={search_term_string}\"},\"query-input\":{\"@type\":\"PropertyValueSpecification\",\"valueRequired\":true,\"valueName\":\"search_term_string\"}}],\"inLanguage\":\"pl-PL\"}]}<\/script>\n<!-- \/ Yoast SEO plugin. -->","yoast_head_json":{"title":"Popro\u015b o wycen\u0119 | Alp Lift Polska","robots":{"index":"noindex","follow":"follow"},"og_locale":"pl_PL","og_type":"article","og_title":"Popro\u015b o wycen\u0119 | Alp Lift Polska","og_url":"https:\/\/oud.alplift.com\/pl\/popros-o-wycene\/","og_site_name":"Alp Lift","article_modified_time":"2021-11-19T14:27:30+00:00","twitter_card":"summary_large_image","twitter_misc":{"Szacowany czas czytania":"3 minuty"},"schema":{"@context":"https:\/\/schema.org","@graph":[{"@type":"WebPage","@id":"https:\/\/oud.alplift.com\/pl\/popros-o-wycene\/","url":"https:\/\/oud.alplift.com\/pl\/popros-o-wycene\/","name":"Popro\u015b o wycen\u0119 | Alp Lift Polska","isPartOf":{"@id":"https:\/\/oud.alplift.com\/pl\/#website"},"datePublished":"2021-11-19T08:57:18+00:00","dateModified":"2021-11-19T14:27:30+00:00","breadcrumb":{"@id":"https:\/\/oud.alplift.com\/pl\/popros-o-wycene\/#breadcrumb"},"inLanguage":"pl-PL","potentialAction":[{"@type":"ReadAction","target":["https:\/\/oud.alplift.com\/pl\/popros-o-wycene\/"]}]},{"@type":"BreadcrumbList","@id":"https:\/\/oud.alplift.com\/pl\/popros-o-wycene\/#breadcrumb","itemListElement":[{"@type":"ListItem","position":1,"name":"Home","item":"https:\/\/oud.alplift.com\/pl\/"},{"@type":"ListItem","position":2,"name":"Popro\u015b o wycen\u0119"}]},{"@type":"WebSite","@id":"https:\/\/oud.alplift.com\/pl\/#website","url":"https:\/\/oud.alplift.com\/pl\/","name":"Alp Lift","description":"Lifting Equipment","potentialAction":[{"@type":"SearchAction","target":{"@type":"EntryPoint","urlTemplate":"https:\/\/oud.alplift.com\/pl\/?s={search_term_string}"},"query-input":{"@type":"PropertyValueSpecification","valueRequired":true,"valueName":"search_term_string"}}],"inLanguage":"pl-PL"}]}},"_links":{"self":[{"href":"https:\/\/oud.alplift.com\/pl\/wp-json\/wp\/v2\/pages\/5241","targetHints":{"allow":["GET"]}}],"collection":[{"href":"https:\/\/oud.alplift.com\/pl\/wp-json\/wp\/v2\/pages"}],"about":[{"href":"https:\/\/oud.alplift.com\/pl\/wp-json\/wp\/v2\/types\/page"}],"author":[{"embeddable":true,"href":"https:\/\/oud.alplift.com\/pl\/wp-json\/wp\/v2\/users\/3"}],"replies":[{"embeddable":true,"href":"https:\/\/oud.alplift.com\/pl\/wp-json\/wp\/v2\/comments?post=5241"}],"version-history":[{"count":0,"href":"https:\/\/oud.alplift.com\/pl\/wp-json\/wp\/v2\/pages\/5241\/revisions"}],"wp:attachment":[{"href":"https:\/\/oud.alplift.com\/pl\/wp-json\/wp\/v2\/media?parent=5241"}],"curies":[{"name":"wp","href":"https:\/\/api.w.org\/{rel}","templated":true}]}}