
{"id":2056,"date":"2021-01-08T12:48:11","date_gmt":"2021-01-08T11:48:11","guid":{"rendered":"https:\/\/oud.alplift.com\/podnosniki-koszowe-na-przyczepie\/"},"modified":"2021-02-04T20:30:28","modified_gmt":"2021-02-04T19:30:28","slug":"podnosniki-koszowe-na-przyczepie","status":"publish","type":"page","link":"https:\/\/oud.alplift.com\/pl\/podnosniki-koszowe\/podnosniki-koszowe-na-przyczepie\/","title":{"rendered":"Podno\u015bniki koszowe na przyczepie"},"content":{"rendered":"\n<style type=\"text\/css\" data-created_by=\"avia_inline_auto\" id=\"style-css-av-awrup-fbdf344dfaf4a886838da66ad812acd7\">\n.flex_column.av-awrup-fbdf344dfaf4a886838da66ad812acd7{\nborder-radius:0px 0px 0px 0px;\npadding:0px 0px 0px 0px;\n}\n<\/style>\n<div  class='flex_column av-awrup-fbdf344dfaf4a886838da66ad812acd7 av_one_full  avia-builder-el-0  avia-builder-el-no-sibling  first flex_column_div av-zero-column-padding  '     ><section  class='av_textblock_section av-khahp5q8-056e40107138f9a97775560fdbdf7a79 '   itemscope=\"itemscope\" itemtype=\"https:\/\/schema.org\/CreativeWork\" ><div class='avia_textblock'  itemprop=\"text\" ><h2>Podno\u015bniki koszowe na przyczepie<\/h2>\n<p>Podno\u015bnik koszowy na przyczepie \u0142atwo pod\u0142\u0105czy\u0107 do haka holowniczego samochodu i stanowi dobr\u0105 alternatyw\u0119 dla rusztowa\u0144 i drabin. Ta podno\u015bnik koszowy jest u\u017cywany g\u0142\u00f3wnie do l\u017cejszych prac, na przyk\u0142ad do pracy w domach i niskich budynkach. My\u015blisz o zakupie podno\u015bnika na przyczepie? Alp Lift ma w swojej ofercie r\u00f3\u017cne modele EuropeLift.Podno\u015bnik koszowy na przyczepie firmy Europe Lift s\u0105 kompaktowe i wszechstronne. Wszystkie modele mo\u017cna przewozi\u0107 z dowolnym pojazdem i prawem jazdy BE. S\u0105 dost\u0119pne w r\u00f3\u017cnych wysoko\u015bciach iz r\u00f3\u017cnym zasi\u0119giem poziomym. Ten typ podno\u015bnika idealnie nadaje si\u0119 do prac zewn\u0119trznych, takich jak malowanie dom\u00f3w lub niskich budynk\u00f3w, czy konserwacja latarni lub drzew.   <\/p>\n<p>Poni\u017cej mo\u017cesz zobaczy\u0107 r\u00f3\u017cne modele i wersje.  <\/p>\n<div class=\"flex_column av_one_full flex_column_div av-zero-column-padding first avia-builder-el-2 el_after_av_slideshow_full el_before_av_textblock avia-builder-el-first \">\n<section class=\"av_textblock_section \">\n<div class=\"avia_textblock \">\n<p>Popro\u015b o bezp\u0142atn\u0105 wycen\u0119. Wiele maszyn jest dost\u0119pnych z magazynu.  <\/p>\n<\/div>\n<\/section>\n<\/div>\n<section class=\"av_textblock_section \">\n<div class=\"avia_textblock \">\n<div class=\"woocommerce columns-4 \"><\/div>\n<\/div>\n<\/section>\n<\/div><\/section><br \/>\n<section  class='av_textblock_section av-khlsbs60-f680bbf91feb6121bc632a8b9f634a5b '   itemscope=\"itemscope\" itemtype=\"https:\/\/schema.org\/CreativeWork\" ><div class='avia_textblock'  itemprop=\"text\" ><p><div class=\"woocommerce columns-4 \"><div class=\"facetwp-template\"><ul class=\"products columns-4\">\n<li class=\"product type-product post-3386 status-publish first instock product_cat-podnosniki-koszowe product_cat-podnosniki-koszowe-na-przyczepie has-post-thumbnail shipping-taxable product-type-simple\">\n\t<div class='inner_product main_color wrapped_style noLightbox  av-product-class-'><a href=\"https:\/\/oud.alplift.com\/pl\/produkt\/podnosnik-zamontowany-na-naczepie-tm18gt\/\" class=\"woocommerce-LoopProduct-link woocommerce-loop-product__link\"><div class=\"thumbnail_container\"><img decoding=\"async\" loading=\"lazy\" width=\"300\" height=\"300\" src=\"https:\/\/oud.alplift.com\/wp-content\/uploads\/2021\/01\/TM13G-aanhanger-hoogwerker-300x300.jpg\" class=\"wp-image-2820 avia-img-lazy-loading-2820 attachment-shop_catalog size-shop_catalog wp-post-image\" alt=\"\" srcset=\"https:\/\/oud.alplift.com\/wp-content\/uploads\/2021\/01\/TM13G-aanhanger-hoogwerker-300x300.jpg 300w, https:\/\/oud.alplift.com\/wp-content\/uploads\/2021\/01\/TM13G-aanhanger-hoogwerker-80x80.jpg 80w, https:\/\/oud.alplift.com\/wp-content\/uploads\/2021\/01\/TM13G-aanhanger-hoogwerker-36x36.jpg 36w, https:\/\/oud.alplift.com\/wp-content\/uploads\/2021\/01\/TM13G-aanhanger-hoogwerker-180x180.jpg 180w, https:\/\/oud.alplift.com\/wp-content\/uploads\/2021\/01\/TM13G-aanhanger-hoogwerker-100x100.jpg 100w\" sizes=\"auto, (max-width: 300px) 100vw, 300px\" \/><span class=\"cart-loading\"><\/span><\/div><div class='inner_product_header'><div class='avia-arrow'><\/div><div class='inner_product_header_table'><div class='inner_product_header_cell'><h2 class=\"woocommerce-loop-product__title\">Podno\u015bnik zamontowany na naczepie TM18GT<\/h2>\n<\/div><\/div><\/div><\/a><div class='avia_cart_buttons '>\t<span id=\"woocommerce_loop_add_to_cart_link_describedby_3386\" class=\"screen-reader-text\"><span aria-hidden='true' data-av_icon='\ue859' data-av_iconfont='entypo-fontello'><\/span> \n\t\t\t<\/span>\n<a class=\"button show_details_button\" href=\"https:\/\/oud.alplift.com\/pl\/produkt\/podnosnik-zamontowany-na-naczepie-tm18gt\/\"><span aria-hidden='true' data-av_icon='\ue84b' data-av_iconfont='entypo-fontello'><\/span>  Szczeg\u00f3\u0142y<\/a> <span class=\"button-mini-delimiter\"><\/span><\/div><\/div><\/li>\n<li class=\"product type-product post-3384 status-publish instock product_cat-podnosniki-koszowe product_cat-podnosniki-koszowe-na-przyczepie has-post-thumbnail shipping-taxable product-type-simple\">\n\t<div class='inner_product main_color wrapped_style noLightbox  av-product-class-'><a href=\"https:\/\/oud.alplift.com\/pl\/produkt\/podnosnik-zamontowany-na-naczepie-tm13g\/\" class=\"woocommerce-LoopProduct-link woocommerce-loop-product__link\"><div class=\"thumbnail_container\"><img decoding=\"async\" loading=\"lazy\" width=\"300\" height=\"300\" src=\"https:\/\/oud.alplift.com\/wp-content\/uploads\/2021\/01\/TM13G-300x300.jpg\" class=\"wp-image-2810 avia-img-lazy-loading-2810 attachment-shop_catalog size-shop_catalog wp-post-image\" alt=\"\" srcset=\"https:\/\/oud.alplift.com\/wp-content\/uploads\/2021\/01\/TM13G-300x300.jpg 300w, https:\/\/oud.alplift.com\/wp-content\/uploads\/2021\/01\/TM13G-80x80.jpg 80w, https:\/\/oud.alplift.com\/wp-content\/uploads\/2021\/01\/TM13G-36x36.jpg 36w, https:\/\/oud.alplift.com\/wp-content\/uploads\/2021\/01\/TM13G-180x180.jpg 180w, https:\/\/oud.alplift.com\/wp-content\/uploads\/2021\/01\/TM13G-100x100.jpg 100w\" sizes=\"auto, (max-width: 300px) 100vw, 300px\" \/><span class=\"cart-loading\"><\/span><\/div><div class='inner_product_header'><div class='avia-arrow'><\/div><div class='inner_product_header_table'><div class='inner_product_header_cell'><h2 class=\"woocommerce-loop-product__title\">Podno\u015bnik zamontowany na naczepie TM13G<\/h2>\n<\/div><\/div><\/div><\/a><div class='avia_cart_buttons '>\t<span id=\"woocommerce_loop_add_to_cart_link_describedby_3384\" class=\"screen-reader-text\"><span aria-hidden='true' data-av_icon='\ue859' data-av_iconfont='entypo-fontello'><\/span> \n\t\t\t<\/span>\n<a class=\"button show_details_button\" href=\"https:\/\/oud.alplift.com\/pl\/produkt\/podnosnik-zamontowany-na-naczepie-tm13g\/\"><span aria-hidden='true' data-av_icon='\ue84b' data-av_iconfont='entypo-fontello'><\/span>  Szczeg\u00f3\u0142y<\/a> <span class=\"button-mini-delimiter\"><\/span><\/div><\/div><\/li>\n<\/ul>\n<\/div><!-- end facetwp-template --><\/div>.<\/p>\n<\/div><\/section><\/p><\/div>\n","protected":false},"excerpt":{"rendered":"","protected":false},"author":3,"featured_media":0,"parent":3540,"menu_order":0,"comment_status":"closed","ping_status":"closed","template":"","meta":{"footnotes":""},"class_list":["post-2056","page","type-page","status-publish","hentry"],"yoast_head":"<!-- This site is optimized with the Yoast SEO plugin v24.0 - https:\/\/yoast.com\/wordpress\/plugins\/seo\/ -->\n<title>Podno\u015bniki koszowe na przyczepie | Alp Lift Polska<\/title>\n<meta name=\"description\" content=\"Podno\u015bniki koszowe na przyczepie firmy EuropeLift do sprzeda\u017cy i do wynaj\u0119cia w Alp Lift. Mo\u017cliwo\u015b\u0107 transportu z prawem jazdy B. Dobra alternatywa dla rusztowa\u0144 czy drabin.\" \/>\n<meta name=\"robots\" content=\"noindex, follow, max-snippet:-1, max-image-preview:large, max-video-preview:-1\" \/>\n<meta property=\"og:locale\" content=\"pl_PL\" \/>\n<meta property=\"og:type\" content=\"article\" \/>\n<meta property=\"og:title\" content=\"Podno\u015bniki koszowe na przyczepie | Alp Lift Polska\" \/>\n<meta property=\"og:description\" content=\"Podno\u015bniki koszowe na przyczepie firmy EuropeLift do sprzeda\u017cy i do wynaj\u0119cia w Alp Lift. Mo\u017cliwo\u015b\u0107 transportu z prawem jazdy B. Dobra alternatywa dla rusztowa\u0144 czy drabin.\" \/>\n<meta property=\"og:url\" content=\"https:\/\/oud.alplift.com\/pl\/podnosniki-koszowe\/podnosniki-koszowe-na-przyczepie\/\" \/>\n<meta property=\"og:site_name\" content=\"Alp Lift\" \/>\n<meta property=\"article:modified_time\" content=\"2021-02-04T19:30:28+00:00\" \/>\n<meta name=\"twitter:card\" content=\"summary_large_image\" \/>\n<meta name=\"twitter:label1\" content=\"Szacowany czas czytania\" \/>\n\t<meta name=\"twitter:data1\" content=\"2 minuty\" \/>\n<script type=\"application\/ld+json\" class=\"yoast-schema-graph\">{\"@context\":\"https:\/\/schema.org\",\"@graph\":[{\"@type\":\"WebPage\",\"@id\":\"https:\/\/oud.alplift.com\/pl\/podnosniki-koszowe\/podnosniki-koszowe-na-przyczepie\/\",\"url\":\"https:\/\/oud.alplift.com\/pl\/podnosniki-koszowe\/podnosniki-koszowe-na-przyczepie\/\",\"name\":\"Podno\u015bniki koszowe na przyczepie | Alp Lift Polska\",\"isPartOf\":{\"@id\":\"https:\/\/oud.alplift.com\/pl\/#website\"},\"datePublished\":\"2021-01-08T11:48:11+00:00\",\"dateModified\":\"2021-02-04T19:30:28+00:00\",\"description\":\"Podno\u015bniki koszowe na przyczepie firmy EuropeLift do sprzeda\u017cy i do wynaj\u0119cia w Alp Lift. Mo\u017cliwo\u015b\u0107 transportu z prawem jazdy B. Dobra alternatywa dla rusztowa\u0144 czy drabin.\",\"breadcrumb\":{\"@id\":\"https:\/\/oud.alplift.com\/pl\/podnosniki-koszowe\/podnosniki-koszowe-na-przyczepie\/#breadcrumb\"},\"inLanguage\":\"pl-PL\",\"potentialAction\":[{\"@type\":\"ReadAction\",\"target\":[\"https:\/\/oud.alplift.com\/pl\/podnosniki-koszowe\/podnosniki-koszowe-na-przyczepie\/\"]}]},{\"@type\":\"BreadcrumbList\",\"@id\":\"https:\/\/oud.alplift.com\/pl\/podnosniki-koszowe\/podnosniki-koszowe-na-przyczepie\/#breadcrumb\",\"itemListElement\":[{\"@type\":\"ListItem\",\"position\":1,\"name\":\"Home\",\"item\":\"https:\/\/oud.alplift.com\/pl\/\"},{\"@type\":\"ListItem\",\"position\":2,\"name\":\"Podno\u015bniki koszowe\",\"item\":\"https:\/\/oud.alplift.com\/pl\/podnosniki-koszowe\/\"},{\"@type\":\"ListItem\",\"position\":3,\"name\":\"Podno\u015bniki koszowe na przyczepie\"}]},{\"@type\":\"WebSite\",\"@id\":\"https:\/\/oud.alplift.com\/pl\/#website\",\"url\":\"https:\/\/oud.alplift.com\/pl\/\",\"name\":\"Alp Lift\",\"description\":\"Lifting Equipment\",\"potentialAction\":[{\"@type\":\"SearchAction\",\"target\":{\"@type\":\"EntryPoint\",\"urlTemplate\":\"https:\/\/oud.alplift.com\/pl\/?s={search_term_string}\"},\"query-input\":{\"@type\":\"PropertyValueSpecification\",\"valueRequired\":true,\"valueName\":\"search_term_string\"}}],\"inLanguage\":\"pl-PL\"}]}<\/script>\n<!-- \/ Yoast SEO plugin. -->","yoast_head_json":{"title":"Podno\u015bniki koszowe na przyczepie | Alp Lift Polska","description":"Podno\u015bniki koszowe na przyczepie firmy EuropeLift do sprzeda\u017cy i do wynaj\u0119cia w Alp Lift. Mo\u017cliwo\u015b\u0107 transportu z prawem jazdy B. Dobra alternatywa dla rusztowa\u0144 czy drabin.","robots":{"index":"noindex","follow":"follow","max-snippet":"max-snippet:-1","max-image-preview":"max-image-preview:large","max-video-preview":"max-video-preview:-1"},"og_locale":"pl_PL","og_type":"article","og_title":"Podno\u015bniki koszowe na przyczepie | Alp Lift Polska","og_description":"Podno\u015bniki koszowe na przyczepie firmy EuropeLift do sprzeda\u017cy i do wynaj\u0119cia w Alp Lift. Mo\u017cliwo\u015b\u0107 transportu z prawem jazdy B. Dobra alternatywa dla rusztowa\u0144 czy drabin.","og_url":"https:\/\/oud.alplift.com\/pl\/podnosniki-koszowe\/podnosniki-koszowe-na-przyczepie\/","og_site_name":"Alp Lift","article_modified_time":"2021-02-04T19:30:28+00:00","twitter_card":"summary_large_image","twitter_misc":{"Szacowany czas czytania":"2 minuty"},"schema":{"@context":"https:\/\/schema.org","@graph":[{"@type":"WebPage","@id":"https:\/\/oud.alplift.com\/pl\/podnosniki-koszowe\/podnosniki-koszowe-na-przyczepie\/","url":"https:\/\/oud.alplift.com\/pl\/podnosniki-koszowe\/podnosniki-koszowe-na-przyczepie\/","name":"Podno\u015bniki koszowe na przyczepie | Alp Lift Polska","isPartOf":{"@id":"https:\/\/oud.alplift.com\/pl\/#website"},"datePublished":"2021-01-08T11:48:11+00:00","dateModified":"2021-02-04T19:30:28+00:00","description":"Podno\u015bniki koszowe na przyczepie firmy EuropeLift do sprzeda\u017cy i do wynaj\u0119cia w Alp Lift. Mo\u017cliwo\u015b\u0107 transportu z prawem jazdy B. Dobra alternatywa dla rusztowa\u0144 czy drabin.","breadcrumb":{"@id":"https:\/\/oud.alplift.com\/pl\/podnosniki-koszowe\/podnosniki-koszowe-na-przyczepie\/#breadcrumb"},"inLanguage":"pl-PL","potentialAction":[{"@type":"ReadAction","target":["https:\/\/oud.alplift.com\/pl\/podnosniki-koszowe\/podnosniki-koszowe-na-przyczepie\/"]}]},{"@type":"BreadcrumbList","@id":"https:\/\/oud.alplift.com\/pl\/podnosniki-koszowe\/podnosniki-koszowe-na-przyczepie\/#breadcrumb","itemListElement":[{"@type":"ListItem","position":1,"name":"Home","item":"https:\/\/oud.alplift.com\/pl\/"},{"@type":"ListItem","position":2,"name":"Podno\u015bniki koszowe","item":"https:\/\/oud.alplift.com\/pl\/podnosniki-koszowe\/"},{"@type":"ListItem","position":3,"name":"Podno\u015bniki koszowe na przyczepie"}]},{"@type":"WebSite","@id":"https:\/\/oud.alplift.com\/pl\/#website","url":"https:\/\/oud.alplift.com\/pl\/","name":"Alp Lift","description":"Lifting Equipment","potentialAction":[{"@type":"SearchAction","target":{"@type":"EntryPoint","urlTemplate":"https:\/\/oud.alplift.com\/pl\/?s={search_term_string}"},"query-input":{"@type":"PropertyValueSpecification","valueRequired":true,"valueName":"search_term_string"}}],"inLanguage":"pl-PL"}]}},"_links":{"self":[{"href":"https:\/\/oud.alplift.com\/pl\/wp-json\/wp\/v2\/pages\/2056","targetHints":{"allow":["GET"]}}],"collection":[{"href":"https:\/\/oud.alplift.com\/pl\/wp-json\/wp\/v2\/pages"}],"about":[{"href":"https:\/\/oud.alplift.com\/pl\/wp-json\/wp\/v2\/types\/page"}],"author":[{"embeddable":true,"href":"https:\/\/oud.alplift.com\/pl\/wp-json\/wp\/v2\/users\/3"}],"replies":[{"embeddable":true,"href":"https:\/\/oud.alplift.com\/pl\/wp-json\/wp\/v2\/comments?post=2056"}],"version-history":[{"count":0,"href":"https:\/\/oud.alplift.com\/pl\/wp-json\/wp\/v2\/pages\/2056\/revisions"}],"up":[{"embeddable":true,"href":"https:\/\/oud.alplift.com\/pl\/wp-json\/wp\/v2\/pages\/3540"}],"wp:attachment":[{"href":"https:\/\/oud.alplift.com\/pl\/wp-json\/wp\/v2\/media?parent=2056"}],"curies":[{"name":"wp","href":"https:\/\/api.w.org\/{rel}","templated":true}]}}