
{"id":2021,"date":"2021-01-08T10:35:22","date_gmt":"2021-01-08T09:35:22","guid":{"rendered":"https:\/\/oud.alplift.com\/podnosnik-towarowy-z-platforma\/"},"modified":"2021-02-04T20:32:20","modified_gmt":"2021-02-04T19:32:20","slug":"podnosnik-towarowy-z-platforma","status":"publish","type":"page","link":"https:\/\/oud.alplift.com\/pl\/podnosniki-koszowe\/podnosnik-towarowy-z-platforma\/","title":{"rendered":"Podno\u015bnik towarowy z platform\u0105"},"content":{"rendered":"<div id='full_slider_1'  class='avia-fullwidth-slider main_color avia-shadow av-small-hide av-mini-hide  avia-builder-el-0  el_before_av_slideshow_full  avia-builder-el-first   container_wrap sidebar_right'  ><div  class='avia-slideshow av-khahiydf-5254652e4fc64c63458df2d30f9ea292 avia-slideshow-no scaling av_slideshow_full avia-slide-slider av-small-hide av-mini-hide av-slideshow-ui av-control-default av-slideshow-manual av-loop-once av-loop-manual-endless av-default-height-applied   avia-slideshow-1' data-slideshow-options=\"{&quot;animation&quot;:&quot;slide&quot;,&quot;autoplay&quot;:false,&quot;loop_autoplay&quot;:&quot;once&quot;,&quot;interval&quot;:5,&quot;loop_manual&quot;:&quot;manual-endless&quot;,&quot;autoplay_stopper&quot;:false,&quot;noNavigation&quot;:false,&quot;bg_slider&quot;:false,&quot;keep_padding&quot;:false,&quot;hoverpause&quot;:false,&quot;show_slide_delay&quot;:0}\"  itemprop=\"image\" itemscope=\"itemscope\" itemtype=\"https:\/\/schema.org\/ImageObject\" ><ul class='avia-slideshow-inner ' style='padding-bottom: 20.333333333333%;'><li  class='avia-slideshow-slide av-khahiydf-5254652e4fc64c63458df2d30f9ea292__0  av-single-slide slide-1 slide-odd'><div data-rel='slideshow-1' class='avia-slide-wrap '   ><img decoding=\"async\" fetchpriority=\"high\" class=\"wp-image-4149 avia-img-lazy-loading-not-4149\"  src=\"https:\/\/oud.alplift.com\/wp-content\/uploads\/2020\/11\/Alp-Lift_Low-access-hoogwerker_serie-kleur-e1561542714975.jpg\" width=\"1200\" height=\"244\" title='Alp-Lift_Low-access-hoogwerker_serie-kleur' alt=''  itemprop=\"thumbnailUrl\" srcset=\"https:\/\/oud.alplift.com\/wp-content\/uploads\/2020\/11\/Alp-Lift_Low-access-hoogwerker_serie-kleur-e1561542714975.jpg 1200w, https:\/\/oud.alplift.com\/wp-content\/uploads\/2020\/11\/Alp-Lift_Low-access-hoogwerker_serie-kleur-e1561542714975-300x61.jpg 300w, https:\/\/oud.alplift.com\/wp-content\/uploads\/2020\/11\/Alp-Lift_Low-access-hoogwerker_serie-kleur-e1561542714975-1030x209.jpg 1030w, https:\/\/oud.alplift.com\/wp-content\/uploads\/2020\/11\/Alp-Lift_Low-access-hoogwerker_serie-kleur-e1561542714975-768x156.jpg 768w, https:\/\/oud.alplift.com\/wp-content\/uploads\/2020\/11\/Alp-Lift_Low-access-hoogwerker_serie-kleur-e1561542714975-705x143.jpg 705w, https:\/\/oud.alplift.com\/wp-content\/uploads\/2020\/11\/Alp-Lift_Low-access-hoogwerker_serie-kleur-e1561542714975-600x122.jpg 600w\" sizes=\"(max-width: 1200px) 100vw, 1200px\" \/><\/div><\/li><\/ul><\/div><\/div>\n<div id='full_slider_2'  class='avia-fullwidth-slider main_color avia-shadow av-desktop-hide av-medium-hide  avia-builder-el-1  el_after_av_slideshow_full  el_before_av_one_full   slider-not-first container_wrap sidebar_right'  ><div  class='avia-slideshow av-khahiydf-3e98aa49beff7477f0fe1e918b6db474 avia-slideshow-no scaling av_slideshow_full avia-slide-slider av-desktop-hide av-medium-hide av-slideshow-ui av-control-default av-slideshow-manual av-loop-once av-loop-manual-endless av-default-height-applied   avia-slideshow-2' data-slideshow-options=\"{&quot;animation&quot;:&quot;slide&quot;,&quot;autoplay&quot;:false,&quot;loop_autoplay&quot;:&quot;once&quot;,&quot;interval&quot;:5,&quot;loop_manual&quot;:&quot;manual-endless&quot;,&quot;autoplay_stopper&quot;:false,&quot;noNavigation&quot;:false,&quot;bg_slider&quot;:false,&quot;keep_padding&quot;:false,&quot;hoverpause&quot;:false,&quot;show_slide_delay&quot;:0}\"  itemprop=\"image\" itemscope=\"itemscope\" itemtype=\"https:\/\/schema.org\/ImageObject\" ><ul class='avia-slideshow-inner ' style='padding-bottom: 20.333333333333%;'><li  class='avia-slideshow-slide av-khahiydf-3e98aa49beff7477f0fe1e918b6db474__0  av-single-slide slide-1 slide-odd'><div data-rel='slideshow-2' class='avia-slide-wrap '   ><img decoding=\"async\" fetchpriority=\"high\" class=\"wp-image-4149 avia-img-lazy-loading-not-4149\"  src=\"https:\/\/oud.alplift.com\/wp-content\/uploads\/2020\/11\/Alp-Lift_Low-access-hoogwerker_serie-kleur-e1561542714975.jpg\" width=\"1200\" height=\"244\" title='Alp-Lift_Low-access-hoogwerker_serie-kleur' alt=''  itemprop=\"thumbnailUrl\" srcset=\"https:\/\/oud.alplift.com\/wp-content\/uploads\/2020\/11\/Alp-Lift_Low-access-hoogwerker_serie-kleur-e1561542714975.jpg 1200w, https:\/\/oud.alplift.com\/wp-content\/uploads\/2020\/11\/Alp-Lift_Low-access-hoogwerker_serie-kleur-e1561542714975-300x61.jpg 300w, https:\/\/oud.alplift.com\/wp-content\/uploads\/2020\/11\/Alp-Lift_Low-access-hoogwerker_serie-kleur-e1561542714975-1030x209.jpg 1030w, https:\/\/oud.alplift.com\/wp-content\/uploads\/2020\/11\/Alp-Lift_Low-access-hoogwerker_serie-kleur-e1561542714975-768x156.jpg 768w, https:\/\/oud.alplift.com\/wp-content\/uploads\/2020\/11\/Alp-Lift_Low-access-hoogwerker_serie-kleur-e1561542714975-705x143.jpg 705w, https:\/\/oud.alplift.com\/wp-content\/uploads\/2020\/11\/Alp-Lift_Low-access-hoogwerker_serie-kleur-e1561542714975-600x122.jpg 600w\" sizes=\"(max-width: 1200px) 100vw, 1200px\" \/><\/div><\/li><\/ul><\/div><\/div><div id='after_full_slider_2'  class='main_color av_default_container_wrap container_wrap sidebar_right'  ><div class='container av-section-cont-open' ><div class='template-page content  av-content-small alpha units'><div class='post-entry post-entry-type-page post-entry-2021'><div class='entry-content-wrapper clearfix'>\n\n<style type=\"text\/css\" data-created_by=\"avia_inline_auto\" id=\"style-css-av-awrup-fbdf344dfaf4a886838da66ad812acd7\">\n.flex_column.av-awrup-fbdf344dfaf4a886838da66ad812acd7{\nborder-radius:0px 0px 0px 0px;\npadding:0px 0px 0px 0px;\n}\n<\/style>\n<div  class='flex_column av-awrup-fbdf344dfaf4a886838da66ad812acd7 av_one_full  avia-builder-el-2  el_after_av_slideshow_full  avia-builder-el-no-sibling  first flex_column_div av-zero-column-padding  '     ><section  class='av_textblock_section av-khahp5q8-056e40107138f9a97775560fdbdf7a79 '   itemscope=\"itemscope\" itemtype=\"https:\/\/schema.org\/CreativeWork\" ><div class='avia_textblock'  itemprop=\"text\" ><h2>Podno\u015bnik towarowy z platform\u0105<\/h2>\n<p>Podno\u015bnik towarowy z platform\u0105 dost\u0119pem to jednoosobowy podno\u015bnik, kt\u00f3ry mo\u017ce by\u0107 u\u017cywany do pracy na wysoko\u015bci roboczej do 5 metr\u00f3w. Nazywa si\u0119 je r\u00f3wnie\u017c komisjonowaniem. Korzystanie z podno\u015bnika o niskim dost\u0119pie jest proste, wydajne i bezpieczne oraz stanowi doskona\u0142\u0105 alternatyw\u0119 dla drabin, stopni, rusztowa\u0144 lub rusztowa\u0144. Podczas pracy masz wolne r\u0119ce i jest miejsce na narz\u0119dzia lub materia\u0142y, dzi\u0119ki czemu praca mo\u017ce by\u0107 wykonywana wydajniej, a przede wszystkim bezpieczniej. Ten typ maszyny ma ma\u0142\u0105 obudow\u0119, dzi\u0119ki czemu pasuje do wi\u0119kszo\u015bci standardowych o\u015bcie\u017cnic i wind. Ze wzgl\u0119du na nisk\u0105 wag\u0119 nadaj\u0105 si\u0119 do wszystkich typ\u00f3w pod\u0142\u00f3g. To sprawia, \u017ce \u200b\u200bta platforma ma szerokie zastosowanie w wielu sektorach, takich jak handel detaliczny, przemys\u0142, budynki rz\u0105dowe, szpitale, szko\u0142y itp.      <\/p>\n<p>Alp Lift ma w swojej ofercie Podno\u015bnik towarowy z platform\u0105 dost\u0119pie firmy EP Equipment. Ciekawi Ci\u0119, jak ta maszyna mo\u017ce uczyni\u0107 Twoj\u0105 prac\u0119 wydajniejsz\u0105 i bezpieczniejsz\u0105? Zobacz ten produkt i popro\u015b o wycen\u0119 online. Te maszyny s\u0105 dost\u0119pne z magazynu.    <\/p>\n<p> Panele boczne malujemy ca\u0142kowicie bezp\u0142atnie na dowolny kolor.<\/p>\n<\/div><\/section><br \/>\n<section  class='av_textblock_section av-khlsbs60-f680bbf91feb6121bc632a8b9f634a5b '   itemscope=\"itemscope\" itemtype=\"https:\/\/schema.org\/CreativeWork\" ><div class='avia_textblock'  itemprop=\"text\" ><p><div class=\"woocommerce columns-4 \"><div class=\"facetwp-template\"><ul class=\"products columns-4\">\n<li class=\"product type-product post-3392 status-publish first instock product_cat-podnosnik-towarowy-z-platforma product_cat-podnosniki-koszowe has-post-thumbnail shipping-taxable product-type-simple\">\n\t<div class='inner_product main_color wrapped_style noLightbox  av-product-class-'><a href=\"https:\/\/oud.alplift.com\/pl\/produkt\/1-osobowy-podnosnik-koszowy\/\" class=\"woocommerce-LoopProduct-link woocommerce-loop-product__link\"><div class=\"thumbnail_container\"><img decoding=\"async\" loading=\"lazy\" width=\"300\" height=\"300\" src=\"https:\/\/oud.alplift.com\/wp-content\/uploads\/2021\/01\/Schermafbeelding-2019-06-19-om-21.15.46-e1560974490251-300x300.png\" class=\"wp-image-2830 avia-img-lazy-loading-2830 attachment-shop_catalog size-shop_catalog wp-post-image\" alt=\"\" srcset=\"https:\/\/oud.alplift.com\/wp-content\/uploads\/2021\/01\/Schermafbeelding-2019-06-19-om-21.15.46-e1560974490251-300x300.png 300w, https:\/\/oud.alplift.com\/wp-content\/uploads\/2021\/01\/Schermafbeelding-2019-06-19-om-21.15.46-e1560974490251-80x80.png 80w, https:\/\/oud.alplift.com\/wp-content\/uploads\/2021\/01\/Schermafbeelding-2019-06-19-om-21.15.46-e1560974490251-36x36.png 36w, https:\/\/oud.alplift.com\/wp-content\/uploads\/2021\/01\/Schermafbeelding-2019-06-19-om-21.15.46-e1560974490251-180x180.png 180w, https:\/\/oud.alplift.com\/wp-content\/uploads\/2021\/01\/Schermafbeelding-2019-06-19-om-21.15.46-e1560974490251-100x100.png 100w\" sizes=\"auto, (max-width: 300px) 100vw, 300px\" \/><span class=\"cart-loading\"><\/span><\/div><div class='inner_product_header'><div class='avia-arrow'><\/div><div class='inner_product_header_table'><div class='inner_product_header_cell'><h2 class=\"woocommerce-loop-product__title\">1-osobowy podno\u015bnik koszowy<\/h2>\n<\/div><\/div><\/div><\/a><div class='avia_cart_buttons '>\t<span id=\"woocommerce_loop_add_to_cart_link_describedby_3392\" class=\"screen-reader-text\"><span aria-hidden='true' data-av_icon='\ue859' data-av_iconfont='entypo-fontello'><\/span> \n\t\t\t<\/span>\n<a class=\"button show_details_button\" href=\"https:\/\/oud.alplift.com\/pl\/produkt\/1-osobowy-podnosnik-koszowy\/\"><span aria-hidden='true' data-av_icon='\ue84b' data-av_iconfont='entypo-fontello'><\/span>  Szczeg\u00f3\u0142y<\/a> <span class=\"button-mini-delimiter\"><\/span><\/div><\/div><\/li>\n<\/ul>\n<\/div><!-- end facetwp-template --><\/div>.<\/p>\n<\/div><\/section><\/p><\/div>\n","protected":false},"excerpt":{"rendered":"","protected":false},"author":3,"featured_media":0,"parent":3540,"menu_order":0,"comment_status":"closed","ping_status":"closed","template":"","meta":{"footnotes":""},"class_list":["post-2021","page","type-page","status-publish","hentry"],"yoast_head":"<!-- This site is optimized with the Yoast SEO plugin v24.0 - https:\/\/yoast.com\/wordpress\/plugins\/seo\/ -->\n<title>Podno\u015bnik towarowy z platform\u0105 | Alp Lift Polska<\/title>\n<meta name=\"description\" content=\"Podno\u015bnik towarowy z platform\u0105 dost\u0119pie sprawia, \u017ce \u200b\u200bpraca do 5 metr\u00f3w jest znacznie wydajniejsza i bezpieczniejsza. Obejrzyj t\u0119 maszyn\u0119 w Alp Lift i popro\u015b o wycen\u0119.\" \/>\n<meta name=\"robots\" content=\"noindex, follow, max-snippet:-1, max-image-preview:large, max-video-preview:-1\" \/>\n<meta property=\"og:locale\" content=\"pl_PL\" \/>\n<meta property=\"og:type\" content=\"article\" \/>\n<meta property=\"og:title\" content=\"Podno\u015bnik towarowy z platform\u0105 | Alp Lift Polska\" \/>\n<meta property=\"og:description\" content=\"Podno\u015bnik towarowy z platform\u0105 dost\u0119pie sprawia, \u017ce \u200b\u200bpraca do 5 metr\u00f3w jest znacznie wydajniejsza i bezpieczniejsza. Obejrzyj t\u0119 maszyn\u0119 w Alp Lift i popro\u015b o wycen\u0119.\" \/>\n<meta property=\"og:url\" content=\"https:\/\/oud.alplift.com\/pl\/podnosniki-koszowe\/podnosnik-towarowy-z-platforma\/\" \/>\n<meta property=\"og:site_name\" content=\"Alp Lift\" \/>\n<meta property=\"article:modified_time\" content=\"2021-02-04T19:32:20+00:00\" \/>\n<meta name=\"twitter:card\" content=\"summary_large_image\" \/>\n<meta name=\"twitter:label1\" content=\"Szacowany czas czytania\" \/>\n\t<meta name=\"twitter:data1\" content=\"3 minuty\" \/>\n<script type=\"application\/ld+json\" class=\"yoast-schema-graph\">{\"@context\":\"https:\/\/schema.org\",\"@graph\":[{\"@type\":\"WebPage\",\"@id\":\"https:\/\/oud.alplift.com\/pl\/podnosniki-koszowe\/podnosnik-towarowy-z-platforma\/\",\"url\":\"https:\/\/oud.alplift.com\/pl\/podnosniki-koszowe\/podnosnik-towarowy-z-platforma\/\",\"name\":\"Podno\u015bnik towarowy z platform\u0105 | Alp Lift Polska\",\"isPartOf\":{\"@id\":\"https:\/\/oud.alplift.com\/pl\/#website\"},\"datePublished\":\"2021-01-08T09:35:22+00:00\",\"dateModified\":\"2021-02-04T19:32:20+00:00\",\"description\":\"Podno\u015bnik towarowy z platform\u0105 dost\u0119pie sprawia, \u017ce \u200b\u200bpraca do 5 metr\u00f3w jest znacznie wydajniejsza i bezpieczniejsza. Obejrzyj t\u0119 maszyn\u0119 w Alp Lift i popro\u015b o wycen\u0119.\",\"breadcrumb\":{\"@id\":\"https:\/\/oud.alplift.com\/pl\/podnosniki-koszowe\/podnosnik-towarowy-z-platforma\/#breadcrumb\"},\"inLanguage\":\"pl-PL\",\"potentialAction\":[{\"@type\":\"ReadAction\",\"target\":[\"https:\/\/oud.alplift.com\/pl\/podnosniki-koszowe\/podnosnik-towarowy-z-platforma\/\"]}]},{\"@type\":\"BreadcrumbList\",\"@id\":\"https:\/\/oud.alplift.com\/pl\/podnosniki-koszowe\/podnosnik-towarowy-z-platforma\/#breadcrumb\",\"itemListElement\":[{\"@type\":\"ListItem\",\"position\":1,\"name\":\"Home\",\"item\":\"https:\/\/oud.alplift.com\/pl\/\"},{\"@type\":\"ListItem\",\"position\":2,\"name\":\"Podno\u015bniki koszowe\",\"item\":\"https:\/\/oud.alplift.com\/pl\/podnosniki-koszowe\/\"},{\"@type\":\"ListItem\",\"position\":3,\"name\":\"Podno\u015bnik towarowy z platform\u0105\"}]},{\"@type\":\"WebSite\",\"@id\":\"https:\/\/oud.alplift.com\/pl\/#website\",\"url\":\"https:\/\/oud.alplift.com\/pl\/\",\"name\":\"Alp Lift\",\"description\":\"Lifting Equipment\",\"potentialAction\":[{\"@type\":\"SearchAction\",\"target\":{\"@type\":\"EntryPoint\",\"urlTemplate\":\"https:\/\/oud.alplift.com\/pl\/?s={search_term_string}\"},\"query-input\":{\"@type\":\"PropertyValueSpecification\",\"valueRequired\":true,\"valueName\":\"search_term_string\"}}],\"inLanguage\":\"pl-PL\"}]}<\/script>\n<!-- \/ Yoast SEO plugin. -->","yoast_head_json":{"title":"Podno\u015bnik towarowy z platform\u0105 | Alp Lift Polska","description":"Podno\u015bnik towarowy z platform\u0105 dost\u0119pie sprawia, \u017ce \u200b\u200bpraca do 5 metr\u00f3w jest znacznie wydajniejsza i bezpieczniejsza. Obejrzyj t\u0119 maszyn\u0119 w Alp Lift i popro\u015b o wycen\u0119.","robots":{"index":"noindex","follow":"follow","max-snippet":"max-snippet:-1","max-image-preview":"max-image-preview:large","max-video-preview":"max-video-preview:-1"},"og_locale":"pl_PL","og_type":"article","og_title":"Podno\u015bnik towarowy z platform\u0105 | Alp Lift Polska","og_description":"Podno\u015bnik towarowy z platform\u0105 dost\u0119pie sprawia, \u017ce \u200b\u200bpraca do 5 metr\u00f3w jest znacznie wydajniejsza i bezpieczniejsza. Obejrzyj t\u0119 maszyn\u0119 w Alp Lift i popro\u015b o wycen\u0119.","og_url":"https:\/\/oud.alplift.com\/pl\/podnosniki-koszowe\/podnosnik-towarowy-z-platforma\/","og_site_name":"Alp Lift","article_modified_time":"2021-02-04T19:32:20+00:00","twitter_card":"summary_large_image","twitter_misc":{"Szacowany czas czytania":"3 minuty"},"schema":{"@context":"https:\/\/schema.org","@graph":[{"@type":"WebPage","@id":"https:\/\/oud.alplift.com\/pl\/podnosniki-koszowe\/podnosnik-towarowy-z-platforma\/","url":"https:\/\/oud.alplift.com\/pl\/podnosniki-koszowe\/podnosnik-towarowy-z-platforma\/","name":"Podno\u015bnik towarowy z platform\u0105 | Alp Lift Polska","isPartOf":{"@id":"https:\/\/oud.alplift.com\/pl\/#website"},"datePublished":"2021-01-08T09:35:22+00:00","dateModified":"2021-02-04T19:32:20+00:00","description":"Podno\u015bnik towarowy z platform\u0105 dost\u0119pie sprawia, \u017ce \u200b\u200bpraca do 5 metr\u00f3w jest znacznie wydajniejsza i bezpieczniejsza. Obejrzyj t\u0119 maszyn\u0119 w Alp Lift i popro\u015b o wycen\u0119.","breadcrumb":{"@id":"https:\/\/oud.alplift.com\/pl\/podnosniki-koszowe\/podnosnik-towarowy-z-platforma\/#breadcrumb"},"inLanguage":"pl-PL","potentialAction":[{"@type":"ReadAction","target":["https:\/\/oud.alplift.com\/pl\/podnosniki-koszowe\/podnosnik-towarowy-z-platforma\/"]}]},{"@type":"BreadcrumbList","@id":"https:\/\/oud.alplift.com\/pl\/podnosniki-koszowe\/podnosnik-towarowy-z-platforma\/#breadcrumb","itemListElement":[{"@type":"ListItem","position":1,"name":"Home","item":"https:\/\/oud.alplift.com\/pl\/"},{"@type":"ListItem","position":2,"name":"Podno\u015bniki koszowe","item":"https:\/\/oud.alplift.com\/pl\/podnosniki-koszowe\/"},{"@type":"ListItem","position":3,"name":"Podno\u015bnik towarowy z platform\u0105"}]},{"@type":"WebSite","@id":"https:\/\/oud.alplift.com\/pl\/#website","url":"https:\/\/oud.alplift.com\/pl\/","name":"Alp Lift","description":"Lifting Equipment","potentialAction":[{"@type":"SearchAction","target":{"@type":"EntryPoint","urlTemplate":"https:\/\/oud.alplift.com\/pl\/?s={search_term_string}"},"query-input":{"@type":"PropertyValueSpecification","valueRequired":true,"valueName":"search_term_string"}}],"inLanguage":"pl-PL"}]}},"_links":{"self":[{"href":"https:\/\/oud.alplift.com\/pl\/wp-json\/wp\/v2\/pages\/2021","targetHints":{"allow":["GET"]}}],"collection":[{"href":"https:\/\/oud.alplift.com\/pl\/wp-json\/wp\/v2\/pages"}],"about":[{"href":"https:\/\/oud.alplift.com\/pl\/wp-json\/wp\/v2\/types\/page"}],"author":[{"embeddable":true,"href":"https:\/\/oud.alplift.com\/pl\/wp-json\/wp\/v2\/users\/3"}],"replies":[{"embeddable":true,"href":"https:\/\/oud.alplift.com\/pl\/wp-json\/wp\/v2\/comments?post=2021"}],"version-history":[{"count":0,"href":"https:\/\/oud.alplift.com\/pl\/wp-json\/wp\/v2\/pages\/2021\/revisions"}],"up":[{"embeddable":true,"href":"https:\/\/oud.alplift.com\/pl\/wp-json\/wp\/v2\/pages\/3540"}],"wp:attachment":[{"href":"https:\/\/oud.alplift.com\/pl\/wp-json\/wp\/v2\/media?parent=2021"}],"curies":[{"name":"wp","href":"https:\/\/api.w.org\/{rel}","templated":true}]}}