
{"id":1993,"date":"2021-01-07T15:27:58","date_gmt":"2021-01-07T14:27:58","guid":{"rendered":"https:\/\/oud.alplift.com\/podnosniki-przegubowy\/"},"modified":"2021-11-17T17:44:34","modified_gmt":"2021-11-17T16:44:34","slug":"podnosniki-przegubowy","status":"publish","type":"page","link":"https:\/\/oud.alplift.com\/pl\/podnosniki-koszowe\/podnosniki-przegubowy\/","title":{"rendered":"Podno\u015bniki przegubowy"},"content":{"rendered":"<div id='full_slider_1'  class='avia-fullwidth-slider main_color avia-shadow av-small-hide av-mini-hide  avia-builder-el-0  el_before_av_slideshow_full  avia-builder-el-first   container_wrap sidebar_right'  ><div  class='avia-slideshow av-av_slideshow_full-a889190a19ae02ff4efcb97f49409427 avia-slideshow-no scaling av_slideshow_full avia-slide-slider av-small-hide av-mini-hide av-slideshow-ui av-control-default av-slideshow-manual av-loop-once av-loop-manual-endless av-default-height-applied   avia-slideshow-1' data-slideshow-options=\"{&quot;animation&quot;:&quot;slide&quot;,&quot;autoplay&quot;:false,&quot;loop_autoplay&quot;:&quot;once&quot;,&quot;interval&quot;:5,&quot;loop_manual&quot;:&quot;manual-endless&quot;,&quot;autoplay_stopper&quot;:false,&quot;noNavigation&quot;:false,&quot;bg_slider&quot;:false,&quot;keep_padding&quot;:false,&quot;hoverpause&quot;:false,&quot;show_slide_delay&quot;:0}\"  itemprop=\"image\" itemscope=\"itemscope\" itemtype=\"https:\/\/schema.org\/ImageObject\" ><ul class='avia-slideshow-inner ' style='padding-bottom: 25%;'><li  class='avia-slideshow-slide av-av_slideshow_full-a889190a19ae02ff4efcb97f49409427__0  av-single-slide slide-1 slide-odd'><div data-rel='slideshow-1' class='avia-slide-wrap '   ><img decoding=\"async\" fetchpriority=\"high\" class=\"wp-image-5180 avia-img-lazy-loading-not-5180\"  src=\"https:\/\/oud.alplift.com\/wp-content\/uploads\/2021\/11\/Alp-LIft-slider-knikarmhoogwerkers.jpg\" width=\"1920\" height=\"480\" title='Alp LIft slider knikarmhoogwerkers' alt=''  itemprop=\"thumbnailUrl\" srcset=\"https:\/\/oud.alplift.com\/wp-content\/uploads\/2021\/11\/Alp-LIft-slider-knikarmhoogwerkers.jpg 1920w, https:\/\/oud.alplift.com\/wp-content\/uploads\/2021\/11\/Alp-LIft-slider-knikarmhoogwerkers-300x75.jpg 300w, https:\/\/oud.alplift.com\/wp-content\/uploads\/2021\/11\/Alp-LIft-slider-knikarmhoogwerkers-1030x258.jpg 1030w, https:\/\/oud.alplift.com\/wp-content\/uploads\/2021\/11\/Alp-LIft-slider-knikarmhoogwerkers-768x192.jpg 768w, https:\/\/oud.alplift.com\/wp-content\/uploads\/2021\/11\/Alp-LIft-slider-knikarmhoogwerkers-1536x384.jpg 1536w, https:\/\/oud.alplift.com\/wp-content\/uploads\/2021\/11\/Alp-LIft-slider-knikarmhoogwerkers-1500x375.jpg 1500w, https:\/\/oud.alplift.com\/wp-content\/uploads\/2021\/11\/Alp-LIft-slider-knikarmhoogwerkers-705x176.jpg 705w, https:\/\/oud.alplift.com\/wp-content\/uploads\/2021\/11\/Alp-LIft-slider-knikarmhoogwerkers-600x150.jpg 600w\" sizes=\"(max-width: 1920px) 100vw, 1920px\" \/><\/div><\/li><\/ul><\/div><\/div>\n<div id='full_slider_2'  class='avia-fullwidth-slider main_color avia-shadow av-desktop-hide av-medium-hide  avia-builder-el-1  el_after_av_slideshow_full  el_before_av_one_full   slider-not-first container_wrap sidebar_right'  ><div  class='avia-slideshow av-khahiydf-3e98aa49beff7477f0fe1e918b6db474 avia-slideshow-no scaling av_slideshow_full avia-slide-slider av-desktop-hide av-medium-hide av-slideshow-ui av-control-default av-slideshow-manual av-loop-once av-loop-manual-endless av-default-height-applied   avia-slideshow-2' data-slideshow-options=\"{&quot;animation&quot;:&quot;slide&quot;,&quot;autoplay&quot;:false,&quot;loop_autoplay&quot;:&quot;once&quot;,&quot;interval&quot;:5,&quot;loop_manual&quot;:&quot;manual-endless&quot;,&quot;autoplay_stopper&quot;:false,&quot;noNavigation&quot;:false,&quot;bg_slider&quot;:false,&quot;keep_padding&quot;:false,&quot;hoverpause&quot;:false,&quot;show_slide_delay&quot;:0}\"  itemprop=\"image\" itemscope=\"itemscope\" itemtype=\"https:\/\/schema.org\/ImageObject\" ><ul class='avia-slideshow-inner ' style='padding-bottom: 24.95145631068%;'><li  class='avia-slideshow-slide av-khahiydf-3e98aa49beff7477f0fe1e918b6db474__0  av-single-slide slide-1 slide-odd'><div data-rel='slideshow-2' class='avia-slide-wrap '   ><img decoding=\"async\" fetchpriority=\"high\" class=\"wp-image-6665 avia-img-lazy-loading-not-6665\"  src=\"https:\/\/oud.alplift.com\/wp-content\/uploads\/2020\/11\/ALPLIFT_sliders_montagelift-_alternatief1-1-1030x257-1.jpg\" width=\"1030\" height=\"257\" title='ALPLIFT_sliders_montagelift _alternatief1-1-1030x257' alt=''  itemprop=\"thumbnailUrl\" srcset=\"https:\/\/oud.alplift.com\/wp-content\/uploads\/2020\/11\/ALPLIFT_sliders_montagelift-_alternatief1-1-1030x257-1.jpg 1030w, https:\/\/oud.alplift.com\/wp-content\/uploads\/2020\/11\/ALPLIFT_sliders_montagelift-_alternatief1-1-1030x257-1-300x75.jpg 300w, https:\/\/oud.alplift.com\/wp-content\/uploads\/2020\/11\/ALPLIFT_sliders_montagelift-_alternatief1-1-1030x257-1-768x192.jpg 768w, https:\/\/oud.alplift.com\/wp-content\/uploads\/2020\/11\/ALPLIFT_sliders_montagelift-_alternatief1-1-1030x257-1-705x176.jpg 705w, https:\/\/oud.alplift.com\/wp-content\/uploads\/2020\/11\/ALPLIFT_sliders_montagelift-_alternatief1-1-1030x257-1-600x150.jpg 600w\" sizes=\"(max-width: 1030px) 100vw, 1030px\" \/><\/div><\/li><\/ul><\/div><\/div><div id='after_full_slider_2'  class='main_color av_default_container_wrap container_wrap sidebar_right'  ><div class='container av-section-cont-open' ><div class='template-page content  av-content-small alpha units'><div class='post-entry post-entry-type-page post-entry-1993'><div class='entry-content-wrapper clearfix'>\n\n<style type=\"text\/css\" data-created_by=\"avia_inline_auto\" id=\"style-css-av-awrup-fbdf344dfaf4a886838da66ad812acd7\">\n.flex_column.av-awrup-fbdf344dfaf4a886838da66ad812acd7{\nborder-radius:0px 0px 0px 0px;\npadding:0px 0px 0px 0px;\n}\n<\/style>\n<div  class='flex_column av-awrup-fbdf344dfaf4a886838da66ad812acd7 av_one_full  avia-builder-el-2  el_after_av_slideshow_full  el_before_av_textblock  avia-builder-el-first  first flex_column_div av-zero-column-padding  '     ><section  class='av_textblock_section av-khahp5q8-056e40107138f9a97775560fdbdf7a79 '   itemscope=\"itemscope\" itemtype=\"https:\/\/schema.org\/CreativeWork\" ><div class='avia_textblock'  itemprop=\"text\" ><h2>Podno\u015bniki przegubowy<\/h2>\n<p>Chcesz po\u0142\u0105czy\u0107 wysoko\u015b\u0107 robocz\u0105 z zasi\u0119giem poziomym? Alp Lift oferuje podno\u015bniki przegubowe firm Dingli i Zoomlion. Dzi\u0119ki sk\u0142adanemu ramieniu mo\u017cesz bezpiecznie i \u0142atwo pracowa\u0107 wzd\u0142u\u017c i nad przedmiotami oraz w trudno dost\u0119pnych miejscach. Podno\u015bniki przegubowe Dingli s\u0105 dost\u0119pne w dw\u00f3ch wersjach: wysokopr\u0119\u017cnej i elektrycznej, a ich wysoko\u015b\u0107 robocza waha si\u0119 od 16 do 18 metr\u00f3w. D\u0142ugo\u015b\u0107 transportowa tych du\u017cych platform napowietrznych jest ograniczona do maksymalnie 6,10 metra. Dingli sprytnie uda\u0142o si\u0119 po\u0142\u0105czy\u0107 wysoko\u015b\u0107 w pionie z szerokim zasi\u0119giem w poziomie. Kontynuuj\u0105c wprowadzanie innowacji w dziedzinie technologii i bezpiecze\u0144stwa, Dingli ma ugruntowan\u0105 nazw\u0119 w dziedzinie podno\u015bnik\u00f3w przegubowo-teleskopowych.<\/p>\n<p>Zoomlion produkuje r\u00f3wnie\u017c wysokiej jako\u015bci podno\u015bniki przegubowe elektryczne i spalinowe (wysoko\u015b\u0107 robocza 16 &#8211; 36 m). Wszystkie modele maj\u0105 JIB z platform\u0105 obracan\u0105 o 90 \u00b0, a wi\u0119kszo\u015b\u0107 modeli mo\u017ce obraca\u0107 si\u0119 o 360 \u00b0. Zasi\u0119g pracy tych podno\u015bnik\u00f3w koszowych (poziomy i pionowy) jest wyj\u0105tkowy przy pe\u0142nym obci\u0105\u017ceniu klatki. Dzi\u0119ki inteligentnemu systemowi sterowania zu\u017cycie energii jest bardzo wydajne, dzi\u0119ki czemu podno\u015bnik koszowy mo\u017ce by\u0107 efektywnie u\u017cywany.<\/p>\n<p>Poni\u017cej mo\u017cesz zobaczy\u0107 r\u00f3\u017cne modele i wersje. Ch\u0119tnie pomo\u017cemy w dokonaniu najlepszego wyboru, kt\u00f3ry odpowiada Twoim potrzebom. Popro\u015b o wycen\u0119 online bez zobowi\u0105za\u0144. Wiele maszyn jest dost\u0119pnych z magazynu. Mo\u017cliwa jest wymiana starej maszyny.<\/p>\n<\/div><\/section><\/div>\n<section  class='av_textblock_section av-khkjrriy-1d448cc7703f44a04ad3dd4026fb8362 '   itemscope=\"itemscope\" itemtype=\"https:\/\/schema.org\/CreativeWork\" ><div class='avia_textblock'  itemprop=\"text\" ><p><div class=\"woocommerce columns-4 \"><div class=\"facetwp-template\"><ul class=\"products columns-4\">\n<li class=\"product type-product post-4809 status-publish first instock product_cat-podnosniki-koszowe product_cat-podnosniki-przegubowy has-post-thumbnail shipping-taxable product-type-simple\">\n\t<div class='inner_product main_color wrapped_style noLightbox  av-product-class-'><a href=\"https:\/\/oud.alplift.com\/pl\/produkt\/podnosnik-przegubowy-za10rje-zoomlion\/\" class=\"woocommerce-LoopProduct-link woocommerce-loop-product__link\"><div class=\"thumbnail_container\"><img decoding=\"async\" loading=\"lazy\" width=\"300\" height=\"300\" src=\"https:\/\/oud.alplift.com\/wp-content\/uploads\/2021\/10\/Zoomlion-ZA10rje-op-hoogte-300x300.png\" class=\"wp-image-4933 avia-img-lazy-loading-4933 attachment-shop_catalog size-shop_catalog wp-post-image\" alt=\"\" srcset=\"https:\/\/oud.alplift.com\/wp-content\/uploads\/2021\/10\/Zoomlion-ZA10rje-op-hoogte-300x300.png 300w, https:\/\/oud.alplift.com\/wp-content\/uploads\/2021\/10\/Zoomlion-ZA10rje-op-hoogte-80x80.png 80w, https:\/\/oud.alplift.com\/wp-content\/uploads\/2021\/10\/Zoomlion-ZA10rje-op-hoogte-36x36.png 36w, https:\/\/oud.alplift.com\/wp-content\/uploads\/2021\/10\/Zoomlion-ZA10rje-op-hoogte-180x180.png 180w, https:\/\/oud.alplift.com\/wp-content\/uploads\/2021\/10\/Zoomlion-ZA10rje-op-hoogte-100x100.png 100w\" sizes=\"auto, (max-width: 300px) 100vw, 300px\" \/><span class=\"cart-loading\"><\/span><\/div><div class='inner_product_header'><div class='avia-arrow'><\/div><div class='inner_product_header_table'><div class='inner_product_header_cell'><h2 class=\"woocommerce-loop-product__title\">Podno\u015bnik przegubowy ZA10RJE &#8211; Zoomlion<\/h2>\n<\/div><\/div><\/div><\/a><div class='avia_cart_buttons '>\t<span id=\"woocommerce_loop_add_to_cart_link_describedby_4809\" class=\"screen-reader-text\"><span aria-hidden='true' data-av_icon='\ue859' data-av_iconfont='entypo-fontello'><\/span> \n\t\t\t<\/span>\n<a class=\"button show_details_button\" href=\"https:\/\/oud.alplift.com\/pl\/produkt\/podnosnik-przegubowy-za10rje-zoomlion\/\"><span aria-hidden='true' data-av_icon='\ue84b' data-av_iconfont='entypo-fontello'><\/span>  Szczeg\u00f3\u0142y<\/a> <span class=\"button-mini-delimiter\"><\/span><\/div><\/div><\/li>\n<li class=\"product type-product post-3401 status-publish instock product_cat-podnosniki-koszowe product_cat-podnosniki-przegubowy shipping-taxable product-type-simple\">\n\t<div class='inner_product main_color wrapped_style noLightbox  av-product-class-'><a href=\"https:\/\/oud.alplift.com\/pl\/produkt\/podnosnik-przegubowy-za14j-zoomlion\/\" class=\"woocommerce-LoopProduct-link woocommerce-loop-product__link\"><div class=\"thumbnail_container\"><img decoding=\"async\" src=\"https:\/\/oud.alplift.com\/wp-content\/uploads\/woocommerce-placeholder.png\" height=\"450\" width=\"450\" loading=\"lazy\" alt=\"Placeholder image\"><span class=\"cart-loading\"><\/span><\/div><div class='inner_product_header'><div class='avia-arrow'><\/div><div class='inner_product_header_table'><div class='inner_product_header_cell'><h2 class=\"woocommerce-loop-product__title\">Podno\u015bnik przegubowy ZA14J &#8211; Zoomlion<\/h2>\n<\/div><\/div><\/div><\/a><div class='avia_cart_buttons '>\t<span id=\"woocommerce_loop_add_to_cart_link_describedby_3401\" class=\"screen-reader-text\"><span aria-hidden='true' data-av_icon='\ue859' data-av_iconfont='entypo-fontello'><\/span> \n\t\t\t<\/span>\n<a class=\"button show_details_button\" href=\"https:\/\/oud.alplift.com\/pl\/produkt\/podnosnik-przegubowy-za14j-zoomlion\/\"><span aria-hidden='true' data-av_icon='\ue84b' data-av_iconfont='entypo-fontello'><\/span>  Szczeg\u00f3\u0142y<\/a> <span class=\"button-mini-delimiter\"><\/span><\/div><\/div><\/li>\n<li class=\"product type-product post-3402 status-publish instock product_cat-podnosniki-koszowe product_cat-podnosniki-przegubowy shipping-taxable product-type-simple\">\n\t<div class='inner_product main_color wrapped_style noLightbox  av-product-class-'><a href=\"https:\/\/oud.alplift.com\/pl\/produkt\/podnosnik-przegubowy-elektryczny-za20je-zoomlion\/\" class=\"woocommerce-LoopProduct-link woocommerce-loop-product__link\"><div class=\"thumbnail_container\"><img decoding=\"async\" src=\"https:\/\/oud.alplift.com\/wp-content\/uploads\/woocommerce-placeholder.png\" height=\"450\" width=\"450\" loading=\"lazy\" alt=\"Placeholder image\"><span class=\"cart-loading\"><\/span><\/div><div class='inner_product_header'><div class='avia-arrow'><\/div><div class='inner_product_header_table'><div class='inner_product_header_cell'><h2 class=\"woocommerce-loop-product__title\">Podno\u015bnik przegubowy elektryczny ZA20JE &#8211; Zoomlion<\/h2>\n<\/div><\/div><\/div><\/a><div class='avia_cart_buttons '>\t<span id=\"woocommerce_loop_add_to_cart_link_describedby_3402\" class=\"screen-reader-text\"><span aria-hidden='true' data-av_icon='\ue859' data-av_iconfont='entypo-fontello'><\/span> \n\t\t\t<\/span>\n<a class=\"button show_details_button\" href=\"https:\/\/oud.alplift.com\/pl\/produkt\/podnosnik-przegubowy-elektryczny-za20je-zoomlion\/\"><span aria-hidden='true' data-av_icon='\ue84b' data-av_iconfont='entypo-fontello'><\/span>  Szczeg\u00f3\u0142y<\/a> <span class=\"button-mini-delimiter\"><\/span><\/div><\/div><\/li>\n<li class=\"product type-product post-3403 status-publish last instock product_cat-podnosniki-koszowe product_cat-podnosniki-przegubowy shipping-taxable product-type-simple\">\n\t<div class='inner_product main_color wrapped_style noLightbox  av-product-class-'><a href=\"https:\/\/oud.alplift.com\/pl\/produkt\/podnosnik-przegubowy-elektryczny-za14je-zoomlion\/\" class=\"woocommerce-LoopProduct-link woocommerce-loop-product__link\"><div class=\"thumbnail_container\"><img decoding=\"async\" src=\"https:\/\/oud.alplift.com\/wp-content\/uploads\/woocommerce-placeholder.png\" height=\"450\" width=\"450\" loading=\"lazy\" alt=\"Placeholder image\"><span class=\"cart-loading\"><\/span><\/div><div class='inner_product_header'><div class='avia-arrow'><\/div><div class='inner_product_header_table'><div class='inner_product_header_cell'><h2 class=\"woocommerce-loop-product__title\">Podno\u015bnik przegubowy elektryczny ZA14JE &#8211; Zoomlion<\/h2>\n<\/div><\/div><\/div><\/a><div class='avia_cart_buttons '>\t<span id=\"woocommerce_loop_add_to_cart_link_describedby_3403\" class=\"screen-reader-text\"><span aria-hidden='true' data-av_icon='\ue859' data-av_iconfont='entypo-fontello'><\/span> \n\t\t\t<\/span>\n<a class=\"button show_details_button\" href=\"https:\/\/oud.alplift.com\/pl\/produkt\/podnosnik-przegubowy-elektryczny-za14je-zoomlion\/\"><span aria-hidden='true' data-av_icon='\ue84b' data-av_iconfont='entypo-fontello'><\/span>  Szczeg\u00f3\u0142y<\/a> <span class=\"button-mini-delimiter\"><\/span><\/div><\/div><\/li>\n<\/ul>\n<\/div><!-- end facetwp-template --><\/div>.<\/p>\n<\/div><\/section>\n<section  class='av_textblock_section av-73v51-4d2d32e3792f24098faa28f42e515955 '   itemscope=\"itemscope\" itemtype=\"https:\/\/schema.org\/CreativeWork\" ><div class='avia_textblock'  itemprop=\"text\" ><\/div><\/section>\n","protected":false},"excerpt":{"rendered":"","protected":false},"author":3,"featured_media":0,"parent":3540,"menu_order":0,"comment_status":"closed","ping_status":"closed","template":"","meta":{"footnotes":""},"class_list":["post-1993","page","type-page","status-publish","hentry"],"yoast_head":"<!-- This site is optimized with the Yoast SEO plugin v24.0 - https:\/\/yoast.com\/wordpress\/plugins\/seo\/ -->\n<title>Podno\u015bniki przegubowy | Alp Lift Polska<\/title>\n<meta name=\"description\" content=\"Kup lub wynajmij podno\u015bnik przegubowy. Odkryj podno\u015bniki koszowe Dingli i Zoomlion w Alp Lift. Wysoko\u015b\u0107 robocza waha si\u0119 od 16 do 36 metr\u00f3w.\" \/>\n<meta name=\"robots\" content=\"noindex, follow, max-snippet:-1, max-image-preview:large, max-video-preview:-1\" \/>\n<meta property=\"og:locale\" content=\"pl_PL\" \/>\n<meta property=\"og:type\" content=\"article\" \/>\n<meta property=\"og:title\" content=\"Podno\u015bniki przegubowy | Alp Lift Polska\" \/>\n<meta property=\"og:description\" content=\"Kup lub wynajmij podno\u015bnik przegubowy. Odkryj podno\u015bniki koszowe Dingli i Zoomlion w Alp Lift. Wysoko\u015b\u0107 robocza waha si\u0119 od 16 do 36 metr\u00f3w.\" \/>\n<meta property=\"og:url\" content=\"https:\/\/oud.alplift.com\/pl\/podnosniki-koszowe\/podnosniki-przegubowy\/\" \/>\n<meta property=\"og:site_name\" content=\"Alp Lift\" \/>\n<meta property=\"article:modified_time\" content=\"2021-11-17T16:44:34+00:00\" \/>\n<meta name=\"twitter:card\" content=\"summary_large_image\" \/>\n<meta name=\"twitter:label1\" content=\"Szacowany czas czytania\" \/>\n\t<meta name=\"twitter:data1\" content=\"4 minuty\" \/>\n<script type=\"application\/ld+json\" class=\"yoast-schema-graph\">{\"@context\":\"https:\/\/schema.org\",\"@graph\":[{\"@type\":\"WebPage\",\"@id\":\"https:\/\/oud.alplift.com\/pl\/podnosniki-koszowe\/podnosniki-przegubowy\/\",\"url\":\"https:\/\/oud.alplift.com\/pl\/podnosniki-koszowe\/podnosniki-przegubowy\/\",\"name\":\"Podno\u015bniki przegubowy | Alp Lift Polska\",\"isPartOf\":{\"@id\":\"https:\/\/oud.alplift.com\/pl\/#website\"},\"datePublished\":\"2021-01-07T14:27:58+00:00\",\"dateModified\":\"2021-11-17T16:44:34+00:00\",\"description\":\"Kup lub wynajmij podno\u015bnik przegubowy. Odkryj podno\u015bniki koszowe Dingli i Zoomlion w Alp Lift. Wysoko\u015b\u0107 robocza waha si\u0119 od 16 do 36 metr\u00f3w.\",\"breadcrumb\":{\"@id\":\"https:\/\/oud.alplift.com\/pl\/podnosniki-koszowe\/podnosniki-przegubowy\/#breadcrumb\"},\"inLanguage\":\"pl-PL\",\"potentialAction\":[{\"@type\":\"ReadAction\",\"target\":[\"https:\/\/oud.alplift.com\/pl\/podnosniki-koszowe\/podnosniki-przegubowy\/\"]}]},{\"@type\":\"BreadcrumbList\",\"@id\":\"https:\/\/oud.alplift.com\/pl\/podnosniki-koszowe\/podnosniki-przegubowy\/#breadcrumb\",\"itemListElement\":[{\"@type\":\"ListItem\",\"position\":1,\"name\":\"Home\",\"item\":\"https:\/\/oud.alplift.com\/pl\/\"},{\"@type\":\"ListItem\",\"position\":2,\"name\":\"Podno\u015bniki koszowe\",\"item\":\"https:\/\/oud.alplift.com\/pl\/podnosniki-koszowe\/\"},{\"@type\":\"ListItem\",\"position\":3,\"name\":\"Podno\u015bniki przegubowy\"}]},{\"@type\":\"WebSite\",\"@id\":\"https:\/\/oud.alplift.com\/pl\/#website\",\"url\":\"https:\/\/oud.alplift.com\/pl\/\",\"name\":\"Alp Lift\",\"description\":\"Lifting Equipment\",\"potentialAction\":[{\"@type\":\"SearchAction\",\"target\":{\"@type\":\"EntryPoint\",\"urlTemplate\":\"https:\/\/oud.alplift.com\/pl\/?s={search_term_string}\"},\"query-input\":{\"@type\":\"PropertyValueSpecification\",\"valueRequired\":true,\"valueName\":\"search_term_string\"}}],\"inLanguage\":\"pl-PL\"}]}<\/script>\n<!-- \/ Yoast SEO plugin. -->","yoast_head_json":{"title":"Podno\u015bniki przegubowy | Alp Lift Polska","description":"Kup lub wynajmij podno\u015bnik przegubowy. Odkryj podno\u015bniki koszowe Dingli i Zoomlion w Alp Lift. Wysoko\u015b\u0107 robocza waha si\u0119 od 16 do 36 metr\u00f3w.","robots":{"index":"noindex","follow":"follow","max-snippet":"max-snippet:-1","max-image-preview":"max-image-preview:large","max-video-preview":"max-video-preview:-1"},"og_locale":"pl_PL","og_type":"article","og_title":"Podno\u015bniki przegubowy | Alp Lift Polska","og_description":"Kup lub wynajmij podno\u015bnik przegubowy. Odkryj podno\u015bniki koszowe Dingli i Zoomlion w Alp Lift. Wysoko\u015b\u0107 robocza waha si\u0119 od 16 do 36 metr\u00f3w.","og_url":"https:\/\/oud.alplift.com\/pl\/podnosniki-koszowe\/podnosniki-przegubowy\/","og_site_name":"Alp Lift","article_modified_time":"2021-11-17T16:44:34+00:00","twitter_card":"summary_large_image","twitter_misc":{"Szacowany czas czytania":"4 minuty"},"schema":{"@context":"https:\/\/schema.org","@graph":[{"@type":"WebPage","@id":"https:\/\/oud.alplift.com\/pl\/podnosniki-koszowe\/podnosniki-przegubowy\/","url":"https:\/\/oud.alplift.com\/pl\/podnosniki-koszowe\/podnosniki-przegubowy\/","name":"Podno\u015bniki przegubowy | Alp Lift Polska","isPartOf":{"@id":"https:\/\/oud.alplift.com\/pl\/#website"},"datePublished":"2021-01-07T14:27:58+00:00","dateModified":"2021-11-17T16:44:34+00:00","description":"Kup lub wynajmij podno\u015bnik przegubowy. Odkryj podno\u015bniki koszowe Dingli i Zoomlion w Alp Lift. Wysoko\u015b\u0107 robocza waha si\u0119 od 16 do 36 metr\u00f3w.","breadcrumb":{"@id":"https:\/\/oud.alplift.com\/pl\/podnosniki-koszowe\/podnosniki-przegubowy\/#breadcrumb"},"inLanguage":"pl-PL","potentialAction":[{"@type":"ReadAction","target":["https:\/\/oud.alplift.com\/pl\/podnosniki-koszowe\/podnosniki-przegubowy\/"]}]},{"@type":"BreadcrumbList","@id":"https:\/\/oud.alplift.com\/pl\/podnosniki-koszowe\/podnosniki-przegubowy\/#breadcrumb","itemListElement":[{"@type":"ListItem","position":1,"name":"Home","item":"https:\/\/oud.alplift.com\/pl\/"},{"@type":"ListItem","position":2,"name":"Podno\u015bniki koszowe","item":"https:\/\/oud.alplift.com\/pl\/podnosniki-koszowe\/"},{"@type":"ListItem","position":3,"name":"Podno\u015bniki przegubowy"}]},{"@type":"WebSite","@id":"https:\/\/oud.alplift.com\/pl\/#website","url":"https:\/\/oud.alplift.com\/pl\/","name":"Alp Lift","description":"Lifting Equipment","potentialAction":[{"@type":"SearchAction","target":{"@type":"EntryPoint","urlTemplate":"https:\/\/oud.alplift.com\/pl\/?s={search_term_string}"},"query-input":{"@type":"PropertyValueSpecification","valueRequired":true,"valueName":"search_term_string"}}],"inLanguage":"pl-PL"}]}},"_links":{"self":[{"href":"https:\/\/oud.alplift.com\/pl\/wp-json\/wp\/v2\/pages\/1993","targetHints":{"allow":["GET"]}}],"collection":[{"href":"https:\/\/oud.alplift.com\/pl\/wp-json\/wp\/v2\/pages"}],"about":[{"href":"https:\/\/oud.alplift.com\/pl\/wp-json\/wp\/v2\/types\/page"}],"author":[{"embeddable":true,"href":"https:\/\/oud.alplift.com\/pl\/wp-json\/wp\/v2\/users\/3"}],"replies":[{"embeddable":true,"href":"https:\/\/oud.alplift.com\/pl\/wp-json\/wp\/v2\/comments?post=1993"}],"version-history":[{"count":0,"href":"https:\/\/oud.alplift.com\/pl\/wp-json\/wp\/v2\/pages\/1993\/revisions"}],"up":[{"embeddable":true,"href":"https:\/\/oud.alplift.com\/pl\/wp-json\/wp\/v2\/pages\/3540"}],"wp:attachment":[{"href":"https:\/\/oud.alplift.com\/pl\/wp-json\/wp\/v2\/media?parent=1993"}],"curies":[{"name":"wp","href":"https:\/\/api.w.org\/{rel}","templated":true}]}}