
{"id":1957,"date":"2021-01-07T12:34:43","date_gmt":"2021-01-07T11:34:43","guid":{"rendered":"https:\/\/oud.alplift.com\/podnosnik-pajak\/"},"modified":"2021-02-04T20:49:57","modified_gmt":"2021-02-04T19:49:57","slug":"podnosnik-pajak","status":"publish","type":"page","link":"https:\/\/oud.alplift.com\/pl\/podnosniki-koszowe\/podnosnik-pajak\/","title":{"rendered":"Podno\u015bnik paj\u0105k"},"content":{"rendered":"\n<style type=\"text\/css\" data-created_by=\"avia_inline_auto\" id=\"style-css-av-awrup-fbdf344dfaf4a886838da66ad812acd7\">\n.flex_column.av-awrup-fbdf344dfaf4a886838da66ad812acd7{\nborder-radius:0px 0px 0px 0px;\npadding:0px 0px 0px 0px;\n}\n<\/style>\n<div  class='flex_column av-awrup-fbdf344dfaf4a886838da66ad812acd7 av_one_full  avia-builder-el-0  el_before_av_textblock  avia-builder-el-first  first flex_column_div av-zero-column-padding  '     ><section  class='av_textblock_section av-khahp5q8-056e40107138f9a97775560fdbdf7a79 '   itemscope=\"itemscope\" itemtype=\"https:\/\/schema.org\/CreativeWork\" ><div class='avia_textblock'  itemprop=\"text\" ><h2>Podno\u015bnik paj\u0105k<\/h2>\n<p>Podno\u015bnik paj\u0105k to kompaktowy podno\u015bnik wysi\u0119gnikowy, co oznacza, \u017ce \u200b\u200bmo\u017ce by\u0107 u\u017cywany w wielu miejscach. Podno\u015bnik paj\u0105k to dobra opcja, gdy musisz pracowa\u0107 w trudno dost\u0119pnych miejscach pracy, takich jak praca w halach, trawniku lub na parkingu. Nogi paj\u0105ka, czyli nogi wysi\u0119gnika, zapewniaj\u0105 stabilno\u015b\u0107 platformy ruchomej, nawet na pochy\u0142ych lub mi\u0119kkich powierzchniach. To sprawia, \u017ce \u200b\u200bten typ podno\u015bnika koszowego jest bezpieczn\u0105 alternatyw\u0105 dla rusztowa\u0144 i drabin.<\/p>\n<p>Alp Lift ma w swojej ofercie podno\u015bniki paj\u0105kowe firmy EuropeLift. Ma wysoko\u015b\u0107 robocz\u0105 18 metr\u00f3w. Wy\u015bwietl ten produkt i bez zobowi\u0105za\u0144 popro\u015b o wycen\u0119 online.<\/p>\n<\/div><\/section><\/div><section  class='av_textblock_section av-khkjrriy-1d448cc7703f44a04ad3dd4026fb8362 '   itemscope=\"itemscope\" itemtype=\"https:\/\/schema.org\/CreativeWork\" ><div class='avia_textblock'  itemprop=\"text\" ><p><div class=\"woocommerce columns-4 \"><div class=\"facetwp-template\"><ul class=\"products columns-4\">\n<li class=\"product type-product post-5623 status-publish first instock product_cat-podnosnik-pajak product_cat-podnosniki-koszowe has-post-thumbnail shipping-taxable product-type-simple\">\n\t<div class='inner_product main_color wrapped_style noLightbox  av-product-class-'><a href=\"https:\/\/oud.alplift.com\/pl\/produkt\/podnosnik-pajak-tr18gt\/\" class=\"woocommerce-LoopProduct-link woocommerce-loop-product__link\"><div class=\"thumbnail_container\"><img decoding=\"async\" loading=\"lazy\" width=\"300\" height=\"300\" src=\"https:\/\/oud.alplift.com\/wp-content\/uploads\/2021\/01\/Europelift-TR15G-300x300.jpg\" class=\"wp-image-2825 avia-img-lazy-loading-2825 attachment-shop_catalog size-shop_catalog wp-post-image\" alt=\"\" srcset=\"https:\/\/oud.alplift.com\/wp-content\/uploads\/2021\/01\/Europelift-TR15G-300x300.jpg 300w, https:\/\/oud.alplift.com\/wp-content\/uploads\/2021\/01\/Europelift-TR15G-80x80.jpg 80w, https:\/\/oud.alplift.com\/wp-content\/uploads\/2021\/01\/Europelift-TR15G-36x36.jpg 36w, https:\/\/oud.alplift.com\/wp-content\/uploads\/2021\/01\/Europelift-TR15G-180x180.jpg 180w, https:\/\/oud.alplift.com\/wp-content\/uploads\/2021\/01\/Europelift-TR15G-100x100.jpg 100w\" sizes=\"auto, (max-width: 300px) 100vw, 300px\" \/><span class=\"cart-loading\"><\/span><\/div><div class='inner_product_header'><div class='avia-arrow'><\/div><div class='inner_product_header_table'><div class='inner_product_header_cell'><h2 class=\"woocommerce-loop-product__title\">Podno\u015bnik paj\u0105k TR18GT<\/h2>\n<\/div><\/div><\/div><\/a><div class='avia_cart_buttons '>\t<span id=\"woocommerce_loop_add_to_cart_link_describedby_5623\" class=\"screen-reader-text\"><span aria-hidden='true' data-av_icon='\ue859' data-av_iconfont='entypo-fontello'><\/span> \n\t\t\t<\/span>\n<a class=\"button show_details_button\" href=\"https:\/\/oud.alplift.com\/pl\/produkt\/podnosnik-pajak-tr18gt\/\"><span aria-hidden='true' data-av_icon='\ue84b' data-av_iconfont='entypo-fontello'><\/span>  Szczeg\u00f3\u0142y<\/a> <span class=\"button-mini-delimiter\"><\/span><\/div><\/div><\/li>\n<li class=\"product type-product post-5618 status-publish instock product_cat-podnosnik-pajak product_cat-podnosniki-koszowe has-post-thumbnail shipping-taxable product-type-simple\">\n\t<div class='inner_product main_color wrapped_style noLightbox  av-product-class-'><a href=\"https:\/\/oud.alplift.com\/pl\/produkt\/podnosnik-pajak-tr15g\/\" class=\"woocommerce-LoopProduct-link woocommerce-loop-product__link\"><div class=\"thumbnail_container\"><img decoding=\"async\" loading=\"lazy\" width=\"300\" height=\"300\" src=\"https:\/\/oud.alplift.com\/wp-content\/uploads\/2021\/01\/Europelift-TR15G-300x300.jpg\" class=\"wp-image-2825 avia-img-lazy-loading-2825 attachment-shop_catalog size-shop_catalog wp-post-image\" alt=\"\" srcset=\"https:\/\/oud.alplift.com\/wp-content\/uploads\/2021\/01\/Europelift-TR15G-300x300.jpg 300w, https:\/\/oud.alplift.com\/wp-content\/uploads\/2021\/01\/Europelift-TR15G-80x80.jpg 80w, https:\/\/oud.alplift.com\/wp-content\/uploads\/2021\/01\/Europelift-TR15G-36x36.jpg 36w, https:\/\/oud.alplift.com\/wp-content\/uploads\/2021\/01\/Europelift-TR15G-180x180.jpg 180w, https:\/\/oud.alplift.com\/wp-content\/uploads\/2021\/01\/Europelift-TR15G-100x100.jpg 100w\" sizes=\"auto, (max-width: 300px) 100vw, 300px\" \/><span class=\"cart-loading\"><\/span><\/div><div class='inner_product_header'><div class='avia-arrow'><\/div><div class='inner_product_header_table'><div class='inner_product_header_cell'><h2 class=\"woocommerce-loop-product__title\">Podno\u015bnik paj\u0105k TR15G<\/h2>\n<\/div><\/div><\/div><\/a><div class='avia_cart_buttons '>\t<span id=\"woocommerce_loop_add_to_cart_link_describedby_5618\" class=\"screen-reader-text\"><span aria-hidden='true' data-av_icon='\ue859' data-av_iconfont='entypo-fontello'><\/span> \n\t\t\t<\/span>\n<a class=\"button show_details_button\" href=\"https:\/\/oud.alplift.com\/pl\/produkt\/podnosnik-pajak-tr15g\/\"><span aria-hidden='true' data-av_icon='\ue84b' data-av_iconfont='entypo-fontello'><\/span>  Szczeg\u00f3\u0142y<\/a> <span class=\"button-mini-delimiter\"><\/span><\/div><\/div><\/li>\n<\/ul>\n<\/div><!-- end facetwp-template --><\/div>.<\/p>\n<\/div><\/section><\/p>\n<section  class='av_textblock_section av-9wqbk-9c5f08cfe027e9b7f22e5861179c2a02 '   itemscope=\"itemscope\" itemtype=\"https:\/\/schema.org\/CreativeWork\" ><div class='avia_textblock'  itemprop=\"text\" ><\/div><\/section>\n","protected":false},"excerpt":{"rendered":"","protected":false},"author":3,"featured_media":0,"parent":3540,"menu_order":0,"comment_status":"closed","ping_status":"closed","template":"","meta":{"footnotes":""},"class_list":["post-1957","page","type-page","status-publish","hentry"],"yoast_head":"<!-- This site is optimized with the Yoast SEO plugin v24.0 - https:\/\/yoast.com\/wordpress\/plugins\/seo\/ -->\n<title>Podno\u015bnik paj\u0105k | Alp Lift Polska<\/title>\n<meta name=\"description\" content=\"Podno\u015bnik paj\u0105k firmy EuropeLift jest wyj\u0105tkowo kompaktowy i wielofunkcyjny. Na sprzeda\u017c w Alp Lift. Popro\u015b o wycen\u0119 online bez zobowi\u0105za\u0144\" \/>\n<meta name=\"robots\" content=\"noindex, follow, max-snippet:-1, max-image-preview:large, max-video-preview:-1\" \/>\n<meta property=\"og:locale\" content=\"pl_PL\" \/>\n<meta property=\"og:type\" content=\"article\" \/>\n<meta property=\"og:title\" content=\"Podno\u015bnik paj\u0105k | Alp Lift Polska\" \/>\n<meta property=\"og:description\" content=\"Podno\u015bnik paj\u0105k firmy EuropeLift jest wyj\u0105tkowo kompaktowy i wielofunkcyjny. Na sprzeda\u017c w Alp Lift. Popro\u015b o wycen\u0119 online bez zobowi\u0105za\u0144\" \/>\n<meta property=\"og:url\" content=\"https:\/\/oud.alplift.com\/pl\/podnosniki-koszowe\/podnosnik-pajak\/\" \/>\n<meta property=\"og:site_name\" content=\"Alp Lift\" \/>\n<meta property=\"article:modified_time\" content=\"2021-02-04T19:49:57+00:00\" \/>\n<meta name=\"twitter:card\" content=\"summary_large_image\" \/>\n<meta name=\"twitter:label1\" content=\"Szacowany czas czytania\" \/>\n\t<meta name=\"twitter:data1\" content=\"2 minuty\" \/>\n<script type=\"application\/ld+json\" class=\"yoast-schema-graph\">{\"@context\":\"https:\/\/schema.org\",\"@graph\":[{\"@type\":\"WebPage\",\"@id\":\"https:\/\/oud.alplift.com\/pl\/podnosniki-koszowe\/podnosnik-pajak\/\",\"url\":\"https:\/\/oud.alplift.com\/pl\/podnosniki-koszowe\/podnosnik-pajak\/\",\"name\":\"Podno\u015bnik paj\u0105k | Alp Lift Polska\",\"isPartOf\":{\"@id\":\"https:\/\/oud.alplift.com\/pl\/#website\"},\"datePublished\":\"2021-01-07T11:34:43+00:00\",\"dateModified\":\"2021-02-04T19:49:57+00:00\",\"description\":\"Podno\u015bnik paj\u0105k firmy EuropeLift jest wyj\u0105tkowo kompaktowy i wielofunkcyjny. Na sprzeda\u017c w Alp Lift. Popro\u015b o wycen\u0119 online bez zobowi\u0105za\u0144\",\"breadcrumb\":{\"@id\":\"https:\/\/oud.alplift.com\/pl\/podnosniki-koszowe\/podnosnik-pajak\/#breadcrumb\"},\"inLanguage\":\"pl-PL\",\"potentialAction\":[{\"@type\":\"ReadAction\",\"target\":[\"https:\/\/oud.alplift.com\/pl\/podnosniki-koszowe\/podnosnik-pajak\/\"]}]},{\"@type\":\"BreadcrumbList\",\"@id\":\"https:\/\/oud.alplift.com\/pl\/podnosniki-koszowe\/podnosnik-pajak\/#breadcrumb\",\"itemListElement\":[{\"@type\":\"ListItem\",\"position\":1,\"name\":\"Home\",\"item\":\"https:\/\/oud.alplift.com\/pl\/\"},{\"@type\":\"ListItem\",\"position\":2,\"name\":\"Podno\u015bniki koszowe\",\"item\":\"https:\/\/oud.alplift.com\/pl\/podnosniki-koszowe\/\"},{\"@type\":\"ListItem\",\"position\":3,\"name\":\"Podno\u015bnik paj\u0105k\"}]},{\"@type\":\"WebSite\",\"@id\":\"https:\/\/oud.alplift.com\/pl\/#website\",\"url\":\"https:\/\/oud.alplift.com\/pl\/\",\"name\":\"Alp Lift\",\"description\":\"Lifting Equipment\",\"potentialAction\":[{\"@type\":\"SearchAction\",\"target\":{\"@type\":\"EntryPoint\",\"urlTemplate\":\"https:\/\/oud.alplift.com\/pl\/?s={search_term_string}\"},\"query-input\":{\"@type\":\"PropertyValueSpecification\",\"valueRequired\":true,\"valueName\":\"search_term_string\"}}],\"inLanguage\":\"pl-PL\"}]}<\/script>\n<!-- \/ Yoast SEO plugin. -->","yoast_head_json":{"title":"Podno\u015bnik paj\u0105k | Alp Lift Polska","description":"Podno\u015bnik paj\u0105k firmy EuropeLift jest wyj\u0105tkowo kompaktowy i wielofunkcyjny. Na sprzeda\u017c w Alp Lift. Popro\u015b o wycen\u0119 online bez zobowi\u0105za\u0144","robots":{"index":"noindex","follow":"follow","max-snippet":"max-snippet:-1","max-image-preview":"max-image-preview:large","max-video-preview":"max-video-preview:-1"},"og_locale":"pl_PL","og_type":"article","og_title":"Podno\u015bnik paj\u0105k | Alp Lift Polska","og_description":"Podno\u015bnik paj\u0105k firmy EuropeLift jest wyj\u0105tkowo kompaktowy i wielofunkcyjny. Na sprzeda\u017c w Alp Lift. Popro\u015b o wycen\u0119 online bez zobowi\u0105za\u0144","og_url":"https:\/\/oud.alplift.com\/pl\/podnosniki-koszowe\/podnosnik-pajak\/","og_site_name":"Alp Lift","article_modified_time":"2021-02-04T19:49:57+00:00","twitter_card":"summary_large_image","twitter_misc":{"Szacowany czas czytania":"2 minuty"},"schema":{"@context":"https:\/\/schema.org","@graph":[{"@type":"WebPage","@id":"https:\/\/oud.alplift.com\/pl\/podnosniki-koszowe\/podnosnik-pajak\/","url":"https:\/\/oud.alplift.com\/pl\/podnosniki-koszowe\/podnosnik-pajak\/","name":"Podno\u015bnik paj\u0105k | Alp Lift Polska","isPartOf":{"@id":"https:\/\/oud.alplift.com\/pl\/#website"},"datePublished":"2021-01-07T11:34:43+00:00","dateModified":"2021-02-04T19:49:57+00:00","description":"Podno\u015bnik paj\u0105k firmy EuropeLift jest wyj\u0105tkowo kompaktowy i wielofunkcyjny. Na sprzeda\u017c w Alp Lift. Popro\u015b o wycen\u0119 online bez zobowi\u0105za\u0144","breadcrumb":{"@id":"https:\/\/oud.alplift.com\/pl\/podnosniki-koszowe\/podnosnik-pajak\/#breadcrumb"},"inLanguage":"pl-PL","potentialAction":[{"@type":"ReadAction","target":["https:\/\/oud.alplift.com\/pl\/podnosniki-koszowe\/podnosnik-pajak\/"]}]},{"@type":"BreadcrumbList","@id":"https:\/\/oud.alplift.com\/pl\/podnosniki-koszowe\/podnosnik-pajak\/#breadcrumb","itemListElement":[{"@type":"ListItem","position":1,"name":"Home","item":"https:\/\/oud.alplift.com\/pl\/"},{"@type":"ListItem","position":2,"name":"Podno\u015bniki koszowe","item":"https:\/\/oud.alplift.com\/pl\/podnosniki-koszowe\/"},{"@type":"ListItem","position":3,"name":"Podno\u015bnik paj\u0105k"}]},{"@type":"WebSite","@id":"https:\/\/oud.alplift.com\/pl\/#website","url":"https:\/\/oud.alplift.com\/pl\/","name":"Alp Lift","description":"Lifting Equipment","potentialAction":[{"@type":"SearchAction","target":{"@type":"EntryPoint","urlTemplate":"https:\/\/oud.alplift.com\/pl\/?s={search_term_string}"},"query-input":{"@type":"PropertyValueSpecification","valueRequired":true,"valueName":"search_term_string"}}],"inLanguage":"pl-PL"}]}},"_links":{"self":[{"href":"https:\/\/oud.alplift.com\/pl\/wp-json\/wp\/v2\/pages\/1957","targetHints":{"allow":["GET"]}}],"collection":[{"href":"https:\/\/oud.alplift.com\/pl\/wp-json\/wp\/v2\/pages"}],"about":[{"href":"https:\/\/oud.alplift.com\/pl\/wp-json\/wp\/v2\/types\/page"}],"author":[{"embeddable":true,"href":"https:\/\/oud.alplift.com\/pl\/wp-json\/wp\/v2\/users\/3"}],"replies":[{"embeddable":true,"href":"https:\/\/oud.alplift.com\/pl\/wp-json\/wp\/v2\/comments?post=1957"}],"version-history":[{"count":0,"href":"https:\/\/oud.alplift.com\/pl\/wp-json\/wp\/v2\/pages\/1957\/revisions"}],"up":[{"embeddable":true,"href":"https:\/\/oud.alplift.com\/pl\/wp-json\/wp\/v2\/pages\/3540"}],"wp:attachment":[{"href":"https:\/\/oud.alplift.com\/pl\/wp-json\/wp\/v2\/media?parent=1957"}],"curies":[{"name":"wp","href":"https:\/\/api.w.org\/{rel}","templated":true}]}}