
{"id":1696,"date":"2020-12-15T15:07:39","date_gmt":"2020-12-15T15:07:39","guid":{"rendered":"https:\/\/oud.alplift.com\/podnosnikei-materialow\/dzwigniki-pneumatyczny\/"},"modified":"2023-02-09T13:51:17","modified_gmt":"2023-02-09T12:51:17","slug":"dzwigniki-pneumatyczny","status":"publish","type":"page","link":"https:\/\/oud.alplift.com\/pl\/dzwigniki-pneumatyczny\/","title":{"rendered":"D\u017awigniki pneumatyczny"},"content":{"rendered":"<div id='full_slider_1'  class='avia-fullwidth-slider main_color avia-shadow   avia-builder-el-0  el_before_av_textblock  avia-builder-el-first   container_wrap sidebar_right'  >\n<style type=\"text\/css\" data-created_by=\"avia_inline_auto\" id=\"style-css-av-76fof-2f5f14c7341e0262bfc340b333fc776e\">\n#top #wrap_all .avia-slideshow .av-slideshow-caption.av-76fof-2f5f14c7341e0262bfc340b333fc776e__0 .avia-caption-title{\nfont-size:19px;\n}\n#top .avia-slideshow .av-slideshow-caption.av-76fof-2f5f14c7341e0262bfc340b333fc776e__0 .avia-caption-content{\nfont-size:20px;\n}\n#top .avia-slideshow .av-slideshow-caption.av-76fof-2f5f14c7341e0262bfc340b333fc776e__0 .avia-caption-content p{\nfont-size:20px;\n}\n<\/style>\n<div  class='avia-slideshow av-76fof-2f5f14c7341e0262bfc340b333fc776e avia-slideshow-featured av_slideshow_full avia-slide-slider av-slideshow-ui av-control-default av-slideshow-manual av-loop-once av-loop-manual-endless av-default-height-applied   avia-slideshow-1' data-slideshow-options=\"{&quot;animation&quot;:&quot;slide&quot;,&quot;autoplay&quot;:false,&quot;loop_autoplay&quot;:&quot;once&quot;,&quot;interval&quot;:5,&quot;loop_manual&quot;:&quot;manual-endless&quot;,&quot;autoplay_stopper&quot;:false,&quot;noNavigation&quot;:false,&quot;bg_slider&quot;:false,&quot;keep_padding&quot;:false,&quot;hoverpause&quot;:false,&quot;show_slide_delay&quot;:0}\"  itemprop=\"image\" itemscope=\"itemscope\" itemtype=\"https:\/\/schema.org\/ImageObject\" ><ul class='avia-slideshow-inner ' style='padding-bottom: 28.666666666667%;'><li  class='avia-slideshow-slide av-76fof-2f5f14c7341e0262bfc340b333fc776e__0  av-single-slide slide-1 slide-odd'><div data-rel='slideshow-1' class='avia-slide-wrap '   ><div class='av-slideshow-caption av-76fof-2f5f14c7341e0262bfc340b333fc776e__0 caption_fullwidth caption_right'><div class=\"container caption_container\"><div class=\"slideshow_caption\"><div class=\"slideshow_inner_caption\"><div class=\"slideshow_align_caption\"><h2 class='avia-caption-title '  itemprop=\"name\" >Alp Lift d\u017awigniki pneumatyczny<\/h2><div class='avia-caption-content '  itemprop=\"description\" ><p>Do\u015bwiadcz \u0142atwo\u015bci obs\u0142ugi przy zadaniach do 125 kg<\/p>\n<\/div><\/div><\/div><\/div><\/div><\/div><img decoding=\"async\" fetchpriority=\"high\" class=\"wp-image-7040 avia-img-lazy-loading-not-7040\"  src=\"https:\/\/oud.alplift.com\/wp-content\/uploads\/2020\/12\/Alplift_slider_luchttliften-1500x430.jpg\" width=\"1500\" height=\"430\" title='Alplift_slider_luchttliften' alt=''  itemprop=\"thumbnailUrl\"   \/><\/div><\/li><\/ul><\/div><\/div><div id='after_full_slider_1'  class='main_color av_default_container_wrap container_wrap sidebar_right'  ><div class='container av-section-cont-open' ><div class='template-page content  av-content-small alpha units'><div class='post-entry post-entry-type-page post-entry-1696'><div class='entry-content-wrapper clearfix'>\n<section  class='av_textblock_section av-kheqddi1-f8e4fd5b5ce875d669a17fba84f8e3b2 '   itemscope=\"itemscope\" itemtype=\"https:\/\/schema.org\/CreativeWork\" ><div class='avia_textblock'  itemprop=\"text\" ><h2>D\u017awigniki pneumatyczny<\/h2>\n<p>D\u017awigniki pneumatyczne s\u0105 najbardziej efektywnym sposobem podnoszenia mniejszych \u0142adunk\u00f3w o maksymalnej wadze wynosz\u0105cej do 125 kg. D\u017awignik pneumatyczny firmy Alp Lift p\u0142ynnie podniesie ka\u017cdy \u0142adunek na \u017c\u0105dan\u0105 wysoko\u015b\u0107 nie wydaj\u0105c przy tym \u017cadnego d\u017awi\u0119ku do prawie 6 metr\u00f3w. Ka\u017cdy monta\u017c stanie si\u0119 dzi\u0119ki temu szybszy, \u0142atwiejszy i bardziej bezpieczny. D\u017awignik pneumatyczny jest \u0142atwy w transporcie i gotowy do pracy w kilka minut Daardoor wordt het monteren van bijvoorbeeld airco systemen of gipsplaten een stuk comfortabeler en effici\u00ebnter. Ale ten typ podno\u015bnika materia\u0142owego sprawdza si\u0119 r\u00f3wnie\u017c w wielu innych pracach dzi\u0119ki \u0142atwo\u015bci u\u017cytkowania. Podno\u015bnik pneumatyczny jest gotowy do u\u017cycia w mgnieniu oka bez narz\u0119dzi. A dzi\u0119ki swoim niewielkim wymiarom jest \u0142atwy w transporcie. Kr\u00f3tko m\u00f3wi\u0105c: idealna pomoc, aby mie\u0107 wolne r\u0119ce podczas pracy. W opcji dodatkowej dost\u0119pny jest uchwyt do p\u0142yt gk i cichy kompresor. Jako opcja dodatkowa mo\u017cliwy jest r\u00f3wnie\u017c w\u00f3zek transportowy.       <\/p>\n<p>Nasze d\u017awigniki pneumatyczne s\u0105 dost\u0119pne w 4 modelach r\u00f3\u017cni\u0105cych si\u0119 wysoko\u015bci\u0105 podnoszenia od 3,20 do 5,60 metra.<\/p>\n<\/div><\/section>\n<section  class='av_textblock_section av-kheqersp-e296b2e20320561ab7752075db68dd7a '   itemscope=\"itemscope\" itemtype=\"https:\/\/schema.org\/CreativeWork\" ><div class='avia_textblock'  itemprop=\"text\" ><div class=\"woocommerce columns-4 \"><div class=\"facetwp-template\"><ul class=\"products columns-4\">\n<li class=\"product type-product post-3346 status-publish first instock product_cat-air-hoists product_cat-material-lifts has-post-thumbnail shipping-taxable product-type-simple\">\n\t<div class='inner_product main_color wrapped_style noLightbox  av-product-class-'><a href=\"https:\/\/oud.alplift.com\/en\/product\/air-hoist-ll560\/\" class=\"woocommerce-LoopProduct-link woocommerce-loop-product__link\"><div class=\"thumbnail_container\"><img decoding=\"async\" loading=\"lazy\" width=\"300\" height=\"300\" src=\"https:\/\/oud.alplift.com\/wp-content\/uploads\/2021\/01\/Luchtlift-low_res-300x300.jpg\" class=\"wp-image-2597 avia-img-lazy-loading-2597 attachment-shop_catalog size-shop_catalog wp-post-image\" alt=\"\" srcset=\"https:\/\/oud.alplift.com\/wp-content\/uploads\/2021\/01\/Luchtlift-low_res-300x300.jpg 300w, https:\/\/oud.alplift.com\/wp-content\/uploads\/2021\/01\/Luchtlift-low_res-80x80.jpg 80w, https:\/\/oud.alplift.com\/wp-content\/uploads\/2021\/01\/Luchtlift-low_res-36x36.jpg 36w, https:\/\/oud.alplift.com\/wp-content\/uploads\/2021\/01\/Luchtlift-low_res-180x180.jpg 180w, https:\/\/oud.alplift.com\/wp-content\/uploads\/2021\/01\/Luchtlift-low_res-100x100.jpg 100w\" sizes=\"auto, (max-width: 300px) 100vw, 300px\" \/><span class=\"cart-loading\"><\/span><\/div><div class='inner_product_header'><div class='avia-arrow'><\/div><div class='inner_product_header_table'><div class='inner_product_header_cell'><h2 class=\"woocommerce-loop-product__title\">Air hoist &#8211; LL560<\/h2>\n<\/div><\/div><\/div><\/a><div class='avia_cart_buttons '>\t<span id=\"woocommerce_loop_add_to_cart_link_describedby_3346\" class=\"screen-reader-text\"><span aria-hidden='true' data-av_icon='\ue859' data-av_iconfont='entypo-fontello'><\/span> \n\t\t\t<\/span>\n<a class=\"button show_details_button\" href=\"https:\/\/oud.alplift.com\/en\/product\/air-hoist-ll560\/\"><span aria-hidden='true' data-av_icon='\ue84b' data-av_iconfont='entypo-fontello'><\/span>  Szczeg\u00f3\u0142y<\/a> <span class=\"button-mini-delimiter\"><\/span><\/div><\/div><\/li>\n<li class=\"product type-product post-3345 status-publish instock product_cat-air-hoists product_cat-material-lifts has-post-thumbnail shipping-taxable product-type-simple\">\n\t<div class='inner_product main_color wrapped_style noLightbox  av-product-class-'><a href=\"https:\/\/oud.alplift.com\/en\/product\/air-hoist-ll380\/\" class=\"woocommerce-LoopProduct-link woocommerce-loop-product__link\"><div class=\"thumbnail_container\"><img decoding=\"async\" loading=\"lazy\" width=\"300\" height=\"300\" src=\"https:\/\/oud.alplift.com\/wp-content\/uploads\/2021\/01\/Luchtlift-low_res-300x300.jpg\" class=\"wp-image-2597 avia-img-lazy-loading-2597 attachment-shop_catalog size-shop_catalog wp-post-image\" alt=\"\" srcset=\"https:\/\/oud.alplift.com\/wp-content\/uploads\/2021\/01\/Luchtlift-low_res-300x300.jpg 300w, https:\/\/oud.alplift.com\/wp-content\/uploads\/2021\/01\/Luchtlift-low_res-80x80.jpg 80w, https:\/\/oud.alplift.com\/wp-content\/uploads\/2021\/01\/Luchtlift-low_res-36x36.jpg 36w, https:\/\/oud.alplift.com\/wp-content\/uploads\/2021\/01\/Luchtlift-low_res-180x180.jpg 180w, https:\/\/oud.alplift.com\/wp-content\/uploads\/2021\/01\/Luchtlift-low_res-100x100.jpg 100w\" sizes=\"auto, (max-width: 300px) 100vw, 300px\" \/><span class=\"cart-loading\"><\/span><\/div><div class='inner_product_header'><div class='avia-arrow'><\/div><div class='inner_product_header_table'><div class='inner_product_header_cell'><h2 class=\"woocommerce-loop-product__title\">Air hoist &#8211; LL380<\/h2>\n<\/div><\/div><\/div><\/a><div class='avia_cart_buttons '>\t<span id=\"woocommerce_loop_add_to_cart_link_describedby_3345\" class=\"screen-reader-text\"><span aria-hidden='true' data-av_icon='\ue859' data-av_iconfont='entypo-fontello'><\/span> \n\t\t\t<\/span>\n<a class=\"button show_details_button\" href=\"https:\/\/oud.alplift.com\/en\/product\/air-hoist-ll380\/\"><span aria-hidden='true' data-av_icon='\ue84b' data-av_iconfont='entypo-fontello'><\/span>  Szczeg\u00f3\u0142y<\/a> <span class=\"button-mini-delimiter\"><\/span><\/div><\/div><\/li>\n<li class=\"product type-product post-3311 status-publish instock product_cat-air-hoists product_cat-material-lifts has-post-thumbnail shipping-taxable product-type-simple\">\n\t<div class='inner_product main_color wrapped_style noLightbox  av-product-class-'><a href=\"https:\/\/oud.alplift.com\/en\/product\/air-hoist-ll460\/\" class=\"woocommerce-LoopProduct-link woocommerce-loop-product__link\"><div class=\"thumbnail_container\"><img decoding=\"async\" loading=\"lazy\" width=\"300\" height=\"300\" src=\"https:\/\/oud.alplift.com\/wp-content\/uploads\/2021\/01\/Luchtlift-low_res-300x300.jpg\" class=\"wp-image-2597 avia-img-lazy-loading-2597 attachment-shop_catalog size-shop_catalog wp-post-image\" alt=\"\" srcset=\"https:\/\/oud.alplift.com\/wp-content\/uploads\/2021\/01\/Luchtlift-low_res-300x300.jpg 300w, https:\/\/oud.alplift.com\/wp-content\/uploads\/2021\/01\/Luchtlift-low_res-80x80.jpg 80w, https:\/\/oud.alplift.com\/wp-content\/uploads\/2021\/01\/Luchtlift-low_res-36x36.jpg 36w, https:\/\/oud.alplift.com\/wp-content\/uploads\/2021\/01\/Luchtlift-low_res-180x180.jpg 180w, https:\/\/oud.alplift.com\/wp-content\/uploads\/2021\/01\/Luchtlift-low_res-100x100.jpg 100w\" sizes=\"auto, (max-width: 300px) 100vw, 300px\" \/><span class=\"cart-loading\"><\/span><\/div><div class='inner_product_header'><div class='avia-arrow'><\/div><div class='inner_product_header_table'><div class='inner_product_header_cell'><h2 class=\"woocommerce-loop-product__title\">Air hoist &#8211; LL460<\/h2>\n<\/div><\/div><\/div><\/a><div class='avia_cart_buttons '>\t<span id=\"woocommerce_loop_add_to_cart_link_describedby_3311\" class=\"screen-reader-text\"><span aria-hidden='true' data-av_icon='\ue859' data-av_iconfont='entypo-fontello'><\/span> \n\t\t\t<\/span>\n<a class=\"button show_details_button\" href=\"https:\/\/oud.alplift.com\/en\/product\/air-hoist-ll460\/\"><span aria-hidden='true' data-av_icon='\ue84b' data-av_iconfont='entypo-fontello'><\/span>  Szczeg\u00f3\u0142y<\/a> <span class=\"button-mini-delimiter\"><\/span><\/div><\/div><\/li>\n<li class=\"product type-product post-3217 status-publish last instock product_cat-air-hoists product_cat-material-lifts has-post-thumbnail shipping-taxable product-type-simple\">\n\t<div class='inner_product main_color wrapped_style noLightbox  av-product-class-'><a href=\"https:\/\/oud.alplift.com\/en\/product\/air-hoist-ll320\/\" class=\"woocommerce-LoopProduct-link woocommerce-loop-product__link\"><div class=\"thumbnail_container\"><img decoding=\"async\" loading=\"lazy\" width=\"300\" height=\"300\" src=\"https:\/\/oud.alplift.com\/wp-content\/uploads\/2020\/11\/Luchtlift-low_res-300x300.jpg\" class=\"wp-image-371 avia-img-lazy-loading-371 attachment-shop_catalog size-shop_catalog wp-post-image\" alt=\"D\u017awignik pneumatyczny\" srcset=\"https:\/\/oud.alplift.com\/wp-content\/uploads\/2020\/11\/Luchtlift-low_res-300x300.jpg 300w, https:\/\/oud.alplift.com\/wp-content\/uploads\/2020\/11\/Luchtlift-low_res-80x80.jpg 80w, https:\/\/oud.alplift.com\/wp-content\/uploads\/2020\/11\/Luchtlift-low_res-36x36.jpg 36w, https:\/\/oud.alplift.com\/wp-content\/uploads\/2020\/11\/Luchtlift-low_res-180x180.jpg 180w, https:\/\/oud.alplift.com\/wp-content\/uploads\/2020\/11\/Luchtlift-low_res-100x100.jpg 100w\" sizes=\"auto, (max-width: 300px) 100vw, 300px\" \/><span class=\"cart-loading\"><\/span><\/div><div class='inner_product_header'><div class='avia-arrow'><\/div><div class='inner_product_header_table'><div class='inner_product_header_cell'><h2 class=\"woocommerce-loop-product__title\">Air hoist &#8211; LL320<\/h2>\n<\/div><\/div><\/div><\/a><div class='avia_cart_buttons '>\t<span id=\"woocommerce_loop_add_to_cart_link_describedby_3217\" class=\"screen-reader-text\"><span aria-hidden='true' data-av_icon='\ue859' data-av_iconfont='entypo-fontello'><\/span> \n\t\t\t<\/span>\n<a class=\"button show_details_button\" href=\"https:\/\/oud.alplift.com\/en\/product\/air-hoist-ll320\/\"><span aria-hidden='true' data-av_icon='\ue84b' data-av_iconfont='entypo-fontello'><\/span>  Szczeg\u00f3\u0142y<\/a> <span class=\"button-mini-delimiter\"><\/span><\/div><\/div><\/li>\n<\/ul>\n<\/div><!-- end facetwp-template --><\/div>\n<\/div><\/section>\n","protected":false},"excerpt":{"rendered":"","protected":false},"author":3,"featured_media":0,"parent":0,"menu_order":0,"comment_status":"closed","ping_status":"closed","template":"","meta":{"footnotes":""},"class_list":["post-1696","page","type-page","status-publish","hentry"],"yoast_head":"<!-- This site is optimized with the Yoast SEO plugin v24.0 - https:\/\/yoast.com\/wordpress\/plugins\/seo\/ -->\n<title>Kup d\u017awigniki pneumatyczne | ud\u017awig do 125 kg | Alp Lift Holandia<\/title>\n<meta name=\"description\" content=\"D\u017awigniki pneumatyczny Alp Lift umo\u017cliwia \u0142atwe przenoszenie materia\u0142\u00f3w o masie do 125 kg na dowoln\u0105 wysoko\u015b\u0107. Poznaj nasz\u0105 ofert\u0119 i popro\u015b o wycen\u0119 online.\" \/>\n<meta name=\"robots\" content=\"noindex, follow, max-snippet:-1, max-image-preview:large, max-video-preview:-1\" \/>\n<meta property=\"og:locale\" content=\"pl_PL\" \/>\n<meta property=\"og:type\" content=\"article\" \/>\n<meta property=\"og:title\" content=\"Kup d\u017awigniki pneumatyczne | ud\u017awig do 125 kg | Alp Lift Holandia\" \/>\n<meta property=\"og:description\" content=\"D\u017awigniki pneumatyczny Alp Lift umo\u017cliwia \u0142atwe przenoszenie materia\u0142\u00f3w o masie do 125 kg na dowoln\u0105 wysoko\u015b\u0107. Poznaj nasz\u0105 ofert\u0119 i popro\u015b o wycen\u0119 online.\" \/>\n<meta property=\"og:url\" content=\"https:\/\/oud.alplift.com\/pl\/dzwigniki-pneumatyczny\/\" \/>\n<meta property=\"og:site_name\" content=\"Alp Lift\" \/>\n<meta property=\"article:modified_time\" content=\"2023-02-09T12:51:17+00:00\" \/>\n<meta name=\"twitter:card\" content=\"summary_large_image\" \/>\n<meta name=\"twitter:label1\" content=\"Szacowany czas czytania\" \/>\n\t<meta name=\"twitter:data1\" content=\"2 minuty\" \/>\n<script type=\"application\/ld+json\" class=\"yoast-schema-graph\">{\"@context\":\"https:\/\/schema.org\",\"@graph\":[{\"@type\":\"WebPage\",\"@id\":\"https:\/\/oud.alplift.com\/pl\/dzwigniki-pneumatyczny\/\",\"url\":\"https:\/\/oud.alplift.com\/pl\/dzwigniki-pneumatyczny\/\",\"name\":\"Kup d\u017awigniki pneumatyczne | ud\u017awig do 125 kg | Alp Lift Holandia\",\"isPartOf\":{\"@id\":\"https:\/\/oud.alplift.com\/pl\/#website\"},\"datePublished\":\"2020-12-15T15:07:39+00:00\",\"dateModified\":\"2023-02-09T12:51:17+00:00\",\"description\":\"D\u017awigniki pneumatyczny Alp Lift umo\u017cliwia \u0142atwe przenoszenie materia\u0142\u00f3w o masie do 125 kg na dowoln\u0105 wysoko\u015b\u0107. Poznaj nasz\u0105 ofert\u0119 i popro\u015b o wycen\u0119 online.\",\"breadcrumb\":{\"@id\":\"https:\/\/oud.alplift.com\/pl\/dzwigniki-pneumatyczny\/#breadcrumb\"},\"inLanguage\":\"pl-PL\",\"potentialAction\":[{\"@type\":\"ReadAction\",\"target\":[\"https:\/\/oud.alplift.com\/pl\/dzwigniki-pneumatyczny\/\"]}]},{\"@type\":\"BreadcrumbList\",\"@id\":\"https:\/\/oud.alplift.com\/pl\/dzwigniki-pneumatyczny\/#breadcrumb\",\"itemListElement\":[{\"@type\":\"ListItem\",\"position\":1,\"name\":\"Home\",\"item\":\"https:\/\/oud.alplift.com\/pl\/\"},{\"@type\":\"ListItem\",\"position\":2,\"name\":\"D\u017awigniki pneumatyczny\"}]},{\"@type\":\"WebSite\",\"@id\":\"https:\/\/oud.alplift.com\/pl\/#website\",\"url\":\"https:\/\/oud.alplift.com\/pl\/\",\"name\":\"Alp Lift\",\"description\":\"Lifting Equipment\",\"potentialAction\":[{\"@type\":\"SearchAction\",\"target\":{\"@type\":\"EntryPoint\",\"urlTemplate\":\"https:\/\/oud.alplift.com\/pl\/?s={search_term_string}\"},\"query-input\":{\"@type\":\"PropertyValueSpecification\",\"valueRequired\":true,\"valueName\":\"search_term_string\"}}],\"inLanguage\":\"pl-PL\"}]}<\/script>\n<!-- \/ Yoast SEO plugin. -->","yoast_head_json":{"title":"Kup d\u017awigniki pneumatyczne | ud\u017awig do 125 kg | Alp Lift Holandia","description":"D\u017awigniki pneumatyczny Alp Lift umo\u017cliwia \u0142atwe przenoszenie materia\u0142\u00f3w o masie do 125 kg na dowoln\u0105 wysoko\u015b\u0107. Poznaj nasz\u0105 ofert\u0119 i popro\u015b o wycen\u0119 online.","robots":{"index":"noindex","follow":"follow","max-snippet":"max-snippet:-1","max-image-preview":"max-image-preview:large","max-video-preview":"max-video-preview:-1"},"og_locale":"pl_PL","og_type":"article","og_title":"Kup d\u017awigniki pneumatyczne | ud\u017awig do 125 kg | Alp Lift Holandia","og_description":"D\u017awigniki pneumatyczny Alp Lift umo\u017cliwia \u0142atwe przenoszenie materia\u0142\u00f3w o masie do 125 kg na dowoln\u0105 wysoko\u015b\u0107. Poznaj nasz\u0105 ofert\u0119 i popro\u015b o wycen\u0119 online.","og_url":"https:\/\/oud.alplift.com\/pl\/dzwigniki-pneumatyczny\/","og_site_name":"Alp Lift","article_modified_time":"2023-02-09T12:51:17+00:00","twitter_card":"summary_large_image","twitter_misc":{"Szacowany czas czytania":"2 minuty"},"schema":{"@context":"https:\/\/schema.org","@graph":[{"@type":"WebPage","@id":"https:\/\/oud.alplift.com\/pl\/dzwigniki-pneumatyczny\/","url":"https:\/\/oud.alplift.com\/pl\/dzwigniki-pneumatyczny\/","name":"Kup d\u017awigniki pneumatyczne | ud\u017awig do 125 kg | Alp Lift Holandia","isPartOf":{"@id":"https:\/\/oud.alplift.com\/pl\/#website"},"datePublished":"2020-12-15T15:07:39+00:00","dateModified":"2023-02-09T12:51:17+00:00","description":"D\u017awigniki pneumatyczny Alp Lift umo\u017cliwia \u0142atwe przenoszenie materia\u0142\u00f3w o masie do 125 kg na dowoln\u0105 wysoko\u015b\u0107. Poznaj nasz\u0105 ofert\u0119 i popro\u015b o wycen\u0119 online.","breadcrumb":{"@id":"https:\/\/oud.alplift.com\/pl\/dzwigniki-pneumatyczny\/#breadcrumb"},"inLanguage":"pl-PL","potentialAction":[{"@type":"ReadAction","target":["https:\/\/oud.alplift.com\/pl\/dzwigniki-pneumatyczny\/"]}]},{"@type":"BreadcrumbList","@id":"https:\/\/oud.alplift.com\/pl\/dzwigniki-pneumatyczny\/#breadcrumb","itemListElement":[{"@type":"ListItem","position":1,"name":"Home","item":"https:\/\/oud.alplift.com\/pl\/"},{"@type":"ListItem","position":2,"name":"D\u017awigniki pneumatyczny"}]},{"@type":"WebSite","@id":"https:\/\/oud.alplift.com\/pl\/#website","url":"https:\/\/oud.alplift.com\/pl\/","name":"Alp Lift","description":"Lifting Equipment","potentialAction":[{"@type":"SearchAction","target":{"@type":"EntryPoint","urlTemplate":"https:\/\/oud.alplift.com\/pl\/?s={search_term_string}"},"query-input":{"@type":"PropertyValueSpecification","valueRequired":true,"valueName":"search_term_string"}}],"inLanguage":"pl-PL"}]}},"_links":{"self":[{"href":"https:\/\/oud.alplift.com\/pl\/wp-json\/wp\/v2\/pages\/1696","targetHints":{"allow":["GET"]}}],"collection":[{"href":"https:\/\/oud.alplift.com\/pl\/wp-json\/wp\/v2\/pages"}],"about":[{"href":"https:\/\/oud.alplift.com\/pl\/wp-json\/wp\/v2\/types\/page"}],"author":[{"embeddable":true,"href":"https:\/\/oud.alplift.com\/pl\/wp-json\/wp\/v2\/users\/3"}],"replies":[{"embeddable":true,"href":"https:\/\/oud.alplift.com\/pl\/wp-json\/wp\/v2\/comments?post=1696"}],"version-history":[{"count":0,"href":"https:\/\/oud.alplift.com\/pl\/wp-json\/wp\/v2\/pages\/1696\/revisions"}],"wp:attachment":[{"href":"https:\/\/oud.alplift.com\/pl\/wp-json\/wp\/v2\/media?parent=1696"}],"curies":[{"name":"wp","href":"https:\/\/api.w.org\/{rel}","templated":true}]}}