
{"id":1665,"date":"2020-12-15T14:30:26","date_gmt":"2020-12-15T14:30:26","guid":{"rendered":"https:\/\/oud.alplift.com\/podnosnikei-materialow\/podnosniki-event\/"},"modified":"2023-02-09T13:50:58","modified_gmt":"2023-02-09T12:50:58","slug":"podnosniki-event","status":"publish","type":"page","link":"https:\/\/oud.alplift.com\/pl\/podnosniki-event\/","title":{"rendered":"Podno\u015bniki event"},"content":{"rendered":"<div id='full_slider_1'  class='avia-fullwidth-slider main_color avia-shadow   avia-builder-el-0  el_before_av_textblock  avia-builder-el-first   container_wrap sidebar_right'  >\n<style type=\"text\/css\" data-created_by=\"avia_inline_auto\" id=\"style-css-av-9ljhi-74e6caf7e19298da662607447d49db0f\">\n#top #wrap_all .avia-slideshow .av-slideshow-caption.av-9ljhi-74e6caf7e19298da662607447d49db0f__0 .avia-caption-title{\nfont-size:19px;\n}\n#top .avia-slideshow .av-slideshow-caption.av-9ljhi-74e6caf7e19298da662607447d49db0f__0 .avia-caption-content{\nfont-size:20px;\n}\n#top .avia-slideshow .av-slideshow-caption.av-9ljhi-74e6caf7e19298da662607447d49db0f__0 .avia-caption-content p{\nfont-size:20px;\n}\n<\/style>\n<div  class='avia-slideshow av-9ljhi-74e6caf7e19298da662607447d49db0f avia-slideshow-featured av_slideshow_full avia-slide-slider av-slideshow-ui av-control-default av-slideshow-manual av-loop-once av-loop-manual-endless av-default-height-applied   avia-slideshow-1' data-slideshow-options=\"{&quot;animation&quot;:&quot;slide&quot;,&quot;autoplay&quot;:false,&quot;loop_autoplay&quot;:&quot;once&quot;,&quot;interval&quot;:5,&quot;loop_manual&quot;:&quot;manual-endless&quot;,&quot;autoplay_stopper&quot;:false,&quot;noNavigation&quot;:false,&quot;bg_slider&quot;:false,&quot;keep_padding&quot;:false,&quot;hoverpause&quot;:false,&quot;show_slide_delay&quot;:0}\"  itemprop=\"image\" itemscope=\"itemscope\" itemtype=\"https:\/\/schema.org\/ImageObject\" ><ul class='avia-slideshow-inner ' style='padding-bottom: 28.666666666667%;'><li  class='avia-slideshow-slide av-9ljhi-74e6caf7e19298da662607447d49db0f__0  av-single-slide slide-1 slide-odd'><div data-rel='slideshow-1' class='avia-slide-wrap '   ><div class='av-slideshow-caption av-9ljhi-74e6caf7e19298da662607447d49db0f__0 caption_fullwidth caption_right'><div class=\"container caption_container\"><div class=\"slideshow_caption\"><div class=\"slideshow_inner_caption\"><div class=\"slideshow_align_caption\"><h2 class='avia-caption-title '  itemprop=\"name\" >Alp Lift Podno\u015bniki event<\/h2><div class='avia-caption-content '  itemprop=\"description\" ><p>Niezast\u0105piona pomoc w podniesieniu Twojego cennego sprz\u0119tu.<\/p>\n<\/div><\/div><\/div><\/div><\/div><\/div><img decoding=\"async\" fetchpriority=\"high\" class=\"wp-image-7037 avia-img-lazy-loading-not-7037\"  src=\"https:\/\/oud.alplift.com\/wp-content\/uploads\/2020\/12\/Alplift_slider_eventliften-1500x430.jpg\" width=\"1500\" height=\"430\" title='Alplift_slider_eventliften' alt=''  itemprop=\"thumbnailUrl\"   \/><\/div><\/li><\/ul><\/div><\/div><div id='after_full_slider_1'  class='main_color av_default_container_wrap container_wrap sidebar_right'  ><div class='container av-section-cont-open' ><div class='template-page content  av-content-small alpha units'><div class='post-entry post-entry-type-page post-entry-1665'><div class='entry-content-wrapper clearfix'>\n<section  class='av_textblock_section av-kheqsbpe-9795cc74e8dd3a8d90dcb7c8e4aebdbf '   itemscope=\"itemscope\" itemtype=\"https:\/\/schema.org\/CreativeWork\" ><div class='avia_textblock'  itemprop=\"text\" ><h2>Podno\u015bniki event<\/h2>\n<p>Alp Lift opracowa\u0142 podno\u015bniki event specjalnie dla bran\u017cy teatralnej i eventowej. Konstrukcja podno\u015bniki event opiera si\u0119 na lampie monta\u017cowej, z dodatkiem zabezpieczenia przed upadkiem, dzi\u0119ki czemu mo\u017ce pozosta\u0107 na wysoko\u015bci. Podno\u015bniki event umo\u017cliwia przewo\u017cenie i przechowywanie cennego sprz\u0119tu o wadze do 300 kg &#8211; takiego jak \u015bwiat\u0142o, d\u017awi\u0119k i ekrany &#8211; na dowolnej wysoko\u015bci. Dzi\u0119ki kompaktowym wymiarom s\u0105 \u0142atwe w transporcie i gotowe do u\u017cycia w mgnieniu oka. Podno\u015bniki event s\u0105 standardowo dostarczane w kolorze czarnym, ale s\u0105 r\u00f3wnie\u017c dost\u0119pne w kolorze aluminium. Odkryj ten wyj\u0105tkowy typ podno\u015bnika do materia\u0142\u00f3w, dost\u0119pny w 2 modelach o r\u00f3\u017cnej wysoko\u015bci podnoszenia od 6,20 do 7,60 metra. Dostawa z magazynu.  <\/p>\n<h4><\/h4>\n<\/div><\/section>\n<div  class='hr av-b1fji-27eec97e9a36ab3955562a77497f9dfc hr-default  avia-builder-el-2  el_after_av_textblock  el_before_av_textblock '><span class='hr-inner '><span class=\"hr-inner-style\"><\/span><\/span><\/div>\n<section  class='av_textblock_section av-kheqt0jb-d97d335eb02085568447beb5e4c5270e '   itemscope=\"itemscope\" itemtype=\"https:\/\/schema.org\/CreativeWork\" ><div class='avia_textblock'  itemprop=\"text\" ><div class=\"woocommerce columns-4 \"><div class=\"facetwp-template\"><ul class=\"products columns-4\">\n<li class=\"product type-product post-3390 status-publish first instock product_cat-podnosniki-event product_cat-podnosniki-materialowe has-post-thumbnail shipping-taxable product-type-simple\">\n\t<div class='inner_product main_color wrapped_style noLightbox  av-product-class-'><a href=\"https:\/\/oud.alplift.com\/pl\/produkt\/podnosnik-event-e620sb\/\" class=\"woocommerce-LoopProduct-link woocommerce-loop-product__link\"><div class=\"thumbnail_container\"><img decoding=\"async\" loading=\"lazy\" width=\"300\" height=\"300\" src=\"https:\/\/oud.alplift.com\/wp-content\/uploads\/2020\/11\/Theaterlift-black-high_res-300x300.jpg\" class=\"wp-image-373 avia-img-lazy-loading-373 attachment-shop_catalog size-shop_catalog wp-post-image\" alt=\"\" srcset=\"https:\/\/oud.alplift.com\/wp-content\/uploads\/2020\/11\/Theaterlift-black-high_res-300x300.jpg 300w, https:\/\/oud.alplift.com\/wp-content\/uploads\/2020\/11\/Theaterlift-black-high_res-80x80.jpg 80w, https:\/\/oud.alplift.com\/wp-content\/uploads\/2020\/11\/Theaterlift-black-high_res-36x36.jpg 36w, https:\/\/oud.alplift.com\/wp-content\/uploads\/2020\/11\/Theaterlift-black-high_res-180x180.jpg 180w, https:\/\/oud.alplift.com\/wp-content\/uploads\/2020\/11\/Theaterlift-black-high_res-100x100.jpg 100w\" sizes=\"auto, (max-width: 300px) 100vw, 300px\" \/><span class=\"cart-loading\"><\/span><\/div><div class='inner_product_header'><div class='avia-arrow'><\/div><div class='inner_product_header_table'><div class='inner_product_header_cell'><h2 class=\"woocommerce-loop-product__title\">Podno\u015bnik Event \u2013 E620SB<\/h2>\n<\/div><\/div><\/div><\/a><div class='avia_cart_buttons '>\t<span id=\"woocommerce_loop_add_to_cart_link_describedby_3390\" class=\"screen-reader-text\"><span aria-hidden='true' data-av_icon='\ue859' data-av_iconfont='entypo-fontello'><\/span> \n\t\t\t<\/span>\n<a class=\"button show_details_button\" href=\"https:\/\/oud.alplift.com\/pl\/produkt\/podnosnik-event-e620sb\/\"><span aria-hidden='true' data-av_icon='\ue84b' data-av_iconfont='entypo-fontello'><\/span>  Szczeg\u00f3\u0142y<\/a> <span class=\"button-mini-delimiter\"><\/span><\/div><\/div><\/li>\n<li class=\"product type-product post-3391 status-publish instock product_cat-podnosniki-event product_cat-podnosniki-materialowe has-post-thumbnail shipping-taxable product-type-simple\">\n\t<div class='inner_product main_color wrapped_style noLightbox  av-product-class-'><a href=\"https:\/\/oud.alplift.com\/pl\/produkt\/podnosnik-event-e760sb\/\" class=\"woocommerce-LoopProduct-link woocommerce-loop-product__link\"><div class=\"thumbnail_container\"><img decoding=\"async\" loading=\"lazy\" width=\"300\" height=\"300\" src=\"https:\/\/oud.alplift.com\/wp-content\/uploads\/2021\/01\/Theaterlift-black-high_res-300x300.jpg\" class=\"wp-image-2605 avia-img-lazy-loading-2605 attachment-shop_catalog size-shop_catalog wp-post-image\" alt=\"\" srcset=\"https:\/\/oud.alplift.com\/wp-content\/uploads\/2021\/01\/Theaterlift-black-high_res-300x300.jpg 300w, https:\/\/oud.alplift.com\/wp-content\/uploads\/2021\/01\/Theaterlift-black-high_res-80x80.jpg 80w, https:\/\/oud.alplift.com\/wp-content\/uploads\/2021\/01\/Theaterlift-black-high_res-36x36.jpg 36w, https:\/\/oud.alplift.com\/wp-content\/uploads\/2021\/01\/Theaterlift-black-high_res-180x180.jpg 180w, https:\/\/oud.alplift.com\/wp-content\/uploads\/2021\/01\/Theaterlift-black-high_res-100x100.jpg 100w\" sizes=\"auto, (max-width: 300px) 100vw, 300px\" \/><span class=\"cart-loading\"><\/span><\/div><div class='inner_product_header'><div class='avia-arrow'><\/div><div class='inner_product_header_table'><div class='inner_product_header_cell'><h2 class=\"woocommerce-loop-product__title\">Podno\u015bnik Event \u2013 E760SB<\/h2>\n<\/div><\/div><\/div><\/a><div class='avia_cart_buttons '>\t<span id=\"woocommerce_loop_add_to_cart_link_describedby_3391\" class=\"screen-reader-text\"><span aria-hidden='true' data-av_icon='\ue859' data-av_iconfont='entypo-fontello'><\/span> \n\t\t\t<\/span>\n<a class=\"button show_details_button\" href=\"https:\/\/oud.alplift.com\/pl\/produkt\/podnosnik-event-e760sb\/\"><span aria-hidden='true' data-av_icon='\ue84b' data-av_iconfont='entypo-fontello'><\/span>  Szczeg\u00f3\u0142y<\/a> <span class=\"button-mini-delimiter\"><\/span><\/div><\/div><\/li>\n<\/ul>\n<\/div><!-- end facetwp-template --><\/div>\n<\/div><\/section>\n","protected":false},"excerpt":{"rendered":"","protected":false},"author":3,"featured_media":0,"parent":0,"menu_order":0,"comment_status":"closed","ping_status":"closed","template":"","meta":{"footnotes":""},"class_list":["post-1665","page","type-page","status-publish","hentry"],"yoast_head":"<!-- This site is optimized with the Yoast SEO plugin v24.0 - https:\/\/yoast.com\/wordpress\/plugins\/seo\/ -->\n<title>Kup Podno\u015bniki event | specjalnie dla bran\u017cy eventowej | Alp Lift Polska<\/title>\n<meta name=\"description\" content=\"Podno\u015bniki event Alp Lift umo\u017cliwia wniesienie cennego sprz\u0119tu (\u015bwiat\u0142a, obrazu i d\u017awi\u0119ku) na dowoln\u0105 wysoko\u015b\u0107. Odkryj ten wyj\u0105tkowy podno\u015bnik do materia\u0142\u00f3w.\" \/>\n<meta name=\"robots\" content=\"noindex, follow, max-snippet:-1, max-image-preview:large, max-video-preview:-1\" \/>\n<meta property=\"og:locale\" content=\"pl_PL\" \/>\n<meta property=\"og:type\" content=\"article\" \/>\n<meta property=\"og:title\" content=\"Kup Podno\u015bniki event | specjalnie dla bran\u017cy eventowej | Alp Lift Polska\" \/>\n<meta property=\"og:description\" content=\"Podno\u015bniki event Alp Lift umo\u017cliwia wniesienie cennego sprz\u0119tu (\u015bwiat\u0142a, obrazu i d\u017awi\u0119ku) na dowoln\u0105 wysoko\u015b\u0107. Odkryj ten wyj\u0105tkowy podno\u015bnik do materia\u0142\u00f3w.\" \/>\n<meta property=\"og:url\" content=\"https:\/\/oud.alplift.com\/pl\/podnosniki-event\/\" \/>\n<meta property=\"og:site_name\" content=\"Alp Lift\" \/>\n<meta property=\"article:modified_time\" content=\"2023-02-09T12:50:58+00:00\" \/>\n<meta name=\"twitter:card\" content=\"summary_large_image\" \/>\n<meta name=\"twitter:label1\" content=\"Szacowany czas czytania\" \/>\n\t<meta name=\"twitter:data1\" content=\"2 minuty\" \/>\n<script type=\"application\/ld+json\" class=\"yoast-schema-graph\">{\"@context\":\"https:\/\/schema.org\",\"@graph\":[{\"@type\":\"WebPage\",\"@id\":\"https:\/\/oud.alplift.com\/pl\/podnosniki-event\/\",\"url\":\"https:\/\/oud.alplift.com\/pl\/podnosniki-event\/\",\"name\":\"Kup Podno\u015bniki event | specjalnie dla bran\u017cy eventowej | Alp Lift Polska\",\"isPartOf\":{\"@id\":\"https:\/\/oud.alplift.com\/pl\/#website\"},\"datePublished\":\"2020-12-15T14:30:26+00:00\",\"dateModified\":\"2023-02-09T12:50:58+00:00\",\"description\":\"Podno\u015bniki event Alp Lift umo\u017cliwia wniesienie cennego sprz\u0119tu (\u015bwiat\u0142a, obrazu i d\u017awi\u0119ku) na dowoln\u0105 wysoko\u015b\u0107. Odkryj ten wyj\u0105tkowy podno\u015bnik do materia\u0142\u00f3w.\",\"breadcrumb\":{\"@id\":\"https:\/\/oud.alplift.com\/pl\/podnosniki-event\/#breadcrumb\"},\"inLanguage\":\"pl-PL\",\"potentialAction\":[{\"@type\":\"ReadAction\",\"target\":[\"https:\/\/oud.alplift.com\/pl\/podnosniki-event\/\"]}]},{\"@type\":\"BreadcrumbList\",\"@id\":\"https:\/\/oud.alplift.com\/pl\/podnosniki-event\/#breadcrumb\",\"itemListElement\":[{\"@type\":\"ListItem\",\"position\":1,\"name\":\"Home\",\"item\":\"https:\/\/oud.alplift.com\/pl\/\"},{\"@type\":\"ListItem\",\"position\":2,\"name\":\"Podno\u015bniki event\"}]},{\"@type\":\"WebSite\",\"@id\":\"https:\/\/oud.alplift.com\/pl\/#website\",\"url\":\"https:\/\/oud.alplift.com\/pl\/\",\"name\":\"Alp Lift\",\"description\":\"Lifting Equipment\",\"potentialAction\":[{\"@type\":\"SearchAction\",\"target\":{\"@type\":\"EntryPoint\",\"urlTemplate\":\"https:\/\/oud.alplift.com\/pl\/?s={search_term_string}\"},\"query-input\":{\"@type\":\"PropertyValueSpecification\",\"valueRequired\":true,\"valueName\":\"search_term_string\"}}],\"inLanguage\":\"pl-PL\"}]}<\/script>\n<!-- \/ Yoast SEO plugin. -->","yoast_head_json":{"title":"Kup Podno\u015bniki event | specjalnie dla bran\u017cy eventowej | Alp Lift Polska","description":"Podno\u015bniki event Alp Lift umo\u017cliwia wniesienie cennego sprz\u0119tu (\u015bwiat\u0142a, obrazu i d\u017awi\u0119ku) na dowoln\u0105 wysoko\u015b\u0107. Odkryj ten wyj\u0105tkowy podno\u015bnik do materia\u0142\u00f3w.","robots":{"index":"noindex","follow":"follow","max-snippet":"max-snippet:-1","max-image-preview":"max-image-preview:large","max-video-preview":"max-video-preview:-1"},"og_locale":"pl_PL","og_type":"article","og_title":"Kup Podno\u015bniki event | specjalnie dla bran\u017cy eventowej | Alp Lift Polska","og_description":"Podno\u015bniki event Alp Lift umo\u017cliwia wniesienie cennego sprz\u0119tu (\u015bwiat\u0142a, obrazu i d\u017awi\u0119ku) na dowoln\u0105 wysoko\u015b\u0107. Odkryj ten wyj\u0105tkowy podno\u015bnik do materia\u0142\u00f3w.","og_url":"https:\/\/oud.alplift.com\/pl\/podnosniki-event\/","og_site_name":"Alp Lift","article_modified_time":"2023-02-09T12:50:58+00:00","twitter_card":"summary_large_image","twitter_misc":{"Szacowany czas czytania":"2 minuty"},"schema":{"@context":"https:\/\/schema.org","@graph":[{"@type":"WebPage","@id":"https:\/\/oud.alplift.com\/pl\/podnosniki-event\/","url":"https:\/\/oud.alplift.com\/pl\/podnosniki-event\/","name":"Kup Podno\u015bniki event | specjalnie dla bran\u017cy eventowej | Alp Lift Polska","isPartOf":{"@id":"https:\/\/oud.alplift.com\/pl\/#website"},"datePublished":"2020-12-15T14:30:26+00:00","dateModified":"2023-02-09T12:50:58+00:00","description":"Podno\u015bniki event Alp Lift umo\u017cliwia wniesienie cennego sprz\u0119tu (\u015bwiat\u0142a, obrazu i d\u017awi\u0119ku) na dowoln\u0105 wysoko\u015b\u0107. Odkryj ten wyj\u0105tkowy podno\u015bnik do materia\u0142\u00f3w.","breadcrumb":{"@id":"https:\/\/oud.alplift.com\/pl\/podnosniki-event\/#breadcrumb"},"inLanguage":"pl-PL","potentialAction":[{"@type":"ReadAction","target":["https:\/\/oud.alplift.com\/pl\/podnosniki-event\/"]}]},{"@type":"BreadcrumbList","@id":"https:\/\/oud.alplift.com\/pl\/podnosniki-event\/#breadcrumb","itemListElement":[{"@type":"ListItem","position":1,"name":"Home","item":"https:\/\/oud.alplift.com\/pl\/"},{"@type":"ListItem","position":2,"name":"Podno\u015bniki event"}]},{"@type":"WebSite","@id":"https:\/\/oud.alplift.com\/pl\/#website","url":"https:\/\/oud.alplift.com\/pl\/","name":"Alp Lift","description":"Lifting Equipment","potentialAction":[{"@type":"SearchAction","target":{"@type":"EntryPoint","urlTemplate":"https:\/\/oud.alplift.com\/pl\/?s={search_term_string}"},"query-input":{"@type":"PropertyValueSpecification","valueRequired":true,"valueName":"search_term_string"}}],"inLanguage":"pl-PL"}]}},"_links":{"self":[{"href":"https:\/\/oud.alplift.com\/pl\/wp-json\/wp\/v2\/pages\/1665","targetHints":{"allow":["GET"]}}],"collection":[{"href":"https:\/\/oud.alplift.com\/pl\/wp-json\/wp\/v2\/pages"}],"about":[{"href":"https:\/\/oud.alplift.com\/pl\/wp-json\/wp\/v2\/types\/page"}],"author":[{"embeddable":true,"href":"https:\/\/oud.alplift.com\/pl\/wp-json\/wp\/v2\/users\/3"}],"replies":[{"embeddable":true,"href":"https:\/\/oud.alplift.com\/pl\/wp-json\/wp\/v2\/comments?post=1665"}],"version-history":[{"count":0,"href":"https:\/\/oud.alplift.com\/pl\/wp-json\/wp\/v2\/pages\/1665\/revisions"}],"wp:attachment":[{"href":"https:\/\/oud.alplift.com\/pl\/wp-json\/wp\/v2\/media?parent=1665"}],"curies":[{"name":"wp","href":"https:\/\/api.w.org\/{rel}","templated":true}]}}