
{"id":1613,"date":"2020-12-15T12:13:05","date_gmt":"2020-12-15T11:13:05","guid":{"rendered":"https:\/\/oud.alplift.com\/podnosnikei-materialow\/podnosniki-do-materialow-specjalnych\/"},"modified":"2023-06-19T13:14:37","modified_gmt":"2023-06-19T11:14:37","slug":"specjalne-podnosniki-materialow","status":"publish","type":"page","link":"https:\/\/oud.alplift.com\/pl\/specjalne-podnosniki-materialow\/","title":{"rendered":"Desksurfery"},"content":{"rendered":"<div id='full_slider_1'  class='avia-fullwidth-slider main_color avia-shadow av-desktop-hide av-medium-hide  avia-builder-el-0  el_before_av_slideshow_full  avia-builder-el-first   container_wrap sidebar_right'  >\n<style type=\"text\/css\" data-created_by=\"avia_inline_auto\" id=\"style-css-av-km12ezx1-630b8b5105d3cc5cb9ccaf9212dfb05e\">\n#top #wrap_all .avia-slideshow .av-slideshow-caption.av-km12ezx1-630b8b5105d3cc5cb9ccaf9212dfb05e__0 .avia-caption-title{\nfont-size:20px;\n}\n#top .avia-slideshow .av-slideshow-caption.av-km12ezx1-630b8b5105d3cc5cb9ccaf9212dfb05e__0 .avia-caption-content{\nfont-size:22px;\n}\n#top .avia-slideshow .av-slideshow-caption.av-km12ezx1-630b8b5105d3cc5cb9ccaf9212dfb05e__0 .avia-caption-content p{\nfont-size:22px;\n}\n<\/style>\n<div  class='avia-slideshow av-km12ezx1-630b8b5105d3cc5cb9ccaf9212dfb05e avia-slideshow-featured av_slideshow_full avia-slide-slider av-desktop-hide av-medium-hide av-slideshow-ui av-control-default av-slideshow-manual av-loop-once av-loop-manual-endless av-default-height-applied   avia-slideshow-1' data-slideshow-options=\"{&quot;animation&quot;:&quot;slide&quot;,&quot;autoplay&quot;:false,&quot;loop_autoplay&quot;:&quot;once&quot;,&quot;interval&quot;:5,&quot;loop_manual&quot;:&quot;manual-endless&quot;,&quot;autoplay_stopper&quot;:false,&quot;noNavigation&quot;:false,&quot;bg_slider&quot;:false,&quot;keep_padding&quot;:false,&quot;hoverpause&quot;:false,&quot;show_slide_delay&quot;:0}\"  itemprop=\"image\" itemscope=\"itemscope\" itemtype=\"https:\/\/schema.org\/ImageObject\" ><ul class='avia-slideshow-inner ' style='padding-bottom: 28.666666666667%;'><li  class='avia-slideshow-slide av-km12ezx1-630b8b5105d3cc5cb9ccaf9212dfb05e__0  av-single-slide slide-1 slide-odd'><div data-rel='slideshow-1' class='avia-slide-wrap '   ><div class='av-slideshow-caption av-km12ezx1-630b8b5105d3cc5cb9ccaf9212dfb05e__0 caption_fullwidth caption_right'><div class=\"container caption_container\"><div class=\"slideshow_caption\"><div class=\"slideshow_inner_caption\"><div class=\"slideshow_align_caption\"><h2 class='avia-caption-title '  itemprop=\"name\" >Innowacje w zakresie bezpiecznej pracy na wysoko\u015bci<\/h2><div class='avia-caption-content '  itemprop=\"description\" ><p>Odkryj nasz podno\u015bnik monta\u017cowy z platform\u0105 robocz\u0105<\/p>\n<\/div><\/div><\/div><\/div><\/div><\/div><img decoding=\"async\" fetchpriority=\"high\" class=\"wp-image-3941 avia-img-lazy-loading-not-3941\"  src=\"https:\/\/oud.alplift.com\/wp-content\/uploads\/2021\/03\/Alplift-slider_montagelift-met-platform-1500x430.jpg\" width=\"1500\" height=\"430\" title='Alplift slider_montagelift met platform' alt=''  itemprop=\"thumbnailUrl\"   \/><\/div><\/li><\/ul><\/div><\/div>\n<div id='full_slider_2'  class='avia-fullwidth-slider main_color avia-shadow av-small-hide av-mini-hide  avia-builder-el-1  el_after_av_slideshow_full  el_before_av_one_full   slider-not-first container_wrap sidebar_right'  >\n<style type=\"text\/css\" data-created_by=\"avia_inline_auto\" id=\"style-css-av-km12fedz-bc19374cb1b02d7f2b897cf60cebedd7\">\n#top #wrap_all .avia-slideshow .av-slideshow-caption.av-km12fedz-bc19374cb1b02d7f2b897cf60cebedd7__0 .avia-caption-title{\nfont-size:20px;\n}\n#top .avia-slideshow .av-slideshow-caption.av-km12fedz-bc19374cb1b02d7f2b897cf60cebedd7__0 .avia-caption-content{\nfont-size:22px;\n}\n#top .avia-slideshow .av-slideshow-caption.av-km12fedz-bc19374cb1b02d7f2b897cf60cebedd7__0 .avia-caption-content p{\nfont-size:22px;\n}\n<\/style>\n<div  class='avia-slideshow av-km12fedz-bc19374cb1b02d7f2b897cf60cebedd7 avia-slideshow-featured av_slideshow_full avia-slide-slider av-small-hide av-mini-hide av-slideshow-ui av-control-default av-slideshow-manual av-loop-once av-loop-manual-endless av-default-height-applied   avia-slideshow-2' data-slideshow-options=\"{&quot;animation&quot;:&quot;slide&quot;,&quot;autoplay&quot;:false,&quot;loop_autoplay&quot;:&quot;once&quot;,&quot;interval&quot;:5,&quot;loop_manual&quot;:&quot;manual-endless&quot;,&quot;autoplay_stopper&quot;:false,&quot;noNavigation&quot;:false,&quot;bg_slider&quot;:false,&quot;keep_padding&quot;:false,&quot;hoverpause&quot;:false,&quot;show_slide_delay&quot;:0}\"  itemprop=\"image\" itemscope=\"itemscope\" itemtype=\"https:\/\/schema.org\/ImageObject\" ><ul class='avia-slideshow-inner ' style='padding-bottom: 28.666666666667%;'><li  class='avia-slideshow-slide av-km12fedz-bc19374cb1b02d7f2b897cf60cebedd7__0  av-single-slide slide-1 slide-odd'><div data-rel='slideshow-2' class='avia-slide-wrap '   ><div class='av-slideshow-caption av-km12fedz-bc19374cb1b02d7f2b897cf60cebedd7__0 caption_fullwidth caption_right'><div class=\"container caption_container\"><div class=\"slideshow_caption\"><div class=\"slideshow_inner_caption\"><div class=\"slideshow_align_caption\"><h2 class='avia-caption-title '  itemprop=\"name\" >Innowacje w zakresie bezpiecznej pracy na wysoko\u015bci<\/h2><div class='avia-caption-content '  itemprop=\"description\" ><p>Odkryj nasz podno\u015bnik monta\u017cowy z platform\u0105 robocz\u0105<\/p>\n<\/div><\/div><\/div><\/div><\/div><\/div><img decoding=\"async\" fetchpriority=\"high\" class=\"wp-image-3941 avia-img-lazy-loading-not-3941\"  src=\"https:\/\/oud.alplift.com\/wp-content\/uploads\/2021\/03\/Alplift-slider_montagelift-met-platform-1500x430.jpg\" width=\"1500\" height=\"430\" title='Alplift slider_montagelift met platform' alt=''  itemprop=\"thumbnailUrl\"   \/><\/div><\/li><\/ul><\/div><\/div><div id='after_full_slider_2'  class='main_color av_default_container_wrap container_wrap sidebar_right'  ><div class='container av-section-cont-open' ><div class='template-page content  av-content-small alpha units'><div class='post-entry post-entry-type-page post-entry-1613'><div class='entry-content-wrapper clearfix'>\n\n<style type=\"text\/css\" data-created_by=\"avia_inline_auto\" id=\"style-css-av-9oj3g-a591d3336f93e97baf4856f4c1cd4731\">\n.flex_column.av-9oj3g-a591d3336f93e97baf4856f4c1cd4731{\nborder-radius:0px 0px 0px 0px;\npadding:0px 0px 0px 0px;\n}\n<\/style>\n<div  class='flex_column av-9oj3g-a591d3336f93e97baf4856f4c1cd4731 av_one_full  avia-builder-el-2  el_after_av_slideshow_full  avia-builder-el-no-sibling  first flex_column_div av-zero-column-padding  '     ><section  class='av_textblock_section av-kiofwzkb-e8ac2af89886d9884f5209a093a29c14 '   itemscope=\"itemscope\" itemtype=\"https:\/\/schema.org\/CreativeWork\" ><div class='avia_textblock'  itemprop=\"text\" ><h2>Desksurfery<\/h2>\n<p>Alp Lift ma w swojej ofercie r\u00f3\u017cne specjalne podno\u015bniki do materia\u0142\u00f3w. Nasza winda monta\u017cowa z platform\u0105 robocz\u0105 mo\u017ce by\u0107 u\u017cywana nie tylko do podnoszenia materia\u0142\u00f3w, ale mo\u017ce by\u0107 r\u00f3wnie\u017c u\u017cywana jako pojedyncza platforma robocza dzi\u0119ki po\u0142\u0105czeniu z oddzieln\u0105 platform\u0105 robocz\u0105.<\/p>\n<p>Z desksurfer mo\u017cesz bez problemu pracowa\u0107 nad biurkami lub recepcjami, np. Przy o\u015bwietleniu lub p\u0142ytach sufitowych.<\/p>\n<p>Mo\u017cemy r\u00f3wnie\u017c zaproponowa\u0107 rozwi\u0105zania dostosowane do Twoich potrzeb, takie jak poszerzenie lub zw\u0119\u017cenie widelca.Zobacz nasze specjalne podno\u015bniki do materia\u0142\u00f3w lub zadzwo\u0144 do nas, aby uzyska\u0107 wi\u0119cej opcji.<\/p>\n<\/div><\/section><br \/>\n<section  class='av_textblock_section av-kia1i0fv-df660527b77528f599e22f12b5bfb8ae '   itemscope=\"itemscope\" itemtype=\"https:\/\/schema.org\/CreativeWork\" ><div class='avia_textblock'  itemprop=\"text\" ><div class=\"woocommerce columns-4 \"><\/div>\n<\/div><\/section><\/p><\/div>\n","protected":false},"excerpt":{"rendered":"","protected":false},"author":3,"featured_media":0,"parent":0,"menu_order":0,"comment_status":"closed","ping_status":"closed","template":"","meta":{"footnotes":""},"class_list":["post-1613","page","type-page","status-publish","hentry"],"yoast_head":"<!-- This site is optimized with the Yoast SEO plugin v24.0 - https:\/\/yoast.com\/wordpress\/plugins\/seo\/ -->\n<title>Kup desksurfery | Alp Lift<\/title>\n<meta name=\"description\" content=\"Podno\u015bniki materia\u0142owe do zastosowa\u0144 specjalnych mo\u017cna znale\u017a\u0107 w Alp Lift. Takich jak deski surfingowe i podno\u015bnik materia\u0142owy z platform\u0105 robocz\u0105 Zobacz nasz\u0105 ofert\u0119.\" \/>\n<meta name=\"robots\" content=\"noindex, follow, max-snippet:-1, max-image-preview:large, max-video-preview:-1\" \/>\n<meta property=\"og:locale\" content=\"pl_PL\" \/>\n<meta property=\"og:type\" content=\"article\" \/>\n<meta property=\"og:title\" content=\"Kup desksurfery | Alp Lift\" \/>\n<meta property=\"og:description\" content=\"Podno\u015bniki materia\u0142owe do zastosowa\u0144 specjalnych mo\u017cna znale\u017a\u0107 w Alp Lift. Takich jak deski surfingowe i podno\u015bnik materia\u0142owy z platform\u0105 robocz\u0105 Zobacz nasz\u0105 ofert\u0119.\" \/>\n<meta property=\"og:url\" content=\"https:\/\/oud.alplift.com\/pl\/specjalne-podnosniki-materialow\/\" \/>\n<meta property=\"og:site_name\" content=\"Alp Lift\" \/>\n<meta property=\"article:modified_time\" content=\"2023-06-19T11:14:37+00:00\" \/>\n<meta name=\"twitter:card\" content=\"summary_large_image\" \/>\n<meta name=\"twitter:label1\" content=\"Szacowany czas czytania\" \/>\n\t<meta name=\"twitter:data1\" content=\"4 minuty\" \/>\n<script type=\"application\/ld+json\" class=\"yoast-schema-graph\">{\"@context\":\"https:\/\/schema.org\",\"@graph\":[{\"@type\":\"WebPage\",\"@id\":\"https:\/\/oud.alplift.com\/pl\/specjalne-podnosniki-materialow\/\",\"url\":\"https:\/\/oud.alplift.com\/pl\/specjalne-podnosniki-materialow\/\",\"name\":\"Kup desksurfery | Alp Lift\",\"isPartOf\":{\"@id\":\"https:\/\/oud.alplift.com\/pl\/#website\"},\"datePublished\":\"2020-12-15T11:13:05+00:00\",\"dateModified\":\"2023-06-19T11:14:37+00:00\",\"description\":\"Podno\u015bniki materia\u0142owe do zastosowa\u0144 specjalnych mo\u017cna znale\u017a\u0107 w Alp Lift. Takich jak deski surfingowe i podno\u015bnik materia\u0142owy z platform\u0105 robocz\u0105 Zobacz nasz\u0105 ofert\u0119.\",\"breadcrumb\":{\"@id\":\"https:\/\/oud.alplift.com\/pl\/specjalne-podnosniki-materialow\/#breadcrumb\"},\"inLanguage\":\"pl-PL\",\"potentialAction\":[{\"@type\":\"ReadAction\",\"target\":[\"https:\/\/oud.alplift.com\/pl\/specjalne-podnosniki-materialow\/\"]}]},{\"@type\":\"BreadcrumbList\",\"@id\":\"https:\/\/oud.alplift.com\/pl\/specjalne-podnosniki-materialow\/#breadcrumb\",\"itemListElement\":[{\"@type\":\"ListItem\",\"position\":1,\"name\":\"Home\",\"item\":\"https:\/\/oud.alplift.com\/pl\/\"},{\"@type\":\"ListItem\",\"position\":2,\"name\":\"Desksurfery\"}]},{\"@type\":\"WebSite\",\"@id\":\"https:\/\/oud.alplift.com\/pl\/#website\",\"url\":\"https:\/\/oud.alplift.com\/pl\/\",\"name\":\"Alp Lift\",\"description\":\"Lifting Equipment\",\"potentialAction\":[{\"@type\":\"SearchAction\",\"target\":{\"@type\":\"EntryPoint\",\"urlTemplate\":\"https:\/\/oud.alplift.com\/pl\/?s={search_term_string}\"},\"query-input\":{\"@type\":\"PropertyValueSpecification\",\"valueRequired\":true,\"valueName\":\"search_term_string\"}}],\"inLanguage\":\"pl-PL\"}]}<\/script>\n<!-- \/ Yoast SEO plugin. -->","yoast_head_json":{"title":"Kup desksurfery | Alp Lift","description":"Podno\u015bniki materia\u0142owe do zastosowa\u0144 specjalnych mo\u017cna znale\u017a\u0107 w Alp Lift. Takich jak deski surfingowe i podno\u015bnik materia\u0142owy z platform\u0105 robocz\u0105 Zobacz nasz\u0105 ofert\u0119.","robots":{"index":"noindex","follow":"follow","max-snippet":"max-snippet:-1","max-image-preview":"max-image-preview:large","max-video-preview":"max-video-preview:-1"},"og_locale":"pl_PL","og_type":"article","og_title":"Kup desksurfery | Alp Lift","og_description":"Podno\u015bniki materia\u0142owe do zastosowa\u0144 specjalnych mo\u017cna znale\u017a\u0107 w Alp Lift. Takich jak deski surfingowe i podno\u015bnik materia\u0142owy z platform\u0105 robocz\u0105 Zobacz nasz\u0105 ofert\u0119.","og_url":"https:\/\/oud.alplift.com\/pl\/specjalne-podnosniki-materialow\/","og_site_name":"Alp Lift","article_modified_time":"2023-06-19T11:14:37+00:00","twitter_card":"summary_large_image","twitter_misc":{"Szacowany czas czytania":"4 minuty"},"schema":{"@context":"https:\/\/schema.org","@graph":[{"@type":"WebPage","@id":"https:\/\/oud.alplift.com\/pl\/specjalne-podnosniki-materialow\/","url":"https:\/\/oud.alplift.com\/pl\/specjalne-podnosniki-materialow\/","name":"Kup desksurfery | Alp Lift","isPartOf":{"@id":"https:\/\/oud.alplift.com\/pl\/#website"},"datePublished":"2020-12-15T11:13:05+00:00","dateModified":"2023-06-19T11:14:37+00:00","description":"Podno\u015bniki materia\u0142owe do zastosowa\u0144 specjalnych mo\u017cna znale\u017a\u0107 w Alp Lift. Takich jak deski surfingowe i podno\u015bnik materia\u0142owy z platform\u0105 robocz\u0105 Zobacz nasz\u0105 ofert\u0119.","breadcrumb":{"@id":"https:\/\/oud.alplift.com\/pl\/specjalne-podnosniki-materialow\/#breadcrumb"},"inLanguage":"pl-PL","potentialAction":[{"@type":"ReadAction","target":["https:\/\/oud.alplift.com\/pl\/specjalne-podnosniki-materialow\/"]}]},{"@type":"BreadcrumbList","@id":"https:\/\/oud.alplift.com\/pl\/specjalne-podnosniki-materialow\/#breadcrumb","itemListElement":[{"@type":"ListItem","position":1,"name":"Home","item":"https:\/\/oud.alplift.com\/pl\/"},{"@type":"ListItem","position":2,"name":"Desksurfery"}]},{"@type":"WebSite","@id":"https:\/\/oud.alplift.com\/pl\/#website","url":"https:\/\/oud.alplift.com\/pl\/","name":"Alp Lift","description":"Lifting Equipment","potentialAction":[{"@type":"SearchAction","target":{"@type":"EntryPoint","urlTemplate":"https:\/\/oud.alplift.com\/pl\/?s={search_term_string}"},"query-input":{"@type":"PropertyValueSpecification","valueRequired":true,"valueName":"search_term_string"}}],"inLanguage":"pl-PL"}]}},"_links":{"self":[{"href":"https:\/\/oud.alplift.com\/pl\/wp-json\/wp\/v2\/pages\/1613","targetHints":{"allow":["GET"]}}],"collection":[{"href":"https:\/\/oud.alplift.com\/pl\/wp-json\/wp\/v2\/pages"}],"about":[{"href":"https:\/\/oud.alplift.com\/pl\/wp-json\/wp\/v2\/types\/page"}],"author":[{"embeddable":true,"href":"https:\/\/oud.alplift.com\/pl\/wp-json\/wp\/v2\/users\/3"}],"replies":[{"embeddable":true,"href":"https:\/\/oud.alplift.com\/pl\/wp-json\/wp\/v2\/comments?post=1613"}],"version-history":[{"count":0,"href":"https:\/\/oud.alplift.com\/pl\/wp-json\/wp\/v2\/pages\/1613\/revisions"}],"wp:attachment":[{"href":"https:\/\/oud.alplift.com\/pl\/wp-json\/wp\/v2\/media?parent=1613"}],"curies":[{"name":"wp","href":"https:\/\/api.w.org\/{rel}","templated":true}]}}