
{"id":1579,"date":"2020-12-15T11:11:12","date_gmt":"2020-12-15T11:11:12","guid":{"rendered":"https:\/\/oud.alplift.com\/lista-ofert\/"},"modified":"2020-12-15T11:11:34","modified_gmt":"2020-12-15T11:11:34","slug":"lista-ofert","status":"publish","type":"page","link":"https:\/\/oud.alplift.com\/pl\/lista-ofert\/","title":{"rendered":"Lista ofert"},"content":{"rendered":"<section  class='av_textblock_section av-k347g1fg-2c1356c727f50fd353b3fc7cc3f62710 '   itemscope=\"itemscope\" itemtype=\"https:\/\/schema.org\/CreativeWork\" ><div class='avia_textblock'  itemprop=\"text\" >\n<div class=\"woocommerce ywraq-wrapper ywraq-empty\">\n\t\t\t<div id=\"yith-ywraq-message\"><div class=\"ywraq-question-message\">\n\t<\/div>\n<\/div>\n\t\t\n\t\t\t\t<div class=\"ywraq-form-table-wrapper vertical\">\n\t\t\t<div class=\"ywraq-before-form\">\n\t<p class=\"ywraq_list_empty_message\">Twoja lista zapyta\u0144 jest pusta, dodaj produkty do zapytania<p><p class=\"return-to-shop\"><a class=\"button wc-backward\" href=\"https:\/\/oud.alplift.com\/shop\/\">Terugkeren naar winkel<\/a><\/p><\/div>\n\t\t\t\t\t<\/div>\n\t<\/div>\n\n<\/div><\/section>","protected":false},"excerpt":{"rendered":"","protected":false},"author":2,"featured_media":0,"parent":0,"menu_order":0,"comment_status":"open","ping_status":"open","template":"","meta":{"footnotes":""},"class_list":["post-1579","page","type-page","status-publish","hentry"],"yoast_head":"<!-- This site is optimized with the Yoast SEO plugin v24.0 - https:\/\/yoast.com\/wordpress\/plugins\/seo\/ -->\n<title>popro\u015b o wycen\u0119 online<\/title>\n<meta name=\"description\" content=\"Popro\u015b o wycen\u0119 online od Alp Lift. Odpowiemy w ci\u0105gu 24 godzin.\" \/>\n<meta name=\"robots\" content=\"noindex, follow, max-snippet:-1, max-image-preview:large, max-video-preview:-1\" \/>\n<meta property=\"og:locale\" content=\"pl_PL\" \/>\n<meta property=\"og:type\" content=\"article\" \/>\n<meta property=\"og:title\" content=\"popro\u015b o wycen\u0119 online\" \/>\n<meta property=\"og:description\" content=\"Popro\u015b o wycen\u0119 online od Alp Lift. Odpowiemy w ci\u0105gu 24 godzin.\" \/>\n<meta property=\"og:url\" content=\"https:\/\/oud.alplift.com\/pl\/lista-ofert\/\" \/>\n<meta property=\"og:site_name\" content=\"Alp Lift\" \/>\n<meta property=\"article:modified_time\" content=\"2020-12-15T11:11:34+00:00\" \/>\n<meta name=\"twitter:card\" content=\"summary_large_image\" \/>\n<script type=\"application\/ld+json\" class=\"yoast-schema-graph\">{\"@context\":\"https:\/\/schema.org\",\"@graph\":[{\"@type\":\"WebPage\",\"@id\":\"https:\/\/oud.alplift.com\/pl\/lista-ofert\/\",\"url\":\"https:\/\/oud.alplift.com\/pl\/lista-ofert\/\",\"name\":\"popro\u015b o wycen\u0119 online\",\"isPartOf\":{\"@id\":\"https:\/\/oud.alplift.com\/pl\/#website\"},\"datePublished\":\"2020-12-15T11:11:12+00:00\",\"dateModified\":\"2020-12-15T11:11:34+00:00\",\"description\":\"Popro\u015b o wycen\u0119 online od Alp Lift. Odpowiemy w ci\u0105gu 24 godzin.\",\"breadcrumb\":{\"@id\":\"https:\/\/oud.alplift.com\/pl\/lista-ofert\/#breadcrumb\"},\"inLanguage\":\"pl-PL\",\"potentialAction\":[{\"@type\":\"ReadAction\",\"target\":[\"https:\/\/oud.alplift.com\/pl\/lista-ofert\/\"]}]},{\"@type\":\"BreadcrumbList\",\"@id\":\"https:\/\/oud.alplift.com\/pl\/lista-ofert\/#breadcrumb\",\"itemListElement\":[{\"@type\":\"ListItem\",\"position\":1,\"name\":\"Home\",\"item\":\"https:\/\/oud.alplift.com\/pl\/\"},{\"@type\":\"ListItem\",\"position\":2,\"name\":\"Lista ofert\"}]},{\"@type\":\"WebSite\",\"@id\":\"https:\/\/oud.alplift.com\/pl\/#website\",\"url\":\"https:\/\/oud.alplift.com\/pl\/\",\"name\":\"Alp Lift\",\"description\":\"Lifting Equipment\",\"potentialAction\":[{\"@type\":\"SearchAction\",\"target\":{\"@type\":\"EntryPoint\",\"urlTemplate\":\"https:\/\/oud.alplift.com\/pl\/?s={search_term_string}\"},\"query-input\":{\"@type\":\"PropertyValueSpecification\",\"valueRequired\":true,\"valueName\":\"search_term_string\"}}],\"inLanguage\":\"pl-PL\"}]}<\/script>\n<!-- \/ Yoast SEO plugin. -->","yoast_head_json":{"title":"popro\u015b o wycen\u0119 online","description":"Popro\u015b o wycen\u0119 online od Alp Lift. Odpowiemy w ci\u0105gu 24 godzin.","robots":{"index":"noindex","follow":"follow","max-snippet":"max-snippet:-1","max-image-preview":"max-image-preview:large","max-video-preview":"max-video-preview:-1"},"og_locale":"pl_PL","og_type":"article","og_title":"popro\u015b o wycen\u0119 online","og_description":"Popro\u015b o wycen\u0119 online od Alp Lift. Odpowiemy w ci\u0105gu 24 godzin.","og_url":"https:\/\/oud.alplift.com\/pl\/lista-ofert\/","og_site_name":"Alp Lift","article_modified_time":"2020-12-15T11:11:34+00:00","twitter_card":"summary_large_image","schema":{"@context":"https:\/\/schema.org","@graph":[{"@type":"WebPage","@id":"https:\/\/oud.alplift.com\/pl\/lista-ofert\/","url":"https:\/\/oud.alplift.com\/pl\/lista-ofert\/","name":"popro\u015b o wycen\u0119 online","isPartOf":{"@id":"https:\/\/oud.alplift.com\/pl\/#website"},"datePublished":"2020-12-15T11:11:12+00:00","dateModified":"2020-12-15T11:11:34+00:00","description":"Popro\u015b o wycen\u0119 online od Alp Lift. Odpowiemy w ci\u0105gu 24 godzin.","breadcrumb":{"@id":"https:\/\/oud.alplift.com\/pl\/lista-ofert\/#breadcrumb"},"inLanguage":"pl-PL","potentialAction":[{"@type":"ReadAction","target":["https:\/\/oud.alplift.com\/pl\/lista-ofert\/"]}]},{"@type":"BreadcrumbList","@id":"https:\/\/oud.alplift.com\/pl\/lista-ofert\/#breadcrumb","itemListElement":[{"@type":"ListItem","position":1,"name":"Home","item":"https:\/\/oud.alplift.com\/pl\/"},{"@type":"ListItem","position":2,"name":"Lista ofert"}]},{"@type":"WebSite","@id":"https:\/\/oud.alplift.com\/pl\/#website","url":"https:\/\/oud.alplift.com\/pl\/","name":"Alp Lift","description":"Lifting Equipment","potentialAction":[{"@type":"SearchAction","target":{"@type":"EntryPoint","urlTemplate":"https:\/\/oud.alplift.com\/pl\/?s={search_term_string}"},"query-input":{"@type":"PropertyValueSpecification","valueRequired":true,"valueName":"search_term_string"}}],"inLanguage":"pl-PL"}]}},"_links":{"self":[{"href":"https:\/\/oud.alplift.com\/pl\/wp-json\/wp\/v2\/pages\/1579","targetHints":{"allow":["GET"]}}],"collection":[{"href":"https:\/\/oud.alplift.com\/pl\/wp-json\/wp\/v2\/pages"}],"about":[{"href":"https:\/\/oud.alplift.com\/pl\/wp-json\/wp\/v2\/types\/page"}],"author":[{"embeddable":true,"href":"https:\/\/oud.alplift.com\/pl\/wp-json\/wp\/v2\/users\/2"}],"replies":[{"embeddable":true,"href":"https:\/\/oud.alplift.com\/pl\/wp-json\/wp\/v2\/comments?post=1579"}],"version-history":[{"count":0,"href":"https:\/\/oud.alplift.com\/pl\/wp-json\/wp\/v2\/pages\/1579\/revisions"}],"wp:attachment":[{"href":"https:\/\/oud.alplift.com\/pl\/wp-json\/wp\/v2\/media?parent=1579"}],"curies":[{"name":"wp","href":"https:\/\/api.w.org\/{rel}","templated":true}]}}