
{"id":1542,"date":"2020-12-15T09:38:46","date_gmt":"2020-12-15T08:38:46","guid":{"rendered":"https:\/\/oud.alplift.com\/uzywana-podnosniki-koszowy\/"},"modified":"2021-02-04T16:59:45","modified_gmt":"2021-02-04T15:59:45","slug":"uzywana-podnosniki-koszowy","status":"publish","type":"page","link":"https:\/\/oud.alplift.com\/pl\/uzywana-podnosniki-koszowy\/","title":{"rendered":"U\u017cywan\u0105 podno\u015bniki koszowy"},"content":{"rendered":"<div id='av_section_1'  class='avia-section av-cpnyk9-df02608bcd927218a66b89e8f511a672 main_color avia-section-default avia-no-shadow  avia-builder-el-0  el_before_av_section  avia-builder-el-first  avia-bg-style-scroll av-minimum-height av-minimum-height-custom av-height-custom  container_wrap sidebar_right'   data-av_minimum_height_px='300'><div class='container av-section-cont-open' style='height:300px'><main  role=\"main\" itemprop=\"mainContentOfPage\"  class='template-page content  av-content-small alpha units'><div class='post-entry post-entry-type-page post-entry-1542'><div class='entry-content-wrapper clearfix'>\n<\/div><\/div><\/main><!-- close content main element --><\/div><\/div><div id='av_section_2'  class='avia-section av-ai7vll-6a1ec5333f046d91024ef2a3fa9079dd main_color avia-section-default avia-no-shadow  avia-builder-el-1  el_after_av_section  avia-builder-el-last  avia-bg-style-scroll container_wrap sidebar_right'  ><div class='container av-section-cont-open' ><div class='template-page content  av-content-small alpha units'><div class='post-entry post-entry-type-page post-entry-1542'><div class='entry-content-wrapper clearfix'>\n\n<style type=\"text\/css\" data-created_by=\"avia_inline_auto\" id=\"style-css-av-sx2p5-17b6fc40d770dce5c4947cf4503e2a68\">\n.flex_column.av-sx2p5-17b6fc40d770dce5c4947cf4503e2a68{\nborder-radius:0px 0px 0px 0px;\npadding:0px 0px 0px 0px;\n}\n<\/style>\n<div  class='flex_column av-sx2p5-17b6fc40d770dce5c4947cf4503e2a68 av_one_full  avia-builder-el-2  avia-builder-el-no-sibling  first flex_column_div av-zero-column-padding  '     ><section  class='av_textblock_section av-6c4xfd-504b7b7af70f061c04b5f1129baf0e14 '   itemscope=\"itemscope\" itemtype=\"https:\/\/schema.org\/CreativeWork\" ><div class='avia_textblock'  itemprop=\"text\" ><h2 style=\"text-align: center;\">u\u017cywan\u0105 podno\u015bniki koszowy lub podno\u015bnik material\u00f3w<\/h2>\n<p style=\"text-align: left;\">352 \/ 5000 Vertaalresultaten Opr\u00f3cz sprzeda\u017cy nowych maszyn oferujemy r\u00f3wnie\u017c sprzeda\u017c u\u017cywanych podno\u015bnik\u00f3w koszowych lub podno\u015bnik\u00f3w materia\u0142owych. Wszystkie te maszyny pochodz\u0105 prosto z wypo\u017cyczonej floty i s\u0105 dobrze utrzymane. Albo pochodz\u0105 z wymiany dokonanej przez klienta. W ka\u017cdym razie odwa\u017cymy si\u0119 da\u0107 tym maszynom drugie \u017cycie i z przyjemno\u015bci\u0105 utrzymamy je dla Ciebie w jak najlepszym stanie.   <\/p>\n<p style=\"text-align: left;\">Chcesz wiedzie\u0107 jaka jest aktualna oferta samochod\u00f3w u\u017cywanych? Skontaktuj si\u0119 z nami.<\/p>\n<p style=\"text-align: left;\">\n<\/div><\/section><\/div><\/div><\/div><\/div><!-- close content main div --><\/div><\/div><div id='after_section_2'  class='main_color av_default_container_wrap container_wrap sidebar_right'  ><div class='container av-section-cont-open' ><div class='template-page content  av-content-small alpha units'><div class='post-entry post-entry-type-page post-entry-1542'><div class='entry-content-wrapper clearfix'>\n","protected":false},"excerpt":{"rendered":"","protected":false},"author":2,"featured_media":0,"parent":0,"menu_order":0,"comment_status":"open","ping_status":"closed","template":"","meta":{"footnotes":""},"class_list":["post-1542","page","type-page","status-publish","hentry"],"yoast_head":"<!-- This site is optimized with the Yoast SEO plugin v24.0 - https:\/\/yoast.com\/wordpress\/plugins\/seo\/ -->\n<title>Kup u\u017cywan\u0105 podno\u015bniki koszowy lub podno\u015bnik material\u00f3wy | Alp Lift International<\/title>\n<meta name=\"description\" content=\"Kup u\u017cywan\u0105 podno\u015bniki koszowy lub podno\u015bnik do materia\u0142\u00f3w? Alp Lift oferuje u\u017cywane maszyny, kt\u00f3re s\u0105 nadal w doskona\u0142ym stanie. Zapytaj o aktualn\u0105 ofert\u0119.\" \/>\n<meta name=\"robots\" content=\"noindex, follow, max-snippet:-1, max-image-preview:large, max-video-preview:-1\" \/>\n<meta property=\"og:locale\" content=\"pl_PL\" \/>\n<meta property=\"og:type\" content=\"article\" \/>\n<meta property=\"og:title\" content=\"Kup u\u017cywan\u0105 podno\u015bniki koszowy lub podno\u015bnik material\u00f3wy | Alp Lift International\" \/>\n<meta property=\"og:description\" content=\"Kup u\u017cywan\u0105 podno\u015bniki koszowy lub podno\u015bnik do materia\u0142\u00f3w? Alp Lift oferuje u\u017cywane maszyny, kt\u00f3re s\u0105 nadal w doskona\u0142ym stanie. Zapytaj o aktualn\u0105 ofert\u0119.\" \/>\n<meta property=\"og:url\" content=\"https:\/\/oud.alplift.com\/pl\/uzywana-podnosniki-koszowy\/\" \/>\n<meta property=\"og:site_name\" content=\"Alp Lift\" \/>\n<meta property=\"article:modified_time\" content=\"2021-02-04T15:59:45+00:00\" \/>\n<meta name=\"twitter:card\" content=\"summary_large_image\" \/>\n<meta name=\"twitter:label1\" content=\"Szacowany czas czytania\" \/>\n\t<meta name=\"twitter:data1\" content=\"2 minuty\" \/>\n<script type=\"application\/ld+json\" class=\"yoast-schema-graph\">{\"@context\":\"https:\/\/schema.org\",\"@graph\":[{\"@type\":\"WebPage\",\"@id\":\"https:\/\/oud.alplift.com\/pl\/uzywana-podnosniki-koszowy\/\",\"url\":\"https:\/\/oud.alplift.com\/pl\/uzywana-podnosniki-koszowy\/\",\"name\":\"Kup u\u017cywan\u0105 podno\u015bniki koszowy lub podno\u015bnik material\u00f3wy | Alp Lift International\",\"isPartOf\":{\"@id\":\"https:\/\/oud.alplift.com\/pl\/#website\"},\"datePublished\":\"2020-12-15T08:38:46+00:00\",\"dateModified\":\"2021-02-04T15:59:45+00:00\",\"description\":\"Kup u\u017cywan\u0105 podno\u015bniki koszowy lub podno\u015bnik do materia\u0142\u00f3w? Alp Lift oferuje u\u017cywane maszyny, kt\u00f3re s\u0105 nadal w doskona\u0142ym stanie. Zapytaj o aktualn\u0105 ofert\u0119.\",\"breadcrumb\":{\"@id\":\"https:\/\/oud.alplift.com\/pl\/uzywana-podnosniki-koszowy\/#breadcrumb\"},\"inLanguage\":\"pl-PL\",\"potentialAction\":[{\"@type\":\"ReadAction\",\"target\":[\"https:\/\/oud.alplift.com\/pl\/uzywana-podnosniki-koszowy\/\"]}]},{\"@type\":\"BreadcrumbList\",\"@id\":\"https:\/\/oud.alplift.com\/pl\/uzywana-podnosniki-koszowy\/#breadcrumb\",\"itemListElement\":[{\"@type\":\"ListItem\",\"position\":1,\"name\":\"Home\",\"item\":\"https:\/\/oud.alplift.com\/pl\/\"},{\"@type\":\"ListItem\",\"position\":2,\"name\":\"U\u017cywan\u0105 podno\u015bniki koszowy\"}]},{\"@type\":\"WebSite\",\"@id\":\"https:\/\/oud.alplift.com\/pl\/#website\",\"url\":\"https:\/\/oud.alplift.com\/pl\/\",\"name\":\"Alp Lift\",\"description\":\"Lifting Equipment\",\"potentialAction\":[{\"@type\":\"SearchAction\",\"target\":{\"@type\":\"EntryPoint\",\"urlTemplate\":\"https:\/\/oud.alplift.com\/pl\/?s={search_term_string}\"},\"query-input\":{\"@type\":\"PropertyValueSpecification\",\"valueRequired\":true,\"valueName\":\"search_term_string\"}}],\"inLanguage\":\"pl-PL\"}]}<\/script>\n<!-- \/ Yoast SEO plugin. -->","yoast_head_json":{"title":"Kup u\u017cywan\u0105 podno\u015bniki koszowy lub podno\u015bnik material\u00f3wy | Alp Lift International","description":"Kup u\u017cywan\u0105 podno\u015bniki koszowy lub podno\u015bnik do materia\u0142\u00f3w? Alp Lift oferuje u\u017cywane maszyny, kt\u00f3re s\u0105 nadal w doskona\u0142ym stanie. Zapytaj o aktualn\u0105 ofert\u0119.","robots":{"index":"noindex","follow":"follow","max-snippet":"max-snippet:-1","max-image-preview":"max-image-preview:large","max-video-preview":"max-video-preview:-1"},"og_locale":"pl_PL","og_type":"article","og_title":"Kup u\u017cywan\u0105 podno\u015bniki koszowy lub podno\u015bnik material\u00f3wy | Alp Lift International","og_description":"Kup u\u017cywan\u0105 podno\u015bniki koszowy lub podno\u015bnik do materia\u0142\u00f3w? Alp Lift oferuje u\u017cywane maszyny, kt\u00f3re s\u0105 nadal w doskona\u0142ym stanie. Zapytaj o aktualn\u0105 ofert\u0119.","og_url":"https:\/\/oud.alplift.com\/pl\/uzywana-podnosniki-koszowy\/","og_site_name":"Alp Lift","article_modified_time":"2021-02-04T15:59:45+00:00","twitter_card":"summary_large_image","twitter_misc":{"Szacowany czas czytania":"2 minuty"},"schema":{"@context":"https:\/\/schema.org","@graph":[{"@type":"WebPage","@id":"https:\/\/oud.alplift.com\/pl\/uzywana-podnosniki-koszowy\/","url":"https:\/\/oud.alplift.com\/pl\/uzywana-podnosniki-koszowy\/","name":"Kup u\u017cywan\u0105 podno\u015bniki koszowy lub podno\u015bnik material\u00f3wy | Alp Lift International","isPartOf":{"@id":"https:\/\/oud.alplift.com\/pl\/#website"},"datePublished":"2020-12-15T08:38:46+00:00","dateModified":"2021-02-04T15:59:45+00:00","description":"Kup u\u017cywan\u0105 podno\u015bniki koszowy lub podno\u015bnik do materia\u0142\u00f3w? Alp Lift oferuje u\u017cywane maszyny, kt\u00f3re s\u0105 nadal w doskona\u0142ym stanie. Zapytaj o aktualn\u0105 ofert\u0119.","breadcrumb":{"@id":"https:\/\/oud.alplift.com\/pl\/uzywana-podnosniki-koszowy\/#breadcrumb"},"inLanguage":"pl-PL","potentialAction":[{"@type":"ReadAction","target":["https:\/\/oud.alplift.com\/pl\/uzywana-podnosniki-koszowy\/"]}]},{"@type":"BreadcrumbList","@id":"https:\/\/oud.alplift.com\/pl\/uzywana-podnosniki-koszowy\/#breadcrumb","itemListElement":[{"@type":"ListItem","position":1,"name":"Home","item":"https:\/\/oud.alplift.com\/pl\/"},{"@type":"ListItem","position":2,"name":"U\u017cywan\u0105 podno\u015bniki koszowy"}]},{"@type":"WebSite","@id":"https:\/\/oud.alplift.com\/pl\/#website","url":"https:\/\/oud.alplift.com\/pl\/","name":"Alp Lift","description":"Lifting Equipment","potentialAction":[{"@type":"SearchAction","target":{"@type":"EntryPoint","urlTemplate":"https:\/\/oud.alplift.com\/pl\/?s={search_term_string}"},"query-input":{"@type":"PropertyValueSpecification","valueRequired":true,"valueName":"search_term_string"}}],"inLanguage":"pl-PL"}]}},"_links":{"self":[{"href":"https:\/\/oud.alplift.com\/pl\/wp-json\/wp\/v2\/pages\/1542","targetHints":{"allow":["GET"]}}],"collection":[{"href":"https:\/\/oud.alplift.com\/pl\/wp-json\/wp\/v2\/pages"}],"about":[{"href":"https:\/\/oud.alplift.com\/pl\/wp-json\/wp\/v2\/types\/page"}],"author":[{"embeddable":true,"href":"https:\/\/oud.alplift.com\/pl\/wp-json\/wp\/v2\/users\/2"}],"replies":[{"embeddable":true,"href":"https:\/\/oud.alplift.com\/pl\/wp-json\/wp\/v2\/comments?post=1542"}],"version-history":[{"count":0,"href":"https:\/\/oud.alplift.com\/pl\/wp-json\/wp\/v2\/pages\/1542\/revisions"}],"wp:attachment":[{"href":"https:\/\/oud.alplift.com\/pl\/wp-json\/wp\/v2\/media?parent=1542"}],"curies":[{"name":"wp","href":"https:\/\/api.w.org\/{rel}","templated":true}]}}