
{"id":1468,"date":"2020-12-14T10:37:29","date_gmt":"2020-12-14T10:37:29","guid":{"rendered":"https:\/\/oud.alplift.com\/serwis-i-czesci-zamienne\/"},"modified":"2020-12-14T10:37:37","modified_gmt":"2020-12-14T10:37:37","slug":"serwis-i-czesci-zamienne","status":"publish","type":"page","link":"https:\/\/oud.alplift.com\/pl\/serwis-i-czesci-zamienne\/","title":{"rendered":"Serwis i cz\u0119\u015bci zamienne"},"content":{"rendered":"<div id='full_slider_1'  class='avia-fullwidth-slider main_color avia-shadow   avia-builder-el-0  el_before_av_one_full  avia-builder-el-first   container_wrap sidebar_right'  ><div  class='avia-slideshow av-kiobkv42-bc269345c481a72926c52d799643f885 avia-slideshow-featured av_slideshow_full avia-slide-slider av-slideshow-ui av-control-default av-slideshow-manual av-loop-once av-loop-manual-endless av-default-height-applied   avia-slideshow-1' data-slideshow-options=\"{&quot;animation&quot;:&quot;slide&quot;,&quot;autoplay&quot;:false,&quot;loop_autoplay&quot;:&quot;once&quot;,&quot;interval&quot;:5,&quot;loop_manual&quot;:&quot;manual-endless&quot;,&quot;autoplay_stopper&quot;:false,&quot;noNavigation&quot;:false,&quot;bg_slider&quot;:false,&quot;keep_padding&quot;:false,&quot;hoverpause&quot;:false,&quot;show_slide_delay&quot;:0}\"  itemprop=\"image\" itemscope=\"itemscope\" itemtype=\"https:\/\/schema.org\/ImageObject\" ><ul class='avia-slideshow-inner ' style='padding-bottom: 16.75%;'><li  class='avia-slideshow-slide av-kiobkv42-bc269345c481a72926c52d799643f885__0  av-single-slide slide-1 slide-odd'><div data-rel='slideshow-1' class='avia-slide-wrap '   ><img decoding=\"async\" fetchpriority=\"high\" class=\"wp-image-6971 avia-img-lazy-loading-not-6971\"  src=\"https:\/\/oud.alplift.com\/wp-content\/uploads\/2020\/11\/onderhoud-en-service-1.jpg\" width=\"400\" height=\"67\" title='onderhoud en service' alt=''  itemprop=\"thumbnailUrl\" srcset=\"https:\/\/oud.alplift.com\/wp-content\/uploads\/2020\/11\/onderhoud-en-service-1.jpg 400w, https:\/\/oud.alplift.com\/wp-content\/uploads\/2020\/11\/onderhoud-en-service-1-300x50.jpg 300w\" sizes=\"(max-width: 400px) 100vw, 400px\" \/><\/div><\/li><\/ul><\/div><\/div><div id='after_full_slider_1'  class='main_color av_default_container_wrap container_wrap sidebar_right'  ><div class='container av-section-cont-open' ><div class='template-page content  av-content-small alpha units'><div class='post-entry post-entry-type-page post-entry-1468'><div class='entry-content-wrapper clearfix'>\n\n<style type=\"text\/css\" data-created_by=\"avia_inline_auto\" id=\"style-css-av-7pct9u-fe61897651ec04586d0d0a6c60fa50ae\">\n.flex_column.av-7pct9u-fe61897651ec04586d0d0a6c60fa50ae{\nborder-radius:0px 0px 0px 0px;\npadding:0px 0px 0px 0px;\n}\n<\/style>\n<div  class='flex_column av-7pct9u-fe61897651ec04586d0d0a6c60fa50ae av_one_full  avia-builder-el-1  el_after_av_slideshow_full  el_before_av_one_third  avia-builder-el-first  first flex_column_div av-zero-column-padding  '     ><section  class='av_textblock_section av-kiob8uvn-9f2b71e4bbc40816d8575ae3f5a01947 '   itemscope=\"itemscope\" itemtype=\"https:\/\/schema.org\/CreativeWork\" ><div class='avia_textblock'  itemprop=\"text\" ><h2 style=\"text-align: center;\">Nasz serwis<\/h2>\n<p style=\"text-align: left;\">\nNasz oddany i kompetentny zesp\u00f3\u0142 pozostaje stale do Pa\u0144stwa dyspozycji, aby udziela\u0107 Pa\u0144stwu odpowiedzi na wszystkie pytania lub zaopiekowa\u0107 si\u0119 Pa\u0144stwa maszynami. Prowadzimy \u015bcis\u0142\u0105 wsp\u00f3\u0142prac\u0119 z naszymi zagranicznymi partnerami, co pozwala nam zapewni\u0107 pe\u0142ne bezpiecze\u0144stwo i ci\u0105g\u0142o\u015b\u0107 pracy naszych urz\u0105dze\u0144.  <\/p>\n<\/div><\/section><\/div>\n<style type=\"text\/css\" data-created_by=\"avia_inline_auto\" id=\"style-css-av-6fgi8y-628bccea6fecb12cb4992450cc033f25\">\n.flex_column.av-6fgi8y-628bccea6fecb12cb4992450cc033f25{\nborder-radius:0px 0px 0px 0px;\npadding:0px 0px 0px 0px;\n}\n<\/style>\n<div  class='flex_column av-6fgi8y-628bccea6fecb12cb4992450cc033f25 av_one_third  avia-builder-el-3  el_after_av_one_full  el_before_av_one_third  first flex_column_div av-zero-column-padding  column-top-margin'     ><section  class='av_textblock_section av-kiobg2t0-2129ec897088645875435560338b6829 '   itemscope=\"itemscope\" itemtype=\"https:\/\/schema.org\/CreativeWork\" ><div class='avia_textblock'  itemprop=\"text\" ><h4>Konserwacja i cz\u0119\u015bci<\/h4>\n<p>Czy chc\u0105 Pa\u0144stwo um\u00f3wi\u0107 wizyt\u0119 w celu konserwacji lub serwisowania podno\u015bnika koszowego lub podno\u015bnika materia\u0142owego? A mo\u017ce potrzebuj\u0105 Pa\u0144stwo cz\u0119\u015bci zamiennych? Mog\u0105 Pa\u0144stwo skontaktowa\u0107 si\u0119 z nami pod numerem <g id=\"gid_0\">+31 (0)30 6621166<\/g> lub wys\u0142a\u0107 nam e-mail na adres <g id=\"gid_1\">service@alplift.com<\/g> Posiadamy wiele cz\u0119\u015bci dost\u0119pnych od r\u0119ki w naszych magazynach.<\/p>\n<\/div><\/section><\/div>\n<style type=\"text\/css\" data-created_by=\"avia_inline_auto\" id=\"style-css-av-cpmvm-9551d304bea0d6bc2ccc7f0dcb5075ab\">\n.flex_column.av-cpmvm-9551d304bea0d6bc2ccc7f0dcb5075ab{\nborder-radius:0px 0px 0px 0px;\npadding:0px 0px 0px 0px;\n}\n<\/style>\n<div  class='flex_column av-cpmvm-9551d304bea0d6bc2ccc7f0dcb5075ab av_one_third  avia-builder-el-5  el_after_av_one_third  el_before_av_one_third  flex_column_div av-zero-column-padding  column-top-margin'     ><section  class='av_textblock_section av-kiobiebv-8cf5aa7281646237b1cd7bd105889e1f '   itemscope=\"itemscope\" itemtype=\"https:\/\/schema.org\/CreativeWork\" ><div class='avia_textblock'  itemprop=\"text\" ><h4>Problemy techniczne<\/h4>\n<p>Nasz zesp\u00f3\u0142 serwisowy oferuje doskona\u0142e us\u0142ugi wsparcia technicznego, zar\u00f3wno przez telefon, jak i we wsp\u00f3\u0142pracy z naszymi partnerami zagranicznymi. Wszyscy nasi pracownicy s\u0105 doskonale wykwalifikowani w zakresie pomocy w diagnozowaniu i rozwi\u0105zywaniu problem\u00f3w technicznych w celu zapewnienia prawid\u0142owego dzia\u0142ania sprz\u0119tu. Aby zg\u0142osi\u0107 problem techniczny, prosimy o kontakt telefoniczny w godzinach otwarcia na numer<g id=\"gid_0\">+31 (0)30 6621166<\/g>. Mog\u0105 tak\u017ce Pa\u0144stwo zg\u0142osi\u0107 problem przez Internet za pomoc\u0105 tego <g id=\"gid_1\">formularza<\/g>.<\/p>\n<\/div><\/section><\/div>\n<style type=\"text\/css\" data-created_by=\"avia_inline_auto\" id=\"style-css-av-1yx6oy-b2de253d34fce1baa3f624665ad8ac43\">\n.flex_column.av-1yx6oy-b2de253d34fce1baa3f624665ad8ac43{\nborder-radius:0px 0px 0px 0px;\npadding:0px 0px 0px 0px;\n}\n<\/style>\n<div  class='flex_column av-1yx6oy-b2de253d34fce1baa3f624665ad8ac43 av_one_third  avia-builder-el-7  el_after_av_one_third  avia-builder-el-last  flex_column_div av-zero-column-padding  column-top-margin'     ><section  class='av_textblock_section av-kiobkgo1-a56f4862c93e3e08987809a01cc85a41 '   itemscope=\"itemscope\" itemtype=\"https:\/\/schema.org\/CreativeWork\" ><div class='avia_textblock'  itemprop=\"text\" ><h4>Roczny przegl\u0105d<\/h4>\n<p>Dla Pa\u0144stwa bezpiecze\u0144stwa mo\u017cemy przeprowadzi\u0107 coroczny przegl\u0105d zakupionych przez Pa\u0144stwa urz\u0105dze\u0144, zgodnie z odpowiednimi wytycznymi dotycz\u0105cymi bezpiecze\u0144stwa. W ten spos\u00f3b Pa\u0144stwa urz\u0105dzenia b\u0119d\u0105 utrzymane w optymalnym stanie. Gdy nadejdzie czas na przegl\u0105d, poinformujemy Pa\u0144stwa, w jaki spos\u00f3b i gdzie zostanie on przeprowadzony.<\/p>\n<\/div><\/section><\/div><\/p>\n","protected":false},"excerpt":{"rendered":"","protected":false},"author":3,"featured_media":0,"parent":0,"menu_order":0,"comment_status":"closed","ping_status":"closed","template":"","meta":{"footnotes":""},"class_list":["post-1468","page","type-page","status-publish","hentry"],"yoast_head":"<!-- This site is optimized with the Yoast SEO plugin v24.0 - https:\/\/yoast.com\/wordpress\/plugins\/seo\/ -->\n<title>Serwis i cz\u0119\u015bci zamienne | Alp Lift International<\/title>\n<meta name=\"description\" content=\"W przypadku konserwacji, corocznej kontroli lub w przypadku usterki mo\u017cna um\u00f3wi\u0107 si\u0119 na spotkanie z naszym dzia\u0142em konserwacji i serwisu. Zaproszenie do spotkania pod numerem 030-6622166.\" \/>\n<meta name=\"robots\" content=\"noindex, follow, max-snippet:-1, max-image-preview:large, max-video-preview:-1\" \/>\n<meta property=\"og:locale\" content=\"pl_PL\" \/>\n<meta property=\"og:type\" content=\"article\" \/>\n<meta property=\"og:title\" content=\"Serwis i cz\u0119\u015bci zamienne | Alp Lift International\" \/>\n<meta property=\"og:description\" content=\"W przypadku konserwacji, corocznej kontroli lub w przypadku usterki mo\u017cna um\u00f3wi\u0107 si\u0119 na spotkanie z naszym dzia\u0142em konserwacji i serwisu. Zaproszenie do spotkania pod numerem 030-6622166.\" \/>\n<meta property=\"og:url\" content=\"https:\/\/oud.alplift.com\/pl\/serwis-i-czesci-zamienne\/\" \/>\n<meta property=\"og:site_name\" content=\"Alp Lift\" \/>\n<meta property=\"article:modified_time\" content=\"2020-12-14T10:37:37+00:00\" \/>\n<meta name=\"twitter:card\" content=\"summary_large_image\" \/>\n<meta name=\"twitter:label1\" content=\"Szacowany czas czytania\" \/>\n\t<meta name=\"twitter:data1\" content=\"5 minut\" \/>\n<script type=\"application\/ld+json\" class=\"yoast-schema-graph\">{\"@context\":\"https:\/\/schema.org\",\"@graph\":[{\"@type\":\"WebPage\",\"@id\":\"https:\/\/oud.alplift.com\/pl\/serwis-i-czesci-zamienne\/\",\"url\":\"https:\/\/oud.alplift.com\/pl\/serwis-i-czesci-zamienne\/\",\"name\":\"Serwis i cz\u0119\u015bci zamienne | Alp Lift International\",\"isPartOf\":{\"@id\":\"https:\/\/oud.alplift.com\/pl\/#website\"},\"datePublished\":\"2020-12-14T10:37:29+00:00\",\"dateModified\":\"2020-12-14T10:37:37+00:00\",\"description\":\"W przypadku konserwacji, corocznej kontroli lub w przypadku usterki mo\u017cna um\u00f3wi\u0107 si\u0119 na spotkanie z naszym dzia\u0142em konserwacji i serwisu. Zaproszenie do spotkania pod numerem 030-6622166.\",\"breadcrumb\":{\"@id\":\"https:\/\/oud.alplift.com\/pl\/serwis-i-czesci-zamienne\/#breadcrumb\"},\"inLanguage\":\"pl-PL\",\"potentialAction\":[{\"@type\":\"ReadAction\",\"target\":[\"https:\/\/oud.alplift.com\/pl\/serwis-i-czesci-zamienne\/\"]}]},{\"@type\":\"BreadcrumbList\",\"@id\":\"https:\/\/oud.alplift.com\/pl\/serwis-i-czesci-zamienne\/#breadcrumb\",\"itemListElement\":[{\"@type\":\"ListItem\",\"position\":1,\"name\":\"Home\",\"item\":\"https:\/\/oud.alplift.com\/pl\/\"},{\"@type\":\"ListItem\",\"position\":2,\"name\":\"Serwis i cz\u0119\u015bci zamienne\"}]},{\"@type\":\"WebSite\",\"@id\":\"https:\/\/oud.alplift.com\/pl\/#website\",\"url\":\"https:\/\/oud.alplift.com\/pl\/\",\"name\":\"Alp Lift\",\"description\":\"Lifting Equipment\",\"potentialAction\":[{\"@type\":\"SearchAction\",\"target\":{\"@type\":\"EntryPoint\",\"urlTemplate\":\"https:\/\/oud.alplift.com\/pl\/?s={search_term_string}\"},\"query-input\":{\"@type\":\"PropertyValueSpecification\",\"valueRequired\":true,\"valueName\":\"search_term_string\"}}],\"inLanguage\":\"pl-PL\"}]}<\/script>\n<!-- \/ Yoast SEO plugin. -->","yoast_head_json":{"title":"Serwis i cz\u0119\u015bci zamienne | Alp Lift International","description":"W przypadku konserwacji, corocznej kontroli lub w przypadku usterki mo\u017cna um\u00f3wi\u0107 si\u0119 na spotkanie z naszym dzia\u0142em konserwacji i serwisu. Zaproszenie do spotkania pod numerem 030-6622166.","robots":{"index":"noindex","follow":"follow","max-snippet":"max-snippet:-1","max-image-preview":"max-image-preview:large","max-video-preview":"max-video-preview:-1"},"og_locale":"pl_PL","og_type":"article","og_title":"Serwis i cz\u0119\u015bci zamienne | Alp Lift International","og_description":"W przypadku konserwacji, corocznej kontroli lub w przypadku usterki mo\u017cna um\u00f3wi\u0107 si\u0119 na spotkanie z naszym dzia\u0142em konserwacji i serwisu. Zaproszenie do spotkania pod numerem 030-6622166.","og_url":"https:\/\/oud.alplift.com\/pl\/serwis-i-czesci-zamienne\/","og_site_name":"Alp Lift","article_modified_time":"2020-12-14T10:37:37+00:00","twitter_card":"summary_large_image","twitter_misc":{"Szacowany czas czytania":"5 minut"},"schema":{"@context":"https:\/\/schema.org","@graph":[{"@type":"WebPage","@id":"https:\/\/oud.alplift.com\/pl\/serwis-i-czesci-zamienne\/","url":"https:\/\/oud.alplift.com\/pl\/serwis-i-czesci-zamienne\/","name":"Serwis i cz\u0119\u015bci zamienne | Alp Lift International","isPartOf":{"@id":"https:\/\/oud.alplift.com\/pl\/#website"},"datePublished":"2020-12-14T10:37:29+00:00","dateModified":"2020-12-14T10:37:37+00:00","description":"W przypadku konserwacji, corocznej kontroli lub w przypadku usterki mo\u017cna um\u00f3wi\u0107 si\u0119 na spotkanie z naszym dzia\u0142em konserwacji i serwisu. Zaproszenie do spotkania pod numerem 030-6622166.","breadcrumb":{"@id":"https:\/\/oud.alplift.com\/pl\/serwis-i-czesci-zamienne\/#breadcrumb"},"inLanguage":"pl-PL","potentialAction":[{"@type":"ReadAction","target":["https:\/\/oud.alplift.com\/pl\/serwis-i-czesci-zamienne\/"]}]},{"@type":"BreadcrumbList","@id":"https:\/\/oud.alplift.com\/pl\/serwis-i-czesci-zamienne\/#breadcrumb","itemListElement":[{"@type":"ListItem","position":1,"name":"Home","item":"https:\/\/oud.alplift.com\/pl\/"},{"@type":"ListItem","position":2,"name":"Serwis i cz\u0119\u015bci zamienne"}]},{"@type":"WebSite","@id":"https:\/\/oud.alplift.com\/pl\/#website","url":"https:\/\/oud.alplift.com\/pl\/","name":"Alp Lift","description":"Lifting Equipment","potentialAction":[{"@type":"SearchAction","target":{"@type":"EntryPoint","urlTemplate":"https:\/\/oud.alplift.com\/pl\/?s={search_term_string}"},"query-input":{"@type":"PropertyValueSpecification","valueRequired":true,"valueName":"search_term_string"}}],"inLanguage":"pl-PL"}]}},"_links":{"self":[{"href":"https:\/\/oud.alplift.com\/pl\/wp-json\/wp\/v2\/pages\/1468","targetHints":{"allow":["GET"]}}],"collection":[{"href":"https:\/\/oud.alplift.com\/pl\/wp-json\/wp\/v2\/pages"}],"about":[{"href":"https:\/\/oud.alplift.com\/pl\/wp-json\/wp\/v2\/types\/page"}],"author":[{"embeddable":true,"href":"https:\/\/oud.alplift.com\/pl\/wp-json\/wp\/v2\/users\/3"}],"replies":[{"embeddable":true,"href":"https:\/\/oud.alplift.com\/pl\/wp-json\/wp\/v2\/comments?post=1468"}],"version-history":[{"count":0,"href":"https:\/\/oud.alplift.com\/pl\/wp-json\/wp\/v2\/pages\/1468\/revisions"}],"wp:attachment":[{"href":"https:\/\/oud.alplift.com\/pl\/wp-json\/wp\/v2\/media?parent=1468"}],"curies":[{"name":"wp","href":"https:\/\/api.w.org\/{rel}","templated":true}]}}