
{"id":7972,"date":"2023-06-19T09:51:58","date_gmt":"2023-06-19T07:51:58","guid":{"rendered":"https:\/\/oud.alplift.com\/product\/nacelle-a-ciseaux-a-pousser-navigator-4-5\/"},"modified":"2024-07-02T23:21:44","modified_gmt":"2024-07-02T21:21:44","slug":"nacelle-a-ciseaux-a-pousser-navigator-4-5","status":"publish","type":"product","link":"https:\/\/oud.alplift.com\/fr\/produit\/nacelle-a-ciseaux-a-pousser-navigator-4-5\/","title":{"rendered":"Nacelle \u00e0 ciseaux \u00e0 pousser &#8211; Navigator 4.5"},"content":{"rendered":"","protected":false},"excerpt":{"rendered":"<p><strong>NOUVEAU chez Alp Lift<\/strong>: le premier nacelle \u00e0 ciseaux \u00e0 pousser &#8211; Navigator 4.5.<\/p>\n<p>Le Navigator 4.5 a une hauteur de travail de 4,5 m\u00e8tres et convient \u00e0 une utilisation int\u00e9rieure et ext\u00e9rieure. Il suffit d&rsquo;entrer, de tourner la poign\u00e9e et de monter \u00e0 la hauteur de travail choisie avec les mat\u00e9riaux et les outils, ce qui permet d&rsquo;\u00e9viter les temps d&rsquo;arr\u00eat et de fonctionner 24 heures sur 24 et 7 jours sur 7 sans alimentation \u00e9lectrique. Z\u00e9ro carbone ; pas d&rsquo;\u00e9lectricit\u00e9, de batteries ou de syst\u00e8mes hydrauliques n\u00e9cessaires. Id\u00e9al pour l&rsquo;installation et l&rsquo;industrie \u00e9lectrique, l&rsquo;ameublement et la r\u00e9novation, la gestion des installations, les centres de donn\u00e9es, la maintenance maritime et a\u00e9rienne.<\/p>\n<p><strong>Caract\u00e9ristiques :<\/strong><\/p>\n<ul>\n<li>L\u00e9ger par rapport aux nacelles \u00e0 ciseaux conventionnelles<\/li>\n<li>Permet de soulever une personne et des mat\u00e9riaux en hauteur<\/li>\n<li>S&rsquo;ins\u00e8re dans un cadre de porte standard<\/li>\n<li>Co\u00fbts de r\u00e9paration et d&rsquo;entretien minimes<\/li>\n<li>Pas de co\u00fbts d&rsquo;exploitation et z\u00e9ro carbone<\/li>\n<li>Bac \u00e0 outils et points de fixation<\/li>\n<li>Couleur : Orange (RAL2004) &amp; Gris (RAL7040)<\/li>\n<li>Mat\u00e9riaux : acier et aluminium<\/li>\n<li>D\u00e9calcomanies rempla\u00e7ables<\/li>\n<\/ul>\n<p>&nbsp;<\/p>\n<p><strong>Caract\u00e9ristiques techniques :<\/strong><\/p>\n<ul>\n<li>Hauteur de travail : 4,5 m<\/li>\n<li>Hauteur de la plate-forme de travail : 2,5 m<\/li>\n<li>Dimensions de la plate-forme (l x l) : 0,75 x 0,68 m<\/li>\n<li>Dimensions : 1,05 (l) x 0,72 (l) x 1,79 (h) m<\/li>\n<li>Capacit\u00e9 de la plate-forme : 150KG<\/li>\n<li>Force lat\u00e9rale maximale : 200N<\/li>\n<li>Vitesse maximale du vent (\u00e0 l&rsquo;ext\u00e9rieur) &#8211; 12,5 M\/S<\/li>\n<li>Inclinaison maximale &#8211; 1 degr\u00e9<\/li>\n<li>Charge maximale par roue fixe &#8211; 800KG<\/li>\n<li>Charge maximale par roulette &#8211; 2000KG<br \/>\nPoids net : 295KG<\/li>\n<\/ul>\n<p>&nbsp;<\/p>\n","protected":false},"featured_media":7801,"comment_status":"open","ping_status":"closed","template":"","meta":[],"product_cat":[170,154],"product_tag":[],"class_list":{"0":"post-7972","1":"product","2":"type-product","3":"status-publish","4":"has-post-thumbnail","6":"product_cat-nacelles-ciseaux","7":"product_cat-nacelles-elevatrice","8":"pa_hefhoogte-4-6-metres","10":"first","11":"instock","12":"shipping-taxable","13":"product-type-simple"},"yoast_head":"<!-- This site is optimized with the Yoast SEO plugin v24.0 - https:\/\/yoast.com\/wordpress\/plugins\/seo\/ -->\n<title>Nacelle \u00e0 ciseaux \u00e0 pousser - Navigator 4.5<\/title>\n<meta name=\"description\" content=\"Nacelle \u00e0 ciseaux pouss\u00e9e Navigator 4.5 - carbone z\u00e9ro : fonctionnement 24\/7 sans \u00e9lectricit\u00e9. Demandez votre devis en ligne | nouveau chez Alp Lift\" \/>\n<meta name=\"robots\" content=\"noindex, follow, max-snippet:-1, max-image-preview:large, max-video-preview:-1\" \/>\n<meta property=\"og:locale\" content=\"fr_FR\" \/>\n<meta property=\"og:type\" content=\"article\" \/>\n<meta property=\"og:title\" content=\"Nacelle \u00e0 ciseaux \u00e0 pousser - Navigator 4.5\" \/>\n<meta property=\"og:description\" content=\"Nacelle \u00e0 ciseaux pouss\u00e9e Navigator 4.5 - carbone z\u00e9ro : fonctionnement 24\/7 sans \u00e9lectricit\u00e9. Demandez votre devis en ligne | nouveau chez Alp Lift\" \/>\n<meta property=\"og:url\" content=\"https:\/\/oud.alplift.com\/fr\/produit\/nacelle-a-ciseaux-a-pousser-navigator-4-5\/\" \/>\n<meta property=\"og:site_name\" content=\"Alp Lift\" \/>\n<meta property=\"article:modified_time\" content=\"2024-07-02T21:21:44+00:00\" \/>\n<meta property=\"og:image\" content=\"https:\/\/oud.alplift.com\/wp-content\/uploads\/2023\/05\/Navigator-4.5-.jpg\" \/>\n\t<meta property=\"og:image:width\" content=\"1920\" \/>\n\t<meta property=\"og:image:height\" content=\"1280\" \/>\n\t<meta property=\"og:image:type\" content=\"image\/jpeg\" \/>\n<meta name=\"twitter:card\" content=\"summary_large_image\" \/>\n<script type=\"application\/ld+json\" class=\"yoast-schema-graph\">{\"@context\":\"https:\/\/schema.org\",\"@graph\":[{\"@type\":\"WebPage\",\"@id\":\"https:\/\/oud.alplift.com\/fr\/produit\/nacelle-a-ciseaux-a-pousser-navigator-4-5\/\",\"url\":\"https:\/\/oud.alplift.com\/fr\/produit\/nacelle-a-ciseaux-a-pousser-navigator-4-5\/\",\"name\":\"Nacelle \u00e0 ciseaux \u00e0 pousser - Navigator 4.5\",\"isPartOf\":{\"@id\":\"https:\/\/oud.alplift.com\/fr\/#website\"},\"primaryImageOfPage\":{\"@id\":\"https:\/\/oud.alplift.com\/fr\/produit\/nacelle-a-ciseaux-a-pousser-navigator-4-5\/#primaryimage\"},\"image\":{\"@id\":\"https:\/\/oud.alplift.com\/fr\/produit\/nacelle-a-ciseaux-a-pousser-navigator-4-5\/#primaryimage\"},\"thumbnailUrl\":\"https:\/\/oud.alplift.com\/wp-content\/uploads\/2023\/05\/Navigator-4.5-.jpg\",\"datePublished\":\"2023-06-19T07:51:58+00:00\",\"dateModified\":\"2024-07-02T21:21:44+00:00\",\"description\":\"Nacelle \u00e0 ciseaux pouss\u00e9e Navigator 4.5 - carbone z\u00e9ro : fonctionnement 24\/7 sans \u00e9lectricit\u00e9. Demandez votre devis en ligne | nouveau chez Alp Lift\",\"breadcrumb\":{\"@id\":\"https:\/\/oud.alplift.com\/fr\/produit\/nacelle-a-ciseaux-a-pousser-navigator-4-5\/#breadcrumb\"},\"inLanguage\":\"fr-FR\",\"potentialAction\":[{\"@type\":\"ReadAction\",\"target\":[\"https:\/\/oud.alplift.com\/fr\/produit\/nacelle-a-ciseaux-a-pousser-navigator-4-5\/\"]}]},{\"@type\":\"ImageObject\",\"inLanguage\":\"fr-FR\",\"@id\":\"https:\/\/oud.alplift.com\/fr\/produit\/nacelle-a-ciseaux-a-pousser-navigator-4-5\/#primaryimage\",\"url\":\"https:\/\/oud.alplift.com\/wp-content\/uploads\/2023\/05\/Navigator-4.5-.jpg\",\"contentUrl\":\"https:\/\/oud.alplift.com\/wp-content\/uploads\/2023\/05\/Navigator-4.5-.jpg\",\"width\":1920,\"height\":1280,\"caption\":\"Navigator 4.5 nacelle \u00e0 ciseaux\"},{\"@type\":\"BreadcrumbList\",\"@id\":\"https:\/\/oud.alplift.com\/fr\/produit\/nacelle-a-ciseaux-a-pousser-navigator-4-5\/#breadcrumb\",\"itemListElement\":[{\"@type\":\"ListItem\",\"position\":1,\"name\":\"Home\",\"item\":\"https:\/\/oud.alplift.com\/fr\/\"},{\"@type\":\"ListItem\",\"position\":2,\"name\":\"Winkel\",\"item\":\"https:\/\/oud.alplift.com\/winkel\/\"},{\"@type\":\"ListItem\",\"position\":3,\"name\":\"Nacelle \u00e0 ciseaux \u00e0 pousser &#8211; Navigator 4.5\"}]},{\"@type\":\"WebSite\",\"@id\":\"https:\/\/oud.alplift.com\/fr\/#website\",\"url\":\"https:\/\/oud.alplift.com\/fr\/\",\"name\":\"Alp Lift\",\"description\":\"Lifting Equipment\",\"potentialAction\":[{\"@type\":\"SearchAction\",\"target\":{\"@type\":\"EntryPoint\",\"urlTemplate\":\"https:\/\/oud.alplift.com\/fr\/?s={search_term_string}\"},\"query-input\":{\"@type\":\"PropertyValueSpecification\",\"valueRequired\":true,\"valueName\":\"search_term_string\"}}],\"inLanguage\":\"fr-FR\"}]}<\/script>\n<!-- \/ Yoast SEO plugin. -->","yoast_head_json":{"title":"Nacelle \u00e0 ciseaux \u00e0 pousser - Navigator 4.5","description":"Nacelle \u00e0 ciseaux pouss\u00e9e Navigator 4.5 - carbone z\u00e9ro : fonctionnement 24\/7 sans \u00e9lectricit\u00e9. Demandez votre devis en ligne | nouveau chez Alp Lift","robots":{"index":"noindex","follow":"follow","max-snippet":"max-snippet:-1","max-image-preview":"max-image-preview:large","max-video-preview":"max-video-preview:-1"},"og_locale":"fr_FR","og_type":"article","og_title":"Nacelle \u00e0 ciseaux \u00e0 pousser - Navigator 4.5","og_description":"Nacelle \u00e0 ciseaux pouss\u00e9e Navigator 4.5 - carbone z\u00e9ro : fonctionnement 24\/7 sans \u00e9lectricit\u00e9. Demandez votre devis en ligne | nouveau chez Alp Lift","og_url":"https:\/\/oud.alplift.com\/fr\/produit\/nacelle-a-ciseaux-a-pousser-navigator-4-5\/","og_site_name":"Alp Lift","article_modified_time":"2024-07-02T21:21:44+00:00","og_image":[{"width":1920,"height":1280,"url":"https:\/\/oud.alplift.com\/wp-content\/uploads\/2023\/05\/Navigator-4.5-.jpg","type":"image\/jpeg"}],"twitter_card":"summary_large_image","schema":{"@context":"https:\/\/schema.org","@graph":[{"@type":"WebPage","@id":"https:\/\/oud.alplift.com\/fr\/produit\/nacelle-a-ciseaux-a-pousser-navigator-4-5\/","url":"https:\/\/oud.alplift.com\/fr\/produit\/nacelle-a-ciseaux-a-pousser-navigator-4-5\/","name":"Nacelle \u00e0 ciseaux \u00e0 pousser - Navigator 4.5","isPartOf":{"@id":"https:\/\/oud.alplift.com\/fr\/#website"},"primaryImageOfPage":{"@id":"https:\/\/oud.alplift.com\/fr\/produit\/nacelle-a-ciseaux-a-pousser-navigator-4-5\/#primaryimage"},"image":{"@id":"https:\/\/oud.alplift.com\/fr\/produit\/nacelle-a-ciseaux-a-pousser-navigator-4-5\/#primaryimage"},"thumbnailUrl":"https:\/\/oud.alplift.com\/wp-content\/uploads\/2023\/05\/Navigator-4.5-.jpg","datePublished":"2023-06-19T07:51:58+00:00","dateModified":"2024-07-02T21:21:44+00:00","description":"Nacelle \u00e0 ciseaux pouss\u00e9e Navigator 4.5 - carbone z\u00e9ro : fonctionnement 24\/7 sans \u00e9lectricit\u00e9. Demandez votre devis en ligne | nouveau chez Alp Lift","breadcrumb":{"@id":"https:\/\/oud.alplift.com\/fr\/produit\/nacelle-a-ciseaux-a-pousser-navigator-4-5\/#breadcrumb"},"inLanguage":"fr-FR","potentialAction":[{"@type":"ReadAction","target":["https:\/\/oud.alplift.com\/fr\/produit\/nacelle-a-ciseaux-a-pousser-navigator-4-5\/"]}]},{"@type":"ImageObject","inLanguage":"fr-FR","@id":"https:\/\/oud.alplift.com\/fr\/produit\/nacelle-a-ciseaux-a-pousser-navigator-4-5\/#primaryimage","url":"https:\/\/oud.alplift.com\/wp-content\/uploads\/2023\/05\/Navigator-4.5-.jpg","contentUrl":"https:\/\/oud.alplift.com\/wp-content\/uploads\/2023\/05\/Navigator-4.5-.jpg","width":1920,"height":1280,"caption":"Navigator 4.5 nacelle \u00e0 ciseaux"},{"@type":"BreadcrumbList","@id":"https:\/\/oud.alplift.com\/fr\/produit\/nacelle-a-ciseaux-a-pousser-navigator-4-5\/#breadcrumb","itemListElement":[{"@type":"ListItem","position":1,"name":"Home","item":"https:\/\/oud.alplift.com\/fr\/"},{"@type":"ListItem","position":2,"name":"Winkel","item":"https:\/\/oud.alplift.com\/winkel\/"},{"@type":"ListItem","position":3,"name":"Nacelle \u00e0 ciseaux \u00e0 pousser &#8211; Navigator 4.5"}]},{"@type":"WebSite","@id":"https:\/\/oud.alplift.com\/fr\/#website","url":"https:\/\/oud.alplift.com\/fr\/","name":"Alp Lift","description":"Lifting Equipment","potentialAction":[{"@type":"SearchAction","target":{"@type":"EntryPoint","urlTemplate":"https:\/\/oud.alplift.com\/fr\/?s={search_term_string}"},"query-input":{"@type":"PropertyValueSpecification","valueRequired":true,"valueName":"search_term_string"}}],"inLanguage":"fr-FR"}]}},"_links":{"self":[{"href":"https:\/\/oud.alplift.com\/fr\/wp-json\/wp\/v2\/product\/7972","targetHints":{"allow":["GET"]}}],"collection":[{"href":"https:\/\/oud.alplift.com\/fr\/wp-json\/wp\/v2\/product"}],"about":[{"href":"https:\/\/oud.alplift.com\/fr\/wp-json\/wp\/v2\/types\/product"}],"replies":[{"embeddable":true,"href":"https:\/\/oud.alplift.com\/fr\/wp-json\/wp\/v2\/comments?post=7972"}],"wp:featuredmedia":[{"embeddable":true,"href":"https:\/\/oud.alplift.com\/fr\/wp-json\/wp\/v2\/media\/7801"}],"wp:attachment":[{"href":"https:\/\/oud.alplift.com\/fr\/wp-json\/wp\/v2\/media?parent=7972"}],"wp:term":[{"taxonomy":"product_cat","embeddable":true,"href":"https:\/\/oud.alplift.com\/fr\/wp-json\/wp\/v2\/product_cat?post=7972"},{"taxonomy":"product_tag","embeddable":true,"href":"https:\/\/oud.alplift.com\/fr\/wp-json\/wp\/v2\/product_tag?post=7972"}],"curies":[{"name":"wp","href":"https:\/\/api.w.org\/{rel}","templated":true}]}}