
{"id":5616,"date":"2018-02-16T09:11:05","date_gmt":"2018-02-16T08:11:05","guid":{"rendered":"https:\/\/oud.alplift.com\/product\/nacelle-araignee-tr15gt\/"},"modified":"2018-02-16T09:11:05","modified_gmt":"2018-02-16T08:11:05","slug":"nacelle-araignee-tr15gt","status":"publish","type":"product","link":"https:\/\/oud.alplift.com\/fr\/produit\/nacelle-araignee-tr15gt\/","title":{"rendered":"Nacelle araign\u00e9e TR15GT"},"content":{"rendered":"","protected":false},"excerpt":{"rendered":"<p>La nacelle araign\u00e9e TR15G d&rsquo;EuropeLift a une hauteur de travail de 15,6 m\u00e8tres et une port\u00e9e horizontale de 7,50 m\u00e8tres avec une charge de cage de 220 kg. Cela rend cette plate-forme a\u00e9rienne araign\u00e9e maniable multi-d\u00e9ployable. Gr\u00e2ce au ch\u00e2ssis r\u00e9glable, cette nacelle araign\u00e9e d&rsquo;une largeur minimale de 0,78 m\u00e8tre passe \u00e0 travers presque toutes les portes et portails. L&rsquo;\u00e9quipement standard comprend une cage rotative et mobile, ce qui facilite l&rsquo;acc\u00e8s aux endroits difficiles d&rsquo;acc\u00e8s.<\/p>\n<p><strong>Caract\u00e9ristiques:<\/strong><\/p>\n<ul>\n<li>Hauteur de travail : 15,6 m<\/li>\n<li>Hauteur plateforme : 13,6 m<\/li>\n<li>Port\u00e9e horizontale : 7,5 m<\/li>\n<li>Max. charge dans la cage : 220 kg.<\/li>\n<li>Rayon de braquage : 355\u00b0<\/li>\n<li>Dimensions cage : 1,2 x 0,8 x 1,1<\/li>\n<li>Plage de pivotement cage\/JIB : 2x 70\u00b0<\/li>\n<li>ongueur totale (sans cage) : 5,18 m (4,22 m)<\/li>\n<li>Hauteur : 1,99 m<\/li>\n<li>Largeur : 0,78 m<\/li>\n<li>Poids propre Honda : 1 850 kg<\/li>\n<li>Poids propre Kubota : 2 100 kg<\/li>\n<li>Largeur emboutie : 3,0 m<\/li>\n<li>Pente admissible : 18\u00b0 (32,5 %)<\/li>\n<li>Vitesse : 1,6 km\/h<\/li>\n<\/ul>\n<p>&nbsp;<\/p>\n","protected":false},"featured_media":2823,"comment_status":"closed","ping_status":"open","template":"","meta":[],"product_cat":[174,154],"product_tag":[],"class_list":{"0":"post-5616","1":"product","2":"type-product","3":"status-publish","4":"has-post-thumbnail","6":"product_cat-nacelles-araignees","7":"product_cat-nacelles-elevatrice","8":"pa_merk-europelift-fr","10":"first","11":"instock","12":"shipping-taxable","13":"product-type-simple"},"yoast_head":"<!-- This site is optimized with the Yoast SEO plugin v24.0 - https:\/\/yoast.com\/wordpress\/plugins\/seo\/ -->\n<title>Nacelle araign\u00e9e TR15GT - EuropeLift | Alp Lift France<\/title>\n<meta name=\"description\" content=\"La nacelle araign\u00e9e TR15GT d&#039;EuropeLift est extr\u00eamement compacte et polyvalente. En vente chez Alp Lift. Demandez un devis en ligne.\" \/>\n<meta name=\"robots\" content=\"noindex, follow, max-snippet:-1, max-image-preview:large, max-video-preview:-1\" \/>\n<meta property=\"og:locale\" content=\"fr_FR\" \/>\n<meta property=\"og:type\" content=\"article\" \/>\n<meta property=\"og:title\" content=\"Nacelle araign\u00e9e TR15GT - EuropeLift | Alp Lift France\" \/>\n<meta property=\"og:description\" content=\"La nacelle araign\u00e9e TR15GT d&#039;EuropeLift est extr\u00eamement compacte et polyvalente. En vente chez Alp Lift. Demandez un devis en ligne.\" \/>\n<meta property=\"og:url\" content=\"https:\/\/oud.alplift.com\/fr\/produit\/nacelle-araignee-tr15gt\/\" \/>\n<meta property=\"og:site_name\" content=\"Alp Lift\" \/>\n<meta property=\"og:image\" content=\"https:\/\/oud.alplift.com\/wp-content\/uploads\/2021\/01\/Europelift-TR15G.jpg\" \/>\n\t<meta property=\"og:image:width\" content=\"397\" \/>\n\t<meta property=\"og:image:height\" content=\"600\" \/>\n\t<meta property=\"og:image:type\" content=\"image\/jpeg\" \/>\n<meta name=\"twitter:card\" content=\"summary_large_image\" \/>\n<script type=\"application\/ld+json\" class=\"yoast-schema-graph\">{\"@context\":\"https:\/\/schema.org\",\"@graph\":[{\"@type\":\"WebPage\",\"@id\":\"https:\/\/oud.alplift.com\/fr\/produit\/nacelle-araignee-tr15gt\/\",\"url\":\"https:\/\/oud.alplift.com\/fr\/produit\/nacelle-araignee-tr15gt\/\",\"name\":\"Nacelle araign\u00e9e TR15GT - EuropeLift | Alp Lift France\",\"isPartOf\":{\"@id\":\"https:\/\/oud.alplift.com\/fr\/#website\"},\"primaryImageOfPage\":{\"@id\":\"https:\/\/oud.alplift.com\/fr\/produit\/nacelle-araignee-tr15gt\/#primaryimage\"},\"image\":{\"@id\":\"https:\/\/oud.alplift.com\/fr\/produit\/nacelle-araignee-tr15gt\/#primaryimage\"},\"thumbnailUrl\":\"https:\/\/oud.alplift.com\/wp-content\/uploads\/2021\/01\/Europelift-TR15G.jpg\",\"datePublished\":\"2018-02-16T08:11:05+00:00\",\"dateModified\":\"2018-02-16T08:11:05+00:00\",\"description\":\"La nacelle araign\u00e9e TR15GT d'EuropeLift est extr\u00eamement compacte et polyvalente. En vente chez Alp Lift. Demandez un devis en ligne.\",\"breadcrumb\":{\"@id\":\"https:\/\/oud.alplift.com\/fr\/produit\/nacelle-araignee-tr15gt\/#breadcrumb\"},\"inLanguage\":\"fr-FR\",\"potentialAction\":[{\"@type\":\"ReadAction\",\"target\":[\"https:\/\/oud.alplift.com\/fr\/produit\/nacelle-araignee-tr15gt\/\"]}]},{\"@type\":\"ImageObject\",\"inLanguage\":\"fr-FR\",\"@id\":\"https:\/\/oud.alplift.com\/fr\/produit\/nacelle-araignee-tr15gt\/#primaryimage\",\"url\":\"https:\/\/oud.alplift.com\/wp-content\/uploads\/2021\/01\/Europelift-TR15G.jpg\",\"contentUrl\":\"https:\/\/oud.alplift.com\/wp-content\/uploads\/2021\/01\/Europelift-TR15G.jpg\",\"width\":397,\"height\":600},{\"@type\":\"BreadcrumbList\",\"@id\":\"https:\/\/oud.alplift.com\/fr\/produit\/nacelle-araignee-tr15gt\/#breadcrumb\",\"itemListElement\":[{\"@type\":\"ListItem\",\"position\":1,\"name\":\"Home\",\"item\":\"https:\/\/oud.alplift.com\/fr\/\"},{\"@type\":\"ListItem\",\"position\":2,\"name\":\"Winkel\",\"item\":\"https:\/\/oud.alplift.com\/winkel\/\"},{\"@type\":\"ListItem\",\"position\":3,\"name\":\"Nacelle araign\u00e9e TR15GT\"}]},{\"@type\":\"WebSite\",\"@id\":\"https:\/\/oud.alplift.com\/fr\/#website\",\"url\":\"https:\/\/oud.alplift.com\/fr\/\",\"name\":\"Alp Lift\",\"description\":\"Lifting Equipment\",\"potentialAction\":[{\"@type\":\"SearchAction\",\"target\":{\"@type\":\"EntryPoint\",\"urlTemplate\":\"https:\/\/oud.alplift.com\/fr\/?s={search_term_string}\"},\"query-input\":{\"@type\":\"PropertyValueSpecification\",\"valueRequired\":true,\"valueName\":\"search_term_string\"}}],\"inLanguage\":\"fr-FR\"}]}<\/script>\n<!-- \/ Yoast SEO plugin. -->","yoast_head_json":{"title":"Nacelle araign\u00e9e TR15GT - EuropeLift | Alp Lift France","description":"La nacelle araign\u00e9e TR15GT d'EuropeLift est extr\u00eamement compacte et polyvalente. En vente chez Alp Lift. Demandez un devis en ligne.","robots":{"index":"noindex","follow":"follow","max-snippet":"max-snippet:-1","max-image-preview":"max-image-preview:large","max-video-preview":"max-video-preview:-1"},"og_locale":"fr_FR","og_type":"article","og_title":"Nacelle araign\u00e9e TR15GT - EuropeLift | Alp Lift France","og_description":"La nacelle araign\u00e9e TR15GT d'EuropeLift est extr\u00eamement compacte et polyvalente. En vente chez Alp Lift. Demandez un devis en ligne.","og_url":"https:\/\/oud.alplift.com\/fr\/produit\/nacelle-araignee-tr15gt\/","og_site_name":"Alp Lift","og_image":[{"width":397,"height":600,"url":"https:\/\/oud.alplift.com\/wp-content\/uploads\/2021\/01\/Europelift-TR15G.jpg","type":"image\/jpeg"}],"twitter_card":"summary_large_image","schema":{"@context":"https:\/\/schema.org","@graph":[{"@type":"WebPage","@id":"https:\/\/oud.alplift.com\/fr\/produit\/nacelle-araignee-tr15gt\/","url":"https:\/\/oud.alplift.com\/fr\/produit\/nacelle-araignee-tr15gt\/","name":"Nacelle araign\u00e9e TR15GT - EuropeLift | Alp Lift France","isPartOf":{"@id":"https:\/\/oud.alplift.com\/fr\/#website"},"primaryImageOfPage":{"@id":"https:\/\/oud.alplift.com\/fr\/produit\/nacelle-araignee-tr15gt\/#primaryimage"},"image":{"@id":"https:\/\/oud.alplift.com\/fr\/produit\/nacelle-araignee-tr15gt\/#primaryimage"},"thumbnailUrl":"https:\/\/oud.alplift.com\/wp-content\/uploads\/2021\/01\/Europelift-TR15G.jpg","datePublished":"2018-02-16T08:11:05+00:00","dateModified":"2018-02-16T08:11:05+00:00","description":"La nacelle araign\u00e9e TR15GT d'EuropeLift est extr\u00eamement compacte et polyvalente. En vente chez Alp Lift. Demandez un devis en ligne.","breadcrumb":{"@id":"https:\/\/oud.alplift.com\/fr\/produit\/nacelle-araignee-tr15gt\/#breadcrumb"},"inLanguage":"fr-FR","potentialAction":[{"@type":"ReadAction","target":["https:\/\/oud.alplift.com\/fr\/produit\/nacelle-araignee-tr15gt\/"]}]},{"@type":"ImageObject","inLanguage":"fr-FR","@id":"https:\/\/oud.alplift.com\/fr\/produit\/nacelle-araignee-tr15gt\/#primaryimage","url":"https:\/\/oud.alplift.com\/wp-content\/uploads\/2021\/01\/Europelift-TR15G.jpg","contentUrl":"https:\/\/oud.alplift.com\/wp-content\/uploads\/2021\/01\/Europelift-TR15G.jpg","width":397,"height":600},{"@type":"BreadcrumbList","@id":"https:\/\/oud.alplift.com\/fr\/produit\/nacelle-araignee-tr15gt\/#breadcrumb","itemListElement":[{"@type":"ListItem","position":1,"name":"Home","item":"https:\/\/oud.alplift.com\/fr\/"},{"@type":"ListItem","position":2,"name":"Winkel","item":"https:\/\/oud.alplift.com\/winkel\/"},{"@type":"ListItem","position":3,"name":"Nacelle araign\u00e9e TR15GT"}]},{"@type":"WebSite","@id":"https:\/\/oud.alplift.com\/fr\/#website","url":"https:\/\/oud.alplift.com\/fr\/","name":"Alp Lift","description":"Lifting Equipment","potentialAction":[{"@type":"SearchAction","target":{"@type":"EntryPoint","urlTemplate":"https:\/\/oud.alplift.com\/fr\/?s={search_term_string}"},"query-input":{"@type":"PropertyValueSpecification","valueRequired":true,"valueName":"search_term_string"}}],"inLanguage":"fr-FR"}]}},"_links":{"self":[{"href":"https:\/\/oud.alplift.com\/fr\/wp-json\/wp\/v2\/product\/5616","targetHints":{"allow":["GET"]}}],"collection":[{"href":"https:\/\/oud.alplift.com\/fr\/wp-json\/wp\/v2\/product"}],"about":[{"href":"https:\/\/oud.alplift.com\/fr\/wp-json\/wp\/v2\/types\/product"}],"replies":[{"embeddable":true,"href":"https:\/\/oud.alplift.com\/fr\/wp-json\/wp\/v2\/comments?post=5616"}],"wp:featuredmedia":[{"embeddable":true,"href":"https:\/\/oud.alplift.com\/fr\/wp-json\/wp\/v2\/media\/2823"}],"wp:attachment":[{"href":"https:\/\/oud.alplift.com\/fr\/wp-json\/wp\/v2\/media?parent=5616"}],"wp:term":[{"taxonomy":"product_cat","embeddable":true,"href":"https:\/\/oud.alplift.com\/fr\/wp-json\/wp\/v2\/product_cat?post=5616"},{"taxonomy":"product_tag","embeddable":true,"href":"https:\/\/oud.alplift.com\/fr\/wp-json\/wp\/v2\/product_tag?post=5616"}],"curies":[{"name":"wp","href":"https:\/\/api.w.org\/{rel}","templated":true}]}}