
{"id":5319,"date":"2016-09-10T10:32:25","date_gmt":"2016-09-10T08:32:25","guid":{"rendered":"https:\/\/oud.alplift.com\/product\/nacelle-telescopique-gtbz38s-dingli\/"},"modified":"2016-09-10T10:32:25","modified_gmt":"2016-09-10T08:32:25","slug":"nacelle-telescopique-gtbz38s-dingli","status":"publish","type":"product","link":"https:\/\/oud.alplift.com\/fr\/produit\/nacelle-telescopique-gtbz38s-dingli\/","title":{"rendered":"Nacelle t\u00e9lescopique GTBZ38S &#8211; Dingli"},"content":{"rendered":"","protected":false},"excerpt":{"rendered":"<p>La nacelle t\u00e9lescopique GTBZ38S de Dingli avec quatre roues motrices et quatre roues directrices garantit des performances optimales et une grande mobilit\u00e9. Avec la capacit\u00e9 de prendre des pentes jusqu&rsquo;\u00e0 40 pour cent et la grande plage de travail de 38 m\u00e8tres, c&rsquo;est une machine de haute qualit\u00e9 et robuste pour travailler \u00e0 de grandes hauteurs et sur des terrains accident\u00e9s.<\/p>\n<p><strong>Caract\u00e9ristiques:<\/strong><\/p>\n<ul>\n<li>Capacit\u00e9 de plate-forme: 450kg<\/li>\n<li>Hauteur de travail: 38 m\u00e8tres<\/li>\n<li>Port\u00e9e horizontale: 24 m\u00e8tres<\/li>\n<li>Hauteur de la plate-forme: 36 m\u00e8tres<\/li>\n<li>Taille de la plate-forme: 2,40 \u00d7 0,90 m\u00e8tres<\/li>\n<li>Rotation de la plate-forme: +\/- 90\u00b0<\/li>\n<li>Longueur (transport): 11,74 m\u00e8tres<\/li>\n<li>Hauteur: 3,07 m\u00e8tres<\/li>\n<li>Largeur: 2,50 m\u00e8tres<\/li>\n<li>Poids: 21.000 kg<\/li>\n<\/ul>\n<p>&nbsp;<\/p>\n","protected":false},"featured_media":2478,"comment_status":"closed","ping_status":"closed","template":"","meta":[],"product_cat":[154,178],"product_tag":[],"class_list":{"0":"post-5319","1":"product","2":"type-product","3":"status-publish","4":"has-post-thumbnail","6":"product_cat-nacelles-elevatrice","7":"product_cat-nacelles-telescopique","8":"pa_merk-dingli-fr","10":"first","11":"instock","12":"shipping-taxable","13":"product-type-simple"},"yoast_head":"<!-- This site is optimized with the Yoast SEO plugin v24.0 - https:\/\/yoast.com\/wordpress\/plugins\/seo\/ -->\n<title>Nacelle t\u00e9lescopique GTBZ38S - Dingli | Alp Lift France<\/title>\n<meta name=\"description\" content=\"Nacelle t\u00e9lescopique robuste GTBZ38S de Dingli avec une hauteur de travail maximale de 38 m\u00e8tres. A vendre chez Alp Lift. Demandez un devis en ligne.\" \/>\n<meta name=\"robots\" content=\"noindex, follow, max-snippet:-1, max-image-preview:large, max-video-preview:-1\" \/>\n<meta property=\"og:locale\" content=\"fr_FR\" \/>\n<meta property=\"og:type\" content=\"article\" \/>\n<meta property=\"og:title\" content=\"Nacelle t\u00e9lescopique GTBZ38S - Dingli | Alp Lift France\" \/>\n<meta property=\"og:description\" content=\"Nacelle t\u00e9lescopique robuste GTBZ38S de Dingli avec une hauteur de travail maximale de 38 m\u00e8tres. A vendre chez Alp Lift. Demandez un devis en ligne.\" \/>\n<meta property=\"og:url\" content=\"https:\/\/oud.alplift.com\/fr\/produit\/nacelle-telescopique-gtbz38s-dingli\/\" \/>\n<meta property=\"og:site_name\" content=\"Alp Lift\" \/>\n<meta property=\"og:image\" content=\"https:\/\/oud.alplift.com\/wp-content\/uploads\/2021\/01\/Telescoophoogwerker-GTBZ38S-Dingli.png\" \/>\n\t<meta property=\"og:image:width\" content=\"500\" \/>\n\t<meta property=\"og:image:height\" content=\"500\" \/>\n\t<meta property=\"og:image:type\" content=\"image\/png\" \/>\n<meta name=\"twitter:card\" content=\"summary_large_image\" \/>\n<script type=\"application\/ld+json\" class=\"yoast-schema-graph\">{\"@context\":\"https:\/\/schema.org\",\"@graph\":[{\"@type\":\"WebPage\",\"@id\":\"https:\/\/oud.alplift.com\/fr\/produit\/nacelle-telescopique-gtbz38s-dingli\/\",\"url\":\"https:\/\/oud.alplift.com\/fr\/produit\/nacelle-telescopique-gtbz38s-dingli\/\",\"name\":\"Nacelle t\u00e9lescopique GTBZ38S - Dingli | Alp Lift France\",\"isPartOf\":{\"@id\":\"https:\/\/oud.alplift.com\/fr\/#website\"},\"primaryImageOfPage\":{\"@id\":\"https:\/\/oud.alplift.com\/fr\/produit\/nacelle-telescopique-gtbz38s-dingli\/#primaryimage\"},\"image\":{\"@id\":\"https:\/\/oud.alplift.com\/fr\/produit\/nacelle-telescopique-gtbz38s-dingli\/#primaryimage\"},\"thumbnailUrl\":\"https:\/\/oud.alplift.com\/wp-content\/uploads\/2021\/01\/Telescoophoogwerker-GTBZ38S-Dingli.png\",\"datePublished\":\"2016-09-10T08:32:25+00:00\",\"dateModified\":\"2016-09-10T08:32:25+00:00\",\"description\":\"Nacelle t\u00e9lescopique robuste GTBZ38S de Dingli avec une hauteur de travail maximale de 38 m\u00e8tres. A vendre chez Alp Lift. Demandez un devis en ligne.\",\"breadcrumb\":{\"@id\":\"https:\/\/oud.alplift.com\/fr\/produit\/nacelle-telescopique-gtbz38s-dingli\/#breadcrumb\"},\"inLanguage\":\"fr-FR\",\"potentialAction\":[{\"@type\":\"ReadAction\",\"target\":[\"https:\/\/oud.alplift.com\/fr\/produit\/nacelle-telescopique-gtbz38s-dingli\/\"]}]},{\"@type\":\"ImageObject\",\"inLanguage\":\"fr-FR\",\"@id\":\"https:\/\/oud.alplift.com\/fr\/produit\/nacelle-telescopique-gtbz38s-dingli\/#primaryimage\",\"url\":\"https:\/\/oud.alplift.com\/wp-content\/uploads\/2021\/01\/Telescoophoogwerker-GTBZ38S-Dingli.png\",\"contentUrl\":\"https:\/\/oud.alplift.com\/wp-content\/uploads\/2021\/01\/Telescoophoogwerker-GTBZ38S-Dingli.png\",\"width\":500,\"height\":500},{\"@type\":\"BreadcrumbList\",\"@id\":\"https:\/\/oud.alplift.com\/fr\/produit\/nacelle-telescopique-gtbz38s-dingli\/#breadcrumb\",\"itemListElement\":[{\"@type\":\"ListItem\",\"position\":1,\"name\":\"Home\",\"item\":\"https:\/\/oud.alplift.com\/fr\/\"},{\"@type\":\"ListItem\",\"position\":2,\"name\":\"Winkel\",\"item\":\"https:\/\/oud.alplift.com\/winkel\/\"},{\"@type\":\"ListItem\",\"position\":3,\"name\":\"Nacelle t\u00e9lescopique GTBZ38S &#8211; Dingli\"}]},{\"@type\":\"WebSite\",\"@id\":\"https:\/\/oud.alplift.com\/fr\/#website\",\"url\":\"https:\/\/oud.alplift.com\/fr\/\",\"name\":\"Alp Lift\",\"description\":\"Lifting Equipment\",\"potentialAction\":[{\"@type\":\"SearchAction\",\"target\":{\"@type\":\"EntryPoint\",\"urlTemplate\":\"https:\/\/oud.alplift.com\/fr\/?s={search_term_string}\"},\"query-input\":{\"@type\":\"PropertyValueSpecification\",\"valueRequired\":true,\"valueName\":\"search_term_string\"}}],\"inLanguage\":\"fr-FR\"}]}<\/script>\n<!-- \/ Yoast SEO plugin. -->","yoast_head_json":{"title":"Nacelle t\u00e9lescopique GTBZ38S - Dingli | Alp Lift France","description":"Nacelle t\u00e9lescopique robuste GTBZ38S de Dingli avec une hauteur de travail maximale de 38 m\u00e8tres. A vendre chez Alp Lift. Demandez un devis en ligne.","robots":{"index":"noindex","follow":"follow","max-snippet":"max-snippet:-1","max-image-preview":"max-image-preview:large","max-video-preview":"max-video-preview:-1"},"og_locale":"fr_FR","og_type":"article","og_title":"Nacelle t\u00e9lescopique GTBZ38S - Dingli | Alp Lift France","og_description":"Nacelle t\u00e9lescopique robuste GTBZ38S de Dingli avec une hauteur de travail maximale de 38 m\u00e8tres. A vendre chez Alp Lift. Demandez un devis en ligne.","og_url":"https:\/\/oud.alplift.com\/fr\/produit\/nacelle-telescopique-gtbz38s-dingli\/","og_site_name":"Alp Lift","og_image":[{"width":500,"height":500,"url":"https:\/\/oud.alplift.com\/wp-content\/uploads\/2021\/01\/Telescoophoogwerker-GTBZ38S-Dingli.png","type":"image\/png"}],"twitter_card":"summary_large_image","schema":{"@context":"https:\/\/schema.org","@graph":[{"@type":"WebPage","@id":"https:\/\/oud.alplift.com\/fr\/produit\/nacelle-telescopique-gtbz38s-dingli\/","url":"https:\/\/oud.alplift.com\/fr\/produit\/nacelle-telescopique-gtbz38s-dingli\/","name":"Nacelle t\u00e9lescopique GTBZ38S - Dingli | Alp Lift France","isPartOf":{"@id":"https:\/\/oud.alplift.com\/fr\/#website"},"primaryImageOfPage":{"@id":"https:\/\/oud.alplift.com\/fr\/produit\/nacelle-telescopique-gtbz38s-dingli\/#primaryimage"},"image":{"@id":"https:\/\/oud.alplift.com\/fr\/produit\/nacelle-telescopique-gtbz38s-dingli\/#primaryimage"},"thumbnailUrl":"https:\/\/oud.alplift.com\/wp-content\/uploads\/2021\/01\/Telescoophoogwerker-GTBZ38S-Dingli.png","datePublished":"2016-09-10T08:32:25+00:00","dateModified":"2016-09-10T08:32:25+00:00","description":"Nacelle t\u00e9lescopique robuste GTBZ38S de Dingli avec une hauteur de travail maximale de 38 m\u00e8tres. A vendre chez Alp Lift. Demandez un devis en ligne.","breadcrumb":{"@id":"https:\/\/oud.alplift.com\/fr\/produit\/nacelle-telescopique-gtbz38s-dingli\/#breadcrumb"},"inLanguage":"fr-FR","potentialAction":[{"@type":"ReadAction","target":["https:\/\/oud.alplift.com\/fr\/produit\/nacelle-telescopique-gtbz38s-dingli\/"]}]},{"@type":"ImageObject","inLanguage":"fr-FR","@id":"https:\/\/oud.alplift.com\/fr\/produit\/nacelle-telescopique-gtbz38s-dingli\/#primaryimage","url":"https:\/\/oud.alplift.com\/wp-content\/uploads\/2021\/01\/Telescoophoogwerker-GTBZ38S-Dingli.png","contentUrl":"https:\/\/oud.alplift.com\/wp-content\/uploads\/2021\/01\/Telescoophoogwerker-GTBZ38S-Dingli.png","width":500,"height":500},{"@type":"BreadcrumbList","@id":"https:\/\/oud.alplift.com\/fr\/produit\/nacelle-telescopique-gtbz38s-dingli\/#breadcrumb","itemListElement":[{"@type":"ListItem","position":1,"name":"Home","item":"https:\/\/oud.alplift.com\/fr\/"},{"@type":"ListItem","position":2,"name":"Winkel","item":"https:\/\/oud.alplift.com\/winkel\/"},{"@type":"ListItem","position":3,"name":"Nacelle t\u00e9lescopique GTBZ38S &#8211; Dingli"}]},{"@type":"WebSite","@id":"https:\/\/oud.alplift.com\/fr\/#website","url":"https:\/\/oud.alplift.com\/fr\/","name":"Alp Lift","description":"Lifting Equipment","potentialAction":[{"@type":"SearchAction","target":{"@type":"EntryPoint","urlTemplate":"https:\/\/oud.alplift.com\/fr\/?s={search_term_string}"},"query-input":{"@type":"PropertyValueSpecification","valueRequired":true,"valueName":"search_term_string"}}],"inLanguage":"fr-FR"}]}},"_links":{"self":[{"href":"https:\/\/oud.alplift.com\/fr\/wp-json\/wp\/v2\/product\/5319","targetHints":{"allow":["GET"]}}],"collection":[{"href":"https:\/\/oud.alplift.com\/fr\/wp-json\/wp\/v2\/product"}],"about":[{"href":"https:\/\/oud.alplift.com\/fr\/wp-json\/wp\/v2\/types\/product"}],"replies":[{"embeddable":true,"href":"https:\/\/oud.alplift.com\/fr\/wp-json\/wp\/v2\/comments?post=5319"}],"wp:featuredmedia":[{"embeddable":true,"href":"https:\/\/oud.alplift.com\/fr\/wp-json\/wp\/v2\/media\/2478"}],"wp:attachment":[{"href":"https:\/\/oud.alplift.com\/fr\/wp-json\/wp\/v2\/media?parent=5319"}],"wp:term":[{"taxonomy":"product_cat","embeddable":true,"href":"https:\/\/oud.alplift.com\/fr\/wp-json\/wp\/v2\/product_cat?post=5319"},{"taxonomy":"product_tag","embeddable":true,"href":"https:\/\/oud.alplift.com\/fr\/wp-json\/wp\/v2\/product_tag?post=5319"}],"curies":[{"name":"wp","href":"https:\/\/api.w.org\/{rel}","templated":true}]}}