
{"id":5299,"date":"2016-09-10T10:35:10","date_gmt":"2016-09-10T08:35:10","guid":{"rendered":"https:\/\/oud.alplift.com\/product\/nacelle-telescopique-gtbz32s-dingli\/"},"modified":"2021-11-25T12:50:31","modified_gmt":"2021-11-25T11:50:31","slug":"nacelle-telescopique-gtbz32s-dingli","status":"publish","type":"product","link":"https:\/\/oud.alplift.com\/fr\/produit\/nacelle-telescopique-gtbz32s-dingli\/","title":{"rendered":"Nacelle t\u00e9lescopique GTBZ32S &#8211; Dingli"},"content":{"rendered":"","protected":false},"excerpt":{"rendered":"<p>La nacelle t\u00e9lescopique GTBZ32S de Dingli est une nacelle \u00e9l\u00e9vatrice \u00e0 quatre roues motrices et quatre roues directrices qui garantit des performances optimales et une grande mobilit\u00e9. Avec la capacit\u00e9 de gravir des pentes allant jusqu&rsquo;\u00e0 40 % et la grande plage de travail de 32 m\u00e8tres, il s&rsquo;agit d&rsquo;une machine de haute qualit\u00e9 et robuste pour travailler \u00e0 de grandes hauteurs et sur des terrains accident\u00e9s.<\/p>\n<p>Caract\u00e9ristiques:<\/p>\n<p>Capacit\u00e9 : 450kg<br \/>\nHauteur de travail : 32 m\u00e8tres<br \/>\nPort\u00e9e horizontale : 21 m\u00e8tres<br \/>\nHauteur de la plate-forme : 30 m\u00e8tres<br \/>\nTaille de la plate-forme : 2,40 \u00d7 0,90 m\u00e8tres<br \/>\nRotation de la plate-forme : +\/- 90\u00b0<br \/>\nLongueur : 13,34 m\u00e8tres<br \/>\nHauteur : 3,05 m\u00e8tres<br \/>\nLargeur : 2,50 m\u00e8tres<br \/>\nPoids : 18 000 kg <\/p>\n","protected":false},"featured_media":2493,"comment_status":"closed","ping_status":"closed","template":"","meta":[],"product_cat":[154,178],"product_tag":[],"class_list":{"0":"post-5299","1":"product","2":"type-product","3":"status-publish","4":"has-post-thumbnail","6":"product_cat-nacelles-elevatrice","7":"product_cat-nacelles-telescopique","8":"pa_merk-dingli-fr","10":"first","11":"instock","12":"shipping-taxable","13":"product-type-simple"},"yoast_head":"<!-- This site is optimized with the Yoast SEO plugin v24.0 - https:\/\/yoast.com\/wordpress\/plugins\/seo\/ -->\n<title>Nacelle t\u00e9lescopique GTBZ32S - Dingli | Alp Lift France<\/title>\n<meta name=\"description\" content=\"Nacelle t\u00e9lescopique GTBZ32S de Dingli avec une hauteur de travail maximale de 32 m\u00e8tres. A vendre chez Alp Lift. Demandez un devis en ligne.\" \/>\n<meta name=\"robots\" content=\"noindex, follow, max-snippet:-1, max-image-preview:large, max-video-preview:-1\" \/>\n<meta property=\"og:locale\" content=\"fr_FR\" \/>\n<meta property=\"og:type\" content=\"article\" \/>\n<meta property=\"og:title\" content=\"Nacelle t\u00e9lescopique GTBZ32S - Dingli | Alp Lift France\" \/>\n<meta property=\"og:description\" content=\"Nacelle t\u00e9lescopique GTBZ32S de Dingli avec une hauteur de travail maximale de 32 m\u00e8tres. A vendre chez Alp Lift. Demandez un devis en ligne.\" \/>\n<meta property=\"og:url\" content=\"https:\/\/oud.alplift.com\/fr\/produit\/nacelle-telescopique-gtbz32s-dingli\/\" \/>\n<meta property=\"og:site_name\" content=\"Alp Lift\" \/>\n<meta property=\"article:modified_time\" content=\"2021-11-25T11:50:31+00:00\" \/>\n<meta property=\"og:image\" content=\"https:\/\/oud.alplift.com\/wp-content\/uploads\/2021\/01\/Telescoophoogwerker-GTBZ32S-Dingli.png\" \/>\n\t<meta property=\"og:image:width\" content=\"500\" \/>\n\t<meta property=\"og:image:height\" content=\"500\" \/>\n\t<meta property=\"og:image:type\" content=\"image\/png\" \/>\n<meta name=\"twitter:card\" content=\"summary_large_image\" \/>\n<script type=\"application\/ld+json\" class=\"yoast-schema-graph\">{\"@context\":\"https:\/\/schema.org\",\"@graph\":[{\"@type\":\"WebPage\",\"@id\":\"https:\/\/oud.alplift.com\/fr\/produit\/nacelle-telescopique-gtbz32s-dingli\/\",\"url\":\"https:\/\/oud.alplift.com\/fr\/produit\/nacelle-telescopique-gtbz32s-dingli\/\",\"name\":\"Nacelle t\u00e9lescopique GTBZ32S - Dingli | Alp Lift France\",\"isPartOf\":{\"@id\":\"https:\/\/oud.alplift.com\/fr\/#website\"},\"primaryImageOfPage\":{\"@id\":\"https:\/\/oud.alplift.com\/fr\/produit\/nacelle-telescopique-gtbz32s-dingli\/#primaryimage\"},\"image\":{\"@id\":\"https:\/\/oud.alplift.com\/fr\/produit\/nacelle-telescopique-gtbz32s-dingli\/#primaryimage\"},\"thumbnailUrl\":\"https:\/\/oud.alplift.com\/wp-content\/uploads\/2021\/01\/Telescoophoogwerker-GTBZ32S-Dingli.png\",\"datePublished\":\"2016-09-10T08:35:10+00:00\",\"dateModified\":\"2021-11-25T11:50:31+00:00\",\"description\":\"Nacelle t\u00e9lescopique GTBZ32S de Dingli avec une hauteur de travail maximale de 32 m\u00e8tres. A vendre chez Alp Lift. Demandez un devis en ligne.\",\"breadcrumb\":{\"@id\":\"https:\/\/oud.alplift.com\/fr\/produit\/nacelle-telescopique-gtbz32s-dingli\/#breadcrumb\"},\"inLanguage\":\"fr-FR\",\"potentialAction\":[{\"@type\":\"ReadAction\",\"target\":[\"https:\/\/oud.alplift.com\/fr\/produit\/nacelle-telescopique-gtbz32s-dingli\/\"]}]},{\"@type\":\"ImageObject\",\"inLanguage\":\"fr-FR\",\"@id\":\"https:\/\/oud.alplift.com\/fr\/produit\/nacelle-telescopique-gtbz32s-dingli\/#primaryimage\",\"url\":\"https:\/\/oud.alplift.com\/wp-content\/uploads\/2021\/01\/Telescoophoogwerker-GTBZ32S-Dingli.png\",\"contentUrl\":\"https:\/\/oud.alplift.com\/wp-content\/uploads\/2021\/01\/Telescoophoogwerker-GTBZ32S-Dingli.png\",\"width\":500,\"height\":500},{\"@type\":\"BreadcrumbList\",\"@id\":\"https:\/\/oud.alplift.com\/fr\/produit\/nacelle-telescopique-gtbz32s-dingli\/#breadcrumb\",\"itemListElement\":[{\"@type\":\"ListItem\",\"position\":1,\"name\":\"Home\",\"item\":\"https:\/\/oud.alplift.com\/fr\/\"},{\"@type\":\"ListItem\",\"position\":2,\"name\":\"Winkel\",\"item\":\"https:\/\/oud.alplift.com\/winkel\/\"},{\"@type\":\"ListItem\",\"position\":3,\"name\":\"Nacelle t\u00e9lescopique GTBZ32S &#8211; Dingli\"}]},{\"@type\":\"WebSite\",\"@id\":\"https:\/\/oud.alplift.com\/fr\/#website\",\"url\":\"https:\/\/oud.alplift.com\/fr\/\",\"name\":\"Alp Lift\",\"description\":\"Lifting Equipment\",\"potentialAction\":[{\"@type\":\"SearchAction\",\"target\":{\"@type\":\"EntryPoint\",\"urlTemplate\":\"https:\/\/oud.alplift.com\/fr\/?s={search_term_string}\"},\"query-input\":{\"@type\":\"PropertyValueSpecification\",\"valueRequired\":true,\"valueName\":\"search_term_string\"}}],\"inLanguage\":\"fr-FR\"}]}<\/script>\n<!-- \/ Yoast SEO plugin. -->","yoast_head_json":{"title":"Nacelle t\u00e9lescopique GTBZ32S - Dingli | Alp Lift France","description":"Nacelle t\u00e9lescopique GTBZ32S de Dingli avec une hauteur de travail maximale de 32 m\u00e8tres. A vendre chez Alp Lift. Demandez un devis en ligne.","robots":{"index":"noindex","follow":"follow","max-snippet":"max-snippet:-1","max-image-preview":"max-image-preview:large","max-video-preview":"max-video-preview:-1"},"og_locale":"fr_FR","og_type":"article","og_title":"Nacelle t\u00e9lescopique GTBZ32S - Dingli | Alp Lift France","og_description":"Nacelle t\u00e9lescopique GTBZ32S de Dingli avec une hauteur de travail maximale de 32 m\u00e8tres. A vendre chez Alp Lift. Demandez un devis en ligne.","og_url":"https:\/\/oud.alplift.com\/fr\/produit\/nacelle-telescopique-gtbz32s-dingli\/","og_site_name":"Alp Lift","article_modified_time":"2021-11-25T11:50:31+00:00","og_image":[{"width":500,"height":500,"url":"https:\/\/oud.alplift.com\/wp-content\/uploads\/2021\/01\/Telescoophoogwerker-GTBZ32S-Dingli.png","type":"image\/png"}],"twitter_card":"summary_large_image","schema":{"@context":"https:\/\/schema.org","@graph":[{"@type":"WebPage","@id":"https:\/\/oud.alplift.com\/fr\/produit\/nacelle-telescopique-gtbz32s-dingli\/","url":"https:\/\/oud.alplift.com\/fr\/produit\/nacelle-telescopique-gtbz32s-dingli\/","name":"Nacelle t\u00e9lescopique GTBZ32S - Dingli | Alp Lift France","isPartOf":{"@id":"https:\/\/oud.alplift.com\/fr\/#website"},"primaryImageOfPage":{"@id":"https:\/\/oud.alplift.com\/fr\/produit\/nacelle-telescopique-gtbz32s-dingli\/#primaryimage"},"image":{"@id":"https:\/\/oud.alplift.com\/fr\/produit\/nacelle-telescopique-gtbz32s-dingli\/#primaryimage"},"thumbnailUrl":"https:\/\/oud.alplift.com\/wp-content\/uploads\/2021\/01\/Telescoophoogwerker-GTBZ32S-Dingli.png","datePublished":"2016-09-10T08:35:10+00:00","dateModified":"2021-11-25T11:50:31+00:00","description":"Nacelle t\u00e9lescopique GTBZ32S de Dingli avec une hauteur de travail maximale de 32 m\u00e8tres. A vendre chez Alp Lift. Demandez un devis en ligne.","breadcrumb":{"@id":"https:\/\/oud.alplift.com\/fr\/produit\/nacelle-telescopique-gtbz32s-dingli\/#breadcrumb"},"inLanguage":"fr-FR","potentialAction":[{"@type":"ReadAction","target":["https:\/\/oud.alplift.com\/fr\/produit\/nacelle-telescopique-gtbz32s-dingli\/"]}]},{"@type":"ImageObject","inLanguage":"fr-FR","@id":"https:\/\/oud.alplift.com\/fr\/produit\/nacelle-telescopique-gtbz32s-dingli\/#primaryimage","url":"https:\/\/oud.alplift.com\/wp-content\/uploads\/2021\/01\/Telescoophoogwerker-GTBZ32S-Dingli.png","contentUrl":"https:\/\/oud.alplift.com\/wp-content\/uploads\/2021\/01\/Telescoophoogwerker-GTBZ32S-Dingli.png","width":500,"height":500},{"@type":"BreadcrumbList","@id":"https:\/\/oud.alplift.com\/fr\/produit\/nacelle-telescopique-gtbz32s-dingli\/#breadcrumb","itemListElement":[{"@type":"ListItem","position":1,"name":"Home","item":"https:\/\/oud.alplift.com\/fr\/"},{"@type":"ListItem","position":2,"name":"Winkel","item":"https:\/\/oud.alplift.com\/winkel\/"},{"@type":"ListItem","position":3,"name":"Nacelle t\u00e9lescopique GTBZ32S &#8211; Dingli"}]},{"@type":"WebSite","@id":"https:\/\/oud.alplift.com\/fr\/#website","url":"https:\/\/oud.alplift.com\/fr\/","name":"Alp Lift","description":"Lifting Equipment","potentialAction":[{"@type":"SearchAction","target":{"@type":"EntryPoint","urlTemplate":"https:\/\/oud.alplift.com\/fr\/?s={search_term_string}"},"query-input":{"@type":"PropertyValueSpecification","valueRequired":true,"valueName":"search_term_string"}}],"inLanguage":"fr-FR"}]}},"_links":{"self":[{"href":"https:\/\/oud.alplift.com\/fr\/wp-json\/wp\/v2\/product\/5299","targetHints":{"allow":["GET"]}}],"collection":[{"href":"https:\/\/oud.alplift.com\/fr\/wp-json\/wp\/v2\/product"}],"about":[{"href":"https:\/\/oud.alplift.com\/fr\/wp-json\/wp\/v2\/types\/product"}],"replies":[{"embeddable":true,"href":"https:\/\/oud.alplift.com\/fr\/wp-json\/wp\/v2\/comments?post=5299"}],"wp:featuredmedia":[{"embeddable":true,"href":"https:\/\/oud.alplift.com\/fr\/wp-json\/wp\/v2\/media\/2493"}],"wp:attachment":[{"href":"https:\/\/oud.alplift.com\/fr\/wp-json\/wp\/v2\/media?parent=5299"}],"wp:term":[{"taxonomy":"product_cat","embeddable":true,"href":"https:\/\/oud.alplift.com\/fr\/wp-json\/wp\/v2\/product_cat?post=5299"},{"taxonomy":"product_tag","embeddable":true,"href":"https:\/\/oud.alplift.com\/fr\/wp-json\/wp\/v2\/product_tag?post=5299"}],"curies":[{"name":"wp","href":"https:\/\/api.w.org\/{rel}","templated":true}]}}