
{"id":5279,"date":"2016-09-10T10:41:02","date_gmt":"2016-09-10T08:41:02","guid":{"rendered":"https:\/\/oud.alplift.com\/product\/nacelle-telescopique-gtbz16su-dingli\/"},"modified":"2016-09-10T10:41:02","modified_gmt":"2016-09-10T08:41:02","slug":"nacelle-telescopique-gtbz16su-dingli","status":"publish","type":"product","link":"https:\/\/oud.alplift.com\/fr\/produit\/nacelle-telescopique-gtbz16su-dingli\/","title":{"rendered":"Nacelle t\u00e9lescopique GTBZ16SU &#8211; Dingli"},"content":{"rendered":"","protected":false},"excerpt":{"rendered":"<p>La nacelle t\u00e9lescopique GTBZ16SU avec quatre roues motrices et quatre roues directrices offre de meilleures performances et une meilleure maniabilit\u00e9. La plate-forme de travail et le ch\u00e2ssis se nivellent automatiquement et les stabilisateurs sont \u00e9galement automatiques. Peut \u00eatre utilis\u00e9 en hauteur pour de nombreuses applications lourdes, telles que les travaux de construction et de r\u00e9novation. Sa hauteur de travail est de 16 m\u00e8tres et sa port\u00e9e est de pr\u00e8s de 9 m\u00e8tres.<\/p>\n<p>Caract\u00e9ristiques:<\/p>\n<p>Capacit\u00e9 : 230kg<br \/>\nHauteur de travail : 16 m\u00e8tres<br \/>\nPort\u00e9e horizontale : 8,6 m\u00e8tres<br \/>\nHauteur de la plate-forme : 14,00 m\u00e8tres<br \/>\nTaille de la plate-forme : 1,80 x 0,76 m\u00e8tres<br \/>\nRotation de la plate-forme : +\/- 90\u00b0<br \/>\nLongueur : 7,30 m\u00e8tres<br \/>\nHauteur : 3,66 m\u00e8tres<br \/>\nLargeur : 2,50 m\u00e8tres<br \/>\nPoids : 11 500 kg<\/p>\n","protected":false},"featured_media":2513,"comment_status":"closed","ping_status":"open","template":"","meta":[],"product_cat":[154,178],"product_tag":[],"class_list":{"0":"post-5279","1":"product","2":"type-product","3":"status-publish","4":"has-post-thumbnail","6":"product_cat-nacelles-elevatrice","7":"product_cat-nacelles-telescopique","8":"pa_merk-dingli-fr","10":"first","11":"instock","12":"shipping-taxable","13":"product-type-simple"},"yoast_head":"<!-- This site is optimized with the Yoast SEO plugin v24.0 - https:\/\/yoast.com\/wordpress\/plugins\/seo\/ -->\n<title>Nacelle t\u00e9lescopique GTBZ16SU - Dingli | Alp Lift France<\/title>\n<meta name=\"description\" content=\"Nacelle t\u00e9lescopique GTBZ16SU de Dingli avec une hauteur de travail maximale de 16 m\u00e8tres. A vendre chez Alp Lift. Demandez un devis en ligne.\" \/>\n<meta name=\"robots\" content=\"noindex, follow, max-snippet:-1, max-image-preview:large, max-video-preview:-1\" \/>\n<meta property=\"og:locale\" content=\"fr_FR\" \/>\n<meta property=\"og:type\" content=\"article\" \/>\n<meta property=\"og:title\" content=\"Nacelle t\u00e9lescopique GTBZ16SU - Dingli | Alp Lift France\" \/>\n<meta property=\"og:description\" content=\"Nacelle t\u00e9lescopique GTBZ16SU de Dingli avec une hauteur de travail maximale de 16 m\u00e8tres. A vendre chez Alp Lift. Demandez un devis en ligne.\" \/>\n<meta property=\"og:url\" content=\"https:\/\/oud.alplift.com\/fr\/produit\/nacelle-telescopique-gtbz16su-dingli\/\" \/>\n<meta property=\"og:site_name\" content=\"Alp Lift\" \/>\n<meta property=\"og:image\" content=\"https:\/\/oud.alplift.com\/wp-content\/uploads\/2021\/01\/telescoop-hoogwerker-GTBZ16SU.png\" \/>\n\t<meta property=\"og:image:width\" content=\"500\" \/>\n\t<meta property=\"og:image:height\" content=\"500\" \/>\n\t<meta property=\"og:image:type\" content=\"image\/png\" \/>\n<meta name=\"twitter:card\" content=\"summary_large_image\" \/>\n<script type=\"application\/ld+json\" class=\"yoast-schema-graph\">{\"@context\":\"https:\/\/schema.org\",\"@graph\":[{\"@type\":\"WebPage\",\"@id\":\"https:\/\/oud.alplift.com\/fr\/produit\/nacelle-telescopique-gtbz16su-dingli\/\",\"url\":\"https:\/\/oud.alplift.com\/fr\/produit\/nacelle-telescopique-gtbz16su-dingli\/\",\"name\":\"Nacelle t\u00e9lescopique GTBZ16SU - Dingli | Alp Lift France\",\"isPartOf\":{\"@id\":\"https:\/\/oud.alplift.com\/fr\/#website\"},\"primaryImageOfPage\":{\"@id\":\"https:\/\/oud.alplift.com\/fr\/produit\/nacelle-telescopique-gtbz16su-dingli\/#primaryimage\"},\"image\":{\"@id\":\"https:\/\/oud.alplift.com\/fr\/produit\/nacelle-telescopique-gtbz16su-dingli\/#primaryimage\"},\"thumbnailUrl\":\"https:\/\/oud.alplift.com\/wp-content\/uploads\/2021\/01\/telescoop-hoogwerker-GTBZ16SU.png\",\"datePublished\":\"2016-09-10T08:41:02+00:00\",\"dateModified\":\"2016-09-10T08:41:02+00:00\",\"description\":\"Nacelle t\u00e9lescopique GTBZ16SU de Dingli avec une hauteur de travail maximale de 16 m\u00e8tres. A vendre chez Alp Lift. Demandez un devis en ligne.\",\"breadcrumb\":{\"@id\":\"https:\/\/oud.alplift.com\/fr\/produit\/nacelle-telescopique-gtbz16su-dingli\/#breadcrumb\"},\"inLanguage\":\"fr-FR\",\"potentialAction\":[{\"@type\":\"ReadAction\",\"target\":[\"https:\/\/oud.alplift.com\/fr\/produit\/nacelle-telescopique-gtbz16su-dingli\/\"]}]},{\"@type\":\"ImageObject\",\"inLanguage\":\"fr-FR\",\"@id\":\"https:\/\/oud.alplift.com\/fr\/produit\/nacelle-telescopique-gtbz16su-dingli\/#primaryimage\",\"url\":\"https:\/\/oud.alplift.com\/wp-content\/uploads\/2021\/01\/telescoop-hoogwerker-GTBZ16SU.png\",\"contentUrl\":\"https:\/\/oud.alplift.com\/wp-content\/uploads\/2021\/01\/telescoop-hoogwerker-GTBZ16SU.png\",\"width\":500,\"height\":500},{\"@type\":\"BreadcrumbList\",\"@id\":\"https:\/\/oud.alplift.com\/fr\/produit\/nacelle-telescopique-gtbz16su-dingli\/#breadcrumb\",\"itemListElement\":[{\"@type\":\"ListItem\",\"position\":1,\"name\":\"Home\",\"item\":\"https:\/\/oud.alplift.com\/fr\/\"},{\"@type\":\"ListItem\",\"position\":2,\"name\":\"Winkel\",\"item\":\"https:\/\/oud.alplift.com\/winkel\/\"},{\"@type\":\"ListItem\",\"position\":3,\"name\":\"Nacelle t\u00e9lescopique GTBZ16SU &#8211; Dingli\"}]},{\"@type\":\"WebSite\",\"@id\":\"https:\/\/oud.alplift.com\/fr\/#website\",\"url\":\"https:\/\/oud.alplift.com\/fr\/\",\"name\":\"Alp Lift\",\"description\":\"Lifting Equipment\",\"potentialAction\":[{\"@type\":\"SearchAction\",\"target\":{\"@type\":\"EntryPoint\",\"urlTemplate\":\"https:\/\/oud.alplift.com\/fr\/?s={search_term_string}\"},\"query-input\":{\"@type\":\"PropertyValueSpecification\",\"valueRequired\":true,\"valueName\":\"search_term_string\"}}],\"inLanguage\":\"fr-FR\"}]}<\/script>\n<!-- \/ Yoast SEO plugin. -->","yoast_head_json":{"title":"Nacelle t\u00e9lescopique GTBZ16SU - Dingli | Alp Lift France","description":"Nacelle t\u00e9lescopique GTBZ16SU de Dingli avec une hauteur de travail maximale de 16 m\u00e8tres. A vendre chez Alp Lift. Demandez un devis en ligne.","robots":{"index":"noindex","follow":"follow","max-snippet":"max-snippet:-1","max-image-preview":"max-image-preview:large","max-video-preview":"max-video-preview:-1"},"og_locale":"fr_FR","og_type":"article","og_title":"Nacelle t\u00e9lescopique GTBZ16SU - Dingli | Alp Lift France","og_description":"Nacelle t\u00e9lescopique GTBZ16SU de Dingli avec une hauteur de travail maximale de 16 m\u00e8tres. A vendre chez Alp Lift. Demandez un devis en ligne.","og_url":"https:\/\/oud.alplift.com\/fr\/produit\/nacelle-telescopique-gtbz16su-dingli\/","og_site_name":"Alp Lift","og_image":[{"width":500,"height":500,"url":"https:\/\/oud.alplift.com\/wp-content\/uploads\/2021\/01\/telescoop-hoogwerker-GTBZ16SU.png","type":"image\/png"}],"twitter_card":"summary_large_image","schema":{"@context":"https:\/\/schema.org","@graph":[{"@type":"WebPage","@id":"https:\/\/oud.alplift.com\/fr\/produit\/nacelle-telescopique-gtbz16su-dingli\/","url":"https:\/\/oud.alplift.com\/fr\/produit\/nacelle-telescopique-gtbz16su-dingli\/","name":"Nacelle t\u00e9lescopique GTBZ16SU - Dingli | Alp Lift France","isPartOf":{"@id":"https:\/\/oud.alplift.com\/fr\/#website"},"primaryImageOfPage":{"@id":"https:\/\/oud.alplift.com\/fr\/produit\/nacelle-telescopique-gtbz16su-dingli\/#primaryimage"},"image":{"@id":"https:\/\/oud.alplift.com\/fr\/produit\/nacelle-telescopique-gtbz16su-dingli\/#primaryimage"},"thumbnailUrl":"https:\/\/oud.alplift.com\/wp-content\/uploads\/2021\/01\/telescoop-hoogwerker-GTBZ16SU.png","datePublished":"2016-09-10T08:41:02+00:00","dateModified":"2016-09-10T08:41:02+00:00","description":"Nacelle t\u00e9lescopique GTBZ16SU de Dingli avec une hauteur de travail maximale de 16 m\u00e8tres. A vendre chez Alp Lift. Demandez un devis en ligne.","breadcrumb":{"@id":"https:\/\/oud.alplift.com\/fr\/produit\/nacelle-telescopique-gtbz16su-dingli\/#breadcrumb"},"inLanguage":"fr-FR","potentialAction":[{"@type":"ReadAction","target":["https:\/\/oud.alplift.com\/fr\/produit\/nacelle-telescopique-gtbz16su-dingli\/"]}]},{"@type":"ImageObject","inLanguage":"fr-FR","@id":"https:\/\/oud.alplift.com\/fr\/produit\/nacelle-telescopique-gtbz16su-dingli\/#primaryimage","url":"https:\/\/oud.alplift.com\/wp-content\/uploads\/2021\/01\/telescoop-hoogwerker-GTBZ16SU.png","contentUrl":"https:\/\/oud.alplift.com\/wp-content\/uploads\/2021\/01\/telescoop-hoogwerker-GTBZ16SU.png","width":500,"height":500},{"@type":"BreadcrumbList","@id":"https:\/\/oud.alplift.com\/fr\/produit\/nacelle-telescopique-gtbz16su-dingli\/#breadcrumb","itemListElement":[{"@type":"ListItem","position":1,"name":"Home","item":"https:\/\/oud.alplift.com\/fr\/"},{"@type":"ListItem","position":2,"name":"Winkel","item":"https:\/\/oud.alplift.com\/winkel\/"},{"@type":"ListItem","position":3,"name":"Nacelle t\u00e9lescopique GTBZ16SU &#8211; Dingli"}]},{"@type":"WebSite","@id":"https:\/\/oud.alplift.com\/fr\/#website","url":"https:\/\/oud.alplift.com\/fr\/","name":"Alp Lift","description":"Lifting Equipment","potentialAction":[{"@type":"SearchAction","target":{"@type":"EntryPoint","urlTemplate":"https:\/\/oud.alplift.com\/fr\/?s={search_term_string}"},"query-input":{"@type":"PropertyValueSpecification","valueRequired":true,"valueName":"search_term_string"}}],"inLanguage":"fr-FR"}]}},"_links":{"self":[{"href":"https:\/\/oud.alplift.com\/fr\/wp-json\/wp\/v2\/product\/5279","targetHints":{"allow":["GET"]}}],"collection":[{"href":"https:\/\/oud.alplift.com\/fr\/wp-json\/wp\/v2\/product"}],"about":[{"href":"https:\/\/oud.alplift.com\/fr\/wp-json\/wp\/v2\/types\/product"}],"replies":[{"embeddable":true,"href":"https:\/\/oud.alplift.com\/fr\/wp-json\/wp\/v2\/comments?post=5279"}],"wp:featuredmedia":[{"embeddable":true,"href":"https:\/\/oud.alplift.com\/fr\/wp-json\/wp\/v2\/media\/2513"}],"wp:attachment":[{"href":"https:\/\/oud.alplift.com\/fr\/wp-json\/wp\/v2\/media?parent=5279"}],"wp:term":[{"taxonomy":"product_cat","embeddable":true,"href":"https:\/\/oud.alplift.com\/fr\/wp-json\/wp\/v2\/product_cat?post=5279"},{"taxonomy":"product_tag","embeddable":true,"href":"https:\/\/oud.alplift.com\/fr\/wp-json\/wp\/v2\/product_tag?post=5279"}],"curies":[{"name":"wp","href":"https:\/\/api.w.org\/{rel}","templated":true}]}}