
{"id":5270,"date":"2020-05-18T13:44:11","date_gmt":"2020-05-18T11:44:11","guid":{"rendered":"https:\/\/oud.alplift.com\/product\/nacelle-telescopique-zt26j\/"},"modified":"2020-05-18T13:44:11","modified_gmt":"2020-05-18T11:44:11","slug":"nacelle-telescopique-zt26j","status":"publish","type":"product","link":"https:\/\/oud.alplift.com\/fr\/produit\/nacelle-telescopique-zt26j\/","title":{"rendered":"Nacelle t\u00e9lescopique ZT26J"},"content":{"rendered":"","protected":false},"excerpt":{"rendered":"<p>La nacelle t\u00e9lescopique ZT26J avec moteur diesel a une capacit\u00e9 de levage de 300 kg et une hauteur de travail de 28,20 m\u00e8tres. Ces nacelles \u00e9l\u00e9vatrices t\u00e9lescopiques sont con\u00e7ues pour am\u00e9liorer l&rsquo;efficacit\u00e9 du travail et offrir une plus grande port\u00e9e horizontale que tout autre type de nacelle \u00e9l\u00e9vatrice. Ces unit\u00e9s ont une plate-forme extensible stable et une grande capacit\u00e9 d&rsquo;escalade sur des terrains accident\u00e9s, avec une double capacit\u00e9 de levage de 300 kg illimit\u00e9e et 454 kg de port\u00e9e limit\u00e9e. Cette plate-forme \u00e9l\u00e9vatrice a un faible poids, une capacit\u00e9 de levage \u00e9lev\u00e9e et une grande fiabilit\u00e9. Les quatre roues motrices et le syst\u00e8me d&rsquo;essieu oscillant am\u00e9liorent consid\u00e9rablement les performances hors route. Avec une pente de 45 %, ces machines sont parfaites pour les applications de construction et industrielles \u00e0 acc\u00e8s limit\u00e9.<\/p>\n<p><strong>Caract\u00e9ristiques:<\/strong><\/p>\n<ul>\n<li>Hauteur de travail : 28,20 mtr<\/li>\n<li>Hauteur de travail horizontale: 22,71 mtr<\/li>\n<li>Capacit\u00e9 de levage: 300 kg \/ 454 kg avec port\u00e9e limit\u00e9e<\/li>\n<li>Hauteur de transport: 2,80 mtr<\/li>\n<li>Longueur x largeur: 10,36 x 2,49 m\u00e8tres<\/li>\n<li>Poids propre: 18 900 kg<\/li>\n<li>Puissance : diesel (Duetz\/Cummins)<\/li>\n<\/ul>\n<p>&nbsp;<\/p>\n","protected":false},"featured_media":2668,"comment_status":"closed","ping_status":"open","template":"","meta":[],"product_cat":[154,178],"product_tag":[],"class_list":{"0":"post-5270","1":"product","2":"type-product","3":"status-publish","4":"has-post-thumbnail","6":"product_cat-nacelles-elevatrice","7":"product_cat-nacelles-telescopique","8":"pa_merk-zoomlion-fr","10":"first","11":"instock","12":"shipping-taxable","13":"product-type-simple"},"yoast_head":"<!-- This site is optimized with the Yoast SEO plugin v24.0 - https:\/\/yoast.com\/wordpress\/plugins\/seo\/ -->\n<title>Nacelle t\u00e9lescopique ZT26J - Zoomlion | Alp Lift France<\/title>\n<meta name=\"description\" content=\"Nacelle t\u00e9lescopique ZT26J de Zoomlion avec une plage de travail exceptionnellement large et une consommation d&#039;\u00e9nergie efficace. Demandez un devis en ligne \u00e0 Alp Lift.\" \/>\n<meta name=\"robots\" content=\"noindex, follow, max-snippet:-1, max-image-preview:large, max-video-preview:-1\" \/>\n<meta property=\"og:locale\" content=\"fr_FR\" \/>\n<meta property=\"og:type\" content=\"article\" \/>\n<meta property=\"og:title\" content=\"Nacelle t\u00e9lescopique ZT26J - Zoomlion | Alp Lift France\" \/>\n<meta property=\"og:description\" content=\"Nacelle t\u00e9lescopique ZT26J de Zoomlion avec une plage de travail exceptionnellement large et une consommation d&#039;\u00e9nergie efficace. Demandez un devis en ligne \u00e0 Alp Lift.\" \/>\n<meta property=\"og:url\" content=\"https:\/\/oud.alplift.com\/fr\/produit\/nacelle-telescopique-zt26j\/\" \/>\n<meta property=\"og:site_name\" content=\"Alp Lift\" \/>\n<meta property=\"og:image\" content=\"https:\/\/oud.alplift.com\/wp-content\/uploads\/2021\/01\/Zoomlion-knikarm-ZT26J.png\" \/>\n\t<meta property=\"og:image:width\" content=\"1378\" \/>\n\t<meta property=\"og:image:height\" content=\"864\" \/>\n\t<meta property=\"og:image:type\" content=\"image\/png\" \/>\n<meta name=\"twitter:card\" content=\"summary_large_image\" \/>\n<script type=\"application\/ld+json\" class=\"yoast-schema-graph\">{\"@context\":\"https:\/\/schema.org\",\"@graph\":[{\"@type\":\"WebPage\",\"@id\":\"https:\/\/oud.alplift.com\/fr\/produit\/nacelle-telescopique-zt26j\/\",\"url\":\"https:\/\/oud.alplift.com\/fr\/produit\/nacelle-telescopique-zt26j\/\",\"name\":\"Nacelle t\u00e9lescopique ZT26J - Zoomlion | Alp Lift France\",\"isPartOf\":{\"@id\":\"https:\/\/oud.alplift.com\/fr\/#website\"},\"primaryImageOfPage\":{\"@id\":\"https:\/\/oud.alplift.com\/fr\/produit\/nacelle-telescopique-zt26j\/#primaryimage\"},\"image\":{\"@id\":\"https:\/\/oud.alplift.com\/fr\/produit\/nacelle-telescopique-zt26j\/#primaryimage\"},\"thumbnailUrl\":\"https:\/\/oud.alplift.com\/wp-content\/uploads\/2021\/01\/Zoomlion-knikarm-ZT26J.png\",\"datePublished\":\"2020-05-18T11:44:11+00:00\",\"dateModified\":\"2020-05-18T11:44:11+00:00\",\"description\":\"Nacelle t\u00e9lescopique ZT26J de Zoomlion avec une plage de travail exceptionnellement large et une consommation d'\u00e9nergie efficace. Demandez un devis en ligne \u00e0 Alp Lift.\",\"breadcrumb\":{\"@id\":\"https:\/\/oud.alplift.com\/fr\/produit\/nacelle-telescopique-zt26j\/#breadcrumb\"},\"inLanguage\":\"fr-FR\",\"potentialAction\":[{\"@type\":\"ReadAction\",\"target\":[\"https:\/\/oud.alplift.com\/fr\/produit\/nacelle-telescopique-zt26j\/\"]}]},{\"@type\":\"ImageObject\",\"inLanguage\":\"fr-FR\",\"@id\":\"https:\/\/oud.alplift.com\/fr\/produit\/nacelle-telescopique-zt26j\/#primaryimage\",\"url\":\"https:\/\/oud.alplift.com\/wp-content\/uploads\/2021\/01\/Zoomlion-knikarm-ZT26J.png\",\"contentUrl\":\"https:\/\/oud.alplift.com\/wp-content\/uploads\/2021\/01\/Zoomlion-knikarm-ZT26J.png\",\"width\":1378,\"height\":864},{\"@type\":\"BreadcrumbList\",\"@id\":\"https:\/\/oud.alplift.com\/fr\/produit\/nacelle-telescopique-zt26j\/#breadcrumb\",\"itemListElement\":[{\"@type\":\"ListItem\",\"position\":1,\"name\":\"Home\",\"item\":\"https:\/\/oud.alplift.com\/fr\/\"},{\"@type\":\"ListItem\",\"position\":2,\"name\":\"Winkel\",\"item\":\"https:\/\/oud.alplift.com\/winkel\/\"},{\"@type\":\"ListItem\",\"position\":3,\"name\":\"Nacelle t\u00e9lescopique ZT26J\"}]},{\"@type\":\"WebSite\",\"@id\":\"https:\/\/oud.alplift.com\/fr\/#website\",\"url\":\"https:\/\/oud.alplift.com\/fr\/\",\"name\":\"Alp Lift\",\"description\":\"Lifting Equipment\",\"potentialAction\":[{\"@type\":\"SearchAction\",\"target\":{\"@type\":\"EntryPoint\",\"urlTemplate\":\"https:\/\/oud.alplift.com\/fr\/?s={search_term_string}\"},\"query-input\":{\"@type\":\"PropertyValueSpecification\",\"valueRequired\":true,\"valueName\":\"search_term_string\"}}],\"inLanguage\":\"fr-FR\"}]}<\/script>\n<!-- \/ Yoast SEO plugin. -->","yoast_head_json":{"title":"Nacelle t\u00e9lescopique ZT26J - Zoomlion | Alp Lift France","description":"Nacelle t\u00e9lescopique ZT26J de Zoomlion avec une plage de travail exceptionnellement large et une consommation d'\u00e9nergie efficace. Demandez un devis en ligne \u00e0 Alp Lift.","robots":{"index":"noindex","follow":"follow","max-snippet":"max-snippet:-1","max-image-preview":"max-image-preview:large","max-video-preview":"max-video-preview:-1"},"og_locale":"fr_FR","og_type":"article","og_title":"Nacelle t\u00e9lescopique ZT26J - Zoomlion | Alp Lift France","og_description":"Nacelle t\u00e9lescopique ZT26J de Zoomlion avec une plage de travail exceptionnellement large et une consommation d'\u00e9nergie efficace. Demandez un devis en ligne \u00e0 Alp Lift.","og_url":"https:\/\/oud.alplift.com\/fr\/produit\/nacelle-telescopique-zt26j\/","og_site_name":"Alp Lift","og_image":[{"width":1378,"height":864,"url":"https:\/\/oud.alplift.com\/wp-content\/uploads\/2021\/01\/Zoomlion-knikarm-ZT26J.png","type":"image\/png"}],"twitter_card":"summary_large_image","schema":{"@context":"https:\/\/schema.org","@graph":[{"@type":"WebPage","@id":"https:\/\/oud.alplift.com\/fr\/produit\/nacelle-telescopique-zt26j\/","url":"https:\/\/oud.alplift.com\/fr\/produit\/nacelle-telescopique-zt26j\/","name":"Nacelle t\u00e9lescopique ZT26J - Zoomlion | Alp Lift France","isPartOf":{"@id":"https:\/\/oud.alplift.com\/fr\/#website"},"primaryImageOfPage":{"@id":"https:\/\/oud.alplift.com\/fr\/produit\/nacelle-telescopique-zt26j\/#primaryimage"},"image":{"@id":"https:\/\/oud.alplift.com\/fr\/produit\/nacelle-telescopique-zt26j\/#primaryimage"},"thumbnailUrl":"https:\/\/oud.alplift.com\/wp-content\/uploads\/2021\/01\/Zoomlion-knikarm-ZT26J.png","datePublished":"2020-05-18T11:44:11+00:00","dateModified":"2020-05-18T11:44:11+00:00","description":"Nacelle t\u00e9lescopique ZT26J de Zoomlion avec une plage de travail exceptionnellement large et une consommation d'\u00e9nergie efficace. Demandez un devis en ligne \u00e0 Alp Lift.","breadcrumb":{"@id":"https:\/\/oud.alplift.com\/fr\/produit\/nacelle-telescopique-zt26j\/#breadcrumb"},"inLanguage":"fr-FR","potentialAction":[{"@type":"ReadAction","target":["https:\/\/oud.alplift.com\/fr\/produit\/nacelle-telescopique-zt26j\/"]}]},{"@type":"ImageObject","inLanguage":"fr-FR","@id":"https:\/\/oud.alplift.com\/fr\/produit\/nacelle-telescopique-zt26j\/#primaryimage","url":"https:\/\/oud.alplift.com\/wp-content\/uploads\/2021\/01\/Zoomlion-knikarm-ZT26J.png","contentUrl":"https:\/\/oud.alplift.com\/wp-content\/uploads\/2021\/01\/Zoomlion-knikarm-ZT26J.png","width":1378,"height":864},{"@type":"BreadcrumbList","@id":"https:\/\/oud.alplift.com\/fr\/produit\/nacelle-telescopique-zt26j\/#breadcrumb","itemListElement":[{"@type":"ListItem","position":1,"name":"Home","item":"https:\/\/oud.alplift.com\/fr\/"},{"@type":"ListItem","position":2,"name":"Winkel","item":"https:\/\/oud.alplift.com\/winkel\/"},{"@type":"ListItem","position":3,"name":"Nacelle t\u00e9lescopique ZT26J"}]},{"@type":"WebSite","@id":"https:\/\/oud.alplift.com\/fr\/#website","url":"https:\/\/oud.alplift.com\/fr\/","name":"Alp Lift","description":"Lifting Equipment","potentialAction":[{"@type":"SearchAction","target":{"@type":"EntryPoint","urlTemplate":"https:\/\/oud.alplift.com\/fr\/?s={search_term_string}"},"query-input":{"@type":"PropertyValueSpecification","valueRequired":true,"valueName":"search_term_string"}}],"inLanguage":"fr-FR"}]}},"_links":{"self":[{"href":"https:\/\/oud.alplift.com\/fr\/wp-json\/wp\/v2\/product\/5270","targetHints":{"allow":["GET"]}}],"collection":[{"href":"https:\/\/oud.alplift.com\/fr\/wp-json\/wp\/v2\/product"}],"about":[{"href":"https:\/\/oud.alplift.com\/fr\/wp-json\/wp\/v2\/types\/product"}],"replies":[{"embeddable":true,"href":"https:\/\/oud.alplift.com\/fr\/wp-json\/wp\/v2\/comments?post=5270"}],"wp:featuredmedia":[{"embeddable":true,"href":"https:\/\/oud.alplift.com\/fr\/wp-json\/wp\/v2\/media\/2668"}],"wp:attachment":[{"href":"https:\/\/oud.alplift.com\/fr\/wp-json\/wp\/v2\/media?parent=5270"}],"wp:term":[{"taxonomy":"product_cat","embeddable":true,"href":"https:\/\/oud.alplift.com\/fr\/wp-json\/wp\/v2\/product_cat?post=5270"},{"taxonomy":"product_tag","embeddable":true,"href":"https:\/\/oud.alplift.com\/fr\/wp-json\/wp\/v2\/product_tag?post=5270"}],"curies":[{"name":"wp","href":"https:\/\/api.w.org\/{rel}","templated":true}]}}