
{"id":4808,"date":"2021-10-26T12:59:24","date_gmt":"2021-10-26T10:59:25","guid":{"rendered":"https:\/\/oud.alplift.com\/?post_type=product&#038;p=4808"},"modified":"2021-10-28T12:44:05","modified_gmt":"2021-10-28T10:44:05","slug":"nacelle-articulee-za10rje-zoomlion","status":"publish","type":"product","link":"https:\/\/oud.alplift.com\/fr\/produit\/nacelle-articulee-za10rje-zoomlion\/","title":{"rendered":"Nacelle articul\u00e9e ZA10RJE &#8211; Zoomlion"},"content":{"rendered":"","protected":false},"excerpt":{"rendered":"<p>Le plus r\u00e9cent ajout \u00e0 Zoomlion est la nacelle articul\u00e9e ZA10RJE avec une hauteur de travail de 11,55 m\u00e8tres. Cette plateforme \u00e9l\u00e9vatrice a des dimensions compactes et offre une plus grande hauteur de travail et un temps de travail plus long que les produits comparables sur le march\u00e9. Avec un faible niveau sonore et z\u00e9ro \u00e9mission, cette plateforme a\u00e9rienne est id\u00e9ale pour les applications int\u00e9rieures. L&rsquo;excellent syst\u00e8me de gestion de l&rsquo;\u00e9nergie offre une dur\u00e9e de fonctionnement plus longue et prolonge la dur\u00e9e de vie des batteries. La plage de travail de cette nacelle \u00e9l\u00e9vatrice (horizontale et verticale) est exceptionnelle avec une pleine charge de la cage. Ce mod\u00e8le a un JIB avec une plate-forme rotative \u00e0 90\u00b0 et un rayon de braquage de presque 360\u00b0.<\/p>\n<p>En bref : des dimensions compactes, des pneus sans soudure, un faible bruit, z\u00e9ro \u00e9mission et une puissance \u00e9lev\u00e9e rendent le ZA10RJE id\u00e9al pour les applications int\u00e9rieures et ext\u00e9rieures.<\/p>\n<p><strong>Caract\u00e9ristiques:<\/strong><\/p>\n<ul>\n<li>Hauteur de travail : 11,55 mtr<\/li>\n<li>Hauteur de la plate-forme : 9,55 mtr<\/li>\n<li>Port\u00e9e horizontale : 6,25 mtr<\/li>\n<li>Capacit\u00e9 de levage : 230 kg<\/li>\n<li>Hauteur de transport : 1,98 mtr<\/li>\n<li>Longueur x largeur : 5,55 x 1,2 mtr<\/li>\n<li>Rotation JIB : 90\u02da<\/li>\n<li>Rotation de la plateforme : 90\u02da<\/li>\n<li>Poids: 6550 kg<\/li>\n<li>Power: 24x2V<\/li>\n<\/ul>\n","protected":false},"featured_media":4931,"comment_status":"closed","ping_status":"closed","template":"","meta":[],"product_cat":[162,154],"product_tag":[],"class_list":{"0":"post-4808","1":"product","2":"type-product","3":"status-publish","4":"has-post-thumbnail","6":"product_cat-nacelles-articulees","7":"product_cat-nacelles-elevatrice","8":"pa_hefcapaciteit-200-300-kg-fr","9":"pa_merk-zoomlion-fr","11":"first","12":"instock","13":"shipping-taxable","14":"product-type-simple"},"yoast_head":"<!-- This site is optimized with the Yoast SEO plugin v24.0 - https:\/\/yoast.com\/wordpress\/plugins\/seo\/ -->\n<title>Zoomlion - Nacelle articul\u00e9e ZA10JRE - nouveau \u00e0 Alp Lift<\/title>\n<meta name=\"description\" content=\"Nacelle articul\u00e9e compacte Zoomlion ZA10RJE avec une capacit\u00e9 \u00e9lev\u00e9e et une longue port\u00e9e - maintenant en vente chez Alp Lift. Demandez un devis en ligne.\" \/>\n<meta name=\"robots\" content=\"noindex, follow, max-snippet:-1, max-image-preview:large, max-video-preview:-1\" \/>\n<meta property=\"og:locale\" content=\"fr_FR\" \/>\n<meta property=\"og:type\" content=\"article\" \/>\n<meta property=\"og:title\" content=\"Zoomlion - Nacelle articul\u00e9e ZA10JRE - nouveau \u00e0 Alp Lift\" \/>\n<meta property=\"og:description\" content=\"Nacelle articul\u00e9e compacte Zoomlion ZA10RJE avec une capacit\u00e9 \u00e9lev\u00e9e et une longue port\u00e9e - maintenant en vente chez Alp Lift. Demandez un devis en ligne.\" \/>\n<meta property=\"og:url\" content=\"https:\/\/oud.alplift.com\/fr\/produit\/nacelle-articulee-za10rje-zoomlion\/\" \/>\n<meta property=\"og:site_name\" content=\"Alp Lift\" \/>\n<meta property=\"article:modified_time\" content=\"2021-10-28T10:44:05+00:00\" \/>\n<meta property=\"og:image\" content=\"https:\/\/oud.alplift.com\/wp-content\/uploads\/2021\/10\/Zoomlion-ZA10rje-op-hoogte.png\" \/>\n\t<meta property=\"og:image:width\" content=\"1920\" \/>\n\t<meta property=\"og:image:height\" content=\"1408\" \/>\n\t<meta property=\"og:image:type\" content=\"image\/png\" \/>\n<meta name=\"twitter:card\" content=\"summary_large_image\" \/>\n<script type=\"application\/ld+json\" class=\"yoast-schema-graph\">{\"@context\":\"https:\/\/schema.org\",\"@graph\":[{\"@type\":\"WebPage\",\"@id\":\"https:\/\/oud.alplift.com\/fr\/produit\/nacelle-articulee-za10rje-zoomlion\/\",\"url\":\"https:\/\/oud.alplift.com\/fr\/produit\/nacelle-articulee-za10rje-zoomlion\/\",\"name\":\"Zoomlion - Nacelle articul\u00e9e ZA10JRE - nouveau \u00e0 Alp Lift\",\"isPartOf\":{\"@id\":\"https:\/\/oud.alplift.com\/fr\/#website\"},\"primaryImageOfPage\":{\"@id\":\"https:\/\/oud.alplift.com\/fr\/produit\/nacelle-articulee-za10rje-zoomlion\/#primaryimage\"},\"image\":{\"@id\":\"https:\/\/oud.alplift.com\/fr\/produit\/nacelle-articulee-za10rje-zoomlion\/#primaryimage\"},\"thumbnailUrl\":\"https:\/\/oud.alplift.com\/wp-content\/uploads\/2021\/10\/Zoomlion-ZA10rje-op-hoogte.png\",\"datePublished\":\"2021-10-26T10:59:25+00:00\",\"dateModified\":\"2021-10-28T10:44:05+00:00\",\"description\":\"Nacelle articul\u00e9e compacte Zoomlion ZA10RJE avec une capacit\u00e9 \u00e9lev\u00e9e et une longue port\u00e9e - maintenant en vente chez Alp Lift. Demandez un devis en ligne.\",\"breadcrumb\":{\"@id\":\"https:\/\/oud.alplift.com\/fr\/produit\/nacelle-articulee-za10rje-zoomlion\/#breadcrumb\"},\"inLanguage\":\"fr-FR\",\"potentialAction\":[{\"@type\":\"ReadAction\",\"target\":[\"https:\/\/oud.alplift.com\/fr\/produit\/nacelle-articulee-za10rje-zoomlion\/\"]}]},{\"@type\":\"ImageObject\",\"inLanguage\":\"fr-FR\",\"@id\":\"https:\/\/oud.alplift.com\/fr\/produit\/nacelle-articulee-za10rje-zoomlion\/#primaryimage\",\"url\":\"https:\/\/oud.alplift.com\/wp-content\/uploads\/2021\/10\/Zoomlion-ZA10rje-op-hoogte.png\",\"contentUrl\":\"https:\/\/oud.alplift.com\/wp-content\/uploads\/2021\/10\/Zoomlion-ZA10rje-op-hoogte.png\",\"width\":1920,\"height\":1408},{\"@type\":\"BreadcrumbList\",\"@id\":\"https:\/\/oud.alplift.com\/fr\/produit\/nacelle-articulee-za10rje-zoomlion\/#breadcrumb\",\"itemListElement\":[{\"@type\":\"ListItem\",\"position\":1,\"name\":\"Home\",\"item\":\"https:\/\/oud.alplift.com\/fr\/\"},{\"@type\":\"ListItem\",\"position\":2,\"name\":\"Winkel\",\"item\":\"https:\/\/oud.alplift.com\/winkel\/\"},{\"@type\":\"ListItem\",\"position\":3,\"name\":\"Nacelle articul\u00e9e ZA10RJE &#8211; Zoomlion\"}]},{\"@type\":\"WebSite\",\"@id\":\"https:\/\/oud.alplift.com\/fr\/#website\",\"url\":\"https:\/\/oud.alplift.com\/fr\/\",\"name\":\"Alp Lift\",\"description\":\"Lifting Equipment\",\"potentialAction\":[{\"@type\":\"SearchAction\",\"target\":{\"@type\":\"EntryPoint\",\"urlTemplate\":\"https:\/\/oud.alplift.com\/fr\/?s={search_term_string}\"},\"query-input\":{\"@type\":\"PropertyValueSpecification\",\"valueRequired\":true,\"valueName\":\"search_term_string\"}}],\"inLanguage\":\"fr-FR\"}]}<\/script>\n<!-- \/ Yoast SEO plugin. -->","yoast_head_json":{"title":"Zoomlion - Nacelle articul\u00e9e ZA10JRE - nouveau \u00e0 Alp Lift","description":"Nacelle articul\u00e9e compacte Zoomlion ZA10RJE avec une capacit\u00e9 \u00e9lev\u00e9e et une longue port\u00e9e - maintenant en vente chez Alp Lift. Demandez un devis en ligne.","robots":{"index":"noindex","follow":"follow","max-snippet":"max-snippet:-1","max-image-preview":"max-image-preview:large","max-video-preview":"max-video-preview:-1"},"og_locale":"fr_FR","og_type":"article","og_title":"Zoomlion - Nacelle articul\u00e9e ZA10JRE - nouveau \u00e0 Alp Lift","og_description":"Nacelle articul\u00e9e compacte Zoomlion ZA10RJE avec une capacit\u00e9 \u00e9lev\u00e9e et une longue port\u00e9e - maintenant en vente chez Alp Lift. Demandez un devis en ligne.","og_url":"https:\/\/oud.alplift.com\/fr\/produit\/nacelle-articulee-za10rje-zoomlion\/","og_site_name":"Alp Lift","article_modified_time":"2021-10-28T10:44:05+00:00","og_image":[{"width":1920,"height":1408,"url":"https:\/\/oud.alplift.com\/wp-content\/uploads\/2021\/10\/Zoomlion-ZA10rje-op-hoogte.png","type":"image\/png"}],"twitter_card":"summary_large_image","schema":{"@context":"https:\/\/schema.org","@graph":[{"@type":"WebPage","@id":"https:\/\/oud.alplift.com\/fr\/produit\/nacelle-articulee-za10rje-zoomlion\/","url":"https:\/\/oud.alplift.com\/fr\/produit\/nacelle-articulee-za10rje-zoomlion\/","name":"Zoomlion - Nacelle articul\u00e9e ZA10JRE - nouveau \u00e0 Alp Lift","isPartOf":{"@id":"https:\/\/oud.alplift.com\/fr\/#website"},"primaryImageOfPage":{"@id":"https:\/\/oud.alplift.com\/fr\/produit\/nacelle-articulee-za10rje-zoomlion\/#primaryimage"},"image":{"@id":"https:\/\/oud.alplift.com\/fr\/produit\/nacelle-articulee-za10rje-zoomlion\/#primaryimage"},"thumbnailUrl":"https:\/\/oud.alplift.com\/wp-content\/uploads\/2021\/10\/Zoomlion-ZA10rje-op-hoogte.png","datePublished":"2021-10-26T10:59:25+00:00","dateModified":"2021-10-28T10:44:05+00:00","description":"Nacelle articul\u00e9e compacte Zoomlion ZA10RJE avec une capacit\u00e9 \u00e9lev\u00e9e et une longue port\u00e9e - maintenant en vente chez Alp Lift. Demandez un devis en ligne.","breadcrumb":{"@id":"https:\/\/oud.alplift.com\/fr\/produit\/nacelle-articulee-za10rje-zoomlion\/#breadcrumb"},"inLanguage":"fr-FR","potentialAction":[{"@type":"ReadAction","target":["https:\/\/oud.alplift.com\/fr\/produit\/nacelle-articulee-za10rje-zoomlion\/"]}]},{"@type":"ImageObject","inLanguage":"fr-FR","@id":"https:\/\/oud.alplift.com\/fr\/produit\/nacelle-articulee-za10rje-zoomlion\/#primaryimage","url":"https:\/\/oud.alplift.com\/wp-content\/uploads\/2021\/10\/Zoomlion-ZA10rje-op-hoogte.png","contentUrl":"https:\/\/oud.alplift.com\/wp-content\/uploads\/2021\/10\/Zoomlion-ZA10rje-op-hoogte.png","width":1920,"height":1408},{"@type":"BreadcrumbList","@id":"https:\/\/oud.alplift.com\/fr\/produit\/nacelle-articulee-za10rje-zoomlion\/#breadcrumb","itemListElement":[{"@type":"ListItem","position":1,"name":"Home","item":"https:\/\/oud.alplift.com\/fr\/"},{"@type":"ListItem","position":2,"name":"Winkel","item":"https:\/\/oud.alplift.com\/winkel\/"},{"@type":"ListItem","position":3,"name":"Nacelle articul\u00e9e ZA10RJE &#8211; Zoomlion"}]},{"@type":"WebSite","@id":"https:\/\/oud.alplift.com\/fr\/#website","url":"https:\/\/oud.alplift.com\/fr\/","name":"Alp Lift","description":"Lifting Equipment","potentialAction":[{"@type":"SearchAction","target":{"@type":"EntryPoint","urlTemplate":"https:\/\/oud.alplift.com\/fr\/?s={search_term_string}"},"query-input":{"@type":"PropertyValueSpecification","valueRequired":true,"valueName":"search_term_string"}}],"inLanguage":"fr-FR"}]}},"_links":{"self":[{"href":"https:\/\/oud.alplift.com\/fr\/wp-json\/wp\/v2\/product\/4808","targetHints":{"allow":["GET"]}}],"collection":[{"href":"https:\/\/oud.alplift.com\/fr\/wp-json\/wp\/v2\/product"}],"about":[{"href":"https:\/\/oud.alplift.com\/fr\/wp-json\/wp\/v2\/types\/product"}],"replies":[{"embeddable":true,"href":"https:\/\/oud.alplift.com\/fr\/wp-json\/wp\/v2\/comments?post=4808"}],"wp:featuredmedia":[{"embeddable":true,"href":"https:\/\/oud.alplift.com\/fr\/wp-json\/wp\/v2\/media\/4931"}],"wp:attachment":[{"href":"https:\/\/oud.alplift.com\/fr\/wp-json\/wp\/v2\/media?parent=4808"}],"wp:term":[{"taxonomy":"product_cat","embeddable":true,"href":"https:\/\/oud.alplift.com\/fr\/wp-json\/wp\/v2\/product_cat?post=4808"},{"taxonomy":"product_tag","embeddable":true,"href":"https:\/\/oud.alplift.com\/fr\/wp-json\/wp\/v2\/product_tag?post=4808"}],"curies":[{"name":"wp","href":"https:\/\/api.w.org\/{rel}","templated":true}]}}